{"id":3057,"date":"2025-09-16T08:56:10","date_gmt":"2025-09-16T08:56:10","guid":{"rendered":"https:\/\/chemsfine.com\/newsite\/?post_type=product&#038;p=3057"},"modified":"2025-09-30T05:34:03","modified_gmt":"2025-09-30T05:34:03","slug":"roxicodone-online-vasarlas","status":"publish","type":"product","link":"https:\/\/buy-prescriptionz.com\/hu\/term%c3%a9k\/roxicodone-online-vasarlas\/","title":{"rendered":"V\u00e1s\u00e1roljon Roxicodone online"},"content":{"rendered":"<h2>V\u00e1s\u00e1roljon Roxicodone online<\/h2>\n<p>V\u00e1s\u00e1roljon Roxicodone-t online. A Roxicodone egy v\u00e9nyk\u00f6teles gy\u00f3gyszer, amelyet s\u00falyos f\u00e1jdalomcsillap\u00edt\u00e1sra haszn\u00e1lnak. Ez egy el\u0151rehaladott felsz\u00edv\u00f3d\u00e1s\u00fa oxikodon m\u00e1rka, amely ak\u00e1r 12 \u00f3r\u00e1n \u00e1t is hat. A Roxicodone dinamikusan k\u00f6t\u0151 oxikodont tartalmaz, amely a szil\u00e1rd f\u00e1jdalomcsillap\u00edt\u00f3knak vagy \"f\u00e1jdalomcsillap\u00edt\u00f3knak\" nevezett gy\u00f3gyszerek csoportj\u00e1ba tartozik. Ennek megfelel\u0151en narkotikus gy\u00f3gyszer.<\/p>\n<h3>Roxicodone \u00e1ttekint\u00e9se: El\u0151ny\u00f6k \u00e9s v\u00e1s\u00e1rl\u00e1si \u00fatmutat\u00f3<\/h3>\n<p>A Roxicodone az oxikodon, egy er\u0151s opioid f\u00e1jdalomcsillap\u00edt\u00f3 gy\u00f3gyszer m\u00e1rkaneve. Els\u0151sorban k\u00f6zepes \u00e9s s\u00falyos f\u00e1jdalom kezel\u00e9s\u00e9re \u00edrj\u00e1k fel, k\u00fcl\u00f6n\u00f6sen akkor, ha m\u00e1s f\u00e1jdalomcsillap\u00edt\u00f3 m\u00f3dszerek nem hat\u00e1sosak. A Roxicodone az agy f\u00e1jdalom\u00e9rz\u00e9kel\u00e9s\u00e9nek megv\u00e1ltoztat\u00e1s\u00e1val fejti ki hat\u00e1s\u00e1t, jelent\u0151s enyh\u00fcl\u00e9st ny\u00fajtva a kr\u00f3nikus f\u00e1jdalomt\u00f3l, m\u0171t\u00e9t ut\u00e1ni f\u00e1jdalomt\u00f3l vagy s\u00falyos s\u00e9r\u00fcl\u00e9ssel \u00f6sszef\u00fcgg\u0151 f\u00e1jdalomt\u00f3l szenved\u0151 betegeknek. Gyors hat\u00e1skezdet\u00e9r\u0151l ismert, \u00edgy hat\u00e9konyan csillap\u00edtja a f\u00e1jdalmat. Hat\u00e9konys\u00e1ga \u00e9s a vissza\u00e9l\u00e9sek lehet\u0151s\u00e9ge miatt a Roxicodone-t csak szigor\u00fa orvosi fel\u00fcgyelet mellett szabad alkalmazni, \u00e9s jellemz\u0151en r\u00f6vid t\u00e1v\u00fa haszn\u00e1latra \u00edrj\u00e1k fel. Tov\u00e1bbi inform\u00e1ci\u00f3k\u00e9rt l\u00e1togasson el a buy-prescriptionz.com weboldalra.<\/p>\n<h4>A Roxicodone el\u0151nyei<\/h4>\n<ol>\n<li>Hat\u00e9kony f\u00e1jdalomcsillap\u00edt\u00e1s: A legjobb Roxicodone rendk\u00edv\u00fcl hat\u00e9kony a k\u00f6zepes \u00e9s s\u00falyos f\u00e1jdalom kezel\u00e9s\u00e9ben.<\/li>\n<li>Gyors hat\u00e1s: Gyorsan hat, gyors f\u00e1jdalomcsillap\u00edt\u00e1st biztos\u00edt.<\/li>\n<li>Javul\u00f3 \u00e9letmin\u0151s\u00e9g: A f\u00e1jdalom enyh\u00edt\u00e9s\u00e9vel a Roxicodone seg\u00edt jav\u00edtani a kr\u00f3nikus betegs\u00e9gben szenved\u0151k \u00e9letmin\u0151s\u00e9g\u00e9t.<\/li>\n<li>Sokoldal\u00fa felhaszn\u00e1l\u00e1s: K\u00fcl\u00f6nb\u00f6z\u0151 t\u00edpus\u00fa f\u00e1jdalmak eset\u00e9n alkalmazhat\u00f3, bele\u00e9rtve a m\u0171t\u00e9t ut\u00e1ni \u00e9s s\u00e9r\u00fcl\u00e9ssel kapcsolatos f\u00e1jdalmakat is.<\/li>\n<li>Rugalmas adagol\u00e1s: K\u00fcl\u00f6nb\u00f6z\u0151 er\u0151ss\u00e9gekben kaphat\u00f3, \u00edgy szem\u00e9lyre szabott f\u00e1jdalomcsillap\u00edt\u00e1st tesz lehet\u0151v\u00e9.<\/li>\n<\/ol>\n<h4>Roxicodone v\u00e1s\u00e1rl\u00e1sa online<\/h4>\n<p>A Roxicodone online v\u00e1s\u00e1rl\u00e1sa k\u00e9nyelmes lehet, h\u00e1zhozsz\u00e1ll\u00edt\u00e1st \u00e9s gyakran versenyk\u00e9pes \u00e1rakat k\u00edn\u00e1lva. Azonban kulcsfontoss\u00e1g\u00fa, hogy megb\u00edzhat\u00f3 forr\u00e1sb\u00f3l v\u00e1s\u00e1roljunk, hogy biztos\u00edtsuk a gy\u00f3gyszer biztons\u00e1goss\u00e1g\u00e1t \u00e9s eredetis\u00e9g\u00e9t. Tov\u00e1bbi inform\u00e1ci\u00f3k\u00e9rt \u00e9s a Roxicodone megv\u00e1s\u00e1rl\u00e1s\u00e1hoz h\u00edvja a legjobb gy\u00f3gyszert\u00e1rat - buy-prescriptionz.com.<\/p>\n<h3>Roxikodon adagol\u00e1s<\/h3>\n<p>V\u00e1s\u00e1roljon Roxicodone-t online. Ezt a gy\u00f3gyszert pontosan a h\u00e1ziorvosa \u00e1ltal el\u0151\u00edrt m\u00f3don szedje. Ezenk\u00edv\u00fcl gondosan olvassa el a gy\u00f3gyszer c\u00edmk\u00e9j\u00e9n tal\u00e1lhat\u00f3 utas\u00edt\u00e1sokat. H\u00e1ziorvosa fogja meghat\u00e1rozni az \u00d6nnek legmegfelel\u0151bb adagot. A Roxicodone adagj\u00e1t egy\u00e9nre kell szabni. A gy\u00f3gyszer szok\u00e1sos adagja f\u00e1jdalommal k\u00fczd\u0151 feln\u0151ttek sz\u00e1m\u00e1ra a k\u00f6vetkez\u0151:<\/p>\n<h3>Bevezet\u0151 adag:<\/h3>\n<p>A gyorsan felsz\u00edv\u00f3d\u00f3 tablett\u00e1k szok\u00e1sos kezd\u0151 adagja 4-6 \u00f3r\u00e1nk\u00e9nt 5-30 mg. Azoknak a betegeknek, akik kor\u00e1bban nem szedtek narkotikumokat, 4-6 \u00f3r\u00e1nk\u00e9nt 5-15 mg-mal kell kezdeni\u00fck. Hasonl\u00f3k\u00e9ppen, egyes betegeknek 30 mg-ra vagy ak\u00e1r \u00f3ram\u0171 pontoss\u00e1ggal gyorsabb adagra is sz\u00fcks\u00e9g\u00fck lehet.<\/p>\n<h3>Fenntart\u00f3 adag:<\/h3>\n<p>Azonnali felsz\u00edv\u00f3d\u00e1si szerkezet: 10 mg-t\u00f3l 30 mg-ig, \u00f3ram\u0171 pontoss\u00e1ggal. A tablett\u00e1k bev\u00e9telekor ne harapd \u00f6ssze, ne t\u00f6rd \u00f6ssze, ne v\u00e1laszd sz\u00e9t, ne por\u00edtsd sz\u00e9t \u00e9s ne por\u00edtsd sz\u00e9t \u0151ket, hanem eg\u00e9szben vedd be \u0151ket. A tablett\u00e1k elt\u00f6r\u00e9se, \u00fct\u00f6get\u00e9se vagy harap\u00e1sa a gy\u00f3gyszer gyors lenyel\u00e9s\u00e9t \u00e9s az oxikodon vesz\u00e9lyes szintj\u00e9t okozhatja.<\/p>\n<h3>Biztons\u00e1gi int\u00e9zked\u00e9sek<\/h3>\n<p>A Roxicodone szed\u00e9se el\u0151tt t\u00e1j\u00e9koztassa gy\u00f3gyszer\u00e9sz\u00e9t, ha t\u00fal\u00e9rz\u00e9keny r\u00e1; vagy m\u00e1s narkotikus f\u00e1jdalomcsillap\u00edt\u00f3kra (p\u00e9ld\u00e1ul oximorfonra); vagy ha b\u00e1rmilyen m\u00e1s \u00e9rz\u00e9kenys\u00e9ge van. Ez a term\u00e9k rejtett \u00f6sszetev\u0151ket tartalmazhat, amelyek allergi\u00e1s reakci\u00f3kat vagy egy\u00e9b probl\u00e9m\u00e1kat okozhatnak. Ezenk\u00edv\u00fcl tov\u00e1bbi r\u00e9szletek\u00e9rt besz\u00e9lhet gy\u00f3gyszer\u00e9sz\u00e9vel. A gy\u00f3gyszer alkalmaz\u00e1sa el\u0151tt t\u00e1j\u00e9koztassa h\u00e1ziorvos\u00e1t vagy gy\u00f3gyszer\u00e9sz\u00e9t a k\u00f3rt\u00f6rt\u00e9net\u00e9r\u0151l, k\u00fcl\u00f6n\u00f6sen a k\u00f6vetkez\u0151kr\u0151l: agyi probl\u00e9m\u00e1k, l\u00e9gz\u00e9si probl\u00e9m\u00e1k, szem\u00e9lyes vagy csal\u00e1di eredet\u0171 szerhaszn\u00e1lat, em\u00e9szt\u00e9si probl\u00e9m\u00e1k, nyel\u00e9si neh\u00e9zs\u00e9gek, vizel\u00e9si neh\u00e9zs\u00e9gek, valamint hasny\u00e1lmirigy-betegs\u00e9g.<\/p>\n<h3>T\u00fcnetek<\/h3>\n<p>A Roxicodone leggyakoribb reakci\u00f3i a sz\u00e9d\u00fcl\u00e9s, szed\u00e1ci\u00f3, h\u00e1nyinger, h\u00e1ny\u00e1s, fejf\u00e1j\u00e1s, ki\u00fct\u00e9s, sz\u00e9kreked\u00e9s, sz\u00e1jsz\u00e1razs\u00e1g \u00e9s izzad\u00e1s. Ezek mellett m\u00e1s reakci\u00f3k is el\u0151fordulhatnak: \u00e1jul\u00e1s, sz\u00edvroham, ki\u00fct\u00e9s, viszket\u00e9s, depresszi\u00f3, rendellenes pulzus. Ez a gy\u00f3gyszer l\u00e9gz\u00e9si neh\u00e9zs\u00e9get okozhat, ez\u00e9rt id\u0151s, legyeng\u00fclt betegekn\u00e9l \u00e9s s\u00falyos t\u00fcd\u0151betegs\u00e9gben szenved\u0151kn\u00e9l fokozott \u00f3vatoss\u00e1ggal kell alkalmazni. Ez a gy\u00f3gyszer korl\u00e1tozhatja az gondolkod\u00e1st \u00e9s a g\u00e9pj\u00e1rm\u0171vezet\u00e9shez vagy g\u00e9ppel val\u00f3 munkav\u00e9gz\u00e9shez sz\u00fcks\u00e9ges fizikai k\u00e9pess\u00e9geket is. A Roxicodone hajlamos\u00edt a gondolkod\u00e1sra. \u00cdgy ment\u00e1lis \u00e9s fizikai f\u00fcgg\u0151s\u00e9g l\u00e9phet fel, de val\u00f3sz\u00edn\u0171tlen, ha \u00e1tmeneti f\u00e1jdalomcsillap\u00edt\u00e1sra haszn\u00e1lj\u00e1k. Abban az esetben, ha ezt a gy\u00f3gyszert hosszan tart\u00f3 haszn\u00e1lat ut\u00e1n hirtelen visszavonj\u00e1k, elvon\u00e1si mell\u00e9khat\u00e1sok l\u00e9phetnek fel. Ez\u00e9rt az oxikodon adagj\u00e1t apr\u00e1nk\u00e9nt kell cs\u00f6kkenteni, hogy elker\u00fclj\u00fck az elvon\u00e1si t\u00fcneteket.<\/p>","protected":false},"excerpt":{"rendered":"<p>Buy Roxicodone Online Buy Roxicodone Online. Roxicodone is a prescription used to direct to extreme torment. It is a brand of planned discharge oxycodone that works for as long as 12 hours. Roxicodone contains the dynamic fixing oxycodone, which has a place with a gathering of meds called solid analgesics or &#8216;painkillers. Accordingly, it is [&hellip;]<\/p>","protected":false},"featured_media":3087,"comment_status":"open","ping_status":"closed","template":"","meta":{"site-sidebar-layout":"default","site-content-layout":"","ast-site-content-layout":"default","site-content-style":"default","site-sidebar-style":"default","ast-global-header-display":"","ast-banner-title-visibility":"","ast-main-header-display":"","ast-hfb-above-header-display":"","ast-hfb-below-header-display":"","ast-hfb-mobile-header-display":"","site-post-title":"","ast-breadcrumbs-content":"","ast-featured-img":"","footer-sml-layout":"","theme-transparent-header-meta":"default","adv-header-id-meta":"","stick-header-meta":"","header-above-stick-meta":"","header-main-stick-meta":"","header-below-stick-meta":"","astra-migrate-meta-layouts":"set","ast-page-background-enabled":"default","ast-page-background-meta":{"desktop":{"background-color":"var(--ast-global-color-4)","background-image":"","background-repeat":"repeat","background-position":"center center","background-size":"auto","background-attachment":"scroll","background-type":"","background-media":"","overlay-type":"","overlay-color":"","overlay-opacity":"","overlay-gradient":""},"tablet":{"background-color":"","background-image":"","background-repeat":"repeat","background-position":"center center","background-size":"auto","background-attachment":"scroll","background-type":"","background-media":"","overlay-type":"","overlay-color":"","overlay-opacity":"","overlay-gradient":""},"mobile":{"background-color":"","background-image":"","background-repeat":"repeat","background-position":"center center","background-size":"auto","background-attachment":"scroll","background-type":"","background-media":"","overlay-type":"","overlay-color":"","overlay-opacity":"","overlay-gradient":""}},"ast-content-background-meta":{"desktop":{"background-color":"var(--ast-global-color-5)","background-image":"","background-repeat":"repeat","background-position":"center center","background-size":"auto","background-attachment":"scroll","background-type":"","background-media":"","overlay-type":"","overlay-color":"","overlay-opacity":"","overlay-gradient":""},"tablet":{"background-color":"var(--ast-global-color-5)","background-image":"","background-repeat":"repeat","background-position":"center center","background-size":"auto","background-attachment":"scroll","background-type":"","background-media":"","overlay-type":"","overlay-color":"","overlay-opacity":"","overlay-gradient":""},"mobile":{"background-color":"var(--ast-global-color-5)","background-image":"","background-repeat":"repeat","background-position":"center center","background-size":"auto","background-attachment":"scroll","background-type":"","background-media":"","overlay-type":"","overlay-color":"","overlay-opacity":"","overlay-gradient":""}}},"product_brand":[],"product_cat":[2385],"product_tag":[1218,1219,1217,1212,1215,1214,1213,1216,1211,1210,1221,1220],"class_list":{"0":"post-3057","1":"product","2":"type-product","3":"status-publish","4":"has-post-thumbnail","6":"product_cat-buy-pain-killer-pills-online","7":"product_tag-buy-roxicodone-in-canada","8":"product_tag-buy-roxicodone-in-uk","9":"product_tag-buy-roxicodone-in-usa","10":"product_tag-buy-roxicodone-with-bitcoin","11":"product_tag-buy-roxicodone-with-credit-card","12":"product_tag-buy-roxicodone-with-money-gram","13":"product_tag-buy-roxicodone-with-western-union","14":"product_tag-buy-roxicodone-without-a-doctor","15":"product_tag-buy-roxicodone-without-prescription","16":"product_tag-roxicodone-for-sale","17":"product_tag-roxicodone-pills","18":"product_tag-roxicodone-tablets","19":"desktop-align-center","20":"tablet-align-left","21":"mobile-align-left","23":"first","24":"instock","25":"shipping-taxable","26":"purchasable","27":"product-type-variable","28":"has-default-attributes"},"yoast_head":"<!-- This site is optimized with the Yoast SEO plugin v25.9 - https:\/\/yoast.com\/wordpress\/plugins\/seo\/ -->\n<title>Buy Roxicodone Online - Roxicodone for Sale - Order Roxicodone<\/title>\n<meta name=\"description\" content=\"It is the best time to visit our online store and buy Roxicodone online. We have high-quality Roxicodone for sale here at most affordable price. Meet us online and place your order today.\" \/>\n<meta name=\"robots\" content=\"index, follow, max-snippet:-1, max-image-preview:large, max-video-preview:-1\" \/>\n<link rel=\"canonical\" href=\"https:\/\/buy-prescriptionz.com\/hu\/term\u00e9k\/roxicodone-online-vasarlas\/\" \/>\n<meta property=\"og:locale\" content=\"hu_HU\" \/>\n<meta property=\"og:type\" content=\"article\" \/>\n<meta property=\"og:title\" content=\"Buy Roxicodone Online - Roxicodone for Sale - Order Roxicodone\" \/>\n<meta property=\"og:description\" content=\"It is the best time to visit our online store and buy Roxicodone online. We have high-quality Roxicodone for sale here at most affordable price. Meet us online and place your order today.\" \/>\n<meta property=\"og:url\" content=\"https:\/\/buy-prescriptionz.com\/hu\/term\u00e9k\/roxicodone-online-vasarlas\/\" \/>\n<meta property=\"og:site_name\" content=\"Buy Prescriptionz\" \/>\n<meta property=\"article:modified_time\" content=\"2025-09-30T05:34:03+00:00\" \/>\n<meta property=\"og:image\" content=\"https:\/\/buy-prescriptionz.com\/wp-content\/uploads\/2025\/09\/roxicodone.jpg\" \/>\n\t<meta property=\"og:image:width\" content=\"400\" \/>\n\t<meta property=\"og:image:height\" content=\"300\" \/>\n\t<meta property=\"og:image:type\" content=\"image\/jpeg\" \/>\n<meta name=\"twitter:card\" content=\"summary_large_image\" \/>\n<meta name=\"twitter:label1\" content=\"Becs\u00fclt olvas\u00e1si id\u0151\" \/>\n\t<meta name=\"twitter:data1\" content=\"4 perc\" \/>\n<script type=\"application\/ld+json\" class=\"yoast-schema-graph\">{\"@context\":\"https:\/\/schema.org\",\"@graph\":[{\"@type\":\"WebPage\",\"@id\":\"https:\/\/buy-prescriptionz.com\/product\/buy-roxicodone-online\/\",\"url\":\"https:\/\/buy-prescriptionz.com\/product\/buy-roxicodone-online\/\",\"name\":\"Buy Roxicodone Online - Roxicodone for Sale - Order Roxicodone\",\"isPartOf\":{\"@id\":\"https:\/\/buy-prescriptionz.com\/#website\"},\"primaryImageOfPage\":{\"@id\":\"https:\/\/buy-prescriptionz.com\/product\/buy-roxicodone-online\/#primaryimage\"},\"image\":{\"@id\":\"https:\/\/buy-prescriptionz.com\/product\/buy-roxicodone-online\/#primaryimage\"},\"thumbnailUrl\":\"https:\/\/buy-prescriptionz.com\/wp-content\/uploads\/2025\/09\/roxicodone.jpg\",\"datePublished\":\"2025-09-16T08:56:10+00:00\",\"dateModified\":\"2025-09-30T05:34:03+00:00\",\"description\":\"It is the best time to visit our online store and buy Roxicodone online. We have high-quality Roxicodone for sale here at most affordable price. Meet us online and place your order today.\",\"breadcrumb\":{\"@id\":\"https:\/\/buy-prescriptionz.com\/product\/buy-roxicodone-online\/#breadcrumb\"},\"inLanguage\":\"hu\",\"potentialAction\":[{\"@type\":\"ReadAction\",\"target\":[\"https:\/\/buy-prescriptionz.com\/product\/buy-roxicodone-online\/\"]}]},{\"@type\":\"ImageObject\",\"inLanguage\":\"hu\",\"@id\":\"https:\/\/buy-prescriptionz.com\/product\/buy-roxicodone-online\/#primaryimage\",\"url\":\"https:\/\/buy-prescriptionz.com\/wp-content\/uploads\/2025\/09\/roxicodone.jpg\",\"contentUrl\":\"https:\/\/buy-prescriptionz.com\/wp-content\/uploads\/2025\/09\/roxicodone.jpg\",\"width\":400,\"height\":300},{\"@type\":\"BreadcrumbList\",\"@id\":\"https:\/\/buy-prescriptionz.com\/product\/buy-roxicodone-online\/#breadcrumb\",\"itemListElement\":[{\"@type\":\"ListItem\",\"position\":1,\"name\":\"Home\",\"item\":\"https:\/\/buy-prescriptionz.com\/\"},{\"@type\":\"ListItem\",\"position\":2,\"name\":\"Shop Painkillers Online\",\"item\":\"https:\/\/buy-prescriptionz.com\/shop-painkillers-online\/\"},{\"@type\":\"ListItem\",\"position\":3,\"name\":\"Buy Roxicodone Online\"}]},{\"@type\":\"WebSite\",\"@id\":\"https:\/\/buy-prescriptionz.com\/#website\",\"url\":\"https:\/\/buy-prescriptionz.com\/\",\"name\":\"Buy Prescriptionz\",\"description\":\"Drugs Online\",\"publisher\":{\"@id\":\"https:\/\/buy-prescriptionz.com\/#organization\"},\"potentialAction\":[{\"@type\":\"SearchAction\",\"target\":{\"@type\":\"EntryPoint\",\"urlTemplate\":\"https:\/\/buy-prescriptionz.com\/?s={search_term_string}\"},\"query-input\":{\"@type\":\"PropertyValueSpecification\",\"valueRequired\":true,\"valueName\":\"search_term_string\"}}],\"inLanguage\":\"hu\"},{\"@type\":\"Organization\",\"@id\":\"https:\/\/buy-prescriptionz.com\/#organization\",\"name\":\"Buy Prescriptionz\",\"url\":\"https:\/\/buy-prescriptionz.com\/\",\"logo\":{\"@type\":\"ImageObject\",\"inLanguage\":\"hu\",\"@id\":\"https:\/\/buy-prescriptionz.com\/#\/schema\/logo\/image\/\",\"url\":\"https:\/\/buy-prescriptionz.com\/wp-content\/uploads\/2023\/09\/logo.png\",\"contentUrl\":\"https:\/\/buy-prescriptionz.com\/wp-content\/uploads\/2023\/09\/logo.png\",\"width\":350,\"height\":64,\"caption\":\"Buy Prescriptionz\"},\"image\":{\"@id\":\"https:\/\/buy-prescriptionz.com\/#\/schema\/logo\/image\/\"}}]}<\/script>\n<!-- \/ Yoast SEO plugin. -->","yoast_head_json":{"title":"V\u00e1s\u00e1roljon Roxicodone-t online - Roxicodone elad\u00f3 - Rendeljen Roxicodone-t","description":"Itt a legjobb alkalom, hogy felkeresse online \u00e1ruh\u00e1zunkat \u00e9s online v\u00e1s\u00e1roljon Roxicodone-t. Kiv\u00e1l\u00f3 min\u0151s\u00e9g\u0171 Roxicodone-t k\u00edn\u00e1lunk a legkedvez\u0151bb \u00e1ron. Tal\u00e1lkozzon vel\u00fcnk online, \u00e9s adja le rendel\u00e9s\u00e9t m\u00e9g ma!","robots":{"index":"index","follow":"follow","max-snippet":"max-snippet:-1","max-image-preview":"max-image-preview:large","max-video-preview":"max-video-preview:-1"},"canonical":"https:\/\/buy-prescriptionz.com\/hu\/term\u00e9k\/roxicodone-online-vasarlas\/","og_locale":"hu_HU","og_type":"article","og_title":"Buy Roxicodone Online - Roxicodone for Sale - Order Roxicodone","og_description":"It is the best time to visit our online store and buy Roxicodone online. We have high-quality Roxicodone for sale here at most affordable price. Meet us online and place your order today.","og_url":"https:\/\/buy-prescriptionz.com\/hu\/term\u00e9k\/roxicodone-online-vasarlas\/","og_site_name":"Buy Prescriptionz","article_modified_time":"2025-09-30T05:34:03+00:00","og_image":[{"width":400,"height":300,"url":"https:\/\/buy-prescriptionz.com\/wp-content\/uploads\/2025\/09\/roxicodone.jpg","type":"image\/jpeg"}],"twitter_card":"summary_large_image","twitter_misc":{"Becs\u00fclt olvas\u00e1si id\u0151":"4 perc"},"schema":{"@context":"https:\/\/schema.org","@graph":[{"@type":"WebPage","@id":"https:\/\/buy-prescriptionz.com\/product\/buy-roxicodone-online\/","url":"https:\/\/buy-prescriptionz.com\/product\/buy-roxicodone-online\/","name":"V\u00e1s\u00e1roljon Roxicodone-t online - Roxicodone elad\u00f3 - Rendeljen Roxicodone-t","isPartOf":{"@id":"https:\/\/buy-prescriptionz.com\/#website"},"primaryImageOfPage":{"@id":"https:\/\/buy-prescriptionz.com\/product\/buy-roxicodone-online\/#primaryimage"},"image":{"@id":"https:\/\/buy-prescriptionz.com\/product\/buy-roxicodone-online\/#primaryimage"},"thumbnailUrl":"https:\/\/buy-prescriptionz.com\/wp-content\/uploads\/2025\/09\/roxicodone.jpg","datePublished":"2025-09-16T08:56:10+00:00","dateModified":"2025-09-30T05:34:03+00:00","description":"Itt a legjobb alkalom, hogy felkeresse online \u00e1ruh\u00e1zunkat \u00e9s online v\u00e1s\u00e1roljon Roxicodone-t. Kiv\u00e1l\u00f3 min\u0151s\u00e9g\u0171 Roxicodone-t k\u00edn\u00e1lunk a legkedvez\u0151bb \u00e1ron. Tal\u00e1lkozzon vel\u00fcnk online, \u00e9s adja le rendel\u00e9s\u00e9t m\u00e9g ma!","breadcrumb":{"@id":"https:\/\/buy-prescriptionz.com\/product\/buy-roxicodone-online\/#breadcrumb"},"inLanguage":"hu","potentialAction":[{"@type":"ReadAction","target":["https:\/\/buy-prescriptionz.com\/product\/buy-roxicodone-online\/"]}]},{"@type":"ImageObject","inLanguage":"hu","@id":"https:\/\/buy-prescriptionz.com\/product\/buy-roxicodone-online\/#primaryimage","url":"https:\/\/buy-prescriptionz.com\/wp-content\/uploads\/2025\/09\/roxicodone.jpg","contentUrl":"https:\/\/buy-prescriptionz.com\/wp-content\/uploads\/2025\/09\/roxicodone.jpg","width":400,"height":300},{"@type":"BreadcrumbList","@id":"https:\/\/buy-prescriptionz.com\/product\/buy-roxicodone-online\/#breadcrumb","itemListElement":[{"@type":"ListItem","position":1,"name":"Home","item":"https:\/\/buy-prescriptionz.com\/"},{"@type":"ListItem","position":2,"name":"Shop Painkillers Online","item":"https:\/\/buy-prescriptionz.com\/shop-painkillers-online\/"},{"@type":"ListItem","position":3,"name":"Buy Roxicodone Online"}]},{"@type":"WebSite","@id":"https:\/\/buy-prescriptionz.com\/#website","url":"https:\/\/buy-prescriptionz.com\/","name":"Buy Prescriptionz","description":"Online gy\u00f3gyszerek","publisher":{"@id":"https:\/\/buy-prescriptionz.com\/#organization"},"potentialAction":[{"@type":"SearchAction","target":{"@type":"EntryPoint","urlTemplate":"https:\/\/buy-prescriptionz.com\/?s={search_term_string}"},"query-input":{"@type":"PropertyValueSpecification","valueRequired":true,"valueName":"search_term_string"}}],"inLanguage":"hu"},{"@type":"Organization","@id":"https:\/\/buy-prescriptionz.com\/#organization","name":"Buy Prescriptionz","url":"https:\/\/buy-prescriptionz.com\/","logo":{"@type":"ImageObject","inLanguage":"hu","@id":"https:\/\/buy-prescriptionz.com\/#\/schema\/logo\/image\/","url":"https:\/\/buy-prescriptionz.com\/wp-content\/uploads\/2023\/09\/logo.png","contentUrl":"https:\/\/buy-prescriptionz.com\/wp-content\/uploads\/2023\/09\/logo.png","width":350,"height":64,"caption":"Buy Prescriptionz"},"image":{"@id":"https:\/\/buy-prescriptionz.com\/#\/schema\/logo\/image\/"}}]}},"_links":{"self":[{"href":"https:\/\/buy-prescriptionz.com\/hu\/wp-json\/wp\/v2\/product\/3057","targetHints":{"allow":["GET"]}}],"collection":[{"href":"https:\/\/buy-prescriptionz.com\/hu\/wp-json\/wp\/v2\/product"}],"about":[{"href":"https:\/\/buy-prescriptionz.com\/hu\/wp-json\/wp\/v2\/types\/product"}],"replies":[{"embeddable":true,"href":"https:\/\/buy-prescriptionz.com\/hu\/wp-json\/wp\/v2\/comments?post=3057"}],"wp:featuredmedia":[{"embeddable":true,"href":"https:\/\/buy-prescriptionz.com\/hu\/wp-json\/wp\/v2\/media\/3087"}],"wp:attachment":[{"href":"https:\/\/buy-prescriptionz.com\/hu\/wp-json\/wp\/v2\/media?parent=3057"}],"wp:term":[{"taxonomy":"product_brand","embeddable":true,"href":"https:\/\/buy-prescriptionz.com\/hu\/wp-json\/wp\/v2\/product_brand?post=3057"},{"taxonomy":"product_cat","embeddable":true,"href":"https:\/\/buy-prescriptionz.com\/hu\/wp-json\/wp\/v2\/product_cat?post=3057"},{"taxonomy":"product_tag","embeddable":true,"href":"https:\/\/buy-prescriptionz.com\/hu\/wp-json\/wp\/v2\/product_tag?post=3057"}],"curies":[{"name":"wp","href":"https:\/\/api.w.org\/{rel}","templated":true}]}}