{"id":3058,"date":"2025-09-16T08:56:10","date_gmt":"2025-09-16T08:56:10","guid":{"rendered":"https:\/\/chemsfine.com\/newsite\/?post_type=product&#038;p=3058"},"modified":"2025-09-25T12:45:43","modified_gmt":"2025-09-25T12:45:43","slug":"ritalin-online-vasarlas","status":"publish","type":"product","link":"https:\/\/buy-prescriptionz.com\/hu\/term%c3%a9k\/ritalin-online-vasarlas\/","title":{"rendered":"V\u00e1s\u00e1roljon Ritalin online"},"content":{"rendered":"<h2>V\u00e1s\u00e1roljon Ritalin online<\/h2>\n<h3>V\u00e1s\u00e1rl\u00e1s Ritalin Online v\u00e9ny n\u00e9lk\u00fcl<\/h3>\n<p>V\u00e1s\u00e1rl\u00e1s<a href=\"https:\/\/buy-prescriptionz.com\/hu\/\"> Ritalin<\/a> Online v\u00e9ny n\u00e9lk\u00fcl. Kezdj\u00fck azzal, hogy a Ritalin (metilfenid\u00e1t) egy fok\u00e1lis \u00e9rz\u00e9kszervi rendszer stimul\u00e1ns. Tov\u00e1bb\u00e1, Ez befoly\u00e1solja a szintetikusok az elme \u00e9s az idegek, hogy adjunk hozz\u00e1 a hiperaktivit\u00e1s \u00e9s a meghajt\u00f3 ellen\u0151rz\u00e9s. Tov\u00e1bb\u00e1 olyan hat\u00e1sokat hoz l\u00e9tre, mint az \u00e9lesl\u00e1t\u00e1s kiterjeszt\u00e9se vagy gondoz\u00e1sa, a kimer\u00fclts\u00e9g elleni k\u00fczdelem \u00e9s a figyelem jav\u00edt\u00e1sa. Hasonl\u00f3k\u00e9ppen, a metaanal\u00edzisek \u00e9s a vonz\u00f3 visszhang k\u00e9palkot\u00f3 vizsg\u00e1latok m\u00f3dszertani ellen\u0151rz\u00e9sei azt javasolj\u00e1k, hogy az ADHD stimul\u00e1nsokkal (kifejezetten az amfetamin \u00e9s a metilfenid\u00e1t) v\u00e9gzett hossz\u00fa t\u00e1v\u00fa kezel\u00e9s cs\u00f6kkenti a norm\u00e1t\u00f3l val\u00f3 elt\u00e9r\u00e9seket az elme szerkezet\u00e9ben \u00e9s az ADHD-ban szenved\u0151 egy\u00e9nekn\u00e9l tal\u00e1lt kapacit\u00e1sban. A klinikai stimul\u00e1ns-kutat\u00e1sok ellen\u0151rz\u00e9sei is al\u00e1t\u00e1masztott\u00e1k az ADHD-stimul\u00e1nsok hossz\u00fa t\u00e1v\u00fa alkalmaz\u00e1s\u00e1nak biztons\u00e1g\u00e1t \u00e9s megfelel\u0151s\u00e9g\u00e9t az ADHD-s emberek eset\u00e9ben. Ett\u0151l f\u00fcggetlen\u00fcl a metilfenid\u00e1t-kezel\u00e9s \u00e1ltal az ADHD-jelz\u00e9sek \u00e9s a szem\u00e9lyes el\u00e9gedetts\u00e9g ter\u00e9n el\u00e9rt javul\u00e1sok pontos nagys\u00e1ga tov\u00e1bbra is bizonytalan. V\u00e9g\u00fcl, V\u00e1s\u00e1rl\u00e1s Ritalin online megold\u00e1s n\u00e9lk\u00fcl a Butterfly Gy\u00f3gyszer\u00fczlet.<\/p>\n<h3>Foglalkoztat\u00e1sok<\/h3>\n<p>Ritalin haszn\u00e1lj\u00e1k kezel\u00e9s\u00e9re a koncentr\u00e1ci\u00f3s k\u00e9pess\u00e9g hi\u00e1nya k\u00f6vetkezetesen k\u00e9rd\u00e9s (ADD), megfontol\u00e1s hi\u00e1nya hiperaktivit\u00e1s k\u00e9rd\u00e9s (ADHD), \u00e9s a narkolepszia.<\/p>\n<h3>Hol lehet Ritalint online kapni<\/h3>\n<p>Hol kaphat Ritalin Online; kaphat Ritalin Online a Buyprescriptionz. K\u00e9rjen Ritalin Online a Buyprescriptionz-t\u0151l, egyszer\u0171en l\u00e9pjen be online \u00fczlet\u00fcnkbe oldalunkon, \u00e9s tegye a Ritalin-t a kosar\u00e1ba. Mindenesetre, Amikor tartalmazza azt a sz\u00e1ll\u00edt\u00e1si teheraut\u00f3, \u00e9s ut\u00e1na, akkor tov\u00e1bbra is n\u00e9zni, \u00e9s emellett gy\u0151z\u0151dj\u00f6n meg r\u00f3la, hogy t\u00f6ltse ki a sz\u00e1ll\u00edt\u00e1si adatokat hib\u00e1k n\u00e9lk\u00fcl. Tov\u00e1bb\u00e1, mi is van egyszer\u0171 telep\u00edt\u00e9si technik\u00e1k, hogy egyszer\u0171bb\u00e9 tegye a betegek sz\u00e1m\u00e1ra. Ezen t\u00falmen\u0151en, V\u00e1s\u00e1rl\u00e1s Ritalin Online a mi Online \u00e1ruh\u00e1z \u00e9s haszn\u00e1lja a legk\u00f6nnyebb telep\u00edt\u00e9si technik\u00e1k \u00e9s tov\u00e1bb\u00e1 gyors \u00e9s diszkr\u00e9t sz\u00e1ll\u00edt\u00e1s. A t\u00e9ma, hogy hol lehet Ritalin kapni, csak most foglalkozott.<\/p>\n<h3>Ritalin online v\u00e1s\u00e1rl\u00e1sa: El\u0151ny\u00f6k \u00e9s mell\u00e9khat\u00e1sok<\/h3>\n<ol>\n<li>Fokozott koncentr\u00e1ci\u00f3: A Ritalin seg\u00edt a koncentr\u00e1ci\u00f3 \u00e9s a f\u00f3kusz fokoz\u00e1s\u00e1ban, ami k\u00fcl\u00f6n\u00f6sen el\u0151ny\u00f6s az ADHD-val \u00e9l\u0151k sz\u00e1m\u00e1ra.<\/li>\n<li>Fokozott kognit\u00edv funkci\u00f3k: Jav\u00edthatja a kognit\u00edv funkci\u00f3kat, p\u00e9ld\u00e1ul a mem\u00f3ri\u00e1t \u00e9s a tanul\u00e1si k\u00e9pess\u00e9get.<\/li>\n<li>Hangulatstabiliz\u00e1l\u00e1s: A Ritalin seg\u00edthet stabiliz\u00e1lni a hangulatingadoz\u00e1sokat, \u00edgy a napi feladatok k\u00f6nnyebben kezelhet\u0151k.<\/li>\n<li>Fokozott termel\u00e9kenys\u00e9g: Az ADHD t\u00fcneteinek cs\u00f6kkent\u00e9s\u00e9vel a Ritalin seg\u00edt a felhaszn\u00e1l\u00f3knak produkt\u00edvabb\u00e1 v\u00e1lni munk\u00e1jukban vagy tanulm\u00e1nyaikban.<\/li>\n<li>K\u00e9nyelem: A Ritalin online v\u00e1s\u00e1rl\u00e1sa k\u00e9nyelmes lehet, id\u0151t takar\u00edthat meg, \u00e9s h\u00e1zhozsz\u00e1ll\u00edt\u00e1st is k\u00edn\u00e1l.<\/li>\n<\/ol>\n<p>A Ritalin online v\u00e1s\u00e1rl\u00e1sa k\u00e9nyelmet \u00e9s adatv\u00e9delmet k\u00edn\u00e1l. Lehet\u0151v\u00e9 teszi az egy\u00e9nek sz\u00e1m\u00e1ra, hogy gy\u00f3gyszereikhez an\u00e9lk\u00fcl f\u00e9rjenek hozz\u00e1, hogy szem\u00e9lyesen el kellene menni\u00fck a gy\u00f3gyszert\u00e1rba. Az online gy\u00f3gyszert\u00e1rak gyakran r\u00e9szletes inform\u00e1ci\u00f3kat ny\u00fajtanak a gy\u00f3gyszerr\u0151l, seg\u00edtve a felhaszn\u00e1l\u00f3kat a megalapozott d\u00f6nt\u00e9sek meghozatal\u00e1ban. Azonban kulcsfontoss\u00e1g\u00fa annak biztos\u00edt\u00e1sa, hogy az online forr\u00e1s megb\u00edzhat\u00f3 legyen, \u00e9s receptre legyen sz\u00fcks\u00e9g, mivel ez seg\u00edt garant\u00e1lni a gy\u00f3gyszer hiteless\u00e9g\u00e9t \u00e9s biztons\u00e1goss\u00e1g\u00e1t.<\/p>\n<h4>A Ritalin mell\u00e9khat\u00e1sai<\/h4>\n<ol>\n<li>\u00c1lmatlans\u00e1g: Az elalv\u00e1si vagy alv\u00e1sban marad\u00e1si neh\u00e9zs\u00e9g gyakori mell\u00e9khat\u00e1s.<\/li>\n<li>\u00c9tv\u00e1gytalans\u00e1g: A Ritalin cs\u00f6kkentheti az \u00e9tv\u00e1gyat, ami fogy\u00e1shoz vezethet.<\/li>\n<\/ol>\n<p>A Ritalin jelent\u0151s el\u0151ny\u00f6kkel j\u00e1r az ADHD-ban szenved\u0151k sz\u00e1m\u00e1ra, fokozza a koncentr\u00e1ci\u00f3t \u00e9s a termel\u00e9kenys\u00e9get. Ugyanakkor mell\u00e9khat\u00e1sokat, p\u00e9ld\u00e1ul \u00e1lmatlans\u00e1got \u00e9s \u00e9tv\u00e1gytalans\u00e1got okozhat. Mindig megb\u00edzhat\u00f3 forr\u00e1sb\u00f3l v\u00e1s\u00e1roljon. Tov\u00e1bbi inform\u00e1ci\u00f3k\u00e9rt l\u00e1togasson el a best pharmacy store buy-prescriptionz.com weboldalra.<\/p>\n<h3>V\u00e1s\u00e1rl\u00e1s Ritalin (mell\u00e9khat\u00e1sok)<\/h3>\n<p>V\u00e1s\u00e1rl\u00e1s Ritalin a Buyprescriptionz a figyelemhi\u00e1nyos hiperaktivit\u00e1s zavar kezel\u00e9s\u00e9re a CNS: hiperaktivit\u00e1s, alv\u00e1szavar, buzg\u00f3s\u00e1g, remeg\u00e9s, nyugtalan\u00edt\u00f3 t\u00e1rsadalmi hat\u00e1sok, zavarts\u00e1g, fant\u00e1zi\u00e1k, agyi f\u00e1jdalom, crabbiness, \u0151r\u00fclet, gondolat k\u00e9rd\u00e9s.<\/p>\n<h3>M\u00e9r\u00e9s \u00e9s adminisztr\u00e1ci\u00f3<\/h3>\n<p>V\u00e1s\u00e1rl\u00e1s Ritalin Online a mi Online Medical Shop \u00e9s folytassa a m\u00e9r\u00e9s \u00e9s a szervezet adott itt . Szervez\u00e9se D\u00f3zis Ritalin LA\u00ae (metilfenid\u00e1t-hidroklorid) kib\u0151v\u00edtett mentes\u00edt\u00e9si esetekben a sz\u00f3beli szervezet egyszer naponta egyszer a nap els\u0151 r\u00e9sz\u00e9ben a nap.<\/p>\n<p>Ritalin LA, valamint az anyaguk nem kellene squash, harapni, vagy elv\u00e1lasztani. Tov\u00e1bb\u00e1, a tart\u00e1lyokat \u00f3vatosan fel lehet nyitni, \u00e9s a g\u00f6mb\u00f6csk\u00e9ket egy kan\u00e1l gy\u00fcm\u00f6lcsp\u00fcr\u00e9vel megsz\u00f3rni.<\/p>\n<p>Tov\u00e1bb\u00e1 a gy\u00fcm\u00f6lcsp\u00fcr\u00e9nek nem szabad melegnek lennie, mert ez befoly\u00e1solhatja a terv kiigaz\u00edtott kis\u00fcl\u00e9si tulajdons\u00e1gait. A gy\u00f3gyszer \u00e9s a gy\u00fcm\u00f6lcsp\u00fcr\u00e9 kever\u00e9k\u00e9nek azonnal teljesen el kell fogynia. A gy\u00f3gyszert \u00e9s a gy\u00fcm\u00f6lcsp\u00fcr\u00e9 kever\u00e9k\u00e9t nem szabad t\u00e1rolni valamikor k\u00e9s\u0151bb. A betegeket arra kell \u00f6szt\u00f6n\u00f6zni, hogy tartsanak strat\u00e9giai t\u00e1vols\u00e1got a k\u00f6vetkez\u0151kt\u0151l<\/p>\n<h3>ELLENJAVALLATOK<\/h3>\n<p>Megrend\u00edt\u0151: A Ritalin LA (metilfenid\u00e1t-hidroklorid) kib\u0151v\u00edtett \u00fcr\u00edt\u00e9si tart\u00e1lyok ellenjavallt a b\u00e9lyegzett nyugtalans\u00e1g, nyom\u00e1s \u00e9s zavar, mivel a gy\u00f3gyszer s\u00falyosb\u00edthatja ezeket a jeleket.<\/p>\n<p>Glauk\u00f3ma: Glauk\u00f3m\u00e1s betegekn\u00e9l ellenjavallt.<\/p>\n<p>Tic : Ellenjavallt olyan betegekn\u00e9l, akiknek motoros tic-je van, vagy akikn\u00e9l a csal\u00e1dban Tourette-rendelleness\u00e9gre utal\u00f3 el\u0151zm\u00e9nyek vagy k\u00f6vetkeztet\u00e9sek vannak.<\/p>","protected":false},"excerpt":{"rendered":"<p>Buy Ritalin Online Purchase Ritalin Online Without Prescription Purchase Ritalin Online Without Prescription. To start, Ritalin (methylphenidate) is a focal sensory system stimulant. Also, It influences synthetics in mind and nerves that add to hyperactivity and drive control. Further, It creates such impacts as expanding or looking after sharpness, battling exhaustion, and improving attention.\u200c Likewise, [&hellip;]<\/p>","protected":false},"featured_media":3088,"comment_status":"open","ping_status":"closed","template":"","meta":{"site-sidebar-layout":"default","site-content-layout":"","ast-site-content-layout":"default","site-content-style":"default","site-sidebar-style":"default","ast-global-header-display":"","ast-banner-title-visibility":"","ast-main-header-display":"","ast-hfb-above-header-display":"","ast-hfb-below-header-display":"","ast-hfb-mobile-header-display":"","site-post-title":"","ast-breadcrumbs-content":"","ast-featured-img":"","footer-sml-layout":"","theme-transparent-header-meta":"default","adv-header-id-meta":"","stick-header-meta":"","header-above-stick-meta":"","header-main-stick-meta":"","header-below-stick-meta":"","astra-migrate-meta-layouts":"set","ast-page-background-enabled":"default","ast-page-background-meta":{"desktop":{"background-color":"var(--ast-global-color-4)","background-image":"","background-repeat":"repeat","background-position":"center center","background-size":"auto","background-attachment":"scroll","background-type":"","background-media":"","overlay-type":"","overlay-color":"","overlay-opacity":"","overlay-gradient":""},"tablet":{"background-color":"","background-image":"","background-repeat":"repeat","background-position":"center center","background-size":"auto","background-attachment":"scroll","background-type":"","background-media":"","overlay-type":"","overlay-color":"","overlay-opacity":"","overlay-gradient":""},"mobile":{"background-color":"","background-image":"","background-repeat":"repeat","background-position":"center center","background-size":"auto","background-attachment":"scroll","background-type":"","background-media":"","overlay-type":"","overlay-color":"","overlay-opacity":"","overlay-gradient":""}},"ast-content-background-meta":{"desktop":{"background-color":"var(--ast-global-color-5)","background-image":"","background-repeat":"repeat","background-position":"center center","background-size":"auto","background-attachment":"scroll","background-type":"","background-media":"","overlay-type":"","overlay-color":"","overlay-opacity":"","overlay-gradient":""},"tablet":{"background-color":"var(--ast-global-color-5)","background-image":"","background-repeat":"repeat","background-position":"center center","background-size":"auto","background-attachment":"scroll","background-type":"","background-media":"","overlay-type":"","overlay-color":"","overlay-opacity":"","overlay-gradient":""},"mobile":{"background-color":"var(--ast-global-color-5)","background-image":"","background-repeat":"repeat","background-position":"center center","background-size":"auto","background-attachment":"scroll","background-type":"","background-media":"","overlay-type":"","overlay-color":"","overlay-opacity":"","overlay-gradient":""}}},"product_brand":[],"product_cat":[2385],"product_tag":[1242,1243,1241,1236,1239,1238,1237,1240,1235,1234,1245,1244],"class_list":{"0":"post-3058","1":"product","2":"type-product","3":"status-publish","4":"has-post-thumbnail","6":"product_cat-buy-pain-killer-pills-online","7":"product_tag-buy-ritalin-in-canada","8":"product_tag-buy-ritalin-in-uk","9":"product_tag-buy-ritalin-in-usa","10":"product_tag-buy-ritalin-with-bitcoin","11":"product_tag-buy-ritalin-with-credit-card","12":"product_tag-buy-ritalin-with-money-gram","13":"product_tag-buy-ritalin-with-western-union","14":"product_tag-buy-ritalin-without-a-doctor","15":"product_tag-buy-ritalin-without-prescription","16":"product_tag-ritalin-for-sale","17":"product_tag-ritalin-pills","18":"product_tag-ritalin-tablets","19":"desktop-align-center","20":"tablet-align-left","21":"mobile-align-left","23":"first","24":"instock","25":"shipping-taxable","26":"purchasable","27":"product-type-variable","28":"has-default-attributes"},"yoast_head":"<!-- This site is optimized with the Yoast SEO plugin v25.9 - https:\/\/yoast.com\/wordpress\/plugins\/seo\/ -->\n<title>Buy Ritalin Online for Sale @ Best Price - Buy Ritalin 10mg Online<\/title>\n<meta name=\"description\" content=\"Buy Ritalin Online, buy Ritalin (Methylphenidate) 10mg online without any prescription, If this is the question where to buy Ritalin online\" \/>\n<meta name=\"robots\" content=\"index, follow, max-snippet:-1, max-image-preview:large, max-video-preview:-1\" \/>\n<link rel=\"canonical\" href=\"https:\/\/buy-prescriptionz.com\/hu\/term\u00e9k\/ritalin-online-vasarlas\/\" \/>\n<meta property=\"og:locale\" content=\"hu_HU\" \/>\n<meta property=\"og:type\" content=\"article\" \/>\n<meta property=\"og:title\" content=\"Buy Ritalin Online for Sale @ Best Price - Buy Ritalin 10mg Online\" \/>\n<meta property=\"og:description\" content=\"Buy Ritalin Online, buy Ritalin (Methylphenidate) 10mg online without any prescription, If this is the question where to buy Ritalin online\" \/>\n<meta property=\"og:url\" content=\"https:\/\/buy-prescriptionz.com\/hu\/term\u00e9k\/ritalin-online-vasarlas\/\" \/>\n<meta property=\"og:site_name\" content=\"Buy Prescriptionz\" \/>\n<meta property=\"article:modified_time\" content=\"2025-09-25T12:45:43+00:00\" \/>\n<meta property=\"og:image\" content=\"https:\/\/buy-prescriptionz.com\/wp-content\/uploads\/2025\/09\/ritalin.jpg\" \/>\n\t<meta property=\"og:image:width\" content=\"400\" \/>\n\t<meta property=\"og:image:height\" content=\"300\" \/>\n\t<meta property=\"og:image:type\" content=\"image\/jpeg\" \/>\n<meta name=\"twitter:card\" content=\"summary_large_image\" \/>\n<meta name=\"twitter:label1\" content=\"Becs\u00fclt olvas\u00e1si id\u0151\" \/>\n\t<meta name=\"twitter:data1\" content=\"4 perc\" \/>\n<script type=\"application\/ld+json\" class=\"yoast-schema-graph\">{\"@context\":\"https:\/\/schema.org\",\"@graph\":[{\"@type\":\"WebPage\",\"@id\":\"https:\/\/buy-prescriptionz.com\/product\/buy-ritalin-online\/\",\"url\":\"https:\/\/buy-prescriptionz.com\/product\/buy-ritalin-online\/\",\"name\":\"Buy Ritalin Online for Sale @ Best Price - Buy Ritalin 10mg Online\",\"isPartOf\":{\"@id\":\"https:\/\/buy-prescriptionz.com\/#website\"},\"primaryImageOfPage\":{\"@id\":\"https:\/\/buy-prescriptionz.com\/product\/buy-ritalin-online\/#primaryimage\"},\"image\":{\"@id\":\"https:\/\/buy-prescriptionz.com\/product\/buy-ritalin-online\/#primaryimage\"},\"thumbnailUrl\":\"https:\/\/buy-prescriptionz.com\/wp-content\/uploads\/2025\/09\/ritalin.jpg\",\"datePublished\":\"2025-09-16T08:56:10+00:00\",\"dateModified\":\"2025-09-25T12:45:43+00:00\",\"description\":\"Buy Ritalin Online, buy Ritalin (Methylphenidate) 10mg online without any prescription, If this is the question where to buy Ritalin online\",\"breadcrumb\":{\"@id\":\"https:\/\/buy-prescriptionz.com\/product\/buy-ritalin-online\/#breadcrumb\"},\"inLanguage\":\"hu\",\"potentialAction\":[{\"@type\":\"ReadAction\",\"target\":[\"https:\/\/buy-prescriptionz.com\/product\/buy-ritalin-online\/\"]}]},{\"@type\":\"ImageObject\",\"inLanguage\":\"hu\",\"@id\":\"https:\/\/buy-prescriptionz.com\/product\/buy-ritalin-online\/#primaryimage\",\"url\":\"https:\/\/buy-prescriptionz.com\/wp-content\/uploads\/2025\/09\/ritalin.jpg\",\"contentUrl\":\"https:\/\/buy-prescriptionz.com\/wp-content\/uploads\/2025\/09\/ritalin.jpg\",\"width\":400,\"height\":300},{\"@type\":\"BreadcrumbList\",\"@id\":\"https:\/\/buy-prescriptionz.com\/product\/buy-ritalin-online\/#breadcrumb\",\"itemListElement\":[{\"@type\":\"ListItem\",\"position\":1,\"name\":\"Home\",\"item\":\"https:\/\/buy-prescriptionz.com\/\"},{\"@type\":\"ListItem\",\"position\":2,\"name\":\"Shop Painkillers Online\",\"item\":\"https:\/\/buy-prescriptionz.com\/shop-painkillers-online\/\"},{\"@type\":\"ListItem\",\"position\":3,\"name\":\"Buy Ritalin Online\"}]},{\"@type\":\"WebSite\",\"@id\":\"https:\/\/buy-prescriptionz.com\/#website\",\"url\":\"https:\/\/buy-prescriptionz.com\/\",\"name\":\"Buy Prescriptionz\",\"description\":\"Drugs Online\",\"publisher\":{\"@id\":\"https:\/\/buy-prescriptionz.com\/#organization\"},\"potentialAction\":[{\"@type\":\"SearchAction\",\"target\":{\"@type\":\"EntryPoint\",\"urlTemplate\":\"https:\/\/buy-prescriptionz.com\/?s={search_term_string}\"},\"query-input\":{\"@type\":\"PropertyValueSpecification\",\"valueRequired\":true,\"valueName\":\"search_term_string\"}}],\"inLanguage\":\"hu\"},{\"@type\":\"Organization\",\"@id\":\"https:\/\/buy-prescriptionz.com\/#organization\",\"name\":\"Buy Prescriptionz\",\"url\":\"https:\/\/buy-prescriptionz.com\/\",\"logo\":{\"@type\":\"ImageObject\",\"inLanguage\":\"hu\",\"@id\":\"https:\/\/buy-prescriptionz.com\/#\/schema\/logo\/image\/\",\"url\":\"https:\/\/buy-prescriptionz.com\/wp-content\/uploads\/2023\/09\/logo.png\",\"contentUrl\":\"https:\/\/buy-prescriptionz.com\/wp-content\/uploads\/2023\/09\/logo.png\",\"width\":350,\"height\":64,\"caption\":\"Buy Prescriptionz\"},\"image\":{\"@id\":\"https:\/\/buy-prescriptionz.com\/#\/schema\/logo\/image\/\"}}]}<\/script>\n<!-- \/ Yoast SEO plugin. -->","yoast_head_json":{"title":"V\u00e1s\u00e1rl\u00e1s Ritalin Online elad\u00f3 @ Legjobb \u00e1r - V\u00e1s\u00e1rl\u00e1s Ritalin 10mg Online","description":"V\u00e1s\u00e1rl\u00e1s Ritalin Online, v\u00e1s\u00e1rl\u00e1s Ritalin (metilfenid\u00e1t) 10mg online v\u00e9ny n\u00e9lk\u00fcl, Ha ez a k\u00e9rd\u00e9s, hol lehet v\u00e1s\u00e1rolni Ritalin online","robots":{"index":"index","follow":"follow","max-snippet":"max-snippet:-1","max-image-preview":"max-image-preview:large","max-video-preview":"max-video-preview:-1"},"canonical":"https:\/\/buy-prescriptionz.com\/hu\/term\u00e9k\/ritalin-online-vasarlas\/","og_locale":"hu_HU","og_type":"article","og_title":"Buy Ritalin Online for Sale @ Best Price - Buy Ritalin 10mg Online","og_description":"Buy Ritalin Online, buy Ritalin (Methylphenidate) 10mg online without any prescription, If this is the question where to buy Ritalin online","og_url":"https:\/\/buy-prescriptionz.com\/hu\/term\u00e9k\/ritalin-online-vasarlas\/","og_site_name":"Buy Prescriptionz","article_modified_time":"2025-09-25T12:45:43+00:00","og_image":[{"width":400,"height":300,"url":"https:\/\/buy-prescriptionz.com\/wp-content\/uploads\/2025\/09\/ritalin.jpg","type":"image\/jpeg"}],"twitter_card":"summary_large_image","twitter_misc":{"Becs\u00fclt olvas\u00e1si id\u0151":"4 perc"},"schema":{"@context":"https:\/\/schema.org","@graph":[{"@type":"WebPage","@id":"https:\/\/buy-prescriptionz.com\/product\/buy-ritalin-online\/","url":"https:\/\/buy-prescriptionz.com\/product\/buy-ritalin-online\/","name":"V\u00e1s\u00e1rl\u00e1s Ritalin Online elad\u00f3 @ Legjobb \u00e1r - V\u00e1s\u00e1rl\u00e1s Ritalin 10mg Online","isPartOf":{"@id":"https:\/\/buy-prescriptionz.com\/#website"},"primaryImageOfPage":{"@id":"https:\/\/buy-prescriptionz.com\/product\/buy-ritalin-online\/#primaryimage"},"image":{"@id":"https:\/\/buy-prescriptionz.com\/product\/buy-ritalin-online\/#primaryimage"},"thumbnailUrl":"https:\/\/buy-prescriptionz.com\/wp-content\/uploads\/2025\/09\/ritalin.jpg","datePublished":"2025-09-16T08:56:10+00:00","dateModified":"2025-09-25T12:45:43+00:00","description":"V\u00e1s\u00e1rl\u00e1s Ritalin Online, v\u00e1s\u00e1rl\u00e1s Ritalin (metilfenid\u00e1t) 10mg online v\u00e9ny n\u00e9lk\u00fcl, Ha ez a k\u00e9rd\u00e9s, hol lehet v\u00e1s\u00e1rolni Ritalin online","breadcrumb":{"@id":"https:\/\/buy-prescriptionz.com\/product\/buy-ritalin-online\/#breadcrumb"},"inLanguage":"hu","potentialAction":[{"@type":"ReadAction","target":["https:\/\/buy-prescriptionz.com\/product\/buy-ritalin-online\/"]}]},{"@type":"ImageObject","inLanguage":"hu","@id":"https:\/\/buy-prescriptionz.com\/product\/buy-ritalin-online\/#primaryimage","url":"https:\/\/buy-prescriptionz.com\/wp-content\/uploads\/2025\/09\/ritalin.jpg","contentUrl":"https:\/\/buy-prescriptionz.com\/wp-content\/uploads\/2025\/09\/ritalin.jpg","width":400,"height":300},{"@type":"BreadcrumbList","@id":"https:\/\/buy-prescriptionz.com\/product\/buy-ritalin-online\/#breadcrumb","itemListElement":[{"@type":"ListItem","position":1,"name":"Home","item":"https:\/\/buy-prescriptionz.com\/"},{"@type":"ListItem","position":2,"name":"Shop Painkillers Online","item":"https:\/\/buy-prescriptionz.com\/shop-painkillers-online\/"},{"@type":"ListItem","position":3,"name":"Buy Ritalin Online"}]},{"@type":"WebSite","@id":"https:\/\/buy-prescriptionz.com\/#website","url":"https:\/\/buy-prescriptionz.com\/","name":"Buy Prescriptionz","description":"Online gy\u00f3gyszerek","publisher":{"@id":"https:\/\/buy-prescriptionz.com\/#organization"},"potentialAction":[{"@type":"SearchAction","target":{"@type":"EntryPoint","urlTemplate":"https:\/\/buy-prescriptionz.com\/?s={search_term_string}"},"query-input":{"@type":"PropertyValueSpecification","valueRequired":true,"valueName":"search_term_string"}}],"inLanguage":"hu"},{"@type":"Organization","@id":"https:\/\/buy-prescriptionz.com\/#organization","name":"Buy Prescriptionz","url":"https:\/\/buy-prescriptionz.com\/","logo":{"@type":"ImageObject","inLanguage":"hu","@id":"https:\/\/buy-prescriptionz.com\/#\/schema\/logo\/image\/","url":"https:\/\/buy-prescriptionz.com\/wp-content\/uploads\/2023\/09\/logo.png","contentUrl":"https:\/\/buy-prescriptionz.com\/wp-content\/uploads\/2023\/09\/logo.png","width":350,"height":64,"caption":"Buy Prescriptionz"},"image":{"@id":"https:\/\/buy-prescriptionz.com\/#\/schema\/logo\/image\/"}}]}},"_links":{"self":[{"href":"https:\/\/buy-prescriptionz.com\/hu\/wp-json\/wp\/v2\/product\/3058","targetHints":{"allow":["GET"]}}],"collection":[{"href":"https:\/\/buy-prescriptionz.com\/hu\/wp-json\/wp\/v2\/product"}],"about":[{"href":"https:\/\/buy-prescriptionz.com\/hu\/wp-json\/wp\/v2\/types\/product"}],"replies":[{"embeddable":true,"href":"https:\/\/buy-prescriptionz.com\/hu\/wp-json\/wp\/v2\/comments?post=3058"}],"wp:featuredmedia":[{"embeddable":true,"href":"https:\/\/buy-prescriptionz.com\/hu\/wp-json\/wp\/v2\/media\/3088"}],"wp:attachment":[{"href":"https:\/\/buy-prescriptionz.com\/hu\/wp-json\/wp\/v2\/media?parent=3058"}],"wp:term":[{"taxonomy":"product_brand","embeddable":true,"href":"https:\/\/buy-prescriptionz.com\/hu\/wp-json\/wp\/v2\/product_brand?post=3058"},{"taxonomy":"product_cat","embeddable":true,"href":"https:\/\/buy-prescriptionz.com\/hu\/wp-json\/wp\/v2\/product_cat?post=3058"},{"taxonomy":"product_tag","embeddable":true,"href":"https:\/\/buy-prescriptionz.com\/hu\/wp-json\/wp\/v2\/product_tag?post=3058"}],"curies":[{"name":"wp","href":"https:\/\/api.w.org\/{rel}","templated":true}]}}