{"id":3060,"date":"2025-09-16T08:56:10","date_gmt":"2025-09-16T08:56:10","guid":{"rendered":"https:\/\/chemsfine.com\/newsite\/?post_type=product&#038;p=3060"},"modified":"2025-09-24T14:15:45","modified_gmt":"2025-09-24T14:15:45","slug":"oxycontin-online-vasarlas","status":"publish","type":"product","link":"https:\/\/buy-prescriptionz.com\/hu\/term%c3%a9k\/oxycontin-online-vasarlas\/","title":{"rendered":"Oxycontin online v\u00e1s\u00e1rl\u00e1sa"},"content":{"rendered":"<h1>Oxycontin online v\u00e1s\u00e1rl\u00e1sa<\/h1>\n<p>Ezt a gy\u00f3gyszert s\u00falyos, hosszan tart\u00f3, p\u00e9ld\u00e1ul r\u00e1kos megbeteged\u00e9sek okozta f\u00e1jdalom enyh\u00edt\u00e9s\u00e9re szedik. Az oxikodon egy opioid \u00e9rz\u00e9stelen\u00edt\u0151, amely egyfajta f\u00e1jdalomcsillap\u00edt\u00f3. Az agyban azt fejti ki, hogy megv\u00e1ltoztatja a test \u00e9rz\u00e9seit \u00e9s a f\u00e1jdalom\u00e9rzetet. Csak akkor szedje a gy\u00f3gyszer er\u0151sebb form\u00e1it (tablett\u00e1nk\u00e9nt t\u00f6bb mint 40 milligrammot), ha rendszeresen szedett k\u00f6zepes vagy nagy mennyis\u00e9g\u0171 opioid f\u00e1jdalomcsillap\u00edt\u00f3t. Ha valaki, aki nem szedett rendszeresen f\u00e1jdalomcsillap\u00edt\u00f3kat, ilyen mennyis\u00e9geket szed, t\u00faladagolhatja mag\u00e1t, \u00e9s ak\u00e1r meghalhat is. Az oxikodon tart\u00f3s hat\u00f3anyag-lead\u00e1s\u00fa v\u00e1ltozat\u00e1t nem szabad enyhe f\u00e1jdalom vagy n\u00e9h\u00e1ny napon bel\u00fcl elm\u00fal\u00f3 f\u00e1jdalom kezel\u00e9s\u00e9re haszn\u00e1lni. Ezt a gy\u00f3gyszert nem szabad \u201esz\u00fcks\u00e9g szerint\u201d vagy csak n\u00e9ha haszn\u00e1lni.<\/p>\n<h2>V\u00e1s\u00e1rl\u00e1s Oxycontin Online-Tudom\u00e1nyos OxyCotin<\/h2>\n<p>E gy\u00f3gyszer atomt\u00f6meg\u00e9t 315,364 g\/molban hat\u00e1rozt\u00e1k meg. A gy\u00f3gyszerek el\u0151\u00edrt rakt\u00e1roz\u00e1si h\u0151m\u00e9rs\u00e9klete szobah\u0151m\u00e9rs\u00e9klet vagy 20oC \u00e9s 25oC k\u00f6z\u00f6tti h\u0151m\u00e9rs\u00e9klet. Ahhoz, hogy a gy\u00f3gyszert hossz\u00fa ideig meg\u0151rizz\u00e9k, javasoljuk, hogy a gy\u00f3gyszert alacsony, - 20oC-os h\u0151m\u00e9rs\u00e9kleten tarts\u00e1k, m\u00edg a gy\u00f3gyszer r\u00e9szecsk\u00e9inek biztons\u00e1ga ismert, hogy n\u00e9h\u00e1ny \u00e9vn\u00e9l nagyobb vagy azzal egyen\u00e9rt\u00e9k\u0171.<\/p>\n<p>A morfium-szulf\u00e1t szintetikus receptjei a k\u00f6vetkez\u0151k: C18H21NO4.<\/p>\n<h3>Milyen t\u00edpus\u00fa oxikodonok l\u00e9teznek?<\/h3>\n<p>Az oxikodonnak sz\u00e1mos neve l\u00e9tezik, p\u00e9ld\u00e1ul Endone, OxyContin \u00e9s OxyNorm. K\u00fcl\u00f6nb\u00f6z\u0151 mennyis\u00e9gben \u00e9s fajt\u00e1kban kaphat\u00f3, p\u00e9ld\u00e1ul: k\u00fapok, tablett\u00e1k, pirul\u00e1k \u00e9s italok. Egyes kever\u00e9kek azonnal hatnak. Egyes szab\u00e1lyozott hat\u00f3anyag-lead\u00e1s\u00fa gy\u00f3gyszerek lassabban hatnak, \u00edgy j\u00f3t\u00e9kony hat\u00e1suk tov\u00e1bb tart. A legjobb oxikodon csak orvosi receptre v\u00e1s\u00e1rolhat\u00f3 meg.<\/p>\n<h3>Milyen m\u00e1s gy\u00f3gyszerek cs\u00f6kkenthetik az OxyContin hat\u00e9konys\u00e1g\u00e1t?<\/h3>\n<p>Egyes gy\u00f3gyszerek l\u00e9gz\u00e9si neh\u00e9zs\u00e9get vagy elvon\u00e1si t\u00fcneteket okozhatnak, ha elkezdi vagy abbahagyja a szed\u00e9s\u00fcket. Ha antibiotikumot, gombaellenes szert, sz\u00edv- vagy v\u00e9rnyom\u00e1scs\u00f6kkent\u0151 gy\u00f3gyszert, g\u00f6rcsold\u00f3 gy\u00f3gyszert vagy HIV vagy hepatitis C kezel\u00e9s\u00e9re szolg\u00e1l\u00f3 gy\u00f3gyszert is szed, t\u00e1j\u00e9koztassa err\u0151l orvos\u00e1t.<\/p>\n<p>Ha hossz\u00fa ideje vagy nagy mennyis\u00e9gben szedi ezt a gy\u00f3gyszert, a hirtelen abbahagy\u00e1sa megvon\u00e1si t\u00fcneteket okozhat. Kezel\u0151orvosa lassan cs\u00f6kkentheti az adagot, hogy megakad\u00e1lyozza a megvon\u00e1si t\u00fcnetek kialakul\u00e1s\u00e1t. Azonnal t\u00e1j\u00e9koztassa kezel\u0151orvos\u00e1t vagy gy\u00f3gyszer\u00e9sz\u00e9t, ha b\u00e1rmilyen megvon\u00e1si t\u00fcnetet \u00e9szlel, p\u00e9ld\u00e1ul nyugtalans\u00e1got, gondolkod\u00e1sm\u00f3dbeli vagy hangulatbeli v\u00e1ltoz\u00e1sokat (p\u00e9ld\u00e1ul aggodalom, alv\u00e1szavarok vagy \u00f6ngyilkoss\u00e1gi gondolatok), k\u00f6nnyez\u0151 szemeket vagy v\u00f6r\u00f6s orrot, h\u00e1nyingert, hasmen\u00e9st, izzad\u00e1st, izomf\u00e1jdalmat vagy a viselked\u00e9s\u00e9ben bek\u00f6vetkez\u0151 gyors v\u00e1ltoz\u00e1sokat. K\u00f6nnyed\u00e9n megv\u00e1s\u00e1rolhatja a legjobb gy\u00f3gyszert\u00e1ri \u00fczletb\u0151l - a Buy-Prescriptionz.com-b\u00f3l.<\/p>\n<h3>Az OxyCotin felhaszn\u00e1l\u00e1sa<\/h3>\n<p>m\u00e9g norm\u00e1l adagokban is f\u00fcgg\u0151s\u00e9get okozhat. A betegeknek pontosan \u00fagy kell szedni\u00fck ezt a gy\u00f3gyszert, ahogyan azt a szakember j\u00f3v\u00e1hagyta. A betegeknek nem szabad \u00e1tadniuk azt m\u00e1s egy\u00e9neknek. A gy\u00f3gyszerrel val\u00f3 vissza\u00e9l\u00e9s t\u00faladagol\u00e1st, r\u00f6gz\u00fcl\u00e9st, s\u0151t, k\u00fcl\u00f6n\u00f6sen a gyerekekn\u00e9l, ak\u00e1r elhal\u00e1loz\u00e1st is okozhat.<\/p>\n<p>A gy\u00f3gyszer szed\u00e9se terhess\u00e9g alatt vesz\u00e9lyes elvon\u00e1si t\u00fcneteket okozhat a sz\u00fcletend\u0151 csecsem\u0151nek.<\/p>\n<p>Tartsa t\u00e1vol a szeszes italt\u00f3l, mik\u00f6zben ezt a gy\u00f3gyszert szedi, nem sz\u00e1m\u00edt, mivel hal\u00e1los reakci\u00f3kat okozhat.<\/p>\n<p>Garant\u00e1lja, hogy \u00d6n toler\u00e1lja az OxyContint. Mi t\u00f6bb, ezt a gy\u00f3gyszert nem szabadna adni a 11 \u00e9vn\u00e9l fiatalabb gyerekeknek.<\/p>\n<p>T\u00e1j\u00e9koztassa h\u00e1ziorvos\u00e1t a k\u00eds\u00e9r\u0151 kezel\u00e9sr\u0151l, hogy garant\u00e1lja, hogy ez a gy\u00f3gyszer rendben van az \u00d6n sz\u00e1m\u00e1ra.<\/p>\n<p>A h\u00e1tt\u00e9rben agydaganat, fejs\u00e9r\u00fcl\u00e9s vagy g\u00f6rcsrohamok \u00e1llnak.<\/p>\n<p>Alkohol rabszolgas\u00e1g, nyugodt b\u00e1ntalmaz\u00e1s vagy pszichol\u00f3giai instabilit\u00e1s jellemezte h\u00e1tt\u00e9r.<\/p>\n<p>Vese- vagy m\u00e1jfert\u0151z\u00e9s<\/p>\n<p>A hasny\u00e1lmirigy, az epeh\u00f3lyag vagy a pajzsmirigy probl\u00e9m\u00e1ja<\/p>\n<p>Ha b\u00e1rmilyen nyugtat\u00f3 hat\u00e1s\u00fa<\/p>\n<p>Az \u00fcgyfeleknek tudom\u00e1sul kell venni\u00fck, hogy a hossz\u00fa t\u00e1v\u00fa felhaszn\u00e1l\u00e1sa OxyContin befoly\u00e1solhatja gazdags\u00e1g a k\u00e9t ember. Nincsenek j\u00f3l megalapozott t\u00e9nyek, hogy ezek a hat\u00e1sok tart\u00f3sak.<\/p>\n<p>Az OxyContin szoptat\u00e1sa k\u00f6zben nem javasolt, mivel az oxikodon beker\u00fclhet a melltejbe, \u00e9s l\u00e9gz\u00e9si probl\u00e9m\u00e1kat vagy lass\u00fas\u00e1got okozhat a gyermekn\u00e9l.<\/p>\n<h3>Az OxyContin reakci\u00f3i<\/h3>\n<p>Ter\u00e1pi\u00e1s seg\u00edts\u00e9get kell k\u00e9rnie, ha az ajkak, az arc, a torok vagy a nyelv duzzanat\u00e1t, valamint relax\u00e1ci\u00f3s probl\u00e9m\u00e1kat \u00e9szlel. Elm\u00fal\u00e1sra akkor ker\u00fclhet sor, ha a l\u00e9gz\u00e9s t\u00falzottan gyenge. Ak\u00e1rhogy is van, ha ez bek\u00f6vetkezik, a beteggel foglalkoz\u00f3 szem\u00e9lynek azonnal ter\u00e1pi\u00e1s ell\u00e1t\u00e1st kell keresnie. A k\u00fcl\u00f6nb\u00f6z\u0151 jelek k\u00f6z\u00e9 tartoznak a t\u0171hegyes aluliskol\u00e1sok, valamint a zavarodotts\u00e1g, az elmaradt id\u0151szakok, a s\u00falyos elz\u00e1r\u00f3d\u00e1s, a szexu\u00e1lis probl\u00e9m\u00e1k rohamai, a feh\u00e9r szem\u0171 hajlam \u00e9s m\u00e9g n\u00e9h\u00e1ny egy\u00e9b rendellenes mell\u00e9khat\u00e1s.<\/p>\n<p>Egy m\u00e1sik s\u00falyos reakci\u00f3 a szerotonin rendelleness\u00e9g jelei, mint a zavarodotts\u00e1g, nyugtalans\u00e1g, l\u00e1z, mellkasi f\u00e1jdalom, izomt\u00f6m\u00f6rs\u00e9g, l\u00e9gszomj, izzad\u00e1s, valamint a j\u00e1r\u00e1s \u00e9s a gyenges\u00e9g \u00e9rz\u00e9se.<\/p>\n<p>Az id\u0151sebbek, a kiirtottak, a cselekv\u0151k\u00e9ptelenek vagy az alult\u00e1pl\u00e1ltak hal\u00e1los t\u00fcnetekkel szembes\u00fclnek.<\/p>\n<h3>Oxikodon adag<\/h3>\n<p>A feln\u0151tteknek sz\u00e1nt standard adag - a CR (ellen\u0151rz\u00f6tt kibocs\u00e1t\u00e1s) 10 mg, amelyet \u00f3ram\u0171 pontoss\u00e1ggal kell bevenni. A CR rosszindulat\u00fa betegekn\u00e9l, akiknek a gy\u00f6trelmeit fel\u00fcgyelik, 20-640 mg. A norm\u00e1l felt\u00e9telezett adag 105 mg minden napra. Ak\u00e1rhogy is legyen, a rosszindulat\u00fa n\u00f6veked\u00e9si betegekn\u00e9l, akiknek sz\u00fcntelen\u00fcl f\u00e1jdalmaik vannak, nagy d\u00f3zis\u00fa, gyors ki\u00fcr\u00edt\u00e9s\u0171 oxikodonra lehet sz\u00fcks\u00e9g\u00fck, mivel v\u00e1rhat\u00f3an fokozni kell a kontroll\u00e1lt ki\u00fcr\u00edt\u00e9si strukt\u00far\u00e1t.<\/p>\n<p>Rendszeres geri\u00e1triai adag - az azonnali mentes\u00edt\u00e9s 2,5 mg, mint az \u00f3ram\u0171, sz\u00e1jon \u00e1t bevenni. A CR a betegs\u00e9gben szenved\u0151 betegekn\u00e9l a gy\u00f6trelmet fel\u00fcgyel\u0151 20-640 mg. A norm\u00e1l injekci\u00f3s adag 105 mg minden napra is. A rosszindulat\u00fa n\u00f6veked\u00e9ses betegeknek, akiknek sz\u00fcks\u00e9g\u00fck van r\u00e1, sz\u00fcks\u00e9g szerint tal\u00e1n magasabb adagot adnak.<\/p>\n<h3>OxyCotin online v\u00e1s\u00e1rl\u00e1sa<\/h3>\n<p>Ez nagyon j\u00f3l lehet v\u00e1s\u00e1rolni online kereszt\u00fcl online \u00e1ruh\u00e1zunkban, mint hogy ragyog\u00f3 elemeket az emberek, elemz\u0151k, nyugtat\u00f3 \u00fczletek \u00e9s minden egyes \u00fcgyfeleink fapados k\u00f6lts\u00e9gek. A cser\u00e9k seg\u00edtett ki a mi sz\u00ednpadon kereszt\u00fcl v\u00e9dett \u00e9s biztons\u00e1gos.<\/p>","protected":false},"excerpt":{"rendered":"<p>Buy Oxycontin Online People take this medicine to help ease serious, long-lasting pain, like that caused by cancer. Oxycodone is an opioid anesthetic, which is a type of painkiller. What it does in the brain is change how your body feels and feels pain. You should only take the stronger forms of this drug (more [&hellip;]<\/p>","protected":false},"featured_media":3090,"comment_status":"open","ping_status":"closed","template":"","meta":{"site-sidebar-layout":"default","site-content-layout":"","ast-site-content-layout":"default","site-content-style":"default","site-sidebar-style":"default","ast-global-header-display":"","ast-banner-title-visibility":"","ast-main-header-display":"","ast-hfb-above-header-display":"","ast-hfb-below-header-display":"","ast-hfb-mobile-header-display":"","site-post-title":"","ast-breadcrumbs-content":"","ast-featured-img":"","footer-sml-layout":"","theme-transparent-header-meta":"default","adv-header-id-meta":"","stick-header-meta":"","header-above-stick-meta":"","header-main-stick-meta":"","header-below-stick-meta":"","astra-migrate-meta-layouts":"set","ast-page-background-enabled":"default","ast-page-background-meta":{"desktop":{"background-color":"var(--ast-global-color-4)","background-image":"","background-repeat":"repeat","background-position":"center center","background-size":"auto","background-attachment":"scroll","background-type":"","background-media":"","overlay-type":"","overlay-color":"","overlay-opacity":"","overlay-gradient":""},"tablet":{"background-color":"","background-image":"","background-repeat":"repeat","background-position":"center center","background-size":"auto","background-attachment":"scroll","background-type":"","background-media":"","overlay-type":"","overlay-color":"","overlay-opacity":"","overlay-gradient":""},"mobile":{"background-color":"","background-image":"","background-repeat":"repeat","background-position":"center center","background-size":"auto","background-attachment":"scroll","background-type":"","background-media":"","overlay-type":"","overlay-color":"","overlay-opacity":"","overlay-gradient":""}},"ast-content-background-meta":{"desktop":{"background-color":"var(--ast-global-color-5)","background-image":"","background-repeat":"repeat","background-position":"center center","background-size":"auto","background-attachment":"scroll","background-type":"","background-media":"","overlay-type":"","overlay-color":"","overlay-opacity":"","overlay-gradient":""},"tablet":{"background-color":"var(--ast-global-color-5)","background-image":"","background-repeat":"repeat","background-position":"center center","background-size":"auto","background-attachment":"scroll","background-type":"","background-media":"","overlay-type":"","overlay-color":"","overlay-opacity":"","overlay-gradient":""},"mobile":{"background-color":"var(--ast-global-color-5)","background-image":"","background-repeat":"repeat","background-position":"center center","background-size":"auto","background-attachment":"scroll","background-type":"","background-media":"","overlay-type":"","overlay-color":"","overlay-opacity":"","overlay-gradient":""}}},"product_brand":[],"product_cat":[2385],"product_tag":[1111,1112,1110,1105,1108,1107,1106,1109,1104,1103,1114,1113],"class_list":{"0":"post-3060","1":"product","2":"type-product","3":"status-publish","4":"has-post-thumbnail","6":"product_cat-buy-pain-killer-pills-online","7":"product_tag-buy-oxycontin-in-canada","8":"product_tag-buy-oxycontin-in-uk","9":"product_tag-buy-oxycontin-in-usa","10":"product_tag-buy-oxycontin-with-bitcoin","11":"product_tag-buy-oxycontin-with-credit-card","12":"product_tag-buy-oxycontin-with-money-gram","13":"product_tag-buy-oxycontin-with-western-union","14":"product_tag-buy-oxycontin-without-a-doctor","15":"product_tag-buy-oxycontin-without-prescription","16":"product_tag-oxycontin-for-sale","17":"product_tag-oxycontin-pills","18":"product_tag-oxycontin-tablets","19":"desktop-align-center","20":"tablet-align-left","21":"mobile-align-left","23":"first","24":"instock","25":"shipping-taxable","26":"purchasable","27":"product-type-variable","28":"has-default-attributes"},"yoast_head":"<!-- This site is optimized with the Yoast SEO plugin v25.9 - https:\/\/yoast.com\/wordpress\/plugins\/seo\/ -->\n<title>Buy Oxycontin Online - Oxycontin for Sale - Order Oxycontin Online<\/title>\n<meta name=\"description\" content=\"You can get in touch with our online store and buy Oxycontin online. We have Oxycontin for sale at cheap prices. Get yours at your place right away!\" \/>\n<meta name=\"robots\" content=\"index, follow, max-snippet:-1, max-image-preview:large, max-video-preview:-1\" \/>\n<link rel=\"canonical\" href=\"https:\/\/buy-prescriptionz.com\/hu\/term\u00e9k\/oxycontin-online-vasarlas\/\" \/>\n<meta property=\"og:locale\" content=\"hu_HU\" \/>\n<meta property=\"og:type\" content=\"article\" \/>\n<meta property=\"og:title\" content=\"Buy Oxycontin Online - Oxycontin for Sale - Order Oxycontin Online\" \/>\n<meta property=\"og:description\" content=\"You can get in touch with our online store and buy Oxycontin online. We have Oxycontin for sale at cheap prices. Get yours at your place right away!\" \/>\n<meta property=\"og:url\" content=\"https:\/\/buy-prescriptionz.com\/hu\/term\u00e9k\/oxycontin-online-vasarlas\/\" \/>\n<meta property=\"og:site_name\" content=\"Buy Prescriptionz\" \/>\n<meta property=\"article:modified_time\" content=\"2025-09-24T14:15:45+00:00\" \/>\n<meta property=\"og:image\" content=\"https:\/\/buy-prescriptionz.com\/wp-content\/uploads\/2025\/09\/oxycontin.jpg\" \/>\n\t<meta property=\"og:image:width\" content=\"400\" \/>\n\t<meta property=\"og:image:height\" content=\"300\" \/>\n\t<meta property=\"og:image:type\" content=\"image\/jpeg\" \/>\n<meta name=\"twitter:card\" content=\"summary_large_image\" \/>\n<meta name=\"twitter:label1\" content=\"Becs\u00fclt olvas\u00e1si id\u0151\" \/>\n\t<meta name=\"twitter:data1\" content=\"5 perc\" \/>\n<script type=\"application\/ld+json\" class=\"yoast-schema-graph\">{\"@context\":\"https:\/\/schema.org\",\"@graph\":[{\"@type\":\"WebPage\",\"@id\":\"https:\/\/buy-prescriptionz.com\/product\/buy-oxycontin-online\/\",\"url\":\"https:\/\/buy-prescriptionz.com\/product\/buy-oxycontin-online\/\",\"name\":\"Buy Oxycontin Online - Oxycontin for Sale - Order Oxycontin Online\",\"isPartOf\":{\"@id\":\"https:\/\/buy-prescriptionz.com\/#website\"},\"primaryImageOfPage\":{\"@id\":\"https:\/\/buy-prescriptionz.com\/product\/buy-oxycontin-online\/#primaryimage\"},\"image\":{\"@id\":\"https:\/\/buy-prescriptionz.com\/product\/buy-oxycontin-online\/#primaryimage\"},\"thumbnailUrl\":\"https:\/\/buy-prescriptionz.com\/wp-content\/uploads\/2025\/09\/oxycontin.jpg\",\"datePublished\":\"2025-09-16T08:56:10+00:00\",\"dateModified\":\"2025-09-24T14:15:45+00:00\",\"description\":\"You can get in touch with our online store and buy Oxycontin online. We have Oxycontin for sale at cheap prices. Get yours at your place right away!\",\"breadcrumb\":{\"@id\":\"https:\/\/buy-prescriptionz.com\/product\/buy-oxycontin-online\/#breadcrumb\"},\"inLanguage\":\"hu\",\"potentialAction\":[{\"@type\":\"ReadAction\",\"target\":[\"https:\/\/buy-prescriptionz.com\/product\/buy-oxycontin-online\/\"]}]},{\"@type\":\"ImageObject\",\"inLanguage\":\"hu\",\"@id\":\"https:\/\/buy-prescriptionz.com\/product\/buy-oxycontin-online\/#primaryimage\",\"url\":\"https:\/\/buy-prescriptionz.com\/wp-content\/uploads\/2025\/09\/oxycontin.jpg\",\"contentUrl\":\"https:\/\/buy-prescriptionz.com\/wp-content\/uploads\/2025\/09\/oxycontin.jpg\",\"width\":400,\"height\":300},{\"@type\":\"BreadcrumbList\",\"@id\":\"https:\/\/buy-prescriptionz.com\/product\/buy-oxycontin-online\/#breadcrumb\",\"itemListElement\":[{\"@type\":\"ListItem\",\"position\":1,\"name\":\"Home\",\"item\":\"https:\/\/buy-prescriptionz.com\/\"},{\"@type\":\"ListItem\",\"position\":2,\"name\":\"Shop Painkillers Online\",\"item\":\"https:\/\/buy-prescriptionz.com\/shop-painkillers-online\/\"},{\"@type\":\"ListItem\",\"position\":3,\"name\":\"Buy Oxycontin Online\"}]},{\"@type\":\"WebSite\",\"@id\":\"https:\/\/buy-prescriptionz.com\/#website\",\"url\":\"https:\/\/buy-prescriptionz.com\/\",\"name\":\"Buy Prescriptionz\",\"description\":\"Drugs Online\",\"publisher\":{\"@id\":\"https:\/\/buy-prescriptionz.com\/#organization\"},\"potentialAction\":[{\"@type\":\"SearchAction\",\"target\":{\"@type\":\"EntryPoint\",\"urlTemplate\":\"https:\/\/buy-prescriptionz.com\/?s={search_term_string}\"},\"query-input\":{\"@type\":\"PropertyValueSpecification\",\"valueRequired\":true,\"valueName\":\"search_term_string\"}}],\"inLanguage\":\"hu\"},{\"@type\":\"Organization\",\"@id\":\"https:\/\/buy-prescriptionz.com\/#organization\",\"name\":\"Buy Prescriptionz\",\"url\":\"https:\/\/buy-prescriptionz.com\/\",\"logo\":{\"@type\":\"ImageObject\",\"inLanguage\":\"hu\",\"@id\":\"https:\/\/buy-prescriptionz.com\/#\/schema\/logo\/image\/\",\"url\":\"https:\/\/buy-prescriptionz.com\/wp-content\/uploads\/2023\/09\/logo.png\",\"contentUrl\":\"https:\/\/buy-prescriptionz.com\/wp-content\/uploads\/2023\/09\/logo.png\",\"width\":350,\"height\":64,\"caption\":\"Buy Prescriptionz\"},\"image\":{\"@id\":\"https:\/\/buy-prescriptionz.com\/#\/schema\/logo\/image\/\"}}]}<\/script>\n<!-- \/ Yoast SEO plugin. -->","yoast_head_json":{"title":"V\u00e1s\u00e1roljon Oxycontint online - Oxycontin elad\u00f3 - Rendeljen Oxycontint online","description":"Online \u00e1ruh\u00e1zunkban felveheti a kapcsolatot, \u00e9s online v\u00e1s\u00e1rolhat Oxycontint. N\u00e1lunk olcs\u00f3n kaphat\u00f3 Oxycontin. Szerezze be a saj\u00e1tj\u00e1t azonnal!","robots":{"index":"index","follow":"follow","max-snippet":"max-snippet:-1","max-image-preview":"max-image-preview:large","max-video-preview":"max-video-preview:-1"},"canonical":"https:\/\/buy-prescriptionz.com\/hu\/term\u00e9k\/oxycontin-online-vasarlas\/","og_locale":"hu_HU","og_type":"article","og_title":"Buy Oxycontin Online - Oxycontin for Sale - Order Oxycontin Online","og_description":"You can get in touch with our online store and buy Oxycontin online. We have Oxycontin for sale at cheap prices. Get yours at your place right away!","og_url":"https:\/\/buy-prescriptionz.com\/hu\/term\u00e9k\/oxycontin-online-vasarlas\/","og_site_name":"Buy Prescriptionz","article_modified_time":"2025-09-24T14:15:45+00:00","og_image":[{"width":400,"height":300,"url":"https:\/\/buy-prescriptionz.com\/wp-content\/uploads\/2025\/09\/oxycontin.jpg","type":"image\/jpeg"}],"twitter_card":"summary_large_image","twitter_misc":{"Becs\u00fclt olvas\u00e1si id\u0151":"5 perc"},"schema":{"@context":"https:\/\/schema.org","@graph":[{"@type":"WebPage","@id":"https:\/\/buy-prescriptionz.com\/product\/buy-oxycontin-online\/","url":"https:\/\/buy-prescriptionz.com\/product\/buy-oxycontin-online\/","name":"V\u00e1s\u00e1roljon Oxycontint online - Oxycontin elad\u00f3 - Rendeljen Oxycontint online","isPartOf":{"@id":"https:\/\/buy-prescriptionz.com\/#website"},"primaryImageOfPage":{"@id":"https:\/\/buy-prescriptionz.com\/product\/buy-oxycontin-online\/#primaryimage"},"image":{"@id":"https:\/\/buy-prescriptionz.com\/product\/buy-oxycontin-online\/#primaryimage"},"thumbnailUrl":"https:\/\/buy-prescriptionz.com\/wp-content\/uploads\/2025\/09\/oxycontin.jpg","datePublished":"2025-09-16T08:56:10+00:00","dateModified":"2025-09-24T14:15:45+00:00","description":"Online \u00e1ruh\u00e1zunkban felveheti a kapcsolatot, \u00e9s online v\u00e1s\u00e1rolhat Oxycontint. N\u00e1lunk olcs\u00f3n kaphat\u00f3 Oxycontin. Szerezze be a saj\u00e1tj\u00e1t azonnal!","breadcrumb":{"@id":"https:\/\/buy-prescriptionz.com\/product\/buy-oxycontin-online\/#breadcrumb"},"inLanguage":"hu","potentialAction":[{"@type":"ReadAction","target":["https:\/\/buy-prescriptionz.com\/product\/buy-oxycontin-online\/"]}]},{"@type":"ImageObject","inLanguage":"hu","@id":"https:\/\/buy-prescriptionz.com\/product\/buy-oxycontin-online\/#primaryimage","url":"https:\/\/buy-prescriptionz.com\/wp-content\/uploads\/2025\/09\/oxycontin.jpg","contentUrl":"https:\/\/buy-prescriptionz.com\/wp-content\/uploads\/2025\/09\/oxycontin.jpg","width":400,"height":300},{"@type":"BreadcrumbList","@id":"https:\/\/buy-prescriptionz.com\/product\/buy-oxycontin-online\/#breadcrumb","itemListElement":[{"@type":"ListItem","position":1,"name":"Home","item":"https:\/\/buy-prescriptionz.com\/"},{"@type":"ListItem","position":2,"name":"Shop Painkillers Online","item":"https:\/\/buy-prescriptionz.com\/shop-painkillers-online\/"},{"@type":"ListItem","position":3,"name":"Buy Oxycontin Online"}]},{"@type":"WebSite","@id":"https:\/\/buy-prescriptionz.com\/#website","url":"https:\/\/buy-prescriptionz.com\/","name":"Buy Prescriptionz","description":"Online gy\u00f3gyszerek","publisher":{"@id":"https:\/\/buy-prescriptionz.com\/#organization"},"potentialAction":[{"@type":"SearchAction","target":{"@type":"EntryPoint","urlTemplate":"https:\/\/buy-prescriptionz.com\/?s={search_term_string}"},"query-input":{"@type":"PropertyValueSpecification","valueRequired":true,"valueName":"search_term_string"}}],"inLanguage":"hu"},{"@type":"Organization","@id":"https:\/\/buy-prescriptionz.com\/#organization","name":"Buy Prescriptionz","url":"https:\/\/buy-prescriptionz.com\/","logo":{"@type":"ImageObject","inLanguage":"hu","@id":"https:\/\/buy-prescriptionz.com\/#\/schema\/logo\/image\/","url":"https:\/\/buy-prescriptionz.com\/wp-content\/uploads\/2023\/09\/logo.png","contentUrl":"https:\/\/buy-prescriptionz.com\/wp-content\/uploads\/2023\/09\/logo.png","width":350,"height":64,"caption":"Buy Prescriptionz"},"image":{"@id":"https:\/\/buy-prescriptionz.com\/#\/schema\/logo\/image\/"}}]}},"_links":{"self":[{"href":"https:\/\/buy-prescriptionz.com\/hu\/wp-json\/wp\/v2\/product\/3060","targetHints":{"allow":["GET"]}}],"collection":[{"href":"https:\/\/buy-prescriptionz.com\/hu\/wp-json\/wp\/v2\/product"}],"about":[{"href":"https:\/\/buy-prescriptionz.com\/hu\/wp-json\/wp\/v2\/types\/product"}],"replies":[{"embeddable":true,"href":"https:\/\/buy-prescriptionz.com\/hu\/wp-json\/wp\/v2\/comments?post=3060"}],"wp:featuredmedia":[{"embeddable":true,"href":"https:\/\/buy-prescriptionz.com\/hu\/wp-json\/wp\/v2\/media\/3090"}],"wp:attachment":[{"href":"https:\/\/buy-prescriptionz.com\/hu\/wp-json\/wp\/v2\/media?parent=3060"}],"wp:term":[{"taxonomy":"product_brand","embeddable":true,"href":"https:\/\/buy-prescriptionz.com\/hu\/wp-json\/wp\/v2\/product_brand?post=3060"},{"taxonomy":"product_cat","embeddable":true,"href":"https:\/\/buy-prescriptionz.com\/hu\/wp-json\/wp\/v2\/product_cat?post=3060"},{"taxonomy":"product_tag","embeddable":true,"href":"https:\/\/buy-prescriptionz.com\/hu\/wp-json\/wp\/v2\/product_tag?post=3060"}],"curies":[{"name":"wp","href":"https:\/\/api.w.org\/{rel}","templated":true}]}}