{"id":3064,"date":"2025-09-16T08:56:10","date_gmt":"2025-09-16T08:56:10","guid":{"rendered":"https:\/\/chemsfine.com\/newsite\/?post_type=product&#038;p=3064"},"modified":"2025-09-24T10:04:29","modified_gmt":"2025-09-24T10:04:29","slug":"norco-tablettak-online-vasarlasa","status":"publish","type":"product","link":"https:\/\/buy-prescriptionz.com\/hu\/term%c3%a9k\/norco-tablettak-online-vasarlasa\/","title":{"rendered":"V\u00e1s\u00e1roljon Norco Tabs Online"},"content":{"rendered":"<h2>V\u00e1s\u00e1roljon Norco Tabs Online<\/h2>\n<h3>Mi az a Norco?<\/h3>\n<p>A Norco tablett\u00e1kban az acetaminofen \u00e9s a hidrokodon kombin\u00e1ci\u00f3ja tal\u00e1lhat\u00f3. Az egyik opioid f\u00e1jdalomcsillap\u00edt\u00f3 a hidrokodon. A narkotikum az opioidok m\u00e1sik elnevez\u00e9se. A kev\u00e9sb\u00e9 hat\u00e9kony f\u00e1jdalomcsillap\u00edt\u00f3 acetaminofen fokozza a hidrokodon hat\u00e1sait.<\/p>\n<h3>V\u00e1s\u00e1roljon NORCO-t (S\u00c1RGA TABLETT\u00c1K) ONLINE<\/h3>\n<p>V\u00e1s\u00e1rl\u00e1s NORCO (S\u00c1RGA TABS) ONLINE V\u00e1s\u00e1rl\u00e1s Norco Tabs Online, Norco (S\u00e1rga Tabs) egy kever\u00e9k gy\u00f3gyszer paracetamol \u00e9s hidrokodon, amelynek helye van a gy\u0171jtem\u00e9ny a narkotikus f\u00e1jdalomcsillap\u00edt\u00f3k (\u00f3pi\u00e1tok). A s\u00e1rga tablett\u00e1k el\u00e9g er\u0151sek ahhoz, hogy cs\u00f6kkents\u00e9k a s\u00falyos folyamatos k\u00ednokat a betegekn\u00e9l a rosszindulat\u00fa n\u00f6veked\u00e9s miatt, mint a V\u00e1s\u00e1rl\u00e1s Norco Tabs Online k\u00f6r\u00fclm\u00e9nyek \u00e9s ...<\/p>\n<h3>Hogyan kell fogyasztanom a Norco-t?<\/h3>\n<p>Pontosan tartsa be a Norco utas\u00edt\u00e1sait. K\u00f6vesse a gy\u00f3gyszer c\u00edmk\u00e9j\u00e9n tal\u00e1lhat\u00f3 utas\u00edt\u00e1sokat. Soha ne alkalmazza ezt a gy\u00f3gyszert az aj\u00e1nlottn\u00e1l hosszabb ideig vagy nagyobb adagokban. A t\u00faladagol\u00e1s hal\u00e1los kimenetel\u0171 vagy m\u00e1jk\u00e1rosod\u00e1st okozhat. T\u00e1j\u00e9koztassa orvos\u00e1t, ha a gy\u00f3gyszer nem t\u0171nik olyan hat\u00e9konynak a f\u00e1jdalom enyh\u00edt\u00e9s\u00e9ben. M\u00e9g norm\u00e1l adagokban is a hidrokodon f\u00fcgg\u0151s\u00e9get okozhat. Soha ne adja ezt a gy\u00f3gyszert m\u00e1snak, k\u00fcl\u00f6n\u00f6sen, ha kor\u00e1bban k\u00e1b\u00edt\u00f3szer-f\u00fcgg\u0151s\u00e9ge vagy helytelen haszn\u00e1lata volt. K\u00fcl\u00f6n\u00f6sen azokban az esetekben, amikor a gy\u00f3gyszert gyermekek vagy m\u00e1s szem\u00e9lyek v\u00e9ny n\u00e9lk\u00fcl haszn\u00e1lj\u00e1k, a k\u00e1b\u00edt\u00f3szer helytelen haszn\u00e1lata f\u00fcgg\u0151s\u00e9ghez, t\u00faladagol\u00e1shoz vagy hal\u00e1lhoz vezethet. A Norco elaj\u00e1nd\u00e9koz\u00e1sa vagy elad\u00e1sa illeg\u00e1lis.<\/p>\n<p>El\u0151zetesen t\u00e1j\u00e9koztassa kezel\u0151orvos\u00e1t, ha ezt a gy\u00f3gyszert fogja szedni, ha m\u0171t\u00e9tre vagy egy\u00e9b orvosi vizsg\u00e1latra van sz\u00fcks\u00e9ge. Lehet, hogy r\u00f6vid sz\u00fcnetet kell tartania a gy\u00f3gyszer szed\u00e9s\u00e9ben. Ha hossz\u00fa ideig szedi ezt a gy\u00f3gyszert, ne hagyja abba hirtelen a haszn\u00e1lat\u00e1t, mivel ez kellemetlen elvon\u00e1si t\u00fcneteket okozhat. K\u00e9rdezze meg kezel\u0151orvos\u00e1t\u00f3l, hogyan hagyja abba biztons\u00e1gosan a Norco szed\u00e9s\u00e9t.<\/p>\n<p>A legjobb Norco-t szobah\u0151m\u00e9rs\u00e9kleten, h\u0151t\u0151l \u00e9s nedvess\u00e9gt\u0151l t\u00e1vol kell t\u00e1rolni. Jegyezze fel, hogy mennyi gy\u00f3gyszert vett ki minden egyes friss \u00fcvegb\u0151l. Mivel a hidrokodon egy vissza\u00e9l\u00e9sszer\u0171 drog, figyeljen a gy\u00f3gyszer nem megfelel\u0151 vagy v\u00e9ny n\u00e9lk\u00fcl t\u00f6rt\u00e9n\u0151 haszn\u00e1lat\u00e1ra. Gy\u0151z\u0151dj\u00f6n meg r\u00f3la, hogy ugyanazokat a tablett\u00e1kat kapja \u2013 pontosan azt a fajt\u00e1t \u00e9s m\u00e1rk\u00e1t \u2013, amelyeket orvosa fel\u00edrt, mindig ellen\u0151rizze az \u00fcveget. A Norco online v\u00e1s\u00e1rl\u00e1s\u00e1nak megb\u00edzhat\u00f3 \u00e9s k\u00e9nyelmes forr\u00e1sa a Buy-prescriptionz.com. Eredeti gy\u00f3gyszerek sz\u00e9les v\u00e1laszt\u00e9k\u00e1val, versenyk\u00e9pes \u00e1rakkal, biztons\u00e1gos tranzakci\u00f3kkal \u00e9s kiv\u00e1l\u00f3 \u00fcgyf\u00e9lszolg\u00e1lattal a Buy-prescriptionz.com az egyik legjobb gy\u00f3gyszert\u00e1r, amely z\u00f6kken\u0151mentes v\u00e1s\u00e1rl\u00e1si \u00e9lm\u00e9nyt biztos\u00edt. L\u00e1togasson el m\u00e9g ma a Buy-prescriptionz.com oldalra, hogy magabiztosan el\u00e9g\u00edthesse ki v\u00e9nyk\u00f6teles ig\u00e9nyeit.<\/p>\n<h3>A Norco-t azoknak a szem\u00e9lyeknek \u00edrj\u00e1k fel, akik a k\u00f6vetkez\u0151ket tapasztalj\u00e1k:<\/h3>\n<p>\u2022 Izomg\u00f6rcs\u00f6k<\/p>\n<p>\u2022 S\u00e9r\u00fcl\u00e9s okozta k\u00ednok.<\/p>\n<h3>\u00d3vint\u00e9zked\u00e9sek<\/h3>\n<p>\u2022 A Norco nem v\u00e9dett a terhess\u00e9g alatt, mivel deformit\u00e1st okozhat a magzatn\u00e1l.<\/p>\n<p>\u2022 Az alkohol vagy a Maryjane fogyaszt\u00e1sa ezzel a gy\u00f3gyszerrel egy\u00fctt gondosan ker\u00fclend\u0151.<\/p>\n<p>\u2022 A Norco nem sz\u00edv- \u00e9s t\u00fcd\u0151betegs\u00e9gben szenved\u0151 betegek sz\u00e1m\u00e1ra k\u00e9sz\u00fclt.<\/p>\n<h3>Reakci\u00f3k<\/h3>\n<p>sz\u00e9d\u00fcl\u00e9s,<\/p>\n<p>\u2022 Headache<\/p>\n<p>\u2022 G\u00f6rcsrohamok<\/p>\n<p>\u2022 Duzzanat.<\/p>\n<h3>Figyelmeztet\u00e9sek<\/h3>\n<p>A hidrokodon lelass\u00edthatja vagy le\u00e1ll\u00edthatja a l\u00e9gz\u00e9st. Soha ne alkalmazza a Norc\u00f3t az aj\u00e1nlottn\u00e1l hosszabb ideig vagy nagyobb adagokban. M\u00e9g norm\u00e1l adagokban is az opioid f\u00e1jdalomcsillap\u00edt\u00f3k f\u00fcgg\u0151s\u00e9get okozhatnak. Soha ne adja a Norc\u00f3t m\u00e1snak, k\u00fcl\u00f6n\u00f6sen, ha kor\u00e1bban k\u00e1b\u00edt\u00f3szer-f\u00fcgg\u0151s\u00e9ge vagy helytelen haszn\u00e1lata volt. Gy\u0151z\u0151dj\u00f6n meg arr\u00f3l, hogy a gy\u00f3gyszer m\u00e1sokt\u00f3l elz\u00e1rva tartand\u00f3. K\u00fcl\u00f6n\u00f6sen azokban az esetekben, amikor a gy\u00f3gyszert gyermekek vagy m\u00e1s szem\u00e9lyek v\u00e9ny n\u00e9lk\u00fcl haszn\u00e1lj\u00e1k, a k\u00e1b\u00edt\u00f3szer helytelen haszn\u00e1lata f\u00fcgg\u0151s\u00e9ghez, t\u00faladagol\u00e1shoz vagy hal\u00e1lhoz vezethet.<\/p>\n<p>Ha az elm\u00falt 14 napban MAO-g\u00e1tl\u00f3t, p\u00e9ld\u00e1ul izokarboxazidot, linezolidot, metil\u00e9nk\u00e9k injekci\u00f3t, fenelzint, rasagilint, szelegilint vagy tranilcipromint haszn\u00e1ltak, ker\u00fclje a Norco alkalmaz\u00e1s\u00e1t.<\/p>","protected":false},"excerpt":{"rendered":"<p>Buy Norco Tabs Online What is Norco? Acetaminophen and hydrocodone are combined in Norco tabs. One kind of opioid painkiller is hydrocodone. A narcotic is another term for an opioid. The less effective analgesic acetaminophen intensifies the effects of hydrocodone. Purchase NORCO (YELLOW TABS) ONLINE Buy Norco Tabs Online, Norco (Yellow Tabs) is a blend [&hellip;]<\/p>","protected":false},"featured_media":3094,"comment_status":"open","ping_status":"closed","template":"","meta":{"site-sidebar-layout":"default","site-content-layout":"","ast-site-content-layout":"default","site-content-style":"default","site-sidebar-style":"default","ast-global-header-display":"","ast-banner-title-visibility":"","ast-main-header-display":"","ast-hfb-above-header-display":"","ast-hfb-below-header-display":"","ast-hfb-mobile-header-display":"","site-post-title":"","ast-breadcrumbs-content":"","ast-featured-img":"","footer-sml-layout":"","theme-transparent-header-meta":"default","adv-header-id-meta":"","stick-header-meta":"","header-above-stick-meta":"","header-main-stick-meta":"","header-below-stick-meta":"","astra-migrate-meta-layouts":"set","ast-page-background-enabled":"default","ast-page-background-meta":{"desktop":{"background-color":"var(--ast-global-color-4)","background-image":"","background-repeat":"repeat","background-position":"center center","background-size":"auto","background-attachment":"scroll","background-type":"","background-media":"","overlay-type":"","overlay-color":"","overlay-opacity":"","overlay-gradient":""},"tablet":{"background-color":"","background-image":"","background-repeat":"repeat","background-position":"center center","background-size":"auto","background-attachment":"scroll","background-type":"","background-media":"","overlay-type":"","overlay-color":"","overlay-opacity":"","overlay-gradient":""},"mobile":{"background-color":"","background-image":"","background-repeat":"repeat","background-position":"center center","background-size":"auto","background-attachment":"scroll","background-type":"","background-media":"","overlay-type":"","overlay-color":"","overlay-opacity":"","overlay-gradient":""}},"ast-content-background-meta":{"desktop":{"background-color":"var(--ast-global-color-5)","background-image":"","background-repeat":"repeat","background-position":"center center","background-size":"auto","background-attachment":"scroll","background-type":"","background-media":"","overlay-type":"","overlay-color":"","overlay-opacity":"","overlay-gradient":""},"tablet":{"background-color":"var(--ast-global-color-5)","background-image":"","background-repeat":"repeat","background-position":"center center","background-size":"auto","background-attachment":"scroll","background-type":"","background-media":"","overlay-type":"","overlay-color":"","overlay-opacity":"","overlay-gradient":""},"mobile":{"background-color":"var(--ast-global-color-5)","background-image":"","background-repeat":"repeat","background-position":"center center","background-size":"auto","background-attachment":"scroll","background-type":"","background-media":"","overlay-type":"","overlay-color":"","overlay-opacity":"","overlay-gradient":""}}},"product_brand":[],"product_cat":[2385],"product_tag":[1159,1160,1158,1153,1156,1155,1154,1157,1152,1151,1162,1161],"class_list":{"0":"post-3064","1":"product","2":"type-product","3":"status-publish","4":"has-post-thumbnail","6":"product_cat-buy-pain-killer-pills-online","7":"product_tag-buy-norco-yellow-tabs-in-canada","8":"product_tag-buy-norco-yellow-tabs-in-uk","9":"product_tag-buy-norco-yellow-tabs-in-usa","10":"product_tag-buy-norco-yellow-tabs-with-bitcoin","11":"product_tag-buy-norco-yellow-tabs-with-credit-card","12":"product_tag-buy-norco-yellow-tabs-with-money-gram","13":"product_tag-buy-norco-yellow-tabs-with-western-union","14":"product_tag-buy-norco-yellow-tabs-without-a-doctor","15":"product_tag-buy-norco-yellow-tabs-without-prescription","16":"product_tag-norco-yellow-tabs-for-sale","17":"product_tag-norco-yellow-tabs-pills","18":"product_tag-norco-yellow-tabs-tablets","19":"desktop-align-center","20":"tablet-align-left","21":"mobile-align-left","23":"first","24":"instock","25":"shipping-taxable","26":"purchasable","27":"product-type-variable","28":"has-default-attributes"},"yoast_head":"<!-- This site is optimized with the Yoast SEO plugin v25.9 - https:\/\/yoast.com\/wordpress\/plugins\/seo\/ -->\n<title>Buy Norco Tabs Online - Norco Tabs for Sale - Order Norco Tabs<\/title>\n<meta name=\"description\" content=\"Your requirement to buy Norco Tabs online can be fulfilled at our online store as we have Norco Tabs for sale here. Place your order and get affordable deals every day. Order Now!\" \/>\n<meta name=\"robots\" content=\"index, follow, max-snippet:-1, max-image-preview:large, max-video-preview:-1\" \/>\n<link rel=\"canonical\" href=\"https:\/\/buy-prescriptionz.com\/hu\/term\u00e9k\/norco-tablettak-online-vasarlasa\/\" \/>\n<meta property=\"og:locale\" content=\"hu_HU\" \/>\n<meta property=\"og:type\" content=\"article\" \/>\n<meta property=\"og:title\" content=\"Buy Norco Tabs Online - Norco Tabs for Sale - Order Norco Tabs\" \/>\n<meta property=\"og:description\" content=\"Your requirement to buy Norco Tabs online can be fulfilled at our online store as we have Norco Tabs for sale here. Place your order and get affordable deals every day. Order Now!\" \/>\n<meta property=\"og:url\" content=\"https:\/\/buy-prescriptionz.com\/hu\/term\u00e9k\/norco-tablettak-online-vasarlasa\/\" \/>\n<meta property=\"og:site_name\" content=\"Buy Prescriptionz\" \/>\n<meta property=\"article:modified_time\" content=\"2025-09-24T10:04:29+00:00\" \/>\n<meta property=\"og:image\" content=\"https:\/\/buy-prescriptionz.com\/wp-content\/uploads\/2025\/09\/norco-yellow-tabs.jpg\" \/>\n\t<meta property=\"og:image:width\" content=\"400\" \/>\n\t<meta property=\"og:image:height\" content=\"300\" \/>\n\t<meta property=\"og:image:type\" content=\"image\/jpeg\" \/>\n<meta name=\"twitter:card\" content=\"summary_large_image\" \/>\n<meta name=\"twitter:label1\" content=\"Becs\u00fclt olvas\u00e1si id\u0151\" \/>\n\t<meta name=\"twitter:data1\" content=\"3 perc\" \/>\n<script type=\"application\/ld+json\" class=\"yoast-schema-graph\">{\"@context\":\"https:\/\/schema.org\",\"@graph\":[{\"@type\":\"WebPage\",\"@id\":\"https:\/\/buy-prescriptionz.com\/product\/buy-norco-tabs-online\/\",\"url\":\"https:\/\/buy-prescriptionz.com\/product\/buy-norco-tabs-online\/\",\"name\":\"Buy Norco Tabs Online - Norco Tabs for Sale - Order Norco Tabs\",\"isPartOf\":{\"@id\":\"https:\/\/buy-prescriptionz.com\/#website\"},\"primaryImageOfPage\":{\"@id\":\"https:\/\/buy-prescriptionz.com\/product\/buy-norco-tabs-online\/#primaryimage\"},\"image\":{\"@id\":\"https:\/\/buy-prescriptionz.com\/product\/buy-norco-tabs-online\/#primaryimage\"},\"thumbnailUrl\":\"https:\/\/buy-prescriptionz.com\/wp-content\/uploads\/2025\/09\/norco-yellow-tabs.jpg\",\"datePublished\":\"2025-09-16T08:56:10+00:00\",\"dateModified\":\"2025-09-24T10:04:29+00:00\",\"description\":\"Your requirement to buy Norco Tabs online can be fulfilled at our online store as we have Norco Tabs for sale here. Place your order and get affordable deals every day. Order Now!\",\"breadcrumb\":{\"@id\":\"https:\/\/buy-prescriptionz.com\/product\/buy-norco-tabs-online\/#breadcrumb\"},\"inLanguage\":\"hu\",\"potentialAction\":[{\"@type\":\"ReadAction\",\"target\":[\"https:\/\/buy-prescriptionz.com\/product\/buy-norco-tabs-online\/\"]}]},{\"@type\":\"ImageObject\",\"inLanguage\":\"hu\",\"@id\":\"https:\/\/buy-prescriptionz.com\/product\/buy-norco-tabs-online\/#primaryimage\",\"url\":\"https:\/\/buy-prescriptionz.com\/wp-content\/uploads\/2025\/09\/norco-yellow-tabs.jpg\",\"contentUrl\":\"https:\/\/buy-prescriptionz.com\/wp-content\/uploads\/2025\/09\/norco-yellow-tabs.jpg\",\"width\":400,\"height\":300},{\"@type\":\"BreadcrumbList\",\"@id\":\"https:\/\/buy-prescriptionz.com\/product\/buy-norco-tabs-online\/#breadcrumb\",\"itemListElement\":[{\"@type\":\"ListItem\",\"position\":1,\"name\":\"Home\",\"item\":\"https:\/\/buy-prescriptionz.com\/\"},{\"@type\":\"ListItem\",\"position\":2,\"name\":\"Shop Painkillers Online\",\"item\":\"https:\/\/buy-prescriptionz.com\/shop-painkillers-online\/\"},{\"@type\":\"ListItem\",\"position\":3,\"name\":\"Buy Norco Tabs Online\"}]},{\"@type\":\"WebSite\",\"@id\":\"https:\/\/buy-prescriptionz.com\/#website\",\"url\":\"https:\/\/buy-prescriptionz.com\/\",\"name\":\"Buy Prescriptionz\",\"description\":\"Drugs Online\",\"publisher\":{\"@id\":\"https:\/\/buy-prescriptionz.com\/#organization\"},\"potentialAction\":[{\"@type\":\"SearchAction\",\"target\":{\"@type\":\"EntryPoint\",\"urlTemplate\":\"https:\/\/buy-prescriptionz.com\/?s={search_term_string}\"},\"query-input\":{\"@type\":\"PropertyValueSpecification\",\"valueRequired\":true,\"valueName\":\"search_term_string\"}}],\"inLanguage\":\"hu\"},{\"@type\":\"Organization\",\"@id\":\"https:\/\/buy-prescriptionz.com\/#organization\",\"name\":\"Buy Prescriptionz\",\"url\":\"https:\/\/buy-prescriptionz.com\/\",\"logo\":{\"@type\":\"ImageObject\",\"inLanguage\":\"hu\",\"@id\":\"https:\/\/buy-prescriptionz.com\/#\/schema\/logo\/image\/\",\"url\":\"https:\/\/buy-prescriptionz.com\/wp-content\/uploads\/2023\/09\/logo.png\",\"contentUrl\":\"https:\/\/buy-prescriptionz.com\/wp-content\/uploads\/2023\/09\/logo.png\",\"width\":350,\"height\":64,\"caption\":\"Buy Prescriptionz\"},\"image\":{\"@id\":\"https:\/\/buy-prescriptionz.com\/#\/schema\/logo\/image\/\"}}]}<\/script>\n<!-- \/ Yoast SEO plugin. -->","yoast_head_json":{"title":"V\u00e1s\u00e1roljon Norco tablett\u00e1k online - Norco tablett\u00e1k elad\u00f3k - Rendeljen Norco tablett\u00e1k","description":"A Norco Tabs online v\u00e1s\u00e1rl\u00e1si ig\u00e9ny\u00e9t kiel\u00e9g\u00edtheti online \u00e1ruh\u00e1zunkban, mivel itt kaphat\u00f3k Norco Tabs term\u00e9kek. Adja le rendel\u00e9s\u00e9t, \u00e9s \u00e9lvezze a megfizethet\u0151 aj\u00e1nlatokat minden nap. Rendeljen most!","robots":{"index":"index","follow":"follow","max-snippet":"max-snippet:-1","max-image-preview":"max-image-preview:large","max-video-preview":"max-video-preview:-1"},"canonical":"https:\/\/buy-prescriptionz.com\/hu\/term\u00e9k\/norco-tablettak-online-vasarlasa\/","og_locale":"hu_HU","og_type":"article","og_title":"Buy Norco Tabs Online - Norco Tabs for Sale - Order Norco Tabs","og_description":"Your requirement to buy Norco Tabs online can be fulfilled at our online store as we have Norco Tabs for sale here. Place your order and get affordable deals every day. Order Now!","og_url":"https:\/\/buy-prescriptionz.com\/hu\/term\u00e9k\/norco-tablettak-online-vasarlasa\/","og_site_name":"Buy Prescriptionz","article_modified_time":"2025-09-24T10:04:29+00:00","og_image":[{"width":400,"height":300,"url":"https:\/\/buy-prescriptionz.com\/wp-content\/uploads\/2025\/09\/norco-yellow-tabs.jpg","type":"image\/jpeg"}],"twitter_card":"summary_large_image","twitter_misc":{"Becs\u00fclt olvas\u00e1si id\u0151":"3 perc"},"schema":{"@context":"https:\/\/schema.org","@graph":[{"@type":"WebPage","@id":"https:\/\/buy-prescriptionz.com\/product\/buy-norco-tabs-online\/","url":"https:\/\/buy-prescriptionz.com\/product\/buy-norco-tabs-online\/","name":"V\u00e1s\u00e1roljon Norco tablett\u00e1k online - Norco tablett\u00e1k elad\u00f3k - Rendeljen Norco tablett\u00e1k","isPartOf":{"@id":"https:\/\/buy-prescriptionz.com\/#website"},"primaryImageOfPage":{"@id":"https:\/\/buy-prescriptionz.com\/product\/buy-norco-tabs-online\/#primaryimage"},"image":{"@id":"https:\/\/buy-prescriptionz.com\/product\/buy-norco-tabs-online\/#primaryimage"},"thumbnailUrl":"https:\/\/buy-prescriptionz.com\/wp-content\/uploads\/2025\/09\/norco-yellow-tabs.jpg","datePublished":"2025-09-16T08:56:10+00:00","dateModified":"2025-09-24T10:04:29+00:00","description":"A Norco Tabs online v\u00e1s\u00e1rl\u00e1si ig\u00e9ny\u00e9t kiel\u00e9g\u00edtheti online \u00e1ruh\u00e1zunkban, mivel itt kaphat\u00f3k Norco Tabs term\u00e9kek. Adja le rendel\u00e9s\u00e9t, \u00e9s \u00e9lvezze a megfizethet\u0151 aj\u00e1nlatokat minden nap. Rendeljen most!","breadcrumb":{"@id":"https:\/\/buy-prescriptionz.com\/product\/buy-norco-tabs-online\/#breadcrumb"},"inLanguage":"hu","potentialAction":[{"@type":"ReadAction","target":["https:\/\/buy-prescriptionz.com\/product\/buy-norco-tabs-online\/"]}]},{"@type":"ImageObject","inLanguage":"hu","@id":"https:\/\/buy-prescriptionz.com\/product\/buy-norco-tabs-online\/#primaryimage","url":"https:\/\/buy-prescriptionz.com\/wp-content\/uploads\/2025\/09\/norco-yellow-tabs.jpg","contentUrl":"https:\/\/buy-prescriptionz.com\/wp-content\/uploads\/2025\/09\/norco-yellow-tabs.jpg","width":400,"height":300},{"@type":"BreadcrumbList","@id":"https:\/\/buy-prescriptionz.com\/product\/buy-norco-tabs-online\/#breadcrumb","itemListElement":[{"@type":"ListItem","position":1,"name":"Home","item":"https:\/\/buy-prescriptionz.com\/"},{"@type":"ListItem","position":2,"name":"Shop Painkillers Online","item":"https:\/\/buy-prescriptionz.com\/shop-painkillers-online\/"},{"@type":"ListItem","position":3,"name":"Buy Norco Tabs Online"}]},{"@type":"WebSite","@id":"https:\/\/buy-prescriptionz.com\/#website","url":"https:\/\/buy-prescriptionz.com\/","name":"Buy Prescriptionz","description":"Online gy\u00f3gyszerek","publisher":{"@id":"https:\/\/buy-prescriptionz.com\/#organization"},"potentialAction":[{"@type":"SearchAction","target":{"@type":"EntryPoint","urlTemplate":"https:\/\/buy-prescriptionz.com\/?s={search_term_string}"},"query-input":{"@type":"PropertyValueSpecification","valueRequired":true,"valueName":"search_term_string"}}],"inLanguage":"hu"},{"@type":"Organization","@id":"https:\/\/buy-prescriptionz.com\/#organization","name":"Buy Prescriptionz","url":"https:\/\/buy-prescriptionz.com\/","logo":{"@type":"ImageObject","inLanguage":"hu","@id":"https:\/\/buy-prescriptionz.com\/#\/schema\/logo\/image\/","url":"https:\/\/buy-prescriptionz.com\/wp-content\/uploads\/2023\/09\/logo.png","contentUrl":"https:\/\/buy-prescriptionz.com\/wp-content\/uploads\/2023\/09\/logo.png","width":350,"height":64,"caption":"Buy Prescriptionz"},"image":{"@id":"https:\/\/buy-prescriptionz.com\/#\/schema\/logo\/image\/"}}]}},"_links":{"self":[{"href":"https:\/\/buy-prescriptionz.com\/hu\/wp-json\/wp\/v2\/product\/3064","targetHints":{"allow":["GET"]}}],"collection":[{"href":"https:\/\/buy-prescriptionz.com\/hu\/wp-json\/wp\/v2\/product"}],"about":[{"href":"https:\/\/buy-prescriptionz.com\/hu\/wp-json\/wp\/v2\/types\/product"}],"replies":[{"embeddable":true,"href":"https:\/\/buy-prescriptionz.com\/hu\/wp-json\/wp\/v2\/comments?post=3064"}],"wp:featuredmedia":[{"embeddable":true,"href":"https:\/\/buy-prescriptionz.com\/hu\/wp-json\/wp\/v2\/media\/3094"}],"wp:attachment":[{"href":"https:\/\/buy-prescriptionz.com\/hu\/wp-json\/wp\/v2\/media?parent=3064"}],"wp:term":[{"taxonomy":"product_brand","embeddable":true,"href":"https:\/\/buy-prescriptionz.com\/hu\/wp-json\/wp\/v2\/product_brand?post=3064"},{"taxonomy":"product_cat","embeddable":true,"href":"https:\/\/buy-prescriptionz.com\/hu\/wp-json\/wp\/v2\/product_cat?post=3064"},{"taxonomy":"product_tag","embeddable":true,"href":"https:\/\/buy-prescriptionz.com\/hu\/wp-json\/wp\/v2\/product_tag?post=3064"}],"curies":[{"name":"wp","href":"https:\/\/api.w.org\/{rel}","templated":true}]}}