{"id":3066,"date":"2025-09-16T08:56:11","date_gmt":"2025-09-16T08:56:11","guid":{"rendered":"https:\/\/chemsfine.com\/newsite\/?post_type=product&#038;p=3066"},"modified":"2025-09-29T11:01:19","modified_gmt":"2025-09-29T11:01:19","slug":"mepron-vegyszer-online-vasarlas","status":"publish","type":"product","link":"https:\/\/buy-prescriptionz.com\/hu\/term%c3%a9k\/mepron-vegyszer-online-vasarlas\/","title":{"rendered":"V\u00e1s\u00e1rl\u00e1s Mepron Chemical Online"},"content":{"rendered":"<h2>V\u00e1s\u00e1rl\u00e1s Mepron Chemical Online<\/h2>\n<h3>Mit csin\u00e1l a mepron?<\/h3>\n<p>M\u00edg egyesek nem szedhetnek trimetoprim-szulfametoxazolt (TMP-SMX), a mepron (atovaquone) egy antiprotozo\u00e1lis gy\u00f3gyszer, amelyet enyhe vagy k\u00f6zepesen s\u00falyos Pneumocystis carinii t\u00fcd\u0151gyullad\u00e1s kezel\u00e9s\u00e9re haszn\u00e1lnak, valamint a fert\u0151z\u00e9s elker\u00fcl\u00e9s\u00e9re is haszn\u00e1lj\u00e1k azokn\u00e1l, akik k\u00e9pesek r\u00e1.<\/p>\n<h3>Milyen \u00e9rz\u00e9seket kelt benned a Mepron?<\/h3>\n<p>gyomorf\u00e1jdalom vagy -panaszok, hasmen\u00e9s, sz\u00e9kreked\u00e9s, fejf\u00e1j\u00e1s, f\u00e1radts\u00e1g, sz\u00e9d\u00fcl\u00e9s, izomf\u00e1jdalom, b\u0151rki\u00fct\u00e9s, izzad\u00e1s vagy alv\u00e1si neh\u00e9zs\u00e9gek, valamint alv\u00e1s k\u00f6zbeni vagy alv\u00e1sban marad\u00e1si k\u00e9ptelens\u00e9g. Ha az al\u00e1bbi vesz\u00e9lyes mell\u00e9khat\u00e1sok b\u00e1rmelyik\u00e9t tapasztalja, azonnal forduljon orvoshoz, vagy h\u00edvja a 911-et. Figyelmeztet\u0151 jelek a szemben, mint p\u00e9ld\u00e1ul gyors l\u00e1t\u00e1sveszt\u00e9s, hom\u00e1lyos l\u00e1t\u00e1s, alag\u00fatl\u00e1t\u00e1s, szemf\u00e1jdalom vagy duzzanat, vagy gy\u0171r\u0171k l\u00e1t\u00e1sa a f\u00e9nyek k\u00f6r\u00fcl. Rossz sz\u00edvprobl\u00e9m\u00e1k, mint p\u00e9ld\u00e1ul gyors, egyenetlen vagy l\u00fcktet\u0151 sz\u00edvver\u00e9s, remeg\u00e9s a mellkasban, l\u00e9gszomj, \u00e9s gyors sz\u00e9d\u00fcl\u00e9s, \u00e1jul\u00e1s\u00e9rz\u00e9s vagy \u00e1jul\u00e1s. Er\u0151s fejf\u00e1j\u00e1s, zavarts\u00e1g, elmos\u00f3dott besz\u00e9d, gyenge karok vagy l\u00e1bak, j\u00e1r\u00e1si neh\u00e9zs\u00e9gek, egyens\u00falyveszt\u00e9s, remeg\u00e9s, nagyon merev izmok, magas l\u00e1z, er\u0151s izzad\u00e1s vagy remeg\u00e9s. Lehetnek m\u00e1s mell\u00e9khat\u00e1sok is, amelyek nem szerepelnek ebben a sz\u00f6vegben. Besz\u00e9ljen orvos\u00e1val, ha t\u00f6bbet szeretne megtudni a mell\u00e9khat\u00e1sokr\u00f3l.<\/p>\n<h3>Mennyi Mepron-t kell bevenni?<\/h3>\n<p>A Mepron (atovakon) te\u00e1skan\u00e1lonk\u00e9nt (5 ml) 750 mg atovakont tartalmaz. Az adag feln\u0151ttekn\u00e9l \u00e9s gyermekekn\u00e9l elt\u00e9r\u0151, \u00e9s azt a fel\u00edr\u00f3 orvos hat\u00e1rozza meg. Ne feledje, hogy ha a Mepron szuszpenzi\u00f3t nem veszi be \u00e9tellel, az megnehez\u00edtheti a kezel\u00e9s hat\u00e1s\u00e1t. Az atovakonra allergi\u00e1s szem\u00e9lyek nem szedhetik ezt a gy\u00f3gyszert.<\/p>\n<p>Milyen m\u00e1s gy\u00f3gyszerek, anyagok vagy t\u00e1pl\u00e1l\u00e9kkieg\u00e9sz\u00edt\u0151k m\u0171k\u00f6dnek egy\u00fctt a mepronnal? El\u0151fordulhat, hogy a mepron nem m\u0171k\u00f6dik j\u00f3l bizonyos gy\u00f3gyszerekkel, p\u00e9ld\u00e1ul a rifabutinnal, rifampinnal, v\u00e9rh\u00edg\u00edt\u00f3kkal vagy a g\u00f6rcsrohamok kezel\u00e9s\u00e9re haszn\u00e1lt gy\u00f3gyszerekkel.<\/p>\n<p>Mepron szed\u00e9se terhess\u00e9g vagy szoptat\u00e1s alatt Nincs elegend\u0151 adat a Mepron terhes n\u0151kn\u00e9l t\u00f6rt\u00e9n\u0151 alkalmaz\u00e1s\u00e1r\u00f3l. A Mepron terhess\u00e9g alatt csak akkor alkalmazhat\u00f3, ha a lehets\u00e9ges el\u0151ny\u00f6k meghaladj\u00e1k a magzatra gyakorolt \u200b\u200blehets\u00e9ges kock\u00e1zatokat. Nem tudjuk, hogy a Mepron bejut-e az anyatejbe. A szoptat\u00e1s megkezd\u00e9se el\u0151tt besz\u00e9ljen orvos\u00e1val.<\/p>\n<p>A Mepron v\u00e1s\u00e1rl\u00e1s\u00e1nak megb\u00edzhat\u00f3 \u00e9s k\u00e9nyelmes m\u00f3dj\u00e1\u00e9rt v\u00e1lassza a legjobb gy\u00f3gyszert\u00e1rat, a Buy-prescriptionz.com-ot. Eredeti gy\u00f3gyszerek sz\u00e9les v\u00e1laszt\u00e9k\u00e1t, versenyk\u00e9pes \u00e1rakat, biztons\u00e1gos tranzakci\u00f3kat \u00e9s kiv\u00e1l\u00f3 \u00fcgyf\u00e9lszolg\u00e1latot k\u00edn\u00e1lva a Buy-prescriptionz.com z\u00f6kken\u0151mentes \u00e9s megb\u00edzhat\u00f3 v\u00e1s\u00e1rl\u00e1si \u00e9lm\u00e9nyt biztos\u00edt. L\u00e1togasson el m\u00e9g ma a Buy-prescriptionz.com oldalra, hogy magabiztosan el\u00e9g\u00edthesse ki receptre vonatkoz\u00f3 ig\u00e9nyeit.<\/p>\n<h3>L\u00e9nyeges inform\u00e1ci\u00f3k a Mepronr\u00f3l<\/h3>\n<p>V\u00e1s\u00e1roljon Mepron Chemical-t online A Pneumocystis jiroveci t\u00fcd\u0151gyullad\u00e1s egyfajta t\u00fcd\u0151gyullad\u00e1s, amely a t\u00fcd\u0151t \u00e9rinti. A Pneumocystis jiroveci n\u00f6veked\u00e9s fert\u0151z\u00e9st okoz. A hagyom\u00e1nyos Mepron finomabb por form\u00e1j\u00e1ban tartalmazza az atovaquont. Ez el\u0151seg\u00edti a gy\u00f3gyszer jobb felsz\u00edv\u00f3d\u00e1s\u00e1t m\u00e1s tablett\u00e1khoz k\u00e9pest. A Pneumocystis jiroveci t\u00fcd\u0151gyullad\u00e1s megel\u0151z\u00e9s\u00e9re \u00e9s kezel\u00e9s\u00e9re is haszn\u00e1lj\u00e1k. A hagyom\u00e1nyos Mepron \u00fagy fejti ki hat\u00e1s\u00e1t, hogy g\u00e1tolja a Pneumocystis jiroveci n\u00f6veked\u00e9s\u00e9nek n\u00f6veked\u00e9s\u00e9t HIV-vel \u00f6sszef\u00fcgg\u0151 esetekben. \u00c9sszer\u0171 adagol\u00e1sban b\u00e1rmely koroszt\u00e1ly sz\u00e1m\u00e1ra aj\u00e1nlott. A gy\u00f3gyszert a pneumocystis carinii t\u00fcd\u0151gyullad\u00e1s megel\u0151z\u00e9s\u00e9re is fel\u00edrj\u00e1k azoknak a betegeknek, akik nem toler\u00e1lj\u00e1k a trimetoprim-szulfametoxazol kezel\u00e9st.<\/p>\n<h3>V\u00e9d\u0151int\u00e9zked\u00e9sek\/mell\u00e9khat\u00e1sok f\u00e9rfiak sz\u00e1m\u00e1ra<\/h3>\n<p>Szedjen m\u00e1rk\u00e1s vagy nem kiz\u00e1r\u00f3lagos Mepron\/Atovaquone-t \u00e9tkez\u00e9s mellett. Jav\u00edtja a biohasznosul\u00e1st, ami azt jelenti, hogy a gy\u00f3gyszer k\u00f6zpontos\u00edt\u00e1sa a szervezetben nagym\u00e9rt\u00e9kben javul, ha \u00e9tellel egy\u00fctt szedi. H\u00e1ziorvosa fontol\u00f3ra veszi a gy\u00f3gyszer inf\u00fazi\u00f3 form\u00e1j\u00e1ban t\u00f6rt\u00e9n\u0151 bead\u00e1s\u00e1t, ha nem hajland\u00f3 a gy\u00f3gyszert \u00e9tellel egy\u00fctt szedni. Ez elengedhetetlen a fejl\u0151d\u00e9si sebess\u00e9g \u00e9s a t\u00fal\u00e9l\u00e9s szempontj\u00e1b\u00f3l. Ha m\u00e1s bakteri\u00e1lis vagy v\u00edrusos fert\u0151z\u00e9sek is fenn\u00e1llnak, nem aj\u00e1nlott ezt a gy\u00f3gyszert folyamatosan szedni. Konzult\u00e1ljon h\u00e1ziorvos\u00e1val, ha terhes. Szak\u00e9rt\u0151 meg\u00edt\u00e9l\u00e9sre van sz\u00fcks\u00e9g a Mepron-kezel\u00e9s el\u0151nyeinek \u00e9s a Pneumocystis jiroveci t\u00fcd\u0151gyullad\u00e1s kock\u00e1zat\u00e1nak felm\u00e9r\u00e9s\u00e9hez. Konzult\u00e1ljon h\u00e1ziorvos\u00e1val, ha a gy\u00f3gyszert terhess\u00e9g alatt kell szednie. T\u00e1j\u00e9koztassa h\u00e1ziorvos\u00e1t, ha m\u00e1j- vagy vesefert\u0151z\u00e9sben szenved, vagy bizonyos gy\u00f3gyszereket szed, p\u00e9ld\u00e1ul rifabutint, rifampint, g\u00f6rcsrohamokat stb. A m\u00e1rk\u00e1s vagy hagyom\u00e1nyos Mepron\/Atovaquone-nal t\u00f6rt\u00e9n\u0151 kezel\u00e9s sor\u00e1n fell\u00e9p\u0151 reakci\u00f3k a k\u00f6vetkez\u0151k: S\u00e9r\u00fcl\u00e9s, hal\u00e1l, betegs\u00e9g, bizonytalans\u00e1g, furcsa el\u00e9gtelens\u00e9g \u00e9s feh\u00e9r lerak\u00f3d\u00e1sok a torokban vagy a sz\u00e1jban. A m\u00e1rk\u00e1s vagy nem kiz\u00e1r\u00f3lagos Mepron enyhe reakci\u00f3kat is okozhat, mint p\u00e9ld\u00e1ul elz\u00e1r\u00f3d\u00e1s, orrfoly\u00e1s, alv\u00e1shi\u00e1ny, izzad\u00e1s \u00e9s enyhe b\u0151rki\u00fct\u00e9sek.<\/p>\n<h3>Mepron adagol\u00e1s<\/h3>\n<p>A m\u00e1rk\u00e1s vagy hagyom\u00e1nyos Mepron szuszpenzi\u00f3 kancs\u00f3kban kaphat\u00f3. Ellenkez\u0151 hat\u00e1s eset\u00e9n a javasolt adagol\u00e1s 10 ml naponta egyszer, \u00e9tkez\u00e9s k\u00f6zben. Ter\u00e1pi\u00e1ra 5 ml szuszpenzi\u00f3 aj\u00e1nlott naponta k\u00e9tszer, 21 napig. Az adagol\u00e1s feln\u0151ttek \u00e9s 13 \u00e9v feletti serd\u00fcl\u0151k eset\u00e9ben megegyezik. A nap folyam\u00e1n azonos id\u0151k\u00f6zt kell tartani a k\u00e9t adag k\u00f6z\u00f6tt, hogy a gy\u00f3gyszer egyenletesen eloszoljon a szervezetben. T\u00e1vol\u00edtsa el a f\u00fclet a ny\u00edl\u00e1sn\u00e1l, \u00e9s t\u00e9pje le a tasak kinyit\u00e1s\u00e1hoz sz\u00fcks\u00e9ges bem\u00e9lyed\u00e9st. Haszn\u00e1lat el\u0151tt finoman r\u00e1zza fel a tart\u00e1lyt. Ne hagyja abba a gy\u00f3gyszer szed\u00e9s\u00e9t az aj\u00e1nlott id\u0151tartam fel\u00e9n\u00e9l. A Mepron or\u00e1lis szuszpenzi\u00f3t 750 mg\/5 ml-es d\u00f3zisban tartjuk rakt\u00e1ron. A tart\u00f3s betegs\u00e9g sor\u00e1n jelent\u0151s mennyis\u00e9g\u0171 gy\u00f3gyszert takar\u00edtok meg. V\u00e1s\u00e1roljon Mepron-t a Buyprescriptionz-t\u0151l, \u00e9s \u00e9lvezze az alacsonyabb \u00e1rak el\u0151nyeit.<\/p>","protected":false},"excerpt":{"rendered":"<p>Buy Mepron Chemical Online What does mepron do? While some people can&#8217;t take trimethoprim-sulfamethoxazole (TMP-SMX), mepron (atovaquone) is an antiprotozoal drug that is used to treat mild to moderate Pneumocystis carinii pneumonia, it is also used to avoid this infection in people who can. How does Mepron make you feel? stomach pain or upset, diarrhoea, [&hellip;]<\/p>","protected":false},"featured_media":3096,"comment_status":"open","ping_status":"closed","template":"","meta":{"site-sidebar-layout":"default","site-content-layout":"","ast-site-content-layout":"default","site-content-style":"default","site-sidebar-style":"default","ast-global-header-display":"","ast-banner-title-visibility":"","ast-main-header-display":"","ast-hfb-above-header-display":"","ast-hfb-below-header-display":"","ast-hfb-mobile-header-display":"","site-post-title":"","ast-breadcrumbs-content":"","ast-featured-img":"","footer-sml-layout":"","theme-transparent-header-meta":"default","adv-header-id-meta":"","stick-header-meta":"","header-above-stick-meta":"","header-main-stick-meta":"","header-below-stick-meta":"","astra-migrate-meta-layouts":"set","ast-page-background-enabled":"default","ast-page-background-meta":{"desktop":{"background-color":"var(--ast-global-color-4)","background-image":"","background-repeat":"repeat","background-position":"center center","background-size":"auto","background-attachment":"scroll","background-type":"","background-media":"","overlay-type":"","overlay-color":"","overlay-opacity":"","overlay-gradient":""},"tablet":{"background-color":"","background-image":"","background-repeat":"repeat","background-position":"center center","background-size":"auto","background-attachment":"scroll","background-type":"","background-media":"","overlay-type":"","overlay-color":"","overlay-opacity":"","overlay-gradient":""},"mobile":{"background-color":"","background-image":"","background-repeat":"repeat","background-position":"center center","background-size":"auto","background-attachment":"scroll","background-type":"","background-media":"","overlay-type":"","overlay-color":"","overlay-opacity":"","overlay-gradient":""}},"ast-content-background-meta":{"desktop":{"background-color":"var(--ast-global-color-5)","background-image":"","background-repeat":"repeat","background-position":"center center","background-size":"auto","background-attachment":"scroll","background-type":"","background-media":"","overlay-type":"","overlay-color":"","overlay-opacity":"","overlay-gradient":""},"tablet":{"background-color":"var(--ast-global-color-5)","background-image":"","background-repeat":"repeat","background-position":"center center","background-size":"auto","background-attachment":"scroll","background-type":"","background-media":"","overlay-type":"","overlay-color":"","overlay-opacity":"","overlay-gradient":""},"mobile":{"background-color":"var(--ast-global-color-5)","background-image":"","background-repeat":"repeat","background-position":"center center","background-size":"auto","background-attachment":"scroll","background-type":"","background-media":"","overlay-type":"","overlay-color":"","overlay-opacity":"","overlay-gradient":""}}},"product_brand":[],"product_cat":[2385],"product_tag":[1170,1171,1165,1168,1167,1166,1169,1164,1163,1173,1172],"class_list":{"0":"post-3066","1":"product","2":"type-product","3":"status-publish","4":"has-post-thumbnail","6":"product_cat-buy-pain-killer-pills-online","7":"product_tag-buy-mepron-chemical-name-atovaquone-in-canada","8":"product_tag-buy-mepron-chemical-name-atovaquone-in-uk","9":"product_tag-buy-mepron-chemical-name-atovaquone-with-bitcoin","10":"product_tag-buy-mepron-chemical-name-atovaquone-with-credit-card","11":"product_tag-buy-mepron-chemical-name-atovaquone-with-money-gram","12":"product_tag-buy-mepron-chemical-name-atovaquone-with-western-union","13":"product_tag-buy-mepron-chemical-name-atovaquone-without-a-doctor","14":"product_tag-buy-mepron-chemical-name-atovaquone-without-prescription","15":"product_tag-mepron-chemical-name-atovaquone-for-sale","16":"product_tag-mepron-chemical-name-atovaquone-pills","17":"product_tag-mepron-chemical-name-atovaquone-tablets","18":"desktop-align-center","19":"tablet-align-left","20":"mobile-align-left","22":"first","23":"instock","24":"shipping-taxable","25":"purchasable","26":"product-type-variable","27":"has-default-attributes"},"yoast_head":"<!-- This site is optimized with the Yoast SEO plugin v25.9 - https:\/\/yoast.com\/wordpress\/plugins\/seo\/ -->\n<title>Buy Mepron Chemical Online Buy Mepron Chemical Online-<\/title>\n<meta name=\"description\" content=\"Buy Mepron Chemical Online where you can buy Buy Mepron Chemical Online Online name-atovaquone at best prices with free shipping and home delivery\" \/>\n<meta name=\"robots\" content=\"index, follow, max-snippet:-1, max-image-preview:large, max-video-preview:-1\" \/>\n<link rel=\"canonical\" href=\"https:\/\/buy-prescriptionz.com\/hu\/term\u00e9k\/mepron-vegyszer-online-vasarlas\/\" \/>\n<meta property=\"og:locale\" content=\"hu_HU\" \/>\n<meta property=\"og:type\" content=\"article\" \/>\n<meta property=\"og:title\" content=\"Buy Mepron Chemical Online Buy Mepron Chemical Online-\" \/>\n<meta property=\"og:description\" content=\"Buy Mepron Chemical Online where you can buy Buy Mepron Chemical Online Online name-atovaquone at best prices with free shipping and home delivery\" \/>\n<meta property=\"og:url\" content=\"https:\/\/buy-prescriptionz.com\/hu\/term\u00e9k\/mepron-vegyszer-online-vasarlas\/\" \/>\n<meta property=\"og:site_name\" content=\"Buy Prescriptionz\" \/>\n<meta property=\"article:modified_time\" content=\"2025-09-29T11:01:19+00:00\" \/>\n<meta property=\"og:image\" content=\"https:\/\/buy-prescriptionz.com\/wp-content\/uploads\/2025\/09\/mepron-chemical-name-atovaquone.jpg\" \/>\n\t<meta property=\"og:image:width\" content=\"400\" \/>\n\t<meta property=\"og:image:height\" content=\"300\" \/>\n\t<meta property=\"og:image:type\" content=\"image\/jpeg\" \/>\n<meta name=\"twitter:card\" content=\"summary_large_image\" \/>\n<meta name=\"twitter:label1\" content=\"Becs\u00fclt olvas\u00e1si id\u0151\" \/>\n\t<meta name=\"twitter:data1\" content=\"4 perc\" \/>\n<script type=\"application\/ld+json\" class=\"yoast-schema-graph\">{\"@context\":\"https:\/\/schema.org\",\"@graph\":[{\"@type\":\"WebPage\",\"@id\":\"https:\/\/buy-prescriptionz.com\/product\/buy-mepron-chemical-online\/\",\"url\":\"https:\/\/buy-prescriptionz.com\/product\/buy-mepron-chemical-online\/\",\"name\":\"Buy Mepron Chemical Online Buy Mepron Chemical Online-\",\"isPartOf\":{\"@id\":\"https:\/\/buy-prescriptionz.com\/#website\"},\"primaryImageOfPage\":{\"@id\":\"https:\/\/buy-prescriptionz.com\/product\/buy-mepron-chemical-online\/#primaryimage\"},\"image\":{\"@id\":\"https:\/\/buy-prescriptionz.com\/product\/buy-mepron-chemical-online\/#primaryimage\"},\"thumbnailUrl\":\"https:\/\/buy-prescriptionz.com\/wp-content\/uploads\/2025\/09\/mepron-chemical-name-atovaquone.jpg\",\"datePublished\":\"2025-09-16T08:56:11+00:00\",\"dateModified\":\"2025-09-29T11:01:19+00:00\",\"description\":\"Buy Mepron Chemical Online where you can buy Buy Mepron Chemical Online Online name-atovaquone at best prices with free shipping and home delivery\",\"breadcrumb\":{\"@id\":\"https:\/\/buy-prescriptionz.com\/product\/buy-mepron-chemical-online\/#breadcrumb\"},\"inLanguage\":\"hu\",\"potentialAction\":[{\"@type\":\"ReadAction\",\"target\":[\"https:\/\/buy-prescriptionz.com\/product\/buy-mepron-chemical-online\/\"]}]},{\"@type\":\"ImageObject\",\"inLanguage\":\"hu\",\"@id\":\"https:\/\/buy-prescriptionz.com\/product\/buy-mepron-chemical-online\/#primaryimage\",\"url\":\"https:\/\/buy-prescriptionz.com\/wp-content\/uploads\/2025\/09\/mepron-chemical-name-atovaquone.jpg\",\"contentUrl\":\"https:\/\/buy-prescriptionz.com\/wp-content\/uploads\/2025\/09\/mepron-chemical-name-atovaquone.jpg\",\"width\":400,\"height\":300},{\"@type\":\"BreadcrumbList\",\"@id\":\"https:\/\/buy-prescriptionz.com\/product\/buy-mepron-chemical-online\/#breadcrumb\",\"itemListElement\":[{\"@type\":\"ListItem\",\"position\":1,\"name\":\"Home\",\"item\":\"https:\/\/buy-prescriptionz.com\/\"},{\"@type\":\"ListItem\",\"position\":2,\"name\":\"Shop Painkillers Online\",\"item\":\"https:\/\/buy-prescriptionz.com\/shop-painkillers-online\/\"},{\"@type\":\"ListItem\",\"position\":3,\"name\":\"Buy Mepron Chemical Online\"}]},{\"@type\":\"WebSite\",\"@id\":\"https:\/\/buy-prescriptionz.com\/#website\",\"url\":\"https:\/\/buy-prescriptionz.com\/\",\"name\":\"Buy Prescriptionz\",\"description\":\"Drugs Online\",\"publisher\":{\"@id\":\"https:\/\/buy-prescriptionz.com\/#organization\"},\"potentialAction\":[{\"@type\":\"SearchAction\",\"target\":{\"@type\":\"EntryPoint\",\"urlTemplate\":\"https:\/\/buy-prescriptionz.com\/?s={search_term_string}\"},\"query-input\":{\"@type\":\"PropertyValueSpecification\",\"valueRequired\":true,\"valueName\":\"search_term_string\"}}],\"inLanguage\":\"hu\"},{\"@type\":\"Organization\",\"@id\":\"https:\/\/buy-prescriptionz.com\/#organization\",\"name\":\"Buy Prescriptionz\",\"url\":\"https:\/\/buy-prescriptionz.com\/\",\"logo\":{\"@type\":\"ImageObject\",\"inLanguage\":\"hu\",\"@id\":\"https:\/\/buy-prescriptionz.com\/#\/schema\/logo\/image\/\",\"url\":\"https:\/\/buy-prescriptionz.com\/wp-content\/uploads\/2023\/09\/logo.png\",\"contentUrl\":\"https:\/\/buy-prescriptionz.com\/wp-content\/uploads\/2023\/09\/logo.png\",\"width\":350,\"height\":64,\"caption\":\"Buy Prescriptionz\"},\"image\":{\"@id\":\"https:\/\/buy-prescriptionz.com\/#\/schema\/logo\/image\/\"}}]}<\/script>\n<!-- \/ Yoast SEO plugin. -->","yoast_head_json":{"title":"V\u00e1s\u00e1roljon Mepron Chemical-t online V\u00e1s\u00e1roljon Mepron Chemical-t online-","description":"V\u00e1s\u00e1roljon Mepron Chemical-t online, ahol atovaquone n\u00e9ven a legjobb \u00e1ron, ingyenes sz\u00e1ll\u00edt\u00e1ssal \u00e9s h\u00e1zhozsz\u00e1ll\u00edt\u00e1ssal v\u00e1s\u00e1rolhat Mepron Chemical-t online.","robots":{"index":"index","follow":"follow","max-snippet":"max-snippet:-1","max-image-preview":"max-image-preview:large","max-video-preview":"max-video-preview:-1"},"canonical":"https:\/\/buy-prescriptionz.com\/hu\/term\u00e9k\/mepron-vegyszer-online-vasarlas\/","og_locale":"hu_HU","og_type":"article","og_title":"Buy Mepron Chemical Online Buy Mepron Chemical Online-","og_description":"Buy Mepron Chemical Online where you can buy Buy Mepron Chemical Online Online name-atovaquone at best prices with free shipping and home delivery","og_url":"https:\/\/buy-prescriptionz.com\/hu\/term\u00e9k\/mepron-vegyszer-online-vasarlas\/","og_site_name":"Buy Prescriptionz","article_modified_time":"2025-09-29T11:01:19+00:00","og_image":[{"width":400,"height":300,"url":"https:\/\/buy-prescriptionz.com\/wp-content\/uploads\/2025\/09\/mepron-chemical-name-atovaquone.jpg","type":"image\/jpeg"}],"twitter_card":"summary_large_image","twitter_misc":{"Becs\u00fclt olvas\u00e1si id\u0151":"4 perc"},"schema":{"@context":"https:\/\/schema.org","@graph":[{"@type":"WebPage","@id":"https:\/\/buy-prescriptionz.com\/product\/buy-mepron-chemical-online\/","url":"https:\/\/buy-prescriptionz.com\/product\/buy-mepron-chemical-online\/","name":"V\u00e1s\u00e1roljon Mepron Chemical-t online V\u00e1s\u00e1roljon Mepron Chemical-t online-","isPartOf":{"@id":"https:\/\/buy-prescriptionz.com\/#website"},"primaryImageOfPage":{"@id":"https:\/\/buy-prescriptionz.com\/product\/buy-mepron-chemical-online\/#primaryimage"},"image":{"@id":"https:\/\/buy-prescriptionz.com\/product\/buy-mepron-chemical-online\/#primaryimage"},"thumbnailUrl":"https:\/\/buy-prescriptionz.com\/wp-content\/uploads\/2025\/09\/mepron-chemical-name-atovaquone.jpg","datePublished":"2025-09-16T08:56:11+00:00","dateModified":"2025-09-29T11:01:19+00:00","description":"V\u00e1s\u00e1roljon Mepron Chemical-t online, ahol atovaquone n\u00e9ven a legjobb \u00e1ron, ingyenes sz\u00e1ll\u00edt\u00e1ssal \u00e9s h\u00e1zhozsz\u00e1ll\u00edt\u00e1ssal v\u00e1s\u00e1rolhat Mepron Chemical-t online.","breadcrumb":{"@id":"https:\/\/buy-prescriptionz.com\/product\/buy-mepron-chemical-online\/#breadcrumb"},"inLanguage":"hu","potentialAction":[{"@type":"ReadAction","target":["https:\/\/buy-prescriptionz.com\/product\/buy-mepron-chemical-online\/"]}]},{"@type":"ImageObject","inLanguage":"hu","@id":"https:\/\/buy-prescriptionz.com\/product\/buy-mepron-chemical-online\/#primaryimage","url":"https:\/\/buy-prescriptionz.com\/wp-content\/uploads\/2025\/09\/mepron-chemical-name-atovaquone.jpg","contentUrl":"https:\/\/buy-prescriptionz.com\/wp-content\/uploads\/2025\/09\/mepron-chemical-name-atovaquone.jpg","width":400,"height":300},{"@type":"BreadcrumbList","@id":"https:\/\/buy-prescriptionz.com\/product\/buy-mepron-chemical-online\/#breadcrumb","itemListElement":[{"@type":"ListItem","position":1,"name":"Home","item":"https:\/\/buy-prescriptionz.com\/"},{"@type":"ListItem","position":2,"name":"Shop Painkillers Online","item":"https:\/\/buy-prescriptionz.com\/shop-painkillers-online\/"},{"@type":"ListItem","position":3,"name":"Buy Mepron Chemical Online"}]},{"@type":"WebSite","@id":"https:\/\/buy-prescriptionz.com\/#website","url":"https:\/\/buy-prescriptionz.com\/","name":"Buy Prescriptionz","description":"Online gy\u00f3gyszerek","publisher":{"@id":"https:\/\/buy-prescriptionz.com\/#organization"},"potentialAction":[{"@type":"SearchAction","target":{"@type":"EntryPoint","urlTemplate":"https:\/\/buy-prescriptionz.com\/?s={search_term_string}"},"query-input":{"@type":"PropertyValueSpecification","valueRequired":true,"valueName":"search_term_string"}}],"inLanguage":"hu"},{"@type":"Organization","@id":"https:\/\/buy-prescriptionz.com\/#organization","name":"Buy Prescriptionz","url":"https:\/\/buy-prescriptionz.com\/","logo":{"@type":"ImageObject","inLanguage":"hu","@id":"https:\/\/buy-prescriptionz.com\/#\/schema\/logo\/image\/","url":"https:\/\/buy-prescriptionz.com\/wp-content\/uploads\/2023\/09\/logo.png","contentUrl":"https:\/\/buy-prescriptionz.com\/wp-content\/uploads\/2023\/09\/logo.png","width":350,"height":64,"caption":"Buy Prescriptionz"},"image":{"@id":"https:\/\/buy-prescriptionz.com\/#\/schema\/logo\/image\/"}}]}},"_links":{"self":[{"href":"https:\/\/buy-prescriptionz.com\/hu\/wp-json\/wp\/v2\/product\/3066","targetHints":{"allow":["GET"]}}],"collection":[{"href":"https:\/\/buy-prescriptionz.com\/hu\/wp-json\/wp\/v2\/product"}],"about":[{"href":"https:\/\/buy-prescriptionz.com\/hu\/wp-json\/wp\/v2\/types\/product"}],"replies":[{"embeddable":true,"href":"https:\/\/buy-prescriptionz.com\/hu\/wp-json\/wp\/v2\/comments?post=3066"}],"wp:featuredmedia":[{"embeddable":true,"href":"https:\/\/buy-prescriptionz.com\/hu\/wp-json\/wp\/v2\/media\/3096"}],"wp:attachment":[{"href":"https:\/\/buy-prescriptionz.com\/hu\/wp-json\/wp\/v2\/media?parent=3066"}],"wp:term":[{"taxonomy":"product_brand","embeddable":true,"href":"https:\/\/buy-prescriptionz.com\/hu\/wp-json\/wp\/v2\/product_brand?post=3066"},{"taxonomy":"product_cat","embeddable":true,"href":"https:\/\/buy-prescriptionz.com\/hu\/wp-json\/wp\/v2\/product_cat?post=3066"},{"taxonomy":"product_tag","embeddable":true,"href":"https:\/\/buy-prescriptionz.com\/hu\/wp-json\/wp\/v2\/product_tag?post=3066"}],"curies":[{"name":"wp","href":"https:\/\/api.w.org\/{rel}","templated":true}]}}