{"id":3067,"date":"2025-09-16T08:56:11","date_gmt":"2025-09-16T08:56:11","guid":{"rendered":"https:\/\/chemsfine.com\/newsite\/?post_type=product&#038;p=3067"},"modified":"2025-09-29T10:42:33","modified_gmt":"2025-09-29T10:42:33","slug":"lorazepam-ativan-online-vasarlas","status":"publish","type":"product","link":"https:\/\/buy-prescriptionz.com\/hu\/term%c3%a9k\/lorazepam-ativan-online-vasarlas\/","title":{"rendered":"V\u00e1s\u00e1rl\u00e1s Lorazepam (Ativan) Online"},"content":{"rendered":"<h2>V\u00e1s\u00e1rl\u00e1s Lorazepam (Ativan) Online<\/h2>\n<p>A lorazepam a benzodiazepinek gy\u00f3gyszeroszt\u00e1ly\u00e1ba tartozik. A lorazepam \u00e1tmeneti enyh\u00fcl\u00e9sre alkalmazhat\u00f3, ami nagyfok\u00fa fesz\u00fclts\u00e9g eset\u00e9n sz\u00fcks\u00e9ges. G\u00e1tolja az agyi idegek k\u00f6z\u00f6tti kommunik\u00e1ci\u00f3t. N\u00e9h\u00e1ny betegn\u00e9l a Lorazepam gy\u00f3gyszer bev\u00e9tele ut\u00e1n enyhe, k\u00f6r\u00fclbel\u00fcl 30 perces szorong\u00e1scs\u00f6kken\u00e9s tapasztalhat\u00f3. K\u00e9sleltetett rohamok eset\u00e9n az injekci\u00f3s lorazepam alapkezel\u00e9sk\u00e9nt alkalmazhat\u00f3. A Lorazepam gy\u00f3gyszerrel a letargia, a szorong\u00e1s \u00e9s a rohamok gyorsan kezelhet\u0151k. Ez a gy\u00f3gyszer online is megv\u00e1s\u00e1rolhat\u00f3. A reakci\u00f3 a haszn\u00e1lat ut\u00e1n azonnal jelentkezik; ez az \u00e1llapot ellazul\u00e1s\u00e1t okozhatja.<\/p>\n<h3>WHAT PRECAUTIONS SHOULD ONE TAKE WHILE TAKING LORAZEPAM?<\/h3>\n<p>Lorazepam (Ativan) v\u00e1s\u00e1rl\u00e1sa online, Lorazepam (Ativan) v\u00e1s\u00e1rl\u00e1sa online, Ha l\u00e9gz\u00e9si probl\u00e9m\u00e1kat, t\u00fcd\u0151- vagy veseel\u00e9gtelens\u00e9get, koszor\u00fa\u00e9r-betegs\u00e9get, \u00e1lmoss\u00e1got vagy impotenci\u00e1t tapasztal, a Lorazepam enyh\u00edtheti ezeket a t\u00fcneteket. A terhess\u00e9get tervez\u0151 vagy v\u00e1rand\u00f3s n\u0151k nem szedhetik ezt a tablett\u00e1t, vagy konzult\u00e1lniuk kell eg\u00e9szs\u00e9g\u00fcgyi tan\u00e1csad\u00f3val a Lorazepam szed\u00e9se el\u0151tt.<\/p>\n<p>A Lorazepam tabletta v\u00e9nyk\u00f6teles gy\u00f3gyszer szorong\u00e1sos zavarok, t\u00f6bbek k\u00f6z\u00f6tt p\u00e1nikrohamok, szoci\u00e1lis f\u00f3bi\u00e1k, r\u00f6geszm\u00e9s-k\u00e9nyszeres zavar (OCD) \u00e9s generaliz\u00e1lt szorong\u00e1sos zavar (amelyet t\u00falzott aggodalom vagy nyugtalans\u00e1g jellemez) kezel\u00e9s\u00e9re szolg\u00e1l. Ezenk\u00edv\u00fcl a szorong\u00e1sos t\u00fcnetek \u00e1tmeneti enyh\u00edt\u00e9s\u00e9re is haszn\u00e1lj\u00e1k.<\/p>\n<p>A szorong\u00e1sos t\u00fcnetek, mint p\u00e9ld\u00e1ul a remeg\u00e9s, a szapora l\u00e9gz\u00e9s, a megemelkedett pulzussz\u00e1m, a t\u00falzott izzad\u00e1s, a remeg\u00e9s, a gyenges\u00e9g \u00e9s a koncentr\u00e1ci\u00f3veszt\u00e9s enyh\u00edthet\u0151k egy milligramm Lorazepam bev\u00e9tel\u00e9vel. \u00c9tellel egy\u00fctt vagy an\u00e9lk\u00fcl is bevehet\u0151. A szervezet \u00e1lland\u00f3 gy\u00f3gyszermennyis\u00e9g\u00e9nek fenntart\u00e1sa \u00e9rdek\u00e9ben minden nap ugyanabban az id\u0151ben vegye be. Mivel ez a gy\u00f3gyszer jelent\u0151s f\u00fcgg\u0151s\u00e9g kialakul\u00e1s\u00e1nak kock\u00e1zat\u00e1val j\u00e1r, az orvos \u00e1ltal javasolt adagban \u00e9s id\u0151tartamban szedje.<\/p>\n<h3>Vegye figyelembe annak lehet\u0151s\u00e9g\u00e9t, hogy EGY beteg t\u00faladagolja a Lorazep\u00e1mot, VAGY KIHAGYJA A BEVESZT\u00c9S\u00c9T.<\/h3>\n<p>V\u00e1s\u00e1roljon Lorazepamot (Ativan) online. Abban az esetben, ha valaki kihagyja a Lorazepam adagj\u00e1t, beveheti a tablett\u00e1t, de ne vegye be a k\u00e9tszeres adagot, V\u00e1s\u00e1roljon Lorazepamot (Ativan) online, ha elj\u00f6n a k\u00f6vetkez\u0151 adag ideje. A Lorazepam k\u00f6nnyen helytelen\u00fcl kezelhet\u0151, ez\u00e9rt nagy a t\u00faladagol\u00e1s vesz\u00e9lye. Ez\u00e9rt azonnal s\u00fcrg\u0151ss\u00e9gi ell\u00e1t\u00e1st kell k\u00e9rni.<\/p>\n<p><strong>AZ ATIVAN TABLETTA EL\u0150NYEI R\u00d6VID T\u00c1V\u00da BETEGS\u00c9GEK KEZEL\u00c9S\u00c9BEN<\/strong><\/p>\n<p>A stresszes helyzetekben, p\u00e9ld\u00e1ul \u00e1ll\u00e1sinterj\u00fan vagy vizsga alatt felmer\u00fcl\u0151 t\u00falzott aggodalom \u00e9s szorong\u00e1s \u00e9rz\u00e9s\u00e9t a legjobb Lorazepam tabletta szed\u00e9se enyh\u00edti. Ezenk\u00edv\u00fcl cs\u00f6kkentheti az izgatotts\u00e1got, a f\u00e1radts\u00e1got, a koncentr\u00e1ci\u00f3s neh\u00e9zs\u00e9geket \u00e9s a nyugtalans\u00e1got. Ennek eredm\u00e9nyek\u00e9nt k\u00f6nnyebben \u00e9s produkt\u00edvabban v\u00e9gezheti mindennapi tev\u00e9kenys\u00e9geit. A j\u00f3ll\u00e9t ellen\u00e9re is folytassa a gy\u00f3gyszer szed\u00e9s\u00e9t. A hirtelen abbahagy\u00e1s s\u00falyos probl\u00e9m\u00e1kat okozhat.<\/p>\n<p>Az agyban tal\u00e1lhat\u00f3 GABA k\u00e9miai anyag mennyis\u00e9g\u00e9nek n\u00f6vel\u00e9s\u00e9vel a Lorazepam tabletta cs\u00f6kkenti sz\u00e1mos szorong\u00e1sos zavar, p\u00e9ld\u00e1ul a generaliz\u00e1lt szorong\u00e1sos zavar \u00e9s a k\u00e9nyszerbetegs\u00e9g t\u00fcneteit. Ez meg\u00e1ll\u00edtja a k\u00f3ros szorong\u00e1sos t\u00fcneteket, mint p\u00e9ld\u00e1ul a f\u00e1radts\u00e1g, az ingerl\u00e9kenys\u00e9g, a nyugtalans\u00e1g, a koncentr\u00e1ci\u00f3s neh\u00e9zs\u00e9gek \u00e9s az alv\u00e1si probl\u00e9m\u00e1k. Megnyugtatja \u00d6nt \u00e9s jav\u00edtja a probl\u00e9mamegold\u00f3 k\u00e9pess\u00e9g\u00e9t. A kiegyens\u00falyozott \u00e9trend \u00e9s a testmozg\u00e1s seg\u00edthet a hangulat jav\u00edt\u00e1s\u00e1ban. Folytassa a gy\u00f3gyszer szed\u00e9s\u00e9t, am\u00edg orvosa enged\u00e9lyt nem ad.<\/p>\n<p><strong>A TABLETTA MELL\u00c9KHAT\u00c1SAI HASZN\u00c1LAT SOR\u00c1N<\/strong><\/p>\n<p>A mell\u00e9khat\u00e1sok t\u00f6bbs\u00e9ge elm\u00falik, amint a szervezet hozz\u00e1szokik a gy\u00f3gyszerhez, \u00e9s nincs sz\u00fcks\u00e9g orvosi kezel\u00e9sre. Forduljon orvos\u00e1hoz, ha tov\u00e1bbra is fenn\u00e1llnak, vagy ha agg\u00e1lyai vannak vel\u00fck kapcsolatban.<\/p>\n<p><strong>A lorazepam gyakori mell\u00e9khat\u00e1sai<\/strong><\/p>\n<p>Sz\u00e9d\u00fcl\u00e9s\/szed\u00e1ci\u00f3<\/p>\n<p>F\u00e1jdalom\/F\u00e1radts\u00e1g<\/p>\n<p>legyeng\u00fclt izmok\/\u00e1lmoss\u00e1g\u00e9rzet<\/p>\n<p>A Lorazepam, k\u00f6zismert nev\u00e9n Ativan, hat\u00e9kony gy\u00f3gyszer a szorong\u00e1s \u00e9s m\u00e1s kapcsol\u00f3d\u00f3 \u00e1llapotok kezel\u00e9s\u00e9re. Azok sz\u00e1m\u00e1ra, akiknek erre a gy\u00f3gyszerre sz\u00fcks\u00e9g\u00fck van, k\u00e9nyelmesen megv\u00e1s\u00e1rolhatj\u00e1k a Lorazepamot online a legjobb gy\u00f3gyszert\u00e1rban, a Buy-prescriptionz.com-on. Ez a megb\u00edzhat\u00f3 platform biztos\u00edtja, hogy gyorsan \u00e9s biztons\u00e1gosan hozz\u00e1jusson a sz\u00fcks\u00e9ges gy\u00f3gyszerhez.<\/p>","protected":false},"excerpt":{"rendered":"<p>Buy Lorazepam (Ativan) Online Lorazepam is from the class of meds which is called as benzodiazepines. Lorazepam can be utilized for transient alleviation, which is for the indications of a great deal of tension. It hinders the correspondence between the nerves of the cerebrum. A few people have encountered accommodating measure of progress in the [&hellip;]<\/p>","protected":false},"featured_media":3097,"comment_status":"open","ping_status":"closed","template":"","meta":{"site-sidebar-layout":"default","site-content-layout":"","ast-site-content-layout":"default","site-content-style":"default","site-sidebar-style":"default","ast-global-header-display":"","ast-banner-title-visibility":"","ast-main-header-display":"","ast-hfb-above-header-display":"","ast-hfb-below-header-display":"","ast-hfb-mobile-header-display":"","site-post-title":"","ast-breadcrumbs-content":"","ast-featured-img":"","footer-sml-layout":"","theme-transparent-header-meta":"default","adv-header-id-meta":"","stick-header-meta":"","header-above-stick-meta":"","header-main-stick-meta":"","header-below-stick-meta":"","astra-migrate-meta-layouts":"set","ast-page-background-enabled":"default","ast-page-background-meta":{"desktop":{"background-color":"var(--ast-global-color-4)","background-image":"","background-repeat":"repeat","background-position":"center center","background-size":"auto","background-attachment":"scroll","background-type":"","background-media":"","overlay-type":"","overlay-color":"","overlay-opacity":"","overlay-gradient":""},"tablet":{"background-color":"","background-image":"","background-repeat":"repeat","background-position":"center center","background-size":"auto","background-attachment":"scroll","background-type":"","background-media":"","overlay-type":"","overlay-color":"","overlay-opacity":"","overlay-gradient":""},"mobile":{"background-color":"","background-image":"","background-repeat":"repeat","background-position":"center center","background-size":"auto","background-attachment":"scroll","background-type":"","background-media":"","overlay-type":"","overlay-color":"","overlay-opacity":"","overlay-gradient":""}},"ast-content-background-meta":{"desktop":{"background-color":"var(--ast-global-color-5)","background-image":"","background-repeat":"repeat","background-position":"center center","background-size":"auto","background-attachment":"scroll","background-type":"","background-media":"","overlay-type":"","overlay-color":"","overlay-opacity":"","overlay-gradient":""},"tablet":{"background-color":"var(--ast-global-color-5)","background-image":"","background-repeat":"repeat","background-position":"center center","background-size":"auto","background-attachment":"scroll","background-type":"","background-media":"","overlay-type":"","overlay-color":"","overlay-opacity":"","overlay-gradient":""},"mobile":{"background-color":"var(--ast-global-color-5)","background-image":"","background-repeat":"repeat","background-position":"center center","background-size":"auto","background-attachment":"scroll","background-type":"","background-media":"","overlay-type":"","overlay-color":"","overlay-opacity":"","overlay-gradient":""}}},"product_brand":[],"product_cat":[2385],"product_tag":[1182,1183,1181,1176,1179,1178,1177,1180,1175,1174,1185,1184],"class_list":{"0":"post-3067","1":"product","2":"type-product","3":"status-publish","4":"has-post-thumbnail","6":"product_cat-buy-pain-killer-pills-online","7":"product_tag-buy-lorazepam-ativan-in-canada","8":"product_tag-buy-lorazepam-ativan-in-uk","9":"product_tag-buy-lorazepam-ativan-in-usa","10":"product_tag-buy-lorazepam-ativan-with-bitcoin","11":"product_tag-buy-lorazepam-ativan-with-credit-card","12":"product_tag-buy-lorazepam-ativan-with-money-gram","13":"product_tag-buy-lorazepam-ativan-with-western-union","14":"product_tag-buy-lorazepam-ativan-without-a-doctor","15":"product_tag-buy-lorazepam-ativan-without-prescription","16":"product_tag-lorazepam-ativan-for-sale","17":"product_tag-lorazepam-ativan-pills","18":"product_tag-lorazepam-ativan-tablets","19":"desktop-align-center","20":"tablet-align-left","21":"mobile-align-left","23":"first","24":"instock","25":"shipping-taxable","26":"purchasable","27":"product-type-variable","28":"has-default-attributes"},"yoast_head":"<!-- This site is optimized with the Yoast SEO plugin v25.9 - https:\/\/yoast.com\/wordpress\/plugins\/seo\/ -->\n<title>Buy Lorazepam (Ativan) Online - Buy Prescriptionz<\/title>\n<meta name=\"description\" content=\"Buy Lorazepam (Ativan) OnlineBuy Lorazepam (Ativan) Online at best price without doctor&#039;s prescription. Buy Lorazepam (Ativan) Online lorazepam-ativan\" \/>\n<meta name=\"robots\" content=\"index, follow, max-snippet:-1, max-image-preview:large, max-video-preview:-1\" \/>\n<link rel=\"canonical\" href=\"https:\/\/buy-prescriptionz.com\/hu\/term\u00e9k\/lorazepam-ativan-online-vasarlas\/\" \/>\n<meta property=\"og:locale\" content=\"hu_HU\" \/>\n<meta property=\"og:type\" content=\"article\" \/>\n<meta property=\"og:title\" content=\"Buy Lorazepam (Ativan) Online - Buy Prescriptionz\" \/>\n<meta property=\"og:description\" content=\"Buy Lorazepam (Ativan) OnlineBuy Lorazepam (Ativan) Online at best price without doctor&#039;s prescription. Buy Lorazepam (Ativan) Online lorazepam-ativan\" \/>\n<meta property=\"og:url\" content=\"https:\/\/buy-prescriptionz.com\/hu\/term\u00e9k\/lorazepam-ativan-online-vasarlas\/\" \/>\n<meta property=\"og:site_name\" content=\"Buy Prescriptionz\" \/>\n<meta property=\"article:modified_time\" content=\"2025-09-29T10:42:33+00:00\" \/>\n<meta property=\"og:image\" content=\"https:\/\/buy-prescriptionz.com\/wp-content\/uploads\/2025\/09\/lorazepam-ativan.jpg\" \/>\n\t<meta property=\"og:image:width\" content=\"400\" \/>\n\t<meta property=\"og:image:height\" content=\"300\" \/>\n\t<meta property=\"og:image:type\" content=\"image\/jpeg\" \/>\n<meta name=\"twitter:card\" content=\"summary_large_image\" \/>\n<meta name=\"twitter:label1\" content=\"Becs\u00fclt olvas\u00e1si id\u0151\" \/>\n\t<meta name=\"twitter:data1\" content=\"3 perc\" \/>\n<script type=\"application\/ld+json\" class=\"yoast-schema-graph\">{\"@context\":\"https:\/\/schema.org\",\"@graph\":[{\"@type\":\"WebPage\",\"@id\":\"https:\/\/buy-prescriptionz.com\/product\/buy-lorazepam-ativan-online\/\",\"url\":\"https:\/\/buy-prescriptionz.com\/product\/buy-lorazepam-ativan-online\/\",\"name\":\"Buy Lorazepam (Ativan) Online - Buy Prescriptionz\",\"isPartOf\":{\"@id\":\"https:\/\/buy-prescriptionz.com\/#website\"},\"primaryImageOfPage\":{\"@id\":\"https:\/\/buy-prescriptionz.com\/product\/buy-lorazepam-ativan-online\/#primaryimage\"},\"image\":{\"@id\":\"https:\/\/buy-prescriptionz.com\/product\/buy-lorazepam-ativan-online\/#primaryimage\"},\"thumbnailUrl\":\"https:\/\/buy-prescriptionz.com\/wp-content\/uploads\/2025\/09\/lorazepam-ativan.jpg\",\"datePublished\":\"2025-09-16T08:56:11+00:00\",\"dateModified\":\"2025-09-29T10:42:33+00:00\",\"description\":\"Buy Lorazepam (Ativan) OnlineBuy Lorazepam (Ativan) Online at best price without doctor's prescription. Buy Lorazepam (Ativan) Online lorazepam-ativan\",\"breadcrumb\":{\"@id\":\"https:\/\/buy-prescriptionz.com\/product\/buy-lorazepam-ativan-online\/#breadcrumb\"},\"inLanguage\":\"hu\",\"potentialAction\":[{\"@type\":\"ReadAction\",\"target\":[\"https:\/\/buy-prescriptionz.com\/product\/buy-lorazepam-ativan-online\/\"]}]},{\"@type\":\"ImageObject\",\"inLanguage\":\"hu\",\"@id\":\"https:\/\/buy-prescriptionz.com\/product\/buy-lorazepam-ativan-online\/#primaryimage\",\"url\":\"https:\/\/buy-prescriptionz.com\/wp-content\/uploads\/2025\/09\/lorazepam-ativan.jpg\",\"contentUrl\":\"https:\/\/buy-prescriptionz.com\/wp-content\/uploads\/2025\/09\/lorazepam-ativan.jpg\",\"width\":400,\"height\":300},{\"@type\":\"BreadcrumbList\",\"@id\":\"https:\/\/buy-prescriptionz.com\/product\/buy-lorazepam-ativan-online\/#breadcrumb\",\"itemListElement\":[{\"@type\":\"ListItem\",\"position\":1,\"name\":\"Home\",\"item\":\"https:\/\/buy-prescriptionz.com\/\"},{\"@type\":\"ListItem\",\"position\":2,\"name\":\"Shop Painkillers Online\",\"item\":\"https:\/\/buy-prescriptionz.com\/shop-painkillers-online\/\"},{\"@type\":\"ListItem\",\"position\":3,\"name\":\"Buy Lorazepam (Ativan) Online\"}]},{\"@type\":\"WebSite\",\"@id\":\"https:\/\/buy-prescriptionz.com\/#website\",\"url\":\"https:\/\/buy-prescriptionz.com\/\",\"name\":\"Buy Prescriptionz\",\"description\":\"Drugs Online\",\"publisher\":{\"@id\":\"https:\/\/buy-prescriptionz.com\/#organization\"},\"potentialAction\":[{\"@type\":\"SearchAction\",\"target\":{\"@type\":\"EntryPoint\",\"urlTemplate\":\"https:\/\/buy-prescriptionz.com\/?s={search_term_string}\"},\"query-input\":{\"@type\":\"PropertyValueSpecification\",\"valueRequired\":true,\"valueName\":\"search_term_string\"}}],\"inLanguage\":\"hu\"},{\"@type\":\"Organization\",\"@id\":\"https:\/\/buy-prescriptionz.com\/#organization\",\"name\":\"Buy Prescriptionz\",\"url\":\"https:\/\/buy-prescriptionz.com\/\",\"logo\":{\"@type\":\"ImageObject\",\"inLanguage\":\"hu\",\"@id\":\"https:\/\/buy-prescriptionz.com\/#\/schema\/logo\/image\/\",\"url\":\"https:\/\/buy-prescriptionz.com\/wp-content\/uploads\/2023\/09\/logo.png\",\"contentUrl\":\"https:\/\/buy-prescriptionz.com\/wp-content\/uploads\/2023\/09\/logo.png\",\"width\":350,\"height\":64,\"caption\":\"Buy Prescriptionz\"},\"image\":{\"@id\":\"https:\/\/buy-prescriptionz.com\/#\/schema\/logo\/image\/\"}}]}<\/script>\n<!-- \/ Yoast SEO plugin. -->","yoast_head_json":{"title":"Lorazepam (Ativan) v\u00e1s\u00e1rl\u00e1s online - Receptk\u00f6teles gy\u00f3gyszerek v\u00e1s\u00e1rl\u00e1sa","description":"Buy Lorazepam (Ativan) OnlineBuy Lorazepam (Ativan) Online at best price without doctor's prescription. Buy Lorazepam (Ativan) Online lorazepam-ativan","robots":{"index":"index","follow":"follow","max-snippet":"max-snippet:-1","max-image-preview":"max-image-preview:large","max-video-preview":"max-video-preview:-1"},"canonical":"https:\/\/buy-prescriptionz.com\/hu\/term\u00e9k\/lorazepam-ativan-online-vasarlas\/","og_locale":"hu_HU","og_type":"article","og_title":"Buy Lorazepam (Ativan) Online - Buy Prescriptionz","og_description":"Buy Lorazepam (Ativan) OnlineBuy Lorazepam (Ativan) Online at best price without doctor's prescription. Buy Lorazepam (Ativan) Online lorazepam-ativan","og_url":"https:\/\/buy-prescriptionz.com\/hu\/term\u00e9k\/lorazepam-ativan-online-vasarlas\/","og_site_name":"Buy Prescriptionz","article_modified_time":"2025-09-29T10:42:33+00:00","og_image":[{"width":400,"height":300,"url":"https:\/\/buy-prescriptionz.com\/wp-content\/uploads\/2025\/09\/lorazepam-ativan.jpg","type":"image\/jpeg"}],"twitter_card":"summary_large_image","twitter_misc":{"Becs\u00fclt olvas\u00e1si id\u0151":"3 perc"},"schema":{"@context":"https:\/\/schema.org","@graph":[{"@type":"WebPage","@id":"https:\/\/buy-prescriptionz.com\/product\/buy-lorazepam-ativan-online\/","url":"https:\/\/buy-prescriptionz.com\/product\/buy-lorazepam-ativan-online\/","name":"Lorazepam (Ativan) v\u00e1s\u00e1rl\u00e1s online - Receptk\u00f6teles gy\u00f3gyszerek v\u00e1s\u00e1rl\u00e1sa","isPartOf":{"@id":"https:\/\/buy-prescriptionz.com\/#website"},"primaryImageOfPage":{"@id":"https:\/\/buy-prescriptionz.com\/product\/buy-lorazepam-ativan-online\/#primaryimage"},"image":{"@id":"https:\/\/buy-prescriptionz.com\/product\/buy-lorazepam-ativan-online\/#primaryimage"},"thumbnailUrl":"https:\/\/buy-prescriptionz.com\/wp-content\/uploads\/2025\/09\/lorazepam-ativan.jpg","datePublished":"2025-09-16T08:56:11+00:00","dateModified":"2025-09-29T10:42:33+00:00","description":"Buy Lorazepam (Ativan) OnlineBuy Lorazepam (Ativan) Online at best price without doctor's prescription. Buy Lorazepam (Ativan) Online lorazepam-ativan","breadcrumb":{"@id":"https:\/\/buy-prescriptionz.com\/product\/buy-lorazepam-ativan-online\/#breadcrumb"},"inLanguage":"hu","potentialAction":[{"@type":"ReadAction","target":["https:\/\/buy-prescriptionz.com\/product\/buy-lorazepam-ativan-online\/"]}]},{"@type":"ImageObject","inLanguage":"hu","@id":"https:\/\/buy-prescriptionz.com\/product\/buy-lorazepam-ativan-online\/#primaryimage","url":"https:\/\/buy-prescriptionz.com\/wp-content\/uploads\/2025\/09\/lorazepam-ativan.jpg","contentUrl":"https:\/\/buy-prescriptionz.com\/wp-content\/uploads\/2025\/09\/lorazepam-ativan.jpg","width":400,"height":300},{"@type":"BreadcrumbList","@id":"https:\/\/buy-prescriptionz.com\/product\/buy-lorazepam-ativan-online\/#breadcrumb","itemListElement":[{"@type":"ListItem","position":1,"name":"Home","item":"https:\/\/buy-prescriptionz.com\/"},{"@type":"ListItem","position":2,"name":"Shop Painkillers Online","item":"https:\/\/buy-prescriptionz.com\/shop-painkillers-online\/"},{"@type":"ListItem","position":3,"name":"Buy Lorazepam (Ativan) Online"}]},{"@type":"WebSite","@id":"https:\/\/buy-prescriptionz.com\/#website","url":"https:\/\/buy-prescriptionz.com\/","name":"Buy Prescriptionz","description":"Online gy\u00f3gyszerek","publisher":{"@id":"https:\/\/buy-prescriptionz.com\/#organization"},"potentialAction":[{"@type":"SearchAction","target":{"@type":"EntryPoint","urlTemplate":"https:\/\/buy-prescriptionz.com\/?s={search_term_string}"},"query-input":{"@type":"PropertyValueSpecification","valueRequired":true,"valueName":"search_term_string"}}],"inLanguage":"hu"},{"@type":"Organization","@id":"https:\/\/buy-prescriptionz.com\/#organization","name":"Buy Prescriptionz","url":"https:\/\/buy-prescriptionz.com\/","logo":{"@type":"ImageObject","inLanguage":"hu","@id":"https:\/\/buy-prescriptionz.com\/#\/schema\/logo\/image\/","url":"https:\/\/buy-prescriptionz.com\/wp-content\/uploads\/2023\/09\/logo.png","contentUrl":"https:\/\/buy-prescriptionz.com\/wp-content\/uploads\/2023\/09\/logo.png","width":350,"height":64,"caption":"Buy Prescriptionz"},"image":{"@id":"https:\/\/buy-prescriptionz.com\/#\/schema\/logo\/image\/"}}]}},"_links":{"self":[{"href":"https:\/\/buy-prescriptionz.com\/hu\/wp-json\/wp\/v2\/product\/3067","targetHints":{"allow":["GET"]}}],"collection":[{"href":"https:\/\/buy-prescriptionz.com\/hu\/wp-json\/wp\/v2\/product"}],"about":[{"href":"https:\/\/buy-prescriptionz.com\/hu\/wp-json\/wp\/v2\/types\/product"}],"replies":[{"embeddable":true,"href":"https:\/\/buy-prescriptionz.com\/hu\/wp-json\/wp\/v2\/comments?post=3067"}],"wp:featuredmedia":[{"embeddable":true,"href":"https:\/\/buy-prescriptionz.com\/hu\/wp-json\/wp\/v2\/media\/3097"}],"wp:attachment":[{"href":"https:\/\/buy-prescriptionz.com\/hu\/wp-json\/wp\/v2\/media?parent=3067"}],"wp:term":[{"taxonomy":"product_brand","embeddable":true,"href":"https:\/\/buy-prescriptionz.com\/hu\/wp-json\/wp\/v2\/product_brand?post=3067"},{"taxonomy":"product_cat","embeddable":true,"href":"https:\/\/buy-prescriptionz.com\/hu\/wp-json\/wp\/v2\/product_cat?post=3067"},{"taxonomy":"product_tag","embeddable":true,"href":"https:\/\/buy-prescriptionz.com\/hu\/wp-json\/wp\/v2\/product_tag?post=3067"}],"curies":[{"name":"wp","href":"https:\/\/api.w.org\/{rel}","templated":true}]}}