{"id":3068,"date":"2025-09-16T08:56:11","date_gmt":"2025-09-16T08:56:11","guid":{"rendered":"https:\/\/chemsfine.com\/newsite\/?post_type=product&#038;p=3068"},"modified":"2025-09-22T05:24:47","modified_gmt":"2025-09-22T05:24:47","slug":"ketaset-online-vasarlas","status":"publish","type":"product","link":"https:\/\/buy-prescriptionz.com\/hu\/term%c3%a9k\/ketaset-online-vasarlas\/","title":{"rendered":"Ketaset online megv\u00e1s\u00e1rl\u00e1sa"},"content":{"rendered":"<h2>Ketaset online megv\u00e1s\u00e1rl\u00e1sa<\/h2>\n<p>V\u00e1s\u00e1roljon Ketaset-et online. A Ketaset egy rendk\u00edv\u00fcli gy\u00f3gyszer az \u00e9rz\u00e9stelen\u00edt\u00e9s kiv\u00e1lt\u00e1s\u00e1ra. Ezt a term\u00e9ket b\u00e1rmilyen ter\u00e1pi\u00e1s elj\u00e1r\u00e1s vagy orvosi beavatkoz\u00e1s el\u0151tt alkalmazz\u00e1k. A term\u00e9knek lehetnek m\u00e1s, itt nem t\u00e1rgyalt felhaszn\u00e1l\u00e1si m\u00f3djai is.<\/p>\n<h3>How To Use Ketaset?<\/h3>\n<p>Ketaset is an injectable item, so bring this into your muscles through an injection. This is normally utilized by the specialists in making the patients lethargic to not make them feel pain during a medical procedure.<\/p>\n<p>Purchase Ketaset at the best prices accessible from our online pharmacy today. Your order will reach you in a brief timeframe. Offer your requirements now!<\/p>\n<h3>Ketaset online megv\u00e1s\u00e1rl\u00e1sa<\/h3>\n<p>Ketaset is controlled substance around the world due to which it is not possible to purchase it openly without a proper prescription from a physician, therefore it is best advised to purchase ketaset online through standard online stores instead of purchasing it from streets, as it is more secure and all the orders placed are discreet and protected under strong privacy measures.<br \/>\nYou can avail the option of purchasing from our online stores as the Ketaset orders are managed discreetly by our store and the secrecy of these orders is never compromised under any circumstances.<\/p>\n<h3>What is Ketaset?<\/h3>\n<p>Ketaset is one of the many brand names for ketamine which is an anesthesia drug and it is classified under various categories such as NDMA receptor antagonists, antidepressant, anesthesia and hallucinogen. The broad category listing of Ketaset shows that it is widely used for various purposes though it is mainly used for inducing anesthesia.<br \/>\nChemistry of Ketaset<br \/>\nThe IUPAC name of the drug is \u201c(RS)-2-(2-Chlorophenyl)-2-(methyl amino) cyclohexanone\u201d while the CAS number of the drug is 6740-88-1. The molecular formula of the drug is C13H16ClNO while the molecular weight of the ketaset is 237.725 g\/mol.<br \/>\nThe addiction liability of the drug is moderate.<\/p>\n<h3>Uses of Ketaset<\/h3>\n<p>Uses of ketaset are broad as it is used for the treatment of both human beings and animals. In human beings Ketaset is used for various purposes such as for inducing anesthesia, anti-depressant and as pain killer. On administration, ketaset causes sedation and anesthesia is induced in the patients on if a substantial amount of drug has been administered.<br \/>\nKetaset has anti-depressant properties and is used for causing anti-anxiety and muscle relaxation effects in the patients kept in intensive care units. The effect of the drug is such that, it does not affect the brain and heart function on administration.<br \/>\nThis drug is also known to be used for stress reduction and memory relocation. Ketaset is also known to be used by people for recreational purposes as it can produce effects such as ego inflation, emotional suppression, and sense of sobriety.<br \/>\nClick Here to Buy ketamine Online<\/p>\n<h3>Effects of Ketaset<\/h3>\n<p>The effects of ketaset ranges from physical, psychological and subjective. Ketaset causes agitation and hallucinations when the medication wears off. High blood pressure has also been associated with the use of ketaset.<br \/>\nSome of the other effects caused by ketaset are Cardiovascular, gastrointestinal and respiratory in nature. The cardiovascular effects includes changes in the nervous system. The gastrointestinal effects include vomiting and nausea and these effects are usually observed in approximately 25% of the patients who have been administered ketaset for anesthetic purposes. The respiratory effects include bronchodilator in which the respiratory track loses the friction and the resistance to the airflow through the air track is decreased. This results in increased airflow to the lungs which can be damaging in severe causes.<br \/>\nThe use of the drug for recreational purposes has also been discouraged as deaths of people using ketaset without proper advice have been recorded from around the world.<\/p>\n<h3>Ketaset Injection<\/h3>\n<p>Ketamine or ketaset injection can be used for inducing anesthesia in the patients. The benefit of ketaset injection is that it has greater margin of safety and rapid acting effect.<br \/>\nClick Here to Buy Focalin XR<\/p>\n<h3><strong>KETASET brief<\/strong><\/h3>\n<p>Macsk\u00e1k eset\u00e9ben a KETASET haszn\u00e1lhat\u00f3 nyugalomban tart\u00e1s\u00e1ra, vagy egyetlen \u00e9rz\u00e9stelen\u00edt\u0151k\u00e9nt r\u00f6vid, felt\u00e1r\u00f3 vagy kisebb m\u0171t\u00e9tekhez, amelyek nem ig\u00e9nylik az izmok ellaz\u00edt\u00e1s\u00e1t. Emberi alkat\u00fa majmok eset\u00e9ben pedig a letart\u00e1sukra.<\/p>\n<h3>Ketaset for sale<\/h3>\n<p>Our online store is one of the main sources of ketamine drug and we ship them all over the world through our standard shipping service. All forms of pure ketamine such as Ketaset, ketalar, powder etc. are available at our online store.<\/p>\n<h3><strong>Adagol\u00e1s \u00e9s bead\u00e1s<\/strong><\/h3>\n<p>Izomba injekci\u00f3zva a KETASET-et macsk\u00e1k \u00e9s nem emberi \u00e1llatok j\u00f3l toler\u00e1lj\u00e1k. A KETASET-tel t\u00f6rt\u00e9n\u0151 szed\u00e1ci\u00f3 vagy restrikci\u00f3 megkezd\u00e9se el\u0151tt nem kell b\u00f6jt\u00f6lni. Ha azonban opcion\u00e1lis m\u0171t\u00e9tre k\u00e9sz\u00fcl, a KETASET bead\u00e1sa el\u0151tt legal\u00e1bb hat \u00f3r\u00e1ig ker\u00fclje az \u00e9tkez\u00e9st.<\/p>\n<p>Az \u00e9rz\u00e9stelen\u00edt\u00e9s nem biztos, hogy olyan sok\u00e1ig tart a m\u00e9g nem teljesen kifejlett macsk\u00e1kn\u00e1l. Az ember alatti \u00fajsz\u00fcl\u00f6tt majmokat (24 \u00f3r\u00e1n\u00e1l fiatalabbakat) neh\u00e9z megtartani. M\u00e1s \u00e9rz\u00e9stelen\u00edt\u0151kh\u00f6z hasonl\u00f3an a KETASET hat\u00e1sa is n\u00e9mileg v\u00e1ltoz\u00f3 minden emberre, a mennyis\u00e9gt\u0151l, az \u00e1ltal\u00e1nos eg\u00e9szs\u00e9gi \u00e1llapott\u00f3l \u00e9s az \u00e9letkort\u00f3l f\u00fcgg\u0151en. Emiatt nem lehet pontos adagol\u00e1si tan\u00e1csot adni.<\/p>\n<p><strong>Adagol\u00e1si r\u00e9szletek<\/strong><\/p>\n<p>Macsk\u00e1k eset\u00e9ben 11 mg\/kg (5 mg\/lb) mennyis\u00e9g javasolt a f\u00e9ken tart\u00e1shoz.<\/p>\n<p>A 22 \u00e9s 33 mg\/kg (10-15 mg\/lb) k\u00f6z\u00f6tti d\u00f3zistartom\u00e1ny j\u00f3 az \u00e9rz\u00e9stelen\u00edt\u00e9shez, amely j\u00f3l m\u0171k\u00f6dik kisebb vagy diagnosztikai m\u0171t\u00e9tekn\u00e9l, amelyek nem ig\u00e9nylik az izmok ellaz\u00edt\u00e1s\u00e1t.<\/p>","protected":false},"excerpt":{"rendered":"<p>Buy Ketaset Online Buy Ketaset Online ,Ketaset is an extraordinary medicine for inducing anaesthesia. This item is utilized just before any therapeutic methodology or medical procedure. There might likewise be different employments of this item that are not talked here. How To Use Ketaset? Ketaset is an injectable item, so bring this into your muscles [&hellip;]<\/p>","protected":false},"featured_media":3098,"comment_status":"open","ping_status":"closed","template":"","meta":{"site-sidebar-layout":"default","site-content-layout":"","ast-site-content-layout":"default","site-content-style":"default","site-sidebar-style":"default","ast-global-header-display":"","ast-banner-title-visibility":"","ast-main-header-display":"","ast-hfb-above-header-display":"","ast-hfb-below-header-display":"","ast-hfb-mobile-header-display":"","site-post-title":"","ast-breadcrumbs-content":"","ast-featured-img":"","footer-sml-layout":"","theme-transparent-header-meta":"default","adv-header-id-meta":"","stick-header-meta":"","header-above-stick-meta":"","header-main-stick-meta":"","header-below-stick-meta":"","astra-migrate-meta-layouts":"set","ast-page-background-enabled":"default","ast-page-background-meta":{"desktop":{"background-color":"var(--ast-global-color-4)","background-image":"","background-repeat":"repeat","background-position":"center center","background-size":"auto","background-attachment":"scroll","background-type":"","background-media":"","overlay-type":"","overlay-color":"","overlay-opacity":"","overlay-gradient":""},"tablet":{"background-color":"","background-image":"","background-repeat":"repeat","background-position":"center center","background-size":"auto","background-attachment":"scroll","background-type":"","background-media":"","overlay-type":"","overlay-color":"","overlay-opacity":"","overlay-gradient":""},"mobile":{"background-color":"","background-image":"","background-repeat":"repeat","background-position":"center center","background-size":"auto","background-attachment":"scroll","background-type":"","background-media":"","overlay-type":"","overlay-color":"","overlay-opacity":"","overlay-gradient":""}},"ast-content-background-meta":{"desktop":{"background-color":"var(--ast-global-color-5)","background-image":"","background-repeat":"repeat","background-position":"center center","background-size":"auto","background-attachment":"scroll","background-type":"","background-media":"","overlay-type":"","overlay-color":"","overlay-opacity":"","overlay-gradient":""},"tablet":{"background-color":"var(--ast-global-color-5)","background-image":"","background-repeat":"repeat","background-position":"center center","background-size":"auto","background-attachment":"scroll","background-type":"","background-media":"","overlay-type":"","overlay-color":"","overlay-opacity":"","overlay-gradient":""},"mobile":{"background-color":"var(--ast-global-color-5)","background-image":"","background-repeat":"repeat","background-position":"center center","background-size":"auto","background-attachment":"scroll","background-type":"","background-media":"","overlay-type":"","overlay-color":"","overlay-opacity":"","overlay-gradient":""}}},"product_brand":[],"product_cat":[2385],"product_tag":[1075,1076,1074,1069,1072,1071,1070,1073,1068,1067,1078,1077],"class_list":{"0":"post-3068","1":"product","2":"type-product","3":"status-publish","4":"has-post-thumbnail","6":"product_cat-buy-pain-killer-pills-online","7":"product_tag-buy-ketaset-in-canada","8":"product_tag-buy-ketaset-in-uk","9":"product_tag-buy-ketaset-in-usa","10":"product_tag-buy-ketaset-with-bitcoin","11":"product_tag-buy-ketaset-with-credit-card","12":"product_tag-buy-ketaset-with-money-gram","13":"product_tag-buy-ketaset-with-western-union","14":"product_tag-buy-ketaset-without-a-doctor","15":"product_tag-buy-ketaset-without-prescription","16":"product_tag-ketaset-for-sale","17":"product_tag-ketaset-pills","18":"product_tag-ketaset-tablets","19":"desktop-align-center","20":"tablet-align-left","21":"mobile-align-left","23":"first","24":"instock","25":"featured","26":"shipping-taxable","27":"purchasable","28":"product-type-variable","29":"has-default-attributes"},"yoast_head":"<!-- This site is optimized with the Yoast SEO plugin v25.9 - https:\/\/yoast.com\/wordpress\/plugins\/seo\/ -->\n<title>Buy Ketaset Online - Ketaset for Sale | Buy-Prescriptionz<\/title>\n<meta name=\"description\" content=\"Looking to buy Ketaset online at a reasonable price? Visit our reputable online chemical store and get Ketaset for sale today. Place an order now and get the best rate in our store.\" \/>\n<meta name=\"robots\" content=\"index, follow, max-snippet:-1, max-image-preview:large, max-video-preview:-1\" \/>\n<link rel=\"canonical\" href=\"https:\/\/buy-prescriptionz.com\/hu\/term\u00e9k\/ketaset-online-vasarlas\/\" \/>\n<meta property=\"og:locale\" content=\"hu_HU\" \/>\n<meta property=\"og:type\" content=\"article\" \/>\n<meta property=\"og:title\" content=\"Buy Ketaset Online - Ketaset for Sale | Buy-Prescriptionz\" \/>\n<meta property=\"og:description\" content=\"Looking to buy Ketaset online at a reasonable price? Visit our reputable online chemical store and get Ketaset for sale today. Place an order now and get the best rate in our store.\" \/>\n<meta property=\"og:url\" content=\"https:\/\/buy-prescriptionz.com\/hu\/term\u00e9k\/ketaset-online-vasarlas\/\" \/>\n<meta property=\"og:site_name\" content=\"Buy Prescriptionz\" \/>\n<meta property=\"article:modified_time\" content=\"2025-09-22T05:24:47+00:00\" \/>\n<meta property=\"og:image\" content=\"https:\/\/buy-prescriptionz.com\/wp-content\/uploads\/2025\/09\/ketaset.jpeg\" \/>\n\t<meta property=\"og:image:width\" content=\"400\" \/>\n\t<meta property=\"og:image:height\" content=\"300\" \/>\n\t<meta property=\"og:image:type\" content=\"image\/jpeg\" \/>\n<meta name=\"twitter:card\" content=\"summary_large_image\" \/>\n<meta name=\"twitter:label1\" content=\"Becs\u00fclt olvas\u00e1si id\u0151\" \/>\n\t<meta name=\"twitter:data1\" content=\"5 perc\" \/>\n<script type=\"application\/ld+json\" class=\"yoast-schema-graph\">{\"@context\":\"https:\/\/schema.org\",\"@graph\":[{\"@type\":\"WebPage\",\"@id\":\"https:\/\/buy-prescriptionz.com\/product\/buy-ketaset-online\/\",\"url\":\"https:\/\/buy-prescriptionz.com\/product\/buy-ketaset-online\/\",\"name\":\"Buy Ketaset Online - Ketaset for Sale | Buy-Prescriptionz\",\"isPartOf\":{\"@id\":\"https:\/\/buy-prescriptionz.com\/#website\"},\"primaryImageOfPage\":{\"@id\":\"https:\/\/buy-prescriptionz.com\/product\/buy-ketaset-online\/#primaryimage\"},\"image\":{\"@id\":\"https:\/\/buy-prescriptionz.com\/product\/buy-ketaset-online\/#primaryimage\"},\"thumbnailUrl\":\"https:\/\/buy-prescriptionz.com\/wp-content\/uploads\/2025\/09\/ketaset.jpeg\",\"datePublished\":\"2025-09-16T08:56:11+00:00\",\"dateModified\":\"2025-09-22T05:24:47+00:00\",\"description\":\"Looking to buy Ketaset online at a reasonable price? Visit our reputable online chemical store and get Ketaset for sale today. Place an order now and get the best rate in our store.\",\"breadcrumb\":{\"@id\":\"https:\/\/buy-prescriptionz.com\/product\/buy-ketaset-online\/#breadcrumb\"},\"inLanguage\":\"hu\",\"potentialAction\":[{\"@type\":\"ReadAction\",\"target\":[\"https:\/\/buy-prescriptionz.com\/product\/buy-ketaset-online\/\"]}]},{\"@type\":\"ImageObject\",\"inLanguage\":\"hu\",\"@id\":\"https:\/\/buy-prescriptionz.com\/product\/buy-ketaset-online\/#primaryimage\",\"url\":\"https:\/\/buy-prescriptionz.com\/wp-content\/uploads\/2025\/09\/ketaset.jpeg\",\"contentUrl\":\"https:\/\/buy-prescriptionz.com\/wp-content\/uploads\/2025\/09\/ketaset.jpeg\",\"width\":400,\"height\":300},{\"@type\":\"BreadcrumbList\",\"@id\":\"https:\/\/buy-prescriptionz.com\/product\/buy-ketaset-online\/#breadcrumb\",\"itemListElement\":[{\"@type\":\"ListItem\",\"position\":1,\"name\":\"Home\",\"item\":\"https:\/\/buy-prescriptionz.com\/\"},{\"@type\":\"ListItem\",\"position\":2,\"name\":\"Shop Painkillers Online\",\"item\":\"https:\/\/buy-prescriptionz.com\/shop-painkillers-online\/\"},{\"@type\":\"ListItem\",\"position\":3,\"name\":\"Buy Ketaset Online\"}]},{\"@type\":\"WebSite\",\"@id\":\"https:\/\/buy-prescriptionz.com\/#website\",\"url\":\"https:\/\/buy-prescriptionz.com\/\",\"name\":\"Buy Prescriptionz\",\"description\":\"Drugs Online\",\"publisher\":{\"@id\":\"https:\/\/buy-prescriptionz.com\/#organization\"},\"potentialAction\":[{\"@type\":\"SearchAction\",\"target\":{\"@type\":\"EntryPoint\",\"urlTemplate\":\"https:\/\/buy-prescriptionz.com\/?s={search_term_string}\"},\"query-input\":{\"@type\":\"PropertyValueSpecification\",\"valueRequired\":true,\"valueName\":\"search_term_string\"}}],\"inLanguage\":\"hu\"},{\"@type\":\"Organization\",\"@id\":\"https:\/\/buy-prescriptionz.com\/#organization\",\"name\":\"Buy Prescriptionz\",\"url\":\"https:\/\/buy-prescriptionz.com\/\",\"logo\":{\"@type\":\"ImageObject\",\"inLanguage\":\"hu\",\"@id\":\"https:\/\/buy-prescriptionz.com\/#\/schema\/logo\/image\/\",\"url\":\"https:\/\/buy-prescriptionz.com\/wp-content\/uploads\/2023\/09\/logo.png\",\"contentUrl\":\"https:\/\/buy-prescriptionz.com\/wp-content\/uploads\/2023\/09\/logo.png\",\"width\":350,\"height\":64,\"caption\":\"Buy Prescriptionz\"},\"image\":{\"@id\":\"https:\/\/buy-prescriptionz.com\/#\/schema\/logo\/image\/\"}}]}<\/script>\n<!-- \/ Yoast SEO plugin. -->","yoast_head_json":{"title":"V\u00e1s\u00e1roljon Ketaset-et online - Ketaset elad\u00f3 | Buy-Prescriptionz","description":"Szeretne Ketasetet online v\u00e1s\u00e1rolni kedvez\u0151 \u00e1ron? L\u00e1togasson el megb\u00edzhat\u00f3 online vegyi \u00e1ruh\u00e1zunkba, \u00e9s szerezze be a Ketasetet m\u00e9g ma! Adja le rendel\u00e9s\u00e9t most, \u00e9s \u00e9lvezze a legjobb \u00e1rat \u00e1ruh\u00e1zunkban.","robots":{"index":"index","follow":"follow","max-snippet":"max-snippet:-1","max-image-preview":"max-image-preview:large","max-video-preview":"max-video-preview:-1"},"canonical":"https:\/\/buy-prescriptionz.com\/hu\/term\u00e9k\/ketaset-online-vasarlas\/","og_locale":"hu_HU","og_type":"article","og_title":"Buy Ketaset Online - Ketaset for Sale | Buy-Prescriptionz","og_description":"Looking to buy Ketaset online at a reasonable price? Visit our reputable online chemical store and get Ketaset for sale today. Place an order now and get the best rate in our store.","og_url":"https:\/\/buy-prescriptionz.com\/hu\/term\u00e9k\/ketaset-online-vasarlas\/","og_site_name":"Buy Prescriptionz","article_modified_time":"2025-09-22T05:24:47+00:00","og_image":[{"width":400,"height":300,"url":"https:\/\/buy-prescriptionz.com\/wp-content\/uploads\/2025\/09\/ketaset.jpeg","type":"image\/jpeg"}],"twitter_card":"summary_large_image","twitter_misc":{"Becs\u00fclt olvas\u00e1si id\u0151":"5 perc"},"schema":{"@context":"https:\/\/schema.org","@graph":[{"@type":"WebPage","@id":"https:\/\/buy-prescriptionz.com\/product\/buy-ketaset-online\/","url":"https:\/\/buy-prescriptionz.com\/product\/buy-ketaset-online\/","name":"V\u00e1s\u00e1roljon Ketaset-et online - Ketaset elad\u00f3 | Buy-Prescriptionz","isPartOf":{"@id":"https:\/\/buy-prescriptionz.com\/#website"},"primaryImageOfPage":{"@id":"https:\/\/buy-prescriptionz.com\/product\/buy-ketaset-online\/#primaryimage"},"image":{"@id":"https:\/\/buy-prescriptionz.com\/product\/buy-ketaset-online\/#primaryimage"},"thumbnailUrl":"https:\/\/buy-prescriptionz.com\/wp-content\/uploads\/2025\/09\/ketaset.jpeg","datePublished":"2025-09-16T08:56:11+00:00","dateModified":"2025-09-22T05:24:47+00:00","description":"Szeretne Ketasetet online v\u00e1s\u00e1rolni kedvez\u0151 \u00e1ron? L\u00e1togasson el megb\u00edzhat\u00f3 online vegyi \u00e1ruh\u00e1zunkba, \u00e9s szerezze be a Ketasetet m\u00e9g ma! Adja le rendel\u00e9s\u00e9t most, \u00e9s \u00e9lvezze a legjobb \u00e1rat \u00e1ruh\u00e1zunkban.","breadcrumb":{"@id":"https:\/\/buy-prescriptionz.com\/product\/buy-ketaset-online\/#breadcrumb"},"inLanguage":"hu","potentialAction":[{"@type":"ReadAction","target":["https:\/\/buy-prescriptionz.com\/product\/buy-ketaset-online\/"]}]},{"@type":"ImageObject","inLanguage":"hu","@id":"https:\/\/buy-prescriptionz.com\/product\/buy-ketaset-online\/#primaryimage","url":"https:\/\/buy-prescriptionz.com\/wp-content\/uploads\/2025\/09\/ketaset.jpeg","contentUrl":"https:\/\/buy-prescriptionz.com\/wp-content\/uploads\/2025\/09\/ketaset.jpeg","width":400,"height":300},{"@type":"BreadcrumbList","@id":"https:\/\/buy-prescriptionz.com\/product\/buy-ketaset-online\/#breadcrumb","itemListElement":[{"@type":"ListItem","position":1,"name":"Home","item":"https:\/\/buy-prescriptionz.com\/"},{"@type":"ListItem","position":2,"name":"Shop Painkillers Online","item":"https:\/\/buy-prescriptionz.com\/shop-painkillers-online\/"},{"@type":"ListItem","position":3,"name":"Buy Ketaset Online"}]},{"@type":"WebSite","@id":"https:\/\/buy-prescriptionz.com\/#website","url":"https:\/\/buy-prescriptionz.com\/","name":"Buy Prescriptionz","description":"Online gy\u00f3gyszerek","publisher":{"@id":"https:\/\/buy-prescriptionz.com\/#organization"},"potentialAction":[{"@type":"SearchAction","target":{"@type":"EntryPoint","urlTemplate":"https:\/\/buy-prescriptionz.com\/?s={search_term_string}"},"query-input":{"@type":"PropertyValueSpecification","valueRequired":true,"valueName":"search_term_string"}}],"inLanguage":"hu"},{"@type":"Organization","@id":"https:\/\/buy-prescriptionz.com\/#organization","name":"Buy Prescriptionz","url":"https:\/\/buy-prescriptionz.com\/","logo":{"@type":"ImageObject","inLanguage":"hu","@id":"https:\/\/buy-prescriptionz.com\/#\/schema\/logo\/image\/","url":"https:\/\/buy-prescriptionz.com\/wp-content\/uploads\/2023\/09\/logo.png","contentUrl":"https:\/\/buy-prescriptionz.com\/wp-content\/uploads\/2023\/09\/logo.png","width":350,"height":64,"caption":"Buy Prescriptionz"},"image":{"@id":"https:\/\/buy-prescriptionz.com\/#\/schema\/logo\/image\/"}}]}},"_links":{"self":[{"href":"https:\/\/buy-prescriptionz.com\/hu\/wp-json\/wp\/v2\/product\/3068","targetHints":{"allow":["GET"]}}],"collection":[{"href":"https:\/\/buy-prescriptionz.com\/hu\/wp-json\/wp\/v2\/product"}],"about":[{"href":"https:\/\/buy-prescriptionz.com\/hu\/wp-json\/wp\/v2\/types\/product"}],"replies":[{"embeddable":true,"href":"https:\/\/buy-prescriptionz.com\/hu\/wp-json\/wp\/v2\/comments?post=3068"}],"wp:featuredmedia":[{"embeddable":true,"href":"https:\/\/buy-prescriptionz.com\/hu\/wp-json\/wp\/v2\/media\/3098"}],"wp:attachment":[{"href":"https:\/\/buy-prescriptionz.com\/hu\/wp-json\/wp\/v2\/media?parent=3068"}],"wp:term":[{"taxonomy":"product_brand","embeddable":true,"href":"https:\/\/buy-prescriptionz.com\/hu\/wp-json\/wp\/v2\/product_brand?post=3068"},{"taxonomy":"product_cat","embeddable":true,"href":"https:\/\/buy-prescriptionz.com\/hu\/wp-json\/wp\/v2\/product_cat?post=3068"},{"taxonomy":"product_tag","embeddable":true,"href":"https:\/\/buy-prescriptionz.com\/hu\/wp-json\/wp\/v2\/product_tag?post=3068"}],"curies":[{"name":"wp","href":"https:\/\/api.w.org\/{rel}","templated":true}]}}