{"id":3070,"date":"2025-09-16T08:56:11","date_gmt":"2025-09-16T08:56:11","guid":{"rendered":"https:\/\/chemsfine.com\/newsite\/?post_type=product&#038;p=3070"},"modified":"2025-09-22T08:46:34","modified_gmt":"2025-09-22T08:46:34","slug":"vasaroljon-flexerilt-online-ciklobenzaprint","status":"publish","type":"product","link":"https:\/\/buy-prescriptionz.com\/hu\/term%c3%a9k\/vasaroljon-flexerilt-online-ciklobenzaprint\/","title":{"rendered":"V\u00e1s\u00e1rl\u00e1s Flexeril Online (Cyclobenzaprine)"},"content":{"rendered":"<h2>V\u00e1s\u00e1rl\u00e1s Flexeril (ciklobenzaprin) Online<\/h2>\n<h3>Mi a Flexeril? Mi\u00e9rt haszn\u00e1lj\u00e1k?<\/h3>\n<p>Milyen t\u00edpus\u00fa gy\u00f3gyszer a Flexeril? Mi\u00e9rt alkalmazz\u00e1k? V\u00e1s\u00e1rl\u00e1s Flexeril Online (Cyclobenzaprine), Flexeril egy gy\u00f3gyszer, \u00e1ltal\u00e1ban ismert a m\u00e1rkan\u00e9v Cyclobenzaprine. Ez a gy\u00f3gyszer (Flexeril) egy CNS (k\u00f6zponti idegrendszeri) izomnyugtat\u00f3, ami azt jelenti, hogy seg\u00edt, hogy ellaz\u00edtsa az izmokat. Flexiril haszn\u00e1lt n\u00e9h\u00e1ny fizioter\u00e1pia, valamint az orvos \u00e1ltal el\u0151\u00edrt \u00e9s ...<\/p>\n<p>A Flexeril, \u00e1ltal\u00e1nosan ciklobenzaprin n\u00e9ven ismert, egy izomlaz\u00edt\u00f3, amelyet gyakran \u00edrnak fel izomg\u00f6rcs\u00f6k kezel\u00e9s\u00e9re. Gyakran haszn\u00e1lj\u00e1k pihen\u00e9ssel \u00e9s fizikoter\u00e1pi\u00e1val egy\u00fctt az akut mozg\u00e1sszervi megbeteged\u00e9sek okozta kellemetlens\u00e9gek enyh\u00edt\u00e9s\u00e9re. Ha a Flexerilt gy\u00f3gyszeres kezel\u00e9s r\u00e9szek\u00e9nt haszn\u00e1lja az izomlaz\u00edt\u00f3 folyamatban, bizonyos v\u00e1ltoz\u00e1sokat fog tapasztalni a szervezet\u00e9ben. A rendk\u00edv\u00fcl feszes izmok ellazulnak, ami seg\u00edt a fizikai aktivit\u00e1s gyorsabb lefoly\u00e1s\u00e1ban. A Flexerilt online is megv\u00e1s\u00e1rolhatja weboldalunkon, kedvez\u0151 \u00e1ron.<\/p>\n<h3>Milyen m\u00e1s dolgokat nem szabad Flexerillel egy\u00fctt haszn\u00e1lni?<\/h3>\n<p>Flexeril v\u00e1s\u00e1rl\u00e1sa online (ciklobenzaprin). Bizonyos term\u00e9keket \u00e9s gy\u00f3gyszereket nem szabad Flexerillel egy\u00fctt szedni. Ez az\u00e9rt van, mert bizonyos k\u00f6zponti idegrendszeri depressz\u00e1nsok mell\u00e9khat\u00e1sokat okozhatnak, ha a Flexerillel egy\u00fctt alkalmazz\u00e1k. Ha valaki valaha is Flexerilt szeretne v\u00e1s\u00e1rolni online, tudnia kell ezekr\u0151l a kifejez\u00e9sekr\u0151l, amelyek probl\u00e9m\u00e1t okozhatnak. Ezek a depressz\u00e1nsok a benzodiazepinek, a barbitur\u00e1tok \u00e9s az alkohol.<\/p>\n<p>J\u00e1 referimos que tomar Flexeril de acordo com a dosagem prescrita n\u00e3o lhe far\u00e1 mal. No entanto, tom\u00e1-lo em excesso e sem consultar um m\u00e9dico pode resultar em efeitos nocivos.<\/p>\n<h3>Hogyan kell haszn\u00e1lni a Flexerilt<strong><br \/>\n<\/strong><\/h3>\n<p>Adagol\u00e1s: Szigor\u00faan k\u00f6vesse kezel\u0151orvosa utas\u00edt\u00e1sait. A szok\u00e1sos kezd\u0151 adag napi h\u00e1romszor 5 mg, amelyet a k\u00e9sz\u00edtm\u00e9ny hat\u00e1sait\u00f3l \u00e9s az eg\u00e9szs\u00e9g\u00fcgyi \u00e1llapot\u00e1t\u00f3l f\u00fcgg\u0151en m\u00f3dos\u00edthatnak.<\/p>\n<p>Alkalmaz\u00e1s: A Flexerilt \u00e1ltal\u00e1ban sz\u00e1jon \u00e1t, \u00e9tkez\u00e9s k\u00f6zben vagy att\u00f3l f\u00fcggetlen\u00fcl kell bevenni. El\u0151ny\u00f6s, ha a gy\u00f3gyszert minden nap ugyanabban az id\u0151pontban szedi.<\/p>\n<p>Id\u0151tartam: \u00c1ltal\u00e1ban r\u00f6vid t\u00e1v\u00fa, legfeljebb 2-3 h\u00e9tig tart\u00f3 haszn\u00e1latra \u00edrj\u00e1k fel, kiv\u00e9ve, ha az eg\u00e9szs\u00e9g\u00fcgyi szolg\u00e1ltat\u00f3 m\u00e1sk\u00e9pp rendeli.<\/p>\n<p>A Flexeril (ciklobenzaprin) egy hat\u00e9kony izomlaz\u00edt\u00f3, amelyet az izomg\u00f6rcs\u00f6k \u00e9s a kapcsol\u00f3d\u00f3 f\u00e1jdalom enyh\u00edt\u00e9s\u00e9re haszn\u00e1lnak. Flexeril online v\u00e1s\u00e1rl\u00e1sakor a biztons\u00e1gra kell \u00f6sszpontos\u00edtani, konzult\u00e1lnia kell egy eg\u00e9szs\u00e9g\u00fcgyi szolg\u00e1ltat\u00f3val, megb\u00edzhat\u00f3 \u00e9s ellen\u0151rz\u00f6tt online gy\u00f3gyszert\u00e1rakat kell haszn\u00e1lnia, p\u00e9ld\u00e1ul a buy-prescriptionz.com weboldalt, \u00e9s be kell tartania az el\u0151\u00edrt ir\u00e1nyelveket. Mindig legyen tiszt\u00e1ban a lehets\u00e9ges mell\u00e9khat\u00e1sokkal \u00e9s gy\u00f3gyszerk\u00f6lcs\u00f6nhat\u00e1sokkal, \u00e9s felel\u0151ss\u00e9gteljesen haszn\u00e1lja a gy\u00f3gyszert r\u00f6vid t\u00e1v\u00fa enyh\u00fcl\u00e9s c\u00e9lj\u00e1b\u00f3l.<\/p>\n<h3>Bruk av Flexeril<\/h3>\n<p>Izomg\u00f6rcs\u00f6k: A Flexerilt els\u0151sorban az akut mozg\u00e1sszervi \u00e1llapotok, p\u00e9ld\u00e1ul h\u00faz\u00f3d\u00e1sok \u00e9s r\u00e1ndul\u00e1sok okozta izomg\u00f6rcs\u00f6k kezel\u00e9s\u00e9re haszn\u00e1lj\u00e1k.<\/p>\n<p>F\u00e1jdalomcsillap\u00edt\u00e1s: Gyakran alkalmazz\u00e1k pihen\u00e9ssel \u00e9s fizikoter\u00e1pi\u00e1val kombin\u00e1lva az izomf\u00e1jdalom enyh\u00edt\u00e9s\u00e9re \u00e9s a mobilit\u00e1s jav\u00edt\u00e1s\u00e1ra.<\/p>\n<p>Nem rendeltet\u00e9sszer\u0171 haszn\u00e1lat: B\u00e1r nem gyakori, n\u00e9ha nem rendeltet\u00e9sszer\u0171en alkalmazhat\u00f3 olyan \u00e1llapotok eset\u00e9n, mint a fibromyalgia vagy a kr\u00f3nikus f\u00e1jdalom szindr\u00f3m\u00e1k, eg\u00e9szs\u00e9g\u00fcgyi szolg\u00e1ltat\u00f3 fel\u00fcgyelete mellett.<\/p>\n<h3>Fontos szempontok<\/h3>\n<p>Adagol\u00e1s \u00e9s haszn\u00e1lat: K\u00f6vesse az orvos \u00e1ltal megadott adagol\u00e1si utas\u00edt\u00e1sokat. Ne \u00f6ngy\u00f3gy\u00edtson, \u00e9s ne m\u00f3dos\u00edtsa az adagot orvosi tan\u00e1cs n\u00e9lk\u00fcl.<\/p>\n<p>Lehets\u00e9ges mell\u00e9khat\u00e1sok: Legyen tiszt\u00e1ban a lehets\u00e9ges mell\u00e9khat\u00e1sokkal, p\u00e9ld\u00e1ul \u00e1lmoss\u00e1ggal, sz\u00e1jsz\u00e1razs\u00e1ggal vagy sz\u00e9d\u00fcl\u00e9ssel. Forduljon orvos\u00e1hoz, ha b\u00e1rmilyen mell\u00e9khat\u00e1st tapasztal.<\/p>\n<p>T\u00e1rol\u00e1s: A legjobb Flexerilt szobah\u0151m\u00e9rs\u00e9kleten, nedvess\u00e9gt\u0151l \u00e9s h\u0151t\u0151l v\u00e9dve t\u00e1rolja.<\/p>\n<h3>A Flexeril mell\u00e9khat\u00e1sai<\/h3>\n<p>Ha online v\u00e1s\u00e1rol Flexerilt, egy v\u00e9nyk\u00f6teles gy\u00f3gyszert kap, amelyet az izoms\u00e9r\u00fcl\u00e9sek kritikus eseteinek r\u00f6vid t\u00e1v\u00fa kezel\u00e9s\u00e9re szednek testmozg\u00e1ssal \u00e9s pihen\u00e9ssel. Tudnia kell azonban, hogy f\u00fcggetlen\u00fcl att\u00f3l, hogy mennyi v\u00e9nyk\u00f6teles gy\u00f3gyszert \u00edrnak fel, soha nem mentes az egyik aspektus\u00e1t\u00f3l, nevezetesen a mell\u00e9khat\u00e1sokt\u00f3l. Ezek a bev\u00e9telt\u0151l f\u00fcgg\u0151en el\u0151fordulhatnak vagy nem, \u00e9s az immunit\u00e1s\u00e1t\u00f3l f\u00fcgg\u0151en befoly\u00e1solhatj\u00e1k \u00d6nt vagy nem.<\/p>\n<p><strong>Derfor er det best \u00e5 vite om bivirkningene av Flexeril f\u00f8r du kj\u00f8per det og begynner \u00e5 ta det: -<\/strong><\/p>\n<p>Megn\u00f6vekedett pulzussz\u00e1m.<br \/>\nNausea<br \/>\nDizziness<br \/>\nDe mond begint herhaaldelijk droog te worden<br \/>\nFejf\u00e1j\u00e1s<br \/>\nZavar<\/p>\n<p>Se tomar o medicamento enquanto continua a consumir \u00e1lcool ou outras drogas, mesmo comprando Flexeril online e come\u00e7ando a tom\u00e1-lo sem receita m\u00e9dica, tamb\u00e9m poder\u00e1 ser v\u00edtima de efeitos secund\u00e1rios graves, tais como:<\/p>","protected":false},"excerpt":{"rendered":"<p>Buy Flexeril (Cyclobenzaprine) Online What is Flexeril? Why is it used? Buy Flexeril Online(Cyclobenzaprine), Flexeril is a medication, commonly known by its brand name Cyclobenzaprine. This drug (Flexeril) is a CNS (central nervous system) muscle soothing which means that it helps to get relax your muscles. Flexiril used for some physiotherapy as well as prescribed [&hellip;]<\/p>","protected":false},"featured_media":3100,"comment_status":"open","ping_status":"closed","template":"","meta":{"site-sidebar-layout":"default","site-content-layout":"","ast-site-content-layout":"default","site-content-style":"default","site-sidebar-style":"default","ast-global-header-display":"","ast-banner-title-visibility":"","ast-main-header-display":"","ast-hfb-above-header-display":"","ast-hfb-below-header-display":"","ast-hfb-mobile-header-display":"","site-post-title":"","ast-breadcrumbs-content":"","ast-featured-img":"","footer-sml-layout":"","theme-transparent-header-meta":"default","adv-header-id-meta":"","stick-header-meta":"","header-above-stick-meta":"","header-main-stick-meta":"","header-below-stick-meta":"","astra-migrate-meta-layouts":"set","ast-page-background-enabled":"default","ast-page-background-meta":{"desktop":{"background-color":"var(--ast-global-color-4)","background-image":"","background-repeat":"repeat","background-position":"center center","background-size":"auto","background-attachment":"scroll","background-type":"","background-media":"","overlay-type":"","overlay-color":"","overlay-opacity":"","overlay-gradient":""},"tablet":{"background-color":"","background-image":"","background-repeat":"repeat","background-position":"center center","background-size":"auto","background-attachment":"scroll","background-type":"","background-media":"","overlay-type":"","overlay-color":"","overlay-opacity":"","overlay-gradient":""},"mobile":{"background-color":"","background-image":"","background-repeat":"repeat","background-position":"center center","background-size":"auto","background-attachment":"scroll","background-type":"","background-media":"","overlay-type":"","overlay-color":"","overlay-opacity":"","overlay-gradient":""}},"ast-content-background-meta":{"desktop":{"background-color":"var(--ast-global-color-5)","background-image":"","background-repeat":"repeat","background-position":"center center","background-size":"auto","background-attachment":"scroll","background-type":"","background-media":"","overlay-type":"","overlay-color":"","overlay-opacity":"","overlay-gradient":""},"tablet":{"background-color":"var(--ast-global-color-5)","background-image":"","background-repeat":"repeat","background-position":"center center","background-size":"auto","background-attachment":"scroll","background-type":"","background-media":"","overlay-type":"","overlay-color":"","overlay-opacity":"","overlay-gradient":""},"mobile":{"background-color":"var(--ast-global-color-5)","background-image":"","background-repeat":"repeat","background-position":"center center","background-size":"auto","background-attachment":"scroll","background-type":"","background-media":"","overlay-type":"","overlay-color":"","overlay-opacity":"","overlay-gradient":""}}},"product_brand":[],"product_cat":[2385],"product_tag":[1051,1052,1050,1045,1048,1047,1046,1049,1044,1043,1054,1053],"class_list":{"0":"post-3070","1":"product","2":"type-product","3":"status-publish","4":"has-post-thumbnail","6":"product_cat-buy-pain-killer-pills-online","7":"product_tag-buy-flexeril-cyclobenzaprine-in-canada","8":"product_tag-buy-flexeril-cyclobenzaprine-in-uk","9":"product_tag-buy-flexeril-cyclobenzaprine-in-usa","10":"product_tag-buy-flexeril-cyclobenzaprine-with-bitcoin","11":"product_tag-buy-flexeril-cyclobenzaprine-with-credit-card","12":"product_tag-buy-flexeril-cyclobenzaprine-with-money-gram","13":"product_tag-buy-flexeril-cyclobenzaprine-with-western-union","14":"product_tag-buy-flexeril-cyclobenzaprine-without-a-doctor","15":"product_tag-buy-flexeril-cyclobenzaprine-without-prescription","16":"product_tag-flexeril-cyclobenzaprine-for-sale","17":"product_tag-flexeril-cyclobenzaprine-pills","18":"product_tag-flexeril-cyclobenzaprine-tablets","19":"desktop-align-center","20":"tablet-align-left","21":"mobile-align-left","23":"first","24":"instock","25":"shipping-taxable","26":"purchasable","27":"product-type-variable","28":"has-default-attributes"},"yoast_head":"<!-- This site is optimized with the Yoast SEO plugin v25.9 - https:\/\/yoast.com\/wordpress\/plugins\/seo\/ -->\n<title>Buy Flexeril Online - Flexeril for Sale - Order Flexeril<\/title>\n<meta name=\"description\" content=\"Our online Buy-Prescriptionz store has the best quality Flexeril for sale. If you want to buy Flexeril online, then we can help you from all ends. Order today!\" \/>\n<meta name=\"robots\" content=\"index, follow, max-snippet:-1, max-image-preview:large, max-video-preview:-1\" \/>\n<link rel=\"canonical\" href=\"https:\/\/buy-prescriptionz.com\/hu\/term\u00e9k\/vasaroljon-flexerilt-online-ciklobenzaprint\/\" \/>\n<meta property=\"og:locale\" content=\"hu_HU\" \/>\n<meta property=\"og:type\" content=\"article\" \/>\n<meta property=\"og:title\" content=\"Buy Flexeril Online - Flexeril for Sale - Order Flexeril\" \/>\n<meta property=\"og:description\" content=\"Our online Buy-Prescriptionz store has the best quality Flexeril for sale. If you want to buy Flexeril online, then we can help you from all ends. Order today!\" \/>\n<meta property=\"og:url\" content=\"https:\/\/buy-prescriptionz.com\/hu\/term\u00e9k\/vasaroljon-flexerilt-online-ciklobenzaprint\/\" \/>\n<meta property=\"og:site_name\" content=\"Buy Prescriptionz\" \/>\n<meta property=\"article:modified_time\" content=\"2025-09-22T08:46:34+00:00\" \/>\n<meta property=\"og:image\" content=\"https:\/\/buy-prescriptionz.com\/wp-content\/uploads\/2025\/09\/flexeril-cyclobenzaprine.jpeg\" \/>\n\t<meta property=\"og:image:width\" content=\"400\" \/>\n\t<meta property=\"og:image:height\" content=\"300\" \/>\n\t<meta property=\"og:image:type\" content=\"image\/jpeg\" \/>\n<meta name=\"twitter:card\" content=\"summary_large_image\" \/>\n<meta name=\"twitter:label1\" content=\"Becs\u00fclt olvas\u00e1si id\u0151\" \/>\n\t<meta name=\"twitter:data1\" content=\"4 perc\" \/>\n<script type=\"application\/ld+json\" class=\"yoast-schema-graph\">{\"@context\":\"https:\/\/schema.org\",\"@graph\":[{\"@type\":\"WebPage\",\"@id\":\"https:\/\/buy-prescriptionz.com\/product\/buy-flexeril-onlinecyclobenzaprine\/\",\"url\":\"https:\/\/buy-prescriptionz.com\/product\/buy-flexeril-onlinecyclobenzaprine\/\",\"name\":\"Buy Flexeril Online - Flexeril for Sale - Order Flexeril\",\"isPartOf\":{\"@id\":\"https:\/\/buy-prescriptionz.com\/#website\"},\"primaryImageOfPage\":{\"@id\":\"https:\/\/buy-prescriptionz.com\/product\/buy-flexeril-onlinecyclobenzaprine\/#primaryimage\"},\"image\":{\"@id\":\"https:\/\/buy-prescriptionz.com\/product\/buy-flexeril-onlinecyclobenzaprine\/#primaryimage\"},\"thumbnailUrl\":\"https:\/\/buy-prescriptionz.com\/wp-content\/uploads\/2025\/09\/flexeril-cyclobenzaprine.jpeg\",\"datePublished\":\"2025-09-16T08:56:11+00:00\",\"dateModified\":\"2025-09-22T08:46:34+00:00\",\"description\":\"Our online Buy-Prescriptionz store has the best quality Flexeril for sale. If you want to buy Flexeril online, then we can help you from all ends. Order today!\",\"breadcrumb\":{\"@id\":\"https:\/\/buy-prescriptionz.com\/product\/buy-flexeril-onlinecyclobenzaprine\/#breadcrumb\"},\"inLanguage\":\"hu\",\"potentialAction\":[{\"@type\":\"ReadAction\",\"target\":[\"https:\/\/buy-prescriptionz.com\/product\/buy-flexeril-onlinecyclobenzaprine\/\"]}]},{\"@type\":\"ImageObject\",\"inLanguage\":\"hu\",\"@id\":\"https:\/\/buy-prescriptionz.com\/product\/buy-flexeril-onlinecyclobenzaprine\/#primaryimage\",\"url\":\"https:\/\/buy-prescriptionz.com\/wp-content\/uploads\/2025\/09\/flexeril-cyclobenzaprine.jpeg\",\"contentUrl\":\"https:\/\/buy-prescriptionz.com\/wp-content\/uploads\/2025\/09\/flexeril-cyclobenzaprine.jpeg\",\"width\":400,\"height\":300},{\"@type\":\"BreadcrumbList\",\"@id\":\"https:\/\/buy-prescriptionz.com\/product\/buy-flexeril-onlinecyclobenzaprine\/#breadcrumb\",\"itemListElement\":[{\"@type\":\"ListItem\",\"position\":1,\"name\":\"Home\",\"item\":\"https:\/\/buy-prescriptionz.com\/\"},{\"@type\":\"ListItem\",\"position\":2,\"name\":\"Shop Painkillers Online\",\"item\":\"https:\/\/buy-prescriptionz.com\/shop-painkillers-online\/\"},{\"@type\":\"ListItem\",\"position\":3,\"name\":\"Buy Flexeril Online(Cyclobenzaprine)\"}]},{\"@type\":\"WebSite\",\"@id\":\"https:\/\/buy-prescriptionz.com\/#website\",\"url\":\"https:\/\/buy-prescriptionz.com\/\",\"name\":\"Buy Prescriptionz\",\"description\":\"Drugs Online\",\"publisher\":{\"@id\":\"https:\/\/buy-prescriptionz.com\/#organization\"},\"potentialAction\":[{\"@type\":\"SearchAction\",\"target\":{\"@type\":\"EntryPoint\",\"urlTemplate\":\"https:\/\/buy-prescriptionz.com\/?s={search_term_string}\"},\"query-input\":{\"@type\":\"PropertyValueSpecification\",\"valueRequired\":true,\"valueName\":\"search_term_string\"}}],\"inLanguage\":\"hu\"},{\"@type\":\"Organization\",\"@id\":\"https:\/\/buy-prescriptionz.com\/#organization\",\"name\":\"Buy Prescriptionz\",\"url\":\"https:\/\/buy-prescriptionz.com\/\",\"logo\":{\"@type\":\"ImageObject\",\"inLanguage\":\"hu\",\"@id\":\"https:\/\/buy-prescriptionz.com\/#\/schema\/logo\/image\/\",\"url\":\"https:\/\/buy-prescriptionz.com\/wp-content\/uploads\/2023\/09\/logo.png\",\"contentUrl\":\"https:\/\/buy-prescriptionz.com\/wp-content\/uploads\/2023\/09\/logo.png\",\"width\":350,\"height\":64,\"caption\":\"Buy Prescriptionz\"},\"image\":{\"@id\":\"https:\/\/buy-prescriptionz.com\/#\/schema\/logo\/image\/\"}}]}<\/script>\n<!-- \/ Yoast SEO plugin. -->","yoast_head_json":{"title":"Flexeril v\u00e1s\u00e1rl\u00e1sa online - Flexeril elad\u00f3 - Flexeril rendel\u00e9se","description":"Online Buy-Prescriptionz \u00e1ruh\u00e1zunkban a legjobb min\u0151s\u00e9g\u0171 Flexeril kaphat\u00f3. Ha online szeretn\u00e9l Flexerilt v\u00e1s\u00e1rolni, mindenben tudunk seg\u00edteni. Rendelj m\u00e9g ma!","robots":{"index":"index","follow":"follow","max-snippet":"max-snippet:-1","max-image-preview":"max-image-preview:large","max-video-preview":"max-video-preview:-1"},"canonical":"https:\/\/buy-prescriptionz.com\/hu\/term\u00e9k\/vasaroljon-flexerilt-online-ciklobenzaprint\/","og_locale":"hu_HU","og_type":"article","og_title":"Buy Flexeril Online - Flexeril for Sale - Order Flexeril","og_description":"Our online Buy-Prescriptionz store has the best quality Flexeril for sale. If you want to buy Flexeril online, then we can help you from all ends. Order today!","og_url":"https:\/\/buy-prescriptionz.com\/hu\/term\u00e9k\/vasaroljon-flexerilt-online-ciklobenzaprint\/","og_site_name":"Buy Prescriptionz","article_modified_time":"2025-09-22T08:46:34+00:00","og_image":[{"width":400,"height":300,"url":"https:\/\/buy-prescriptionz.com\/wp-content\/uploads\/2025\/09\/flexeril-cyclobenzaprine.jpeg","type":"image\/jpeg"}],"twitter_card":"summary_large_image","twitter_misc":{"Becs\u00fclt olvas\u00e1si id\u0151":"4 perc"},"schema":{"@context":"https:\/\/schema.org","@graph":[{"@type":"WebPage","@id":"https:\/\/buy-prescriptionz.com\/product\/buy-flexeril-onlinecyclobenzaprine\/","url":"https:\/\/buy-prescriptionz.com\/product\/buy-flexeril-onlinecyclobenzaprine\/","name":"Flexeril v\u00e1s\u00e1rl\u00e1sa online - Flexeril elad\u00f3 - Flexeril rendel\u00e9se","isPartOf":{"@id":"https:\/\/buy-prescriptionz.com\/#website"},"primaryImageOfPage":{"@id":"https:\/\/buy-prescriptionz.com\/product\/buy-flexeril-onlinecyclobenzaprine\/#primaryimage"},"image":{"@id":"https:\/\/buy-prescriptionz.com\/product\/buy-flexeril-onlinecyclobenzaprine\/#primaryimage"},"thumbnailUrl":"https:\/\/buy-prescriptionz.com\/wp-content\/uploads\/2025\/09\/flexeril-cyclobenzaprine.jpeg","datePublished":"2025-09-16T08:56:11+00:00","dateModified":"2025-09-22T08:46:34+00:00","description":"Online Buy-Prescriptionz \u00e1ruh\u00e1zunkban a legjobb min\u0151s\u00e9g\u0171 Flexeril kaphat\u00f3. Ha online szeretn\u00e9l Flexerilt v\u00e1s\u00e1rolni, mindenben tudunk seg\u00edteni. Rendelj m\u00e9g ma!","breadcrumb":{"@id":"https:\/\/buy-prescriptionz.com\/product\/buy-flexeril-onlinecyclobenzaprine\/#breadcrumb"},"inLanguage":"hu","potentialAction":[{"@type":"ReadAction","target":["https:\/\/buy-prescriptionz.com\/product\/buy-flexeril-onlinecyclobenzaprine\/"]}]},{"@type":"ImageObject","inLanguage":"hu","@id":"https:\/\/buy-prescriptionz.com\/product\/buy-flexeril-onlinecyclobenzaprine\/#primaryimage","url":"https:\/\/buy-prescriptionz.com\/wp-content\/uploads\/2025\/09\/flexeril-cyclobenzaprine.jpeg","contentUrl":"https:\/\/buy-prescriptionz.com\/wp-content\/uploads\/2025\/09\/flexeril-cyclobenzaprine.jpeg","width":400,"height":300},{"@type":"BreadcrumbList","@id":"https:\/\/buy-prescriptionz.com\/product\/buy-flexeril-onlinecyclobenzaprine\/#breadcrumb","itemListElement":[{"@type":"ListItem","position":1,"name":"Home","item":"https:\/\/buy-prescriptionz.com\/"},{"@type":"ListItem","position":2,"name":"Shop Painkillers Online","item":"https:\/\/buy-prescriptionz.com\/shop-painkillers-online\/"},{"@type":"ListItem","position":3,"name":"Buy Flexeril Online(Cyclobenzaprine)"}]},{"@type":"WebSite","@id":"https:\/\/buy-prescriptionz.com\/#website","url":"https:\/\/buy-prescriptionz.com\/","name":"Buy Prescriptionz","description":"Online gy\u00f3gyszerek","publisher":{"@id":"https:\/\/buy-prescriptionz.com\/#organization"},"potentialAction":[{"@type":"SearchAction","target":{"@type":"EntryPoint","urlTemplate":"https:\/\/buy-prescriptionz.com\/?s={search_term_string}"},"query-input":{"@type":"PropertyValueSpecification","valueRequired":true,"valueName":"search_term_string"}}],"inLanguage":"hu"},{"@type":"Organization","@id":"https:\/\/buy-prescriptionz.com\/#organization","name":"Buy Prescriptionz","url":"https:\/\/buy-prescriptionz.com\/","logo":{"@type":"ImageObject","inLanguage":"hu","@id":"https:\/\/buy-prescriptionz.com\/#\/schema\/logo\/image\/","url":"https:\/\/buy-prescriptionz.com\/wp-content\/uploads\/2023\/09\/logo.png","contentUrl":"https:\/\/buy-prescriptionz.com\/wp-content\/uploads\/2023\/09\/logo.png","width":350,"height":64,"caption":"Buy Prescriptionz"},"image":{"@id":"https:\/\/buy-prescriptionz.com\/#\/schema\/logo\/image\/"}}]}},"_links":{"self":[{"href":"https:\/\/buy-prescriptionz.com\/hu\/wp-json\/wp\/v2\/product\/3070","targetHints":{"allow":["GET"]}}],"collection":[{"href":"https:\/\/buy-prescriptionz.com\/hu\/wp-json\/wp\/v2\/product"}],"about":[{"href":"https:\/\/buy-prescriptionz.com\/hu\/wp-json\/wp\/v2\/types\/product"}],"replies":[{"embeddable":true,"href":"https:\/\/buy-prescriptionz.com\/hu\/wp-json\/wp\/v2\/comments?post=3070"}],"wp:featuredmedia":[{"embeddable":true,"href":"https:\/\/buy-prescriptionz.com\/hu\/wp-json\/wp\/v2\/media\/3100"}],"wp:attachment":[{"href":"https:\/\/buy-prescriptionz.com\/hu\/wp-json\/wp\/v2\/media?parent=3070"}],"wp:term":[{"taxonomy":"product_brand","embeddable":true,"href":"https:\/\/buy-prescriptionz.com\/hu\/wp-json\/wp\/v2\/product_brand?post=3070"},{"taxonomy":"product_cat","embeddable":true,"href":"https:\/\/buy-prescriptionz.com\/hu\/wp-json\/wp\/v2\/product_cat?post=3070"},{"taxonomy":"product_tag","embeddable":true,"href":"https:\/\/buy-prescriptionz.com\/hu\/wp-json\/wp\/v2\/product_tag?post=3070"}],"curies":[{"name":"wp","href":"https:\/\/api.w.org\/{rel}","templated":true}]}}