{"id":3071,"date":"2025-09-16T08:56:11","date_gmt":"2025-09-16T08:56:11","guid":{"rendered":"https:\/\/chemsfine.com\/newsite\/?post_type=product&#038;p=3071"},"modified":"2025-09-21T12:21:54","modified_gmt":"2025-09-21T12:21:54","slug":"fioricet-butalbitol-online-vasarlas","status":"publish","type":"product","link":"https:\/\/buy-prescriptionz.com\/hu\/term%c3%a9k\/fioricet-butalbitol-online-vasarlas\/","title":{"rendered":"V\u00e1s\u00e1rl\u00e1s Fioricet (Butalbitol) Online"},"content":{"rendered":"<h2>V\u00e1s\u00e1roljon Fioricet-et online<\/h2>\n<p>V\u00e1s\u00e1roljon Fioricet-et (Butalbitol) online! Azok a betegek, akiknek receptre van sz\u00fcks\u00e9g\u00fck a Fioricethez, mostant\u00f3l online is v\u00e1s\u00e1rolhatnak Fioricet-et hitelk\u00e1rty\u00e1val az Egyes\u00fclt \u00c1llamokban. A Fioricet online v\u00e1s\u00e1rl\u00e1sa sokkal k\u00e9nyelmesebb a betegek sz\u00e1m\u00e1ra. A betegnek nem kell el\u0151zetesen receptet k\u00e9rnie az orvost\u00f3l ahhoz, hogy online gy\u00f3gyszert\u00e1ron kereszt\u00fcl rendelhesse meg a Fioricet-et. Az online gy\u00f3gyszert\u00e1r c\u00e9lja, hogy kiv\u00e1l\u00f3 min\u0151s\u00e9g\u0171 gy\u00f3gyszereket biztos\u00edtson a betegeknek kedvezm\u00e9nyes \u00e1ron, orvosi rendel\u0151 gondjai n\u00e9lk\u00fcl. A Fioricet csak egy a sok gy\u00f3gyszer k\u00f6z\u00fcl, amelyekhez nem sz\u00fcks\u00e9ges orvosi l\u00e1togat\u00e1s a recept megszerz\u00e9s\u00e9hez. V\u00e1s\u00e1roljon Fioricet-et (Butalbitol) online! Ez azt jelenti, hogy a betegnek m\u00e9g otthonr\u00f3l sem kell kimennie ahhoz, hogy beszerezze a sz\u00fcks\u00e9ges gy\u00f3gyszert.<\/p>\n<p>A Fioricet egy kombin\u00e1lt gy\u00f3gyszer, amely koffeint, acetaminofent \u00e9s butalbit\u00e1lt tartalmaz. Sz\u00e1jon \u00e1t, sz\u00fcks\u00e9g szerint alkalmazz\u00e1k a fesz\u00fclts\u00e9g okozta fejf\u00e1j\u00e1s enyh\u00edt\u00e9s\u00e9re, \u00e1ltal\u00e1ban 4 \u00f3r\u00e1nk\u00e9nt. Mivel azonban f\u00fcgg\u0151s\u00e9get okozhat \u00e9s s\u00falyosb\u00edthatja a fejf\u00e1j\u00e1st, ha t\u00fal rendszeresen haszn\u00e1lj\u00e1k, nem aj\u00e1nlott els\u0151dleges alternat\u00edvak\u00e9nt. A legjobb Fioricetnek is lehetnek mell\u00e9khat\u00e1sai, p\u00e9ld\u00e1ul sz\u00e9d\u00fcl\u00e9s \u00e9s \u00e1lmoss\u00e1g. Vannak gy\u00f3gyszerek \u00e9s sz\u00e1jon \u00e1t szedhet\u0151 szirup r\u00e1.<\/p>\n<p>A Fioricet tablett\u00e1k butalbitalt, koffeint \u00e9s acetaminofent is tartalmaznak. Az acetaminofen f\u00e1jdalomcsillap\u00edt\u00f3 \u00e9s l\u00e1zcsillap\u00edt\u00f3 hat\u00e1s\u00fa. A barbitur\u00e1tok a butalbitalt is tartalmaz\u00f3 gy\u00f3gyszerek egy csoportja. Enyh\u00edti a fesz\u00fclts\u00e9g okozta fejf\u00e1j\u00e1st okoz\u00f3 izomg\u00f6rcs\u00f6ket. A koffein a k\u00f6zponti idegrendszer stimul\u00e1nsa. A v\u00e9r\u00e1raml\u00e1s fokoz\u00e1sa \u00e9rdek\u00e9ben enyh\u00edti az erek izomg\u00f6rcseit. A stressz okozta fejf\u00e1j\u00e1sban (amit az izmok feszess\u00e9ge okoz) szenved\u0151k fioricetet szednek.<\/p>\n<p>For at en pasient skal kunne kj\u00f8pe Fioricet p\u00e5 nett, m\u00e5 de fylle ut et sp\u00f8rreskjema. Sp\u00f8rreskjemaet vil stille flere medisinske og helserelaterte sp\u00f8rsm\u00e5l som m\u00e5 besvares. N\u00e5r pasienten har fylt ut sp\u00f8rreskjemaet, vil de kunne sende det inn til nettapoteket. Sp\u00f8rreskjemaet vil bli sendt til en av de mange autoriserte legene p\u00e5 nettapoteket. Den autoriserte legen vil gjennomg\u00e5 sp\u00f8rreskjemaet og bestemme om bestillingen vil bli godkjent eller ikke. Hvis bestillingen blir godkjent, vil pasienten kunne kj\u00f8pe Fioricet billig p\u00e5 nett. Legen vil sende Fioricet RX p\u00e5 nett til de autoriserte farmas\u00f8ytene, som deretter vil fylle ut bestillingen og sende den til adressen som pasienten har oppgitt. Kj\u00f8p Fioricet (Butalbitol) p\u00e5 nett. Medisinbestillinger sendes vanligvis ut med levering neste dag, slik at pasienten ikke trenger \u00e5 vente p\u00e5 medisinen de trenger.<\/p>\n<h3><strong>V\u00e1s\u00e1rl\u00e1s Fioricet (Butalbitol) Online<\/strong><\/h3>\n<p>A Fioricet egy kombin\u00e1lt gy\u00f3gyszer, amely koffeint, acetaminofent \u00e9s butalbit\u00e1lt tartalmaz. Sz\u00e1jon \u00e1t, sz\u00fcks\u00e9g szerint alkalmazz\u00e1k a fesz\u00fclts\u00e9g okozta fejf\u00e1j\u00e1s enyh\u00edt\u00e9s\u00e9re, \u00e1ltal\u00e1ban 4 \u00f3r\u00e1nk\u00e9nt. Mivel azonban f\u00fcgg\u0151s\u00e9get okozhat \u00e9s s\u00falyosb\u00edthatja a fejf\u00e1j\u00e1st, ha t\u00fal rendszeresen haszn\u00e1lj\u00e1k, nem aj\u00e1nlott els\u0151dleges alternat\u00edvak\u00e9nt. A legjobb Fioricetnek is lehetnek mell\u00e9khat\u00e1sai, p\u00e9ld\u00e1ul sz\u00e9d\u00fcl\u00e9s \u00e9s \u00e1lmoss\u00e1g. Vannak gy\u00f3gyszerek \u00e9s sz\u00e1jon \u00e1t szedhet\u0151 szirup r\u00e1.<\/p>\n<p>A Fioricet tablett\u00e1k butalbitalt, koffeint \u00e9s acetaminofent is tartalmaznak. Az acetaminofen f\u00e1jdalomcsillap\u00edt\u00f3 \u00e9s l\u00e1zcsillap\u00edt\u00f3 hat\u00e1s\u00fa. A barbitur\u00e1tok a butalbitalt is tartalmaz\u00f3 gy\u00f3gyszerek egy csoportja. Enyh\u00edti a fesz\u00fclts\u00e9g okozta fejf\u00e1j\u00e1st okoz\u00f3 izomg\u00f6rcs\u00f6ket. A koffein a k\u00f6zponti idegrendszer stimul\u00e1nsa. A v\u00e9r\u00e1raml\u00e1s fokoz\u00e1sa \u00e9rdek\u00e9ben enyh\u00edti az erek izomg\u00f6rcseit. A stressz okozta fejf\u00e1j\u00e1sban (amit az izmok feszess\u00e9ge okoz) szenved\u0151k fioricetet szednek.<\/p>\n<p>Figyelmeztet\u00e9sek<\/p>\n<p>Ha porf\u00edri\u00e1ja van, vagy ha nemr\u00e9g alkoholt, nyugtat\u00f3kat, nyugtat\u00f3kat vagy m\u00e1s k\u00e1b\u00edt\u00f3szereket fogyasztott, ne haszn\u00e1lja a Fioricet-et.<\/p>\n<p>Ha az elm\u00falt 14 napban MAO-g\u00e1tl\u00f3t szedett, ne alkalmazza a Fioricet-et. Kock\u00e1zatos gy\u00f3gyszerk\u00f6lcs\u00f6nhat\u00e1s l\u00e9phet fel. Az izokarboxazid, a linezolid, a metil\u00e9nk\u00e9k injekci\u00f3, a fenelzin \u00e9s a tranilcipromin a MAO-g\u00e1tl\u00f3k p\u00e9ld\u00e1i.<\/p>\n<p>Ne vegyen be t\u00f6bb Fioricet-et, mint amennyit javasolt. Az acetaminofen t\u00faladagol\u00e1sa k\u00e1ros\u00edthatja a m\u00e1jat, vagy ak\u00e1r hal\u00e1lhoz is vezethet. Ha a k\u00f6vetkez\u0151 t\u00fcnetek b\u00e1rmelyik\u00e9t tapasztalja: s\u00f6t\u00e9t vizelet, agyagsz\u00edn\u0171 sz\u00e9klet, h\u00e1nyinger, fels\u0151 gyomort\u00e1ji kellemetlen \u00e9rz\u00e9s, viszket\u00e9s, \u00e9tv\u00e1gytalans\u00e1g vagy s\u00e1rgas\u00e1g (a b\u0151r vagy a szemek s\u00e1rgul\u00e1sa). Nagyon ritk\u00e1n az acetaminofen s\u00falyos b\u0151rreakci\u00f3t v\u00e1lthat ki. Ha a b\u0151re kipirosodik, vagy \u00e9g\u0151 \u00e9s h\u00e1mlaszt\u00f3 ki\u00fct\u00e9s jelentkezik, hagyja abba a Fioricet szed\u00e9s\u00e9t, \u00e9s azonnal forduljon orvos\u00e1hoz.<\/p>\n<p>A Fioricet egy hat\u00e9kony gy\u00f3gyszer a fesz\u00fclts\u00e9g okozta fejf\u00e1j\u00e1s enyh\u00edt\u00e9s\u00e9re, amely az acetaminofent, a butalbit\u00e1lt \u00e9s a koffeint \u00f6tv\u00f6zi az \u00e1tfog\u00f3 f\u00e1jdalomcsillap\u00edt\u00e1s \u00e9s az izomlaz\u00edt\u00e1s \u00e9rdek\u00e9ben. Lehets\u00e9ges mell\u00e9khat\u00e1sai \u00e9s a megfelel\u0151 adagol\u00e1s sz\u00fcks\u00e9gess\u00e9ge miatt felel\u0151ss\u00e9gteljesen, eg\u00e9szs\u00e9g\u00fcgyi szolg\u00e1ltat\u00f3 fel\u00fcgyelete mellett kell alkalmazni. A Fioricet biztons\u00e1gos \u00e9s megb\u00edzhat\u00f3 el\u00e9r\u00e9s\u00e9hez \u00e9rdemes a legjobb gy\u00f3gyszert\u00e1rban v\u00e1s\u00e1rolni. <a href=\"https:\/\/buy-prescriptionz.com\/hu\/\">buy-prescriptionz.com<\/a>Mindig k\u00f6vesse eg\u00e9szs\u00e9g\u00fcgyi szolg\u00e1ltat\u00f3ja \u00fatmutat\u00e1sait, \u00e9s konzult\u00e1ljon vele, ha b\u00e1rmilyen k\u00e9rd\u00e9se vagy agg\u00e1lya van a haszn\u00e1lat\u00e1val kapcsolatban.<\/p>\n<h3>Figyelmeztet\u00e9sek<\/h3>\n<p>Ha porf\u00edri\u00e1ja van, vagy ha nemr\u00e9g alkoholt, nyugtat\u00f3kat, nyugtat\u00f3kat vagy m\u00e1s k\u00e1b\u00edt\u00f3szereket fogyasztott, ne haszn\u00e1lja a Fioricet-et.<\/p>\n<p>Ha az elm\u00falt 14 napban MAO-g\u00e1tl\u00f3t szedett, ne alkalmazza a Fioricet-et. Kock\u00e1zatos gy\u00f3gyszerk\u00f6lcs\u00f6nhat\u00e1s l\u00e9phet fel. Az izokarboxazid, a linezolid, a metil\u00e9nk\u00e9k injekci\u00f3, a fenelzin \u00e9s a tranilcipromin a MAO-g\u00e1tl\u00f3k p\u00e9ld\u00e1i.<\/p>\n<p>Ne vegyen be t\u00f6bb Fioricet-et, mint amennyit javasolt. Az acetaminofen t\u00faladagol\u00e1sa k\u00e1ros\u00edthatja a m\u00e1jat, vagy ak\u00e1r hal\u00e1lhoz is vezethet. Ha a k\u00f6vetkez\u0151 t\u00fcnetek b\u00e1rmelyik\u00e9t tapasztalja: s\u00f6t\u00e9t vizelet, agyagsz\u00edn\u0171 sz\u00e9klet, h\u00e1nyinger, fels\u0151 gyomort\u00e1ji kellemetlen \u00e9rz\u00e9s, viszket\u00e9s, \u00e9tv\u00e1gytalans\u00e1g vagy s\u00e1rgas\u00e1g (a b\u0151r vagy a szemek s\u00e1rgul\u00e1sa). Nagyon ritk\u00e1n az acetaminofen s\u00falyos b\u0151rreakci\u00f3t v\u00e1lthat ki. Ha a b\u0151re kipirosodik, vagy \u00e9g\u0151 \u00e9s h\u00e1mlaszt\u00f3 ki\u00fct\u00e9s jelentkezik, hagyja abba a Fioricet szed\u00e9s\u00e9t, \u00e9s azonnal forduljon orvos\u00e1hoz.<\/p>\n<p>A Fioricet egy hat\u00e9kony gy\u00f3gyszer a fesz\u00fclts\u00e9g okozta fejf\u00e1j\u00e1s enyh\u00edt\u00e9s\u00e9re, amely az acetaminofent, a butalbit\u00e1lt \u00e9s a koffeint \u00f6tv\u00f6zi az \u00e1tfog\u00f3 f\u00e1jdalomcsillap\u00edt\u00e1s \u00e9s az izomlaz\u00edt\u00e1s \u00e9rdek\u00e9ben. Lehets\u00e9ges mell\u00e9khat\u00e1sai \u00e9s a megfelel\u0151 adagol\u00e1s sz\u00fcks\u00e9gess\u00e9ge miatt felel\u0151ss\u00e9gteljesen, eg\u00e9szs\u00e9g\u00fcgyi szolg\u00e1ltat\u00f3 fel\u00fcgyelete mellett kell alkalmazni. A Fioricet biztons\u00e1gos \u00e9s megb\u00edzhat\u00f3 el\u00e9r\u00e9s\u00e9hez \u00e9rdemes a legjobb gy\u00f3gyszert\u00e1rban v\u00e1s\u00e1rolni. <a href=\"https:\/\/buy-prescriptionz.com\/hu\/\">Buy-Prescriptionz.com<\/a>Mindig k\u00f6vesse eg\u00e9szs\u00e9g\u00fcgyi szolg\u00e1ltat\u00f3ja \u00fatmutat\u00e1sait, \u00e9s konzult\u00e1ljon vele, ha b\u00e1rmilyen k\u00e9rd\u00e9se vagy agg\u00e1lya van a haszn\u00e1lat\u00e1val kapcsolatban.<\/p>","protected":false},"excerpt":{"rendered":"<p>Buy Fioricet Online Buy Fioricet (Butalbitol) Online, Patients who need a prescription for Fioricet now have the opportunity to buy fioricet online with credit card in USA. Being able to buy online Fioricet is much more convenient to the patient. The patient does not need a prior prescription for a physician to be able to [&hellip;]<\/p>","protected":false},"featured_media":3101,"comment_status":"open","ping_status":"closed","template":"","meta":{"site-sidebar-layout":"default","site-content-layout":"","ast-site-content-layout":"default","site-content-style":"default","site-sidebar-style":"default","ast-global-header-display":"","ast-banner-title-visibility":"","ast-main-header-display":"","ast-hfb-above-header-display":"","ast-hfb-below-header-display":"","ast-hfb-mobile-header-display":"","site-post-title":"","ast-breadcrumbs-content":"","ast-featured-img":"","footer-sml-layout":"","theme-transparent-header-meta":"default","adv-header-id-meta":"","stick-header-meta":"","header-above-stick-meta":"","header-main-stick-meta":"","header-below-stick-meta":"","astra-migrate-meta-layouts":"set","ast-page-background-enabled":"default","ast-page-background-meta":{"desktop":{"background-color":"var(--ast-global-color-4)","background-image":"","background-repeat":"repeat","background-position":"center center","background-size":"auto","background-attachment":"scroll","background-type":"","background-media":"","overlay-type":"","overlay-color":"","overlay-opacity":"","overlay-gradient":""},"tablet":{"background-color":"","background-image":"","background-repeat":"repeat","background-position":"center center","background-size":"auto","background-attachment":"scroll","background-type":"","background-media":"","overlay-type":"","overlay-color":"","overlay-opacity":"","overlay-gradient":""},"mobile":{"background-color":"","background-image":"","background-repeat":"repeat","background-position":"center center","background-size":"auto","background-attachment":"scroll","background-type":"","background-media":"","overlay-type":"","overlay-color":"","overlay-opacity":"","overlay-gradient":""}},"ast-content-background-meta":{"desktop":{"background-color":"var(--ast-global-color-5)","background-image":"","background-repeat":"repeat","background-position":"center center","background-size":"auto","background-attachment":"scroll","background-type":"","background-media":"","overlay-type":"","overlay-color":"","overlay-opacity":"","overlay-gradient":""},"tablet":{"background-color":"var(--ast-global-color-5)","background-image":"","background-repeat":"repeat","background-position":"center center","background-size":"auto","background-attachment":"scroll","background-type":"","background-media":"","overlay-type":"","overlay-color":"","overlay-opacity":"","overlay-gradient":""},"mobile":{"background-color":"var(--ast-global-color-5)","background-image":"","background-repeat":"repeat","background-position":"center center","background-size":"auto","background-attachment":"scroll","background-type":"","background-media":"","overlay-type":"","overlay-color":"","overlay-opacity":"","overlay-gradient":""}}},"product_brand":[],"product_cat":[2385],"product_tag":[1039,1040,1038,1033,1036,1035,1034,1037,1032,1031,1042,1041],"class_list":{"0":"post-3071","1":"product","2":"type-product","3":"status-publish","4":"has-post-thumbnail","6":"product_cat-buy-pain-killer-pills-online","7":"product_tag-buy-fioricet-butalbitol-in-canada","8":"product_tag-buy-fioricet-butalbitol-in-uk","9":"product_tag-buy-fioricet-butalbitol-in-usa","10":"product_tag-buy-fioricet-butalbitol-with-bitcoin","11":"product_tag-buy-fioricet-butalbitol-with-credit-card","12":"product_tag-buy-fioricet-butalbitol-with-money-gram","13":"product_tag-buy-fioricet-butalbitol-with-western-union","14":"product_tag-buy-fioricet-butalbitol-without-a-doctor","15":"product_tag-buy-fioricet-butalbitol-without-prescription","16":"product_tag-fioricet-butalbitol-for-sale","17":"product_tag-fioricet-butalbitol-pills","18":"product_tag-fioricet-butalbitol-tablets","19":"desktop-align-center","20":"tablet-align-left","21":"mobile-align-left","23":"first","24":"instock","25":"shipping-taxable","26":"purchasable","27":"product-type-variable","28":"has-default-attributes"},"yoast_head":"<!-- This site is optimized with the Yoast SEO plugin v25.9 - https:\/\/yoast.com\/wordpress\/plugins\/seo\/ -->\n<title>Buy Fioricet (Butalbitol) Online , Online USA - Fioricet for Sale<\/title>\n<meta name=\"description\" content=\"Buy Fioricet (Butalbitol) Online at best price without doctor&#039;s prescription. Buy Fioricet (Butalbitol) Online, buy-prescriptionz.com ,\" \/>\n<meta name=\"robots\" content=\"index, follow, max-snippet:-1, max-image-preview:large, max-video-preview:-1\" \/>\n<link rel=\"canonical\" href=\"https:\/\/buy-prescriptionz.com\/hu\/term\u00e9k\/fioricet-butalbitol-online-vasarlas\/\" \/>\n<meta property=\"og:locale\" content=\"hu_HU\" \/>\n<meta property=\"og:type\" content=\"article\" \/>\n<meta property=\"og:title\" content=\"Buy Fioricet (Butalbitol) Online , Online USA - Fioricet for Sale\" \/>\n<meta property=\"og:description\" content=\"Buy Fioricet (Butalbitol) Online at best price without doctor&#039;s prescription. Buy Fioricet (Butalbitol) Online, buy-prescriptionz.com ,\" \/>\n<meta property=\"og:url\" content=\"https:\/\/buy-prescriptionz.com\/hu\/term\u00e9k\/fioricet-butalbitol-online-vasarlas\/\" \/>\n<meta property=\"og:site_name\" content=\"Buy Prescriptionz\" \/>\n<meta property=\"article:modified_time\" content=\"2025-09-21T12:21:54+00:00\" \/>\n<meta property=\"og:image\" content=\"https:\/\/buy-prescriptionz.com\/wp-content\/uploads\/2025\/09\/fioricet-butalbitol.jpg\" \/>\n\t<meta property=\"og:image:width\" content=\"400\" \/>\n\t<meta property=\"og:image:height\" content=\"300\" \/>\n\t<meta property=\"og:image:type\" content=\"image\/jpeg\" \/>\n<meta name=\"twitter:card\" content=\"summary_large_image\" \/>\n<meta name=\"twitter:label1\" content=\"Becs\u00fclt olvas\u00e1si id\u0151\" \/>\n\t<meta name=\"twitter:data1\" content=\"5 perc\" \/>\n<script type=\"application\/ld+json\" class=\"yoast-schema-graph\">{\"@context\":\"https:\/\/schema.org\",\"@graph\":[{\"@type\":\"WebPage\",\"@id\":\"https:\/\/buy-prescriptionz.com\/product\/buy-fioricet-butalbitol-online\/\",\"url\":\"https:\/\/buy-prescriptionz.com\/product\/buy-fioricet-butalbitol-online\/\",\"name\":\"Buy Fioricet (Butalbitol) Online , Online USA - Fioricet for Sale\",\"isPartOf\":{\"@id\":\"https:\/\/buy-prescriptionz.com\/#website\"},\"primaryImageOfPage\":{\"@id\":\"https:\/\/buy-prescriptionz.com\/product\/buy-fioricet-butalbitol-online\/#primaryimage\"},\"image\":{\"@id\":\"https:\/\/buy-prescriptionz.com\/product\/buy-fioricet-butalbitol-online\/#primaryimage\"},\"thumbnailUrl\":\"https:\/\/buy-prescriptionz.com\/wp-content\/uploads\/2025\/09\/fioricet-butalbitol.jpg\",\"datePublished\":\"2025-09-16T08:56:11+00:00\",\"dateModified\":\"2025-09-21T12:21:54+00:00\",\"description\":\"Buy Fioricet (Butalbitol) Online at best price without doctor's prescription. Buy Fioricet (Butalbitol) Online, buy-prescriptionz.com ,\",\"breadcrumb\":{\"@id\":\"https:\/\/buy-prescriptionz.com\/product\/buy-fioricet-butalbitol-online\/#breadcrumb\"},\"inLanguage\":\"hu\",\"potentialAction\":[{\"@type\":\"ReadAction\",\"target\":[\"https:\/\/buy-prescriptionz.com\/product\/buy-fioricet-butalbitol-online\/\"]}]},{\"@type\":\"ImageObject\",\"inLanguage\":\"hu\",\"@id\":\"https:\/\/buy-prescriptionz.com\/product\/buy-fioricet-butalbitol-online\/#primaryimage\",\"url\":\"https:\/\/buy-prescriptionz.com\/wp-content\/uploads\/2025\/09\/fioricet-butalbitol.jpg\",\"contentUrl\":\"https:\/\/buy-prescriptionz.com\/wp-content\/uploads\/2025\/09\/fioricet-butalbitol.jpg\",\"width\":400,\"height\":300},{\"@type\":\"BreadcrumbList\",\"@id\":\"https:\/\/buy-prescriptionz.com\/product\/buy-fioricet-butalbitol-online\/#breadcrumb\",\"itemListElement\":[{\"@type\":\"ListItem\",\"position\":1,\"name\":\"Home\",\"item\":\"https:\/\/buy-prescriptionz.com\/\"},{\"@type\":\"ListItem\",\"position\":2,\"name\":\"Shop Painkillers Online\",\"item\":\"https:\/\/buy-prescriptionz.com\/shop-painkillers-online\/\"},{\"@type\":\"ListItem\",\"position\":3,\"name\":\"Buy Fioricet (Butalbitol) Online\"}]},{\"@type\":\"WebSite\",\"@id\":\"https:\/\/buy-prescriptionz.com\/#website\",\"url\":\"https:\/\/buy-prescriptionz.com\/\",\"name\":\"Buy Prescriptionz\",\"description\":\"Drugs Online\",\"publisher\":{\"@id\":\"https:\/\/buy-prescriptionz.com\/#organization\"},\"potentialAction\":[{\"@type\":\"SearchAction\",\"target\":{\"@type\":\"EntryPoint\",\"urlTemplate\":\"https:\/\/buy-prescriptionz.com\/?s={search_term_string}\"},\"query-input\":{\"@type\":\"PropertyValueSpecification\",\"valueRequired\":true,\"valueName\":\"search_term_string\"}}],\"inLanguage\":\"hu\"},{\"@type\":\"Organization\",\"@id\":\"https:\/\/buy-prescriptionz.com\/#organization\",\"name\":\"Buy Prescriptionz\",\"url\":\"https:\/\/buy-prescriptionz.com\/\",\"logo\":{\"@type\":\"ImageObject\",\"inLanguage\":\"hu\",\"@id\":\"https:\/\/buy-prescriptionz.com\/#\/schema\/logo\/image\/\",\"url\":\"https:\/\/buy-prescriptionz.com\/wp-content\/uploads\/2023\/09\/logo.png\",\"contentUrl\":\"https:\/\/buy-prescriptionz.com\/wp-content\/uploads\/2023\/09\/logo.png\",\"width\":350,\"height\":64,\"caption\":\"Buy Prescriptionz\"},\"image\":{\"@id\":\"https:\/\/buy-prescriptionz.com\/#\/schema\/logo\/image\/\"}}]}<\/script>\n<!-- \/ Yoast SEO plugin. -->","yoast_head_json":{"title":"Fioricet (Butalbitol) v\u00e1s\u00e1rl\u00e1sa online, online az USA-ban - Fioricet elad\u00f3","description":"Buy Fioricet (Butalbitol) Online at best price without doctor's prescription. Buy Fioricet (Butalbitol) Online, buy-prescriptionz.com ,","robots":{"index":"index","follow":"follow","max-snippet":"max-snippet:-1","max-image-preview":"max-image-preview:large","max-video-preview":"max-video-preview:-1"},"canonical":"https:\/\/buy-prescriptionz.com\/hu\/term\u00e9k\/fioricet-butalbitol-online-vasarlas\/","og_locale":"hu_HU","og_type":"article","og_title":"Buy Fioricet (Butalbitol) Online , Online USA - Fioricet for Sale","og_description":"Buy Fioricet (Butalbitol) Online at best price without doctor's prescription. Buy Fioricet (Butalbitol) Online, buy-prescriptionz.com ,","og_url":"https:\/\/buy-prescriptionz.com\/hu\/term\u00e9k\/fioricet-butalbitol-online-vasarlas\/","og_site_name":"Buy Prescriptionz","article_modified_time":"2025-09-21T12:21:54+00:00","og_image":[{"width":400,"height":300,"url":"https:\/\/buy-prescriptionz.com\/wp-content\/uploads\/2025\/09\/fioricet-butalbitol.jpg","type":"image\/jpeg"}],"twitter_card":"summary_large_image","twitter_misc":{"Becs\u00fclt olvas\u00e1si id\u0151":"5 perc"},"schema":{"@context":"https:\/\/schema.org","@graph":[{"@type":"WebPage","@id":"https:\/\/buy-prescriptionz.com\/product\/buy-fioricet-butalbitol-online\/","url":"https:\/\/buy-prescriptionz.com\/product\/buy-fioricet-butalbitol-online\/","name":"Fioricet (Butalbitol) v\u00e1s\u00e1rl\u00e1sa online, online az USA-ban - Fioricet elad\u00f3","isPartOf":{"@id":"https:\/\/buy-prescriptionz.com\/#website"},"primaryImageOfPage":{"@id":"https:\/\/buy-prescriptionz.com\/product\/buy-fioricet-butalbitol-online\/#primaryimage"},"image":{"@id":"https:\/\/buy-prescriptionz.com\/product\/buy-fioricet-butalbitol-online\/#primaryimage"},"thumbnailUrl":"https:\/\/buy-prescriptionz.com\/wp-content\/uploads\/2025\/09\/fioricet-butalbitol.jpg","datePublished":"2025-09-16T08:56:11+00:00","dateModified":"2025-09-21T12:21:54+00:00","description":"Buy Fioricet (Butalbitol) Online at best price without doctor's prescription. Buy Fioricet (Butalbitol) Online, buy-prescriptionz.com ,","breadcrumb":{"@id":"https:\/\/buy-prescriptionz.com\/product\/buy-fioricet-butalbitol-online\/#breadcrumb"},"inLanguage":"hu","potentialAction":[{"@type":"ReadAction","target":["https:\/\/buy-prescriptionz.com\/product\/buy-fioricet-butalbitol-online\/"]}]},{"@type":"ImageObject","inLanguage":"hu","@id":"https:\/\/buy-prescriptionz.com\/product\/buy-fioricet-butalbitol-online\/#primaryimage","url":"https:\/\/buy-prescriptionz.com\/wp-content\/uploads\/2025\/09\/fioricet-butalbitol.jpg","contentUrl":"https:\/\/buy-prescriptionz.com\/wp-content\/uploads\/2025\/09\/fioricet-butalbitol.jpg","width":400,"height":300},{"@type":"BreadcrumbList","@id":"https:\/\/buy-prescriptionz.com\/product\/buy-fioricet-butalbitol-online\/#breadcrumb","itemListElement":[{"@type":"ListItem","position":1,"name":"Home","item":"https:\/\/buy-prescriptionz.com\/"},{"@type":"ListItem","position":2,"name":"Shop Painkillers Online","item":"https:\/\/buy-prescriptionz.com\/shop-painkillers-online\/"},{"@type":"ListItem","position":3,"name":"Buy Fioricet (Butalbitol) Online"}]},{"@type":"WebSite","@id":"https:\/\/buy-prescriptionz.com\/#website","url":"https:\/\/buy-prescriptionz.com\/","name":"Buy Prescriptionz","description":"Online gy\u00f3gyszerek","publisher":{"@id":"https:\/\/buy-prescriptionz.com\/#organization"},"potentialAction":[{"@type":"SearchAction","target":{"@type":"EntryPoint","urlTemplate":"https:\/\/buy-prescriptionz.com\/?s={search_term_string}"},"query-input":{"@type":"PropertyValueSpecification","valueRequired":true,"valueName":"search_term_string"}}],"inLanguage":"hu"},{"@type":"Organization","@id":"https:\/\/buy-prescriptionz.com\/#organization","name":"Buy Prescriptionz","url":"https:\/\/buy-prescriptionz.com\/","logo":{"@type":"ImageObject","inLanguage":"hu","@id":"https:\/\/buy-prescriptionz.com\/#\/schema\/logo\/image\/","url":"https:\/\/buy-prescriptionz.com\/wp-content\/uploads\/2023\/09\/logo.png","contentUrl":"https:\/\/buy-prescriptionz.com\/wp-content\/uploads\/2023\/09\/logo.png","width":350,"height":64,"caption":"Buy Prescriptionz"},"image":{"@id":"https:\/\/buy-prescriptionz.com\/#\/schema\/logo\/image\/"}}]}},"_links":{"self":[{"href":"https:\/\/buy-prescriptionz.com\/hu\/wp-json\/wp\/v2\/product\/3071","targetHints":{"allow":["GET"]}}],"collection":[{"href":"https:\/\/buy-prescriptionz.com\/hu\/wp-json\/wp\/v2\/product"}],"about":[{"href":"https:\/\/buy-prescriptionz.com\/hu\/wp-json\/wp\/v2\/types\/product"}],"replies":[{"embeddable":true,"href":"https:\/\/buy-prescriptionz.com\/hu\/wp-json\/wp\/v2\/comments?post=3071"}],"wp:featuredmedia":[{"embeddable":true,"href":"https:\/\/buy-prescriptionz.com\/hu\/wp-json\/wp\/v2\/media\/3101"}],"wp:attachment":[{"href":"https:\/\/buy-prescriptionz.com\/hu\/wp-json\/wp\/v2\/media?parent=3071"}],"wp:term":[{"taxonomy":"product_brand","embeddable":true,"href":"https:\/\/buy-prescriptionz.com\/hu\/wp-json\/wp\/v2\/product_brand?post=3071"},{"taxonomy":"product_cat","embeddable":true,"href":"https:\/\/buy-prescriptionz.com\/hu\/wp-json\/wp\/v2\/product_cat?post=3071"},{"taxonomy":"product_tag","embeddable":true,"href":"https:\/\/buy-prescriptionz.com\/hu\/wp-json\/wp\/v2\/product_tag?post=3071"}],"curies":[{"name":"wp","href":"https:\/\/api.w.org\/{rel}","templated":true}]}}