{"id":3102,"date":"2025-09-16T08:56:24","date_gmt":"2025-09-16T08:56:24","guid":{"rendered":"https:\/\/chemsfine.com\/newsite\/?post_type=product&#038;p=3102"},"modified":"2025-09-16T08:58:25","modified_gmt":"2025-09-16T08:58:25","slug":"dormicum-online-vasarlas","status":"publish","type":"product","link":"https:\/\/buy-prescriptionz.com\/hu\/term%c3%a9k\/dormicum-online-vasarlas\/","title":{"rendered":"Dormicum online v\u00e1s\u00e1rl\u00e1sa"},"content":{"rendered":"<h2>V\u00e1s\u00e1roljon koll\u00e9giumot online | dormix elad\u00f3<\/h2>\n<p>Dormicum is a drug that contains the active ingredient midazolam. It&#8217;s one of a class of drugs known as benzodiazepines. It is used to treat insomnia and to help patients prepare for surgery. It&#8217;s a fast-acting hypnotic with a short biological half-life, and it comes in two dosages (Dormicum 15mg and Dormicum 7.5mg). The tablets successfully reduced sleep onset time in many controlled trials as well as in the sleep lab. It means that by taking the proper Dormicum dosage for sleep, you can extend your sleep time without compromising your REM sleep. As a result, sleep efficiency improves.<\/p>\n<p>You may fall asleep within 20 minutes after taking Dormicum, and the duration of your sleep will automatically adjust to match your age-related sleep patterns. Because Midazolam, the active ingredient in Dormicum, has anxiolytic, anticonvulsant, muscle relaxant, and sedative characteristics, you won&#8217;t notice any performance impairments when you wake up.<\/p>\n<h3>Dormicum online<\/h3>\n<p>Buy dormicum online |dormicum on sale | dormicum , Midazolam is a sleep aid with a rapid start of action, a short half-life in the body, and effective, consistent, and simple administration. DORMICUM has also been found in clinical studies and laboratory tests to abbreviate sleep onset and prolong sleep duration without causing quantitative alterations in paradoxical sleep (REM). In typically, the time between taking Dormicum and falling asleep is less than 20 minutes, and the sleep returns to normal after that. The patient feels refreshed and rested when he or she wakes up.<br \/>\nSecond, you can order Midazolam (Dormicum) 15mg pills online from us; we have high-quality Midazolam (Dormicum) 15mg pills. Without a prescription, buy Midazolam (Dormicum) 15mg online.<br \/>\nBest Online Without Prescription Site sells Midazolam (Lorazepam) 15mg.<br \/>\n15mg Midazolam (Dormicum)<br \/>\nMidazolam (Dormicum) 15mg Pills of Superior Quality<br \/>\nDelivery to any country in the world<br \/>\nPackaging that is unobtrusive<br \/>\nSupport is available 24\/7.<br \/>\nGuaranteed 100% Customer Satisfaction<br \/>\nMidazolam (Dormicum) 15 mg v\u00e1s\u00e1rl\u00e1sa online a legjobb online recept n\u00e9lk\u00fcli oldalr\u00f3l.<\/p>\n<div>\n<div class=\"b_factrow\">Propofol<\/div>\n<\/div>\n<div>\n<div class=\"b_factrow\">Lorazepam<\/div>\n<\/div>\n<div>\n<div class=\"b_factrow\">Fentanyl<\/div>\n<\/div>\n<div>\n<div class=\"b_factrow\">Diazepam<\/div>\n<\/div>\n<div>\n<div class=\"b_factrow\">Ketamin<\/div>\n<div>\n<h3>\u00c1ttekint\u00e9s<\/h3>\n<p>A Dormicum 15 mg hat\u00e9kony gy\u00f3gyszer a s\u00falyos \u00e1lmatlans\u00e1g \u00e9s szorong\u00e1s r\u00f6vid t\u00e1v\u00fa kezel\u00e9s\u00e9re m\u0171t\u00e9tek el\u0151tt. Hat\u00e9konys\u00e1ga \u00e9s lehets\u00e9ges mell\u00e9khat\u00e1sai miatt orvosi fel\u00fcgyelet mellett kell alkalmazni.<\/p>\n<p>A midazol\u00e1m-male\u00e1t a Dormicum tablett\u00e1kban, m\u00edg a midazol\u00e1m-hidroklorid ampull\u00e1kban tal\u00e1lhat\u00f3.<br \/>\nSeg\u00e9danyagk\u00e9nt minden ampulla n\u00e1trium-hidroxidot, s\u00f3savat, n\u00e1trium-kloridot \u00e9s injekci\u00f3s vizet is tartalmaz.<br \/>\nA midazol\u00e1m egy 8-kl\u00f3r-6-(2-fluorfenil)-1-metil-4H-imidazo[1,5-a][1,4] benzodiazepin.<\/p>\n<h3><strong>Jelek \u00e9s felhaszn\u00e1l\u00e1sok <\/strong><\/h3>\n<p>Tabletta: Ideiglenes altat\u00f3k\u00e9nt. Csak s\u00falyos, rokkants\u00e1got vagy nagy szenved\u00e9st okoz\u00f3 rendelleness\u00e9geket szabad benzodiazepinekkel kezelni. Seb\u00e9szeti beavatkoz\u00e1sok vagy diagnosztikai kezel\u00e9sek el\u0151tt premedik\u00e1ci\u00f3k\u00e9nt szed\u00e1ci\u00f3t alkalmaznak.<br \/>\nAmpoule: Inducing conscious sedation, either with or without local anesthetic (IV injection), prior to diagnostic or therapeutic treatments.<br \/>\nPremedication prior to anesthetic induction (intranasal or rectal in youngsters).<br \/>\nAneszt\u00e9zia indukci\u00f3ja \u00e9s fenntart\u00e1sa: vagy szedat\u00edvumk\u00e9nt vegyes aneszt\u00e9zi\u00e1ban, p\u00e9ld\u00e1ul teljes intrav\u00e9n\u00e1s aneszt\u00e9zi\u00e1ban (intrav\u00e9n\u00e1s injekci\u00f3, intrav\u00e9n\u00e1s inf\u00fazi\u00f3), vagy indukci\u00f3s gy\u00f3gyszerk\u00e9nt inhal\u00e1ci\u00f3s aneszt\u00e9zi\u00e1ban.<br \/>\nFiatalokn\u00e1l ataralg\u00e9zia ketaminnal kombin\u00e1lva (im. adagol\u00e1s).<br \/>\nhosszan tart\u00f3 szedat\u00edv kezel\u00e9s intenz\u00edv oszt\u00e1lyon (intrav\u00e9n\u00e1s, folyamatos inf\u00fazi\u00f3ban vagy b\u00f3lus injekci\u00f3ban adva).<\/p>\n<p>Megb\u00edzhat\u00f3 forr\u00e1s\u00e9rt \u00e9rdemes megfontolni a Dormicum 15mg megv\u00e1s\u00e1rl\u00e1s\u00e1t a Buy-Prescriptionz.com oldalr\u00f3l. Eredeti gy\u00f3gyszereket k\u00edn\u00e1lnak gyors sz\u00e1ll\u00edt\u00e1ssal \u00e9s kiv\u00e1l\u00f3 \u00fcgyf\u00e9lszolg\u00e1lattal. Gondoskodjon a biztons\u00e1gos \u00e9s hat\u00e9kony kezel\u00e9sr\u0151l a legjobb gy\u00f3gyszert\u00e1r, p\u00e9ld\u00e1ul a Buy-Prescriptionz.com kiv\u00e1laszt\u00e1s\u00e1val.<\/p>\n<\/div>\n<\/div>\n<h2>Foglalkoztat\u00e1sok<\/h2>\n<p>This medicine is utilized as a part of kids before a methodology or anesthesia to cause sleepiness, diminish tension, and reason distraction of the surgery or method. It ought to be utilized while the kid is under the consideration of a wellbeing proficient. It is not for home or long haul use. midazolam has a place with a class of drugs called benzodiazepines, which process a quieting impact on the cerebrum and nerves (focal sensory system). It is thought to work by expanding the impact of a certain regular concoction (GABA) in the brain. This pill might likewise be utilized fleeting for slumber issues (e.g., inconvenience resting, \u201cnight dread\u201d)<\/p>\n<p><strong>K\u00cdN\u00c1LUNK TENGERENT\u00daLI SZOLG\u00c1LTAT\u00c1SOK BIZTONS\u00c1GOS SZ\u00c1LL\u00cdT\u00c1S AZ \u00d6N AJTAJ\u00c1N!<\/strong><\/p>\n<p>Furthermore, You Can Make Payment Via Credit &amp; Debit Card.<br \/>\nEMS\/USPS Express Discreet Trackable Delivery worldwide Range.<br \/>\nHow do we send packages?<br \/>\nMoreover, We pack the packages carefully with tungsten and carbon papers to skip through customs x-ray machines at airports.<br \/>\nFinally, you can<\/p>\n<p>Buy Dormicum Online, you can purchase Dormicum 15mg online here without portrayal at shoddy rate. we are the best USA online solid pharmacy.<\/p>\n<p>can i buy midazolam<br \/>\ndormicum where to buy<\/p>\n<h3>To relax before operation, take 15mg of Domicum Midazolam.<\/h3>\n<p><strong>Introduction<\/strong>:<\/p>\n<p>A Dormicum Midazolam 15 mg egy izomlaz\u00edt\u00f3 \u00e9s nyugtat\u00f3 gy\u00f3gyszer, amelyet gyermekekn\u00e9l alkalmaznak beavatkoz\u00e1s vagy altat\u00e1s el\u0151tt az \u00e1lmoss\u00e1g el\u0151seg\u00edt\u00e9s\u00e9re, a szorong\u00e1s cs\u00f6kkent\u00e9s\u00e9re \u00e9s a m\u0171t\u00e9t vagy beavatkoz\u00e1s felejthet\u0151v\u00e9 t\u00e9tel\u00e9re. Ez egy amn\u00e9zi\u00e1s tulajdons\u00e1gokkal rendelkez\u0151 narkotikum. Ez a gy\u00f3gyszer egyed\u00fcl\u00e1ll\u00f3 ebben a csoportban, mivel hat\u00e1sa r\u00f6vid \u00e9s azonnali. Ez az egyed\u00fcl\u00e1ll\u00f3 gy\u00f3gyszer sz\u00e1mos biomedicin\u00e1lis k\u00f6rnyezetben alkalmazhat\u00f3, bele\u00e9rtve a sz\u00edv- \u00e9s \u00e9rrendszeri orvosi elj\u00e1r\u00e1sokat, a fog\u00e1szatot \u00e9s az endoszk\u00f3pos rendszereket. Csak orvosi fel\u00fcgyelet mellett alkalmazhat\u00f3. Nem otthoni vagy hosszabb ideig tart\u00f3 haszn\u00e1latra sz\u00e1nt\u00e1k. A midazolam a benzodiazepin gy\u00f3gyszerek oszt\u00e1ly\u00e1ba tartozik, amelyek nyugtat\u00f3 hat\u00e1ssal vannak az agyra \u00e9s az idegekre, m\u00e1s n\u00e9ven a k\u00f6zponti idegrendszerre. \u00dagy tartj\u00e1k, hogy az agyban l\u00e9v\u0151 term\u00e9szetes vegyi anyag hat\u00e1sainak fokoz\u00e1s\u00e1val fejti ki hat\u00e1s\u00e1t.<\/p>\n<p>&nbsp;<\/p>","protected":false},"excerpt":{"rendered":"<p><strong>Dormicum<\/strong>\u00a0(Midazolam) 7,5 mg tabletta\/tabletta:\u00a0<strong>Dormicum<\/strong>\u00a0(Midazolam) M\u0171t\u00e9t vagy bizonyos m\u0171t\u00e9tek el\u0151tt haszn\u00e1lj\u00e1k.\u00a0<strong>orvosi<\/strong>\u00a0tesztek, hogy \u00e1lmos, \u00e1lmos vagy nyugodt legyen. A benzodiazepinek nev\u0171 gy\u00f3gyszercsoportba tartozik. \u00c1RA\/TABLET.\u00a0<strong>Dormicum<\/strong>\u00a0(Midazolam) 15 mg mennyis\u00e9g.<\/p>","protected":false},"featured_media":3132,"comment_status":"open","ping_status":"closed","template":"","meta":{"site-sidebar-layout":"default","site-content-layout":"","ast-site-content-layout":"default","site-content-style":"default","site-sidebar-style":"default","ast-global-header-display":"","ast-banner-title-visibility":"","ast-main-header-display":"","ast-hfb-above-header-display":"","ast-hfb-below-header-display":"","ast-hfb-mobile-header-display":"","site-post-title":"","ast-breadcrumbs-content":"","ast-featured-img":"","footer-sml-layout":"","theme-transparent-header-meta":"default","adv-header-id-meta":"","stick-header-meta":"","header-above-stick-meta":"","header-main-stick-meta":"","header-below-stick-meta":"","astra-migrate-meta-layouts":"","ast-page-background-enabled":"default","ast-page-background-meta":{"desktop":{"background-color":"var(--ast-global-color-4)","background-image":"","background-repeat":"repeat","background-position":"center center","background-size":"auto","background-attachment":"scroll","background-type":"","background-media":"","overlay-type":"","overlay-color":"","overlay-opacity":"","overlay-gradient":""},"tablet":{"background-color":"","background-image":"","background-repeat":"repeat","background-position":"center center","background-size":"auto","background-attachment":"scroll","background-type":"","background-media":"","overlay-type":"","overlay-color":"","overlay-opacity":"","overlay-gradient":""},"mobile":{"background-color":"","background-image":"","background-repeat":"repeat","background-position":"center center","background-size":"auto","background-attachment":"scroll","background-type":"","background-media":"","overlay-type":"","overlay-color":"","overlay-opacity":"","overlay-gradient":""}},"ast-content-background-meta":{"desktop":{"background-color":"var(--ast-global-color-5)","background-image":"","background-repeat":"repeat","background-position":"center center","background-size":"auto","background-attachment":"scroll","background-type":"","background-media":"","overlay-type":"","overlay-color":"","overlay-opacity":"","overlay-gradient":""},"tablet":{"background-color":"var(--ast-global-color-5)","background-image":"","background-repeat":"repeat","background-position":"center center","background-size":"auto","background-attachment":"scroll","background-type":"","background-media":"","overlay-type":"","overlay-color":"","overlay-opacity":"","overlay-gradient":""},"mobile":{"background-color":"var(--ast-global-color-5)","background-image":"","background-repeat":"repeat","background-position":"center center","background-size":"auto","background-attachment":"scroll","background-type":"","background-media":"","overlay-type":"","overlay-color":"","overlay-opacity":"","overlay-gradient":""}}},"product_brand":[],"product_cat":[2385],"product_tag":[2313,1015,1016,1014,1009,1012,1011,1010,1013,1008,2314,2312,1007,1018,1017],"class_list":{"0":"post-3102","1":"product","2":"type-product","3":"status-publish","4":"has-post-thumbnail","6":"product_cat-buy-pain-killer-pills-online","7":"product_tag-buy-dormicum","8":"product_tag-buy-dormicum-in-canada","9":"product_tag-buy-dormicum-in-uk","10":"product_tag-buy-dormicum-in-usa","11":"product_tag-buy-dormicum-with-bitcoin","12":"product_tag-buy-dormicum-with-credit-card","13":"product_tag-buy-dormicum-with-money-gram","14":"product_tag-buy-dormicum-with-western-union","15":"product_tag-buy-dormicum-without-a-doctor","16":"product_tag-buy-dormicum-without-prescription","17":"product_tag-dormicum-15mg-price","18":"product_tag-dormicum-15mg-sleeping-tablets","19":"product_tag-dormicum-for-sale","20":"product_tag-dormicum-pills","21":"product_tag-dormicum-tablets","22":"desktop-align-center","23":"tablet-align-left","24":"mobile-align-left","26":"first","27":"instock","28":"shipping-taxable","29":"purchasable","30":"product-type-variable","31":"has-default-attributes"},"yoast_head":"<!-- This site is optimized with the Yoast SEO plugin v25.9 - https:\/\/yoast.com\/wordpress\/plugins\/seo\/ -->\n<title>Buy Dormicum Online - Dormicum for Sale<\/title>\n<meta name=\"description\" content=\"If you want to buy Dormicum online, then visit our online store buy-prescriptionz. We have high-quality products like Dormicum for sale. Place your order now!\" \/>\n<meta name=\"robots\" content=\"index, follow, max-snippet:-1, max-image-preview:large, max-video-preview:-1\" \/>\n<link rel=\"canonical\" href=\"https:\/\/buy-prescriptionz.com\/hu\/term\u00e9k\/dormicum-online-vasarlas\/\" \/>\n<meta property=\"og:locale\" content=\"hu_HU\" \/>\n<meta property=\"og:type\" content=\"article\" \/>\n<meta property=\"og:title\" content=\"Buy Dormicum Online - Dormicum for Sale\" \/>\n<meta property=\"og:description\" content=\"If you want to buy Dormicum online, then visit our online store buy-prescriptionz. We have high-quality products like Dormicum for sale. Place your order now!\" \/>\n<meta property=\"og:url\" content=\"https:\/\/buy-prescriptionz.com\/hu\/term\u00e9k\/dormicum-online-vasarlas\/\" \/>\n<meta property=\"og:site_name\" content=\"Buy Prescriptionz\" \/>\n<meta property=\"article:modified_time\" content=\"2025-09-16T08:58:25+00:00\" \/>\n<meta property=\"og:image\" content=\"https:\/\/buy-prescriptionz.com\/wp-content\/uploads\/2025\/09\/dormicum.jpg\" \/>\n\t<meta property=\"og:image:width\" content=\"400\" \/>\n\t<meta property=\"og:image:height\" content=\"300\" \/>\n\t<meta property=\"og:image:type\" content=\"image\/jpeg\" \/>\n<meta name=\"twitter:card\" content=\"summary_large_image\" \/>\n<meta name=\"twitter:label1\" content=\"Becs\u00fclt olvas\u00e1si id\u0151\" \/>\n\t<meta name=\"twitter:data1\" content=\"5 perc\" \/>\n<script type=\"application\/ld+json\" class=\"yoast-schema-graph\">{\"@context\":\"https:\/\/schema.org\",\"@graph\":[{\"@type\":\"WebPage\",\"@id\":\"https:\/\/buy-prescriptionz.com\/product\/buy-dormicum-online\/\",\"url\":\"https:\/\/buy-prescriptionz.com\/product\/buy-dormicum-online\/\",\"name\":\"Buy Dormicum Online - Dormicum for Sale\",\"isPartOf\":{\"@id\":\"https:\/\/buy-prescriptionz.com\/#website\"},\"primaryImageOfPage\":{\"@id\":\"https:\/\/buy-prescriptionz.com\/product\/buy-dormicum-online\/#primaryimage\"},\"image\":{\"@id\":\"https:\/\/buy-prescriptionz.com\/product\/buy-dormicum-online\/#primaryimage\"},\"thumbnailUrl\":\"https:\/\/buy-prescriptionz.com\/wp-content\/uploads\/2025\/09\/dormicum.jpg\",\"datePublished\":\"2025-09-16T08:56:24+00:00\",\"dateModified\":\"2025-09-16T08:58:25+00:00\",\"description\":\"If you want to buy Dormicum online, then visit our online store buy-prescriptionz. We have high-quality products like Dormicum for sale. Place your order now!\",\"breadcrumb\":{\"@id\":\"https:\/\/buy-prescriptionz.com\/product\/buy-dormicum-online\/#breadcrumb\"},\"inLanguage\":\"hu\",\"potentialAction\":[{\"@type\":\"ReadAction\",\"target\":[\"https:\/\/buy-prescriptionz.com\/product\/buy-dormicum-online\/\"]}]},{\"@type\":\"ImageObject\",\"inLanguage\":\"hu\",\"@id\":\"https:\/\/buy-prescriptionz.com\/product\/buy-dormicum-online\/#primaryimage\",\"url\":\"https:\/\/buy-prescriptionz.com\/wp-content\/uploads\/2025\/09\/dormicum.jpg\",\"contentUrl\":\"https:\/\/buy-prescriptionz.com\/wp-content\/uploads\/2025\/09\/dormicum.jpg\",\"width\":400,\"height\":300},{\"@type\":\"BreadcrumbList\",\"@id\":\"https:\/\/buy-prescriptionz.com\/product\/buy-dormicum-online\/#breadcrumb\",\"itemListElement\":[{\"@type\":\"ListItem\",\"position\":1,\"name\":\"Home\",\"item\":\"https:\/\/buy-prescriptionz.com\/\"},{\"@type\":\"ListItem\",\"position\":2,\"name\":\"Shop Painkillers Online\",\"item\":\"https:\/\/buy-prescriptionz.com\/shop-painkillers-online\/\"},{\"@type\":\"ListItem\",\"position\":3,\"name\":\"Buy Dormicum Online\"}]},{\"@type\":\"WebSite\",\"@id\":\"https:\/\/buy-prescriptionz.com\/#website\",\"url\":\"https:\/\/buy-prescriptionz.com\/\",\"name\":\"Buy Prescriptionz\",\"description\":\"Drugs Online\",\"publisher\":{\"@id\":\"https:\/\/buy-prescriptionz.com\/#organization\"},\"potentialAction\":[{\"@type\":\"SearchAction\",\"target\":{\"@type\":\"EntryPoint\",\"urlTemplate\":\"https:\/\/buy-prescriptionz.com\/?s={search_term_string}\"},\"query-input\":{\"@type\":\"PropertyValueSpecification\",\"valueRequired\":true,\"valueName\":\"search_term_string\"}}],\"inLanguage\":\"hu\"},{\"@type\":\"Organization\",\"@id\":\"https:\/\/buy-prescriptionz.com\/#organization\",\"name\":\"Buy Prescriptionz\",\"url\":\"https:\/\/buy-prescriptionz.com\/\",\"logo\":{\"@type\":\"ImageObject\",\"inLanguage\":\"hu\",\"@id\":\"https:\/\/buy-prescriptionz.com\/#\/schema\/logo\/image\/\",\"url\":\"https:\/\/buy-prescriptionz.com\/wp-content\/uploads\/2023\/09\/logo.png\",\"contentUrl\":\"https:\/\/buy-prescriptionz.com\/wp-content\/uploads\/2023\/09\/logo.png\",\"width\":350,\"height\":64,\"caption\":\"Buy Prescriptionz\"},\"image\":{\"@id\":\"https:\/\/buy-prescriptionz.com\/#\/schema\/logo\/image\/\"}}]}<\/script>\n<!-- \/ Yoast SEO plugin. -->","yoast_head_json":{"title":"Dormicum online v\u00e1s\u00e1rl\u00e1sa - Elad\u00f3 Dormicum","description":"Ha online szeretne Dormicumot v\u00e1s\u00e1rolni, l\u00e1togasson el online \u00e1ruh\u00e1zunkba, a buy-prescriptionz-be. Kiv\u00e1l\u00f3 min\u0151s\u00e9g\u0171 term\u00e9keket k\u00edn\u00e1lunk, mint p\u00e9ld\u00e1ul a Dormicumot. Adja le rendel\u00e9s\u00e9t most!","robots":{"index":"index","follow":"follow","max-snippet":"max-snippet:-1","max-image-preview":"max-image-preview:large","max-video-preview":"max-video-preview:-1"},"canonical":"https:\/\/buy-prescriptionz.com\/hu\/term\u00e9k\/dormicum-online-vasarlas\/","og_locale":"hu_HU","og_type":"article","og_title":"Buy Dormicum Online - Dormicum for Sale","og_description":"If you want to buy Dormicum online, then visit our online store buy-prescriptionz. We have high-quality products like Dormicum for sale. Place your order now!","og_url":"https:\/\/buy-prescriptionz.com\/hu\/term\u00e9k\/dormicum-online-vasarlas\/","og_site_name":"Buy Prescriptionz","article_modified_time":"2025-09-16T08:58:25+00:00","og_image":[{"width":400,"height":300,"url":"https:\/\/buy-prescriptionz.com\/wp-content\/uploads\/2025\/09\/dormicum.jpg","type":"image\/jpeg"}],"twitter_card":"summary_large_image","twitter_misc":{"Becs\u00fclt olvas\u00e1si id\u0151":"5 perc"},"schema":{"@context":"https:\/\/schema.org","@graph":[{"@type":"WebPage","@id":"https:\/\/buy-prescriptionz.com\/product\/buy-dormicum-online\/","url":"https:\/\/buy-prescriptionz.com\/product\/buy-dormicum-online\/","name":"Dormicum online v\u00e1s\u00e1rl\u00e1sa - Elad\u00f3 Dormicum","isPartOf":{"@id":"https:\/\/buy-prescriptionz.com\/#website"},"primaryImageOfPage":{"@id":"https:\/\/buy-prescriptionz.com\/product\/buy-dormicum-online\/#primaryimage"},"image":{"@id":"https:\/\/buy-prescriptionz.com\/product\/buy-dormicum-online\/#primaryimage"},"thumbnailUrl":"https:\/\/buy-prescriptionz.com\/wp-content\/uploads\/2025\/09\/dormicum.jpg","datePublished":"2025-09-16T08:56:24+00:00","dateModified":"2025-09-16T08:58:25+00:00","description":"Ha online szeretne Dormicumot v\u00e1s\u00e1rolni, l\u00e1togasson el online \u00e1ruh\u00e1zunkba, a buy-prescriptionz-be. Kiv\u00e1l\u00f3 min\u0151s\u00e9g\u0171 term\u00e9keket k\u00edn\u00e1lunk, mint p\u00e9ld\u00e1ul a Dormicumot. Adja le rendel\u00e9s\u00e9t most!","breadcrumb":{"@id":"https:\/\/buy-prescriptionz.com\/product\/buy-dormicum-online\/#breadcrumb"},"inLanguage":"hu","potentialAction":[{"@type":"ReadAction","target":["https:\/\/buy-prescriptionz.com\/product\/buy-dormicum-online\/"]}]},{"@type":"ImageObject","inLanguage":"hu","@id":"https:\/\/buy-prescriptionz.com\/product\/buy-dormicum-online\/#primaryimage","url":"https:\/\/buy-prescriptionz.com\/wp-content\/uploads\/2025\/09\/dormicum.jpg","contentUrl":"https:\/\/buy-prescriptionz.com\/wp-content\/uploads\/2025\/09\/dormicum.jpg","width":400,"height":300},{"@type":"BreadcrumbList","@id":"https:\/\/buy-prescriptionz.com\/product\/buy-dormicum-online\/#breadcrumb","itemListElement":[{"@type":"ListItem","position":1,"name":"Home","item":"https:\/\/buy-prescriptionz.com\/"},{"@type":"ListItem","position":2,"name":"Shop Painkillers Online","item":"https:\/\/buy-prescriptionz.com\/shop-painkillers-online\/"},{"@type":"ListItem","position":3,"name":"Buy Dormicum Online"}]},{"@type":"WebSite","@id":"https:\/\/buy-prescriptionz.com\/#website","url":"https:\/\/buy-prescriptionz.com\/","name":"Buy Prescriptionz","description":"Online gy\u00f3gyszerek","publisher":{"@id":"https:\/\/buy-prescriptionz.com\/#organization"},"potentialAction":[{"@type":"SearchAction","target":{"@type":"EntryPoint","urlTemplate":"https:\/\/buy-prescriptionz.com\/?s={search_term_string}"},"query-input":{"@type":"PropertyValueSpecification","valueRequired":true,"valueName":"search_term_string"}}],"inLanguage":"hu"},{"@type":"Organization","@id":"https:\/\/buy-prescriptionz.com\/#organization","name":"Buy Prescriptionz","url":"https:\/\/buy-prescriptionz.com\/","logo":{"@type":"ImageObject","inLanguage":"hu","@id":"https:\/\/buy-prescriptionz.com\/#\/schema\/logo\/image\/","url":"https:\/\/buy-prescriptionz.com\/wp-content\/uploads\/2023\/09\/logo.png","contentUrl":"https:\/\/buy-prescriptionz.com\/wp-content\/uploads\/2023\/09\/logo.png","width":350,"height":64,"caption":"Buy Prescriptionz"},"image":{"@id":"https:\/\/buy-prescriptionz.com\/#\/schema\/logo\/image\/"}}]}},"_links":{"self":[{"href":"https:\/\/buy-prescriptionz.com\/hu\/wp-json\/wp\/v2\/product\/3102","targetHints":{"allow":["GET"]}}],"collection":[{"href":"https:\/\/buy-prescriptionz.com\/hu\/wp-json\/wp\/v2\/product"}],"about":[{"href":"https:\/\/buy-prescriptionz.com\/hu\/wp-json\/wp\/v2\/types\/product"}],"replies":[{"embeddable":true,"href":"https:\/\/buy-prescriptionz.com\/hu\/wp-json\/wp\/v2\/comments?post=3102"}],"wp:featuredmedia":[{"embeddable":true,"href":"https:\/\/buy-prescriptionz.com\/hu\/wp-json\/wp\/v2\/media\/3132"}],"wp:attachment":[{"href":"https:\/\/buy-prescriptionz.com\/hu\/wp-json\/wp\/v2\/media?parent=3102"}],"wp:term":[{"taxonomy":"product_brand","embeddable":true,"href":"https:\/\/buy-prescriptionz.com\/hu\/wp-json\/wp\/v2\/product_brand?post=3102"},{"taxonomy":"product_cat","embeddable":true,"href":"https:\/\/buy-prescriptionz.com\/hu\/wp-json\/wp\/v2\/product_cat?post=3102"},{"taxonomy":"product_tag","embeddable":true,"href":"https:\/\/buy-prescriptionz.com\/hu\/wp-json\/wp\/v2\/product_tag?post=3102"}],"curies":[{"name":"wp","href":"https:\/\/api.w.org\/{rel}","templated":true}]}}