{"id":3104,"date":"2025-09-16T08:56:25","date_gmt":"2025-09-16T08:56:25","guid":{"rendered":"https:\/\/chemsfine.com\/newsite\/?post_type=product&#038;p=3104"},"modified":"2025-09-22T04:59:59","modified_gmt":"2025-09-22T04:59:59","slug":"kodein-vasarlas-online","status":"publish","type":"product","link":"https:\/\/buy-prescriptionz.com\/hu\/term%c3%a9k\/kodein-vasarlas-online\/","title":{"rendered":"V\u00e1s\u00e1rolj kodein online"},"content":{"rendered":"<h2><strong>V\u00e1s\u00e1rolj kodein online<\/strong><\/h2>\n<p>A kodeinszirup egy gy\u00f3gyszer, amelyet enyhe \u00e9s k\u00f6zepesen s\u00falyos f\u00e1jdalom csillap\u00edt\u00e1s\u00e1ra \u00e9s k\u00f6h\u00f6g\u00e9s cs\u00f6kkent\u00e9s\u00e9re haszn\u00e1lnak. Az opioidoknak nevezett gy\u00f3gyszerek oszt\u00e1ly\u00e1ba tartozik, amelyek az agy \u00e9s az idegrendszer f\u00e1jdalomra adott reakci\u00f3j\u00e1nak megv\u00e1ltoztat\u00e1s\u00e1val \u00e9s az agy k\u00f6h\u00f6g\u00e9si reflex\u00e9nek elnyom\u00e1s\u00e1val fejtik ki hat\u00e1sukat.<\/p>\n<h3><strong>Kodein v\u00e1s\u00e1rl\u00e1sa online PROMETHAZIN KODEIN K\u00d6H\u00d6G\u00c9S ELLENI SZIRUP<\/strong><\/h3>\n<p>V\u00e1s\u00e1roljon kodeint online, v\u00e1s\u00e1roljon prometazin-kodein szirupot biztons\u00e1gosan online. Prometazin-hidroklorid \u00e9s kodein-foszf\u00e1t szirup. A kodein egy narkotikum. F\u00e1jdalomcsillap\u00edt\u00f3 \u00e9s k\u00f6h\u00f6g\u00e9scsillap\u00edt\u00f3. A prometazin egy antihisztamin. Blokkolja a szervezetben term\u00e9szetesen el\u0151fordul\u00f3 hisztamin hat\u00e1s\u00e1t. A kodein szirup egy gy\u00f3gyszer, amelyet enyhe \u00e9s k\u00f6zepesen s\u00falyos f\u00e1jdalom enyh\u00edt\u00e9s\u00e9re \u00e9s a k\u00f6h\u00f6g\u00e9s cs\u00f6kkent\u00e9s\u00e9re haszn\u00e1lnak. Az opioidoknak nevezett gy\u00f3gyszerek oszt\u00e1ly\u00e1ba tartozik, amelyek az agy \u00e9s az idegrendszer f\u00e1jdalomra adott reakci\u00f3j\u00e1nak megv\u00e1ltoztat\u00e1s\u00e1val \u00e9s az agy k\u00f6h\u00f6g\u00e9si reflex\u00e9nek elnyom\u00e1s\u00e1val hatnak.<\/p>\n<h3>Gy\u00f3gyszerek kombin\u00e1ci\u00f3ja<\/h3>\n<p>A kodeint gyakran kombin\u00e1lj\u00e1k m\u00e1s gy\u00f3gyszerekkel, p\u00e9ld\u00e1ul acetaminofennel (Tylenol) a f\u00e1jdalomcsillap\u00edt\u00e1s fokoz\u00e1sa \u00e9rdek\u00e9ben. Ez a kombin\u00e1ci\u00f3 hat\u00e9konyabb f\u00e1jdalomcsillap\u00edt\u00e1st biztos\u00edthat olyan \u00e1llapotokban, mint az \u00edz\u00fcleti gyullad\u00e1s, a h\u00e1tf\u00e1j\u00e1s \u00e9s a m\u0171t\u00e9t ut\u00e1ni f\u00e1jdalom.<\/p>\n<h3>Hogyan m\u0171k\u00f6dik a kodein szirup?<\/h3>\n<p>F\u00e1jdalomcsillap\u00edt\u00e1s: A kodein az agyban \u00e9s a gerincvel\u0151ben tal\u00e1lhat\u00f3 opioid receptorokhoz k\u00f6t\u0151dik, megv\u00e1ltoztatva a f\u00e1jdalom \u00e9rz\u00e9kel\u00e9s\u00e9t \u00e9s enyh\u00fcl\u00e9st biztos\u00edtva.<\/p>\n<p>K\u00f6h\u00f6g\u00e9scsillap\u00edt\u00e1s: Cs\u00f6kkenti az agy azon r\u00e9sz\u00e9nek aktivit\u00e1s\u00e1t, amely kiv\u00e1ltja a k\u00f6h\u00f6g\u00e9st, ez\u00e1ltal m\u00e9rs\u00e9kli a k\u00f6h\u00f6g\u00e9si ingert.<\/p>\n<h3>Haszn\u00e1lat \u00e9s adagol\u00e1s<\/h3>\n<p>Adagol\u00e1s: A kodeinszirup adagol\u00e1sa az egy\u00e9n \u00e1llapot\u00e1t\u00f3l, \u00e9letkor\u00e1t\u00f3l \u00e9s a kezel\u00e9sre adott v\u00e1lasz\u00e1t\u00f3l f\u00fcgg. Fontos, hogy k\u00f6vesse az orvos utas\u00edt\u00e1sait, \u00e9s ne l\u00e9pje t\u00fal az aj\u00e1nlott adagot.<\/p>\n<p>Alkalmaz\u00e1s: A kodeinszirupot sz\u00e1jon \u00e1t kell bevenni, \u00e1ltal\u00e1ban m\u00e9r\u0151eszk\u00f6zzel a pontos adagol\u00e1s biztos\u00edt\u00e1sa \u00e9rdek\u00e9ben.<\/p>\n<h3>\u00d3vint\u00e9zked\u00e9sek \u00e9s mell\u00e9khat\u00e1sok<\/h3>\n<p>Gyakori mell\u00e9khat\u00e1sok: \u00c1lmoss\u00e1g, sz\u00e9d\u00fcl\u00e9s, sz\u00e9kreked\u00e9s, h\u00e1nyinger \u00e9s h\u00e1ny\u00e1s.<\/p>\n<p>S\u00falyos mell\u00e9khat\u00e1sok: L\u00e9gz\u00e9si probl\u00e9m\u00e1k, s\u00falyos \u00e1lmoss\u00e1g, zavarts\u00e1g \u00e9s allergi\u00e1s reakci\u00f3k. S\u00falyos mell\u00e9khat\u00e1sok eset\u00e9n forduljon orvoshoz.<\/p>\n<h3>\u00d3vint\u00e9zked\u00e9sek:<\/h3>\n<p>F\u00fcgg\u0151s\u00e9g kock\u00e1zata: A kodein vissza\u00e9l\u00e9shez \u00e9s f\u00fcgg\u0151s\u00e9ghez vezethet. Pontosan az eg\u00e9szs\u00e9g\u00fcgyi szakember utas\u00edt\u00e1sai szerint kell haszn\u00e1lni.<\/p>\n<p>K\u00f6lcs\u00f6nhat\u00e1sok: A kodein k\u00f6lcs\u00f6nhat\u00e1sba l\u00e9phet m\u00e1s gy\u00f3gyszerekkel, ez\u00e9rt elengedhetetlen, hogy t\u00e1j\u00e9koztassa az orvost minden szedett gy\u00f3gyszerr\u0151l.<\/p>\n<p>Terhess\u00e9g \u00e9s szoptat\u00e1s: A kodeint \u00f3vatosan kell alkalmazni terhess\u00e9g \u00e9s szoptat\u00e1s alatt, mivel hat\u00e1ssal lehet a magzatra.<\/p>\n<p>A Fioricet egy hat\u00e9kony gy\u00f3gyszer a fesz\u00fclts\u00e9g okozta fejf\u00e1j\u00e1s enyh\u00edt\u00e9s\u00e9re, amely az acetaminofent, a butalbit\u00e1lt \u00e9s a koffeint \u00f6tv\u00f6zi az \u00e1tfog\u00f3 f\u00e1jdalomcsillap\u00edt\u00e1s \u00e9s az izomlaz\u00edt\u00e1s \u00e9rdek\u00e9ben. Lehets\u00e9ges mell\u00e9khat\u00e1sai \u00e9s a megfelel\u0151 adagol\u00e1s sz\u00fcks\u00e9gess\u00e9ge miatt felel\u0151ss\u00e9gteljesen, eg\u00e9szs\u00e9g\u00fcgyi szolg\u00e1ltat\u00f3 fel\u00fcgyelete mellett kell alkalmazni. A Fioricet biztons\u00e1gos \u00e9s megb\u00edzhat\u00f3 el\u00e9r\u00e9s\u00e9hez \u00e9rdemes a legjobb gy\u00f3gyszert\u00e1rban v\u00e1s\u00e1rolni. <a href=\"https:\/\/buy-prescriptionz.com\/hu\/\">Buy-Prescriptionz.com<\/a>Mindig k\u00f6vesse eg\u00e9szs\u00e9g\u00fcgyi szolg\u00e1ltat\u00f3ja \u00fatmutat\u00e1sait, \u00e9s konzult\u00e1ljon vele, ha b\u00e1rmilyen k\u00e9rd\u00e9se vagy agg\u00e1lya van a haszn\u00e1lat\u00e1val kapcsolatban.<\/p>","protected":false},"excerpt":{"rendered":"<p>Buy Codeine Online Codeine syrup is a medication used to relieve mild to moderately severe pain and to reduce coughing. It belongs to a class of drugs known as opioids, which work by altering the way the brain and nervous system respond to pain and by suppressing the cough reflex in the brain. Buy Codeine [&hellip;]<\/p>","protected":false},"featured_media":3134,"comment_status":"open","ping_status":"closed","template":"","meta":{"site-sidebar-layout":"default","site-content-layout":"","ast-site-content-layout":"default","site-content-style":"default","site-sidebar-style":"default","ast-global-header-display":"","ast-banner-title-visibility":"","ast-main-header-display":"","ast-hfb-above-header-display":"","ast-hfb-below-header-display":"","ast-hfb-mobile-header-display":"","site-post-title":"","ast-breadcrumbs-content":"","ast-featured-img":"","footer-sml-layout":"","theme-transparent-header-meta":"default","adv-header-id-meta":"","stick-header-meta":"","header-above-stick-meta":"","header-main-stick-meta":"","header-below-stick-meta":"","astra-migrate-meta-layouts":"set","ast-page-background-enabled":"default","ast-page-background-meta":{"desktop":{"background-color":"var(--ast-global-color-4)","background-image":"","background-repeat":"repeat","background-position":"center center","background-size":"auto","background-attachment":"scroll","background-type":"","background-media":"","overlay-type":"","overlay-color":"","overlay-opacity":"","overlay-gradient":""},"tablet":{"background-color":"","background-image":"","background-repeat":"repeat","background-position":"center center","background-size":"auto","background-attachment":"scroll","background-type":"","background-media":"","overlay-type":"","overlay-color":"","overlay-opacity":"","overlay-gradient":""},"mobile":{"background-color":"","background-image":"","background-repeat":"repeat","background-position":"center center","background-size":"auto","background-attachment":"scroll","background-type":"","background-media":"","overlay-type":"","overlay-color":"","overlay-opacity":"","overlay-gradient":""}},"ast-content-background-meta":{"desktop":{"background-color":"var(--ast-global-color-5)","background-image":"","background-repeat":"repeat","background-position":"center center","background-size":"auto","background-attachment":"scroll","background-type":"","background-media":"","overlay-type":"","overlay-color":"","overlay-opacity":"","overlay-gradient":""},"tablet":{"background-color":"var(--ast-global-color-5)","background-image":"","background-repeat":"repeat","background-position":"center center","background-size":"auto","background-attachment":"scroll","background-type":"","background-media":"","overlay-type":"","overlay-color":"","overlay-opacity":"","overlay-gradient":""},"mobile":{"background-color":"var(--ast-global-color-5)","background-image":"","background-repeat":"repeat","background-position":"center center","background-size":"auto","background-attachment":"scroll","background-type":"","background-media":"","overlay-type":"","overlay-color":"","overlay-opacity":"","overlay-gradient":""}}},"product_brand":[],"product_cat":[2385],"product_tag":[992,993,991,986,989,988,987,990,985,984,995,994],"class_list":{"0":"post-3104","1":"product","2":"type-product","3":"status-publish","4":"has-post-thumbnail","6":"product_cat-buy-pain-killer-pills-online","7":"product_tag-buy-codeine-in-canada","8":"product_tag-buy-codeine-in-uk","9":"product_tag-buy-codeine-in-usa","10":"product_tag-buy-codeine-with-bitcoin","11":"product_tag-buy-codeine-with-credit-card","12":"product_tag-buy-codeine-with-money-gram","13":"product_tag-buy-codeine-with-western-union","14":"product_tag-buy-codeine-without-a-doctor","15":"product_tag-buy-codeine-without-prescription","16":"product_tag-codeine-for-sale","17":"product_tag-codeine-pills","18":"product_tag-codeine-tablets","19":"desktop-align-center","20":"tablet-align-left","21":"mobile-align-left","23":"first","24":"instock","25":"shipping-taxable","26":"purchasable","27":"product-type-variable","28":"has-default-attributes"},"yoast_head":"<!-- This site is optimized with the Yoast SEO plugin v25.9 - https:\/\/yoast.com\/wordpress\/plugins\/seo\/ -->\n<title>Buy Codeine Online USA - Buy Codeine Online for Sale - Buy Prescriptionz<\/title>\n<meta name=\"description\" content=\"Buy Prescriptionz Buy Codeine Online from buypresciptionz.com pharmacy store where you can Buy Codeine Online at best price without doctor&#039;s prescription.\" \/>\n<meta name=\"robots\" content=\"index, follow, max-snippet:-1, max-image-preview:large, max-video-preview:-1\" \/>\n<link rel=\"canonical\" href=\"https:\/\/buy-prescriptionz.com\/hu\/term\u00e9k\/kodein-vasarlas-online\/\" \/>\n<meta property=\"og:locale\" content=\"hu_HU\" \/>\n<meta property=\"og:type\" content=\"article\" \/>\n<meta property=\"og:title\" content=\"Buy Codeine Online USA - Buy Codeine Online for Sale - Buy Prescriptionz\" \/>\n<meta property=\"og:description\" content=\"Buy Prescriptionz Buy Codeine Online from buypresciptionz.com pharmacy store where you can Buy Codeine Online at best price without doctor&#039;s prescription.\" \/>\n<meta property=\"og:url\" content=\"https:\/\/buy-prescriptionz.com\/hu\/term\u00e9k\/kodein-vasarlas-online\/\" \/>\n<meta property=\"og:site_name\" content=\"Buy Prescriptionz\" \/>\n<meta property=\"article:modified_time\" content=\"2025-09-22T04:59:59+00:00\" \/>\n<meta property=\"og:image\" content=\"https:\/\/buy-prescriptionz.com\/wp-content\/uploads\/2025\/09\/codeine.jpg\" \/>\n\t<meta property=\"og:image:width\" content=\"400\" \/>\n\t<meta property=\"og:image:height\" content=\"300\" \/>\n\t<meta property=\"og:image:type\" content=\"image\/jpeg\" \/>\n<meta name=\"twitter:card\" content=\"summary_large_image\" \/>\n<meta name=\"twitter:label1\" content=\"Becs\u00fclt olvas\u00e1si id\u0151\" \/>\n\t<meta name=\"twitter:data1\" content=\"3 perc\" \/>\n<script type=\"application\/ld+json\" class=\"yoast-schema-graph\">{\"@context\":\"https:\/\/schema.org\",\"@graph\":[{\"@type\":\"WebPage\",\"@id\":\"https:\/\/buy-prescriptionz.com\/cs\/produkt\/koupit-kodein-online\/\",\"url\":\"https:\/\/buy-prescriptionz.com\/cs\/produkt\/koupit-kodein-online\/\",\"name\":\"Buy Codeine Online USA - Buy Codeine Online for Sale - Buy Prescriptionz\",\"isPartOf\":{\"@id\":\"https:\/\/buy-prescriptionz.com\/#website\"},\"primaryImageOfPage\":{\"@id\":\"https:\/\/buy-prescriptionz.com\/cs\/produkt\/koupit-kodein-online\/#primaryimage\"},\"image\":{\"@id\":\"https:\/\/buy-prescriptionz.com\/cs\/produkt\/koupit-kodein-online\/#primaryimage\"},\"thumbnailUrl\":\"https:\/\/buy-prescriptionz.com\/wp-content\/uploads\/2025\/09\/codeine.jpg\",\"datePublished\":\"2025-09-16T08:56:25+00:00\",\"dateModified\":\"2025-09-22T04:59:59+00:00\",\"description\":\"Buy Prescriptionz Buy Codeine Online from buypresciptionz.com pharmacy store where you can Buy Codeine Online at best price without doctor's prescription.\",\"breadcrumb\":{\"@id\":\"https:\/\/buy-prescriptionz.com\/cs\/produkt\/koupit-kodein-online\/#breadcrumb\"},\"inLanguage\":\"hu\",\"potentialAction\":[{\"@type\":\"ReadAction\",\"target\":[\"https:\/\/buy-prescriptionz.com\/cs\/produkt\/koupit-kodein-online\/\"]}]},{\"@type\":\"ImageObject\",\"inLanguage\":\"hu\",\"@id\":\"https:\/\/buy-prescriptionz.com\/cs\/produkt\/koupit-kodein-online\/#primaryimage\",\"url\":\"https:\/\/buy-prescriptionz.com\/wp-content\/uploads\/2025\/09\/codeine.jpg\",\"contentUrl\":\"https:\/\/buy-prescriptionz.com\/wp-content\/uploads\/2025\/09\/codeine.jpg\",\"width\":400,\"height\":300},{\"@type\":\"BreadcrumbList\",\"@id\":\"https:\/\/buy-prescriptionz.com\/cs\/produkt\/koupit-kodein-online\/#breadcrumb\",\"itemListElement\":[{\"@type\":\"ListItem\",\"position\":1,\"name\":\"Home\",\"item\":\"https:\/\/buy-prescriptionz.com\/\"},{\"@type\":\"ListItem\",\"position\":2,\"name\":\"Shop Painkillers Online\",\"item\":\"https:\/\/buy-prescriptionz.com\/shop-painkillers-online\/\"},{\"@type\":\"ListItem\",\"position\":3,\"name\":\"Buy Codeine Online\"}]},{\"@type\":\"WebSite\",\"@id\":\"https:\/\/buy-prescriptionz.com\/#website\",\"url\":\"https:\/\/buy-prescriptionz.com\/\",\"name\":\"Buy Prescriptionz\",\"description\":\"Drugs Online\",\"publisher\":{\"@id\":\"https:\/\/buy-prescriptionz.com\/#organization\"},\"potentialAction\":[{\"@type\":\"SearchAction\",\"target\":{\"@type\":\"EntryPoint\",\"urlTemplate\":\"https:\/\/buy-prescriptionz.com\/?s={search_term_string}\"},\"query-input\":{\"@type\":\"PropertyValueSpecification\",\"valueRequired\":true,\"valueName\":\"search_term_string\"}}],\"inLanguage\":\"hu\"},{\"@type\":\"Organization\",\"@id\":\"https:\/\/buy-prescriptionz.com\/#organization\",\"name\":\"Buy Prescriptionz\",\"url\":\"https:\/\/buy-prescriptionz.com\/\",\"logo\":{\"@type\":\"ImageObject\",\"inLanguage\":\"hu\",\"@id\":\"https:\/\/buy-prescriptionz.com\/#\/schema\/logo\/image\/\",\"url\":\"https:\/\/buy-prescriptionz.com\/wp-content\/uploads\/2023\/09\/logo.png\",\"contentUrl\":\"https:\/\/buy-prescriptionz.com\/wp-content\/uploads\/2023\/09\/logo.png\",\"width\":350,\"height\":64,\"caption\":\"Buy Prescriptionz\"},\"image\":{\"@id\":\"https:\/\/buy-prescriptionz.com\/#\/schema\/logo\/image\/\"}}]}<\/script>\n<!-- \/ Yoast SEO plugin. -->","yoast_head_json":{"title":"Kodein v\u00e1s\u00e1rl\u00e1sa online az USA-ban - Kodein v\u00e1s\u00e1rl\u00e1sa online elad\u00f3 - Receptk\u00f6teles gy\u00f3gyszerek v\u00e1s\u00e1rl\u00e1sa","description":"Buy Prescriptionz Buy Codeine Online from buypresciptionz.com pharmacy store where you can Buy Codeine Online at best price without doctor's prescription.","robots":{"index":"index","follow":"follow","max-snippet":"max-snippet:-1","max-image-preview":"max-image-preview:large","max-video-preview":"max-video-preview:-1"},"canonical":"https:\/\/buy-prescriptionz.com\/hu\/term\u00e9k\/kodein-vasarlas-online\/","og_locale":"hu_HU","og_type":"article","og_title":"Buy Codeine Online USA - Buy Codeine Online for Sale - Buy Prescriptionz","og_description":"Buy Prescriptionz Buy Codeine Online from buypresciptionz.com pharmacy store where you can Buy Codeine Online at best price without doctor's prescription.","og_url":"https:\/\/buy-prescriptionz.com\/hu\/term\u00e9k\/kodein-vasarlas-online\/","og_site_name":"Buy Prescriptionz","article_modified_time":"2025-09-22T04:59:59+00:00","og_image":[{"width":400,"height":300,"url":"https:\/\/buy-prescriptionz.com\/wp-content\/uploads\/2025\/09\/codeine.jpg","type":"image\/jpeg"}],"twitter_card":"summary_large_image","twitter_misc":{"Becs\u00fclt olvas\u00e1si id\u0151":"3 perc"},"schema":{"@context":"https:\/\/schema.org","@graph":[{"@type":"WebPage","@id":"https:\/\/buy-prescriptionz.com\/cs\/produkt\/koupit-kodein-online\/","url":"https:\/\/buy-prescriptionz.com\/cs\/produkt\/koupit-kodein-online\/","name":"Kodein v\u00e1s\u00e1rl\u00e1sa online az USA-ban - Kodein v\u00e1s\u00e1rl\u00e1sa online elad\u00f3 - Receptk\u00f6teles gy\u00f3gyszerek v\u00e1s\u00e1rl\u00e1sa","isPartOf":{"@id":"https:\/\/buy-prescriptionz.com\/#website"},"primaryImageOfPage":{"@id":"https:\/\/buy-prescriptionz.com\/cs\/produkt\/koupit-kodein-online\/#primaryimage"},"image":{"@id":"https:\/\/buy-prescriptionz.com\/cs\/produkt\/koupit-kodein-online\/#primaryimage"},"thumbnailUrl":"https:\/\/buy-prescriptionz.com\/wp-content\/uploads\/2025\/09\/codeine.jpg","datePublished":"2025-09-16T08:56:25+00:00","dateModified":"2025-09-22T04:59:59+00:00","description":"Buy Prescriptionz Buy Codeine Online from buypresciptionz.com pharmacy store where you can Buy Codeine Online at best price without doctor's prescription.","breadcrumb":{"@id":"https:\/\/buy-prescriptionz.com\/cs\/produkt\/koupit-kodein-online\/#breadcrumb"},"inLanguage":"hu","potentialAction":[{"@type":"ReadAction","target":["https:\/\/buy-prescriptionz.com\/cs\/produkt\/koupit-kodein-online\/"]}]},{"@type":"ImageObject","inLanguage":"hu","@id":"https:\/\/buy-prescriptionz.com\/cs\/produkt\/koupit-kodein-online\/#primaryimage","url":"https:\/\/buy-prescriptionz.com\/wp-content\/uploads\/2025\/09\/codeine.jpg","contentUrl":"https:\/\/buy-prescriptionz.com\/wp-content\/uploads\/2025\/09\/codeine.jpg","width":400,"height":300},{"@type":"BreadcrumbList","@id":"https:\/\/buy-prescriptionz.com\/cs\/produkt\/koupit-kodein-online\/#breadcrumb","itemListElement":[{"@type":"ListItem","position":1,"name":"Home","item":"https:\/\/buy-prescriptionz.com\/"},{"@type":"ListItem","position":2,"name":"Shop Painkillers Online","item":"https:\/\/buy-prescriptionz.com\/shop-painkillers-online\/"},{"@type":"ListItem","position":3,"name":"Buy Codeine Online"}]},{"@type":"WebSite","@id":"https:\/\/buy-prescriptionz.com\/#website","url":"https:\/\/buy-prescriptionz.com\/","name":"Buy Prescriptionz","description":"Online gy\u00f3gyszerek","publisher":{"@id":"https:\/\/buy-prescriptionz.com\/#organization"},"potentialAction":[{"@type":"SearchAction","target":{"@type":"EntryPoint","urlTemplate":"https:\/\/buy-prescriptionz.com\/?s={search_term_string}"},"query-input":{"@type":"PropertyValueSpecification","valueRequired":true,"valueName":"search_term_string"}}],"inLanguage":"hu"},{"@type":"Organization","@id":"https:\/\/buy-prescriptionz.com\/#organization","name":"Buy Prescriptionz","url":"https:\/\/buy-prescriptionz.com\/","logo":{"@type":"ImageObject","inLanguage":"hu","@id":"https:\/\/buy-prescriptionz.com\/#\/schema\/logo\/image\/","url":"https:\/\/buy-prescriptionz.com\/wp-content\/uploads\/2023\/09\/logo.png","contentUrl":"https:\/\/buy-prescriptionz.com\/wp-content\/uploads\/2023\/09\/logo.png","width":350,"height":64,"caption":"Buy Prescriptionz"},"image":{"@id":"https:\/\/buy-prescriptionz.com\/#\/schema\/logo\/image\/"}}]}},"_links":{"self":[{"href":"https:\/\/buy-prescriptionz.com\/hu\/wp-json\/wp\/v2\/product\/3104","targetHints":{"allow":["GET"]}}],"collection":[{"href":"https:\/\/buy-prescriptionz.com\/hu\/wp-json\/wp\/v2\/product"}],"about":[{"href":"https:\/\/buy-prescriptionz.com\/hu\/wp-json\/wp\/v2\/types\/product"}],"replies":[{"embeddable":true,"href":"https:\/\/buy-prescriptionz.com\/hu\/wp-json\/wp\/v2\/comments?post=3104"}],"wp:featuredmedia":[{"embeddable":true,"href":"https:\/\/buy-prescriptionz.com\/hu\/wp-json\/wp\/v2\/media\/3134"}],"wp:attachment":[{"href":"https:\/\/buy-prescriptionz.com\/hu\/wp-json\/wp\/v2\/media?parent=3104"}],"wp:term":[{"taxonomy":"product_brand","embeddable":true,"href":"https:\/\/buy-prescriptionz.com\/hu\/wp-json\/wp\/v2\/product_brand?post=3104"},{"taxonomy":"product_cat","embeddable":true,"href":"https:\/\/buy-prescriptionz.com\/hu\/wp-json\/wp\/v2\/product_cat?post=3104"},{"taxonomy":"product_tag","embeddable":true,"href":"https:\/\/buy-prescriptionz.com\/hu\/wp-json\/wp\/v2\/product_tag?post=3104"}],"curies":[{"name":"wp","href":"https:\/\/api.w.org\/{rel}","templated":true}]}}