{"id":3106,"date":"2025-09-16T08:56:25","date_gmt":"2025-09-16T08:56:25","guid":{"rendered":"https:\/\/chemsfine.com\/newsite\/?post_type=product&#038;p=3106"},"modified":"2025-09-26T06:39:49","modified_gmt":"2025-09-26T06:39:49","slug":"oxigenator-vetel-50-ml-elado","status":"publish","type":"product","link":"https:\/\/buy-prescriptionz.com\/hu\/term%c3%a9k\/oxigenator-vetel-50-ml-elado\/","title":{"rendered":"V\u00e1s\u00e1rl\u00e1s Oxygenator 50 ml elad\u00f3"},"content":{"rendered":"<h2>V\u00e1s\u00e1roljon Oxygenator 50 ml-t online<\/h2>\n<p>V\u00e1s\u00e1rl\u00e1s Oxygenator 50 ml elad\u00f3 Az Oxynegator egy MSM-b\u0151l (metil-szulfonil-met\u00e1n) \u00e9s komplex cukrokb\u00f3l (f\u0151k\u00e9nt oligoszacharidokb\u00f3l) k\u00e9sz\u00fclt term\u00e9k. Az MSM a DMSO-hoz nagyon hasonl\u00f3 vegy\u00fclet, (val\u00f3j\u00e1ban a DMSO az oxig\u00e9n bev\u00e9telekor MSM-m\u00e9 alakul \u00e1t), de azt is javasoljuk, hogy keverj\u00fck \u00f6ssze egy m\u00e1sik term\u00e9kkel DMSO-val, mivel ezek egy ...<br \/>\nAlso the sugars Oligosaccharides of oxygenator, works as an excellent oxygenator and creator of muscular energy where the muscular demands involve generating qualitative jumps and explosives regardless of having entered regime and maintenance of speed\/ or job.<br \/>\nThis product complies with the expectations for such explosions.<\/p>\n<p>Lova eg\u00e9szs\u00e9g\u00e9nek meg\u0151rz\u00e9se szempontj\u00e1b\u00f3l elengedhetetlen a tiszta \u00e9s friss oxig\u00e9nhez val\u00f3 hozz\u00e1f\u00e9r\u00e9s biztos\u00edt\u00e1sa. Egy 50 ml-es oxigen\u00e1tor seg\u00edthet l\u00f3bar\u00e1tj\u00e1nak biztos\u00edtani a sz\u00fcks\u00e9ges oxig\u00e9nell\u00e1t\u00e1st a boldogul\u00e1shoz. De a piacon el\u00e9rhet\u0151 sz\u00e1mos lehet\u0151s\u00e9g k\u00f6z\u00fcl honnan tudhatja, hogy melyik a legjobb v\u00e1laszt\u00e1s lov\u00e1nak?<\/p>\n<h5><strong>Presentation :<\/strong><\/h5>\n<p>50 ml bottle, with 5gr.or 5000mg of MSM ( &amp; complex sugar)<\/p>\n<h6><strong>Formula:<\/strong><\/h6>\n<p>100 mg MSM excp. 1 ml (Sterile Water &amp; complex sugars)<\/p>\n<h4><strong>Proportion:<\/strong><\/h4>\n<p>MSM 10% (&amp; complex sugars )<\/p>\n<h3>Az Oxygenator 50 ml haszn\u00e1lat\u00e1nak el\u0151nyei lovak sz\u00e1m\u00e1ra:<\/h3>\n<ol>\n<li>Jav\u00edtott l\u00e9gz\u00e9sfunkci\u00f3: Az Oxygenator 50 ml lovak sz\u00e1m\u00e1ra t\u00f6rt\u00e9n\u0151 haszn\u00e1lat\u00e1nak egyik f\u0151 el\u0151nye a l\u00e9gz\u00e9sfunkci\u00f3 jav\u00edt\u00e1sa. Ez a kieg\u00e9sz\u00edt\u0151 kifejezetten az eg\u00e9szs\u00e9ges t\u00fcd\u0151funkci\u00f3 t\u00e1mogat\u00e1s\u00e1ra \u00e9s az oxig\u00e9nbevitel fokoz\u00e1s\u00e1ra lett kifejlesztve, lehet\u0151v\u00e9 t\u00e9ve lova sz\u00e1m\u00e1ra a hat\u00e9konyabb l\u00e9gz\u00e9st edz\u00e9s k\u00f6zben.<\/li>\n<li>Fokozott \u00e1ll\u00f3k\u00e9pess\u00e9g: Az\u00e1ltal, hogy el\u0151seg\u00edti a szervezet jobb oxig\u00e9nkering\u00e9s\u00e9t, az Oxygenator 50 ml seg\u00edthet jav\u00edtani lova \u00e1ll\u00f3k\u00e9pess\u00e9g\u00e9t. Ez k\u00fcl\u00f6n\u00f6sen el\u0151ny\u00f6s lehet a hossz\u00fa t\u00e1v\u00fa versenyeken vagy m\u00e1s nagy intenzit\u00e1s\u00fa tev\u00e9kenys\u00e9gekben r\u00e9szt vev\u0151 lovak sz\u00e1m\u00e1ra, lehet\u0151v\u00e9 t\u00e9ve sz\u00e1mukra, hogy hosszabb ideig a legjobb teljes\u00edtm\u00e9nyt ny\u00fajts\u00e1k.<\/li>\n<li>Cs\u00f6kkent f\u00e1radts\u00e1g: Az Oxygenator 50 ml \u00e1ltal biztos\u00edtott fokozott oxig\u00e9n\u00e1raml\u00e1s seg\u00edthet cs\u00f6kkenteni a lovak f\u00e1radts\u00e1g\u00e1t, lehet\u0151v\u00e9 t\u00e9ve sz\u00e1mukra a gyorsabb regener\u00e1l\u00f3d\u00e1st a meger\u0151ltet\u0151 tev\u00e9kenys\u00e9gek ut\u00e1n. Ez hozz\u00e1j\u00e1rulhat az \u00e1ltal\u00e1nos teljes\u00edtm\u00e9nyhez \u00e9s j\u00f3l\u00e9thez, biztos\u00edtva, hogy lova a legjobb form\u00e1ban maradjon.<\/li>\n<li>T\u00e1mogatja az immunrendszert: A legjobb Oxygenator 50 ml esszenci\u00e1lis vitaminokat \u00e9s \u00e1sv\u00e1nyi anyagokat tartalmaz, amelyek seg\u00edthetnek lova immunrendszer\u00e9nek t\u00e1mogat\u00e1s\u00e1ban. Az er\u0151s immunrendszer elengedhetetlen a j\u00f3 eg\u00e9szs\u00e9g fenntart\u00e1s\u00e1hoz \u00e9s a betegs\u00e9gek megel\u0151z\u00e9s\u00e9hez, k\u00fcl\u00f6n\u00f6sen stresszes vagy intenz\u00edv fizikai megterhel\u00e9s eset\u00e9n.<\/li>\n<\/ol>\n<h3>Az Oxygenator 50 ml haszn\u00e1lat\u00e1nak el\u0151nyei lovak sz\u00e1m\u00e1ra:<\/h3>\n<p>Allergi\u00e1s reakci\u00f3k:\u00a0Egyes lovak \u00e9rz\u00e9kenyek lehetnek a kieg\u00e9sz\u00edt\u0151 bizonyos \u00f6sszetev\u0151ire, \u00e9s allergi\u00e1s reakci\u00f3kat, p\u00e9ld\u00e1ul b\u0151rki\u00fct\u00e9seket vagy em\u00e9szt\u00e9si probl\u00e9m\u00e1kat tapasztalhatnak. A kieg\u00e9sz\u00edt\u0151 szed\u00e9s\u00e9nek megkezd\u00e9se ut\u00e1n elengedhetetlen a l\u00f3 gondos megfigyel\u00e9se, \u00e9s a haszn\u00e1lat abbahagy\u00e1sa, ha b\u00e1rmilyen mell\u00e9khat\u00e1s jelentkezik.<\/p>\n<p>Em\u00e9szt\u00e9si zavarok:\u00a0Bizonyos esetekben a lovak enyhe em\u00e9szt\u00e9si zavarokat, p\u00e9ld\u00e1ul hasmen\u00e9st vagy k\u00f3lik\u00e1t tapasztalhatnak, amikor el\u0151sz\u00f6r kezdik az Oxygenator 50 ml-es k\u00e9sz\u00edtm\u00e9ny szed\u00e9s\u00e9t. Ez \u00e1ltal\u00e1ban \u00e1tmeneti, \u00e9s gyakran megoldhat\u00f3 az adagol\u00e1s m\u00f3dos\u00edt\u00e1s\u00e1val vagy a kieg\u00e9sz\u00edt\u0151 eledellel t\u00f6rt\u00e9n\u0151 bead\u00e1s\u00e1val.<\/p>\n<p>T\u00faladagol\u00e1s kock\u00e1zata:\u00a0Mint minden t\u00e1pl\u00e1l\u00e9kkieg\u00e9sz\u00edt\u0151 eset\u00e9ben, fenn\u00e1ll a t\u00faladagol\u00e1s vesz\u00e9lye, ha az aj\u00e1nlott adagot t\u00fall\u00e9pik. Rendk\u00edv\u00fcl fontos, hogy gondosan k\u00f6vesse a gy\u00e1rt\u00f3 utas\u00edt\u00e1sait, \u00e9s konzult\u00e1ljon \u00e1llatorvos\u00e1val, miel\u0151tt b\u00e1rmilyen v\u00e1ltoztat\u00e1st v\u00e9gezne lova t\u00e1pl\u00e1l\u00e9kkieg\u00e9sz\u00edt\u0151 adagol\u00e1s\u00e1ban.<\/p>\n<h3>Mi\u00e9rt v\u00e1lassza a Buy-Prescriptionz.com oldalt az Oxygenator 50 ml-es ig\u00e9nyeihez?<\/h3>\n<p>Amikor alapvet\u0151 l\u00f3eg\u00e9szs\u00e9g\u00fcgyi term\u00e9kek, p\u00e9ld\u00e1ul egy 50 ml-es oxigen\u00e1tor v\u00e1s\u00e1rl\u00e1s\u00e1r\u00f3l van sz\u00f3, elengedhetetlen egy j\u00f3 h\u00edr\u0171 \u00e9s megb\u00edzhat\u00f3 besz\u00e1ll\u00edt\u00f3 kiv\u00e1laszt\u00e1sa. A Buy-Prescriptionz.com egy megb\u00edzhat\u00f3 online kiskeresked\u0151, amely kiv\u00e1l\u00f3 min\u0151s\u00e9g\u0171 lovak eg\u00e9szs\u00e9g\u00fcgyi term\u00e9keinek sz\u00e1ll\u00edt\u00e1s\u00e1ra specializ\u00e1l\u00f3dott. \u00cdme n\u00e9h\u00e1ny ok, ami\u00e9rt a Buy-Prescriptionz.com a t\u00f6k\u00e9letes v\u00e1laszt\u00e1s minden l\u00f3eg\u00e9szs\u00e9g\u00fcgyi ig\u00e9ny\u00e9re:<\/p>\n<ul>\n<li>Sz\u00e9les v\u00e1laszt\u00e9k: a buy-prescriptionz.com, az egyik legjobb gy\u00f3gyszert\u00e1r, sz\u00e9les v\u00e1laszt\u00e9kban k\u00edn\u00e1l 50 ml-es oxig\u00e9nk\u00e9sz\u00fcl\u00e9keket, \u00edgy biztosan megtal\u00e1lja lova ig\u00e9nyeinek legink\u00e1bb megfelel\u0151t.<\/li>\n<li>Min\u0151s\u00e9gbiztos\u00edt\u00e1s: A Buy-Prescriptionz.com oldalon \u00e9rt\u00e9kes\u00edtett \u00f6sszes term\u00e9k j\u00f3 h\u00edr\u0171 gy\u00e1rt\u00f3kt\u00f3l sz\u00e1rmazik, \u00e9s szigor\u00fa min\u0151s\u00e9gellen\u0151rz\u00e9si int\u00e9zked\u00e9seken esnek \u00e1t hat\u00e9konys\u00e1guk \u00e9s biztons\u00e1goss\u00e1guk biztos\u00edt\u00e1sa \u00e9rdek\u00e9ben.<\/li>\n<li>Versenyk\u00e9pes \u00e1rak: A Buy-Prescriptionz.com versenyk\u00e9pes \u00e1rakat k\u00edn\u00e1l minden term\u00e9k\u00e9re, lehet\u0151v\u00e9 t\u00e9ve, hogy lov\u00e1nak kiv\u00e1l\u00f3 min\u0151s\u00e9g\u0171 eg\u00e9szs\u00e9g\u00fcgyi ell\u00e1t\u00e1st biztos\u00edtson an\u00e9lk\u00fcl, hogy bankot robbantana.<\/li>\n<li>Kiv\u00e1l\u00f3 \u00fcgyf\u00e9lszolg\u00e1lat: A Buy-Prescriptionz.com csapata elk\u00f6telezett a kiv\u00e9teles \u00fcgyf\u00e9lszolg\u00e1lat \u00e9s t\u00e1mogat\u00e1s ny\u00fajt\u00e1sa ir\u00e1nt, biztos\u00edtva a z\u00f6kken\u0151mentes \u00e9s stresszmentes v\u00e1s\u00e1rl\u00e1si \u00e9lm\u00e9nyt.<\/li>\n<\/ul>\n<p>A lova sz\u00e1m\u00e1ra legmegfelel\u0151bb 50 ml-es oxigen\u00e1tor kiv\u00e1laszt\u00e1sa elengedhetetlen l\u00e9p\u00e9s az \u00e1ltal\u00e1nos eg\u00e9szs\u00e9g \u00e9s j\u00f3l\u00e9t biztos\u00edt\u00e1sa \u00e9rdek\u00e9ben. Egy megb\u00edzhat\u00f3 besz\u00e1ll\u00edt\u00f3, p\u00e9ld\u00e1ul a Buy-Prescriptionz.com kiv\u00e1laszt\u00e1s\u00e1val \u00e9s olyan t\u00e9nyez\u0151k figyelembev\u00e9tel\u00e9vel, mint a m\u00e9ret, a k\u00f6nny\u0171 haszn\u00e1lat, a hordozhat\u00f3s\u00e1g, a tart\u00f3ss\u00e1g \u00e9s a hat\u00e9konys\u00e1g, biztos\u00edthatja l\u00f3bar\u00e1tj\u00e1nak a boldogul\u00e1shoz sz\u00fcks\u00e9ges oxig\u00e9nell\u00e1t\u00e1st. Fektessen be lova eg\u00e9szs\u00e9g\u00e9be m\u00e9g ma, \u00e9s v\u00e1s\u00e1roljon egy kiv\u00e1l\u00f3 min\u0151s\u00e9g\u0171 50 ml-es oxigen\u00e1tort a Buy-Prescriptionz.com oldalr\u00f3l.<\/p>\n<h3><strong>Dose for race \u2013 Horse &amp; Camel:<\/strong><\/h3>\n<p>-Regular Dosage: 3 ml, 5-6 hs before the race IV, and 3 ml The two days before the race (3 ml IV or IM each day)<br \/>\n-Maximum dosage: 10 ml, 1\u00ba 24 hs before the race, 2\u00ba 10 ml 5-6 hs before the race ( IV )<br \/>\n-Minimun dosage: 2 ml, 5-6 hs before the race IV\/IM.<br \/>\n-Minimum limit before the race : 4 hs IV exclusively , Less than this time, the product will not come to effect correctly<br \/>\n-Maximun limit before the race : 8 hs IM exclusively, applied before 8hs IM, the product will lose its maximum power.<br \/>\n-Maximum number of doses: 3 , 1 each 24hs<\/p>\n<p>#Dexacortyl 100ml \/ #Vetacortyl 5ml \/ #Fluvet 50ml \/ #Synedem 25ml \/ #Edemax 30ml<br \/>\n#Dexametasona 10ml \/ #Abhayrab 0.5ml \/ #Equicistan 100ml \/ #Fructosa C 100ml \/ #Overxicam 50ml<br \/>\n#Fatrocortin 100ml \/ #Chromactiv 100ml \/ #ATP -2 50ml \/ #Atox Prix 50ml \/ #Niglumine 50ml<\/p>\n<h2>V\u00e1s\u00e1rl\u00e1s Oxygenator 50 ml elad\u00f3<\/h2>\n<p>#Caliercortin 50ml \/ #Fructosa 50R 100ml \/ #Dexa 2 100ml \/ #Cortamethasone 50ml \/ #Hepagen 100ml<br \/>\n#Ornitil 100ml \/ #Coromin 20ml \/ #Genixine 100ml \/ #ITPP 60ml \/ #Pentosan Platinum 18ml<br \/>\n#Pentosan Gold 50ml \/ #Pentosan 50ml \/ #Ozone 100ml \/ #Ketoprofen 50ml \/ #Jurosenic 100ml<br \/>\n#DMG 100ml \/ #Clenbuterol 50ml \/ #Adrenal Cortex 100ml \/ #Pentosan Platinum 18ml \/ #F.A.F 100ml<br \/>\n#Mitachondral 100ml \/ #Bronchial Dilator 60ml \/ #Enerselen 100ml \/ #Blast Off Red 10ml \/ #Blast Off Extreme 30ml<br \/>\n#Python 10ml \/ #Dexacare 50ml \/ #Super Shot 10ml \/ #Predef 2X 100ml \/ #Adrenal Cortex 50ml<\/p>","protected":false},"excerpt":{"rendered":"<p>Buy Oxygenator 50 ml Online Oxynegator is a product designed from MSM (methyl sulphonyl methane) and complex sugars (mainly Oligosaccharides). The MSM is a compound very similar to DMSO, (in fact the DMSO is converted to MSM when taking oxygen) but also we recommend mixing with another product with DMSO, since they generate a more [&hellip;]<\/p>","protected":false},"featured_media":3136,"comment_status":"open","ping_status":"closed","template":"","meta":{"site-sidebar-layout":"default","site-content-layout":"","ast-site-content-layout":"default","site-content-style":"default","site-sidebar-style":"default","ast-global-header-display":"","ast-banner-title-visibility":"","ast-main-header-display":"","ast-hfb-above-header-display":"","ast-hfb-below-header-display":"","ast-hfb-mobile-header-display":"","site-post-title":"","ast-breadcrumbs-content":"","ast-featured-img":"","footer-sml-layout":"","theme-transparent-header-meta":"default","adv-header-id-meta":"","stick-header-meta":"","header-above-stick-meta":"","header-main-stick-meta":"","header-below-stick-meta":"","astra-migrate-meta-layouts":"set","ast-page-background-enabled":"default","ast-page-background-meta":{"desktop":{"background-color":"var(--ast-global-color-4)","background-image":"","background-repeat":"repeat","background-position":"center center","background-size":"auto","background-attachment":"scroll","background-type":"","background-media":"","overlay-type":"","overlay-color":"","overlay-opacity":"","overlay-gradient":""},"tablet":{"background-color":"","background-image":"","background-repeat":"repeat","background-position":"center center","background-size":"auto","background-attachment":"scroll","background-type":"","background-media":"","overlay-type":"","overlay-color":"","overlay-opacity":"","overlay-gradient":""},"mobile":{"background-color":"","background-image":"","background-repeat":"repeat","background-position":"center center","background-size":"auto","background-attachment":"scroll","background-type":"","background-media":"","overlay-type":"","overlay-color":"","overlay-opacity":"","overlay-gradient":""}},"ast-content-background-meta":{"desktop":{"background-color":"var(--ast-global-color-5)","background-image":"","background-repeat":"repeat","background-position":"center center","background-size":"auto","background-attachment":"scroll","background-type":"","background-media":"","overlay-type":"","overlay-color":"","overlay-opacity":"","overlay-gradient":""},"tablet":{"background-color":"var(--ast-global-color-5)","background-image":"","background-repeat":"repeat","background-position":"center center","background-size":"auto","background-attachment":"scroll","background-type":"","background-media":"","overlay-type":"","overlay-color":"","overlay-opacity":"","overlay-gradient":""},"mobile":{"background-color":"var(--ast-global-color-5)","background-image":"","background-repeat":"repeat","background-position":"center center","background-size":"auto","background-attachment":"scroll","background-type":"","background-media":"","overlay-type":"","overlay-color":"","overlay-opacity":"","overlay-gradient":""}}},"product_brand":[],"product_cat":[2381,2146],"product_tag":[2154,2155,2153,2157,2148,2147,2156,2150,2152,2151,2149],"class_list":{"0":"post-3106","1":"product","2":"type-product","3":"status-publish","4":"has-post-thumbnail","6":"product_cat-buy-depressants-and-anxiety-pills-online","7":"product_cat-buy-cortamethasone-50ml-online","8":"product_tag-buy-cortamethasone-50ml-for-sale","9":"product_tag-buy-dexarace-20-ml-for-sale","10":"product_tag-buy-diurizone-50ml-for-sale","11":"product_tag-buy-fluvet-50ml-for-sale","12":"product_tag-buy-oxygenator-50-ml","13":"product_tag-buy-oxygenator-50-ml-for-sale","14":"product_tag-buy-synedem-25ml-for-sale","15":"product_tag-how-to-where-to-buy-oxygenator-50-ml-for-sale","16":"product_tag-oxygenator-50-ml","17":"product_tag-oxygenator-50-ml-for-sale","18":"product_tag-where-to-buy-oxygenator-50-ml-for-sale","19":"desktop-align-center","20":"tablet-align-left","21":"mobile-align-left","23":"first","24":"instock","25":"shipping-taxable","26":"purchasable","27":"product-type-variable","28":"has-default-attributes"},"yoast_head":"<!-- This site is optimized with the Yoast SEO plugin v25.9 - https:\/\/yoast.com\/wordpress\/plugins\/seo\/ -->\n<title>Buy Oxygenator 50ml Online - Oxygenator 50ml for Sale<\/title>\n<meta name=\"description\" content=\"At our Buy-Prescriptionz online store, we have Oxygenator 50ml for sale. You can easily buy Oxygenator 50ml online of top quality from us available at the best prices. Order now!\" \/>\n<meta name=\"robots\" content=\"index, follow, max-snippet:-1, max-image-preview:large, max-video-preview:-1\" \/>\n<link rel=\"canonical\" href=\"https:\/\/buy-prescriptionz.com\/hu\/term\u00e9k\/oxigenator-vetel-50-ml-elado\/\" \/>\n<meta property=\"og:locale\" content=\"hu_HU\" \/>\n<meta property=\"og:type\" content=\"article\" \/>\n<meta property=\"og:title\" content=\"Buy Oxygenator 50ml Online - Oxygenator 50ml for Sale\" \/>\n<meta property=\"og:description\" content=\"At our Buy-Prescriptionz online store, we have Oxygenator 50ml for sale. You can easily buy Oxygenator 50ml online of top quality from us available at the best prices. Order now!\" \/>\n<meta property=\"og:url\" content=\"https:\/\/buy-prescriptionz.com\/hu\/term\u00e9k\/oxigenator-vetel-50-ml-elado\/\" \/>\n<meta property=\"og:site_name\" content=\"Buy Prescriptionz\" \/>\n<meta property=\"article:modified_time\" content=\"2025-09-26T06:39:49+00:00\" \/>\n<meta property=\"og:image\" content=\"https:\/\/buy-prescriptionz.com\/wp-content\/uploads\/2025\/09\/oxy.jpeg\" \/>\n\t<meta property=\"og:image:width\" content=\"640\" \/>\n\t<meta property=\"og:image:height\" content=\"480\" \/>\n\t<meta property=\"og:image:type\" content=\"image\/jpeg\" \/>\n<meta name=\"twitter:card\" content=\"summary_large_image\" \/>\n<meta name=\"twitter:label1\" content=\"Becs\u00fclt olvas\u00e1si id\u0151\" \/>\n\t<meta name=\"twitter:data1\" content=\"5 perc\" \/>\n<script type=\"application\/ld+json\" class=\"yoast-schema-graph\">{\"@context\":\"https:\/\/schema.org\",\"@graph\":[{\"@type\":\"WebPage\",\"@id\":\"https:\/\/buy-prescriptionz.com\/product\/buy-oxygenator-50-ml-for-sale\/\",\"url\":\"https:\/\/buy-prescriptionz.com\/product\/buy-oxygenator-50-ml-for-sale\/\",\"name\":\"Buy Oxygenator 50ml Online - Oxygenator 50ml for Sale\",\"isPartOf\":{\"@id\":\"https:\/\/buy-prescriptionz.com\/#website\"},\"primaryImageOfPage\":{\"@id\":\"https:\/\/buy-prescriptionz.com\/product\/buy-oxygenator-50-ml-for-sale\/#primaryimage\"},\"image\":{\"@id\":\"https:\/\/buy-prescriptionz.com\/product\/buy-oxygenator-50-ml-for-sale\/#primaryimage\"},\"thumbnailUrl\":\"https:\/\/buy-prescriptionz.com\/wp-content\/uploads\/2025\/09\/oxy.jpeg\",\"datePublished\":\"2025-09-16T08:56:25+00:00\",\"dateModified\":\"2025-09-26T06:39:49+00:00\",\"description\":\"At our Buy-Prescriptionz online store, we have Oxygenator 50ml for sale. You can easily buy Oxygenator 50ml online of top quality from us available at the best prices. Order now!\",\"breadcrumb\":{\"@id\":\"https:\/\/buy-prescriptionz.com\/product\/buy-oxygenator-50-ml-for-sale\/#breadcrumb\"},\"inLanguage\":\"hu\",\"potentialAction\":[{\"@type\":\"ReadAction\",\"target\":[\"https:\/\/buy-prescriptionz.com\/product\/buy-oxygenator-50-ml-for-sale\/\"]}]},{\"@type\":\"ImageObject\",\"inLanguage\":\"hu\",\"@id\":\"https:\/\/buy-prescriptionz.com\/product\/buy-oxygenator-50-ml-for-sale\/#primaryimage\",\"url\":\"https:\/\/buy-prescriptionz.com\/wp-content\/uploads\/2025\/09\/oxy.jpeg\",\"contentUrl\":\"https:\/\/buy-prescriptionz.com\/wp-content\/uploads\/2025\/09\/oxy.jpeg\",\"width\":640,\"height\":480},{\"@type\":\"BreadcrumbList\",\"@id\":\"https:\/\/buy-prescriptionz.com\/product\/buy-oxygenator-50-ml-for-sale\/#breadcrumb\",\"itemListElement\":[{\"@type\":\"ListItem\",\"position\":1,\"name\":\"Home\",\"item\":\"https:\/\/buy-prescriptionz.com\/\"},{\"@type\":\"ListItem\",\"position\":2,\"name\":\"Shop Painkillers Online\",\"item\":\"https:\/\/buy-prescriptionz.com\/shop-painkillers-online\/\"},{\"@type\":\"ListItem\",\"position\":3,\"name\":\"Buy Oxygenator 50 ml For Sale\"}]},{\"@type\":\"WebSite\",\"@id\":\"https:\/\/buy-prescriptionz.com\/#website\",\"url\":\"https:\/\/buy-prescriptionz.com\/\",\"name\":\"Buy Prescriptionz\",\"description\":\"Drugs Online\",\"publisher\":{\"@id\":\"https:\/\/buy-prescriptionz.com\/#organization\"},\"potentialAction\":[{\"@type\":\"SearchAction\",\"target\":{\"@type\":\"EntryPoint\",\"urlTemplate\":\"https:\/\/buy-prescriptionz.com\/?s={search_term_string}\"},\"query-input\":{\"@type\":\"PropertyValueSpecification\",\"valueRequired\":true,\"valueName\":\"search_term_string\"}}],\"inLanguage\":\"hu\"},{\"@type\":\"Organization\",\"@id\":\"https:\/\/buy-prescriptionz.com\/#organization\",\"name\":\"Buy Prescriptionz\",\"url\":\"https:\/\/buy-prescriptionz.com\/\",\"logo\":{\"@type\":\"ImageObject\",\"inLanguage\":\"hu\",\"@id\":\"https:\/\/buy-prescriptionz.com\/#\/schema\/logo\/image\/\",\"url\":\"https:\/\/buy-prescriptionz.com\/wp-content\/uploads\/2023\/09\/logo.png\",\"contentUrl\":\"https:\/\/buy-prescriptionz.com\/wp-content\/uploads\/2023\/09\/logo.png\",\"width\":350,\"height\":64,\"caption\":\"Buy Prescriptionz\"},\"image\":{\"@id\":\"https:\/\/buy-prescriptionz.com\/#\/schema\/logo\/image\/\"}}]}<\/script>\n<!-- \/ Yoast SEO plugin. -->","yoast_head_json":{"title":"V\u00e1s\u00e1roljon Oxygenator 50ml-t online - Oxygenator 50ml elad\u00f3","description":"A Buy-Prescriptionz online \u00e1ruh\u00e1zunkban elad\u00f3 az Oxygenator 50ml. K\u00f6nnyed\u00e9n v\u00e1s\u00e1rolhat Oxygenator 50ml-t online, kiv\u00e1l\u00f3 min\u0151s\u00e9gben, a legjobb \u00e1ron. Rendelje meg most!","robots":{"index":"index","follow":"follow","max-snippet":"max-snippet:-1","max-image-preview":"max-image-preview:large","max-video-preview":"max-video-preview:-1"},"canonical":"https:\/\/buy-prescriptionz.com\/hu\/term\u00e9k\/oxigenator-vetel-50-ml-elado\/","og_locale":"hu_HU","og_type":"article","og_title":"Buy Oxygenator 50ml Online - Oxygenator 50ml for Sale","og_description":"At our Buy-Prescriptionz online store, we have Oxygenator 50ml for sale. You can easily buy Oxygenator 50ml online of top quality from us available at the best prices. Order now!","og_url":"https:\/\/buy-prescriptionz.com\/hu\/term\u00e9k\/oxigenator-vetel-50-ml-elado\/","og_site_name":"Buy Prescriptionz","article_modified_time":"2025-09-26T06:39:49+00:00","og_image":[{"width":640,"height":480,"url":"https:\/\/buy-prescriptionz.com\/wp-content\/uploads\/2025\/09\/oxy.jpeg","type":"image\/jpeg"}],"twitter_card":"summary_large_image","twitter_misc":{"Becs\u00fclt olvas\u00e1si id\u0151":"5 perc"},"schema":{"@context":"https:\/\/schema.org","@graph":[{"@type":"WebPage","@id":"https:\/\/buy-prescriptionz.com\/product\/buy-oxygenator-50-ml-for-sale\/","url":"https:\/\/buy-prescriptionz.com\/product\/buy-oxygenator-50-ml-for-sale\/","name":"V\u00e1s\u00e1roljon Oxygenator 50ml-t online - Oxygenator 50ml elad\u00f3","isPartOf":{"@id":"https:\/\/buy-prescriptionz.com\/#website"},"primaryImageOfPage":{"@id":"https:\/\/buy-prescriptionz.com\/product\/buy-oxygenator-50-ml-for-sale\/#primaryimage"},"image":{"@id":"https:\/\/buy-prescriptionz.com\/product\/buy-oxygenator-50-ml-for-sale\/#primaryimage"},"thumbnailUrl":"https:\/\/buy-prescriptionz.com\/wp-content\/uploads\/2025\/09\/oxy.jpeg","datePublished":"2025-09-16T08:56:25+00:00","dateModified":"2025-09-26T06:39:49+00:00","description":"A Buy-Prescriptionz online \u00e1ruh\u00e1zunkban elad\u00f3 az Oxygenator 50ml. K\u00f6nnyed\u00e9n v\u00e1s\u00e1rolhat Oxygenator 50ml-t online, kiv\u00e1l\u00f3 min\u0151s\u00e9gben, a legjobb \u00e1ron. Rendelje meg most!","breadcrumb":{"@id":"https:\/\/buy-prescriptionz.com\/product\/buy-oxygenator-50-ml-for-sale\/#breadcrumb"},"inLanguage":"hu","potentialAction":[{"@type":"ReadAction","target":["https:\/\/buy-prescriptionz.com\/product\/buy-oxygenator-50-ml-for-sale\/"]}]},{"@type":"ImageObject","inLanguage":"hu","@id":"https:\/\/buy-prescriptionz.com\/product\/buy-oxygenator-50-ml-for-sale\/#primaryimage","url":"https:\/\/buy-prescriptionz.com\/wp-content\/uploads\/2025\/09\/oxy.jpeg","contentUrl":"https:\/\/buy-prescriptionz.com\/wp-content\/uploads\/2025\/09\/oxy.jpeg","width":640,"height":480},{"@type":"BreadcrumbList","@id":"https:\/\/buy-prescriptionz.com\/product\/buy-oxygenator-50-ml-for-sale\/#breadcrumb","itemListElement":[{"@type":"ListItem","position":1,"name":"Home","item":"https:\/\/buy-prescriptionz.com\/"},{"@type":"ListItem","position":2,"name":"Shop Painkillers Online","item":"https:\/\/buy-prescriptionz.com\/shop-painkillers-online\/"},{"@type":"ListItem","position":3,"name":"Buy Oxygenator 50 ml For Sale"}]},{"@type":"WebSite","@id":"https:\/\/buy-prescriptionz.com\/#website","url":"https:\/\/buy-prescriptionz.com\/","name":"Buy Prescriptionz","description":"Online gy\u00f3gyszerek","publisher":{"@id":"https:\/\/buy-prescriptionz.com\/#organization"},"potentialAction":[{"@type":"SearchAction","target":{"@type":"EntryPoint","urlTemplate":"https:\/\/buy-prescriptionz.com\/?s={search_term_string}"},"query-input":{"@type":"PropertyValueSpecification","valueRequired":true,"valueName":"search_term_string"}}],"inLanguage":"hu"},{"@type":"Organization","@id":"https:\/\/buy-prescriptionz.com\/#organization","name":"Buy Prescriptionz","url":"https:\/\/buy-prescriptionz.com\/","logo":{"@type":"ImageObject","inLanguage":"hu","@id":"https:\/\/buy-prescriptionz.com\/#\/schema\/logo\/image\/","url":"https:\/\/buy-prescriptionz.com\/wp-content\/uploads\/2023\/09\/logo.png","contentUrl":"https:\/\/buy-prescriptionz.com\/wp-content\/uploads\/2023\/09\/logo.png","width":350,"height":64,"caption":"Buy Prescriptionz"},"image":{"@id":"https:\/\/buy-prescriptionz.com\/#\/schema\/logo\/image\/"}}]}},"_links":{"self":[{"href":"https:\/\/buy-prescriptionz.com\/hu\/wp-json\/wp\/v2\/product\/3106","targetHints":{"allow":["GET"]}}],"collection":[{"href":"https:\/\/buy-prescriptionz.com\/hu\/wp-json\/wp\/v2\/product"}],"about":[{"href":"https:\/\/buy-prescriptionz.com\/hu\/wp-json\/wp\/v2\/types\/product"}],"replies":[{"embeddable":true,"href":"https:\/\/buy-prescriptionz.com\/hu\/wp-json\/wp\/v2\/comments?post=3106"}],"wp:featuredmedia":[{"embeddable":true,"href":"https:\/\/buy-prescriptionz.com\/hu\/wp-json\/wp\/v2\/media\/3136"}],"wp:attachment":[{"href":"https:\/\/buy-prescriptionz.com\/hu\/wp-json\/wp\/v2\/media?parent=3106"}],"wp:term":[{"taxonomy":"product_brand","embeddable":true,"href":"https:\/\/buy-prescriptionz.com\/hu\/wp-json\/wp\/v2\/product_brand?post=3106"},{"taxonomy":"product_cat","embeddable":true,"href":"https:\/\/buy-prescriptionz.com\/hu\/wp-json\/wp\/v2\/product_cat?post=3106"},{"taxonomy":"product_tag","embeddable":true,"href":"https:\/\/buy-prescriptionz.com\/hu\/wp-json\/wp\/v2\/product_tag?post=3106"}],"curies":[{"name":"wp","href":"https:\/\/api.w.org\/{rel}","templated":true}]}}