{"id":3108,"date":"2025-09-16T08:56:25","date_gmt":"2025-09-16T08:56:25","guid":{"rendered":"https:\/\/chemsfine.com\/newsite\/?post_type=product&#038;p=3108"},"modified":"2025-09-17T05:04:07","modified_gmt":"2025-09-17T05:04:07","slug":"dexarace-20-ml-elado","status":"publish","type":"product","link":"https:\/\/buy-prescriptionz.com\/hu\/term%c3%a9k\/dexarace-20-ml-elado\/","title":{"rendered":"V\u00e1s\u00e1rl\u00e1s Dexarace 20 ml elad\u00f3"},"content":{"rendered":"<h2>V\u00e1s\u00e1roljon Dexacortyl 20ml-t online<\/h2>\n<p>Tapasztalja meg a Dexarace Plus el\u0151nyeit \u00e9s a Buy-Prescriptionz.com k\u00e9nyelm\u00e9t m\u00e9g ma! N\u00f6velje teljes\u00edtm\u00e9ny\u00e9t, fokozza regener\u00e1l\u00f3d\u00e1s\u00e1t \u00e9s mozd\u00edtsa el\u0151 \u00e1ltal\u00e1nos j\u00f3l\u00e9t\u00e9t a Dexarace Plus seg\u00edts\u00e9g\u00e9vel. Ne habozzon kapcsolatba l\u00e9pni vel\u00fcnk, ha tov\u00e1bbi inform\u00e1ci\u00f3ra vagy szem\u00e9lyre szabott \u00e1raj\u00e1nlatra van sz\u00fcks\u00e9ge.<\/p>\n<h3>Mi az a Dexarace Plus?<\/h3>\n<p>A Dexarace Plus egy \u00e9trend-kieg\u00e9sz\u00edt\u0151, amelyet a fizikai teljes\u00edtm\u00e9ny fokoz\u00e1s\u00e1ra, az izomn\u00f6veked\u00e9s t\u00e1mogat\u00e1s\u00e1ra, az energiaszint n\u00f6vel\u00e9s\u00e9re \u00e9s az \u00e1ltal\u00e1nos k\u00f6z\u00e9rzet el\u0151seg\u00edt\u00e9s\u00e9re terveztek. Gyakran haszn\u00e1lj\u00e1k sportol\u00f3k, fitneszrajong\u00f3k \u00e9s olyan egy\u00e9nek, akik jav\u00edtani szeretn\u00e9k \u00e1ll\u00f3k\u00e9pess\u00e9g\u00fcket \u00e9s regener\u00e1l\u00f3d\u00e1sukat intenz\u00edv fizikai aktivit\u00e1s ut\u00e1n. A fizikai el\u0151ny\u00f6k mellett a Dexarace Plus seg\u00edthet a ment\u00e1lis tisztas\u00e1gban \u00e9s a koncentr\u00e1ci\u00f3ban is, \u00edgy sokoldal\u00fa kieg\u00e9sz\u00edt\u0151 mind a test, mind az elme sz\u00e1m\u00e1ra. \u00d6sszetev\u0151i jellemz\u0151en vitaminok, \u00e1sv\u00e1nyi anyagok, aminosavak \u00e9s egy\u00e9b t\u00e1panyagok kever\u00e9k\u00e9t tartalmazz\u00e1k, amelyek egy\u00fcttesen t\u00e1mogatj\u00e1k az eg\u00e9szs\u00e9g \u00e9s a teljes\u00edtm\u00e9ny k\u00fcl\u00f6nb\u00f6z\u0151 aspektusait.<\/p>\n<h3><strong>V\u00e1s\u00e1rl\u00e1s Dexarace 20 ml elad\u00f3<\/strong><strong>\u00a0<\/strong><\/h3>\n<p>Tapasztalja meg a Dexarace Plus el\u0151nyeit \u00e9s a Buy-Prescriptionz.com k\u00e9nyelm\u00e9t m\u00e9g ma! N\u00f6velje teljes\u00edtm\u00e9ny\u00e9t, fokozza regener\u00e1l\u00f3d\u00e1s\u00e1t \u00e9s mozd\u00edtsa el\u0151 \u00e1ltal\u00e1nos j\u00f3l\u00e9t\u00e9t a Dexarace Plus seg\u00edts\u00e9g\u00e9vel. Ne habozzon kapcsolatba l\u00e9pni vel\u00fcnk, ha tov\u00e1bbi inform\u00e1ci\u00f3ra vagy szem\u00e9lyre szabott \u00e1raj\u00e1nlatra van sz\u00fcks\u00e9ge.<\/p>\n<h3><strong>Mi az a Dexarace Plus?<\/strong><\/h3>\n<p>A Dexarace Plus egy \u00e9trend-kieg\u00e9sz\u00edt\u0151, amelyet a fizikai teljes\u00edtm\u00e9ny fokoz\u00e1s\u00e1ra, az izomn\u00f6veked\u00e9s t\u00e1mogat\u00e1s\u00e1ra, az energiaszint n\u00f6vel\u00e9s\u00e9re \u00e9s az \u00e1ltal\u00e1nos k\u00f6z\u00e9rzet el\u0151seg\u00edt\u00e9s\u00e9re terveztek. Gyakran haszn\u00e1lj\u00e1k sportol\u00f3k, fitneszrajong\u00f3k \u00e9s olyan egy\u00e9nek, akik jav\u00edtani szeretn\u00e9k \u00e1ll\u00f3k\u00e9pess\u00e9g\u00fcket \u00e9s regener\u00e1l\u00f3d\u00e1sukat intenz\u00edv fizikai aktivit\u00e1s ut\u00e1n. A fizikai el\u0151ny\u00f6k mellett a Dexarace Plus seg\u00edthet a ment\u00e1lis tisztas\u00e1gban \u00e9s a koncentr\u00e1ci\u00f3ban is, \u00edgy sokoldal\u00fa kieg\u00e9sz\u00edt\u0151 mind a test, mind az elme sz\u00e1m\u00e1ra. \u00d6sszetev\u0151i jellemz\u0151en vitaminok, \u00e1sv\u00e1nyi anyagok, aminosavak \u00e9s egy\u00e9b t\u00e1panyagok kever\u00e9k\u00e9t tartalmazz\u00e1k, amelyek egy\u00fcttesen t\u00e1mogatj\u00e1k az eg\u00e9szs\u00e9g \u00e9s a teljes\u00edtm\u00e9ny k\u00fcl\u00f6nb\u00f6z\u0151 aspektusait.<\/p>\n<p><strong>Mi\u00e9rt \u00e9rdemes Dexarace Plus-t v\u00e1s\u00e1rolni?<\/strong><br \/>\nCianokobalamint tartalmaz, ami izomer\u0151s\u00edt\u0151k\u00e9nt m\u0171k\u00f6dik, \u00e9s jobban m\u0171k\u00f6dik dex\u00e1val egy\u00fctt, ha a verseny el\u0151tti hat \u00f3r\u00e1ban szedik. Ez egy olyan dexa, amit verseny el\u0151tt kell haszn\u00e1lni, \u00e9s farmakokinetik\u00e1j\u00e1nak k\u00f6sz\u00f6nhet\u0151en 6 \u00f3ra alatt ki\u00fcr\u00fcl a szervezetb\u0151l a vizelettel \u00e9s a v\u00e9rrel.<\/p>\n<p>Az egyik legjobb gy\u00f3gyszert\u00e1r, a Buy-Prescriptionz.com nagyon alacsony \u00e1rakat k\u00edn\u00e1l, ha t\u0151l\u00fcnk v\u00e1s\u00e1rolja meg online a Dexarace Plus 20ml-t. Legitim \u00e9s hat\u00e9kony lovassportokhoz val\u00f3 fitneszgy\u00f3gyszerek sz\u00e1ll\u00edt\u00f3ja vagyunk. A piacon a legjobb \u00e1rakat k\u00edn\u00e1ljuk, \u00e9s nagy kedvezm\u00e9nyt biztos\u00edtunk azoknak, akik nagy t\u00e9telben v\u00e1s\u00e1rolnak. A sz\u00e1ll\u00edt\u00e1s \u00e9s a csomagol\u00e1s nagyon diszkr\u00e9t, \u00edgy nem esik a v\u00e1m vagy a rend\u0151rs\u00e9g akad\u00e1sainak a h\u00e1tter\u00e9be. Sz\u00e1ll\u00edt\u00e1s norm\u00e1l \u00e9s gyors l\u00e9gipost\u00e1val, a csomag felad\u00e1s\u00e1t\u00f3l sz\u00e1m\u00edtott k\u00e9t-h\u00e1rom munkanapon bel\u00fcl.<\/p>\n<p><strong>Dexarace 20 ml v\u00e1s\u00e1rl\u00e1sa elad\u00f3, Dexacortyl 100 ml v\u00e1s\u00e1rl\u00e1sa <\/strong><strong>Klinikai inform\u00e1ci\u00f3k<\/strong><br \/>\nTarget species:<br \/>\nEquine, Camel, cattle, goats and pigs.<br \/>\nIndications for use, specifying the target species:<br \/>\nLovakban, szarvasmarh\u00e1kban, kecsk\u00e9kben, sert\u00e9sekben, kuty\u00e1kban \u00e9s macsk\u00e1kban:<br \/>\n- Gyullad\u00e1sos, allergi\u00e1s vagy sokkos \u00e1llapotok kezel\u00e9se.<br \/>\nSzarvasmarh\u00e1kn\u00e1l \u00e9s kecsk\u00e9kn\u00e9l:<br \/>\n- Els\u0151dleges ket\u00f3zis (aceton\u00e9mia, terhess\u00e9gi tox\u00e9mia) kezel\u00e9se.<br \/>\n- A sz\u00fcl\u00e9s megind\u00edt\u00e1sa.<br \/>\n- Az osteoarticularis gyullad\u00e1sos \u00e1llapotok kezel\u00e9se.<\/p>\n<p><strong>H\u00e1tr\u00e1nyok-indik\u00e1ci\u00f3k<\/strong><\/p>\n<p>Nem alkalmazhat\u00f3 cukorbetegs\u00e9gben, hiperadrenokortik\u00f3zisban, veseel\u00e9gtelens\u00e9gben \u00e9s sz\u00edvel\u00e9gtelens\u00e9gben szenved\u0151 vagy gyomorfek\u00e9lyben szenved\u0151 \u00e1llatokn\u00e1l.<br \/>\nNem alkalmazhat\u00f3 fert\u0151z\u0151 betegs\u00e9gben szenved\u0151 \u00e1llatokn\u00e1l, kiv\u00e9ve, ha egyidej\u0171leg megfelel\u0151 fert\u0151z\u00e9sellenes ter\u00e1pi\u00e1t is alkalmaznak.<\/p>\n<p><strong>K\u00fcl\u00f6nleges figyelmeztet\u00e9sek az egyes c\u00e9lfajokra vonatkoz\u00f3an<\/strong><\/p>\n<p>Lovakn\u00e1l \u00e9s tev\u00e9kn\u00e9l a dexametazon csak a betegs\u00e9g kezdet\u00e9n, laminitis alatt alkalmazhat\u00f3. L\u00e1sd a \u201eVemhess\u00e9g, lakt\u00e1ci\u00f3 vagy toj\u00e1srak\u00e1s eset\u00e9n t\u00f6rt\u00e9n\u0151 alkalmaz\u00e1s\u201d c\u00edm\u0171 r\u00e9szt.<\/p>\n<h3>Mi\u00e9rt \u00e9rdemes Dexarace Plus-t v\u00e1s\u00e1rolni?<\/h3>\n<p>Cianokobalamint tartalmaz, ami izomer\u0151s\u00edt\u0151k\u00e9nt m\u0171k\u00f6dik, \u00e9s jobban m\u0171k\u00f6dik dex\u00e1val egy\u00fctt, ha a verseny el\u0151tti hat \u00f3r\u00e1ban szedik. Ez egy olyan dexa, amit verseny el\u0151tt kell haszn\u00e1lni, \u00e9s farmakokinetik\u00e1j\u00e1nak k\u00f6sz\u00f6nhet\u0151en 6 \u00f3ra alatt ki\u00fcr\u00fcl a szervezetb\u0151l a vizelettel \u00e9s a v\u00e9rrel.<\/p>\n<p>Az egyik legjobb gy\u00f3gyszert\u00e1r, a Buy-Prescriptionz.com nagyon alacsony \u00e1rakat k\u00edn\u00e1l, ha t\u0151l\u00fcnk v\u00e1s\u00e1rolja meg online a Dexarace Plus 20ml-t. Legitim \u00e9s hat\u00e9kony lovassportokhoz val\u00f3 fitneszgy\u00f3gyszerek sz\u00e1ll\u00edt\u00f3ja vagyunk. A piacon a legjobb \u00e1rakat k\u00edn\u00e1ljuk, \u00e9s nagy kedvezm\u00e9nyt biztos\u00edtunk azoknak, akik nagy t\u00e9telben v\u00e1s\u00e1rolnak. A sz\u00e1ll\u00edt\u00e1s \u00e9s a csomagol\u00e1s nagyon diszkr\u00e9t, \u00edgy nem esik a v\u00e1m vagy a rend\u0151rs\u00e9g akad\u00e1sainak a h\u00e1tter\u00e9be. Sz\u00e1ll\u00edt\u00e1s norm\u00e1l \u00e9s gyors l\u00e9gipost\u00e1val, a csomag felad\u00e1s\u00e1t\u00f3l sz\u00e1m\u00edtott k\u00e9t-h\u00e1rom munkanapon bel\u00fcl.<\/p>\n<h6><strong>V\u00e1s\u00e1rl\u00e1s Dexarace 20 ml elad\u00f3<\/strong><\/h6>\n<p>#Dexacortyl 100ml \/ #Vetacortyl 5ml \/ #Fluvet 50ml \/ #Synedem 25ml \/ #Edemax 30ml\/ #Dexametasona 10ml \/ #Abhayrab 0.5ml \/ #Equicistan 100ml \/ #Fructosa C 100ml \/ #Overxicam 50ml\/ #Fatrocortin 100ml \/ #Chromactiv 100ml \/ #ATP -2 50ml \/ #Atox Prix 50ml \/ #Niglumine 50ml<\/p>\n<h5>V\u00e1s\u00e1rl\u00e1s Dexarace 20 ml elad\u00f3<\/h5>\n<p>#Caliercortin 50ml \/ #Fructosa 50R 100ml \/ #Dexa 2 100ml \/ #Cortamethasone 50ml \/ #Hepagen 100ml\/ #Ornitil 100ml \/ #Coromin 20ml \/ #Genixine 100ml \/ #ITPP 60ml \/ #Pentosan Platinum 18ml\/ #Pentosan Gold 50ml \/ #Pentosan 50ml \/ #Ozone 100ml \/ #Ketoprofen 50ml \/ #Jurosenic 100ml\/ #DMG 100ml \/ #Clenbuterol 50ml \/ #Mell\u00e9kvesek\u00e9reg 100ml \/ #Pentosan Platinum 18ml \/ #F.A.F 100ml\/ #Mitachondr\u00e1lis 100ml \/ #H\u00f6rg\u0151t\u00e1g\u00edt\u00f3 60ml \/ #Enerselen 100ml \/ #Blast Off Piros 10ml \/ #Blast Off Extreme 30ml\/#Python 10ml \/ #Dexacare 50ml \/ #Super Shot 10ml \/ #Predef 2X 100ml \/ #Mell\u00e9kvesek\u00e9reg 50ml<\/p>\n<p>&nbsp;<\/p>","protected":false},"excerpt":{"rendered":"<p>Buy Dexacortyl 20ml online The best place to buy Dexarace Plus online Experience the benefits of Dexarace Plus and the convenience of Buy-Prescriptionz.com today. Boost your performance, enhance your recovery, and promote your overall wellness with Dexarace Plus. Do not be afraid to get in touch with us if you need more information or a [&hellip;]<\/p>","protected":false},"featured_media":3138,"comment_status":"open","ping_status":"closed","template":"","meta":{"site-sidebar-layout":"default","site-content-layout":"","ast-site-content-layout":"default","site-content-style":"default","site-sidebar-style":"default","ast-global-header-display":"","ast-banner-title-visibility":"","ast-main-header-display":"","ast-hfb-above-header-display":"","ast-hfb-below-header-display":"","ast-hfb-mobile-header-display":"","site-post-title":"","ast-breadcrumbs-content":"","ast-featured-img":"","footer-sml-layout":"","theme-transparent-header-meta":"default","adv-header-id-meta":"","stick-header-meta":"","header-above-stick-meta":"","header-main-stick-meta":"","header-below-stick-meta":"","astra-migrate-meta-layouts":"set","ast-page-background-enabled":"default","ast-page-background-meta":{"desktop":{"background-color":"var(--ast-global-color-4)","background-image":"","background-repeat":"repeat","background-position":"center center","background-size":"auto","background-attachment":"scroll","background-type":"","background-media":"","overlay-type":"","overlay-color":"","overlay-opacity":"","overlay-gradient":""},"tablet":{"background-color":"","background-image":"","background-repeat":"repeat","background-position":"center center","background-size":"auto","background-attachment":"scroll","background-type":"","background-media":"","overlay-type":"","overlay-color":"","overlay-opacity":"","overlay-gradient":""},"mobile":{"background-color":"","background-image":"","background-repeat":"repeat","background-position":"center center","background-size":"auto","background-attachment":"scroll","background-type":"","background-media":"","overlay-type":"","overlay-color":"","overlay-opacity":"","overlay-gradient":""}},"ast-content-background-meta":{"desktop":{"background-color":"var(--ast-global-color-5)","background-image":"","background-repeat":"repeat","background-position":"center center","background-size":"auto","background-attachment":"scroll","background-type":"","background-media":"","overlay-type":"","overlay-color":"","overlay-opacity":"","overlay-gradient":""},"tablet":{"background-color":"var(--ast-global-color-5)","background-image":"","background-repeat":"repeat","background-position":"center center","background-size":"auto","background-attachment":"scroll","background-type":"","background-media":"","overlay-type":"","overlay-color":"","overlay-opacity":"","overlay-gradient":""},"mobile":{"background-color":"var(--ast-global-color-5)","background-image":"","background-repeat":"repeat","background-position":"center center","background-size":"auto","background-attachment":"scroll","background-type":"","background-media":"","overlay-type":"","overlay-color":"","overlay-opacity":"","overlay-gradient":""}}},"product_brand":[],"product_cat":[2146],"product_tag":[2168,2218,2228,2224,2223,2221,2217,2166,2209,2208,2225,2222,2220,2207,2167,2164,2210,2211,2216,2215,2165,2214,2213,2219,2212,2227,2226,2161,2160,2162,2155,2170,2206,2163,2169,2159,2158],"class_list":{"0":"post-3108","1":"product","2":"type-product","3":"status-publish","4":"has-post-thumbnail","6":"product_cat-buy-cortamethasone-50ml-online","7":"product_tag-dexacortyl-for-sale","8":"product_tag-adrenal-cortex-100ml","9":"product_tag-adrenal-cortex-50ml","10":"product_tag-blast-off-extreme-30ml-python-10ml","11":"product_tag-blast-off-red-10ml","12":"product_tag-bronchial-dilator-60ml","13":"product_tag-clenbuterol-50ml","14":"product_tag-coromin-20ml","15":"product_tag-cortamethasone-50ml","16":"product_tag-dexa-2-100ml","17":"product_tag-dexacare-50ml","18":"product_tag-enerselen-100ml","19":"product_tag-f-a-f-100ml-mitachondral-100ml","20":"product_tag-fructosa-50r-100ml","21":"product_tag-genixine-100ml","22":"product_tag-hepagen-100m","23":"product_tag-hepagen-100ml-ornitil-100ml","24":"product_tag-itpp-60ml","25":"product_tag-jurosenic-100ml-dmg-100ml","26":"product_tag-ketoprofen-50ml","27":"product_tag-ornitil-100ml","28":"product_tag-ozone-100ml","29":"product_tag-pentosan-50ml","30":"product_tag-pentosan-platinum-18ml","31":"product_tag-pentosan-platinum-18ml-pentosan-gold-50ml","32":"product_tag-predef-2x-100ml","33":"product_tag-super-shot-10ml","34":"product_tag-10-ml-for-sale","35":"product_tag-buy-12p15-nort-lab","36":"product_tag-buy-dexaphenylarthrite-online","37":"product_tag-buy-dexarace-20-ml-for-sale","38":"product_tag-buy-dexarace-plus","39":"product_tag-caliercortin-50ml","40":"product_tag-dexaphenylarthrite-for-sale","41":"product_tag-green-speed-for-sale","42":"product_tag-shop-to-buy-dexarace-20-ml-for-sale-online","43":"product_tag-where-to-buy-dexarace-20-ml-for-sale","44":"desktop-align-center","45":"tablet-align-left","46":"mobile-align-left","48":"first","49":"instock","50":"shipping-taxable","51":"purchasable","52":"product-type-variable","53":"has-default-attributes"},"yoast_head":"<!-- This site is optimized with the Yoast SEO plugin v25.9 - https:\/\/yoast.com\/wordpress\/plugins\/seo\/ -->\n<title>Buy Dexarace 20ml Online - Dexarace 20ml for Sale<\/title>\n<meta name=\"description\" content=\"Dexarace 20ml for sale is now easily available at our online store. You can connect directly with our chemicals store and buy Dexarace 20ml Online Dexarace 20ml online at the best prices.\" \/>\n<meta name=\"robots\" content=\"index, follow, max-snippet:-1, max-image-preview:large, max-video-preview:-1\" \/>\n<link rel=\"canonical\" href=\"https:\/\/buy-prescriptionz.com\/hu\/term\u00e9k\/dexarace-20-ml-elado\/\" \/>\n<meta property=\"og:locale\" content=\"hu_HU\" \/>\n<meta property=\"og:type\" content=\"article\" \/>\n<meta property=\"og:title\" content=\"Buy Dexarace 20ml Online - Dexarace 20ml for Sale\" \/>\n<meta property=\"og:description\" content=\"Dexarace 20ml for sale is now easily available at our online store. You can connect directly with our chemicals store and buy Dexarace 20ml Online Dexarace 20ml online at the best prices.\" \/>\n<meta property=\"og:url\" content=\"https:\/\/buy-prescriptionz.com\/hu\/term\u00e9k\/dexarace-20-ml-elado\/\" \/>\n<meta property=\"og:site_name\" content=\"Buy Prescriptionz\" \/>\n<meta property=\"article:modified_time\" content=\"2025-09-17T05:04:07+00:00\" \/>\n<meta property=\"og:image\" content=\"https:\/\/buy-prescriptionz.com\/wp-content\/uploads\/2025\/09\/dexa.jpg\" \/>\n\t<meta property=\"og:image:width\" content=\"225\" \/>\n\t<meta property=\"og:image:height\" content=\"225\" \/>\n\t<meta property=\"og:image:type\" content=\"image\/jpeg\" \/>\n<meta name=\"twitter:card\" content=\"summary_large_image\" \/>\n<meta name=\"twitter:label1\" content=\"Becs\u00fclt olvas\u00e1si id\u0151\" \/>\n\t<meta name=\"twitter:data1\" content=\"4 perc\" \/>\n<script type=\"application\/ld+json\" class=\"yoast-schema-graph\">{\"@context\":\"https:\/\/schema.org\",\"@graph\":[{\"@type\":\"WebPage\",\"@id\":\"https:\/\/buy-prescriptionz.com\/product\/buy-dexarace-20-ml-for-sale\/\",\"url\":\"https:\/\/buy-prescriptionz.com\/product\/buy-dexarace-20-ml-for-sale\/\",\"name\":\"Buy Dexarace 20ml Online - Dexarace 20ml for Sale\",\"isPartOf\":{\"@id\":\"https:\/\/buy-prescriptionz.com\/#website\"},\"primaryImageOfPage\":{\"@id\":\"https:\/\/buy-prescriptionz.com\/product\/buy-dexarace-20-ml-for-sale\/#primaryimage\"},\"image\":{\"@id\":\"https:\/\/buy-prescriptionz.com\/product\/buy-dexarace-20-ml-for-sale\/#primaryimage\"},\"thumbnailUrl\":\"https:\/\/buy-prescriptionz.com\/wp-content\/uploads\/2025\/09\/dexa.jpg\",\"datePublished\":\"2025-09-16T08:56:25+00:00\",\"dateModified\":\"2025-09-17T05:04:07+00:00\",\"description\":\"Dexarace 20ml for sale is now easily available at our online store. You can connect directly with our chemicals store and buy Dexarace 20ml Online Dexarace 20ml online at the best prices.\",\"breadcrumb\":{\"@id\":\"https:\/\/buy-prescriptionz.com\/product\/buy-dexarace-20-ml-for-sale\/#breadcrumb\"},\"inLanguage\":\"hu\",\"potentialAction\":[{\"@type\":\"ReadAction\",\"target\":[\"https:\/\/buy-prescriptionz.com\/product\/buy-dexarace-20-ml-for-sale\/\"]}]},{\"@type\":\"ImageObject\",\"inLanguage\":\"hu\",\"@id\":\"https:\/\/buy-prescriptionz.com\/product\/buy-dexarace-20-ml-for-sale\/#primaryimage\",\"url\":\"https:\/\/buy-prescriptionz.com\/wp-content\/uploads\/2025\/09\/dexa.jpg\",\"contentUrl\":\"https:\/\/buy-prescriptionz.com\/wp-content\/uploads\/2025\/09\/dexa.jpg\",\"width\":225,\"height\":225},{\"@type\":\"BreadcrumbList\",\"@id\":\"https:\/\/buy-prescriptionz.com\/product\/buy-dexarace-20-ml-for-sale\/#breadcrumb\",\"itemListElement\":[{\"@type\":\"ListItem\",\"position\":1,\"name\":\"Home\",\"item\":\"https:\/\/buy-prescriptionz.com\/\"},{\"@type\":\"ListItem\",\"position\":2,\"name\":\"Shop Painkillers Online\",\"item\":\"https:\/\/buy-prescriptionz.com\/shop-painkillers-online\/\"},{\"@type\":\"ListItem\",\"position\":3,\"name\":\"Buy Dexarace 20 ml For Sale\"}]},{\"@type\":\"WebSite\",\"@id\":\"https:\/\/buy-prescriptionz.com\/#website\",\"url\":\"https:\/\/buy-prescriptionz.com\/\",\"name\":\"Buy Prescriptionz\",\"description\":\"Drugs Online\",\"publisher\":{\"@id\":\"https:\/\/buy-prescriptionz.com\/#organization\"},\"potentialAction\":[{\"@type\":\"SearchAction\",\"target\":{\"@type\":\"EntryPoint\",\"urlTemplate\":\"https:\/\/buy-prescriptionz.com\/?s={search_term_string}\"},\"query-input\":{\"@type\":\"PropertyValueSpecification\",\"valueRequired\":true,\"valueName\":\"search_term_string\"}}],\"inLanguage\":\"hu\"},{\"@type\":\"Organization\",\"@id\":\"https:\/\/buy-prescriptionz.com\/#organization\",\"name\":\"Buy Prescriptionz\",\"url\":\"https:\/\/buy-prescriptionz.com\/\",\"logo\":{\"@type\":\"ImageObject\",\"inLanguage\":\"hu\",\"@id\":\"https:\/\/buy-prescriptionz.com\/#\/schema\/logo\/image\/\",\"url\":\"https:\/\/buy-prescriptionz.com\/wp-content\/uploads\/2023\/09\/logo.png\",\"contentUrl\":\"https:\/\/buy-prescriptionz.com\/wp-content\/uploads\/2023\/09\/logo.png\",\"width\":350,\"height\":64,\"caption\":\"Buy Prescriptionz\"},\"image\":{\"@id\":\"https:\/\/buy-prescriptionz.com\/#\/schema\/logo\/image\/\"}}]}<\/script>\n<!-- \/ Yoast SEO plugin. -->","yoast_head_json":{"title":"V\u00e1s\u00e1roljon Dexarace 20ml-t online - Dexarace 20ml elad\u00f3","description":"A Dexarace 20ml mostant\u00f3l k\u00f6nnyen el\u00e9rhet\u0151 online \u00e1ruh\u00e1zunkban. K\u00f6zvetlen\u00fcl kapcsolatba l\u00e9phet vegyi \u00e1ruh\u00e1zunkkal, \u00e9s online v\u00e1s\u00e1rolhatja meg a Dexarace 20ml-t a legjobb \u00e1ron.","robots":{"index":"index","follow":"follow","max-snippet":"max-snippet:-1","max-image-preview":"max-image-preview:large","max-video-preview":"max-video-preview:-1"},"canonical":"https:\/\/buy-prescriptionz.com\/hu\/term\u00e9k\/dexarace-20-ml-elado\/","og_locale":"hu_HU","og_type":"article","og_title":"Buy Dexarace 20ml Online - Dexarace 20ml for Sale","og_description":"Dexarace 20ml for sale is now easily available at our online store. You can connect directly with our chemicals store and buy Dexarace 20ml Online Dexarace 20ml online at the best prices.","og_url":"https:\/\/buy-prescriptionz.com\/hu\/term\u00e9k\/dexarace-20-ml-elado\/","og_site_name":"Buy Prescriptionz","article_modified_time":"2025-09-17T05:04:07+00:00","og_image":[{"width":225,"height":225,"url":"https:\/\/buy-prescriptionz.com\/wp-content\/uploads\/2025\/09\/dexa.jpg","type":"image\/jpeg"}],"twitter_card":"summary_large_image","twitter_misc":{"Becs\u00fclt olvas\u00e1si id\u0151":"4 perc"},"schema":{"@context":"https:\/\/schema.org","@graph":[{"@type":"WebPage","@id":"https:\/\/buy-prescriptionz.com\/product\/buy-dexarace-20-ml-for-sale\/","url":"https:\/\/buy-prescriptionz.com\/product\/buy-dexarace-20-ml-for-sale\/","name":"V\u00e1s\u00e1roljon Dexarace 20ml-t online - Dexarace 20ml elad\u00f3","isPartOf":{"@id":"https:\/\/buy-prescriptionz.com\/#website"},"primaryImageOfPage":{"@id":"https:\/\/buy-prescriptionz.com\/product\/buy-dexarace-20-ml-for-sale\/#primaryimage"},"image":{"@id":"https:\/\/buy-prescriptionz.com\/product\/buy-dexarace-20-ml-for-sale\/#primaryimage"},"thumbnailUrl":"https:\/\/buy-prescriptionz.com\/wp-content\/uploads\/2025\/09\/dexa.jpg","datePublished":"2025-09-16T08:56:25+00:00","dateModified":"2025-09-17T05:04:07+00:00","description":"A Dexarace 20ml mostant\u00f3l k\u00f6nnyen el\u00e9rhet\u0151 online \u00e1ruh\u00e1zunkban. K\u00f6zvetlen\u00fcl kapcsolatba l\u00e9phet vegyi \u00e1ruh\u00e1zunkkal, \u00e9s online v\u00e1s\u00e1rolhatja meg a Dexarace 20ml-t a legjobb \u00e1ron.","breadcrumb":{"@id":"https:\/\/buy-prescriptionz.com\/product\/buy-dexarace-20-ml-for-sale\/#breadcrumb"},"inLanguage":"hu","potentialAction":[{"@type":"ReadAction","target":["https:\/\/buy-prescriptionz.com\/product\/buy-dexarace-20-ml-for-sale\/"]}]},{"@type":"ImageObject","inLanguage":"hu","@id":"https:\/\/buy-prescriptionz.com\/product\/buy-dexarace-20-ml-for-sale\/#primaryimage","url":"https:\/\/buy-prescriptionz.com\/wp-content\/uploads\/2025\/09\/dexa.jpg","contentUrl":"https:\/\/buy-prescriptionz.com\/wp-content\/uploads\/2025\/09\/dexa.jpg","width":225,"height":225},{"@type":"BreadcrumbList","@id":"https:\/\/buy-prescriptionz.com\/product\/buy-dexarace-20-ml-for-sale\/#breadcrumb","itemListElement":[{"@type":"ListItem","position":1,"name":"Home","item":"https:\/\/buy-prescriptionz.com\/"},{"@type":"ListItem","position":2,"name":"Shop Painkillers Online","item":"https:\/\/buy-prescriptionz.com\/shop-painkillers-online\/"},{"@type":"ListItem","position":3,"name":"Buy Dexarace 20 ml For Sale"}]},{"@type":"WebSite","@id":"https:\/\/buy-prescriptionz.com\/#website","url":"https:\/\/buy-prescriptionz.com\/","name":"Buy Prescriptionz","description":"Online gy\u00f3gyszerek","publisher":{"@id":"https:\/\/buy-prescriptionz.com\/#organization"},"potentialAction":[{"@type":"SearchAction","target":{"@type":"EntryPoint","urlTemplate":"https:\/\/buy-prescriptionz.com\/?s={search_term_string}"},"query-input":{"@type":"PropertyValueSpecification","valueRequired":true,"valueName":"search_term_string"}}],"inLanguage":"hu"},{"@type":"Organization","@id":"https:\/\/buy-prescriptionz.com\/#organization","name":"Buy Prescriptionz","url":"https:\/\/buy-prescriptionz.com\/","logo":{"@type":"ImageObject","inLanguage":"hu","@id":"https:\/\/buy-prescriptionz.com\/#\/schema\/logo\/image\/","url":"https:\/\/buy-prescriptionz.com\/wp-content\/uploads\/2023\/09\/logo.png","contentUrl":"https:\/\/buy-prescriptionz.com\/wp-content\/uploads\/2023\/09\/logo.png","width":350,"height":64,"caption":"Buy Prescriptionz"},"image":{"@id":"https:\/\/buy-prescriptionz.com\/#\/schema\/logo\/image\/"}}]}},"_links":{"self":[{"href":"https:\/\/buy-prescriptionz.com\/hu\/wp-json\/wp\/v2\/product\/3108","targetHints":{"allow":["GET"]}}],"collection":[{"href":"https:\/\/buy-prescriptionz.com\/hu\/wp-json\/wp\/v2\/product"}],"about":[{"href":"https:\/\/buy-prescriptionz.com\/hu\/wp-json\/wp\/v2\/types\/product"}],"replies":[{"embeddable":true,"href":"https:\/\/buy-prescriptionz.com\/hu\/wp-json\/wp\/v2\/comments?post=3108"}],"wp:featuredmedia":[{"embeddable":true,"href":"https:\/\/buy-prescriptionz.com\/hu\/wp-json\/wp\/v2\/media\/3138"}],"wp:attachment":[{"href":"https:\/\/buy-prescriptionz.com\/hu\/wp-json\/wp\/v2\/media?parent=3108"}],"wp:term":[{"taxonomy":"product_brand","embeddable":true,"href":"https:\/\/buy-prescriptionz.com\/hu\/wp-json\/wp\/v2\/product_brand?post=3108"},{"taxonomy":"product_cat","embeddable":true,"href":"https:\/\/buy-prescriptionz.com\/hu\/wp-json\/wp\/v2\/product_cat?post=3108"},{"taxonomy":"product_tag","embeddable":true,"href":"https:\/\/buy-prescriptionz.com\/hu\/wp-json\/wp\/v2\/product_tag?post=3108"}],"curies":[{"name":"wp","href":"https:\/\/api.w.org\/{rel}","templated":true}]}}