{"id":976,"date":"2019-05-08T05:42:12","date_gmt":"2019-05-08T05:42:12","guid":{"rendered":"https:\/\/buyprescriptionz.com\/?page_id=976"},"modified":"2019-05-08T05:42:12","modified_gmt":"2019-05-08T05:42:12","slug":"actavis-promethazine","status":"publish","type":"page","link":"https:\/\/buy-prescriptionz.com\/it\/actavis-promethazine\/","title":{"rendered":"Actavis Promethazine"},"content":{"rendered":"<p style=\"text-align: justify;\"><strong>Acquistare Actavis Promethazine online\u00a0<\/strong>as<strong>\u00a0<\/strong>Prometazina con codeina, la bevanda viola<\/p>\n<p style=\"text-align: justify;\">La prometazina \u00e8 un antistaminico originale. Viene utilizzato per trattare l'ipersensibilit\u00e0, i problemi di riposo e la nausea. Pu\u00f2 servire a calmare le persone agitate o ansiose. \u00c8 accessibile per bocca come sciroppo, come supposta rettale o per infusione in un muscolo. Ora,\u00a0<strong>acquistare Actavis Promethazine a buon mercato\u00a0<\/strong>per consegnare in 2-4 giorni a casa vostra.<\/p>\n<h3 style=\"text-align: justify;\">Conoscere la storia per acquistare Actavis Promethazine<\/h3>\n<p style=\"text-align: justify;\">La prometazina \u00e8 stata prodotta negli anni '40 da un gruppo di ricercatori dei laboratori Rh\u00f4ne-Poulenc. \u00c8 un farmaco convenzionale ed \u00e8 disponibile con molti marchi a livello globale. Su Buyprescriptionz.com, stiamo riportando sul mercato la miscela preferita a prezzi accessibili e puoi farlo\u00a0<strong>ordinare Actavis Promethazine online.<\/strong><\/p>\n<p style=\"text-align: justify;\">La codeina \u00e8 un sedativo usato per trattare il dolore e per la diarrea. Di solito \u00e8 usato per ottenere un leggero sollievo dal dolore intenso. Con il paracetamolo (paracetamolo) o un farmaco non steroideo attenuante, aumenta il suo utilizzo per le esperienze emotive nei giovani o negli adulti \u2014 Actavis<strong>\u00a0Prometazina in vendita\u00a0<\/strong>su Buyprescriptionz.com a prezzi incredibili e alla rinfusa.<\/p>\n<h3 style=\"text-align: justify;\">Fornitore legittimo di\u00a0Actavis Promethazine Online<\/h3>\n<p style=\"text-align: justify;\">Buyprescriptionz.com fornisce la bevanda viola o Actavis Promethazine con codeina in tutto il mondo come 5 ml per bottiglia. Puoi\u00a0<strong>comprare Actavis Prometazina senza un medico\u00a0<\/strong>a Buyprescriptionz Online-Apotheke.<\/p>\n<p style=\"text-align: justify;\">Gli ingredienti su\u00a0<strong>acquistare\u00a0<\/strong>Di\u00a0<strong>Actavis Prometazina online:<\/strong><\/p>\n<ul style=\"text-align: justify;\">\n<li>Prometazina cloridrato: 6,25 mg<\/li>\n<li>Codeina fosfato: 10 mg<\/li>\n<li>Alcol: 7%.<\/li>\n<li>Validit\u00e0: 2 anni<\/li>\n<li>Disponibilit\u00e0: 1622-62-44 8 once ($ 150), 16 once ($ 220) e 32 once ($ 330)<\/li>\n<\/ul>\n<p style=\"text-align: justify;\"><strong>Come acquistare Actavis Prometazina online\u00a0<\/strong>E\u00a0<strong>dove acquistare online\u00a0<\/strong>a prezzi ragionevoli, questo deve esserti in mente mentre leggi questa pagina. Bene, abbiamo la disponibilit\u00e0 della tua bevanda viola preferita con\u00a0<strong>servizio di spedizione veloce e sicuro\u00a0<\/strong>si tratta anche di\u00a0<strong>acquisto con confezione discreta.<\/strong><\/p>\n<p style=\"text-align: justify;\">Abbiamo il\u00a0<strong>servizio di consegna veloce e sicuro\u00a0<\/strong>tramite UPS, corriere espresso, FedEx ed EMS.\u00a0<strong>Acquista senza prescrizione medica\u00a0<\/strong>the<strong>\u00a0<\/strong>cloridrato di prometazina forte che \u00e8 una polvere cristallina dal bianco al giallo svenuto, a tutti gli effetti inodore, miscelata con codeina. Manteniamo una moderata ossidazione. Il suo sale cloridrato \u00e8 solvente in acqua e in una certa misura solubile in liquore.<\/p>","protected":false},"excerpt":{"rendered":"<p>Buy Actavis Promethazine online\u00a0as\u00a0Promethazine with Codeine, the purple drink Promethazine is an original antihistamine obtained. It is in use to treat hypersensitivities, trouble resting, and nausea. It might be for quieting individuals who are upset or anxious. It is accessible by mouth as a syrup, as a rectal suppository, or by infusion into a muscle. [&hellip;]<\/p>","protected":false},"author":1,"featured_media":0,"parent":0,"menu_order":0,"comment_status":"open","ping_status":"open","template":"","meta":{"site-sidebar-layout":"default","site-content-layout":"","ast-site-content-layout":"default","site-content-style":"default","site-sidebar-style":"default","ast-global-header-display":"","ast-banner-title-visibility":"","ast-main-header-display":"","ast-hfb-above-header-display":"","ast-hfb-below-header-display":"","ast-hfb-mobile-header-display":"","site-post-title":"","ast-breadcrumbs-content":"","ast-featured-img":"","footer-sml-layout":"","theme-transparent-header-meta":"","adv-header-id-meta":"","stick-header-meta":"","header-above-stick-meta":"","header-main-stick-meta":"","header-below-stick-meta":"","astra-migrate-meta-layouts":"default","ast-page-background-enabled":"default","ast-page-background-meta":{"desktop":{"background-color":"var(--ast-global-color-4)","background-image":"","background-repeat":"repeat","background-position":"center center","background-size":"auto","background-attachment":"scroll","background-type":"","background-media":"","overlay-type":"","overlay-color":"","overlay-opacity":"","overlay-gradient":""},"tablet":{"background-color":"","background-image":"","background-repeat":"repeat","background-position":"center center","background-size":"auto","background-attachment":"scroll","background-type":"","background-media":"","overlay-type":"","overlay-color":"","overlay-opacity":"","overlay-gradient":""},"mobile":{"background-color":"","background-image":"","background-repeat":"repeat","background-position":"center center","background-size":"auto","background-attachment":"scroll","background-type":"","background-media":"","overlay-type":"","overlay-color":"","overlay-opacity":"","overlay-gradient":""}},"ast-content-background-meta":{"desktop":{"background-color":"var(--ast-global-color-5)","background-image":"","background-repeat":"repeat","background-position":"center center","background-size":"auto","background-attachment":"scroll","background-type":"","background-media":"","overlay-type":"","overlay-color":"","overlay-opacity":"","overlay-gradient":""},"tablet":{"background-color":"var(--ast-global-color-5)","background-image":"","background-repeat":"repeat","background-position":"center center","background-size":"auto","background-attachment":"scroll","background-type":"","background-media":"","overlay-type":"","overlay-color":"","overlay-opacity":"","overlay-gradient":""},"mobile":{"background-color":"var(--ast-global-color-5)","background-image":"","background-repeat":"repeat","background-position":"center center","background-size":"auto","background-attachment":"scroll","background-type":"","background-media":"","overlay-type":"","overlay-color":"","overlay-opacity":"","overlay-gradient":""}},"footnotes":""},"class_list":["post-976","page","type-page","status-publish","hentry"],"yoast_head":"<!-- This site is optimized with the Yoast SEO plugin v25.9 - https:\/\/yoast.com\/wordpress\/plugins\/seo\/ -->\n<title>Actavis Promethazine - Buy Prescriptionz<\/title>\n<meta name=\"robots\" content=\"index, follow, max-snippet:-1, max-image-preview:large, max-video-preview:-1\" \/>\n<link rel=\"canonical\" href=\"https:\/\/buy-prescriptionz.com\/it\/actavis-promethazine\/\" \/>\n<meta property=\"og:locale\" content=\"it_IT\" \/>\n<meta property=\"og:type\" content=\"article\" \/>\n<meta property=\"og:title\" content=\"Actavis Promethazine - Buy Prescriptionz\" \/>\n<meta property=\"og:description\" content=\"Buy Actavis Promethazine online\u00a0as\u00a0Promethazine with Codeine, the purple drink Promethazine is an original antihistamine obtained. It is in use to treat hypersensitivities, trouble resting, and nausea. It might be for quieting individuals who are upset or anxious. It is accessible by mouth as a syrup, as a rectal suppository, or by infusion into a muscle. [&hellip;]\" \/>\n<meta property=\"og:url\" content=\"https:\/\/buy-prescriptionz.com\/it\/actavis-promethazine\/\" \/>\n<meta property=\"og:site_name\" content=\"Buy Prescriptionz\" \/>\n<meta name=\"twitter:card\" content=\"summary_large_image\" \/>\n<meta name=\"twitter:label1\" content=\"Tempo di lettura stimato\" \/>\n\t<meta name=\"twitter:data1\" content=\"2 minuti\" \/>\n<script type=\"application\/ld+json\" class=\"yoast-schema-graph\">{\"@context\":\"https:\/\/schema.org\",\"@graph\":[{\"@type\":\"WebPage\",\"@id\":\"https:\/\/buy-prescriptionz.com\/actavis-promethazine\/\",\"url\":\"https:\/\/buy-prescriptionz.com\/actavis-promethazine\/\",\"name\":\"Actavis Promethazine - Buy Prescriptionz\",\"isPartOf\":{\"@id\":\"https:\/\/buy-prescriptionz.com\/#website\"},\"datePublished\":\"2019-05-08T05:42:12+00:00\",\"breadcrumb\":{\"@id\":\"https:\/\/buy-prescriptionz.com\/actavis-promethazine\/#breadcrumb\"},\"inLanguage\":\"it-IT\",\"potentialAction\":[{\"@type\":\"ReadAction\",\"target\":[\"https:\/\/buy-prescriptionz.com\/actavis-promethazine\/\"]}]},{\"@type\":\"BreadcrumbList\",\"@id\":\"https:\/\/buy-prescriptionz.com\/actavis-promethazine\/#breadcrumb\",\"itemListElement\":[{\"@type\":\"ListItem\",\"position\":1,\"name\":\"Home\",\"item\":\"https:\/\/buy-prescriptionz.com\/\"},{\"@type\":\"ListItem\",\"position\":2,\"name\":\"Actavis Promethazine\"}]},{\"@type\":\"WebSite\",\"@id\":\"https:\/\/buy-prescriptionz.com\/#website\",\"url\":\"https:\/\/buy-prescriptionz.com\/\",\"name\":\"Buy Prescriptionz\",\"description\":\"Drugs Online\",\"publisher\":{\"@id\":\"https:\/\/buy-prescriptionz.com\/#organization\"},\"potentialAction\":[{\"@type\":\"SearchAction\",\"target\":{\"@type\":\"EntryPoint\",\"urlTemplate\":\"https:\/\/buy-prescriptionz.com\/?s={search_term_string}\"},\"query-input\":{\"@type\":\"PropertyValueSpecification\",\"valueRequired\":true,\"valueName\":\"search_term_string\"}}],\"inLanguage\":\"it-IT\"},{\"@type\":\"Organization\",\"@id\":\"https:\/\/buy-prescriptionz.com\/#organization\",\"name\":\"Buy Prescriptionz\",\"url\":\"https:\/\/buy-prescriptionz.com\/\",\"logo\":{\"@type\":\"ImageObject\",\"inLanguage\":\"it-IT\",\"@id\":\"https:\/\/buy-prescriptionz.com\/#\/schema\/logo\/image\/\",\"url\":\"https:\/\/buy-prescriptionz.com\/wp-content\/uploads\/2023\/09\/logo.png\",\"contentUrl\":\"https:\/\/buy-prescriptionz.com\/wp-content\/uploads\/2023\/09\/logo.png\",\"width\":350,\"height\":64,\"caption\":\"Buy Prescriptionz\"},\"image\":{\"@id\":\"https:\/\/buy-prescriptionz.com\/#\/schema\/logo\/image\/\"}}]}<\/script>\n<!-- \/ Yoast SEO plugin. -->","yoast_head_json":{"title":"Actavis Promethazine - Buy Prescriptionz","robots":{"index":"index","follow":"follow","max-snippet":"max-snippet:-1","max-image-preview":"max-image-preview:large","max-video-preview":"max-video-preview:-1"},"canonical":"https:\/\/buy-prescriptionz.com\/it\/actavis-promethazine\/","og_locale":"it_IT","og_type":"article","og_title":"Actavis Promethazine - Buy Prescriptionz","og_description":"Buy Actavis Promethazine online\u00a0as\u00a0Promethazine with Codeine, the purple drink Promethazine is an original antihistamine obtained. It is in use to treat hypersensitivities, trouble resting, and nausea. It might be for quieting individuals who are upset or anxious. It is accessible by mouth as a syrup, as a rectal suppository, or by infusion into a muscle. [&hellip;]","og_url":"https:\/\/buy-prescriptionz.com\/it\/actavis-promethazine\/","og_site_name":"Buy Prescriptionz","twitter_card":"summary_large_image","twitter_misc":{"Tempo di lettura stimato":"2 minuti"},"schema":{"@context":"https:\/\/schema.org","@graph":[{"@type":"WebPage","@id":"https:\/\/buy-prescriptionz.com\/actavis-promethazine\/","url":"https:\/\/buy-prescriptionz.com\/actavis-promethazine\/","name":"Actavis Promethazine - Buy Prescriptionz","isPartOf":{"@id":"https:\/\/buy-prescriptionz.com\/#website"},"datePublished":"2019-05-08T05:42:12+00:00","breadcrumb":{"@id":"https:\/\/buy-prescriptionz.com\/actavis-promethazine\/#breadcrumb"},"inLanguage":"it-IT","potentialAction":[{"@type":"ReadAction","target":["https:\/\/buy-prescriptionz.com\/actavis-promethazine\/"]}]},{"@type":"BreadcrumbList","@id":"https:\/\/buy-prescriptionz.com\/actavis-promethazine\/#breadcrumb","itemListElement":[{"@type":"ListItem","position":1,"name":"Home","item":"https:\/\/buy-prescriptionz.com\/"},{"@type":"ListItem","position":2,"name":"Actavis Promethazine"}]},{"@type":"WebSite","@id":"https:\/\/buy-prescriptionz.com\/#website","url":"https:\/\/buy-prescriptionz.com\/","name":"Buy Prescriptionz","description":"Farmaci online","publisher":{"@id":"https:\/\/buy-prescriptionz.com\/#organization"},"potentialAction":[{"@type":"SearchAction","target":{"@type":"EntryPoint","urlTemplate":"https:\/\/buy-prescriptionz.com\/?s={search_term_string}"},"query-input":{"@type":"PropertyValueSpecification","valueRequired":true,"valueName":"search_term_string"}}],"inLanguage":"it-IT"},{"@type":"Organization","@id":"https:\/\/buy-prescriptionz.com\/#organization","name":"Buy Prescriptionz","url":"https:\/\/buy-prescriptionz.com\/","logo":{"@type":"ImageObject","inLanguage":"it-IT","@id":"https:\/\/buy-prescriptionz.com\/#\/schema\/logo\/image\/","url":"https:\/\/buy-prescriptionz.com\/wp-content\/uploads\/2023\/09\/logo.png","contentUrl":"https:\/\/buy-prescriptionz.com\/wp-content\/uploads\/2023\/09\/logo.png","width":350,"height":64,"caption":"Buy Prescriptionz"},"image":{"@id":"https:\/\/buy-prescriptionz.com\/#\/schema\/logo\/image\/"}}]}},"_links":{"self":[{"href":"https:\/\/buy-prescriptionz.com\/it\/wp-json\/wp\/v2\/pages\/976","targetHints":{"allow":["GET"]}}],"collection":[{"href":"https:\/\/buy-prescriptionz.com\/it\/wp-json\/wp\/v2\/pages"}],"about":[{"href":"https:\/\/buy-prescriptionz.com\/it\/wp-json\/wp\/v2\/types\/page"}],"author":[{"embeddable":true,"href":"https:\/\/buy-prescriptionz.com\/it\/wp-json\/wp\/v2\/users\/1"}],"replies":[{"embeddable":true,"href":"https:\/\/buy-prescriptionz.com\/it\/wp-json\/wp\/v2\/comments?post=976"}],"version-history":[{"count":0,"href":"https:\/\/buy-prescriptionz.com\/it\/wp-json\/wp\/v2\/pages\/976\/revisions"}],"wp:attachment":[{"href":"https:\/\/buy-prescriptionz.com\/it\/wp-json\/wp\/v2\/media?parent=976"}],"curies":[{"name":"wp","href":"https:\/\/api.w.org\/{rel}","templated":true}]}}