{"id":2940,"date":"2025-09-16T08:55:29","date_gmt":"2025-09-16T08:55:29","guid":{"rendered":"https:\/\/chemsfine.com\/newsite\/?post_type=product&#038;p=2940"},"modified":"2025-09-26T08:49:19","modified_gmt":"2025-09-26T08:49:19","slug":"acquistare-xanax-online","status":"publish","type":"product","link":"https:\/\/buy-prescriptionz.com\/it\/prodotto\/acquistare-xanax-online\/","title":{"rendered":"Comprare Xanax online"},"content":{"rendered":"<div class=\"vc_row wpb_row vc_row-fluid\">\n<div class=\"wpb_column vc_column_container vc_col-sm-12\">\n<div class=\"vc_column-inner vc_custom_1532673109552\">\n<div class=\"wpb_wrapper\">\n<div class=\"wpb_text_column wpb_content_element vc_custom_1535203772017\">\n<div class=\"wpb_wrapper\">\n<h2>Comprare Xanax online<\/h2>\n<p>a prezzi molto convenienti senza prescrizione e possono entrare in possesso del loro pacchetto entro 8-15 giorni lavorativi. Non solo vendiamo la marca e la forma generica del farmaco, ma forniamo anche informazioni dettagliate sui farmaci e i suoi principi di funzionamento, nonch\u00e9 l'effetto del farmaco. Scegliere il miglior posto online per comprare Xanax \u00e8 un compito difficile. Per fortuna, avete gi\u00e0 fatto quella parte del lavoro e tutto quello che dovete fare \u00e8 solo cliccare il \"Buy Now Button\" e seguire le procedure sulla strada per il check out.<\/p>\n<p><strong>Cos'\u00e8 lo Xanax?<\/strong><\/p>\n<p>Xanax \u00e8 un farmaco che viene preso per trattare vari disturbi come i disturbi di panico, il disturbo d'ansia e l'ansia causata dalla depressione [<a href=\"https:\/\/www.medicinenet.com\/alprazolam-oral\/article.htm\">Fonte<\/a>]. Il principio attivo che \u00e8 presente in questo farmaco \u00e8 noto come Alprazolam. \u00c8 anche disponibile in altri nomi di marca come Niravam ed \u00e8 disponibile in entrambe le capsule a rilascio immediato e prolungato. Il farmaco \u00e8 anche disponibile in vari dosaggi e questo \u00e8 il motivo per cui la gente compra Xanax online da buypainkillers.net in base alle loro esigenze.<\/p>\n<p><strong>Quali sono gli usi di Xanax?<\/strong><\/p>\n<p>Fin dalla sua scoperta nel 1981, il farmaco Xanax \u00e8 stato ampiamente utilizzato. Viene utilizzato per superare stati di ansia eccessiva. Un po' di ansia \u00e8 fondamentale nella vita, perch\u00e9 ci aiuta a prendere decisioni appropriate. Tuttavia, quando il corpo si trova costantemente in questa fase, pu\u00f2 rappresentare un problema. In tal caso, si potrebbero verificare diverse patologie. Ma quando si assume Xanax, non c'\u00e8 alcuna possibilit\u00e0 che queste si manifestino. Alcune persone potrebbero rovinarsi la vita a causa di un disturbo d'ansia eccessivo, ma dopo l'assunzione del farmaco, i sintomi scomparirebbero molto rapidamente. Consultare il proprio medico sull'uso generale di Xanax prima di assumerlo.<\/p>\n<p><strong>Chi produce lo Xanax?<\/strong><\/p>\n<p>Questo farmaco \u00e8 stato prodotto per la prima volta da Upjohn nel 1981. Questa azienda \u00e8 ora parte del gruppo Pfizer. Esistono diverse aziende farmaceutiche generiche nel mondo che ora producono il farmaco Xanax. Alcune di queste sono APOTEX INC, NATCO PHARMA LTD, ACTAVIS ELIZABETH e DAVA INTL INC. [Fonte] \u00c8 necessario verificare se il farmaco scelto \u00e8 approvato o meno. Il motivo \u00e8 che esistono diverse aziende produttrici di farmaci contraffatti che gestiscono l'attivit\u00e0 senza ottenere una licenza. Ritirare la ricetta e acquistare il farmaco da queste aziende \u00e8 un rischio assoluto e il farmaco sarebbe contraffatto. Lo Xanax 1 mg \u00e8 un farmaco comunemente prescritto per il trattamento dei disturbi d'ansia e degli attacchi di panico. Appartiene a una classe di farmaci chiamati benzodiazepine, che agiscono potenziando gli effetti di un neurotrasmettitore nel cervello per produrre un effetto calmante.<\/p>\n<h3>Benefici di Xanax 1 mg:<\/h3>\n<ol>\n<li>Sollievo dall'ansia: Xanax 1 mg riduce efficacemente la sensazione di ansia e nervosismo, aiutando le persone a gestire meglio i propri sintomi.<\/li>\n<li>Controllo degli attacchi di panico: aiuta a controllare e prevenire gli attacchi di panico, offrendo un rapido sollievo durante gli episodi di intensa paura o disagio.<\/li>\n<li>Sonno migliorato: alcuni utenti hanno scoperto che Xanax li aiuta a dormire meglio riducendo l'ansia notturna e favorendo il rilassamento.<\/li>\n<li>Rilassamento muscolare: pu\u00f2 avere anche un effetto rilassante sui muscoli, il che pu\u00f2 essere utile per chi soffre di sintomi legati alla tensione.<\/li>\n<\/ol>\n<h3>Uso<\/h3>\n<p>Xanax 1 mg viene solitamente assunto per via orale secondo la prescrizione del medico. \u00c8 importante seguire attentamente le istruzioni sul dosaggio per ottenere risultati ottimali senza aumentare il rischio di effetti collaterali.<\/p>\n<h3>Dose raccomandata<\/h3>\n<p>La dose iniziale abituale per l'ansia \u00e8 di 0,25-0,5 mg tre volte al giorno. La dose pu\u00f2 essere aumentata gradualmente se necessario e tollerata, ma sotto controllo medico a causa del suo potenziale di dipendenza. Xanax 1 mg \u00e8 un'opzione valida per la gestione dell'ansia e dei disturbi di panico grazie alla sua efficacia nel fornire un rapido sollievo e favorire il rilassamento. Tuttavia, deve essere usato responsabilmente sotto controllo medico per ridurre al minimo i rischi associati alla dipendenza. Per acquistare Xanax 1 mg online in modo sicuro e conveniente, visita il sito <strong>miglior farmacia<\/strong> online at <a href=\"https:\/\/buy-prescriptionz.com\/it\/\">buy-prescriptionz.com<\/a>.<\/p>\n<p><strong>Si pu\u00f2 usare lo Xanax per l'ansia?<\/strong><\/p>\n<p>L'assunzione di pillole di Xanax provoca alcuni cambiamenti nel sistema nervoso centrale. Il motivo per cui una persona \u00e8 ansiosa \u00e8 dovuto ai cambiamenti chimici nel cervello. Quando l'Alprazolam inizia ad agire, converte le sostanze chimiche sbilanciate in quelle equilibrate. Quindi, tutti i sintomi dell'ansia, che sono esperienze personali, svaniscono dopo l'assunzione di questo farmaco. Esistono vari tipi di disturbi d'ansia che le persone possono sperimentare. Possono essere un disturbo d'ansia generalizzato, un disturbo d'ansia sociale o un disturbo da stress post-traumatico. Si consiglia di consultare il medico prima di assumere Xanax per l'ansia.<\/p>\n<p><strong>Si pu\u00f2 prendere lo Xanax per dormire?<\/strong><\/p>\n<p>Le persone con disturbi d'ansia non riescono a dormire bene. Sono molto preoccupate perch\u00e9 questo non permette loro di dormire. Assumendo Xanax, \u00e8 possibile liberarsi dall'ansia e il corpo si rilassa. \u00c8 fondamentale essere rilassati per riuscire a dormire. Quando il corpo \u00e8 in questo stato, la qualit\u00e0 del sonno aumenta notevolmente. \u00c8 importante sapere che non si dovrebbe assumere Xanax se non si riesce a dormire bene. Questo farmaco non \u00e8 indicato per chi ha problemi di sonno. Tuttavia, chi soffre di problemi d'ansia, che a loro volta causano problemi di sonno, pu\u00f2 ricorrere alle pillole di Xanax. \u00c8 fondamentale consultare un medico prima di iniziare il trattamento con Xanax.<\/p>\n<p><strong>Xanax 1 mg per bambini per trattare l'ansia<\/strong><\/p>\n<p>Gli operatori sanitari raccomandano una dose massima di Xanax da 1 mg per trattare l'ansia nei bambini. [Fonte] Il farmaco deve essere assunto dai bambini quando la necessit\u00e0 \u00e8 elevata. Per l'ansia correlata allo stress, causata dagli esami, i bambini possono usare una pillola da 0,25 mg per superare il disturbo. A volte la dose pu\u00f2 essere aumentata fino a 1 mg per trattare l'ansia, ma ci\u00f2 accade solo in rare situazioni inevitabili. Il processo di trattamento deve essere a breve termine, altrimenti potrebbe portare alla dipendenza dal farmaco. L'uso abituale del farmaco pu\u00f2 causare perdita di memoria e talvolta influenzare la sonnolenza, pertanto \u00e8 sempre consigliabile consultare il medico prima di somministrare Xanax ai bambini per evitare effetti collaterali indesiderati.<\/p>\n<p><strong>Xanax 2 mg per un sollievo immediato dal disturbo di panico<\/strong><\/p>\n<p>Per lo pi\u00f9 una dose di 1 mg del farmaco \u00e8 prescritta per il disturbo di panico, ma durante qualsiasi situazione inevitabile, i medici raccomandano Xanax 2mg bar per controllare il disturbo di panico immediatamente. Anche se non \u00e8 applicabile per la maggior parte dei pazienti perch\u00e9 pu\u00f2 condurli verso la dipendenza e rischiare di farli sentire alti a causa del dosaggio pesante. Quindi dovresti prendere il farmaco da 2 mg sotto la sorveglianza del tuo medico.<\/p>\n<p><strong>Quanto \u00e8 il dosaggio di Xanax raccomandato per il disturbo d'ansia da separazione?<\/strong><\/p>\n<p>L'ansia da separazione colpisce generalmente i bambini e in alcuni rari casi, colpisce anche la vecchiaia. \u00c8 principalmente causata quando l'individuo viene improvvisamente isolato dai suoi cari. Inizialmente, i professionisti iniziano con dosaggi pi\u00f9 bassi di 0,25 e 0,5 mg; questo \u00e8 efficace per trattare il disturbo di separazione. In alcuni casi rari, aumentano fino a Xanax 1 mg per curare il disturbo.<\/p>\n<p><strong>Dosaggio di Xanax per trattare l'insonnia<\/strong><\/p>\n<p>Se soffri di insonnia, il farmaco Xanax \u00e8 la soluzione migliore per superare il disturbo. Le dosi delle pillole possono variare in base al sesso e allo stato di salute del paziente. In genere, per il trattamento dell'insonnia si raccomanda un dosaggio compreso tra 1,5 mg e 2 mg. L'interruzione improvvisa del farmaco pu\u00f2 causare effetti collaterali da astinenza e, in rari casi, possono verificarsi convulsioni. Alcuni pazienti potrebbero dover ridurre il dosaggio molto pi\u00f9 lentamente. Alcuni pazienti sviluppano tolleranza al farmaco. Cerca di non aumentare le dosi senza prima parlarne con il tuo specialista. Il tuo medico dovrebbe rivalutare periodicamente se il trattamento \u00e8 ancora efficace.<\/p>\n<p>Un trattamento prolungato con le pillole di Xanax aumenta il rischio di dipendenza e pu\u00f2 causare problemi durante la guarigione. Dopo un periodo prolungato senza attacchi o effetti collaterali dello Xanax, il paziente pu\u00f2 collaborare con il proprio medico per ridurre gradualmente la dose del farmaco. Indipendentemente dal tipo di disturbo d'ansia di cui soffre la persona, ci sono possibilit\u00e0 che tragga beneficio dalla condizione dopo aver assunto il farmaco Xanax. \u00c8 fondamentale curare il disturbo d'ansia. Alcune persone potrebbero soffrire di sintomi lievi, mentre in altre il disturbo d'ansia potrebbe essere grave. Se il disturbo non viene trattato nella fase iniziale, \u00e8 probabile che peggiori. Pertanto, \u00e8 sempre bene consultare il proprio medico in caso di sintomi di insonnia. Il farmaco Xanax pu\u00f2 trattare efficacemente la persona con disturbo d'ansia, sebbene non sia una cura. Questo \u00e8 il motivo per cui le persone acquistano Xanax.<\/p>\n<p><strong>Prendi Xanax per trattare gli attacchi di panico<\/strong><\/p>\n<p>Xanax \u00e8 il farmaco che agisce sul sistema nervoso centrale del cervello umano per trattare efficacemente il disturbo di panico rilasciando i recettori GABA che calmano le sostanze neurochimiche squilibrate. Nella maggior parte dei casi, il dosaggio di Xanax 1mg viene prescritto per eliminare il disturbo di panico. Ma qualche situazione inevitabile quando la condizione di salute individuale \u00e8 in una posizione pericolosa. Si consiglia di prendere un massimo di Xanax 2mg, anche se l'individuo dovrebbe avere una prescrizione valida per procurarsi il farmaco. Perch\u00e9 il dosaggio di Xanax 2mg \u00e8 di natura assuefacente e pu\u00f2 portarli alla dipendenza e farli sentire alti. [<\/p>\n<p><strong>Come acquistare Xanax online senza prescrizione negli Stati Uniti?<\/strong><\/p>\n<p>Una farmacia online approvata Xanax come buypainkillers.net fornirebbe questa struttura con esperti sanitari ben addestrati. Accederemmo alla tua cartella clinica e controlleremmo virtualmente la tua salute. Dopo aver confermato che sei sicuro di usare questo farmaco ansiolitico, ti sar\u00e0 permesso di acquistare il tuo Xanax in uno qualsiasi dei dosaggi desiderati (2mg, 1mg, 0.5mg, 0.25mg) senza alcun rischio assistito dallo script medico digitale. Ordina Xanax da buypainkillers.net e ricevi il tuo pacchetto di Xanax entro 13-21 giorni lavorativi a casa tua senza alcun problema.<\/p>\n<p class=\"p1\"><span class=\"s1\"><a href=\"https:\/\/buy-prescriptionz.com\/it\/\"><b>Compra<\/b>\u00a0antidolorifici economici\u00a0<b>online<\/b>, Lortab\u00a0<b>comprare online<\/b>, ordinare antidolorifici\u00a0<b>online<\/b>, ordinando\u00a0<b>antidolorifici online<\/b>. <b>Compra<\/b>\u00a0pillole per il dolore\u00a0<b>online<\/b>\u00a0senza\u00a0<b>prescrizione<\/b>,<\/a><\/span><\/p>\n<\/div>\n<\/div>\n<\/div>\n<\/div>\n<\/div>\n<\/div>\n<div class=\"vc_row wpb_row vc_row-fluid\">\n<div class=\"wpb_column vc_column_container vc_col-sm-12\">\n<div class=\"vc_column-inner\">\n<div class=\"wpb_wrapper\">\n<div class=\"vc_separator wpb_content_element vc_separator_align_center vc_sep_width_100 vc_sep_border_width_3 vc_sep_pos_align_center vc_separator_no_text vc_sep_color_blue\"><\/div>\n<\/div>\n<\/div>\n<\/div>\n<\/div>","protected":false},"excerpt":{"rendered":"<p>L'alprazolam, disponibile con il nome commerciale Xanax, \u00e8 un potente ansiolitico benzodiazepinico ad azione breve, un tranquillante minore.<\/p>","protected":false},"featured_media":2970,"comment_status":"open","ping_status":"closed","template":"","meta":{"site-sidebar-layout":"default","site-content-layout":"","ast-site-content-layout":"default","site-content-style":"default","site-sidebar-style":"default","ast-global-header-display":"","ast-banner-title-visibility":"","ast-main-header-display":"","ast-hfb-above-header-display":"","ast-hfb-below-header-display":"","ast-hfb-mobile-header-display":"","site-post-title":"","ast-breadcrumbs-content":"","ast-featured-img":"","footer-sml-layout":"","theme-transparent-header-meta":"default","adv-header-id-meta":"","stick-header-meta":"","header-above-stick-meta":"","header-main-stick-meta":"","header-below-stick-meta":"","astra-migrate-meta-layouts":"set","ast-page-background-enabled":"default","ast-page-background-meta":{"desktop":{"background-color":"var(--ast-global-color-4)","background-image":"","background-repeat":"repeat","background-position":"center center","background-size":"auto","background-attachment":"scroll","background-type":"","background-media":"","overlay-type":"","overlay-color":"","overlay-opacity":"","overlay-gradient":""},"tablet":{"background-color":"","background-image":"","background-repeat":"repeat","background-position":"center center","background-size":"auto","background-attachment":"scroll","background-type":"","background-media":"","overlay-type":"","overlay-color":"","overlay-opacity":"","overlay-gradient":""},"mobile":{"background-color":"","background-image":"","background-repeat":"repeat","background-position":"center center","background-size":"auto","background-attachment":"scroll","background-type":"","background-media":"","overlay-type":"","overlay-color":"","overlay-opacity":"","overlay-gradient":""}},"ast-content-background-meta":{"desktop":{"background-color":"var(--ast-global-color-5)","background-image":"","background-repeat":"repeat","background-position":"center center","background-size":"auto","background-attachment":"scroll","background-type":"","background-media":"","overlay-type":"","overlay-color":"","overlay-opacity":"","overlay-gradient":""},"tablet":{"background-color":"var(--ast-global-color-5)","background-image":"","background-repeat":"repeat","background-position":"center center","background-size":"auto","background-attachment":"scroll","background-type":"","background-media":"","overlay-type":"","overlay-color":"","overlay-opacity":"","overlay-gradient":""},"mobile":{"background-color":"var(--ast-global-color-5)","background-image":"","background-repeat":"repeat","background-position":"center center","background-size":"auto","background-attachment":"scroll","background-type":"","background-media":"","overlay-type":"","overlay-color":"","overlay-opacity":"","overlay-gradient":""}}},"product_brand":[],"product_cat":[15],"product_tag":[1947,1948,1946,1941,1944,1943,1942,1945,1940,1939,1949],"class_list":{"0":"post-2940","1":"product","2":"type-product","3":"status-publish","4":"has-post-thumbnail","6":"product_cat-buy-prescription-drugs","7":"product_tag-buy-xanax-in-canada","8":"product_tag-buy-xanax-in-uk","9":"product_tag-buy-xanax-in-usa","10":"product_tag-buy-xanax-with-bitcoin","11":"product_tag-buy-xanax-with-credit-card","12":"product_tag-buy-xanax-with-money-gram","13":"product_tag-buy-xanax-with-western-union","14":"product_tag-buy-xanax-without-a-doctor","15":"product_tag-buy-xanax-without-prescription","16":"product_tag-xanax-for-sale","17":"product_tag-xanax-tablets","18":"desktop-align-center","19":"tablet-align-left","20":"mobile-align-left","22":"first","23":"instock","24":"shipping-taxable","25":"purchasable","26":"product-type-variable"},"yoast_head":"<!-- This site is optimized with the Yoast SEO plugin v25.9 - https:\/\/yoast.com\/wordpress\/plugins\/seo\/ -->\n<title>Buy Xanax Online - Xanax for Sale | Buy-Prescriptionz<\/title>\n<meta name=\"description\" content=\"If you wish to buy xanax online, our online buy-prescriptionz store can help. We have xanax for sale at the best rates here. Place your order and grab the latest deals today!\" \/>\n<meta name=\"robots\" content=\"index, follow, max-snippet:-1, max-image-preview:large, max-video-preview:-1\" \/>\n<link rel=\"canonical\" href=\"https:\/\/buy-prescriptionz.com\/it\/prodotto\/acquistare-xanax-online\/\" \/>\n<meta property=\"og:locale\" content=\"it_IT\" \/>\n<meta property=\"og:type\" content=\"article\" \/>\n<meta property=\"og:title\" content=\"Buy Xanax Online - Xanax for Sale | Buy-Prescriptionz\" \/>\n<meta property=\"og:description\" content=\"If you wish to buy xanax online, our online buy-prescriptionz store can help. We have xanax for sale at the best rates here. Place your order and grab the latest deals today!\" \/>\n<meta property=\"og:url\" content=\"https:\/\/buy-prescriptionz.com\/it\/prodotto\/acquistare-xanax-online\/\" \/>\n<meta property=\"og:site_name\" content=\"Buy Prescriptionz\" \/>\n<meta property=\"article:modified_time\" content=\"2025-09-26T08:49:19+00:00\" \/>\n<meta property=\"og:image\" content=\"https:\/\/buy-prescriptionz.com\/wp-content\/uploads\/2025\/09\/xanas.jpg\" \/>\n\t<meta property=\"og:image:width\" content=\"548\" \/>\n\t<meta property=\"og:image:height\" content=\"411\" \/>\n\t<meta property=\"og:image:type\" content=\"image\/jpeg\" \/>\n<meta name=\"twitter:card\" content=\"summary_large_image\" \/>\n<meta name=\"twitter:label1\" content=\"Tempo di lettura stimato\" \/>\n\t<meta name=\"twitter:data1\" content=\"9 minuti\" \/>\n<script type=\"application\/ld+json\" class=\"yoast-schema-graph\">{\"@context\":\"https:\/\/schema.org\",\"@graph\":[{\"@type\":\"WebPage\",\"@id\":\"https:\/\/buy-prescriptionz.com\/product\/buy-xanax-online\/\",\"url\":\"https:\/\/buy-prescriptionz.com\/product\/buy-xanax-online\/\",\"name\":\"Buy Xanax Online - Xanax for Sale | Buy-Prescriptionz\",\"isPartOf\":{\"@id\":\"https:\/\/buy-prescriptionz.com\/#website\"},\"primaryImageOfPage\":{\"@id\":\"https:\/\/buy-prescriptionz.com\/product\/buy-xanax-online\/#primaryimage\"},\"image\":{\"@id\":\"https:\/\/buy-prescriptionz.com\/product\/buy-xanax-online\/#primaryimage\"},\"thumbnailUrl\":\"https:\/\/buy-prescriptionz.com\/wp-content\/uploads\/2025\/09\/xanas.jpg\",\"datePublished\":\"2025-09-16T08:55:29+00:00\",\"dateModified\":\"2025-09-26T08:49:19+00:00\",\"description\":\"If you wish to buy xanax online, our online buy-prescriptionz store can help. We have xanax for sale at the best rates here. Place your order and grab the latest deals today!\",\"breadcrumb\":{\"@id\":\"https:\/\/buy-prescriptionz.com\/product\/buy-xanax-online\/#breadcrumb\"},\"inLanguage\":\"it-IT\",\"potentialAction\":[{\"@type\":\"ReadAction\",\"target\":[\"https:\/\/buy-prescriptionz.com\/product\/buy-xanax-online\/\"]}]},{\"@type\":\"ImageObject\",\"inLanguage\":\"it-IT\",\"@id\":\"https:\/\/buy-prescriptionz.com\/product\/buy-xanax-online\/#primaryimage\",\"url\":\"https:\/\/buy-prescriptionz.com\/wp-content\/uploads\/2025\/09\/xanas.jpg\",\"contentUrl\":\"https:\/\/buy-prescriptionz.com\/wp-content\/uploads\/2025\/09\/xanas.jpg\",\"width\":548,\"height\":411},{\"@type\":\"BreadcrumbList\",\"@id\":\"https:\/\/buy-prescriptionz.com\/product\/buy-xanax-online\/#breadcrumb\",\"itemListElement\":[{\"@type\":\"ListItem\",\"position\":1,\"name\":\"Home\",\"item\":\"https:\/\/buy-prescriptionz.com\/\"},{\"@type\":\"ListItem\",\"position\":2,\"name\":\"Shop Painkillers Online\",\"item\":\"https:\/\/buy-prescriptionz.com\/shop-painkillers-online\/\"},{\"@type\":\"ListItem\",\"position\":3,\"name\":\"Buy Xanax Online\"}]},{\"@type\":\"WebSite\",\"@id\":\"https:\/\/buy-prescriptionz.com\/#website\",\"url\":\"https:\/\/buy-prescriptionz.com\/\",\"name\":\"Buy Prescriptionz\",\"description\":\"Drugs Online\",\"publisher\":{\"@id\":\"https:\/\/buy-prescriptionz.com\/#organization\"},\"potentialAction\":[{\"@type\":\"SearchAction\",\"target\":{\"@type\":\"EntryPoint\",\"urlTemplate\":\"https:\/\/buy-prescriptionz.com\/?s={search_term_string}\"},\"query-input\":{\"@type\":\"PropertyValueSpecification\",\"valueRequired\":true,\"valueName\":\"search_term_string\"}}],\"inLanguage\":\"it-IT\"},{\"@type\":\"Organization\",\"@id\":\"https:\/\/buy-prescriptionz.com\/#organization\",\"name\":\"Buy Prescriptionz\",\"url\":\"https:\/\/buy-prescriptionz.com\/\",\"logo\":{\"@type\":\"ImageObject\",\"inLanguage\":\"it-IT\",\"@id\":\"https:\/\/buy-prescriptionz.com\/#\/schema\/logo\/image\/\",\"url\":\"https:\/\/buy-prescriptionz.com\/wp-content\/uploads\/2023\/09\/logo.png\",\"contentUrl\":\"https:\/\/buy-prescriptionz.com\/wp-content\/uploads\/2023\/09\/logo.png\",\"width\":350,\"height\":64,\"caption\":\"Buy Prescriptionz\"},\"image\":{\"@id\":\"https:\/\/buy-prescriptionz.com\/#\/schema\/logo\/image\/\"}}]}<\/script>\n<!-- \/ Yoast SEO plugin. -->","yoast_head_json":{"title":"Acquista Xanax online - Xanax in vendita | Buy-Prescriptionz","description":"Se desideri acquistare Xanax online, il nostro negozio online buy-prescriptionz pu\u00f2 aiutarti. Qui puoi trovare Xanax in vendita ai prezzi migliori. Effettua il tuo ordine e approfitta delle ultime offerte oggi stesso!","robots":{"index":"index","follow":"follow","max-snippet":"max-snippet:-1","max-image-preview":"max-image-preview:large","max-video-preview":"max-video-preview:-1"},"canonical":"https:\/\/buy-prescriptionz.com\/it\/prodotto\/acquistare-xanax-online\/","og_locale":"it_IT","og_type":"article","og_title":"Buy Xanax Online - Xanax for Sale | Buy-Prescriptionz","og_description":"If you wish to buy xanax online, our online buy-prescriptionz store can help. We have xanax for sale at the best rates here. Place your order and grab the latest deals today!","og_url":"https:\/\/buy-prescriptionz.com\/it\/prodotto\/acquistare-xanax-online\/","og_site_name":"Buy Prescriptionz","article_modified_time":"2025-09-26T08:49:19+00:00","og_image":[{"width":548,"height":411,"url":"https:\/\/buy-prescriptionz.com\/wp-content\/uploads\/2025\/09\/xanas.jpg","type":"image\/jpeg"}],"twitter_card":"summary_large_image","twitter_misc":{"Tempo di lettura stimato":"9 minuti"},"schema":{"@context":"https:\/\/schema.org","@graph":[{"@type":"WebPage","@id":"https:\/\/buy-prescriptionz.com\/product\/buy-xanax-online\/","url":"https:\/\/buy-prescriptionz.com\/product\/buy-xanax-online\/","name":"Acquista Xanax online - Xanax in vendita | Buy-Prescriptionz","isPartOf":{"@id":"https:\/\/buy-prescriptionz.com\/#website"},"primaryImageOfPage":{"@id":"https:\/\/buy-prescriptionz.com\/product\/buy-xanax-online\/#primaryimage"},"image":{"@id":"https:\/\/buy-prescriptionz.com\/product\/buy-xanax-online\/#primaryimage"},"thumbnailUrl":"https:\/\/buy-prescriptionz.com\/wp-content\/uploads\/2025\/09\/xanas.jpg","datePublished":"2025-09-16T08:55:29+00:00","dateModified":"2025-09-26T08:49:19+00:00","description":"Se desideri acquistare Xanax online, il nostro negozio online buy-prescriptionz pu\u00f2 aiutarti. Qui puoi trovare Xanax in vendita ai prezzi migliori. Effettua il tuo ordine e approfitta delle ultime offerte oggi stesso!","breadcrumb":{"@id":"https:\/\/buy-prescriptionz.com\/product\/buy-xanax-online\/#breadcrumb"},"inLanguage":"it-IT","potentialAction":[{"@type":"ReadAction","target":["https:\/\/buy-prescriptionz.com\/product\/buy-xanax-online\/"]}]},{"@type":"ImageObject","inLanguage":"it-IT","@id":"https:\/\/buy-prescriptionz.com\/product\/buy-xanax-online\/#primaryimage","url":"https:\/\/buy-prescriptionz.com\/wp-content\/uploads\/2025\/09\/xanas.jpg","contentUrl":"https:\/\/buy-prescriptionz.com\/wp-content\/uploads\/2025\/09\/xanas.jpg","width":548,"height":411},{"@type":"BreadcrumbList","@id":"https:\/\/buy-prescriptionz.com\/product\/buy-xanax-online\/#breadcrumb","itemListElement":[{"@type":"ListItem","position":1,"name":"Home","item":"https:\/\/buy-prescriptionz.com\/"},{"@type":"ListItem","position":2,"name":"Shop Painkillers Online","item":"https:\/\/buy-prescriptionz.com\/shop-painkillers-online\/"},{"@type":"ListItem","position":3,"name":"Buy Xanax Online"}]},{"@type":"WebSite","@id":"https:\/\/buy-prescriptionz.com\/#website","url":"https:\/\/buy-prescriptionz.com\/","name":"Buy Prescriptionz","description":"Farmaci online","publisher":{"@id":"https:\/\/buy-prescriptionz.com\/#organization"},"potentialAction":[{"@type":"SearchAction","target":{"@type":"EntryPoint","urlTemplate":"https:\/\/buy-prescriptionz.com\/?s={search_term_string}"},"query-input":{"@type":"PropertyValueSpecification","valueRequired":true,"valueName":"search_term_string"}}],"inLanguage":"it-IT"},{"@type":"Organization","@id":"https:\/\/buy-prescriptionz.com\/#organization","name":"Buy Prescriptionz","url":"https:\/\/buy-prescriptionz.com\/","logo":{"@type":"ImageObject","inLanguage":"it-IT","@id":"https:\/\/buy-prescriptionz.com\/#\/schema\/logo\/image\/","url":"https:\/\/buy-prescriptionz.com\/wp-content\/uploads\/2023\/09\/logo.png","contentUrl":"https:\/\/buy-prescriptionz.com\/wp-content\/uploads\/2023\/09\/logo.png","width":350,"height":64,"caption":"Buy Prescriptionz"},"image":{"@id":"https:\/\/buy-prescriptionz.com\/#\/schema\/logo\/image\/"}}]}},"_links":{"self":[{"href":"https:\/\/buy-prescriptionz.com\/it\/wp-json\/wp\/v2\/product\/2940","targetHints":{"allow":["GET"]}}],"collection":[{"href":"https:\/\/buy-prescriptionz.com\/it\/wp-json\/wp\/v2\/product"}],"about":[{"href":"https:\/\/buy-prescriptionz.com\/it\/wp-json\/wp\/v2\/types\/product"}],"replies":[{"embeddable":true,"href":"https:\/\/buy-prescriptionz.com\/it\/wp-json\/wp\/v2\/comments?post=2940"}],"wp:featuredmedia":[{"embeddable":true,"href":"https:\/\/buy-prescriptionz.com\/it\/wp-json\/wp\/v2\/media\/2970"}],"wp:attachment":[{"href":"https:\/\/buy-prescriptionz.com\/it\/wp-json\/wp\/v2\/media?parent=2940"}],"wp:term":[{"taxonomy":"product_brand","embeddable":true,"href":"https:\/\/buy-prescriptionz.com\/it\/wp-json\/wp\/v2\/product_brand?post=2940"},{"taxonomy":"product_cat","embeddable":true,"href":"https:\/\/buy-prescriptionz.com\/it\/wp-json\/wp\/v2\/product_cat?post=2940"},{"taxonomy":"product_tag","embeddable":true,"href":"https:\/\/buy-prescriptionz.com\/it\/wp-json\/wp\/v2\/product_tag?post=2940"}],"curies":[{"name":"wp","href":"https:\/\/api.w.org\/{rel}","templated":true}]}}