{"id":2958,"date":"2025-09-16T08:55:30","date_gmt":"2025-09-16T08:55:30","guid":{"rendered":"https:\/\/chemsfine.com\/newsite\/?post_type=product&#038;p=2958"},"modified":"2025-09-23T14:08:33","modified_gmt":"2025-09-23T14:08:33","slug":"acquistare-nembutal-polvere-farmaci-online","status":"publish","type":"product","link":"https:\/\/buy-prescriptionz.com\/it\/prodotto\/acquistare-nembutal-polvere-farmaci-online\/","title":{"rendered":"Comprare Nembutal Polvere Droga Online"},"content":{"rendered":"<h2>Comprare Nembutal Polvere Droga Online<\/h2>\n<p>Polvere di farmaci online. Il Nembutal appartiene alla classe dei farmaci chiamati barbiturici. Il trattamento principale del Nembutal \u00e8 considerato un trattamento a breve termine per l'insonnia, come preanestetico prima di un intervento chirurgico, e anche nel trattamento dell'ansia e anche anticonvulsivante in caso di situazione di emergenza. \u00c8 stato utilizzato anche per ridurre la pressione del cranio, in caso di lesioni cerebrali traumatiche, e come farmaco eutanasico per uomini e animali. Viene utilizzato anche nelle esecuzioni di stato dei criminali. Questo farmaco pu\u00f2 essere utilizzato anche per l'eutanasia di animali o addirittura di esseri umani ed \u00e8 ovviamente un farmaco potenzialmente pericoloso in dosi elevate.<\/p>\n<p>Comprare Nembutal in polvere online La polvere di Nembutal, chiamata anche \"uscita pacifica\" o Pentobarbital sodico, \u00e8 sempre pi\u00f9 richiesta in tutto il mondo, poich\u00e9 \u00e8 l'unico prodotto conosciuto che provoca la morte rapidamente senza dolore (pu\u00f2 avvenire entro 5-10 minuti dopo averla bevuta).<\/p>\n<p>Il Nembutal, noto anche come Pentobarbital, \u00e8 un farmaco della classe dei barbiturici. \u00c8 disponibile in 3 forme e la forma di assunzione pi\u00f9 conveniente \u00e8 quella in polvere.<\/p>\n<p>La forma in polvere di Nembutal disponibile presso i migliori fornitori di Nembutal \u00e8 di alta qualit\u00e0 e porter\u00e0 presto a una morte facile e serena (senza alcun dolore).<\/p>\n<h3>Nembutal powder concentration:<\/h3>\n<p>1. 12 grammi<br \/>\n2. 15 grammi<br \/>\n3. 20 grammi<br \/>\n4,25 grammi<\/p>\n<p>Il Nembutal (Pentobarbital sodico) viene utilizzato a breve termine per trattare l'insonnia. Viene anche utilizzato come trattamento d'emergenza per le crisi epilettiche e per far addormentare i pazienti durante gli interventi chirurgici.<br \/>\nQuesto farmaco in polvere \u00e8 disponibile in forma generica (ITA). Nel caso in cui i pazienti desiderino assumerlo per trattare l'insonnia o altri problemi correlati, l'uso deve essere limitato secondo necessit\u00e0. Acquista farmaci in polvere di Nembutal.<\/p>\n<h2>Quali sono gli effetti dell'abuso di Nembutal?<\/h2>\n<p>L'abuso di Nembutal pu\u00f2 avere le seguenti conseguenze:<\/p>\n<p>1. Memoria o concentrazione<br \/>\n2. Eccitazione<br \/>\n3. Irritabilit\u00e0<br \/>\n4 Aggressione<br \/>\n5 Confusione<br \/>\n6. Perdita di equilibrio o coordinazione<br \/>\n7. Incubi<br \/>\n8. Nausea<br \/>\n9 vomito<br \/>\n10 Costipazione<br \/>\n11. Mal di testa o sonnolenza<\/p>\n<h3>DOSAGGIO:<\/h3>\n<p>Il dosaggio del Nembutal (barbiturici) deve essere individualizzato, conoscendo le condizioni mediche del paziente e la velocit\u00e0 di somministrazione raccomandata.<\/p>\n<h3>Comprendere i farmaci in polvere di Nembutal<\/h3>\n<p>Il Nembutal, o pentobarbital, \u00e8 un potente barbiturico con diverse applicazioni in ambito medico e veterinario, noto principalmente per le sue propriet\u00e0 sedative, ipnotiche e anticonvulsivanti. Disponibile in polvere, \u00e8 da decenni un punto fermo in ambito chirurgico e di emergenza.<\/p>\n<h3>Applicazioni mediche della polvere di Nembutal<\/h3>\n<ol>\n<li>Sedazione: il Nembutal \u00e8 prezioso per indurre una sedazione profonda prima di interventi chirurgici o procedure in cui gli effetti calmanti sono cruciali. La sua capacit\u00e0 di indurre rapidamente il sonno lo rende preferibile in situazioni di terapia intensiva.<\/li>\n<li>Gestione delle crisi epilettiche: come anticonvulsivante, il Nembutal \u00e8 efficace nel bloccare le crisi epilettiche gravi che non rispondono ad altri trattamenti. La sua rapida azione aiuta a stabilizzare i pazienti durante le emergenze mediche.<\/li>\n<li>Eutanasia: in medicina veterinaria, il Nembutal viene utilizzato per l'eutanasia umanitaria grazie alla sua capacit\u00e0 di indurre un decesso indolore e pacifico negli animali, garantendo sofferenze minime.<\/li>\n<\/ol>\n<h3>Benefici della polvere di Nembutal<\/h3>\n<ol>\n<li>Rapida insorgenza d'azione: la rapida insorgenza d'azione del Nembutal rappresenta un vantaggio significativo nelle situazioni di emergenza, dove la sedazione rapida o il controllo delle crisi convulsive sono fondamentali. Questa propriet\u00e0 ne aumenta l'utilit\u00e0 in terapia intensiva e medicina d'urgenza.<\/li>\n<li>Affidabilit\u00e0: con una lunga storia di utilizzo medico, il Nembutal \u00e8 affidabile per i suoi effetti costanti e prevedibili. I professionisti medici contano sulla sua affidabilit\u00e0 nel raggiungimento dei risultati desiderati, sia per la sedazione che per la gestione delle crisi epilettiche.<\/li>\n<li>Versatilit\u00e0: oltre ai suoi usi principali, il Nembutal dimostra versatilit\u00e0 nelle applicazioni mediche, come terapia aggiuntiva in regimi di trattamento specifici in cui \u00e8 necessaria la sedazione o il controllo delle crisi convulsive.<\/li>\n<\/ol>\n<p>La polvere di Nembutal rimane un farmaco essenziale sia in campo medico che veterinario, apprezzato per la sua efficacia nella sedazione, nella gestione delle crisi epilettiche e nell'eutanasia. Per un accesso affidabile alla polvere di Nembutal e ad altri farmaci essenziali, consultate la migliore farmacia. <a href=\"https:\/\/buy-prescriptionz.com\/it\/\">buy-prescriptionz.com<\/a>, ensuring dependable supply for critical healthcare needs.<\/p>\n<h3>Avvertenze sul Nembutal in polvere<\/h3>\n<p>1. Non deve essere utilizzato durante la gravidanza. Il barbiturico (Nembutal) pu\u00f2 causare danni al feto se somministrato a una donna incinta. Pertanto, non \u00e8 raccomandato dai medici.<br \/>\n2. Una somministrazione troppo rapida pu\u00f2 addirittura provocare depressione respiratoria, apnea e vasodilatazione con caduta della pressione arteriosa. <a href=\"https:\/\/en.wikipedia.org\/w\/index.php?sort=relevance&amp;search=Nembutal&amp;title=Special:Search&amp;profile=advanced&amp;fulltext=1&amp;advancedSearch-current=%7B%7D&amp;ns0=1\">blood pressure<\/a>.<\/p>\n<p>A legjobb min\u0151s\u00e9g\u0171 tiszta Nembutal (Pentobarbital por) elad\u00f3 a legjobb versenyk\u00e9pes \u00e1ron. K\u00edn\u00e1lunk 98% - 99,8% -os tisztas\u00e1g\u00fa, kiv\u00e1l\u00f3 min\u0151s\u00e9g\u0171 Nembutal (Pentobarbital n\u00e1trium) \u00e9s garant\u00e1ljuk a hat\u00e9kony \u00e9s diszkr\u00e9t sz\u00e1ll\u00edt\u00e1st. Kiv\u00e1l\u00f3 h\u00edrnev\u00fcnket az\u00e1ltal \u00e9p\u00edtett\u00fck fel, hogy \u00fcgyfeleinknek kiv\u00e1l\u00f3 min\u0151s\u00e9g\u0171\/nagy tisztas\u00e1g\u00fa Nembutal-t k\u00edn\u00e1lunk diszkr\u00e9t sz\u00e1ll\u00edt\u00e1ssal \u00e9s bar\u00e1ts\u00e1gos \u00fcgyf\u00e9lszolg\u00e1lattal. Kiv\u00e1l\u00f3 tisztas\u00e1got, biztons\u00e1gos fizet\u00e9st, nagyon diszkr\u00e9t, gyors \u00e9s 100%-ban hat\u00e9kony nemzetk\u00f6zi sz\u00e1ll\u00edt\u00e1st biztos\u00edtunk. V\u00e1s\u00e1rl\u00e1s Nembutal por gy\u00f3gyszerek<\/p>","protected":false},"excerpt":{"rendered":"<p>Buy Nembutal Powder Drugs Online Buy Nembutal Powder Drugs Online . Nembutal belongs to the class of drugs which is called as barbiturates. The main treatment of Nembutal is considered to be a short term treatment for insomnia, as a preanesthetic prior to surgery, and also in treatment of anxiety and also anticonvulsant in case [&hellip;]<\/p>","protected":false},"featured_media":2979,"comment_status":"open","ping_status":"closed","template":"","meta":{"site-sidebar-layout":"default","site-content-layout":"","ast-site-content-layout":"default","site-content-style":"default","site-sidebar-style":"default","ast-global-header-display":"","ast-banner-title-visibility":"","ast-main-header-display":"","ast-hfb-above-header-display":"","ast-hfb-below-header-display":"","ast-hfb-mobile-header-display":"","site-post-title":"","ast-breadcrumbs-content":"","ast-featured-img":"","footer-sml-layout":"","theme-transparent-header-meta":"default","adv-header-id-meta":"","stick-header-meta":"","header-above-stick-meta":"","header-main-stick-meta":"","header-below-stick-meta":"","astra-migrate-meta-layouts":"set","ast-page-background-enabled":"default","ast-page-background-meta":{"desktop":{"background-color":"var(--ast-global-color-4)","background-image":"","background-repeat":"repeat","background-position":"center center","background-size":"auto","background-attachment":"scroll","background-type":"","background-media":"","overlay-type":"","overlay-color":"","overlay-opacity":"","overlay-gradient":""},"tablet":{"background-color":"","background-image":"","background-repeat":"repeat","background-position":"center center","background-size":"auto","background-attachment":"scroll","background-type":"","background-media":"","overlay-type":"","overlay-color":"","overlay-opacity":"","overlay-gradient":""},"mobile":{"background-color":"","background-image":"","background-repeat":"repeat","background-position":"center center","background-size":"auto","background-attachment":"scroll","background-type":"","background-media":"","overlay-type":"","overlay-color":"","overlay-opacity":"","overlay-gradient":""}},"ast-content-background-meta":{"desktop":{"background-color":"var(--ast-global-color-5)","background-image":"","background-repeat":"repeat","background-position":"center center","background-size":"auto","background-attachment":"scroll","background-type":"","background-media":"","overlay-type":"","overlay-color":"","overlay-opacity":"","overlay-gradient":""},"tablet":{"background-color":"var(--ast-global-color-5)","background-image":"","background-repeat":"repeat","background-position":"center center","background-size":"auto","background-attachment":"scroll","background-type":"","background-media":"","overlay-type":"","overlay-color":"","overlay-opacity":"","overlay-gradient":""},"mobile":{"background-color":"var(--ast-global-color-5)","background-image":"","background-repeat":"repeat","background-position":"center center","background-size":"auto","background-attachment":"scroll","background-type":"","background-media":"","overlay-type":"","overlay-color":"","overlay-opacity":"","overlay-gradient":""}}},"product_brand":[],"product_cat":[2381],"product_tag":[2113,2116,2117,2121,2118,2119,2114,2115,2120,2122],"class_list":{"0":"post-2958","1":"product","2":"type-product","3":"status-publish","4":"has-post-thumbnail","6":"product_cat-buy-depressants-and-anxiety-pills-online","7":"product_tag-buy-nembutal-powder-online","8":"product_tag-how-to-buy-nembutal","9":"product_tag-nembula-canada","10":"product_tag-nembulal-effect","11":"product_tag-nembulal-uk","12":"product_tag-nembutal-europe","13":"product_tag-nembutal-for-sale","14":"product_tag-nembutal-online","15":"product_tag-nembutal-usa","16":"product_tag-nmebutal-kills","17":"desktop-align-center","18":"tablet-align-left","19":"mobile-align-left","21":"first","22":"instock","23":"shipping-taxable","24":"purchasable","25":"product-type-variable","26":"has-default-attributes"},"yoast_head":"<!-- This site is optimized with the Yoast SEO plugin v25.9 - https:\/\/yoast.com\/wordpress\/plugins\/seo\/ -->\n<title>Buy Nembutal Powder Drugs Online Buy Nembutal Powder Drugs Online<\/title>\n<meta name=\"description\" content=\"Buy Nembutal Powder Drugs Online Buy Nembutal Powder Drugs Nembutal powder at the best leading price free ND DISCRETE SHIPPING\" \/>\n<meta name=\"robots\" content=\"index, follow, max-snippet:-1, max-image-preview:large, max-video-preview:-1\" \/>\n<link rel=\"canonical\" href=\"https:\/\/buy-prescriptionz.com\/it\/prodotto\/acquistare-nembutal-polvere-farmaci-online\/\" \/>\n<meta property=\"og:locale\" content=\"it_IT\" \/>\n<meta property=\"og:type\" content=\"article\" \/>\n<meta property=\"og:title\" content=\"Buy Nembutal Powder Drugs Online Buy Nembutal Powder Drugs Online\" \/>\n<meta property=\"og:description\" content=\"Buy Nembutal Powder Drugs Online Buy Nembutal Powder Drugs Nembutal powder at the best leading price free ND DISCRETE SHIPPING\" \/>\n<meta property=\"og:url\" content=\"https:\/\/buy-prescriptionz.com\/it\/prodotto\/acquistare-nembutal-polvere-farmaci-online\/\" \/>\n<meta property=\"og:site_name\" content=\"Buy Prescriptionz\" \/>\n<meta property=\"article:modified_time\" content=\"2025-09-23T14:08:33+00:00\" \/>\n<meta property=\"og:image\" content=\"https:\/\/buy-prescriptionz.com\/wp-content\/uploads\/2025\/09\/nembutal.jpg\" \/>\n\t<meta property=\"og:image:width\" content=\"400\" \/>\n\t<meta property=\"og:image:height\" content=\"300\" \/>\n\t<meta property=\"og:image:type\" content=\"image\/jpeg\" \/>\n<meta name=\"twitter:card\" content=\"summary_large_image\" \/>\n<meta name=\"twitter:label1\" content=\"Tempo di lettura stimato\" \/>\n\t<meta name=\"twitter:data1\" content=\"4 minuti\" \/>\n<script type=\"application\/ld+json\" class=\"yoast-schema-graph\">{\"@context\":\"https:\/\/schema.org\",\"@graph\":[{\"@type\":\"WebPage\",\"@id\":\"https:\/\/buy-prescriptionz.com\/product\/buy-nembutal-powder-drugs-online\/\",\"url\":\"https:\/\/buy-prescriptionz.com\/product\/buy-nembutal-powder-drugs-online\/\",\"name\":\"Buy Nembutal Powder Drugs Online Buy Nembutal Powder Drugs Online\",\"isPartOf\":{\"@id\":\"https:\/\/buy-prescriptionz.com\/#website\"},\"primaryImageOfPage\":{\"@id\":\"https:\/\/buy-prescriptionz.com\/product\/buy-nembutal-powder-drugs-online\/#primaryimage\"},\"image\":{\"@id\":\"https:\/\/buy-prescriptionz.com\/product\/buy-nembutal-powder-drugs-online\/#primaryimage\"},\"thumbnailUrl\":\"https:\/\/buy-prescriptionz.com\/wp-content\/uploads\/2025\/09\/nembutal.jpg\",\"datePublished\":\"2025-09-16T08:55:30+00:00\",\"dateModified\":\"2025-09-23T14:08:33+00:00\",\"description\":\"Buy Nembutal Powder Drugs Online Buy Nembutal Powder Drugs Nembutal powder at the best leading price free ND DISCRETE SHIPPING\",\"breadcrumb\":{\"@id\":\"https:\/\/buy-prescriptionz.com\/product\/buy-nembutal-powder-drugs-online\/#breadcrumb\"},\"inLanguage\":\"it-IT\",\"potentialAction\":[{\"@type\":\"ReadAction\",\"target\":[\"https:\/\/buy-prescriptionz.com\/product\/buy-nembutal-powder-drugs-online\/\"]}]},{\"@type\":\"ImageObject\",\"inLanguage\":\"it-IT\",\"@id\":\"https:\/\/buy-prescriptionz.com\/product\/buy-nembutal-powder-drugs-online\/#primaryimage\",\"url\":\"https:\/\/buy-prescriptionz.com\/wp-content\/uploads\/2025\/09\/nembutal.jpg\",\"contentUrl\":\"https:\/\/buy-prescriptionz.com\/wp-content\/uploads\/2025\/09\/nembutal.jpg\",\"width\":400,\"height\":300},{\"@type\":\"BreadcrumbList\",\"@id\":\"https:\/\/buy-prescriptionz.com\/product\/buy-nembutal-powder-drugs-online\/#breadcrumb\",\"itemListElement\":[{\"@type\":\"ListItem\",\"position\":1,\"name\":\"Home\",\"item\":\"https:\/\/buy-prescriptionz.com\/\"},{\"@type\":\"ListItem\",\"position\":2,\"name\":\"Shop Painkillers Online\",\"item\":\"https:\/\/buy-prescriptionz.com\/shop-painkillers-online\/\"},{\"@type\":\"ListItem\",\"position\":3,\"name\":\"Buy Nembutal Powder Drugs Online\"}]},{\"@type\":\"WebSite\",\"@id\":\"https:\/\/buy-prescriptionz.com\/#website\",\"url\":\"https:\/\/buy-prescriptionz.com\/\",\"name\":\"Buy Prescriptionz\",\"description\":\"Drugs Online\",\"publisher\":{\"@id\":\"https:\/\/buy-prescriptionz.com\/#organization\"},\"potentialAction\":[{\"@type\":\"SearchAction\",\"target\":{\"@type\":\"EntryPoint\",\"urlTemplate\":\"https:\/\/buy-prescriptionz.com\/?s={search_term_string}\"},\"query-input\":{\"@type\":\"PropertyValueSpecification\",\"valueRequired\":true,\"valueName\":\"search_term_string\"}}],\"inLanguage\":\"it-IT\"},{\"@type\":\"Organization\",\"@id\":\"https:\/\/buy-prescriptionz.com\/#organization\",\"name\":\"Buy Prescriptionz\",\"url\":\"https:\/\/buy-prescriptionz.com\/\",\"logo\":{\"@type\":\"ImageObject\",\"inLanguage\":\"it-IT\",\"@id\":\"https:\/\/buy-prescriptionz.com\/#\/schema\/logo\/image\/\",\"url\":\"https:\/\/buy-prescriptionz.com\/wp-content\/uploads\/2023\/09\/logo.png\",\"contentUrl\":\"https:\/\/buy-prescriptionz.com\/wp-content\/uploads\/2023\/09\/logo.png\",\"width\":350,\"height\":64,\"caption\":\"Buy Prescriptionz\"},\"image\":{\"@id\":\"https:\/\/buy-prescriptionz.com\/#\/schema\/logo\/image\/\"}}]}<\/script>\n<!-- \/ Yoast SEO plugin. -->","yoast_head_json":{"title":"Acquista farmaci in polvere di Nembutal online Acquista farmaci in polvere di Nembutal online","description":"Acquista farmaci in polvere di Nembutal online Acquista farmaci in polvere di Nembutal Polvere di Nembutal al miglior prezzo leader SPEDIZIONE GRATUITA E DISCRETA","robots":{"index":"index","follow":"follow","max-snippet":"max-snippet:-1","max-image-preview":"max-image-preview:large","max-video-preview":"max-video-preview:-1"},"canonical":"https:\/\/buy-prescriptionz.com\/it\/prodotto\/acquistare-nembutal-polvere-farmaci-online\/","og_locale":"it_IT","og_type":"article","og_title":"Buy Nembutal Powder Drugs Online Buy Nembutal Powder Drugs Online","og_description":"Buy Nembutal Powder Drugs Online Buy Nembutal Powder Drugs Nembutal powder at the best leading price free ND DISCRETE SHIPPING","og_url":"https:\/\/buy-prescriptionz.com\/it\/prodotto\/acquistare-nembutal-polvere-farmaci-online\/","og_site_name":"Buy Prescriptionz","article_modified_time":"2025-09-23T14:08:33+00:00","og_image":[{"width":400,"height":300,"url":"https:\/\/buy-prescriptionz.com\/wp-content\/uploads\/2025\/09\/nembutal.jpg","type":"image\/jpeg"}],"twitter_card":"summary_large_image","twitter_misc":{"Tempo di lettura stimato":"4 minuti"},"schema":{"@context":"https:\/\/schema.org","@graph":[{"@type":"WebPage","@id":"https:\/\/buy-prescriptionz.com\/product\/buy-nembutal-powder-drugs-online\/","url":"https:\/\/buy-prescriptionz.com\/product\/buy-nembutal-powder-drugs-online\/","name":"Acquista farmaci in polvere di Nembutal online Acquista farmaci in polvere di Nembutal online","isPartOf":{"@id":"https:\/\/buy-prescriptionz.com\/#website"},"primaryImageOfPage":{"@id":"https:\/\/buy-prescriptionz.com\/product\/buy-nembutal-powder-drugs-online\/#primaryimage"},"image":{"@id":"https:\/\/buy-prescriptionz.com\/product\/buy-nembutal-powder-drugs-online\/#primaryimage"},"thumbnailUrl":"https:\/\/buy-prescriptionz.com\/wp-content\/uploads\/2025\/09\/nembutal.jpg","datePublished":"2025-09-16T08:55:30+00:00","dateModified":"2025-09-23T14:08:33+00:00","description":"Acquista farmaci in polvere di Nembutal online Acquista farmaci in polvere di Nembutal Polvere di Nembutal al miglior prezzo leader SPEDIZIONE GRATUITA E DISCRETA","breadcrumb":{"@id":"https:\/\/buy-prescriptionz.com\/product\/buy-nembutal-powder-drugs-online\/#breadcrumb"},"inLanguage":"it-IT","potentialAction":[{"@type":"ReadAction","target":["https:\/\/buy-prescriptionz.com\/product\/buy-nembutal-powder-drugs-online\/"]}]},{"@type":"ImageObject","inLanguage":"it-IT","@id":"https:\/\/buy-prescriptionz.com\/product\/buy-nembutal-powder-drugs-online\/#primaryimage","url":"https:\/\/buy-prescriptionz.com\/wp-content\/uploads\/2025\/09\/nembutal.jpg","contentUrl":"https:\/\/buy-prescriptionz.com\/wp-content\/uploads\/2025\/09\/nembutal.jpg","width":400,"height":300},{"@type":"BreadcrumbList","@id":"https:\/\/buy-prescriptionz.com\/product\/buy-nembutal-powder-drugs-online\/#breadcrumb","itemListElement":[{"@type":"ListItem","position":1,"name":"Home","item":"https:\/\/buy-prescriptionz.com\/"},{"@type":"ListItem","position":2,"name":"Shop Painkillers Online","item":"https:\/\/buy-prescriptionz.com\/shop-painkillers-online\/"},{"@type":"ListItem","position":3,"name":"Buy Nembutal Powder Drugs Online"}]},{"@type":"WebSite","@id":"https:\/\/buy-prescriptionz.com\/#website","url":"https:\/\/buy-prescriptionz.com\/","name":"Buy Prescriptionz","description":"Farmaci online","publisher":{"@id":"https:\/\/buy-prescriptionz.com\/#organization"},"potentialAction":[{"@type":"SearchAction","target":{"@type":"EntryPoint","urlTemplate":"https:\/\/buy-prescriptionz.com\/?s={search_term_string}"},"query-input":{"@type":"PropertyValueSpecification","valueRequired":true,"valueName":"search_term_string"}}],"inLanguage":"it-IT"},{"@type":"Organization","@id":"https:\/\/buy-prescriptionz.com\/#organization","name":"Buy Prescriptionz","url":"https:\/\/buy-prescriptionz.com\/","logo":{"@type":"ImageObject","inLanguage":"it-IT","@id":"https:\/\/buy-prescriptionz.com\/#\/schema\/logo\/image\/","url":"https:\/\/buy-prescriptionz.com\/wp-content\/uploads\/2023\/09\/logo.png","contentUrl":"https:\/\/buy-prescriptionz.com\/wp-content\/uploads\/2023\/09\/logo.png","width":350,"height":64,"caption":"Buy Prescriptionz"},"image":{"@id":"https:\/\/buy-prescriptionz.com\/#\/schema\/logo\/image\/"}}]}},"_links":{"self":[{"href":"https:\/\/buy-prescriptionz.com\/it\/wp-json\/wp\/v2\/product\/2958","targetHints":{"allow":["GET"]}}],"collection":[{"href":"https:\/\/buy-prescriptionz.com\/it\/wp-json\/wp\/v2\/product"}],"about":[{"href":"https:\/\/buy-prescriptionz.com\/it\/wp-json\/wp\/v2\/types\/product"}],"replies":[{"embeddable":true,"href":"https:\/\/buy-prescriptionz.com\/it\/wp-json\/wp\/v2\/comments?post=2958"}],"wp:featuredmedia":[{"embeddable":true,"href":"https:\/\/buy-prescriptionz.com\/it\/wp-json\/wp\/v2\/media\/2979"}],"wp:attachment":[{"href":"https:\/\/buy-prescriptionz.com\/it\/wp-json\/wp\/v2\/media?parent=2958"}],"wp:term":[{"taxonomy":"product_brand","embeddable":true,"href":"https:\/\/buy-prescriptionz.com\/it\/wp-json\/wp\/v2\/product_brand?post=2958"},{"taxonomy":"product_cat","embeddable":true,"href":"https:\/\/buy-prescriptionz.com\/it\/wp-json\/wp\/v2\/product_cat?post=2958"},{"taxonomy":"product_tag","embeddable":true,"href":"https:\/\/buy-prescriptionz.com\/it\/wp-json\/wp\/v2\/product_tag?post=2958"}],"curies":[{"name":"wp","href":"https:\/\/api.w.org\/{rel}","templated":true}]}}