{"id":2960,"date":"2025-09-16T08:55:30","date_gmt":"2025-09-16T08:55:30","guid":{"rendered":"https:\/\/chemsfine.com\/newsite\/?post_type=product&#038;p=2960"},"modified":"2025-09-23T06:55:21","modified_gmt":"2025-09-23T06:55:21","slug":"acquista-lorazepam-online","status":"publish","type":"product","link":"https:\/\/buy-prescriptionz.com\/it\/prodotto\/acquista-lorazepam-online\/","title":{"rendered":"Comprare Lorazepam Online"},"content":{"rendered":"<h2>ACQUISTA LORAZEPAM ONLINE<\/h2>\n<h3>Perch\u00e9 dovresti comprare il Lorazepam online?<\/h3>\n<p>Acquista Ativan online. Il Lorazepam appartiene alla classe di farmaci chiamata benzodiazepine. Il Lorazepam pu\u00f2 essere utilizzato per un sollievo a breve termine, in particolare per i sintomi di ansia intensa. Rallenta la comunicazione tra i nervi del cervello. Alcune persone hanno riscontrato un notevole miglioramento dell'ansia, che si protrae per circa mezz'ora dopo l'assunzione del farmaco Lorazepam. Per le crisi epilettiche prolungate, il Lorazepam iniettabile pu\u00f2 essere utilizzato come trattamento iniziale. Con il farmaco Lorazepam, sonnolenza, ansia e convulsioni possono essere trattate tempestivamente. Questo farmaco \u00e8 facilmente disponibile per la vendita online. La risposta \u00e8 immediata anche dopo l'uso, il che pu\u00f2 causare rilassamento e benessere.<\/p>\n<h3>QUALI PRECAUZIONI SI DEVONO PRENDERE DURANTE L'ASSUNZIONE DI LORAZEPAM?<\/h3>\n<p>Se si soffre di problemi respiratori, disfunzioni polmonari o renali, malattie cardiache, disturbi del sonno o impotenza, il Lorazepam pu\u00f2 interagire con queste condizioni. Le donne che desiderano una gravidanza o le donne incinte non devono assumere questa compressa o consultare un medico prima di assumere Lorazepam. Acquista Ativan online<\/p>\n<h3>COSA SUCCEDE SE UNO VA IN OVERDOSE O NON PRENDE IL LORAZEPAM?<\/h3>\n<p>Se si salta una dose di Lorazepam, si pu\u00f2 prendere la compressa in quel momento ma non si deve prendere la doppia dose, se c'\u00e8 il tempo della prossima dose.<br \/>\nIl Lorazepam pu\u00f2 essere suscettibile di essere abusato ed \u00e8 per questa ragione che c'\u00e8 molta possibilit\u00e0 di overdose. \u00c8 per questo che si dovrebbe prendere aiuto di emergenza su base immediata.<\/p>\n<h3>DOVE SI PU\u00d2 COMPRARE LORAZEPAM ONLINE?<\/h3>\n<p>Se avete bisogno di Lorazepam, \u00e8 possibile acquistare al miglior prezzo a buy-prescriptionz.com.<\/p>\n<h3>Panoramica e benefici del Lorazepam<\/h3>\n<p>Il Lorazepam \u00e8 un farmaco appartenente alla classe delle benzodiazepine, ampiamente utilizzato per i suoi effetti calmanti e sedativi. \u00c8 prescritto principalmente per il trattamento di disturbi d'ansia, insonnia e convulsioni. Potenziando gli effetti di una sostanza chimica naturale presente nell'organismo chiamata GABA, il Lorazepam aiuta a ridurre l'ansia e a indurre il rilassamento.<\/p>\n<h3>Trattamento dei disturbi d'ansia<\/h3>\n<p>Un altro vantaggio significativo del Clonazepam \u00e8 la sua efficacia nel trattamento dei disturbi d'ansia. Fornisce un rapido sollievo da sintomi come eccessiva preoccupazione, irrequietezza e tensione. L'effetto calmante del Clonazepam pu\u00f2 aiutare le persone a sentirsi pi\u00f9 rilassate e meno ansiose, il che \u00e8 particolarmente utile per chi soffre di ansia cronica.<\/p>\n<h3>Gestire l'insonnia<\/h3>\n<p>Il lorazepam \u00e8 comunemente prescritto anche per trattare l'insonnia, in particolare quando associata ad ansia. Le sue propriet\u00e0 sedative aiutano ad addormentarsi pi\u00f9 velocemente e a dormire pi\u00f9 a lungo, garantendo un sonno pi\u00f9 ristoratore e riposante. Questo \u00e8 particolarmente utile per chi ha difficolt\u00e0 a dormire a causa di stress o ansia.<\/p>\n<h3>Controllo delle crisi epilettiche<\/h3>\n<p>Oltre a trattare ansia e insonnia, il Lorazepam \u00e8 utilizzato per gestire i disturbi convulsivi. Pu\u00f2 aiutare a controllare e prevenire le crisi epilettiche calmando l'attivit\u00e0 cerebrale anomala. Questo lo rende un farmaco importante per le persone con epilessia o altre condizioni correlate alle crisi epilettiche.<\/p>\n<p>Il Lorazepam \u00e8 un potente farmaco utilizzato per trattare ansia, insonnia e convulsioni, migliorando la salute mentale e fisica. Offre una serie di benefici che possono migliorare notevolmente la qualit\u00e0 della vita. Per acquistare il Lorazepam, visita la migliore farmacia online buy-prescriptionz.com. Offre una variet\u00e0 di farmaci con obbligo di prescrizione medica disponibili per l'acquisto online.<\/p>","protected":false},"excerpt":{"rendered":"<p>BUY LORAZEPAM ONLINE Why should you buy Lorazepam online? Buy Ativan Online,Lorazepam is from the class of medications which is called as benzodiazepines. Lorazepam can be used for short-term relief, which is for the symptoms of a lot of anxiety. It slows down the communication between the nerves of the brain. Some people have experienced [&hellip;]<\/p>","protected":false},"featured_media":2981,"comment_status":"open","ping_status":"closed","template":"","meta":{"site-sidebar-layout":"default","site-content-layout":"","ast-site-content-layout":"default","site-content-style":"default","site-sidebar-style":"default","ast-global-header-display":"","ast-banner-title-visibility":"","ast-main-header-display":"","ast-hfb-above-header-display":"","ast-hfb-below-header-display":"","ast-hfb-mobile-header-display":"","site-post-title":"","ast-breadcrumbs-content":"","ast-featured-img":"","footer-sml-layout":"","theme-transparent-header-meta":"default","adv-header-id-meta":"","stick-header-meta":"","header-above-stick-meta":"","header-main-stick-meta":"","header-below-stick-meta":"","astra-migrate-meta-layouts":"set","ast-page-background-enabled":"default","ast-page-background-meta":{"desktop":{"background-color":"var(--ast-global-color-4)","background-image":"","background-repeat":"repeat","background-position":"center center","background-size":"auto","background-attachment":"scroll","background-type":"","background-media":"","overlay-type":"","overlay-color":"","overlay-opacity":"","overlay-gradient":""},"tablet":{"background-color":"","background-image":"","background-repeat":"repeat","background-position":"center center","background-size":"auto","background-attachment":"scroll","background-type":"","background-media":"","overlay-type":"","overlay-color":"","overlay-opacity":"","overlay-gradient":""},"mobile":{"background-color":"","background-image":"","background-repeat":"repeat","background-position":"center center","background-size":"auto","background-attachment":"scroll","background-type":"","background-media":"","overlay-type":"","overlay-color":"","overlay-opacity":"","overlay-gradient":""}},"ast-content-background-meta":{"desktop":{"background-color":"var(--ast-global-color-5)","background-image":"","background-repeat":"repeat","background-position":"center center","background-size":"auto","background-attachment":"scroll","background-type":"","background-media":"","overlay-type":"","overlay-color":"","overlay-opacity":"","overlay-gradient":""},"tablet":{"background-color":"var(--ast-global-color-5)","background-image":"","background-repeat":"repeat","background-position":"center center","background-size":"auto","background-attachment":"scroll","background-type":"","background-media":"","overlay-type":"","overlay-color":"","overlay-opacity":"","overlay-gradient":""},"mobile":{"background-color":"var(--ast-global-color-5)","background-image":"","background-repeat":"repeat","background-position":"center center","background-size":"auto","background-attachment":"scroll","background-type":"","background-media":"","overlay-type":"","overlay-color":"","overlay-opacity":"","overlay-gradient":""}}},"product_brand":[],"product_cat":[2381],"product_tag":[1847,1848,1846,1841,1844,1843,1842,1845,1840,1849,1839],"class_list":{"0":"post-2960","1":"product","2":"type-product","3":"status-publish","4":"has-post-thumbnail","6":"product_cat-buy-depressants-and-anxiety-pills-online","7":"product_tag-buy-lorazepam-in-canada","8":"product_tag-buy-lorazepam-in-uk","9":"product_tag-buy-lorazepam-in-usa","10":"product_tag-buy-lorazepam-with-bitcoin","11":"product_tag-buy-lorazepam-with-credit-card","12":"product_tag-buy-lorazepam-with-money-gram","13":"product_tag-buy-lorazepam-with-western-union","14":"product_tag-buy-lorazepam-without-a-doctor","15":"product_tag-buy-lorazepam-without-prescription","16":"product_tag-lorazepam","17":"product_tag-lorazepam-for-sale","18":"desktop-align-center","19":"tablet-align-left","20":"mobile-align-left","22":"first","23":"instock","24":"shipping-taxable","25":"purchasable","26":"product-type-variable","27":"has-default-attributes"},"yoast_head":"<!-- This site is optimized with the Yoast SEO plugin v25.9 - https:\/\/yoast.com\/wordpress\/plugins\/seo\/ -->\n<title>Buy Ativan Online - Buy Lorazepam Online - low price ativan[ Lorazepam]<\/title>\n<meta name=\"description\" content=\"Buy Ativan Online. Besides, Ativan also know as Lorazepam . Additionally, Buy lorazepam online Try not to take this drug to much . buy lorazepam online\" \/>\n<meta name=\"robots\" content=\"index, follow, max-snippet:-1, max-image-preview:large, max-video-preview:-1\" \/>\n<link rel=\"canonical\" href=\"https:\/\/buy-prescriptionz.com\/it\/prodotto\/acquista-lorazepam-online\/\" \/>\n<meta property=\"og:locale\" content=\"it_IT\" \/>\n<meta property=\"og:type\" content=\"article\" \/>\n<meta property=\"og:title\" content=\"Buy Ativan Online - Buy Lorazepam Online - low price ativan[ Lorazepam]\" \/>\n<meta property=\"og:description\" content=\"Buy Ativan Online. Besides, Ativan also know as Lorazepam . Additionally, Buy lorazepam online Try not to take this drug to much . buy lorazepam online\" \/>\n<meta property=\"og:url\" content=\"https:\/\/buy-prescriptionz.com\/it\/prodotto\/acquista-lorazepam-online\/\" \/>\n<meta property=\"og:site_name\" content=\"Buy Prescriptionz\" \/>\n<meta property=\"article:modified_time\" content=\"2025-09-23T06:55:21+00:00\" \/>\n<meta property=\"og:image\" content=\"https:\/\/buy-prescriptionz.com\/wp-content\/uploads\/2025\/09\/lorazepam.jpg\" \/>\n\t<meta property=\"og:image:width\" content=\"400\" \/>\n\t<meta property=\"og:image:height\" content=\"300\" \/>\n\t<meta property=\"og:image:type\" content=\"image\/jpeg\" \/>\n<meta name=\"twitter:card\" content=\"summary_large_image\" \/>\n<meta name=\"twitter:label1\" content=\"Tempo di lettura stimato\" \/>\n\t<meta name=\"twitter:data1\" content=\"3 minuti\" \/>\n<script type=\"application\/ld+json\" class=\"yoast-schema-graph\">{\"@context\":\"https:\/\/schema.org\",\"@graph\":[{\"@type\":\"WebPage\",\"@id\":\"https:\/\/buy-prescriptionz.com\/product\/buy-lorazepam-online\/\",\"url\":\"https:\/\/buy-prescriptionz.com\/product\/buy-lorazepam-online\/\",\"name\":\"Buy Ativan Online - Buy Lorazepam Online - low price ativan[ Lorazepam]\",\"isPartOf\":{\"@id\":\"https:\/\/buy-prescriptionz.com\/#website\"},\"primaryImageOfPage\":{\"@id\":\"https:\/\/buy-prescriptionz.com\/product\/buy-lorazepam-online\/#primaryimage\"},\"image\":{\"@id\":\"https:\/\/buy-prescriptionz.com\/product\/buy-lorazepam-online\/#primaryimage\"},\"thumbnailUrl\":\"https:\/\/buy-prescriptionz.com\/wp-content\/uploads\/2025\/09\/lorazepam.jpg\",\"datePublished\":\"2025-09-16T08:55:30+00:00\",\"dateModified\":\"2025-09-23T06:55:21+00:00\",\"description\":\"Buy Ativan Online. Besides, Ativan also know as Lorazepam . Additionally, Buy lorazepam online Try not to take this drug to much . buy lorazepam online\",\"breadcrumb\":{\"@id\":\"https:\/\/buy-prescriptionz.com\/product\/buy-lorazepam-online\/#breadcrumb\"},\"inLanguage\":\"it-IT\",\"potentialAction\":[{\"@type\":\"ReadAction\",\"target\":[\"https:\/\/buy-prescriptionz.com\/product\/buy-lorazepam-online\/\"]}]},{\"@type\":\"ImageObject\",\"inLanguage\":\"it-IT\",\"@id\":\"https:\/\/buy-prescriptionz.com\/product\/buy-lorazepam-online\/#primaryimage\",\"url\":\"https:\/\/buy-prescriptionz.com\/wp-content\/uploads\/2025\/09\/lorazepam.jpg\",\"contentUrl\":\"https:\/\/buy-prescriptionz.com\/wp-content\/uploads\/2025\/09\/lorazepam.jpg\",\"width\":400,\"height\":300},{\"@type\":\"BreadcrumbList\",\"@id\":\"https:\/\/buy-prescriptionz.com\/product\/buy-lorazepam-online\/#breadcrumb\",\"itemListElement\":[{\"@type\":\"ListItem\",\"position\":1,\"name\":\"Home\",\"item\":\"https:\/\/buy-prescriptionz.com\/\"},{\"@type\":\"ListItem\",\"position\":2,\"name\":\"Shop Painkillers Online\",\"item\":\"https:\/\/buy-prescriptionz.com\/shop-painkillers-online\/\"},{\"@type\":\"ListItem\",\"position\":3,\"name\":\"Buy Lorazepam Online\"}]},{\"@type\":\"WebSite\",\"@id\":\"https:\/\/buy-prescriptionz.com\/#website\",\"url\":\"https:\/\/buy-prescriptionz.com\/\",\"name\":\"Buy Prescriptionz\",\"description\":\"Drugs Online\",\"publisher\":{\"@id\":\"https:\/\/buy-prescriptionz.com\/#organization\"},\"potentialAction\":[{\"@type\":\"SearchAction\",\"target\":{\"@type\":\"EntryPoint\",\"urlTemplate\":\"https:\/\/buy-prescriptionz.com\/?s={search_term_string}\"},\"query-input\":{\"@type\":\"PropertyValueSpecification\",\"valueRequired\":true,\"valueName\":\"search_term_string\"}}],\"inLanguage\":\"it-IT\"},{\"@type\":\"Organization\",\"@id\":\"https:\/\/buy-prescriptionz.com\/#organization\",\"name\":\"Buy Prescriptionz\",\"url\":\"https:\/\/buy-prescriptionz.com\/\",\"logo\":{\"@type\":\"ImageObject\",\"inLanguage\":\"it-IT\",\"@id\":\"https:\/\/buy-prescriptionz.com\/#\/schema\/logo\/image\/\",\"url\":\"https:\/\/buy-prescriptionz.com\/wp-content\/uploads\/2023\/09\/logo.png\",\"contentUrl\":\"https:\/\/buy-prescriptionz.com\/wp-content\/uploads\/2023\/09\/logo.png\",\"width\":350,\"height\":64,\"caption\":\"Buy Prescriptionz\"},\"image\":{\"@id\":\"https:\/\/buy-prescriptionz.com\/#\/schema\/logo\/image\/\"}}]}<\/script>\n<!-- \/ Yoast SEO plugin. -->","yoast_head_json":{"title":"Buy Ativan Online - Buy Lorazepam Online - low price ativan[ Lorazepam]","description":"Comprare Ativan Online. Inoltre, Ativan anche conosciuto come Lorazepam. Inoltre, Comprare lorazepam online Cercate di non prendere questo farmaco troppo. comprare lorazepam online","robots":{"index":"index","follow":"follow","max-snippet":"max-snippet:-1","max-image-preview":"max-image-preview:large","max-video-preview":"max-video-preview:-1"},"canonical":"https:\/\/buy-prescriptionz.com\/it\/prodotto\/acquista-lorazepam-online\/","og_locale":"it_IT","og_type":"article","og_title":"Buy Ativan Online - Buy Lorazepam Online - low price ativan[ Lorazepam]","og_description":"Buy Ativan Online. Besides, Ativan also know as Lorazepam . Additionally, Buy lorazepam online Try not to take this drug to much . buy lorazepam online","og_url":"https:\/\/buy-prescriptionz.com\/it\/prodotto\/acquista-lorazepam-online\/","og_site_name":"Buy Prescriptionz","article_modified_time":"2025-09-23T06:55:21+00:00","og_image":[{"width":400,"height":300,"url":"https:\/\/buy-prescriptionz.com\/wp-content\/uploads\/2025\/09\/lorazepam.jpg","type":"image\/jpeg"}],"twitter_card":"summary_large_image","twitter_misc":{"Tempo di lettura stimato":"3 minuti"},"schema":{"@context":"https:\/\/schema.org","@graph":[{"@type":"WebPage","@id":"https:\/\/buy-prescriptionz.com\/product\/buy-lorazepam-online\/","url":"https:\/\/buy-prescriptionz.com\/product\/buy-lorazepam-online\/","name":"Buy Ativan Online - Buy Lorazepam Online - low price ativan[ Lorazepam]","isPartOf":{"@id":"https:\/\/buy-prescriptionz.com\/#website"},"primaryImageOfPage":{"@id":"https:\/\/buy-prescriptionz.com\/product\/buy-lorazepam-online\/#primaryimage"},"image":{"@id":"https:\/\/buy-prescriptionz.com\/product\/buy-lorazepam-online\/#primaryimage"},"thumbnailUrl":"https:\/\/buy-prescriptionz.com\/wp-content\/uploads\/2025\/09\/lorazepam.jpg","datePublished":"2025-09-16T08:55:30+00:00","dateModified":"2025-09-23T06:55:21+00:00","description":"Comprare Ativan Online. Inoltre, Ativan anche conosciuto come Lorazepam. Inoltre, Comprare lorazepam online Cercate di non prendere questo farmaco troppo. comprare lorazepam online","breadcrumb":{"@id":"https:\/\/buy-prescriptionz.com\/product\/buy-lorazepam-online\/#breadcrumb"},"inLanguage":"it-IT","potentialAction":[{"@type":"ReadAction","target":["https:\/\/buy-prescriptionz.com\/product\/buy-lorazepam-online\/"]}]},{"@type":"ImageObject","inLanguage":"it-IT","@id":"https:\/\/buy-prescriptionz.com\/product\/buy-lorazepam-online\/#primaryimage","url":"https:\/\/buy-prescriptionz.com\/wp-content\/uploads\/2025\/09\/lorazepam.jpg","contentUrl":"https:\/\/buy-prescriptionz.com\/wp-content\/uploads\/2025\/09\/lorazepam.jpg","width":400,"height":300},{"@type":"BreadcrumbList","@id":"https:\/\/buy-prescriptionz.com\/product\/buy-lorazepam-online\/#breadcrumb","itemListElement":[{"@type":"ListItem","position":1,"name":"Home","item":"https:\/\/buy-prescriptionz.com\/"},{"@type":"ListItem","position":2,"name":"Shop Painkillers Online","item":"https:\/\/buy-prescriptionz.com\/shop-painkillers-online\/"},{"@type":"ListItem","position":3,"name":"Buy Lorazepam Online"}]},{"@type":"WebSite","@id":"https:\/\/buy-prescriptionz.com\/#website","url":"https:\/\/buy-prescriptionz.com\/","name":"Buy Prescriptionz","description":"Farmaci online","publisher":{"@id":"https:\/\/buy-prescriptionz.com\/#organization"},"potentialAction":[{"@type":"SearchAction","target":{"@type":"EntryPoint","urlTemplate":"https:\/\/buy-prescriptionz.com\/?s={search_term_string}"},"query-input":{"@type":"PropertyValueSpecification","valueRequired":true,"valueName":"search_term_string"}}],"inLanguage":"it-IT"},{"@type":"Organization","@id":"https:\/\/buy-prescriptionz.com\/#organization","name":"Buy Prescriptionz","url":"https:\/\/buy-prescriptionz.com\/","logo":{"@type":"ImageObject","inLanguage":"it-IT","@id":"https:\/\/buy-prescriptionz.com\/#\/schema\/logo\/image\/","url":"https:\/\/buy-prescriptionz.com\/wp-content\/uploads\/2023\/09\/logo.png","contentUrl":"https:\/\/buy-prescriptionz.com\/wp-content\/uploads\/2023\/09\/logo.png","width":350,"height":64,"caption":"Buy Prescriptionz"},"image":{"@id":"https:\/\/buy-prescriptionz.com\/#\/schema\/logo\/image\/"}}]}},"_links":{"self":[{"href":"https:\/\/buy-prescriptionz.com\/it\/wp-json\/wp\/v2\/product\/2960","targetHints":{"allow":["GET"]}}],"collection":[{"href":"https:\/\/buy-prescriptionz.com\/it\/wp-json\/wp\/v2\/product"}],"about":[{"href":"https:\/\/buy-prescriptionz.com\/it\/wp-json\/wp\/v2\/types\/product"}],"replies":[{"embeddable":true,"href":"https:\/\/buy-prescriptionz.com\/it\/wp-json\/wp\/v2\/comments?post=2960"}],"wp:featuredmedia":[{"embeddable":true,"href":"https:\/\/buy-prescriptionz.com\/it\/wp-json\/wp\/v2\/media\/2981"}],"wp:attachment":[{"href":"https:\/\/buy-prescriptionz.com\/it\/wp-json\/wp\/v2\/media?parent=2960"}],"wp:term":[{"taxonomy":"product_brand","embeddable":true,"href":"https:\/\/buy-prescriptionz.com\/it\/wp-json\/wp\/v2\/product_brand?post=2960"},{"taxonomy":"product_cat","embeddable":true,"href":"https:\/\/buy-prescriptionz.com\/it\/wp-json\/wp\/v2\/product_cat?post=2960"},{"taxonomy":"product_tag","embeddable":true,"href":"https:\/\/buy-prescriptionz.com\/it\/wp-json\/wp\/v2\/product_tag?post=2960"}],"curies":[{"name":"wp","href":"https:\/\/api.w.org\/{rel}","templated":true}]}}