{"id":2982,"date":"2025-09-16T08:55:51","date_gmt":"2025-09-16T08:55:51","guid":{"rendered":"https:\/\/chemsfine.com\/newsite\/?post_type=product&#038;p=2982"},"modified":"2025-09-20T12:20:33","modified_gmt":"2025-09-20T12:20:33","slug":"acquista-clonazepam-online","status":"publish","type":"product","link":"https:\/\/buy-prescriptionz.com\/it\/prodotto\/acquista-clonazepam-online\/","title":{"rendered":"Comprare Clonazepam Online"},"content":{"rendered":"<h2>Acquista Clonazepam online: cos'\u00e8 il Clonazepam<\/h2>\n<p>Cos'\u00e8 Clonazepam Comprare Clonazepam Online Clonazepam \u00e8 usato per controllare certi tipi di crisi e pu\u00f2 essere usato da solo o con altri farmaci. Pu\u00f2 anche essere usato per alleviare gli attacchi di panico. Clonazepam fa parte di una classe di farmaci chiamati benzodiazepine. Riduce l'attivit\u00e0 elettrica anormale nel cervello. Cosa ...<\/p>\n<h3>Quali sono le caratteristiche del Clonazepam?<\/h3>\n<p>Il clonazepam ha numerosi usi terapeutici, pur rientrando nella categoria delle benzodiazepine. Pu\u00f2 essere utilizzato per:<\/p>\n<p>1. Controllare il disturbo convulsivo<br \/>\n2. Controllare il disturbo d'ansia<br \/>\n3. Agisce come un aiuto per dormire<\/p>\n<h3>Quali precauzioni bisogna seguire durante l'uso del Clonazepam?<\/h3>\n<p>1. Prima di assumere Clonazepam, \u00e8 necessario informare il medico delle proprie condizioni pre-mediche, come problemi respiratori, disturbi mentali, malattie renali o polmonari, ecc.<br \/>\n2. \u00c8 pericoloso assumere marijuana o alcol insieme al Clonazepam. \u00c8 pericoloso perch\u00e9 pu\u00f2 causare forti vertigini.<\/p>\n<h3>Cosa pu\u00f2 succedere se si dimentica di assumere una dose eccessiva di Clonazepam?<\/h3>\n<p>1. Se si dimentica la dose di Clonazepam, \u00e8 necessario assumerla nel momento in cui ci si ricorda, ma non con la dose successiva.<br \/>\n2. Un sovradosaggio di Clonazepam potrebbe essere imminente. Pertanto, \u00e8 consigliabile chiamare il numero di emergenza o un medico per evitare complicazioni.<\/p>\n<h3>Quali sono le caratteristiche del Clonazepam?<\/h3>\n<p>Di seguito sono riportati gli effetti collaterali che possono verificarsi a causa del Clonazepam, come:<\/p>\n<p>1. Incubi<br \/>\n2. Halucina\u021bii<br \/>\n3. Vuoti di memoria a breve termine<br \/>\n4. Confusione mentale<br \/>\n5. Sbalzi d'umore drastici<br \/>\n6. Irritabilit\u00e0<\/p>\n<h3>Panoramica e benefici del clonazepam<\/h3>\n<p>Il clonazepam \u00e8 un farmaco appartenente alla classe delle benzodiazepine. \u00c8 comunemente prescritto per il trattamento di convulsioni, disturbi di panico e ansia. Il farmaco agisce calmando il cervello e i nervi, contribuendo a ridurre la frequenza e la gravit\u00e0 delle convulsioni e degli attacchi di panico.<\/p>\n<p>Uno degli usi principali del Clonazepam \u00e8 la gestione dei disturbi convulsivi, come l'epilessia. Aiuta a prevenire e controllare le crisi epilettiche stabilizzando l'attivit\u00e0 elettrica cerebrale. Questo lo rende un farmaco essenziale per le persone con epilessia, consentendo loro un migliore controllo della propria condizione e migliorando la qualit\u00e0 della vita.<\/p>\n<p>Il clonazepam \u00e8 ampiamente utilizzato anche per trattare il disturbo di panico, caratterizzato da episodi improvvisi e inaspettati di intensa paura. Questi episodi possono essere debilitanti e interferire con le attivit\u00e0 quotidiane. Riducendo l'attivit\u00e0 cerebrale anomala che porta a questi attacchi di panico, il clonazepam aiuta le persone a gestire i sintomi in modo pi\u00f9 efficace, consentendo loro di condurre una vita pi\u00f9 normale e produttiva.<\/p>\n<p>Un altro vantaggio significativo del Clonazepam \u00e8 la sua efficacia nel trattamento dei disturbi d'ansia. Fornisce un rapido sollievo da sintomi come eccessiva preoccupazione, irrequietezza e tensione. L'effetto calmante del Clonazepam pu\u00f2 aiutare le persone a sentirsi pi\u00f9 rilassate e meno ansiose, il che \u00e8 particolarmente utile per chi soffre di ansia cronica.<\/p>\n<p>Oltre ai suoi usi principali, il Clonazepam pu\u00f2 essere prescritto anche per altre patologie, a discrezione del medico. Tuttavia, \u00e8 importante utilizzare questo farmaco sotto stretto controllo medico, a causa del potenziale rischio di dipendenza e di altri effetti collaterali.<\/p>\n<p>Il clonazepam offre preziosi benefici a chi soffre di convulsioni, disturbi di panico e ansia. La sua capacit\u00e0 di stabilizzare l'attivit\u00e0 cerebrale e di fornire un rapido sollievo dai sintomi lo rende un farmaco fondamentale per molti individui. Se state prendendo in considerazione il clonazepam per il vostro trattamento, assicuratevi di consultare un medico per una guida adeguata.<\/p>\n<h3><strong>Dove posso acquistare il Clonazepam?<\/strong><\/h3>\n<p>Per una fonte comoda e affidabile per acquistare Clonazepam, visita la migliore farmacia <a href=\"https:\/\/buy-prescriptionz.com\/it\/\">buy-prescriptionz.com<\/a>Offrono un'ampia gamma di farmaci da prescrizione per soddisfare le vostre esigenze di salute.<\/p>\n<h3>Dove si pu\u00f2 acquistare Clonazepam online?<\/h3>\n<p>Puoi acquistare Clonazepam su Buy Prescriptions al miglior prezzo. Puoi ordinare i migliori farmaci qui ora!<\/p>","protected":false},"excerpt":{"rendered":"<p>Buy Clonazepam Online: What is Clonazepam Buy Clonazepam Online Clonazepam is used to control certain types of seizures and can be used alone or with other medications. It can also be used to relieve panic attacks. Clonazepam comes in a class of medication which is called as benzodiazepines. It reduces the abnormal electric activity in [&hellip;]<\/p>","protected":false},"featured_media":3012,"comment_status":"open","ping_status":"closed","template":"","meta":{"site-sidebar-layout":"default","site-content-layout":"","ast-site-content-layout":"default","site-content-style":"default","site-sidebar-style":"default","ast-global-header-display":"","ast-banner-title-visibility":"","ast-main-header-display":"","ast-hfb-above-header-display":"","ast-hfb-below-header-display":"","ast-hfb-mobile-header-display":"","site-post-title":"","ast-breadcrumbs-content":"","ast-featured-img":"","footer-sml-layout":"","theme-transparent-header-meta":"default","adv-header-id-meta":"","stick-header-meta":"","header-above-stick-meta":"","header-main-stick-meta":"","header-below-stick-meta":"","astra-migrate-meta-layouts":"set","ast-page-background-enabled":"default","ast-page-background-meta":{"desktop":{"background-color":"var(--ast-global-color-4)","background-image":"","background-repeat":"repeat","background-position":"center center","background-size":"auto","background-attachment":"scroll","background-type":"","background-media":"","overlay-type":"","overlay-color":"","overlay-opacity":"","overlay-gradient":""},"tablet":{"background-color":"","background-image":"","background-repeat":"repeat","background-position":"center center","background-size":"auto","background-attachment":"scroll","background-type":"","background-media":"","overlay-type":"","overlay-color":"","overlay-opacity":"","overlay-gradient":""},"mobile":{"background-color":"","background-image":"","background-repeat":"repeat","background-position":"center center","background-size":"auto","background-attachment":"scroll","background-type":"","background-media":"","overlay-type":"","overlay-color":"","overlay-opacity":"","overlay-gradient":""}},"ast-content-background-meta":{"desktop":{"background-color":"var(--ast-global-color-5)","background-image":"","background-repeat":"repeat","background-position":"center center","background-size":"auto","background-attachment":"scroll","background-type":"","background-media":"","overlay-type":"","overlay-color":"","overlay-opacity":"","overlay-gradient":""},"tablet":{"background-color":"var(--ast-global-color-5)","background-image":"","background-repeat":"repeat","background-position":"center center","background-size":"auto","background-attachment":"scroll","background-type":"","background-media":"","overlay-type":"","overlay-color":"","overlay-opacity":"","overlay-gradient":""},"mobile":{"background-color":"var(--ast-global-color-5)","background-image":"","background-repeat":"repeat","background-position":"center center","background-size":"auto","background-attachment":"scroll","background-type":"","background-media":"","overlay-type":"","overlay-color":"","overlay-opacity":"","overlay-gradient":""}}},"product_brand":[],"product_cat":[2381],"product_tag":[1858,1859,1857,1852,1855,1854,1853,1856,1851,1850,1860],"class_list":{"0":"post-2982","1":"product","2":"type-product","3":"status-publish","4":"has-post-thumbnail","6":"product_cat-buy-depressants-and-anxiety-pills-online","7":"product_tag-buy-clonazepam-in-canada","8":"product_tag-buy-clonazepam-in-uk","9":"product_tag-buy-clonazepam-in-usa","10":"product_tag-buy-clonazepam-with-bitcoin","11":"product_tag-buy-clonazepam-with-credit-card","12":"product_tag-buy-clonazepam-with-money-gram","13":"product_tag-buy-clonazepam-with-western-union","14":"product_tag-buy-clonazepam-without-a-doctor","15":"product_tag-buy-clonazepam-without-prescription","16":"product_tag-clonazepam-for-sale","17":"product_tag-clonazepam-pills","18":"desktop-align-center","19":"tablet-align-left","20":"mobile-align-left","22":"first","23":"instock","24":"shipping-taxable","25":"purchasable","26":"product-type-variable","27":"has-default-attributes"},"yoast_head":"<!-- This site is optimized with the Yoast SEO plugin v25.9 - https:\/\/yoast.com\/wordpress\/plugins\/seo\/ -->\n<title>Buy Clonazepam Online, Buy Rivotril Online, Purchase Rivotril<\/title>\n<meta name=\"description\" content=\"Buy clonazepam online.Buy klonopin online, buy clonazepam online, buy clonazepam, Buy klonopin online legally, buy klonopin, buy klonopin online reviews\" \/>\n<meta name=\"robots\" content=\"index, follow, max-snippet:-1, max-image-preview:large, max-video-preview:-1\" \/>\n<link rel=\"canonical\" href=\"https:\/\/buy-prescriptionz.com\/it\/prodotto\/acquista-clonazepam-online\/\" \/>\n<meta property=\"og:locale\" content=\"it_IT\" \/>\n<meta property=\"og:type\" content=\"article\" \/>\n<meta property=\"og:title\" content=\"Buy Clonazepam Online, Buy Rivotril Online, Purchase Rivotril\" \/>\n<meta property=\"og:description\" content=\"Buy clonazepam online.Buy klonopin online, buy clonazepam online, buy clonazepam, Buy klonopin online legally, buy klonopin, buy klonopin online reviews\" \/>\n<meta property=\"og:url\" content=\"https:\/\/buy-prescriptionz.com\/it\/prodotto\/acquista-clonazepam-online\/\" \/>\n<meta property=\"og:site_name\" content=\"Buy Prescriptionz\" \/>\n<meta property=\"article:modified_time\" content=\"2025-09-20T12:20:33+00:00\" \/>\n<meta property=\"og:image\" content=\"https:\/\/buy-prescriptionz.com\/wp-content\/uploads\/2025\/09\/clonazepam.jpg\" \/>\n\t<meta property=\"og:image:width\" content=\"400\" \/>\n\t<meta property=\"og:image:height\" content=\"300\" \/>\n\t<meta property=\"og:image:type\" content=\"image\/jpeg\" \/>\n<meta name=\"twitter:card\" content=\"summary_large_image\" \/>\n<meta name=\"twitter:label1\" content=\"Tempo di lettura stimato\" \/>\n\t<meta name=\"twitter:data1\" content=\"3 minuti\" \/>\n<script type=\"application\/ld+json\" class=\"yoast-schema-graph\">{\"@context\":\"https:\/\/schema.org\",\"@graph\":[{\"@type\":\"WebPage\",\"@id\":\"https:\/\/buy-prescriptionz.com\/product\/buy-clonazepam-online\/\",\"url\":\"https:\/\/buy-prescriptionz.com\/product\/buy-clonazepam-online\/\",\"name\":\"Buy Clonazepam Online, Buy Rivotril Online, Purchase Rivotril\",\"isPartOf\":{\"@id\":\"https:\/\/buy-prescriptionz.com\/#website\"},\"primaryImageOfPage\":{\"@id\":\"https:\/\/buy-prescriptionz.com\/product\/buy-clonazepam-online\/#primaryimage\"},\"image\":{\"@id\":\"https:\/\/buy-prescriptionz.com\/product\/buy-clonazepam-online\/#primaryimage\"},\"thumbnailUrl\":\"https:\/\/buy-prescriptionz.com\/wp-content\/uploads\/2025\/09\/clonazepam.jpg\",\"datePublished\":\"2025-09-16T08:55:51+00:00\",\"dateModified\":\"2025-09-20T12:20:33+00:00\",\"description\":\"Buy clonazepam online.Buy klonopin online, buy clonazepam online, buy clonazepam, Buy klonopin online legally, buy klonopin, buy klonopin online reviews\",\"breadcrumb\":{\"@id\":\"https:\/\/buy-prescriptionz.com\/product\/buy-clonazepam-online\/#breadcrumb\"},\"inLanguage\":\"it-IT\",\"potentialAction\":[{\"@type\":\"ReadAction\",\"target\":[\"https:\/\/buy-prescriptionz.com\/product\/buy-clonazepam-online\/\"]}]},{\"@type\":\"ImageObject\",\"inLanguage\":\"it-IT\",\"@id\":\"https:\/\/buy-prescriptionz.com\/product\/buy-clonazepam-online\/#primaryimage\",\"url\":\"https:\/\/buy-prescriptionz.com\/wp-content\/uploads\/2025\/09\/clonazepam.jpg\",\"contentUrl\":\"https:\/\/buy-prescriptionz.com\/wp-content\/uploads\/2025\/09\/clonazepam.jpg\",\"width\":400,\"height\":300},{\"@type\":\"BreadcrumbList\",\"@id\":\"https:\/\/buy-prescriptionz.com\/product\/buy-clonazepam-online\/#breadcrumb\",\"itemListElement\":[{\"@type\":\"ListItem\",\"position\":1,\"name\":\"Home\",\"item\":\"https:\/\/buy-prescriptionz.com\/\"},{\"@type\":\"ListItem\",\"position\":2,\"name\":\"Shop Painkillers Online\",\"item\":\"https:\/\/buy-prescriptionz.com\/shop-painkillers-online\/\"},{\"@type\":\"ListItem\",\"position\":3,\"name\":\"Buy Clonazepam Online\"}]},{\"@type\":\"WebSite\",\"@id\":\"https:\/\/buy-prescriptionz.com\/#website\",\"url\":\"https:\/\/buy-prescriptionz.com\/\",\"name\":\"Buy Prescriptionz\",\"description\":\"Drugs Online\",\"publisher\":{\"@id\":\"https:\/\/buy-prescriptionz.com\/#organization\"},\"potentialAction\":[{\"@type\":\"SearchAction\",\"target\":{\"@type\":\"EntryPoint\",\"urlTemplate\":\"https:\/\/buy-prescriptionz.com\/?s={search_term_string}\"},\"query-input\":{\"@type\":\"PropertyValueSpecification\",\"valueRequired\":true,\"valueName\":\"search_term_string\"}}],\"inLanguage\":\"it-IT\"},{\"@type\":\"Organization\",\"@id\":\"https:\/\/buy-prescriptionz.com\/#organization\",\"name\":\"Buy Prescriptionz\",\"url\":\"https:\/\/buy-prescriptionz.com\/\",\"logo\":{\"@type\":\"ImageObject\",\"inLanguage\":\"it-IT\",\"@id\":\"https:\/\/buy-prescriptionz.com\/#\/schema\/logo\/image\/\",\"url\":\"https:\/\/buy-prescriptionz.com\/wp-content\/uploads\/2023\/09\/logo.png\",\"contentUrl\":\"https:\/\/buy-prescriptionz.com\/wp-content\/uploads\/2023\/09\/logo.png\",\"width\":350,\"height\":64,\"caption\":\"Buy Prescriptionz\"},\"image\":{\"@id\":\"https:\/\/buy-prescriptionz.com\/#\/schema\/logo\/image\/\"}}]}<\/script>\n<!-- \/ Yoast SEO plugin. -->","yoast_head_json":{"title":"Acquista Clonazepam online, Acquista Rivotril online, Acquista Rivotril","description":"Acquista clonazepam online. Acquista klonopin online, acquista clonazepam online, acquista clonazepam, Acquista klonopin online legalmente, acquista klonopin, recensioni sull'acquisto di klonopin online","robots":{"index":"index","follow":"follow","max-snippet":"max-snippet:-1","max-image-preview":"max-image-preview:large","max-video-preview":"max-video-preview:-1"},"canonical":"https:\/\/buy-prescriptionz.com\/it\/prodotto\/acquista-clonazepam-online\/","og_locale":"it_IT","og_type":"article","og_title":"Buy Clonazepam Online, Buy Rivotril Online, Purchase Rivotril","og_description":"Buy clonazepam online.Buy klonopin online, buy clonazepam online, buy clonazepam, Buy klonopin online legally, buy klonopin, buy klonopin online reviews","og_url":"https:\/\/buy-prescriptionz.com\/it\/prodotto\/acquista-clonazepam-online\/","og_site_name":"Buy Prescriptionz","article_modified_time":"2025-09-20T12:20:33+00:00","og_image":[{"width":400,"height":300,"url":"https:\/\/buy-prescriptionz.com\/wp-content\/uploads\/2025\/09\/clonazepam.jpg","type":"image\/jpeg"}],"twitter_card":"summary_large_image","twitter_misc":{"Tempo di lettura stimato":"3 minuti"},"schema":{"@context":"https:\/\/schema.org","@graph":[{"@type":"WebPage","@id":"https:\/\/buy-prescriptionz.com\/product\/buy-clonazepam-online\/","url":"https:\/\/buy-prescriptionz.com\/product\/buy-clonazepam-online\/","name":"Acquista Clonazepam online, Acquista Rivotril online, Acquista Rivotril","isPartOf":{"@id":"https:\/\/buy-prescriptionz.com\/#website"},"primaryImageOfPage":{"@id":"https:\/\/buy-prescriptionz.com\/product\/buy-clonazepam-online\/#primaryimage"},"image":{"@id":"https:\/\/buy-prescriptionz.com\/product\/buy-clonazepam-online\/#primaryimage"},"thumbnailUrl":"https:\/\/buy-prescriptionz.com\/wp-content\/uploads\/2025\/09\/clonazepam.jpg","datePublished":"2025-09-16T08:55:51+00:00","dateModified":"2025-09-20T12:20:33+00:00","description":"Acquista clonazepam online. Acquista klonopin online, acquista clonazepam online, acquista clonazepam, Acquista klonopin online legalmente, acquista klonopin, recensioni sull'acquisto di klonopin online","breadcrumb":{"@id":"https:\/\/buy-prescriptionz.com\/product\/buy-clonazepam-online\/#breadcrumb"},"inLanguage":"it-IT","potentialAction":[{"@type":"ReadAction","target":["https:\/\/buy-prescriptionz.com\/product\/buy-clonazepam-online\/"]}]},{"@type":"ImageObject","inLanguage":"it-IT","@id":"https:\/\/buy-prescriptionz.com\/product\/buy-clonazepam-online\/#primaryimage","url":"https:\/\/buy-prescriptionz.com\/wp-content\/uploads\/2025\/09\/clonazepam.jpg","contentUrl":"https:\/\/buy-prescriptionz.com\/wp-content\/uploads\/2025\/09\/clonazepam.jpg","width":400,"height":300},{"@type":"BreadcrumbList","@id":"https:\/\/buy-prescriptionz.com\/product\/buy-clonazepam-online\/#breadcrumb","itemListElement":[{"@type":"ListItem","position":1,"name":"Home","item":"https:\/\/buy-prescriptionz.com\/"},{"@type":"ListItem","position":2,"name":"Shop Painkillers Online","item":"https:\/\/buy-prescriptionz.com\/shop-painkillers-online\/"},{"@type":"ListItem","position":3,"name":"Buy Clonazepam Online"}]},{"@type":"WebSite","@id":"https:\/\/buy-prescriptionz.com\/#website","url":"https:\/\/buy-prescriptionz.com\/","name":"Buy Prescriptionz","description":"Farmaci online","publisher":{"@id":"https:\/\/buy-prescriptionz.com\/#organization"},"potentialAction":[{"@type":"SearchAction","target":{"@type":"EntryPoint","urlTemplate":"https:\/\/buy-prescriptionz.com\/?s={search_term_string}"},"query-input":{"@type":"PropertyValueSpecification","valueRequired":true,"valueName":"search_term_string"}}],"inLanguage":"it-IT"},{"@type":"Organization","@id":"https:\/\/buy-prescriptionz.com\/#organization","name":"Buy Prescriptionz","url":"https:\/\/buy-prescriptionz.com\/","logo":{"@type":"ImageObject","inLanguage":"it-IT","@id":"https:\/\/buy-prescriptionz.com\/#\/schema\/logo\/image\/","url":"https:\/\/buy-prescriptionz.com\/wp-content\/uploads\/2023\/09\/logo.png","contentUrl":"https:\/\/buy-prescriptionz.com\/wp-content\/uploads\/2023\/09\/logo.png","width":350,"height":64,"caption":"Buy Prescriptionz"},"image":{"@id":"https:\/\/buy-prescriptionz.com\/#\/schema\/logo\/image\/"}}]}},"_links":{"self":[{"href":"https:\/\/buy-prescriptionz.com\/it\/wp-json\/wp\/v2\/product\/2982","targetHints":{"allow":["GET"]}}],"collection":[{"href":"https:\/\/buy-prescriptionz.com\/it\/wp-json\/wp\/v2\/product"}],"about":[{"href":"https:\/\/buy-prescriptionz.com\/it\/wp-json\/wp\/v2\/types\/product"}],"replies":[{"embeddable":true,"href":"https:\/\/buy-prescriptionz.com\/it\/wp-json\/wp\/v2\/comments?post=2982"}],"wp:featuredmedia":[{"embeddable":true,"href":"https:\/\/buy-prescriptionz.com\/it\/wp-json\/wp\/v2\/media\/3012"}],"wp:attachment":[{"href":"https:\/\/buy-prescriptionz.com\/it\/wp-json\/wp\/v2\/media?parent=2982"}],"wp:term":[{"taxonomy":"product_brand","embeddable":true,"href":"https:\/\/buy-prescriptionz.com\/it\/wp-json\/wp\/v2\/product_brand?post=2982"},{"taxonomy":"product_cat","embeddable":true,"href":"https:\/\/buy-prescriptionz.com\/it\/wp-json\/wp\/v2\/product_cat?post=2982"},{"taxonomy":"product_tag","embeddable":true,"href":"https:\/\/buy-prescriptionz.com\/it\/wp-json\/wp\/v2\/product_tag?post=2982"}],"curies":[{"name":"wp","href":"https:\/\/api.w.org\/{rel}","templated":true}]}}