{"id":2985,"date":"2025-09-16T08:55:51","date_gmt":"2025-09-16T08:55:51","guid":{"rendered":"https:\/\/chemsfine.com\/newsite\/?post_type=product&#038;p=2985"},"modified":"2026-01-30T13:59:44","modified_gmt":"2026-01-30T13:59:44","slug":"alprazolam","status":"publish","type":"product","link":"https:\/\/buy-prescriptionz.com\/it\/prodotto\/alprazolam\/","title":{"rendered":"Alprazolam"},"content":{"rendered":"<h2 style=\"text-align: justify;\">COMPRARE ALPRAZOLAM ONLINE<\/h2>\n<p style=\"text-align: justify;\">BUY ALPRAZOLAM ONLINE Buy alprazolam online, Il farmaco Alprazolam \u00e8 una benzodiazepina comune in ambito medico che viene anche presa per scopi ricreativi. \u00c8 normalmente usato per l'ansia e il disturbo di panico, anche se ha propriet\u00e0 antidepressive. I suoi effetti ricreativi consistono in ansiolisi, disinibizione ed euforia. CARATTERISTICHE Alprazolam \u00e8 usato per il trattamento di ansia e ...<\/p>\n<p style=\"text-align: justify;\">I suoi effetti ricreativi consistono in ansiolisi, disinibizione ed euforia.<\/p>\n<h3>Panoramica di Alprazolam<\/h3>\n<p>L'alprazolam \u00e8 utilizzato per il trattamento dei disturbi d'ansia e di panico. Appartiene a una classe di farmaci chiamati benzodiazepine che agiscono sul cervello e sui nervi per produrre un effetto calmante. Agisce potenziando gli effetti di una determinata sostanza chimica naturale presente nel corpo umano.<\/p>\n<h3>Usi dell'Alprazolam<\/h3>\n<ol>\n<li><strong>Disturbi d'ansia<\/strong>: La <strong>miglior Alprazolam <\/strong>viene comunemente prescritto per gestire i disturbi d'ansia, alleviando sintomi quali eccessiva preoccupazione, irrequietezza e irritabilit\u00e0.<\/li>\n<li><strong>Disturbi di panico<\/strong>: \u00c8 efficace nel trattamento dei disturbi di panico, caratterizzati da improvvisi attacchi di intensa paura e preoccupazione.<\/li>\n<li><strong>Sollievo a breve termine<\/strong>: Spesso utilizzato per la gestione a breve termine dei sintomi dell'ansia mentre vengono messi in atto piani di trattamento a lungo termine.<\/li>\n<\/ol>\n<h3>Benefici dell'Alprazolam<\/h3>\n<ol>\n<li><strong>Sollievo rapido<\/strong>: L'alprazolam \u00e8 noto per la sua azione rapida, che fornisce un rapido sollievo dai sintomi di ansia e panico.<\/li>\n<li><strong>Migliora la qualit\u00e0 della vita<\/strong>:Gestire efficacemente i sintomi pu\u00f2 migliorare significativamente la qualit\u00e0 della vita delle persone affette da disturbi d'ansia.<\/li>\n<li><strong>Ben studiato<\/strong>: L'alprazolam \u00e8 stato ampiamente studiato e utilizzato per decenni, il che lo rende un farmaco ben compreso e affidabile nella comunit\u00e0 medica.<\/li>\n<\/ol>\n<h3>Considerazioni importanti<\/h3>\n<ol>\n<li><strong>Dipendenza<\/strong>: L'uso prolungato comporta il rischio di dipendenza, per questo motivo viene solitamente prescritto per un uso a breve termine.<\/li>\n<li><strong>Effetti collaterali<\/strong>: Gli effetti collaterali comuni includono sonnolenza, vertigini e aumento della produzione di saliva. \u00c8 importante seguire il dosaggio prescritto e le linee guida per ridurre al minimo questi effetti.<\/li>\n<li><strong>Interazioni<\/strong>: L'alprazolam pu\u00f2 interagire con altri farmaci e sostanze, quindi \u00e8 fondamentale informare il medico di tutti i medicinali che si stanno assumendo.<\/li>\n<\/ol>\n<p>L'alprazolam \u00e8 un farmaco prezioso per chi soffre di ansia e disturbi di panico, offrendo un sollievo rapido ed efficace. Tuttavia, \u00e8 essenziale utilizzarlo sotto controllo medico a causa del potenziale di dipendenza e degli effetti collaterali. Per chi desidera acquistare l'alprazolam in modo sicuro e conveniente, una delle migliori farmacie online. <a href=\"https:\/\/buy-prescriptionz.com\/it\/\">buy-prescriptionz.com<\/a>.<\/p>\n<h3 style=\"text-align: justify;\">CARATTERISTICHE<\/h3>\n<p style=\"text-align: justify;\">L'alprazolam \u00e8 utilizzato per il trattamento dei disturbi d'ansia e di panico. Appartiene a una classe di farmaci chiamati benzodiazepine che agiscono sul cervello e sui nervi per produrre un effetto calmante. Agisce potenziando gli effetti di una determinata sostanza chimica naturale presente nel corpo umano.<\/p>\n<h3 style=\"text-align: justify;\">PRECAUZIONI<\/h3>\n<p style=\"text-align: justify;\">Prima di prendere questo, informi il medico o il farmacista se \u00e8 allergico ad esso; o ad altre benzodiazepine (come diazepam, lorazepam); o se hai altre allergie. Questo prodotto pu\u00f2 contenere ingredienti inattivi, che causano reazioni allergiche o altri problemi. Acquista alprazolam online<\/p>\n<p style=\"text-align: justify;\">Passa nel latte materno e pu\u00f2 avere effetti indesiderati sul bambino che allatta. L'allattamento al seno durante l'uso di questo farmaco non \u00e8 raccomandato. Consultare il medico prima di allattare.<\/p>\n<h3 style=\"text-align: justify;\">EFFETTI COLLATERALI<\/h3>\n<p style=\"text-align: justify;\">\u2022 Sonnolenza<br \/>\nFatica<br \/>\nAltri effetti collaterali includono<br \/>\nProblemi di memoria<br \/>\n\u2022 Speech problems<br \/>\n- Costipazione<br \/>\n\u2022 Changes in weight<br \/>\n\u2022 Dipendenza<br \/>\n- Mal di testa<br \/>\n- Costipazione<br \/>\n- Bocca secca<\/p>\n<h3 style=\"text-align: justify;\">SOVRADOSAGGIO<\/h3>\n<p style=\"text-align: justify;\">I sintomi da sovradosaggio possono includere: grave sonnolenza, riflessi rallentati\/ridotti, respirazione rallentata, perdita di coscienza.<\/p>\n<p style=\"text-align: justify;\">Se si sospetta un'overdose, contattare immediatamente il medico.<\/p>\n<h3 style=\"text-align: justify;\">DOSE MANCATA<\/h3>\n<p style=\"text-align: justify;\">Se si salta una dose, prenderla appena possibile. Se \u00e8 l'ora della dose successiva, saltare la dose saltata e riprendere lo schema di dosaggio abituale. Non raddoppiare la dose per recuperare.<\/p>\n<h3 style=\"text-align: justify;\">STOCCAGGIO<\/h3>\n<p style=\"text-align: justify;\">Conservare Alprazolam a temperatura ambiente, al riparo dalla luce e dall'umidit\u00e0. Non conservare in bagno. Tenere tutti i farmaci lontano da bambini e animali domestici. Non gettare i farmaci nel water e non versarli in uno scarico, a meno che non si ricevano istruzioni in tal senso.<\/p>\n<h3 style=\"text-align: justify;\">DOVE ACQUISTARE ALPRAZOLAM ONLINE?<\/h3>\n<p style=\"text-align: justify;\">buy-prescriptionz.com \u00e8 la migliore farmacia per la vendita di Alprazolam. Acquista Alprazolam online senza prescrizione medica su Buyprescriptionz al miglior prezzo.<\/p>","protected":false},"excerpt":{"rendered":"<p>BUY ALPRAZOLAM ONLINE Buy alprazolam online, Alprazolam drug is a common benzodiazepine in medical settings that is also taken for the recreational purposes. It\u2019s normally used for anxiety and panic disorder, though it has antidepressant properties. Its recreational effects consist of anxiolysis, disinhibition, and euphoria. Overview of Alprazolam Alprazolam is a prescription medication primarily used [&hellip;]<\/p>","protected":false},"featured_media":3015,"comment_status":"open","ping_status":"closed","template":"","meta":{"site-sidebar-layout":"default","site-content-layout":"","ast-site-content-layout":"default","site-content-style":"default","site-sidebar-style":"default","ast-global-header-display":"","ast-banner-title-visibility":"","ast-main-header-display":"","ast-hfb-above-header-display":"","ast-hfb-below-header-display":"","ast-hfb-mobile-header-display":"","site-post-title":"","ast-breadcrumbs-content":"","ast-featured-img":"","footer-sml-layout":"","theme-transparent-header-meta":"","adv-header-id-meta":"","stick-header-meta":"","header-above-stick-meta":"","header-main-stick-meta":"","header-below-stick-meta":"","astra-migrate-meta-layouts":"default","ast-page-background-enabled":"default","ast-page-background-meta":{"desktop":{"background-color":"var(--ast-global-color-4)","background-image":"","background-repeat":"repeat","background-position":"center center","background-size":"auto","background-attachment":"scroll","background-type":"","background-media":"","overlay-type":"","overlay-color":"","overlay-opacity":"","overlay-gradient":""},"tablet":{"background-color":"","background-image":"","background-repeat":"repeat","background-position":"center center","background-size":"auto","background-attachment":"scroll","background-type":"","background-media":"","overlay-type":"","overlay-color":"","overlay-opacity":"","overlay-gradient":""},"mobile":{"background-color":"","background-image":"","background-repeat":"repeat","background-position":"center center","background-size":"auto","background-attachment":"scroll","background-type":"","background-media":"","overlay-type":"","overlay-color":"","overlay-opacity":"","overlay-gradient":""}},"ast-content-background-meta":{"desktop":{"background-color":"var(--ast-global-color-5)","background-image":"","background-repeat":"repeat","background-position":"center center","background-size":"auto","background-attachment":"scroll","background-type":"","background-media":"","overlay-type":"","overlay-color":"","overlay-opacity":"","overlay-gradient":""},"tablet":{"background-color":"var(--ast-global-color-5)","background-image":"","background-repeat":"repeat","background-position":"center center","background-size":"auto","background-attachment":"scroll","background-type":"","background-media":"","overlay-type":"","overlay-color":"","overlay-opacity":"","overlay-gradient":""},"mobile":{"background-color":"var(--ast-global-color-5)","background-image":"","background-repeat":"repeat","background-position":"center center","background-size":"auto","background-attachment":"scroll","background-type":"","background-media":"","overlay-type":"","overlay-color":"","overlay-opacity":"","overlay-gradient":""}}},"product_brand":[],"product_cat":[2381],"product_tag":[1807,1815,1816,1814,1809,1812,1811,1810,1813,1808],"class_list":{"0":"post-2985","1":"product","2":"type-product","3":"status-publish","4":"has-post-thumbnail","6":"product_cat-buy-depressants-and-anxiety-pills-online","7":"product_tag-alprazolam-for-sale","8":"product_tag-buy-alprazolam-in-canada","9":"product_tag-buy-alprazolam-in-uk","10":"product_tag-buy-alprazolam-in-usa","11":"product_tag-buy-alprazolam-with-bitcoin","12":"product_tag-buy-alprazolam-with-credit-card","13":"product_tag-buy-alprazolam-with-money-gram","14":"product_tag-buy-alprazolam-with-western-union","15":"product_tag-buy-alprazolam-without-a-doctor","16":"product_tag-buy-alprazolam-without-prescription","17":"desktop-align-center","18":"tablet-align-left","19":"mobile-align-left","21":"first","22":"instock","23":"shipping-taxable","24":"purchasable","25":"product-type-variable","26":"has-default-attributes"},"yoast_head":"<!-- This site is optimized with the Yoast SEO plugin v25.9 - https:\/\/yoast.com\/wordpress\/plugins\/seo\/ -->\n<title>Buy alprazolam online - Order alprazolam online , alprazolam<\/title>\n<meta name=\"description\" content=\"Buy alprazolam online, BUY ALPRAZOLAM ONLINE, NO PRESCRIPTION REQUIRED, WHERE TO BUY alprazolam ONLINE OVERNIGHT SHIPPING BUY CHEAP\" \/>\n<meta name=\"robots\" content=\"index, follow, max-snippet:-1, max-image-preview:large, max-video-preview:-1\" \/>\n<link rel=\"canonical\" href=\"https:\/\/buy-prescriptionz.com\/it\/prodotto\/alprazolam\/\" \/>\n<meta property=\"og:locale\" content=\"it_IT\" \/>\n<meta property=\"og:type\" content=\"article\" \/>\n<meta property=\"og:title\" content=\"Buy alprazolam online - Order alprazolam online , alprazolam\" \/>\n<meta property=\"og:description\" content=\"Buy alprazolam online, BUY ALPRAZOLAM ONLINE, NO PRESCRIPTION REQUIRED, WHERE TO BUY alprazolam ONLINE OVERNIGHT SHIPPING BUY CHEAP\" \/>\n<meta property=\"og:url\" content=\"https:\/\/buy-prescriptionz.com\/it\/prodotto\/alprazolam\/\" \/>\n<meta property=\"og:site_name\" content=\"Buy Prescriptionz\" \/>\n<meta property=\"article:modified_time\" content=\"2026-01-30T13:59:44+00:00\" \/>\n<meta property=\"og:image\" content=\"https:\/\/buy-prescriptionz.com\/wp-content\/uploads\/2025\/09\/alprazolam.jpg\" \/>\n\t<meta property=\"og:image:width\" content=\"400\" \/>\n\t<meta property=\"og:image:height\" content=\"300\" \/>\n\t<meta property=\"og:image:type\" content=\"image\/jpeg\" \/>\n<meta name=\"twitter:card\" content=\"summary_large_image\" \/>\n<meta name=\"twitter:label1\" content=\"Tempo di lettura stimato\" \/>\n\t<meta name=\"twitter:data1\" content=\"3 minuti\" \/>\n<script type=\"application\/ld+json\" class=\"yoast-schema-graph\">{\"@context\":\"https:\/\/schema.org\",\"@graph\":[{\"@type\":\"WebPage\",\"@id\":\"https:\/\/buy-prescriptionz.com\/cs\/produkt\/alprazolam\/\",\"url\":\"https:\/\/buy-prescriptionz.com\/cs\/produkt\/alprazolam\/\",\"name\":\"Buy alprazolam online - Order alprazolam online , alprazolam\",\"isPartOf\":{\"@id\":\"https:\/\/buy-prescriptionz.com\/#website\"},\"primaryImageOfPage\":{\"@id\":\"https:\/\/buy-prescriptionz.com\/cs\/produkt\/alprazolam\/#primaryimage\"},\"image\":{\"@id\":\"https:\/\/buy-prescriptionz.com\/cs\/produkt\/alprazolam\/#primaryimage\"},\"thumbnailUrl\":\"https:\/\/buy-prescriptionz.com\/wp-content\/uploads\/2025\/09\/alprazolam.jpg\",\"datePublished\":\"2025-09-16T08:55:51+00:00\",\"dateModified\":\"2026-01-30T13:59:44+00:00\",\"description\":\"Buy alprazolam online, BUY ALPRAZOLAM ONLINE, NO PRESCRIPTION REQUIRED, WHERE TO BUY alprazolam ONLINE OVERNIGHT SHIPPING BUY CHEAP\",\"breadcrumb\":{\"@id\":\"https:\/\/buy-prescriptionz.com\/cs\/produkt\/alprazolam\/#breadcrumb\"},\"inLanguage\":\"it-IT\",\"potentialAction\":[{\"@type\":\"ReadAction\",\"target\":[\"https:\/\/buy-prescriptionz.com\/cs\/produkt\/alprazolam\/\"]}]},{\"@type\":\"ImageObject\",\"inLanguage\":\"it-IT\",\"@id\":\"https:\/\/buy-prescriptionz.com\/cs\/produkt\/alprazolam\/#primaryimage\",\"url\":\"https:\/\/buy-prescriptionz.com\/wp-content\/uploads\/2025\/09\/alprazolam.jpg\",\"contentUrl\":\"https:\/\/buy-prescriptionz.com\/wp-content\/uploads\/2025\/09\/alprazolam.jpg\",\"width\":400,\"height\":300},{\"@type\":\"BreadcrumbList\",\"@id\":\"https:\/\/buy-prescriptionz.com\/cs\/produkt\/alprazolam\/#breadcrumb\",\"itemListElement\":[{\"@type\":\"ListItem\",\"position\":1,\"name\":\"Home\",\"item\":\"https:\/\/buy-prescriptionz.com\/\"},{\"@type\":\"ListItem\",\"position\":2,\"name\":\"Shop Painkillers Online\",\"item\":\"https:\/\/buy-prescriptionz.com\/shop-painkillers-online\/\"},{\"@type\":\"ListItem\",\"position\":3,\"name\":\"Alprazolam\"}]},{\"@type\":\"WebSite\",\"@id\":\"https:\/\/buy-prescriptionz.com\/#website\",\"url\":\"https:\/\/buy-prescriptionz.com\/\",\"name\":\"Buy Prescriptionz\",\"description\":\"Drugs Online\",\"publisher\":{\"@id\":\"https:\/\/buy-prescriptionz.com\/#organization\"},\"potentialAction\":[{\"@type\":\"SearchAction\",\"target\":{\"@type\":\"EntryPoint\",\"urlTemplate\":\"https:\/\/buy-prescriptionz.com\/?s={search_term_string}\"},\"query-input\":{\"@type\":\"PropertyValueSpecification\",\"valueRequired\":true,\"valueName\":\"search_term_string\"}}],\"inLanguage\":\"it-IT\"},{\"@type\":\"Organization\",\"@id\":\"https:\/\/buy-prescriptionz.com\/#organization\",\"name\":\"Buy Prescriptionz\",\"url\":\"https:\/\/buy-prescriptionz.com\/\",\"logo\":{\"@type\":\"ImageObject\",\"inLanguage\":\"it-IT\",\"@id\":\"https:\/\/buy-prescriptionz.com\/#\/schema\/logo\/image\/\",\"url\":\"https:\/\/buy-prescriptionz.com\/wp-content\/uploads\/2023\/09\/logo.png\",\"contentUrl\":\"https:\/\/buy-prescriptionz.com\/wp-content\/uploads\/2023\/09\/logo.png\",\"width\":350,\"height\":64,\"caption\":\"Buy Prescriptionz\"},\"image\":{\"@id\":\"https:\/\/buy-prescriptionz.com\/#\/schema\/logo\/image\/\"}}]}<\/script>\n<!-- \/ Yoast SEO plugin. -->","yoast_head_json":{"title":"Acquista alprazolam online - Ordina alprazolam online, alprazolam","description":"Acquista alprazolam online, ACQUISTA ALPRAZOLAM ONLINE, NON \u00c8 RICHIESTA LA RICETTA, DOVE ACQUISTARE alprazolam ONLINE SPEDIZIONE NOTTURNA ACQUISTA A BASSO COSTO","robots":{"index":"index","follow":"follow","max-snippet":"max-snippet:-1","max-image-preview":"max-image-preview:large","max-video-preview":"max-video-preview:-1"},"canonical":"https:\/\/buy-prescriptionz.com\/it\/prodotto\/alprazolam\/","og_locale":"it_IT","og_type":"article","og_title":"Buy alprazolam online - Order alprazolam online , alprazolam","og_description":"Buy alprazolam online, BUY ALPRAZOLAM ONLINE, NO PRESCRIPTION REQUIRED, WHERE TO BUY alprazolam ONLINE OVERNIGHT SHIPPING BUY CHEAP","og_url":"https:\/\/buy-prescriptionz.com\/it\/prodotto\/alprazolam\/","og_site_name":"Buy Prescriptionz","article_modified_time":"2026-01-30T13:59:44+00:00","og_image":[{"width":400,"height":300,"url":"https:\/\/buy-prescriptionz.com\/wp-content\/uploads\/2025\/09\/alprazolam.jpg","type":"image\/jpeg"}],"twitter_card":"summary_large_image","twitter_misc":{"Tempo di lettura stimato":"3 minuti"},"schema":{"@context":"https:\/\/schema.org","@graph":[{"@type":"WebPage","@id":"https:\/\/buy-prescriptionz.com\/cs\/produkt\/alprazolam\/","url":"https:\/\/buy-prescriptionz.com\/cs\/produkt\/alprazolam\/","name":"Acquista alprazolam online - Ordina alprazolam online, alprazolam","isPartOf":{"@id":"https:\/\/buy-prescriptionz.com\/#website"},"primaryImageOfPage":{"@id":"https:\/\/buy-prescriptionz.com\/cs\/produkt\/alprazolam\/#primaryimage"},"image":{"@id":"https:\/\/buy-prescriptionz.com\/cs\/produkt\/alprazolam\/#primaryimage"},"thumbnailUrl":"https:\/\/buy-prescriptionz.com\/wp-content\/uploads\/2025\/09\/alprazolam.jpg","datePublished":"2025-09-16T08:55:51+00:00","dateModified":"2026-01-30T13:59:44+00:00","description":"Acquista alprazolam online, ACQUISTA ALPRAZOLAM ONLINE, NON \u00c8 RICHIESTA LA RICETTA, DOVE ACQUISTARE alprazolam ONLINE SPEDIZIONE NOTTURNA ACQUISTA A BASSO COSTO","breadcrumb":{"@id":"https:\/\/buy-prescriptionz.com\/cs\/produkt\/alprazolam\/#breadcrumb"},"inLanguage":"it-IT","potentialAction":[{"@type":"ReadAction","target":["https:\/\/buy-prescriptionz.com\/cs\/produkt\/alprazolam\/"]}]},{"@type":"ImageObject","inLanguage":"it-IT","@id":"https:\/\/buy-prescriptionz.com\/cs\/produkt\/alprazolam\/#primaryimage","url":"https:\/\/buy-prescriptionz.com\/wp-content\/uploads\/2025\/09\/alprazolam.jpg","contentUrl":"https:\/\/buy-prescriptionz.com\/wp-content\/uploads\/2025\/09\/alprazolam.jpg","width":400,"height":300},{"@type":"BreadcrumbList","@id":"https:\/\/buy-prescriptionz.com\/cs\/produkt\/alprazolam\/#breadcrumb","itemListElement":[{"@type":"ListItem","position":1,"name":"Home","item":"https:\/\/buy-prescriptionz.com\/"},{"@type":"ListItem","position":2,"name":"Shop Painkillers Online","item":"https:\/\/buy-prescriptionz.com\/shop-painkillers-online\/"},{"@type":"ListItem","position":3,"name":"Alprazolam"}]},{"@type":"WebSite","@id":"https:\/\/buy-prescriptionz.com\/#website","url":"https:\/\/buy-prescriptionz.com\/","name":"Buy Prescriptionz","description":"Farmaci online","publisher":{"@id":"https:\/\/buy-prescriptionz.com\/#organization"},"potentialAction":[{"@type":"SearchAction","target":{"@type":"EntryPoint","urlTemplate":"https:\/\/buy-prescriptionz.com\/?s={search_term_string}"},"query-input":{"@type":"PropertyValueSpecification","valueRequired":true,"valueName":"search_term_string"}}],"inLanguage":"it-IT"},{"@type":"Organization","@id":"https:\/\/buy-prescriptionz.com\/#organization","name":"Buy Prescriptionz","url":"https:\/\/buy-prescriptionz.com\/","logo":{"@type":"ImageObject","inLanguage":"it-IT","@id":"https:\/\/buy-prescriptionz.com\/#\/schema\/logo\/image\/","url":"https:\/\/buy-prescriptionz.com\/wp-content\/uploads\/2023\/09\/logo.png","contentUrl":"https:\/\/buy-prescriptionz.com\/wp-content\/uploads\/2023\/09\/logo.png","width":350,"height":64,"caption":"Buy Prescriptionz"},"image":{"@id":"https:\/\/buy-prescriptionz.com\/#\/schema\/logo\/image\/"}}]}},"_links":{"self":[{"href":"https:\/\/buy-prescriptionz.com\/it\/wp-json\/wp\/v2\/product\/2985","targetHints":{"allow":["GET"]}}],"collection":[{"href":"https:\/\/buy-prescriptionz.com\/it\/wp-json\/wp\/v2\/product"}],"about":[{"href":"https:\/\/buy-prescriptionz.com\/it\/wp-json\/wp\/v2\/types\/product"}],"replies":[{"embeddable":true,"href":"https:\/\/buy-prescriptionz.com\/it\/wp-json\/wp\/v2\/comments?post=2985"}],"wp:featuredmedia":[{"embeddable":true,"href":"https:\/\/buy-prescriptionz.com\/it\/wp-json\/wp\/v2\/media\/3015"}],"wp:attachment":[{"href":"https:\/\/buy-prescriptionz.com\/it\/wp-json\/wp\/v2\/media?parent=2985"}],"wp:term":[{"taxonomy":"product_brand","embeddable":true,"href":"https:\/\/buy-prescriptionz.com\/it\/wp-json\/wp\/v2\/product_brand?post=2985"},{"taxonomy":"product_cat","embeddable":true,"href":"https:\/\/buy-prescriptionz.com\/it\/wp-json\/wp\/v2\/product_cat?post=2985"},{"taxonomy":"product_tag","embeddable":true,"href":"https:\/\/buy-prescriptionz.com\/it\/wp-json\/wp\/v2\/product_tag?post=2985"}],"curies":[{"name":"wp","href":"https:\/\/api.w.org\/{rel}","templated":true}]}}