{"id":2992,"date":"2025-09-16T08:55:52","date_gmt":"2025-09-16T08:55:52","guid":{"rendered":"https:\/\/chemsfine.com\/newsite\/?post_type=product&#038;p=2992"},"modified":"2025-09-30T12:37:28","modified_gmt":"2025-09-30T12:37:28","slug":"acquista-suboxone-online","status":"publish","type":"product","link":"https:\/\/buy-prescriptionz.com\/it\/prodotto\/acquista-suboxone-online\/","title":{"rendered":"Comprare Suboxone online"},"content":{"rendered":"<h2>Acquista Suboxone online<\/h2>\n<p>Buprenorfina\/naloxone, venduto con il marchio Suboxone, \u00e8 un farmaco che contiene una miscela di buprenorfina e naloxone. Il Suboxone in vendita \u00e8 indicato per il trattamento della tossicodipendenza. Riduce gli effetti collaterali dell'astinenza per circa 24 ore. Il Suboxone pu\u00f2 essere assunto in due diverse formulazioni, sotto la lingua o nella guancia.<\/p>\n<h3>Come acquistare Suboxone online su buy-prescriptionz.com<\/h3>\n<p>I sintomi del Suboxone online possono includere problemi respiratori, stanchezza e ipotensione. Il composto naloxone \u00e8 un farmaco che contrasta e contrasta l'effetto di altri narcotici, inclusa la buprenorfina. Il naloxone viene trattenuto quando assunto per via orale e viene aggiunto per ridurre il rischio di abuso tramite iniezione. La combinazione buprenorfina\/naloxone \u00e8 indicata per il trattamento dei disturbi da narcotici. I risultati a lungo termine sono generalmente migliori con l'uso di buprenorfina\/naloxone rispetto all'uso del narcotico nel suo complesso. Dove acquistare Suboxone online? La combinazione dei due farmaci \u00e8 preferibile alla sola buprenorfina per il trattamento di supporto, grazie al naloxone presente nella formulazione, che contribuisce ad alleviare l'abuso, in particolare contro l'uso endovenoso.<\/p>\n<h3>Acquista Suboxone al prezzo conveniente di 8 mg, 4 mg o 2 mg<\/h3>\n<p>Acquista Suboxone in una confezione discreta per il trattamento della dipendenza da stupefacenti, e rientra tra i farmaci di prima linea prescritti dal National Institute on Drug Abuse degli Stati Uniti, con un servizio di spedizione rapido e sicuro su buy-prescriptionz.com. Il farmaco \u00e8 un efficace trattamento di mantenimento per la tossicodipendenza e ha un'efficacia generalmente paragonabile al metadone, che \u00e8 pi\u00f9 efficace di altri trattamenti basati su sostanze.<\/p>\n<h3>Acquista Suboxone senza prescrizione medica: usi medici<\/h3>\n<p>Acquista Suboxone senza un medico perch\u00e9 di conseguenza comporta maggiori rischi in questa dipendenza da farmaci impotenti. Ordina Suboxone online per pazienti con problemi di droga socialmente stabili che non saranno in grado di recuperare le prescrizioni da un giorno all'altro. \u00c8 adatto a coloro che potrebbero avere un'altra condizione che richiede visite mediche essenziali regolari con un servizio di consegna rapido e sicuro su buy-prescriptionz.com. Acquista Suboxone online invece del metadone in caso di elevato rischio di letalit\u00e0 da metadone, ad esempio gli anziani, coloro che assumono dosi elevate di benzodiazepine o altri farmaci sedativi e coloro che sono ad alto rischio di sindrome del QT ritardato.<\/p>\n<p>Prima di approfondire i vantaggi dell'acquisto di Suboxone online, \u00e8 essenziale capire cos'\u00e8 Suboxone e come funziona. Il Suboxone migliore \u00e8 una combinazione di farmaci contenente buprenorfina e naloxone. La buprenorfina \u00e8 un agonista parziale degli oppioidi, il che significa che attiva i recettori degli oppioidi nel cervello, ma in misura minore rispetto agli agonisti completi degli oppioidi come l'eroina o la morfina. Il naloxone viene aggiunto per scoraggiare l'abuso del farmaco, poich\u00e9 pu\u00f2 bloccare gli effetti degli oppioidi e scatenare i sintomi di astinenza se assunto in modo inappropriato. Suboxone \u00e8 comunemente utilizzato nei programmi di trattamento farmacologico assistito (MAT) per aiutare le persone a ridurre o interrompere l'uso di oppioidi. Pu\u00f2 aiutare a gestire i sintomi di astinenza e il desiderio, consentendo alle persone di concentrarsi sulla propria guarigione senza gli intensi effetti fisiologici dell'astinenza da oppioidi.<\/p>\n<h3>Trattamento della dipendenza da oppioidi<\/h3>\n<p>Uno degli usi principali del Suboxone \u00e8 il trattamento della dipendenza da oppioidi. La dipendenza da oppioidi \u00e8 un problema grave e diffuso che pu\u00f2 avere effetti devastanti sulla salute, sulle relazioni e sulla qualit\u00e0 della vita in generale. Il Suboxone agisce riducendo i sintomi di astinenza e il desiderio di droga, facilitando il superamento della dipendenza e la concentrazione sul recupero.<\/p>\n<h3>In che modo Suboxone aiuta?<\/h3>\n<p>Se assunto come prescritto, Suboxone pu\u00f2 aiutare a ridurre gradualmente la dose di oppioidi e raggiungere la sobriet\u00e0. Poich\u00e9 la buprenorfina \u00e8 un agonista parziale, ha un potenziale di abuso e dipendenza inferiore rispetto agli agonisti completi degli oppioidi. Questo la rende un'alternativa pi\u00f9 sicura per le persone che lottano contro la dipendenza da oppioidi e potrebbero essere a rischio di ricadute.<\/p>\n<h2>Gestione del dolore<\/h2>\n<p>Oltre a trattare la dipendenza da oppioidi, Suboxone pu\u00f2 essere utilizzato anche per la gestione del dolore. La buprenorfina, il principale principio attivo di Suboxone, \u00e8 un potente antidolorifico che pu\u00f2 essere efficace sia per il dolore acuto che cronico. Viene spesso utilizzato come alternativa agli oppioidi tradizionali come la morfina o l'ossicodone, soprattutto per i soggetti a rischio di dipendenza o overdose.<\/p>\n<h3>Benefici del Suboxone per la gestione del dolore<\/h3>\n<p>Uno dei principali vantaggi dell'uso di Suboxone per la gestione del dolore \u00e8 il suo minor rischio di abuso e dipendenza. Poich\u00e9 la buprenorfina \u00e8 un agonista parziale, ha un effetto tetto, il che significa che l'assunzione di una dose maggiore di farmaco non determina un effetto maggiore. Questo pu\u00f2 contribuire a ridurre la probabilit\u00e0 di overdose e altri gravi effetti collaterali associati agli oppioidi tradizionali.<\/p>\n<h3>Trattamento della doppia diagnosi<\/h3>\n<p>Il Suboxone \u00e8 utilizzato anche nei programmi di trattamento per la doppia diagnosi per individui con dipendenza da oppioidi e disturbi mentali concomitanti. Molti individui che lottano contro la dipendenza presentano anche problemi di salute mentale preesistenti, come depressione, ansia o disturbo bipolare. Il Suboxone pu\u00f2 aiutare a stabilizzare l'umore e a migliorare la salute mentale generale, facilitando l'accesso alla terapia e ad altri trattamenti.<\/p>\n<h3>\u00a0Perch\u00e9 scegliere buy-prescriptionz.com<\/h3>\n<p>Per chi sta pensando di acquistare Suboxone online, buy-prescriptionz.com \u00e8 una farmacia affidabile e la migliore. Con un sito web intuitivo, opzioni di pagamento sicure e confezioni discrete, buy-prescriptionz.com d\u00e0 priorit\u00e0 alla soddisfazione e alla sicurezza del cliente. Scegliendo buy-prescriptionz.com, gli utenti possono accedere a Suboxone di alta qualit\u00e0 a prezzi competitivi. La comodit\u00e0 dell'ordine online, unita ai vantaggi della privacy e del risparmio sui costi, rende buy-prescriptionz.com la scelta migliore per chi cerca Suboxone online.<\/p>","protected":false},"excerpt":{"rendered":"<p>Buy Suboxone online Buprenorphine\/naloxone, sold under the brand name Suboxone, is a medicine that is a blend of buprenorphine and naloxone. Suboxone for sale is to treat drug dependence disorder. It diminishes withdrawal side effects for around 24 hours. Buy Suboxone for use in two unique structures, under the tongue or in the cheek. How [&hellip;]<\/p>","protected":false},"featured_media":3022,"comment_status":"open","ping_status":"closed","template":"","meta":{"site-sidebar-layout":"default","site-content-layout":"","ast-site-content-layout":"default","site-content-style":"default","site-sidebar-style":"default","ast-global-header-display":"","ast-banner-title-visibility":"","ast-main-header-display":"","ast-hfb-above-header-display":"","ast-hfb-below-header-display":"","ast-hfb-mobile-header-display":"","site-post-title":"","ast-breadcrumbs-content":"","ast-featured-img":"","footer-sml-layout":"","theme-transparent-header-meta":"default","adv-header-id-meta":"","stick-header-meta":"","header-above-stick-meta":"","header-main-stick-meta":"","header-below-stick-meta":"","astra-migrate-meta-layouts":"set","ast-page-background-enabled":"default","ast-page-background-meta":{"desktop":{"background-color":"var(--ast-global-color-4)","background-image":"","background-repeat":"repeat","background-position":"center center","background-size":"auto","background-attachment":"scroll","background-type":"","background-media":"","overlay-type":"","overlay-color":"","overlay-opacity":"","overlay-gradient":""},"tablet":{"background-color":"","background-image":"","background-repeat":"repeat","background-position":"center center","background-size":"auto","background-attachment":"scroll","background-type":"","background-media":"","overlay-type":"","overlay-color":"","overlay-opacity":"","overlay-gradient":""},"mobile":{"background-color":"","background-image":"","background-repeat":"repeat","background-position":"center center","background-size":"auto","background-attachment":"scroll","background-type":"","background-media":"","overlay-type":"","overlay-color":"","overlay-opacity":"","overlay-gradient":""}},"ast-content-background-meta":{"desktop":{"background-color":"var(--ast-global-color-5)","background-image":"","background-repeat":"repeat","background-position":"center center","background-size":"auto","background-attachment":"scroll","background-type":"","background-media":"","overlay-type":"","overlay-color":"","overlay-opacity":"","overlay-gradient":""},"tablet":{"background-color":"var(--ast-global-color-5)","background-image":"","background-repeat":"repeat","background-position":"center center","background-size":"auto","background-attachment":"scroll","background-type":"","background-media":"","overlay-type":"","overlay-color":"","overlay-opacity":"","overlay-gradient":""},"mobile":{"background-color":"var(--ast-global-color-5)","background-image":"","background-repeat":"repeat","background-position":"center center","background-size":"auto","background-attachment":"scroll","background-type":"","background-media":"","overlay-type":"","overlay-color":"","overlay-opacity":"","overlay-gradient":""}}},"product_brand":[],"product_cat":[2382],"product_tag":[1581,1582,1580,1575,1578,1577,1576,1579,1574,1583,1573],"class_list":{"0":"post-2992","1":"product","2":"type-product","3":"status-publish","4":"has-post-thumbnail","6":"product_cat-buy-opioids-online","7":"product_tag-buy-suboxone-in-canada","8":"product_tag-buy-suboxone-in-uk","9":"product_tag-buy-suboxone-in-usa","10":"product_tag-buy-suboxone-with-bitcoin","11":"product_tag-buy-suboxone-with-credit-card","12":"product_tag-buy-suboxone-with-money-gram","13":"product_tag-buy-suboxone-with-western-union","14":"product_tag-buy-suboxone-without-a-doctor","15":"product_tag-buy-suboxone-without-prescription","16":"product_tag-suboxone","17":"product_tag-suboxone-for-sale","18":"desktop-align-center","19":"tablet-align-left","20":"mobile-align-left","22":"first","23":"instock","24":"shipping-taxable","25":"purchasable","26":"product-type-variable","27":"has-default-attributes"},"yoast_head":"<!-- This site is optimized with the Yoast SEO plugin v25.9 - https:\/\/yoast.com\/wordpress\/plugins\/seo\/ -->\n<title>Buy Suboxone Online USA - Buy Suboxone Online for Sale - Buy Prescriptionz<\/title>\n<meta name=\"description\" content=\"Buyprescriptionz.com is an online pharmacy store where you can Buy Suboxone Online at best price without doctor&#039;s prescription. Buy Suboxone Online Now with Free &amp; Secure Shipping!\" \/>\n<meta name=\"robots\" content=\"index, follow, max-snippet:-1, max-image-preview:large, max-video-preview:-1\" \/>\n<link rel=\"canonical\" href=\"https:\/\/buy-prescriptionz.com\/it\/prodotto\/acquista-suboxone-online\/\" \/>\n<meta property=\"og:locale\" content=\"it_IT\" \/>\n<meta property=\"og:type\" content=\"article\" \/>\n<meta property=\"og:title\" content=\"Buy Suboxone Online USA - Buy Suboxone Online for Sale - Buy Prescriptionz\" \/>\n<meta property=\"og:description\" content=\"Buyprescriptionz.com is an online pharmacy store where you can Buy Suboxone Online at best price without doctor&#039;s prescription. Buy Suboxone Online Now with Free &amp; Secure Shipping!\" \/>\n<meta property=\"og:url\" content=\"https:\/\/buy-prescriptionz.com\/it\/prodotto\/acquista-suboxone-online\/\" \/>\n<meta property=\"og:site_name\" content=\"Buy Prescriptionz\" \/>\n<meta property=\"article:modified_time\" content=\"2025-09-30T12:37:28+00:00\" \/>\n<meta property=\"og:image\" content=\"https:\/\/buy-prescriptionz.com\/wp-content\/uploads\/2025\/09\/suboxone.jpg\" \/>\n\t<meta property=\"og:image:width\" content=\"400\" \/>\n\t<meta property=\"og:image:height\" content=\"300\" \/>\n\t<meta property=\"og:image:type\" content=\"image\/jpeg\" \/>\n<meta name=\"twitter:card\" content=\"summary_large_image\" \/>\n<meta name=\"twitter:label1\" content=\"Tempo di lettura stimato\" \/>\n\t<meta name=\"twitter:data1\" content=\"5 minuti\" \/>\n<script type=\"application\/ld+json\" class=\"yoast-schema-graph\">{\"@context\":\"https:\/\/schema.org\",\"@graph\":[{\"@type\":\"WebPage\",\"@id\":\"https:\/\/buy-prescriptionz.com\/product\/buy-suboxone-online\/\",\"url\":\"https:\/\/buy-prescriptionz.com\/product\/buy-suboxone-online\/\",\"name\":\"Buy Suboxone Online USA - Buy Suboxone Online for Sale - Buy Prescriptionz\",\"isPartOf\":{\"@id\":\"https:\/\/buy-prescriptionz.com\/#website\"},\"primaryImageOfPage\":{\"@id\":\"https:\/\/buy-prescriptionz.com\/product\/buy-suboxone-online\/#primaryimage\"},\"image\":{\"@id\":\"https:\/\/buy-prescriptionz.com\/product\/buy-suboxone-online\/#primaryimage\"},\"thumbnailUrl\":\"https:\/\/buy-prescriptionz.com\/wp-content\/uploads\/2025\/09\/suboxone.jpg\",\"datePublished\":\"2025-09-16T08:55:52+00:00\",\"dateModified\":\"2025-09-30T12:37:28+00:00\",\"description\":\"Buyprescriptionz.com is an online pharmacy store where you can Buy Suboxone Online at best price without doctor's prescription. Buy Suboxone Online Now with Free & Secure Shipping!\",\"breadcrumb\":{\"@id\":\"https:\/\/buy-prescriptionz.com\/product\/buy-suboxone-online\/#breadcrumb\"},\"inLanguage\":\"it-IT\",\"potentialAction\":[{\"@type\":\"ReadAction\",\"target\":[\"https:\/\/buy-prescriptionz.com\/product\/buy-suboxone-online\/\"]}]},{\"@type\":\"ImageObject\",\"inLanguage\":\"it-IT\",\"@id\":\"https:\/\/buy-prescriptionz.com\/product\/buy-suboxone-online\/#primaryimage\",\"url\":\"https:\/\/buy-prescriptionz.com\/wp-content\/uploads\/2025\/09\/suboxone.jpg\",\"contentUrl\":\"https:\/\/buy-prescriptionz.com\/wp-content\/uploads\/2025\/09\/suboxone.jpg\",\"width\":400,\"height\":300},{\"@type\":\"BreadcrumbList\",\"@id\":\"https:\/\/buy-prescriptionz.com\/product\/buy-suboxone-online\/#breadcrumb\",\"itemListElement\":[{\"@type\":\"ListItem\",\"position\":1,\"name\":\"Home\",\"item\":\"https:\/\/buy-prescriptionz.com\/\"},{\"@type\":\"ListItem\",\"position\":2,\"name\":\"Shop Painkillers Online\",\"item\":\"https:\/\/buy-prescriptionz.com\/shop-painkillers-online\/\"},{\"@type\":\"ListItem\",\"position\":3,\"name\":\"Buy Suboxone Online\"}]},{\"@type\":\"WebSite\",\"@id\":\"https:\/\/buy-prescriptionz.com\/#website\",\"url\":\"https:\/\/buy-prescriptionz.com\/\",\"name\":\"Buy Prescriptionz\",\"description\":\"Drugs Online\",\"publisher\":{\"@id\":\"https:\/\/buy-prescriptionz.com\/#organization\"},\"potentialAction\":[{\"@type\":\"SearchAction\",\"target\":{\"@type\":\"EntryPoint\",\"urlTemplate\":\"https:\/\/buy-prescriptionz.com\/?s={search_term_string}\"},\"query-input\":{\"@type\":\"PropertyValueSpecification\",\"valueRequired\":true,\"valueName\":\"search_term_string\"}}],\"inLanguage\":\"it-IT\"},{\"@type\":\"Organization\",\"@id\":\"https:\/\/buy-prescriptionz.com\/#organization\",\"name\":\"Buy Prescriptionz\",\"url\":\"https:\/\/buy-prescriptionz.com\/\",\"logo\":{\"@type\":\"ImageObject\",\"inLanguage\":\"it-IT\",\"@id\":\"https:\/\/buy-prescriptionz.com\/#\/schema\/logo\/image\/\",\"url\":\"https:\/\/buy-prescriptionz.com\/wp-content\/uploads\/2023\/09\/logo.png\",\"contentUrl\":\"https:\/\/buy-prescriptionz.com\/wp-content\/uploads\/2023\/09\/logo.png\",\"width\":350,\"height\":64,\"caption\":\"Buy Prescriptionz\"},\"image\":{\"@id\":\"https:\/\/buy-prescriptionz.com\/#\/schema\/logo\/image\/\"}}]}<\/script>\n<!-- \/ Yoast SEO plugin. -->","yoast_head_json":{"title":"Acquista Suboxone online negli Stati Uniti - Acquista Suboxone online in vendita - Acquista la prescrizione","description":"Buyprescriptionz.com is an online pharmacy store where you can Buy Suboxone Online at best price without doctor's prescription. Buy Suboxone Online Now with Free & Secure Shipping!","robots":{"index":"index","follow":"follow","max-snippet":"max-snippet:-1","max-image-preview":"max-image-preview:large","max-video-preview":"max-video-preview:-1"},"canonical":"https:\/\/buy-prescriptionz.com\/it\/prodotto\/acquista-suboxone-online\/","og_locale":"it_IT","og_type":"article","og_title":"Buy Suboxone Online USA - Buy Suboxone Online for Sale - Buy Prescriptionz","og_description":"Buyprescriptionz.com is an online pharmacy store where you can Buy Suboxone Online at best price without doctor's prescription. Buy Suboxone Online Now with Free & Secure Shipping!","og_url":"https:\/\/buy-prescriptionz.com\/it\/prodotto\/acquista-suboxone-online\/","og_site_name":"Buy Prescriptionz","article_modified_time":"2025-09-30T12:37:28+00:00","og_image":[{"width":400,"height":300,"url":"https:\/\/buy-prescriptionz.com\/wp-content\/uploads\/2025\/09\/suboxone.jpg","type":"image\/jpeg"}],"twitter_card":"summary_large_image","twitter_misc":{"Tempo di lettura stimato":"5 minuti"},"schema":{"@context":"https:\/\/schema.org","@graph":[{"@type":"WebPage","@id":"https:\/\/buy-prescriptionz.com\/product\/buy-suboxone-online\/","url":"https:\/\/buy-prescriptionz.com\/product\/buy-suboxone-online\/","name":"Acquista Suboxone online negli Stati Uniti - Acquista Suboxone online in vendita - Acquista la prescrizione","isPartOf":{"@id":"https:\/\/buy-prescriptionz.com\/#website"},"primaryImageOfPage":{"@id":"https:\/\/buy-prescriptionz.com\/product\/buy-suboxone-online\/#primaryimage"},"image":{"@id":"https:\/\/buy-prescriptionz.com\/product\/buy-suboxone-online\/#primaryimage"},"thumbnailUrl":"https:\/\/buy-prescriptionz.com\/wp-content\/uploads\/2025\/09\/suboxone.jpg","datePublished":"2025-09-16T08:55:52+00:00","dateModified":"2025-09-30T12:37:28+00:00","description":"Buyprescriptionz.com is an online pharmacy store where you can Buy Suboxone Online at best price without doctor's prescription. Buy Suboxone Online Now with Free & Secure Shipping!","breadcrumb":{"@id":"https:\/\/buy-prescriptionz.com\/product\/buy-suboxone-online\/#breadcrumb"},"inLanguage":"it-IT","potentialAction":[{"@type":"ReadAction","target":["https:\/\/buy-prescriptionz.com\/product\/buy-suboxone-online\/"]}]},{"@type":"ImageObject","inLanguage":"it-IT","@id":"https:\/\/buy-prescriptionz.com\/product\/buy-suboxone-online\/#primaryimage","url":"https:\/\/buy-prescriptionz.com\/wp-content\/uploads\/2025\/09\/suboxone.jpg","contentUrl":"https:\/\/buy-prescriptionz.com\/wp-content\/uploads\/2025\/09\/suboxone.jpg","width":400,"height":300},{"@type":"BreadcrumbList","@id":"https:\/\/buy-prescriptionz.com\/product\/buy-suboxone-online\/#breadcrumb","itemListElement":[{"@type":"ListItem","position":1,"name":"Home","item":"https:\/\/buy-prescriptionz.com\/"},{"@type":"ListItem","position":2,"name":"Shop Painkillers Online","item":"https:\/\/buy-prescriptionz.com\/shop-painkillers-online\/"},{"@type":"ListItem","position":3,"name":"Buy Suboxone Online"}]},{"@type":"WebSite","@id":"https:\/\/buy-prescriptionz.com\/#website","url":"https:\/\/buy-prescriptionz.com\/","name":"Buy Prescriptionz","description":"Farmaci online","publisher":{"@id":"https:\/\/buy-prescriptionz.com\/#organization"},"potentialAction":[{"@type":"SearchAction","target":{"@type":"EntryPoint","urlTemplate":"https:\/\/buy-prescriptionz.com\/?s={search_term_string}"},"query-input":{"@type":"PropertyValueSpecification","valueRequired":true,"valueName":"search_term_string"}}],"inLanguage":"it-IT"},{"@type":"Organization","@id":"https:\/\/buy-prescriptionz.com\/#organization","name":"Buy Prescriptionz","url":"https:\/\/buy-prescriptionz.com\/","logo":{"@type":"ImageObject","inLanguage":"it-IT","@id":"https:\/\/buy-prescriptionz.com\/#\/schema\/logo\/image\/","url":"https:\/\/buy-prescriptionz.com\/wp-content\/uploads\/2023\/09\/logo.png","contentUrl":"https:\/\/buy-prescriptionz.com\/wp-content\/uploads\/2023\/09\/logo.png","width":350,"height":64,"caption":"Buy Prescriptionz"},"image":{"@id":"https:\/\/buy-prescriptionz.com\/#\/schema\/logo\/image\/"}}]}},"_links":{"self":[{"href":"https:\/\/buy-prescriptionz.com\/it\/wp-json\/wp\/v2\/product\/2992","targetHints":{"allow":["GET"]}}],"collection":[{"href":"https:\/\/buy-prescriptionz.com\/it\/wp-json\/wp\/v2\/product"}],"about":[{"href":"https:\/\/buy-prescriptionz.com\/it\/wp-json\/wp\/v2\/types\/product"}],"replies":[{"embeddable":true,"href":"https:\/\/buy-prescriptionz.com\/it\/wp-json\/wp\/v2\/comments?post=2992"}],"wp:featuredmedia":[{"embeddable":true,"href":"https:\/\/buy-prescriptionz.com\/it\/wp-json\/wp\/v2\/media\/3022"}],"wp:attachment":[{"href":"https:\/\/buy-prescriptionz.com\/it\/wp-json\/wp\/v2\/media?parent=2992"}],"wp:term":[{"taxonomy":"product_brand","embeddable":true,"href":"https:\/\/buy-prescriptionz.com\/it\/wp-json\/wp\/v2\/product_brand?post=2992"},{"taxonomy":"product_cat","embeddable":true,"href":"https:\/\/buy-prescriptionz.com\/it\/wp-json\/wp\/v2\/product_cat?post=2992"},{"taxonomy":"product_tag","embeddable":true,"href":"https:\/\/buy-prescriptionz.com\/it\/wp-json\/wp\/v2\/product_tag?post=2992"}],"curies":[{"name":"wp","href":"https:\/\/api.w.org\/{rel}","templated":true}]}}