{"id":2996,"date":"2025-09-16T08:55:53","date_gmt":"2025-09-16T08:55:53","guid":{"rendered":"https:\/\/chemsfine.com\/newsite\/?post_type=product&#038;p=2996"},"modified":"2025-09-25T07:26:18","modified_gmt":"2025-09-25T07:26:18","slug":"acquista-percocet-online","status":"publish","type":"product","link":"https:\/\/buy-prescriptionz.com\/it\/prodotto\/acquista-percocet-online\/","title":{"rendered":"Comprare Percocet Online"},"content":{"rendered":"<h2>COMPRARE PERCOCET ONLINE<\/h2>\n<p>Percocet anche conosciuto come ossicodone e acetaminofene \u00e8 un forte antidolorifico narcotico e soppressore della tosse simile alla morfina, alla codeina e all'idrocodone. \u00c8 usato per trattare il dolore da moderato a grave, mal di testa, emicrania ecc. \u00c8 un antidolorifico che fa parte di un gruppo di farmaci noti come narcotici. Nonostante il fatto che alcuni sono determinati normalmente, per esempio l'eroina o la morfina, altri sono combinati in un laboratorio, tra cui l'idrocodone e l'ossicodone. \u00c8 il marchio di un farmaco che mescola ossicodone e acetaminofene, il nome convenzionale dei farmaci, per esempio, Tylenol.<br \/>\nPercocet pu\u00f2 collaborare con altri farmaci oppiacei per il tormento, narcotici, sedativi, sonniferi, rilassanti muscolari, diverse prescrizioni che possono rendere letargici o moderare la respirazione, glicopirrolato, mepenzolato, atropina, benztropina, dimenidrinato, metscopolamina, scopolamina, farmaci per la vescica o l'apparato urinario, broncodilatatori, o farmaci per l'interno fragile. Questi oppiacei hanno la struttura cellulare equivalente. I narcotici, per esempio il Percocet, si attaccano ai recettori narcotici nel cervello. Possono dare una sensazione di estasi e intorpidire il tormento, ma possono anche moderare il rilassamento.<\/p>\n<h3>Comprare Percocet Online<\/h3>\n<p>Il Percocet \u00e8 un farmaco da prescrizione che combina due principi attivi: l'ossicodone, un analgesico oppioide, e il paracetamolo, un antidolorifico non oppioide. Viene utilizzato principalmente per gestire il dolore da moderato a grave che non pu\u00f2 essere controllato da altri antidolorifici. Ecco una panoramica del Percocet e dei suoi benefici:<\/p>\n<ul>\n<li>Composizione: il miglior Percocet contiene ossicodone, che altera il modo in cui il cervello percepisce il dolore, e paracetamolo, che potenzia gli effetti analgesici dell'ossicodone e pu\u00f2 ridurre la febbre.<\/li>\n<li>Forme: \u00e8 disponibile sotto forma di compresse con diversi dosaggi di ossicodone e paracetamolo.<\/li>\n<li>Utilizzo: Percocet \u00e8 prescritto per il sollievo a breve termine dal dolore acuto, come il dolore post-operatorio, traumatico o muscolare intenso. Non \u00e8 generalmente indicato per l'uso a lungo termine a causa del rischio di dipendenza e dei potenziali effetti collaterali.<\/li>\n<\/ul>\n<h3>Vantaggi<\/h3>\n<ol>\n<li>Efficace sollievo dal dolore: la combinazione di ossicodone e paracetamolo rende Percocet altamente efficace nel gestire il dolore che altri farmaci potrebbero non controllare adeguatamente.<\/li>\n<li>Doppia azione: combinando un oppioide con un analgesico non oppioide, Percocet fornisce un doppio meccanismo per alleviare il dolore, che pu\u00f2 essere pi\u00f9 efficace rispetto all'uso di uno dei due componenti da solo.<\/li>\n<li>Miglioramento della qualit\u00e0 della vita: una gestione efficace del dolore con l'idrocodone pu\u00f2 portare a miglioramenti significativi nella qualit\u00e0 della vita del paziente, consentendo una maggiore funzionalit\u00e0 e comfort nelle attivit\u00e0 quotidiane.<\/li>\n<li>Uso a breve termine: per gli episodi di dolore acuto, il Percocet \u00e8 un'opzione preziosa che pu\u00f2 fornire un rapido sollievo, aiutando i pazienti a riprendersi pi\u00f9 agevolmente durante i periodi critici di dolore.<\/li>\n<\/ol>\n<p>Il Percocet \u00e8 un farmaco efficace per la gestione del dolore da moderato a grave, che offre un sollievo rapido ed efficace grazie alla combinazione di ossicodone e paracetamolo. Sebbene debba essere usato sotto attenta supervisione medica per evitare il rischio di dipendenza ed effetti collaterali, il Percocet pu\u00f2 migliorare significativamente la qualit\u00e0 della vita dei pazienti che soffrono di episodi di dolore acuto. Assicuratevi sempre di acquistare il Percocet dalla migliore farmacia, ad esempio buy-prescriptionz.com, per garantirne l'autenticit\u00e0 e la sicurezza.<\/p>\n<p>Il Percocet \u00e8 regolarmente raccomandato ai pazienti che sperimentano il tormento, indipendentemente dal fatto che si tratti di un segmento cesareo o di un osso rotto. I narcotici differiscono nell'intervallo di tempo tra quando vengono presi e quando il cliente sente un impatto. L'ossicodone, il narcotico contenuto nel Percocet, ha un'azione moderatamente rapida. \u00c8 possibile acquistare Percocet online da info@buy-prescriptionz.com. Per acquistare questa medicina non hai bisogno di prescrizione, quindi \u00e8 possibile acquistare Percocet online a prezzi economici senza un medico a info@buy-prescriptionz.com<\/p>\n<h3>Alcuni degli usi comuni del Percocet sono i seguenti:<\/h3>\n<p>-dolore<br \/>\n-dolore alle gambe<br \/>\n-emicrania<br \/>\n-dolore in tutto il corpo<br \/>\n-sfondamento del dolore<br \/>\n-fibromialgia<\/p>\n<h3><strong>CARATTERISTICHE<\/strong>:<\/h3>\n<p><strong>Parlando delle caratteristiche del Percocet, si tratta di un farmaco antidolorifico superiore utilizzato per:<\/strong><br \/>\n- Trattare i dolori gravi<br \/>\n- Trattare il problema del nervosismo<br \/>\n- Creare euforia<br \/>\n- Offrire la sedazione<br \/>\n- Creare ansiolitici e disinibitori.<\/p>\n<h3>EFFETTI COLLATERALI DEL PERCOCET:<\/h3>\n<p><strong>Parlando degli effetti lievi che sono causati da questa polvere:<\/strong><br \/>\n- problema nel dormire<br \/>\n-stipazione<br \/>\n-nausea<br \/>\n-vomito<br \/>\n-stomaco instabile<\/p>\n<h3>DOVE COMPRARE PERCOCET?<\/h3>\n<p>Acquisto Percocet online a BUY PRESCRIPTIONZ, \u00e8 possibile soddisfare le vostre esigenze di formazione, mentre dando considerazione paziente protetto e di successo. Per qualsiasi ulteriore domanda, \u00e8 anche possibile contattare info@buy-prescriptionz.com disponibile per essere acquistato online \u00e8 accessibile qui, costo migliore. Richiedi i migliori farmaci da qui a questo punto!<br \/>\nGARANTIAMO LA MIGLIORE QUALIT\u00c0 COME SI ACQUISTA ACQUISTARE PRESCRIPTIONZ ONLINE DA NOI E IL DENARO VIENE RIMBORSATO 100% SE NON \u00c8 CONSEGNATO O DI SCARSA QUALIT\u00c0.<\/p>\n<p><strong>\u00c8 POSSIBILE ACQUISTARE IL MIGLIOR PERCOCET ONLINE IN PIENA SICUREZZA CON IMBALLAGGIO ANCHE DISCRETO DA ACQUISTARE PRESCRIPTIONZ.<\/strong><\/p>\n<p>PRODUCIAMO PERCOCET DI ALTA QUALIT\u00c0 E ABBIAMO UN'ENORME AREA DI DESTINAZIONE INTERNAZIONALE DA STATI UNITI, AUSTRALIA, CANADA E MOLTI PAESI EUROPEI. SIAMO CONOSCIUTI PER LA NOSTRA ALTA QUALIT\u00c0 E I NOSTRI SERVIZI INSIEME A SANI SCONTI.<br \/>\nFORNIAMO SPEDIZIONE DI ALTA QUALIT\u00c0 E SI PU\u00d2 PAGARE UTILIZZANDO BITCOINS, WESTERN UNION, MONEY GRAM, CARTA DI DEBITO E CARTA DI CREDITO.<br \/>\nCI PREOCCUPIAMO PER I NOSTRI CLIENTI, ED \u00c8 PER QUESTO CHE LO FORNIAMO A COSTI ECONOMICI E CON CONSEGNA VELOCE, E CREDIAMO NEL MANTENIMENTO DI UNA SANA RELAZIONE COMMERCIALE A LUNGO TERMINE.<\/p>\n<p><strong>PER QUALSIASI ALTRA DOMANDA O RICHIESTA POTETE CONTATTARCI ALL'INDIRIZZO:<\/strong><\/p>\n<p>INDIRIZZO: 115 FIRE ACCESS ROAD, ALBANY, NY 12223(USA)<br \/>\nEMAIL: info@buy-prescriptionz.com<br \/>\nCHIAMARE\/CHIEDERE: +1(510)972-3097<\/p>","protected":false},"excerpt":{"rendered":"<p>BUY PERCOCET ONLINE Percocet also known as oxycodone and acetaminophen is a strong narcotic pain-reliever and cough suppressant similar to morphine, codeine, and hydrocodone. It is used to treat moderate to severe pain, headaches, migraine pain etc. It is a painkiller that is a piece of a group of medications known as narcotics. In spite [&hellip;]<\/p>","protected":false},"featured_media":3026,"comment_status":"open","ping_status":"closed","template":"","meta":{"site-sidebar-layout":"default","site-content-layout":"","ast-site-content-layout":"default","site-content-style":"default","site-sidebar-style":"default","ast-global-header-display":"","ast-banner-title-visibility":"","ast-main-header-display":"","ast-hfb-above-header-display":"","ast-hfb-below-header-display":"","ast-hfb-mobile-header-display":"","site-post-title":"","ast-breadcrumbs-content":"","ast-featured-img":"","footer-sml-layout":"","theme-transparent-header-meta":"default","adv-header-id-meta":"","stick-header-meta":"","header-above-stick-meta":"","header-main-stick-meta":"","header-below-stick-meta":"","astra-migrate-meta-layouts":"set","ast-page-background-enabled":"default","ast-page-background-meta":{"desktop":{"background-color":"var(--ast-global-color-4)","background-image":"","background-repeat":"repeat","background-position":"center center","background-size":"auto","background-attachment":"scroll","background-type":"","background-media":"","overlay-type":"","overlay-color":"","overlay-opacity":"","overlay-gradient":""},"tablet":{"background-color":"","background-image":"","background-repeat":"repeat","background-position":"center center","background-size":"auto","background-attachment":"scroll","background-type":"","background-media":"","overlay-type":"","overlay-color":"","overlay-opacity":"","overlay-gradient":""},"mobile":{"background-color":"","background-image":"","background-repeat":"repeat","background-position":"center center","background-size":"auto","background-attachment":"scroll","background-type":"","background-media":"","overlay-type":"","overlay-color":"","overlay-opacity":"","overlay-gradient":""}},"ast-content-background-meta":{"desktop":{"background-color":"var(--ast-global-color-5)","background-image":"","background-repeat":"repeat","background-position":"center center","background-size":"auto","background-attachment":"scroll","background-type":"","background-media":"","overlay-type":"","overlay-color":"","overlay-opacity":"","overlay-gradient":""},"tablet":{"background-color":"var(--ast-global-color-5)","background-image":"","background-repeat":"repeat","background-position":"center center","background-size":"auto","background-attachment":"scroll","background-type":"","background-media":"","overlay-type":"","overlay-color":"","overlay-opacity":"","overlay-gradient":""},"mobile":{"background-color":"var(--ast-global-color-5)","background-image":"","background-repeat":"repeat","background-position":"center center","background-size":"auto","background-attachment":"scroll","background-type":"","background-media":"","overlay-type":"","overlay-color":"","overlay-opacity":"","overlay-gradient":""}}},"product_brand":[],"product_cat":[2382],"product_tag":[1533,1534,1532,1527,1530,1529,1528,1531,1526,1525,1536,1535],"class_list":{"0":"post-2996","1":"product","2":"type-product","3":"status-publish","4":"has-post-thumbnail","6":"product_cat-buy-opioids-online","7":"product_tag-buy-percocet-in-canada","8":"product_tag-buy-percocet-in-uk","9":"product_tag-buy-percocet-in-usa","10":"product_tag-buy-percocet-with-bitcoin","11":"product_tag-buy-percocet-with-credit-card","12":"product_tag-buy-percocet-with-money-gram","13":"product_tag-buy-percocet-with-western-union","14":"product_tag-buy-percocet-without-a-doctor","15":"product_tag-buy-percocet-without-prescription","16":"product_tag-percocet-for-sale","17":"product_tag-percocet-pills","18":"product_tag-percocet-tablets","19":"desktop-align-center","20":"tablet-align-left","21":"mobile-align-left","23":"first","24":"instock","25":"shipping-taxable","26":"purchasable","27":"product-type-variable","28":"has-default-attributes"},"yoast_head":"<!-- This site is optimized with the Yoast SEO plugin v25.9 - https:\/\/yoast.com\/wordpress\/plugins\/seo\/ -->\n<title>Percocet for Sale - Buy Percocet Online<\/title>\n<meta name=\"description\" content=\"Buyprescriptionz.com is an online pharmacy store where you can Buy Percocet Online at best price without doctor&#039;s prescription. Buy Percocet Online Now with Free &amp; Secure Shipping!\" \/>\n<meta name=\"robots\" content=\"index, follow, max-snippet:-1, max-image-preview:large, max-video-preview:-1\" \/>\n<link rel=\"canonical\" href=\"https:\/\/buy-prescriptionz.com\/it\/prodotto\/acquista-percocet-online\/\" \/>\n<meta property=\"og:locale\" content=\"it_IT\" \/>\n<meta property=\"og:type\" content=\"article\" \/>\n<meta property=\"og:title\" content=\"Percocet for Sale - Buy Percocet Online\" \/>\n<meta property=\"og:description\" content=\"Buyprescriptionz.com is an online pharmacy store where you can Buy Percocet Online at best price without doctor&#039;s prescription. Buy Percocet Online Now with Free &amp; Secure Shipping!\" \/>\n<meta property=\"og:url\" content=\"https:\/\/buy-prescriptionz.com\/it\/prodotto\/acquista-percocet-online\/\" \/>\n<meta property=\"og:site_name\" content=\"Buy Prescriptionz\" \/>\n<meta property=\"article:modified_time\" content=\"2025-09-25T07:26:18+00:00\" \/>\n<meta property=\"og:image\" content=\"https:\/\/buy-prescriptionz.com\/wp-content\/uploads\/2025\/09\/percocet.jpg\" \/>\n\t<meta property=\"og:image:width\" content=\"400\" \/>\n\t<meta property=\"og:image:height\" content=\"300\" \/>\n\t<meta property=\"og:image:type\" content=\"image\/jpeg\" \/>\n<meta name=\"twitter:card\" content=\"summary_large_image\" \/>\n<meta name=\"twitter:label1\" content=\"Tempo di lettura stimato\" \/>\n\t<meta name=\"twitter:data1\" content=\"5 minuti\" \/>\n<script type=\"application\/ld+json\" class=\"yoast-schema-graph\">{\"@context\":\"https:\/\/schema.org\",\"@graph\":[{\"@type\":\"WebPage\",\"@id\":\"https:\/\/buy-prescriptionz.com\/product\/buy-percocet-online\/\",\"url\":\"https:\/\/buy-prescriptionz.com\/product\/buy-percocet-online\/\",\"name\":\"Percocet for Sale - Buy Percocet Online\",\"isPartOf\":{\"@id\":\"https:\/\/buy-prescriptionz.com\/#website\"},\"primaryImageOfPage\":{\"@id\":\"https:\/\/buy-prescriptionz.com\/product\/buy-percocet-online\/#primaryimage\"},\"image\":{\"@id\":\"https:\/\/buy-prescriptionz.com\/product\/buy-percocet-online\/#primaryimage\"},\"thumbnailUrl\":\"https:\/\/buy-prescriptionz.com\/wp-content\/uploads\/2025\/09\/percocet.jpg\",\"datePublished\":\"2025-09-16T08:55:53+00:00\",\"dateModified\":\"2025-09-25T07:26:18+00:00\",\"description\":\"Buyprescriptionz.com is an online pharmacy store where you can Buy Percocet Online at best price without doctor's prescription. Buy Percocet Online Now with Free & Secure Shipping!\",\"breadcrumb\":{\"@id\":\"https:\/\/buy-prescriptionz.com\/product\/buy-percocet-online\/#breadcrumb\"},\"inLanguage\":\"it-IT\",\"potentialAction\":[{\"@type\":\"ReadAction\",\"target\":[\"https:\/\/buy-prescriptionz.com\/product\/buy-percocet-online\/\"]}]},{\"@type\":\"ImageObject\",\"inLanguage\":\"it-IT\",\"@id\":\"https:\/\/buy-prescriptionz.com\/product\/buy-percocet-online\/#primaryimage\",\"url\":\"https:\/\/buy-prescriptionz.com\/wp-content\/uploads\/2025\/09\/percocet.jpg\",\"contentUrl\":\"https:\/\/buy-prescriptionz.com\/wp-content\/uploads\/2025\/09\/percocet.jpg\",\"width\":400,\"height\":300},{\"@type\":\"BreadcrumbList\",\"@id\":\"https:\/\/buy-prescriptionz.com\/product\/buy-percocet-online\/#breadcrumb\",\"itemListElement\":[{\"@type\":\"ListItem\",\"position\":1,\"name\":\"Home\",\"item\":\"https:\/\/buy-prescriptionz.com\/\"},{\"@type\":\"ListItem\",\"position\":2,\"name\":\"Shop Painkillers Online\",\"item\":\"https:\/\/buy-prescriptionz.com\/shop-painkillers-online\/\"},{\"@type\":\"ListItem\",\"position\":3,\"name\":\"Buy Percocet Online\"}]},{\"@type\":\"WebSite\",\"@id\":\"https:\/\/buy-prescriptionz.com\/#website\",\"url\":\"https:\/\/buy-prescriptionz.com\/\",\"name\":\"Buy Prescriptionz\",\"description\":\"Drugs Online\",\"publisher\":{\"@id\":\"https:\/\/buy-prescriptionz.com\/#organization\"},\"potentialAction\":[{\"@type\":\"SearchAction\",\"target\":{\"@type\":\"EntryPoint\",\"urlTemplate\":\"https:\/\/buy-prescriptionz.com\/?s={search_term_string}\"},\"query-input\":{\"@type\":\"PropertyValueSpecification\",\"valueRequired\":true,\"valueName\":\"search_term_string\"}}],\"inLanguage\":\"it-IT\"},{\"@type\":\"Organization\",\"@id\":\"https:\/\/buy-prescriptionz.com\/#organization\",\"name\":\"Buy Prescriptionz\",\"url\":\"https:\/\/buy-prescriptionz.com\/\",\"logo\":{\"@type\":\"ImageObject\",\"inLanguage\":\"it-IT\",\"@id\":\"https:\/\/buy-prescriptionz.com\/#\/schema\/logo\/image\/\",\"url\":\"https:\/\/buy-prescriptionz.com\/wp-content\/uploads\/2023\/09\/logo.png\",\"contentUrl\":\"https:\/\/buy-prescriptionz.com\/wp-content\/uploads\/2023\/09\/logo.png\",\"width\":350,\"height\":64,\"caption\":\"Buy Prescriptionz\"},\"image\":{\"@id\":\"https:\/\/buy-prescriptionz.com\/#\/schema\/logo\/image\/\"}}]}<\/script>\n<!-- \/ Yoast SEO plugin. -->","yoast_head_json":{"title":"Percocet in vendita - Acquista Percocet online","description":"Buyprescriptionz.com \u00e8 un negozio di farmacia online dove \u00e8 possibile acquistare Percocet online al miglior prezzo senza prescrizione medica. Acquistare Percocet Online ora con spedizione gratuita e sicura!","robots":{"index":"index","follow":"follow","max-snippet":"max-snippet:-1","max-image-preview":"max-image-preview:large","max-video-preview":"max-video-preview:-1"},"canonical":"https:\/\/buy-prescriptionz.com\/it\/prodotto\/acquista-percocet-online\/","og_locale":"it_IT","og_type":"article","og_title":"Percocet for Sale - Buy Percocet Online","og_description":"Buyprescriptionz.com is an online pharmacy store where you can Buy Percocet Online at best price without doctor's prescription. Buy Percocet Online Now with Free & Secure Shipping!","og_url":"https:\/\/buy-prescriptionz.com\/it\/prodotto\/acquista-percocet-online\/","og_site_name":"Buy Prescriptionz","article_modified_time":"2025-09-25T07:26:18+00:00","og_image":[{"width":400,"height":300,"url":"https:\/\/buy-prescriptionz.com\/wp-content\/uploads\/2025\/09\/percocet.jpg","type":"image\/jpeg"}],"twitter_card":"summary_large_image","twitter_misc":{"Tempo di lettura stimato":"5 minuti"},"schema":{"@context":"https:\/\/schema.org","@graph":[{"@type":"WebPage","@id":"https:\/\/buy-prescriptionz.com\/product\/buy-percocet-online\/","url":"https:\/\/buy-prescriptionz.com\/product\/buy-percocet-online\/","name":"Percocet in vendita - Acquista Percocet online","isPartOf":{"@id":"https:\/\/buy-prescriptionz.com\/#website"},"primaryImageOfPage":{"@id":"https:\/\/buy-prescriptionz.com\/product\/buy-percocet-online\/#primaryimage"},"image":{"@id":"https:\/\/buy-prescriptionz.com\/product\/buy-percocet-online\/#primaryimage"},"thumbnailUrl":"https:\/\/buy-prescriptionz.com\/wp-content\/uploads\/2025\/09\/percocet.jpg","datePublished":"2025-09-16T08:55:53+00:00","dateModified":"2025-09-25T07:26:18+00:00","description":"Buyprescriptionz.com \u00e8 un negozio di farmacia online dove \u00e8 possibile acquistare Percocet online al miglior prezzo senza prescrizione medica. Acquistare Percocet Online ora con spedizione gratuita e sicura!","breadcrumb":{"@id":"https:\/\/buy-prescriptionz.com\/product\/buy-percocet-online\/#breadcrumb"},"inLanguage":"it-IT","potentialAction":[{"@type":"ReadAction","target":["https:\/\/buy-prescriptionz.com\/product\/buy-percocet-online\/"]}]},{"@type":"ImageObject","inLanguage":"it-IT","@id":"https:\/\/buy-prescriptionz.com\/product\/buy-percocet-online\/#primaryimage","url":"https:\/\/buy-prescriptionz.com\/wp-content\/uploads\/2025\/09\/percocet.jpg","contentUrl":"https:\/\/buy-prescriptionz.com\/wp-content\/uploads\/2025\/09\/percocet.jpg","width":400,"height":300},{"@type":"BreadcrumbList","@id":"https:\/\/buy-prescriptionz.com\/product\/buy-percocet-online\/#breadcrumb","itemListElement":[{"@type":"ListItem","position":1,"name":"Home","item":"https:\/\/buy-prescriptionz.com\/"},{"@type":"ListItem","position":2,"name":"Shop Painkillers Online","item":"https:\/\/buy-prescriptionz.com\/shop-painkillers-online\/"},{"@type":"ListItem","position":3,"name":"Buy Percocet Online"}]},{"@type":"WebSite","@id":"https:\/\/buy-prescriptionz.com\/#website","url":"https:\/\/buy-prescriptionz.com\/","name":"Buy Prescriptionz","description":"Farmaci online","publisher":{"@id":"https:\/\/buy-prescriptionz.com\/#organization"},"potentialAction":[{"@type":"SearchAction","target":{"@type":"EntryPoint","urlTemplate":"https:\/\/buy-prescriptionz.com\/?s={search_term_string}"},"query-input":{"@type":"PropertyValueSpecification","valueRequired":true,"valueName":"search_term_string"}}],"inLanguage":"it-IT"},{"@type":"Organization","@id":"https:\/\/buy-prescriptionz.com\/#organization","name":"Buy Prescriptionz","url":"https:\/\/buy-prescriptionz.com\/","logo":{"@type":"ImageObject","inLanguage":"it-IT","@id":"https:\/\/buy-prescriptionz.com\/#\/schema\/logo\/image\/","url":"https:\/\/buy-prescriptionz.com\/wp-content\/uploads\/2023\/09\/logo.png","contentUrl":"https:\/\/buy-prescriptionz.com\/wp-content\/uploads\/2023\/09\/logo.png","width":350,"height":64,"caption":"Buy Prescriptionz"},"image":{"@id":"https:\/\/buy-prescriptionz.com\/#\/schema\/logo\/image\/"}}]}},"_links":{"self":[{"href":"https:\/\/buy-prescriptionz.com\/it\/wp-json\/wp\/v2\/product\/2996","targetHints":{"allow":["GET"]}}],"collection":[{"href":"https:\/\/buy-prescriptionz.com\/it\/wp-json\/wp\/v2\/product"}],"about":[{"href":"https:\/\/buy-prescriptionz.com\/it\/wp-json\/wp\/v2\/types\/product"}],"replies":[{"embeddable":true,"href":"https:\/\/buy-prescriptionz.com\/it\/wp-json\/wp\/v2\/comments?post=2996"}],"wp:featuredmedia":[{"embeddable":true,"href":"https:\/\/buy-prescriptionz.com\/it\/wp-json\/wp\/v2\/media\/3026"}],"wp:attachment":[{"href":"https:\/\/buy-prescriptionz.com\/it\/wp-json\/wp\/v2\/media?parent=2996"}],"wp:term":[{"taxonomy":"product_brand","embeddable":true,"href":"https:\/\/buy-prescriptionz.com\/it\/wp-json\/wp\/v2\/product_brand?post=2996"},{"taxonomy":"product_cat","embeddable":true,"href":"https:\/\/buy-prescriptionz.com\/it\/wp-json\/wp\/v2\/product_cat?post=2996"},{"taxonomy":"product_tag","embeddable":true,"href":"https:\/\/buy-prescriptionz.com\/it\/wp-json\/wp\/v2\/product_tag?post=2996"}],"curies":[{"name":"wp","href":"https:\/\/api.w.org\/{rel}","templated":true}]}}