{"id":2998,"date":"2025-09-16T08:55:53","date_gmt":"2025-09-16T08:55:53","guid":{"rendered":"https:\/\/chemsfine.com\/newsite\/?post_type=product&#038;p=2998"},"modified":"2025-09-23T06:49:43","modified_gmt":"2025-09-23T06:49:43","slug":"acquista-levacetilmetadolo-online","status":"publish","type":"product","link":"https:\/\/buy-prescriptionz.com\/it\/prodotto\/acquista-levacetilmetadolo-online\/","title":{"rendered":"Comprare Levacetylmethadol Online"},"content":{"rendered":"<h2>ACQUISTA LEVACETILMETADOLO ONLINE<\/h2>\n<p>Buy Levacetylmethadol Online ,Levacetymethadol \u00e8 un anestetico oppioide sintetico con numerosi movimenti quantitativamente simili a quelli della morfina, i pi\u00f9 importanti dei quali coinvolgono il sistema nervoso centrale e gli organi composti da muscoli lisci. Tuttavia, \u00e8 pi\u00f9 attivo e pi\u00f9 tossico di altri.<\/p>\n<h3>CARATTERISTICHE DEL LEVACETILMETADOLO<\/h3>\n<p>\u00c8 un antidolorifico narcotico con una lunga insorgenza e durata d'azione. \u00c8 usato principalmente per il trattamento della dipendenza da narcotici.<\/p>\n<h3>Panoramica e benefici di Lev Acetylmethadol<\/h3>\n<p>Il levacetilmetadolo \u00e8 un oppioide sintetico utilizzato principalmente per la gestione del dolore e il trattamento della dipendenza da oppioidi. Noto per la sua durata d'azione pi\u00f9 lunga rispetto ad altri oppioidi, il levacetilmetadolo aiuta a ridurre la frequenza delle somministrazioni, il che \u00e8 utile per i pazienti che hanno difficolt\u00e0 ad aderire a un regime terapeutico rigoroso. Agisce sul sistema nervoso centrale per alleviare il dolore e mitigare i sintomi di astinenza in coloro che sono sottoposti a trattamento per la dipendenza da oppioidi.<\/p>\n<h3>Vantaggi<\/h3>\n<ol>\n<li>Durata d'azione prolungata: gli effetti a lunga durata del levacetilmetadolo implicano la necessit\u00e0 di un minor numero di dosi, semplificando le routine terapeutiche e migliorando l'aderenza alla terapia.<\/li>\n<li>Gestione efficace del dolore: fornisce un notevole sollievo dal dolore cronico, il che lo rende un'opzione preziosa per i pazienti con condizioni di dolore persistente.<\/li>\n<li>Trattamento della dipendenza da oppioidi: \u00e8 efficace nel ridurre i sintomi di astinenza e il desiderio, favorendo il processo di recupero degli individui con dipendenza da oppioidi.<\/li>\n<li>Rischio ridotto di effetti collaterali: rispetto ad altri oppioidi, il levacetilmetadolo presenta un rischio inferiore di causare depressione respiratoria ed euforia, il che lo rende pi\u00f9 sicuro per l'uso a lungo termine.<\/li>\n<li>Miglioramento della qualit\u00e0 della vita: gestendo il dolore e supportando il recupero dalla dipendenza, il levacetilmetadolo aiuta a migliorare il benessere generale e la funzionalit\u00e0 nella vita quotidiana.<\/li>\n<\/ol>\n<p>Acquistare Levacetilmetadolo dalla migliore farmacia buy-prescriptionz.com offre diversi vantaggi. Fornisce un'efficace gestione del dolore ed \u00e8 uno strumento prezioso nel trattamento della dipendenza da oppioidi grazie alla sua lunga durata d'azione. Il minor rischio di effetti collaterali gravi di questo farmaco lo rende una scelta pi\u00f9 sicura per chi necessita di una terapia oppioide a lungo termine. Scegliendo Levacetilmetadolo da una fonte affidabile come buy-prescriptionz.com, i pazienti possono accedere a un farmaco di alta qualit\u00e0 che pu\u00f2 migliorare significativamente la loro qualit\u00e0 di vita.<\/p>\n<h3>EFFETTI COLLATERALI<\/h3>\n<p>sensazione di malessere (malessere)<\/p>\n<p>Insonnia.<br \/>\nDebolezza.<br \/>\nDolore addominale.<br \/>\nCostipazione.<br \/>\nDolore alle articolazioni.<br \/>\nNervosismo.<br \/>\nSudorazione.<\/p>\n<h3>PRECAUZIONI PER IL LEVACETILMETADOLO<\/h3>\n<p>L'acetato viene solitamente somministrato tre volte a settimana, o il luned\u00ec, il mercoled\u00ec e il venerd\u00ec, o il marted\u00ec, il gioved\u00ec e il sabato. Se l'astinenza \u00e8 un problema durante le 72 ore di intervallo tra le dosi, la dose precedente pu\u00f2 essere aumentata.<br \/>\nLe dosi abituali di levomethadyl acetato non devono essere somministrate in giorni consecutivi a causa del rischio di overdose fatale. Nessuna dose menzionata in questa etichetta \u00e8 da intendersi come dose giornaliera<\/p>\n<p>\u00bb Evitare l'uso di bevande alcoliche e di oppioidi illeciti, anche in caso di sintomi di astinenza e desiderio, a causa del rischio di tossicit\u00e0 additiva potenzialmente fatale o di overdose.<br \/>\n\" Necessit\u00e0 di informare medici e dentisti dell'uso di levomethadyl, in particolare se \u00e8 richiesto qualsiasi tipo di intervento chirurgico (incluso quello dentale) o un trattamento di emergenza<\/p>\n<h3>DOSE MANCATA<\/h3>\n<p>Se salta la dose e viene alla clinica il giorno della prossima dose programmata (manca luned\u00ec, arriva mercoled\u00ec), la solita dose sar\u00e0 ben tollerata nel massimo dei casi, anche se una dose ridotta pu\u00f2 essere adeguata in casi selezionati.<\/p>\n<h3>SOPRA DOSE<\/h3>\n<p>L'analisi dell'overdose osservata nello sviluppo di ORLAAM (levomethadyl acetato) ha dimostrato che quando ORLAAM (levomethadyl acetato) viene deviato nei canali di abuso, il tossicodipendente disinformato pu\u00f2 diventare impaziente con la lenta insorgenza di levomethadyl acetato (da 2 a 4 ore) e prendere droghe illecite, risultando in un'overdose combinata potenzialmente letale quando si sviluppa il picco dell'effetto ORLAAM (levomethadyl acetato). A causa di questi rischi di diversione e morte accidentale, \u00e8 stato approvato per l'uso solo quando dispensato da una struttura autorizzata.<\/p>\n<h3>CONSERVAZIONE DEL LEVACETILMETADOLO<\/h3>\n<p>Conservare tra i 15 e i 30 \u00b0C (59 e 86 \u00b0F), al riparo dal gelo, se non diversamente specificato dal produttore.<\/p>\n<h3>DOVE COMPRARE IL MIGLIOR LEVACETYLMETHADOL ONLINE?<\/h3>\n<p>Comprare Levacetylmethadol Online da buyprescriptionz sei ovunque nel mondo, ma \u00e8 possibile acquistare la farmacia online con 100% sicuro. Diamo i migliori prezzi in tutti i nostri prodotti. \u00c8 possibile sfogliare i nostri prodotti.<\/p>","protected":false},"excerpt":{"rendered":"<p>BUY LEVACETYLMETHADOL ONLINE Buy Levacetylmethadol Online\u00a0,Levacetymethadol is a synthetic opioid anesthetic with numerous movements quantitatively similar to those as morphine, the most prominent of which involve the central nervous system and organs composed of smooth muscle. However, it is more active and more toxic than others. FEATURES OF LEVACETYLMETHADOL It is a narcotic pain-relieving with [&hellip;]<\/p>","protected":false},"featured_media":3028,"comment_status":"open","ping_status":"closed","template":"","meta":{"site-sidebar-layout":"default","site-content-layout":"","ast-site-content-layout":"default","site-content-style":"default","site-sidebar-style":"default","ast-global-header-display":"","ast-banner-title-visibility":"","ast-main-header-display":"","ast-hfb-above-header-display":"","ast-hfb-below-header-display":"","ast-hfb-mobile-header-display":"","site-post-title":"","ast-breadcrumbs-content":"","ast-featured-img":"","footer-sml-layout":"","theme-transparent-header-meta":"default","adv-header-id-meta":"","stick-header-meta":"","header-above-stick-meta":"","header-main-stick-meta":"","header-below-stick-meta":"","astra-migrate-meta-layouts":"set","ast-page-background-enabled":"default","ast-page-background-meta":{"desktop":{"background-color":"var(--ast-global-color-4)","background-image":"","background-repeat":"repeat","background-position":"center center","background-size":"auto","background-attachment":"scroll","background-type":"","background-media":"","overlay-type":"","overlay-color":"","overlay-opacity":"","overlay-gradient":""},"tablet":{"background-color":"","background-image":"","background-repeat":"repeat","background-position":"center center","background-size":"auto","background-attachment":"scroll","background-type":"","background-media":"","overlay-type":"","overlay-color":"","overlay-opacity":"","overlay-gradient":""},"mobile":{"background-color":"","background-image":"","background-repeat":"repeat","background-position":"center center","background-size":"auto","background-attachment":"scroll","background-type":"","background-media":"","overlay-type":"","overlay-color":"","overlay-opacity":"","overlay-gradient":""}},"ast-content-background-meta":{"desktop":{"background-color":"var(--ast-global-color-5)","background-image":"","background-repeat":"repeat","background-position":"center center","background-size":"auto","background-attachment":"scroll","background-type":"","background-media":"","overlay-type":"","overlay-color":"","overlay-opacity":"","overlay-gradient":""},"tablet":{"background-color":"var(--ast-global-color-5)","background-image":"","background-repeat":"repeat","background-position":"center center","background-size":"auto","background-attachment":"scroll","background-type":"","background-media":"","overlay-type":"","overlay-color":"","overlay-opacity":"","overlay-gradient":""},"mobile":{"background-color":"var(--ast-global-color-5)","background-image":"","background-repeat":"repeat","background-position":"center center","background-size":"auto","background-attachment":"scroll","background-type":"","background-media":"","overlay-type":"","overlay-color":"","overlay-opacity":"","overlay-gradient":""}}},"product_brand":[],"product_cat":[2382],"product_tag":[1509,1510,1508,1503,1506,1505,1504,1507,1502,1501,1512,1511],"class_list":{"0":"post-2998","1":"product","2":"type-product","3":"status-publish","4":"has-post-thumbnail","6":"product_cat-buy-opioids-online","7":"product_tag-buy-levacetylmethadol-in-canada","8":"product_tag-buy-levacetylmethadol-in-uk","9":"product_tag-buy-levacetylmethadol-in-usa","10":"product_tag-buy-levacetylmethadol-with-bitcoin","11":"product_tag-buy-levacetylmethadol-with-credit-card","12":"product_tag-buy-levacetylmethadol-with-money-gram","13":"product_tag-buy-levacetylmethadol-with-western-union","14":"product_tag-buy-levacetylmethadol-without-a-doctor","15":"product_tag-buy-levacetylmethadol-without-prescription","16":"product_tag-levacetylmethadol-for-sale","17":"product_tag-levacetylmethadol-pills","18":"product_tag-levacetylmethadol-tablets","19":"desktop-align-center","20":"tablet-align-left","21":"mobile-align-left","23":"first","24":"instock","25":"shipping-taxable","26":"purchasable","27":"product-type-variable","28":"has-default-attributes"},"yoast_head":"<!-- This site is optimized with the Yoast SEO plugin v25.9 - https:\/\/yoast.com\/wordpress\/plugins\/seo\/ -->\n<title>Buy LevacetylMethadol Online - LevacetylMethadol for Sale<\/title>\n<meta name=\"description\" content=\"If you want to buy Levacetylmethadol online, then visit our online Buy-Prescriptionz store is the best option. We have Levacetylmethadol for sale. Place your order now!\" \/>\n<meta name=\"robots\" content=\"index, follow, max-snippet:-1, max-image-preview:large, max-video-preview:-1\" \/>\n<link rel=\"canonical\" href=\"https:\/\/buy-prescriptionz.com\/it\/prodotto\/acquista-levacetilmetadolo-online\/\" \/>\n<meta property=\"og:locale\" content=\"it_IT\" \/>\n<meta property=\"og:type\" content=\"article\" \/>\n<meta property=\"og:title\" content=\"Buy LevacetylMethadol Online - LevacetylMethadol for Sale\" \/>\n<meta property=\"og:description\" content=\"If you want to buy Levacetylmethadol online, then visit our online Buy-Prescriptionz store is the best option. We have Levacetylmethadol for sale. Place your order now!\" \/>\n<meta property=\"og:url\" content=\"https:\/\/buy-prescriptionz.com\/it\/prodotto\/acquista-levacetilmetadolo-online\/\" \/>\n<meta property=\"og:site_name\" content=\"Buy Prescriptionz\" \/>\n<meta property=\"article:modified_time\" content=\"2025-09-23T06:49:43+00:00\" \/>\n<meta property=\"og:image\" content=\"https:\/\/buy-prescriptionz.com\/wp-content\/uploads\/2025\/09\/levacetylmethadol.jpg\" \/>\n\t<meta property=\"og:image:width\" content=\"400\" \/>\n\t<meta property=\"og:image:height\" content=\"300\" \/>\n\t<meta property=\"og:image:type\" content=\"image\/jpeg\" \/>\n<meta name=\"twitter:card\" content=\"summary_large_image\" \/>\n<meta name=\"twitter:label1\" content=\"Tempo di lettura stimato\" \/>\n\t<meta name=\"twitter:data1\" content=\"4 minuti\" \/>\n<script type=\"application\/ld+json\" class=\"yoast-schema-graph\">{\"@context\":\"https:\/\/schema.org\",\"@graph\":[{\"@type\":\"WebPage\",\"@id\":\"https:\/\/buy-prescriptionz.com\/product\/buy-levacetylmethadol-online\/\",\"url\":\"https:\/\/buy-prescriptionz.com\/product\/buy-levacetylmethadol-online\/\",\"name\":\"Buy LevacetylMethadol Online - LevacetylMethadol for Sale\",\"isPartOf\":{\"@id\":\"https:\/\/buy-prescriptionz.com\/#website\"},\"primaryImageOfPage\":{\"@id\":\"https:\/\/buy-prescriptionz.com\/product\/buy-levacetylmethadol-online\/#primaryimage\"},\"image\":{\"@id\":\"https:\/\/buy-prescriptionz.com\/product\/buy-levacetylmethadol-online\/#primaryimage\"},\"thumbnailUrl\":\"https:\/\/buy-prescriptionz.com\/wp-content\/uploads\/2025\/09\/levacetylmethadol.jpg\",\"datePublished\":\"2025-09-16T08:55:53+00:00\",\"dateModified\":\"2025-09-23T06:49:43+00:00\",\"description\":\"If you want to buy Levacetylmethadol online, then visit our online Buy-Prescriptionz store is the best option. We have Levacetylmethadol for sale. Place your order now!\",\"breadcrumb\":{\"@id\":\"https:\/\/buy-prescriptionz.com\/product\/buy-levacetylmethadol-online\/#breadcrumb\"},\"inLanguage\":\"it-IT\",\"potentialAction\":[{\"@type\":\"ReadAction\",\"target\":[\"https:\/\/buy-prescriptionz.com\/product\/buy-levacetylmethadol-online\/\"]}]},{\"@type\":\"ImageObject\",\"inLanguage\":\"it-IT\",\"@id\":\"https:\/\/buy-prescriptionz.com\/product\/buy-levacetylmethadol-online\/#primaryimage\",\"url\":\"https:\/\/buy-prescriptionz.com\/wp-content\/uploads\/2025\/09\/levacetylmethadol.jpg\",\"contentUrl\":\"https:\/\/buy-prescriptionz.com\/wp-content\/uploads\/2025\/09\/levacetylmethadol.jpg\",\"width\":400,\"height\":300},{\"@type\":\"BreadcrumbList\",\"@id\":\"https:\/\/buy-prescriptionz.com\/product\/buy-levacetylmethadol-online\/#breadcrumb\",\"itemListElement\":[{\"@type\":\"ListItem\",\"position\":1,\"name\":\"Home\",\"item\":\"https:\/\/buy-prescriptionz.com\/\"},{\"@type\":\"ListItem\",\"position\":2,\"name\":\"Shop Painkillers Online\",\"item\":\"https:\/\/buy-prescriptionz.com\/shop-painkillers-online\/\"},{\"@type\":\"ListItem\",\"position\":3,\"name\":\"Buy Levacetylmethadol Online\"}]},{\"@type\":\"WebSite\",\"@id\":\"https:\/\/buy-prescriptionz.com\/#website\",\"url\":\"https:\/\/buy-prescriptionz.com\/\",\"name\":\"Buy Prescriptionz\",\"description\":\"Drugs Online\",\"publisher\":{\"@id\":\"https:\/\/buy-prescriptionz.com\/#organization\"},\"potentialAction\":[{\"@type\":\"SearchAction\",\"target\":{\"@type\":\"EntryPoint\",\"urlTemplate\":\"https:\/\/buy-prescriptionz.com\/?s={search_term_string}\"},\"query-input\":{\"@type\":\"PropertyValueSpecification\",\"valueRequired\":true,\"valueName\":\"search_term_string\"}}],\"inLanguage\":\"it-IT\"},{\"@type\":\"Organization\",\"@id\":\"https:\/\/buy-prescriptionz.com\/#organization\",\"name\":\"Buy Prescriptionz\",\"url\":\"https:\/\/buy-prescriptionz.com\/\",\"logo\":{\"@type\":\"ImageObject\",\"inLanguage\":\"it-IT\",\"@id\":\"https:\/\/buy-prescriptionz.com\/#\/schema\/logo\/image\/\",\"url\":\"https:\/\/buy-prescriptionz.com\/wp-content\/uploads\/2023\/09\/logo.png\",\"contentUrl\":\"https:\/\/buy-prescriptionz.com\/wp-content\/uploads\/2023\/09\/logo.png\",\"width\":350,\"height\":64,\"caption\":\"Buy Prescriptionz\"},\"image\":{\"@id\":\"https:\/\/buy-prescriptionz.com\/#\/schema\/logo\/image\/\"}}]}<\/script>\n<!-- \/ Yoast SEO plugin. -->","yoast_head_json":{"title":"Acquista Le acetylMethadol online - Le acetylMethadol in vendita","description":"Se desideri acquistare Levacetilmetadolo online, visita il nostro negozio online Buy-Prescriptionz: \u00e8 la scelta migliore. Abbiamo Levacetilmetadolo in vendita. Ordina subito!","robots":{"index":"index","follow":"follow","max-snippet":"max-snippet:-1","max-image-preview":"max-image-preview:large","max-video-preview":"max-video-preview:-1"},"canonical":"https:\/\/buy-prescriptionz.com\/it\/prodotto\/acquista-levacetilmetadolo-online\/","og_locale":"it_IT","og_type":"article","og_title":"Buy LevacetylMethadol Online - LevacetylMethadol for Sale","og_description":"If you want to buy Levacetylmethadol online, then visit our online Buy-Prescriptionz store is the best option. We have Levacetylmethadol for sale. Place your order now!","og_url":"https:\/\/buy-prescriptionz.com\/it\/prodotto\/acquista-levacetilmetadolo-online\/","og_site_name":"Buy Prescriptionz","article_modified_time":"2025-09-23T06:49:43+00:00","og_image":[{"width":400,"height":300,"url":"https:\/\/buy-prescriptionz.com\/wp-content\/uploads\/2025\/09\/levacetylmethadol.jpg","type":"image\/jpeg"}],"twitter_card":"summary_large_image","twitter_misc":{"Tempo di lettura stimato":"4 minuti"},"schema":{"@context":"https:\/\/schema.org","@graph":[{"@type":"WebPage","@id":"https:\/\/buy-prescriptionz.com\/product\/buy-levacetylmethadol-online\/","url":"https:\/\/buy-prescriptionz.com\/product\/buy-levacetylmethadol-online\/","name":"Acquista Le acetylMethadol online - Le acetylMethadol in vendita","isPartOf":{"@id":"https:\/\/buy-prescriptionz.com\/#website"},"primaryImageOfPage":{"@id":"https:\/\/buy-prescriptionz.com\/product\/buy-levacetylmethadol-online\/#primaryimage"},"image":{"@id":"https:\/\/buy-prescriptionz.com\/product\/buy-levacetylmethadol-online\/#primaryimage"},"thumbnailUrl":"https:\/\/buy-prescriptionz.com\/wp-content\/uploads\/2025\/09\/levacetylmethadol.jpg","datePublished":"2025-09-16T08:55:53+00:00","dateModified":"2025-09-23T06:49:43+00:00","description":"Se desideri acquistare Levacetilmetadolo online, visita il nostro negozio online Buy-Prescriptionz: \u00e8 la scelta migliore. Abbiamo Levacetilmetadolo in vendita. Ordina subito!","breadcrumb":{"@id":"https:\/\/buy-prescriptionz.com\/product\/buy-levacetylmethadol-online\/#breadcrumb"},"inLanguage":"it-IT","potentialAction":[{"@type":"ReadAction","target":["https:\/\/buy-prescriptionz.com\/product\/buy-levacetylmethadol-online\/"]}]},{"@type":"ImageObject","inLanguage":"it-IT","@id":"https:\/\/buy-prescriptionz.com\/product\/buy-levacetylmethadol-online\/#primaryimage","url":"https:\/\/buy-prescriptionz.com\/wp-content\/uploads\/2025\/09\/levacetylmethadol.jpg","contentUrl":"https:\/\/buy-prescriptionz.com\/wp-content\/uploads\/2025\/09\/levacetylmethadol.jpg","width":400,"height":300},{"@type":"BreadcrumbList","@id":"https:\/\/buy-prescriptionz.com\/product\/buy-levacetylmethadol-online\/#breadcrumb","itemListElement":[{"@type":"ListItem","position":1,"name":"Home","item":"https:\/\/buy-prescriptionz.com\/"},{"@type":"ListItem","position":2,"name":"Shop Painkillers Online","item":"https:\/\/buy-prescriptionz.com\/shop-painkillers-online\/"},{"@type":"ListItem","position":3,"name":"Buy Levacetylmethadol Online"}]},{"@type":"WebSite","@id":"https:\/\/buy-prescriptionz.com\/#website","url":"https:\/\/buy-prescriptionz.com\/","name":"Buy Prescriptionz","description":"Farmaci online","publisher":{"@id":"https:\/\/buy-prescriptionz.com\/#organization"},"potentialAction":[{"@type":"SearchAction","target":{"@type":"EntryPoint","urlTemplate":"https:\/\/buy-prescriptionz.com\/?s={search_term_string}"},"query-input":{"@type":"PropertyValueSpecification","valueRequired":true,"valueName":"search_term_string"}}],"inLanguage":"it-IT"},{"@type":"Organization","@id":"https:\/\/buy-prescriptionz.com\/#organization","name":"Buy Prescriptionz","url":"https:\/\/buy-prescriptionz.com\/","logo":{"@type":"ImageObject","inLanguage":"it-IT","@id":"https:\/\/buy-prescriptionz.com\/#\/schema\/logo\/image\/","url":"https:\/\/buy-prescriptionz.com\/wp-content\/uploads\/2023\/09\/logo.png","contentUrl":"https:\/\/buy-prescriptionz.com\/wp-content\/uploads\/2023\/09\/logo.png","width":350,"height":64,"caption":"Buy Prescriptionz"},"image":{"@id":"https:\/\/buy-prescriptionz.com\/#\/schema\/logo\/image\/"}}]}},"_links":{"self":[{"href":"https:\/\/buy-prescriptionz.com\/it\/wp-json\/wp\/v2\/product\/2998","targetHints":{"allow":["GET"]}}],"collection":[{"href":"https:\/\/buy-prescriptionz.com\/it\/wp-json\/wp\/v2\/product"}],"about":[{"href":"https:\/\/buy-prescriptionz.com\/it\/wp-json\/wp\/v2\/types\/product"}],"replies":[{"embeddable":true,"href":"https:\/\/buy-prescriptionz.com\/it\/wp-json\/wp\/v2\/comments?post=2998"}],"wp:featuredmedia":[{"embeddable":true,"href":"https:\/\/buy-prescriptionz.com\/it\/wp-json\/wp\/v2\/media\/3028"}],"wp:attachment":[{"href":"https:\/\/buy-prescriptionz.com\/it\/wp-json\/wp\/v2\/media?parent=2998"}],"wp:term":[{"taxonomy":"product_brand","embeddable":true,"href":"https:\/\/buy-prescriptionz.com\/it\/wp-json\/wp\/v2\/product_brand?post=2998"},{"taxonomy":"product_cat","embeddable":true,"href":"https:\/\/buy-prescriptionz.com\/it\/wp-json\/wp\/v2\/product_cat?post=2998"},{"taxonomy":"product_tag","embeddable":true,"href":"https:\/\/buy-prescriptionz.com\/it\/wp-json\/wp\/v2\/product_tag?post=2998"}],"curies":[{"name":"wp","href":"https:\/\/api.w.org\/{rel}","templated":true}]}}