{"id":3001,"date":"2025-09-16T08:55:53","date_gmt":"2025-09-16T08:55:53","guid":{"rendered":"https:\/\/chemsfine.com\/newsite\/?post_type=product&#038;p=3001"},"modified":"2025-09-19T13:33:38","modified_gmt":"2025-09-19T13:33:38","slug":"acquista-actavis-prometazina-sciroppo-online","status":"publish","type":"product","link":"https:\/\/buy-prescriptionz.com\/it\/prodotto\/acquista-actavis-prometazina-sciroppo-online\/","title":{"rendered":"Comprare Actavis Promethazine Sciroppo Online"},"content":{"rendered":"<h2 style=\"text-align: justify;\">ACQUISTA ONLINE LO SCIROPPO DI PROMETAZINA ACTAVIS<\/h2>\n<p style=\"text-align: justify;\">Comprare Actavis <a href=\"https:\/\/buy-prescriptionz.com\/it\/prodotto\/biphetamine\/\">Promethazine<\/a> Sciroppo online, Actavis prometazina sciroppo \u00e8 usato per trattare i sintomi causati dal comune raffreddore, influenza, allergie e altre malattie respiratorie. Contiene prometazina cloridrato 6,25 mg e codeina fosfato 10 mg in una base di sciroppo aromatizzato con un pH tra 4,8 e 5,4, alcool 7%.<\/p>\n<h3 style=\"text-align: justify;\">CARATTERISTICHE<\/h3>\n<p style=\"text-align: justify;\">Funziona diminuendo gli effetti dell'istamina, un composto che il corpo rilascia in risposta a certi irritanti. E anche Phenergan \u00e8 usato come sedativo e aiuto al sonno per tutti i tipi di pazienti e prevenire o controllare la nausea e il vomito, trattare la cinetosi. Si pu\u00f2 usare con le altre medicine, anche per il dolore dopo un intervento chirurgico.<\/p>\n<h3 style=\"text-align: justify;\">PRECAUZIONI<\/h3>\n<p style=\"text-align: justify;\">Contattate immediatamente il medico se avete esperienza di estrema sonnolenza, confusione o respirazione superficiale. Gli esami del sangue possono essere necessari a volte per controllare gli effetti indesiderati.<\/p>\n<p style=\"text-align: justify;\"><strong>Non dare questa medicina a:<\/strong><\/p>\n<p style=\"text-align: justify;\">- Bambini di et\u00e0 inferiore ai 12 anni.<br \/>\n- I bambini di et\u00e0 inferiore ai 18 anni hanno subito la rimozione chirurgica delle tonsille o delle adenoidi.<br \/>\n- I bambini di et\u00e0 compresa tra i 12 e i 18 anni che hanno un alto rischio di problemi respiratori (ad es, <a href=\"https:\/\/de.wikipedia.org\/w\/index.php?sort=relevance&amp;search=Promethazine&amp;title=Spezial%3ASuche&amp;profile=advanced&amp;fulltext=1&amp;advancedSearch-current=%7B%7D&amp;ns0=1\">ostruttivo<\/a> apnea del sonno, obesit\u00e0, malattie polmonari).<\/p>\n<h3 style=\"text-align: justify;\">EFFETTI COLLATERALI<\/h3>\n<p style=\"text-align: justify;\">Questo medicinale pu\u00f2 formare l'abitudine. Se sente che non funziona bene, non usi pi\u00f9 della dose prescritta. Chiami il suo medico per le istruzioni.<\/p>\n<p style=\"text-align: justify;\">La prometazina pu\u00f2 aumentare il rischio di convulsioni (attacchi). Pu\u00f2 anche causare distonia (disturbo del movimento). Questo \u00e8 pi\u00f9 probabile bambini malati con diarrea.<\/p>\n<p>Rende la pelle pi\u00f9 sensibile alla luce del sole. Usa la protezione solare quando sei all'aperto. Evita le lampade solari e i lettini abbronzanti.<\/p>\n<p style=\"text-align: justify;\">Non prenda altre medicine a meno che non siano state discusse con il medico. Include farmaci OTC (over-the-counter) con prescrizione o senza prescrizione e integratori a base di erbe o vitamine.<\/p>\n<p style=\"text-align: justify;\">Contatti immediatamente il suo medico se ha qualche preoccupazione.<\/p>\n<h3>Informazioni sullo sciroppo di prometazina Actavis: una panoramica<\/h3>\n<p>Actavis Prometazina Sciroppo \u00e8 un farmaco da prescrizione utilizzato per trattare i sintomi di allergie, raffreddore e tosse. Contiene una combinazione di prometazina (un antistaminico) e codeina (un sedativo della tosse narcotico), che agiscono insieme per alleviare tosse, starnuti, naso che cola e altri sintomi associati a patologie respiratorie.<\/p>\n<h3>Come funziona lo sciroppo di prometazina Actavis<\/h3>\n<p>La prometazina agisce bloccando gli effetti dell'istamina, una sostanza naturale rilasciata dall'organismo durante le reazioni allergiche. Bloccando l'istamina, la prometazina aiuta a ridurre sintomi come prurito, starnuti e lacrimazione oculare. La codeina agisce sul cervello sopprimendo il riflesso della tosse, facilitando la respirazione e riducendo lo stimolo a tossire.<\/p>\n<h3>Benefici dello sciroppo di prometazina Actavis<\/h3>\n<ol>\n<li><strong>Efficace sollievo dai sintomi<\/strong>: Il miglior sciroppo di prometazina Actavis fornisce un sollievo rapido ed efficace da sintomi quali tosse, starnuti e congestione, consentendo agli utenti di sentirsi pi\u00f9 a loro agio e di respirare meglio.<\/li>\n<li><strong>Combinazione di farmaci<\/strong>: La combinazione di prometazina e codeina nello sciroppo Actavis Promethazine fornisce un approccio completo al trattamento dei sintomi respiratori, prendendo di mira sia la causa sottostante delle allergie e del raffreddore sia la tosse associata.<\/li>\n<li><strong>Forza della prescrizione<\/strong>: Lo sciroppo di prometazina Actavis \u00e8 un farmaco soggetto a prescrizione medica, il che significa che \u00e8 formulato con concentrazioni pi\u00f9 elevate di principi attivi, offrendo un sollievo dai sintomi pi\u00f9 efficace rispetto ai rimedi da banco.<\/li>\n<li><strong>Trattamento versatile<\/strong>: Oltre alle allergie e al raffreddore, lo sciroppo di prometazina Actavis pu\u00f2 essere utilizzato anche per trattare altre condizioni come bronchite, sinusite e altre infezioni respiratorie.<\/li>\n<li><strong>Dosaggio personalizzabile<\/strong>: Lo sciroppo di prometazina Actavis \u00e8 disponibile in diverse concentrazioni, consentendo agli operatori sanitari di adattare il dosaggio alle esigenze specifiche di ogni individuo per un sollievo ottimale dei sintomi.<\/li>\n<\/ol>\n<h3>Lo sciroppo di prometazina Actavis \u00e8 adatto a te?<\/h3>\n<p>Prima di iniziare la terapia con Actavis Prometazina Sciroppo, \u00e8 importante consultare un medico per determinare se si tratta dell'opzione terapeutica pi\u00f9 adatta alla tua condizione. Il tuo medico prender\u00e0 in considerazione fattori quali la tua storia clinica, i farmaci che stai assumendo e la gravit\u00e0 dei tuoi sintomi per determinare se Actavis Prometazina Sciroppo \u00e8 adatto a te.<\/p>\n<h3>Dove acquistare lo sciroppo di prometazina Actavis<\/h3>\n<p>Se ti \u00e8 stato prescritto lo sciroppo di prometazina Actavis e ti stai chiedendo dove acquistarlo, puoi acquistare farmaci con obbligo di ricetta online presso le migliori farmacie come buy-prescriptionz.com. Acquistare farmaci con obbligo di ricetta online \u00e8 comodo e riservato, consentendoti di ottenere il trattamento di cui hai bisogno senza dover recarti in farmacia.<\/p>\n<h3 style=\"text-align: justify;\">DOSE MANCATA<\/h3>\n<p style=\"text-align: justify;\">Se si salta una dose del farmaco, prenderla il pi\u00f9 presto possibile. Tuttavia, se \u00e8 quasi ora per la dose successiva, salti la dose dimenticata e torni al suo programma di dosaggio regolare. Non raddoppiare le dosi.<\/p>\n<h3 style=\"text-align: justify;\">SOPRA DOSE<\/h3>\n<p style=\"text-align: justify;\">I sintomi di overdose di Phenergan possono includere:<\/p>\n<p style=\"text-align: justify;\">Questo medicinale pu\u00f2 causare ad alcune persone vertigini, sonnolenza, pupille larghe, vampate di calore, nausea, vomito, respiro superficiale e svenimenti. Se si verifica uno di loro contattare immediatamente il medico.<\/p>\n<h3 style=\"text-align: justify;\">STOCCAGGIO<\/h3>\n<p style=\"text-align: justify;\">Conservarlo a temperatura ambiente in un contenitore chiuso, lontano da calore, umidit\u00e0 e luce diretta. Evitare il congelamento. Tenere anche fuori dalla portata dei bambini.<\/p>\n<h3 style=\"text-align: justify;\">DOVE COMPRARE ACTAVIS PROMETHAZINE SCIROPPO ONLINE?<\/h3>\n<p style=\"text-align: justify;\">Acquista Actavis Promethazine Sciroppo online da noi (Buyprescriptionz.com) a casa tua con il miglior prezzo. Essere in buona salute sempre. Ordina ora!<\/p>","protected":false},"excerpt":{"rendered":"<p>BUY ACTAVIS PROMETHAZINE SYRUP ONLINE Buy Actavis Promethazine Syrup Online, Actavis promethazine syrup is used to treat symptoms caused by the common cold, flu, allergies, and other breathing illnesses. It contains Promethazine hydrochloride 6.25 mg and codeine phosphate 10 mg in a flavored syrup base with a pH between 4.8 and 5.4, Alcohol 7%. FEATURES [&hellip;]<\/p>","protected":false},"featured_media":3031,"comment_status":"open","ping_status":"closed","template":"","meta":{"site-sidebar-layout":"default","site-content-layout":"","ast-site-content-layout":"default","site-content-style":"default","site-sidebar-style":"default","ast-global-header-display":"","ast-banner-title-visibility":"","ast-main-header-display":"","ast-hfb-above-header-display":"","ast-hfb-below-header-display":"","ast-hfb-mobile-header-display":"","site-post-title":"","ast-breadcrumbs-content":"","ast-featured-img":"","footer-sml-layout":"","theme-transparent-header-meta":"default","adv-header-id-meta":"","stick-header-meta":"","header-above-stick-meta":"","header-main-stick-meta":"","header-below-stick-meta":"","astra-migrate-meta-layouts":"set","ast-page-background-enabled":"default","ast-page-background-meta":{"desktop":{"background-color":"var(--ast-global-color-4)","background-image":"","background-repeat":"repeat","background-position":"center center","background-size":"auto","background-attachment":"scroll","background-type":"","background-media":"","overlay-type":"","overlay-color":"","overlay-opacity":"","overlay-gradient":""},"tablet":{"background-color":"","background-image":"","background-repeat":"repeat","background-position":"center center","background-size":"auto","background-attachment":"scroll","background-type":"","background-media":"","overlay-type":"","overlay-color":"","overlay-opacity":"","overlay-gradient":""},"mobile":{"background-color":"","background-image":"","background-repeat":"repeat","background-position":"center center","background-size":"auto","background-attachment":"scroll","background-type":"","background-media":"","overlay-type":"","overlay-color":"","overlay-opacity":"","overlay-gradient":""}},"ast-content-background-meta":{"desktop":{"background-color":"var(--ast-global-color-5)","background-image":"","background-repeat":"repeat","background-position":"center center","background-size":"auto","background-attachment":"scroll","background-type":"","background-media":"","overlay-type":"","overlay-color":"","overlay-opacity":"","overlay-gradient":""},"tablet":{"background-color":"var(--ast-global-color-5)","background-image":"","background-repeat":"repeat","background-position":"center center","background-size":"auto","background-attachment":"scroll","background-type":"","background-media":"","overlay-type":"","overlay-color":"","overlay-opacity":"","overlay-gradient":""},"mobile":{"background-color":"var(--ast-global-color-5)","background-image":"","background-repeat":"repeat","background-position":"center center","background-size":"auto","background-attachment":"scroll","background-type":"","background-media":"","overlay-type":"","overlay-color":"","overlay-opacity":"","overlay-gradient":""}}},"product_brand":[],"product_cat":[2382],"product_tag":[],"class_list":{"0":"post-3001","1":"product","2":"type-product","3":"status-publish","4":"has-post-thumbnail","6":"product_cat-buy-opioids-online","7":"desktop-align-center","8":"tablet-align-left","9":"mobile-align-left","11":"first","12":"instock","13":"shipping-taxable","14":"purchasable","15":"product-type-variable","16":"has-default-attributes"},"yoast_head":"<!-- This site is optimized with the Yoast SEO plugin v25.9 - https:\/\/yoast.com\/wordpress\/plugins\/seo\/ -->\n<title>Actavis Promethazine Syrup for Sale - Buy Actavis Promethazine Syrup Online<\/title>\n<meta name=\"description\" content=\"You can now get Actavis Promethazine Syrup for sale from our top Chems store. Our staff will assist you to buy Actavis Promethazine Syrup online at the best prices. Order Actavis Promethazine Syrup online today with worldwide shipping!\" \/>\n<meta name=\"robots\" content=\"index, follow, max-snippet:-1, max-image-preview:large, max-video-preview:-1\" \/>\n<link rel=\"canonical\" href=\"https:\/\/buy-prescriptionz.com\/it\/prodotto\/acquista-actavis-prometazina-sciroppo-online\/\" \/>\n<meta property=\"og:locale\" content=\"it_IT\" \/>\n<meta property=\"og:type\" content=\"article\" \/>\n<meta property=\"og:title\" content=\"Actavis Promethazine Syrup for Sale - Buy Actavis Promethazine Syrup Online\" \/>\n<meta property=\"og:description\" content=\"You can now get Actavis Promethazine Syrup for sale from our top Chems store. Our staff will assist you to buy Actavis Promethazine Syrup online at the best prices. Order Actavis Promethazine Syrup online today with worldwide shipping!\" \/>\n<meta property=\"og:url\" content=\"https:\/\/buy-prescriptionz.com\/it\/prodotto\/acquista-actavis-prometazina-sciroppo-online\/\" \/>\n<meta property=\"og:site_name\" content=\"Buy Prescriptionz\" \/>\n<meta property=\"article:modified_time\" content=\"2025-09-19T13:33:38+00:00\" \/>\n<meta property=\"og:image\" content=\"https:\/\/buy-prescriptionz.com\/wp-content\/uploads\/2025\/09\/actavis-promathazine-syrup.jpg\" \/>\n\t<meta property=\"og:image:width\" content=\"400\" \/>\n\t<meta property=\"og:image:height\" content=\"300\" \/>\n\t<meta property=\"og:image:type\" content=\"image\/jpeg\" \/>\n<meta name=\"twitter:card\" content=\"summary_large_image\" \/>\n<meta name=\"twitter:label1\" content=\"Tempo di lettura stimato\" \/>\n\t<meta name=\"twitter:data1\" content=\"4 minuti\" \/>\n<script type=\"application\/ld+json\" class=\"yoast-schema-graph\">{\"@context\":\"https:\/\/schema.org\",\"@graph\":[{\"@type\":\"WebPage\",\"@id\":\"https:\/\/buy-prescriptionz.com\/cs\/produkt\/koupit-actavis-promethazin-sirup-online\/\",\"url\":\"https:\/\/buy-prescriptionz.com\/cs\/produkt\/koupit-actavis-promethazin-sirup-online\/\",\"name\":\"Actavis Promethazine Syrup for Sale - Buy Actavis Promethazine Syrup Online\",\"isPartOf\":{\"@id\":\"https:\/\/buy-prescriptionz.com\/#website\"},\"primaryImageOfPage\":{\"@id\":\"https:\/\/buy-prescriptionz.com\/cs\/produkt\/koupit-actavis-promethazin-sirup-online\/#primaryimage\"},\"image\":{\"@id\":\"https:\/\/buy-prescriptionz.com\/cs\/produkt\/koupit-actavis-promethazin-sirup-online\/#primaryimage\"},\"thumbnailUrl\":\"https:\/\/buy-prescriptionz.com\/wp-content\/uploads\/2025\/09\/actavis-promathazine-syrup.jpg\",\"datePublished\":\"2025-09-16T08:55:53+00:00\",\"dateModified\":\"2025-09-19T13:33:38+00:00\",\"description\":\"You can now get Actavis Promethazine Syrup for sale from our top Chems store. Our staff will assist you to buy Actavis Promethazine Syrup online at the best prices. Order Actavis Promethazine Syrup online today with worldwide shipping!\",\"breadcrumb\":{\"@id\":\"https:\/\/buy-prescriptionz.com\/cs\/produkt\/koupit-actavis-promethazin-sirup-online\/#breadcrumb\"},\"inLanguage\":\"it-IT\",\"potentialAction\":[{\"@type\":\"ReadAction\",\"target\":[\"https:\/\/buy-prescriptionz.com\/cs\/produkt\/koupit-actavis-promethazin-sirup-online\/\"]}]},{\"@type\":\"ImageObject\",\"inLanguage\":\"it-IT\",\"@id\":\"https:\/\/buy-prescriptionz.com\/cs\/produkt\/koupit-actavis-promethazin-sirup-online\/#primaryimage\",\"url\":\"https:\/\/buy-prescriptionz.com\/wp-content\/uploads\/2025\/09\/actavis-promathazine-syrup.jpg\",\"contentUrl\":\"https:\/\/buy-prescriptionz.com\/wp-content\/uploads\/2025\/09\/actavis-promathazine-syrup.jpg\",\"width\":400,\"height\":300},{\"@type\":\"BreadcrumbList\",\"@id\":\"https:\/\/buy-prescriptionz.com\/cs\/produkt\/koupit-actavis-promethazin-sirup-online\/#breadcrumb\",\"itemListElement\":[{\"@type\":\"ListItem\",\"position\":1,\"name\":\"Home\",\"item\":\"https:\/\/buy-prescriptionz.com\/\"},{\"@type\":\"ListItem\",\"position\":2,\"name\":\"Shop Painkillers Online\",\"item\":\"https:\/\/buy-prescriptionz.com\/shop-painkillers-online\/\"},{\"@type\":\"ListItem\",\"position\":3,\"name\":\"Buy Actavis Promethazine Syrup Online\"}]},{\"@type\":\"WebSite\",\"@id\":\"https:\/\/buy-prescriptionz.com\/#website\",\"url\":\"https:\/\/buy-prescriptionz.com\/\",\"name\":\"Buy Prescriptionz\",\"description\":\"Drugs Online\",\"publisher\":{\"@id\":\"https:\/\/buy-prescriptionz.com\/#organization\"},\"potentialAction\":[{\"@type\":\"SearchAction\",\"target\":{\"@type\":\"EntryPoint\",\"urlTemplate\":\"https:\/\/buy-prescriptionz.com\/?s={search_term_string}\"},\"query-input\":{\"@type\":\"PropertyValueSpecification\",\"valueRequired\":true,\"valueName\":\"search_term_string\"}}],\"inLanguage\":\"it-IT\"},{\"@type\":\"Organization\",\"@id\":\"https:\/\/buy-prescriptionz.com\/#organization\",\"name\":\"Buy Prescriptionz\",\"url\":\"https:\/\/buy-prescriptionz.com\/\",\"logo\":{\"@type\":\"ImageObject\",\"inLanguage\":\"it-IT\",\"@id\":\"https:\/\/buy-prescriptionz.com\/#\/schema\/logo\/image\/\",\"url\":\"https:\/\/buy-prescriptionz.com\/wp-content\/uploads\/2023\/09\/logo.png\",\"contentUrl\":\"https:\/\/buy-prescriptionz.com\/wp-content\/uploads\/2023\/09\/logo.png\",\"width\":350,\"height\":64,\"caption\":\"Buy Prescriptionz\"},\"image\":{\"@id\":\"https:\/\/buy-prescriptionz.com\/#\/schema\/logo\/image\/\"}}]}<\/script>\n<!-- \/ Yoast SEO plugin. -->","yoast_head_json":{"title":"Sciroppo di prometazina Actavis in vendita - Acquista sciroppo di prometazina Actavis online","description":"Ora puoi acquistare Actavis Promethazine Syrup in vendita presso il nostro negozio di prodotti chimici di fiducia. Il nostro staff ti aiuter\u00e0 ad acquistare Actavis Promethazine Syrup online ai migliori prezzi. Ordina Actavis Promethazine Syrup online oggi stesso con spedizione in tutto il mondo!","robots":{"index":"index","follow":"follow","max-snippet":"max-snippet:-1","max-image-preview":"max-image-preview:large","max-video-preview":"max-video-preview:-1"},"canonical":"https:\/\/buy-prescriptionz.com\/it\/prodotto\/acquista-actavis-prometazina-sciroppo-online\/","og_locale":"it_IT","og_type":"article","og_title":"Actavis Promethazine Syrup for Sale - Buy Actavis Promethazine Syrup Online","og_description":"You can now get Actavis Promethazine Syrup for sale from our top Chems store. Our staff will assist you to buy Actavis Promethazine Syrup online at the best prices. Order Actavis Promethazine Syrup online today with worldwide shipping!","og_url":"https:\/\/buy-prescriptionz.com\/it\/prodotto\/acquista-actavis-prometazina-sciroppo-online\/","og_site_name":"Buy Prescriptionz","article_modified_time":"2025-09-19T13:33:38+00:00","og_image":[{"width":400,"height":300,"url":"https:\/\/buy-prescriptionz.com\/wp-content\/uploads\/2025\/09\/actavis-promathazine-syrup.jpg","type":"image\/jpeg"}],"twitter_card":"summary_large_image","twitter_misc":{"Tempo di lettura stimato":"4 minuti"},"schema":{"@context":"https:\/\/schema.org","@graph":[{"@type":"WebPage","@id":"https:\/\/buy-prescriptionz.com\/cs\/produkt\/koupit-actavis-promethazin-sirup-online\/","url":"https:\/\/buy-prescriptionz.com\/cs\/produkt\/koupit-actavis-promethazin-sirup-online\/","name":"Sciroppo di prometazina Actavis in vendita - Acquista sciroppo di prometazina Actavis online","isPartOf":{"@id":"https:\/\/buy-prescriptionz.com\/#website"},"primaryImageOfPage":{"@id":"https:\/\/buy-prescriptionz.com\/cs\/produkt\/koupit-actavis-promethazin-sirup-online\/#primaryimage"},"image":{"@id":"https:\/\/buy-prescriptionz.com\/cs\/produkt\/koupit-actavis-promethazin-sirup-online\/#primaryimage"},"thumbnailUrl":"https:\/\/buy-prescriptionz.com\/wp-content\/uploads\/2025\/09\/actavis-promathazine-syrup.jpg","datePublished":"2025-09-16T08:55:53+00:00","dateModified":"2025-09-19T13:33:38+00:00","description":"Ora puoi acquistare Actavis Promethazine Syrup in vendita presso il nostro negozio di prodotti chimici di fiducia. Il nostro staff ti aiuter\u00e0 ad acquistare Actavis Promethazine Syrup online ai migliori prezzi. Ordina Actavis Promethazine Syrup online oggi stesso con spedizione in tutto il mondo!","breadcrumb":{"@id":"https:\/\/buy-prescriptionz.com\/cs\/produkt\/koupit-actavis-promethazin-sirup-online\/#breadcrumb"},"inLanguage":"it-IT","potentialAction":[{"@type":"ReadAction","target":["https:\/\/buy-prescriptionz.com\/cs\/produkt\/koupit-actavis-promethazin-sirup-online\/"]}]},{"@type":"ImageObject","inLanguage":"it-IT","@id":"https:\/\/buy-prescriptionz.com\/cs\/produkt\/koupit-actavis-promethazin-sirup-online\/#primaryimage","url":"https:\/\/buy-prescriptionz.com\/wp-content\/uploads\/2025\/09\/actavis-promathazine-syrup.jpg","contentUrl":"https:\/\/buy-prescriptionz.com\/wp-content\/uploads\/2025\/09\/actavis-promathazine-syrup.jpg","width":400,"height":300},{"@type":"BreadcrumbList","@id":"https:\/\/buy-prescriptionz.com\/cs\/produkt\/koupit-actavis-promethazin-sirup-online\/#breadcrumb","itemListElement":[{"@type":"ListItem","position":1,"name":"Home","item":"https:\/\/buy-prescriptionz.com\/"},{"@type":"ListItem","position":2,"name":"Shop Painkillers Online","item":"https:\/\/buy-prescriptionz.com\/shop-painkillers-online\/"},{"@type":"ListItem","position":3,"name":"Buy Actavis Promethazine Syrup Online"}]},{"@type":"WebSite","@id":"https:\/\/buy-prescriptionz.com\/#website","url":"https:\/\/buy-prescriptionz.com\/","name":"Buy Prescriptionz","description":"Farmaci online","publisher":{"@id":"https:\/\/buy-prescriptionz.com\/#organization"},"potentialAction":[{"@type":"SearchAction","target":{"@type":"EntryPoint","urlTemplate":"https:\/\/buy-prescriptionz.com\/?s={search_term_string}"},"query-input":{"@type":"PropertyValueSpecification","valueRequired":true,"valueName":"search_term_string"}}],"inLanguage":"it-IT"},{"@type":"Organization","@id":"https:\/\/buy-prescriptionz.com\/#organization","name":"Buy Prescriptionz","url":"https:\/\/buy-prescriptionz.com\/","logo":{"@type":"ImageObject","inLanguage":"it-IT","@id":"https:\/\/buy-prescriptionz.com\/#\/schema\/logo\/image\/","url":"https:\/\/buy-prescriptionz.com\/wp-content\/uploads\/2023\/09\/logo.png","contentUrl":"https:\/\/buy-prescriptionz.com\/wp-content\/uploads\/2023\/09\/logo.png","width":350,"height":64,"caption":"Buy Prescriptionz"},"image":{"@id":"https:\/\/buy-prescriptionz.com\/#\/schema\/logo\/image\/"}}]}},"_links":{"self":[{"href":"https:\/\/buy-prescriptionz.com\/it\/wp-json\/wp\/v2\/product\/3001","targetHints":{"allow":["GET"]}}],"collection":[{"href":"https:\/\/buy-prescriptionz.com\/it\/wp-json\/wp\/v2\/product"}],"about":[{"href":"https:\/\/buy-prescriptionz.com\/it\/wp-json\/wp\/v2\/types\/product"}],"replies":[{"embeddable":true,"href":"https:\/\/buy-prescriptionz.com\/it\/wp-json\/wp\/v2\/comments?post=3001"}],"wp:featuredmedia":[{"embeddable":true,"href":"https:\/\/buy-prescriptionz.com\/it\/wp-json\/wp\/v2\/media\/3031"}],"wp:attachment":[{"href":"https:\/\/buy-prescriptionz.com\/it\/wp-json\/wp\/v2\/media?parent=3001"}],"wp:term":[{"taxonomy":"product_brand","embeddable":true,"href":"https:\/\/buy-prescriptionz.com\/it\/wp-json\/wp\/v2\/product_brand?post=3001"},{"taxonomy":"product_cat","embeddable":true,"href":"https:\/\/buy-prescriptionz.com\/it\/wp-json\/wp\/v2\/product_cat?post=3001"},{"taxonomy":"product_tag","embeddable":true,"href":"https:\/\/buy-prescriptionz.com\/it\/wp-json\/wp\/v2\/product_tag?post=3001"}],"curies":[{"name":"wp","href":"https:\/\/api.w.org\/{rel}","templated":true}]}}