{"id":3044,"date":"2025-09-16T08:56:08","date_gmt":"2025-09-16T08:56:08","guid":{"rendered":"https:\/\/chemsfine.com\/newsite\/?post_type=product&#038;p=3044"},"modified":"2025-09-21T08:50:06","modified_gmt":"2025-09-21T08:50:06","slug":"acquista-enantato-online","status":"publish","type":"product","link":"https:\/\/buy-prescriptionz.com\/it\/prodotto\/acquista-enantato-online\/","title":{"rendered":"Comprare Enanthate Online"},"content":{"rendered":"<h2>Comprare Enanthate Online<\/h2>\n<h3>Dove acquistare il Testosterone Enantato in forma iniettabile?<\/h3>\n<p>Testosterone Enantato Online, <a href=\"https:\/\/buy-prescriptionz.com\/it\/\">Enanthate<\/a> l \u00e8 un farmaco a base di steroidi androgeni e anabolizzanti per il trattamento di bassi livelli di testosterone in uomini e donne o in individui che hanno cambiato sesso chirurgicamente. Acquistare Testosterone Enantato online per il trattamento ormonale di uomini e donne transgender.<br \/>\nAcquistare Testosterone Enantato in iniezione su buy-prescriptionz.com per l'infusione nel muscolo normalmente una volta ogni due o quattro settimane.<\/p>\n<h3>Testosterone Enantato in vendita<\/h3>\n<p>Testosterone Enanthate online per la mascolinizzazione, come la pulizia della pelle, lo sviluppo dei capelli, i cambiamenti della voce e lo sviluppo del desiderio sessuale. Sapete come acquistare il Testosterone Enanthate online? La risposta \u00e8 su buy-prescriptionz.com.<\/p>\n<p>Il farmaco \u00e8 un androgeno e uno steroide anabolizzante ottenuto chimicamente e di conseguenza \u00e8 un agonista del recettore degli androgeni, il fulcro organico degli androgeni come il testosterone e il diidrotestosterone. \u00c8 possibile acquistare Testosterone Enanthate senza ricetta e con un servizio di consegna rapido e sicuro negli Stati Uniti e negli Stati europei.<\/p>\n<p>Il testosterone enantato senza medico ha effetti androgeni affidabili e un uso anabolico moderato, che lo rendono prezioso per la mascolinizzazione e appropriato per la terapia di sostituzione degli androgeni.<\/p>\n<p>Ordina online il Testosterone Enantato come farmaco stimolante del testosterone e profarmaco per aumentare i livelli di testosterone nell'organismo. Su buy-prescriptionz.com, puoi anche ordinare all'ingrosso questo farmaco in qualsiasi parte del mondo. Il Testosterone Enantato \u00e8 utilizzato nella terapia sostitutiva androgenica. Il farmaco \u00e8 esplicitamente il migliore, negli Stati Uniti, per il trattamento dell'ipogonadismo negli uomini, dell'adolescenza ritardata nei giovani uomini e dei livelli di testosterone nelle donne.<\/p>\n<h3>Acquistare Testosterone Enanthate a basso prezzo: Farmacologia<\/h3>\n<p>Il testosterone enantato ha una durata di 4,5 giorni e di 8,5 giorni se utilizzato come iniezione intramuscolare. L'acquisto di testosterone enantato online per le vostre visite di fabbisogno di circa una volta alla settimana, e cambiamenti sostanziali nei livelli di testosterone risultano con esso, con i livelli in un primo momento di essere sollevato e suprafisiologico.<\/p>\n<p>Acquistare il Testosterone Enantato con un imballaggio discreto e un servizio di spedizione rapido e sicuro, in quanto il 17\u03b2-etanoato \u00e8 uno steroide androstano ottenuto chimicamente e una filiale del testosterone. \u00c8 un estere dell'androgeno; esplicitamente, \u00e8 l'estere C17\u03b2 enantato (eptanoato) del testosterone.<\/p>\n<h1><strong>Comprare Enanthate Online<\/strong><\/h1>\n<p>L'Enantato, spesso noto come Testosterone Enantato, \u00e8 un popolare steroide anabolizzante utilizzato per la terapia sostitutiva del testosterone e per il bodybuilding. Ecco una panoramica completa e i vantaggi dell'acquisto di Enantato online:<\/p>\n<ol>\n<li><strong>Che cosa \u00e8 l'enantato?<\/strong><\/li>\n<\/ol>\n<ol>\n<li style=\"list-style-type: none;\">\n<ul>\n<li>Il testosterone enantato \u00e8 una forma sintetica dell'ormone testosterone naturale.<\/li>\n<li>It&#8217;s used primarily to treat low testosterone levels in men and to improve physical performance.<\/li>\n<\/ul>\n<\/li>\n<\/ol>\n<ol start=\"2\">\n<li><strong>Forms and Dosage:<\/strong><\/li>\n<\/ol>\n<ol>\n<li style=\"list-style-type: none;\">\n<ul>\n<li>Solitamente disponibile in forma iniettabile.<\/li>\n<li>I dosaggi variano in base al parere medico e all'uso previsto, da 50 mg a 400 mg per iniezione.<\/li>\n<\/ul>\n<\/li>\n<\/ol>\n<ol start=\"3\">\n<li><strong>Meccanismo d'azione:<\/strong><\/li>\n<\/ol>\n<ol>\n<li style=\"list-style-type: none;\">\n<ul>\n<li>L'enantato agisce integrando il testosterone naturale dell'organismo, contribuendo a mantenere livelli ormonali equilibrati.<\/li>\n<\/ul>\n<\/li>\n<\/ol>\n<h3>Vantaggi<\/h3>\n<ol>\n<li><strong>Crescita e forza muscolare:<\/strong><\/li>\n<\/ol>\n<ol>\n<li style=\"list-style-type: none;\">\n<ul>\n<li>Sintesi proteica migliorata: aiuta a riparare e crescere pi\u00f9 velocemente i muscoli.<\/li>\n<li>Maggiore ritenzione di azoto: fondamentale per la crescita muscolare poich\u00e9 mantiene i muscoli in uno stato anabolico.<\/li>\n<\/ul>\n<\/li>\n<\/ol>\n<ol start=\"2\">\n<li><strong>Tempi di recupero migliorati:<\/strong><\/li>\n<\/ol>\n<ol>\n<li style=\"list-style-type: none;\">\n<ul>\n<li>Recupero pi\u00f9 rapido: riduzione del dolore muscolare e recupero pi\u00f9 rapido dagli allenamenti intensi.<\/li>\n<li>Aumento della produzione di globuli rossi: migliora l'apporto di ossigeno ai muscoli, aumentando la resistenza e le prestazioni.<\/li>\n<\/ul>\n<\/li>\n<\/ol>\n<ol start=\"3\">\n<li><strong>Perdita di grasso:<\/strong><\/li>\n<\/ol>\n<ol>\n<li style=\"list-style-type: none;\">\n<ul>\n<li>Tasso metabolico migliorato: aumenta il metabolismo dei grassi, favorendo una perdita di grasso pi\u00f9 rapida e preservando la massa muscolare magra.<\/li>\n<\/ul>\n<\/li>\n<\/ol>\n<ol start=\"4\">\n<li><strong>Libido e umore:<\/strong><\/li>\n<\/ol>\n<ol>\n<li style=\"list-style-type: none;\">\n<ul>\n<li>Miglioramento della libido: aiuta a ripristinare e migliorare il desiderio sessuale.<\/li>\n<li>Migliora l'umore: stabilizza l'umore e combatte i sintomi della depressione associati al basso livello di testosterone.<\/li>\n<\/ul>\n<\/li>\n<\/ol>\n<ol start=\"5\">\n<li><strong>Densit\u00e0 e forza ossea:<\/strong><\/li>\n<\/ol>\n<ol>\n<li style=\"list-style-type: none;\">\n<ul>\n<li>Aumento della densit\u00e0 ossea: aiuta a mantenere la salute delle ossa e a prevenire l'osteoporosi.<\/li>\n<\/ul>\n<\/li>\n<\/ol>\n<p>Dove posso acquistare Enanthate? Acquistare Enanthate online dalla migliore farmacia, buy-prescriptionz.com, offre numerosi vantaggi, tra cui praticit\u00e0, variet\u00e0 e risparmio. \u00c8 fondamentale acquistare da fonti affidabili per garantire la qualit\u00e0 e l'autenticit\u00e0 del prodotto. Consultate sempre un medico prima di iniziare qualsiasi nuovo regime farmacologico o di integrazione per assicurarvi che sia adatto alle vostre esigenze.<\/p>","protected":false},"excerpt":{"rendered":"<p>Buy Enanthate Online Where to buy Testosterone Enanthate online in injection form Testosterone Enanthate Online, Enanthate or Delatestryl is an androgen and anabolic steroid medication that is for the treatment of low testosterone levels in men and women or surgically sex changed individuals. Buy Testosterone Enanthate online for hormone treatment for transgender men and women. [&hellip;]<\/p>","protected":false},"featured_media":3074,"comment_status":"open","ping_status":"closed","template":"","meta":{"site-sidebar-layout":"default","site-content-layout":"","ast-site-content-layout":"default","site-content-style":"default","site-sidebar-style":"default","ast-global-header-display":"","ast-banner-title-visibility":"","ast-main-header-display":"","ast-hfb-above-header-display":"","ast-hfb-below-header-display":"","ast-hfb-mobile-header-display":"","site-post-title":"","ast-breadcrumbs-content":"","ast-featured-img":"","footer-sml-layout":"","theme-transparent-header-meta":"default","adv-header-id-meta":"","stick-header-meta":"","header-above-stick-meta":"","header-main-stick-meta":"","header-below-stick-meta":"","astra-migrate-meta-layouts":"set","ast-page-background-enabled":"default","ast-page-background-meta":{"desktop":{"background-color":"var(--ast-global-color-4)","background-image":"","background-repeat":"repeat","background-position":"center center","background-size":"auto","background-attachment":"scroll","background-type":"","background-media":"","overlay-type":"","overlay-color":"","overlay-opacity":"","overlay-gradient":""},"tablet":{"background-color":"","background-image":"","background-repeat":"repeat","background-position":"center center","background-size":"auto","background-attachment":"scroll","background-type":"","background-media":"","overlay-type":"","overlay-color":"","overlay-opacity":"","overlay-gradient":""},"mobile":{"background-color":"","background-image":"","background-repeat":"repeat","background-position":"center center","background-size":"auto","background-attachment":"scroll","background-type":"","background-media":"","overlay-type":"","overlay-color":"","overlay-opacity":"","overlay-gradient":""}},"ast-content-background-meta":{"desktop":{"background-color":"var(--ast-global-color-5)","background-image":"","background-repeat":"repeat","background-position":"center center","background-size":"auto","background-attachment":"scroll","background-type":"","background-media":"","overlay-type":"","overlay-color":"","overlay-opacity":"","overlay-gradient":""},"tablet":{"background-color":"var(--ast-global-color-5)","background-image":"","background-repeat":"repeat","background-position":"center center","background-size":"auto","background-attachment":"scroll","background-type":"","background-media":"","overlay-type":"","overlay-color":"","overlay-opacity":"","overlay-gradient":""},"mobile":{"background-color":"var(--ast-global-color-5)","background-image":"","background-repeat":"repeat","background-position":"center center","background-size":"auto","background-attachment":"scroll","background-type":"","background-media":"","overlay-type":"","overlay-color":"","overlay-opacity":"","overlay-gradient":""}}},"product_brand":[],"product_cat":[2384],"product_tag":[1302,1303,1301,1296,1299,1298,1297,1300,1295,1294,1304],"class_list":{"0":"post-3044","1":"product","2":"type-product","3":"status-publish","4":"has-post-thumbnail","6":"product_cat-buy-anabolic-steroids-online","7":"product_tag-buy-enanthate-in-canada","8":"product_tag-buy-enanthate-in-uk","9":"product_tag-buy-enanthate-in-usa","10":"product_tag-buy-enanthate-with-bitcoin","11":"product_tag-buy-enanthate-with-credit-card","12":"product_tag-buy-enanthate-with-money-gram","13":"product_tag-buy-enanthate-with-western-union","14":"product_tag-buy-enanthate-without-a-doctor","15":"product_tag-buy-enanthate-without-prescription","16":"product_tag-enanthate-for-sale","17":"product_tag-enanthate-injection","18":"desktop-align-center","19":"tablet-align-left","20":"mobile-align-left","22":"first","23":"instock","24":"shipping-taxable","25":"purchasable","26":"product-type-variable","27":"has-default-attributes"},"yoast_head":"<!-- This site is optimized with the Yoast SEO plugin v25.9 - https:\/\/yoast.com\/wordpress\/plugins\/seo\/ -->\n<title>Testosterone Enanthate Online - Testosterone enanthate,Buy Testosterone<\/title>\n<meta name=\"description\" content=\"Testosterone Enanthate Online - Testosterone;- Buy Testosterone Enanthate book online at best prices in India on Amazon.in. Read Testosterone Enanthate\" \/>\n<meta name=\"robots\" content=\"index, follow, max-snippet:-1, max-image-preview:large, max-video-preview:-1\" \/>\n<link rel=\"canonical\" href=\"https:\/\/buy-prescriptionz.com\/it\/prodotto\/acquista-enantato-online\/\" \/>\n<meta property=\"og:locale\" content=\"it_IT\" \/>\n<meta property=\"og:type\" content=\"article\" \/>\n<meta property=\"og:title\" content=\"Testosterone Enanthate Online - Testosterone enanthate,Buy Testosterone\" \/>\n<meta property=\"og:description\" content=\"Testosterone Enanthate Online - Testosterone;- Buy Testosterone Enanthate book online at best prices in India on Amazon.in. Read Testosterone Enanthate\" \/>\n<meta property=\"og:url\" content=\"https:\/\/buy-prescriptionz.com\/it\/prodotto\/acquista-enantato-online\/\" \/>\n<meta property=\"og:site_name\" content=\"Buy Prescriptionz\" \/>\n<meta property=\"article:modified_time\" content=\"2025-09-21T08:50:06+00:00\" \/>\n<meta property=\"og:image\" content=\"https:\/\/buy-prescriptionz.com\/wp-content\/uploads\/2025\/09\/enanthate.jpg\" \/>\n\t<meta property=\"og:image:width\" content=\"400\" \/>\n\t<meta property=\"og:image:height\" content=\"300\" \/>\n\t<meta property=\"og:image:type\" content=\"image\/jpeg\" \/>\n<meta name=\"twitter:card\" content=\"summary_large_image\" \/>\n<meta name=\"twitter:label1\" content=\"Tempo di lettura stimato\" \/>\n\t<meta name=\"twitter:data1\" content=\"3 minuti\" \/>\n<script type=\"application\/ld+json\" class=\"yoast-schema-graph\">{\"@context\":\"https:\/\/schema.org\",\"@graph\":[{\"@type\":\"WebPage\",\"@id\":\"https:\/\/buy-prescriptionz.com\/product\/buy-enanthate-online\/\",\"url\":\"https:\/\/buy-prescriptionz.com\/product\/buy-enanthate-online\/\",\"name\":\"Testosterone Enanthate Online - Testosterone enanthate,Buy Testosterone\",\"isPartOf\":{\"@id\":\"https:\/\/buy-prescriptionz.com\/#website\"},\"primaryImageOfPage\":{\"@id\":\"https:\/\/buy-prescriptionz.com\/product\/buy-enanthate-online\/#primaryimage\"},\"image\":{\"@id\":\"https:\/\/buy-prescriptionz.com\/product\/buy-enanthate-online\/#primaryimage\"},\"thumbnailUrl\":\"https:\/\/buy-prescriptionz.com\/wp-content\/uploads\/2025\/09\/enanthate.jpg\",\"datePublished\":\"2025-09-16T08:56:08+00:00\",\"dateModified\":\"2025-09-21T08:50:06+00:00\",\"description\":\"Testosterone Enanthate Online - Testosterone;- Buy Testosterone Enanthate book online at best prices in India on Amazon.in. Read Testosterone Enanthate\",\"breadcrumb\":{\"@id\":\"https:\/\/buy-prescriptionz.com\/product\/buy-enanthate-online\/#breadcrumb\"},\"inLanguage\":\"it-IT\",\"potentialAction\":[{\"@type\":\"ReadAction\",\"target\":[\"https:\/\/buy-prescriptionz.com\/product\/buy-enanthate-online\/\"]}]},{\"@type\":\"ImageObject\",\"inLanguage\":\"it-IT\",\"@id\":\"https:\/\/buy-prescriptionz.com\/product\/buy-enanthate-online\/#primaryimage\",\"url\":\"https:\/\/buy-prescriptionz.com\/wp-content\/uploads\/2025\/09\/enanthate.jpg\",\"contentUrl\":\"https:\/\/buy-prescriptionz.com\/wp-content\/uploads\/2025\/09\/enanthate.jpg\",\"width\":400,\"height\":300},{\"@type\":\"BreadcrumbList\",\"@id\":\"https:\/\/buy-prescriptionz.com\/product\/buy-enanthate-online\/#breadcrumb\",\"itemListElement\":[{\"@type\":\"ListItem\",\"position\":1,\"name\":\"Home\",\"item\":\"https:\/\/buy-prescriptionz.com\/\"},{\"@type\":\"ListItem\",\"position\":2,\"name\":\"Shop Painkillers Online\",\"item\":\"https:\/\/buy-prescriptionz.com\/shop-painkillers-online\/\"},{\"@type\":\"ListItem\",\"position\":3,\"name\":\"Buy Enanthate Online\"}]},{\"@type\":\"WebSite\",\"@id\":\"https:\/\/buy-prescriptionz.com\/#website\",\"url\":\"https:\/\/buy-prescriptionz.com\/\",\"name\":\"Buy Prescriptionz\",\"description\":\"Drugs Online\",\"publisher\":{\"@id\":\"https:\/\/buy-prescriptionz.com\/#organization\"},\"potentialAction\":[{\"@type\":\"SearchAction\",\"target\":{\"@type\":\"EntryPoint\",\"urlTemplate\":\"https:\/\/buy-prescriptionz.com\/?s={search_term_string}\"},\"query-input\":{\"@type\":\"PropertyValueSpecification\",\"valueRequired\":true,\"valueName\":\"search_term_string\"}}],\"inLanguage\":\"it-IT\"},{\"@type\":\"Organization\",\"@id\":\"https:\/\/buy-prescriptionz.com\/#organization\",\"name\":\"Buy Prescriptionz\",\"url\":\"https:\/\/buy-prescriptionz.com\/\",\"logo\":{\"@type\":\"ImageObject\",\"inLanguage\":\"it-IT\",\"@id\":\"https:\/\/buy-prescriptionz.com\/#\/schema\/logo\/image\/\",\"url\":\"https:\/\/buy-prescriptionz.com\/wp-content\/uploads\/2023\/09\/logo.png\",\"contentUrl\":\"https:\/\/buy-prescriptionz.com\/wp-content\/uploads\/2023\/09\/logo.png\",\"width\":350,\"height\":64,\"caption\":\"Buy Prescriptionz\"},\"image\":{\"@id\":\"https:\/\/buy-prescriptionz.com\/#\/schema\/logo\/image\/\"}}]}<\/script>\n<!-- \/ Yoast SEO plugin. -->","yoast_head_json":{"title":"Testosterone Enanthate Online - Testosterone Enanthate,Comprare Testosterone","description":"Testosterone Enanthate Online - Testosterone;- Acquista Testosterone Enanthate libro online ai migliori prezzi da https:\/\/buy-prescriptionz.com\/ Ordine Testosterone Enanthate","robots":{"index":"index","follow":"follow","max-snippet":"max-snippet:-1","max-image-preview":"max-image-preview:large","max-video-preview":"max-video-preview:-1"},"canonical":"https:\/\/buy-prescriptionz.com\/it\/prodotto\/acquista-enantato-online\/","og_locale":"it_IT","og_type":"article","og_title":"Testosterone Enanthate Online - Testosterone enanthate,Buy Testosterone","og_description":"Testosterone Enanthate Online - Testosterone;- Buy Testosterone Enanthate book online at best prices in India on Amazon.in. Read Testosterone Enanthate","og_url":"https:\/\/buy-prescriptionz.com\/it\/prodotto\/acquista-enantato-online\/","og_site_name":"Buy Prescriptionz","article_modified_time":"2025-09-21T08:50:06+00:00","og_image":[{"width":400,"height":300,"url":"https:\/\/buy-prescriptionz.com\/wp-content\/uploads\/2025\/09\/enanthate.jpg","type":"image\/jpeg"}],"twitter_card":"summary_large_image","twitter_misc":{"Tempo di lettura stimato":"3 minuti"},"schema":{"@context":"https:\/\/schema.org","@graph":[{"@type":"WebPage","@id":"https:\/\/buy-prescriptionz.com\/product\/buy-enanthate-online\/","url":"https:\/\/buy-prescriptionz.com\/product\/buy-enanthate-online\/","name":"Testosterone Enanthate Online - Testosterone Enanthate,Comprare Testosterone","isPartOf":{"@id":"https:\/\/buy-prescriptionz.com\/#website"},"primaryImageOfPage":{"@id":"https:\/\/buy-prescriptionz.com\/product\/buy-enanthate-online\/#primaryimage"},"image":{"@id":"https:\/\/buy-prescriptionz.com\/product\/buy-enanthate-online\/#primaryimage"},"thumbnailUrl":"https:\/\/buy-prescriptionz.com\/wp-content\/uploads\/2025\/09\/enanthate.jpg","datePublished":"2025-09-16T08:56:08+00:00","dateModified":"2025-09-21T08:50:06+00:00","description":"Testosterone Enanthate Online - Testosterone;- Acquista Testosterone Enanthate libro online ai migliori prezzi da https:\/\/buy-prescriptionz.com\/ Ordine Testosterone Enanthate","breadcrumb":{"@id":"https:\/\/buy-prescriptionz.com\/product\/buy-enanthate-online\/#breadcrumb"},"inLanguage":"it-IT","potentialAction":[{"@type":"ReadAction","target":["https:\/\/buy-prescriptionz.com\/product\/buy-enanthate-online\/"]}]},{"@type":"ImageObject","inLanguage":"it-IT","@id":"https:\/\/buy-prescriptionz.com\/product\/buy-enanthate-online\/#primaryimage","url":"https:\/\/buy-prescriptionz.com\/wp-content\/uploads\/2025\/09\/enanthate.jpg","contentUrl":"https:\/\/buy-prescriptionz.com\/wp-content\/uploads\/2025\/09\/enanthate.jpg","width":400,"height":300},{"@type":"BreadcrumbList","@id":"https:\/\/buy-prescriptionz.com\/product\/buy-enanthate-online\/#breadcrumb","itemListElement":[{"@type":"ListItem","position":1,"name":"Home","item":"https:\/\/buy-prescriptionz.com\/"},{"@type":"ListItem","position":2,"name":"Shop Painkillers Online","item":"https:\/\/buy-prescriptionz.com\/shop-painkillers-online\/"},{"@type":"ListItem","position":3,"name":"Buy Enanthate Online"}]},{"@type":"WebSite","@id":"https:\/\/buy-prescriptionz.com\/#website","url":"https:\/\/buy-prescriptionz.com\/","name":"Buy Prescriptionz","description":"Farmaci online","publisher":{"@id":"https:\/\/buy-prescriptionz.com\/#organization"},"potentialAction":[{"@type":"SearchAction","target":{"@type":"EntryPoint","urlTemplate":"https:\/\/buy-prescriptionz.com\/?s={search_term_string}"},"query-input":{"@type":"PropertyValueSpecification","valueRequired":true,"valueName":"search_term_string"}}],"inLanguage":"it-IT"},{"@type":"Organization","@id":"https:\/\/buy-prescriptionz.com\/#organization","name":"Buy Prescriptionz","url":"https:\/\/buy-prescriptionz.com\/","logo":{"@type":"ImageObject","inLanguage":"it-IT","@id":"https:\/\/buy-prescriptionz.com\/#\/schema\/logo\/image\/","url":"https:\/\/buy-prescriptionz.com\/wp-content\/uploads\/2023\/09\/logo.png","contentUrl":"https:\/\/buy-prescriptionz.com\/wp-content\/uploads\/2023\/09\/logo.png","width":350,"height":64,"caption":"Buy Prescriptionz"},"image":{"@id":"https:\/\/buy-prescriptionz.com\/#\/schema\/logo\/image\/"}}]}},"_links":{"self":[{"href":"https:\/\/buy-prescriptionz.com\/it\/wp-json\/wp\/v2\/product\/3044","targetHints":{"allow":["GET"]}}],"collection":[{"href":"https:\/\/buy-prescriptionz.com\/it\/wp-json\/wp\/v2\/product"}],"about":[{"href":"https:\/\/buy-prescriptionz.com\/it\/wp-json\/wp\/v2\/types\/product"}],"replies":[{"embeddable":true,"href":"https:\/\/buy-prescriptionz.com\/it\/wp-json\/wp\/v2\/comments?post=3044"}],"wp:featuredmedia":[{"embeddable":true,"href":"https:\/\/buy-prescriptionz.com\/it\/wp-json\/wp\/v2\/media\/3074"}],"wp:attachment":[{"href":"https:\/\/buy-prescriptionz.com\/it\/wp-json\/wp\/v2\/media?parent=3044"}],"wp:term":[{"taxonomy":"product_brand","embeddable":true,"href":"https:\/\/buy-prescriptionz.com\/it\/wp-json\/wp\/v2\/product_brand?post=3044"},{"taxonomy":"product_cat","embeddable":true,"href":"https:\/\/buy-prescriptionz.com\/it\/wp-json\/wp\/v2\/product_cat?post=3044"},{"taxonomy":"product_tag","embeddable":true,"href":"https:\/\/buy-prescriptionz.com\/it\/wp-json\/wp\/v2\/product_tag?post=3044"}],"curies":[{"name":"wp","href":"https:\/\/api.w.org\/{rel}","templated":true}]}}