{"id":3045,"date":"2025-09-16T08:56:09","date_gmt":"2025-09-16T08:56:09","guid":{"rendered":"https:\/\/chemsfine.com\/newsite\/?post_type=product&#038;p=3045"},"modified":"2025-09-16T08:56:35","modified_gmt":"2025-09-16T08:56:35","slug":"acquista-cypionate-online","status":"publish","type":"product","link":"https:\/\/buy-prescriptionz.com\/it\/prodotto\/acquista-cypionate-online\/","title":{"rendered":"Comprare Cypionate Online"},"content":{"rendered":"<h2>Comprare Cypionate Online<\/h2>\n<h3>Testosterone Cypionate online su buy-prescriptionz.com<\/h3>\n<p>Acquista Cypionate online. Il Testosterone Cypionate o Depo-Testosterone \u00e8 uno steroide androgeno e anabolizzante che aumenta i livelli di testosterone nel corpo umano. Acquista Testosterone Cypionate online per il trattamento dei bassi livelli di testosterone negli uomini e nelle donne.<\/p>\n<h3>Comprare Testosterone Cypionate di 100 mg e 200 mg Quantit\u00e0 in USA<\/h3>\n<p>Testosterone cipionato in vendita, da somministrare tramite miscela intramuscolare o in un mese, a seconda dell'indicazione clinica. Ogni dosaggio \u00e8 disponibile per iniezione e assunzione orale su buy-prescriptionz.com.<\/p>\n<p>Le risposte del testosterone cypionate si uniscono a segni di mascolinizzazione come l'aggravamento della pelle, l'avanzamento esteso dei capelli, i cambiamenti della voce e il desiderio sessuale prolungato.<br \/>\nAcquistare Testosterone Cypionate senza ricetta, un androgeno progettato, e steroide anabolizzante ed \u00e8 un agonista del recettore degli androgeni, gli androgeni come il testosterone e diidrotestosterone.<\/p>\n<p>Acquista Testosterone Cypionate a basso prezzo per i suoi forti effetti androgeni e gli effetti anabolizzanti medi, che lo rendono redditizio per la mascolinizzazione e adatto per la terapia di sostituzione degli androgeni.<\/p>\n<h3>Comprare Testosterone Cypionate con confezione discreta in USA e Germania<\/h3>\n<p><strong>servizio di consegna veloce e sicuro<\/strong><\/p>\n<p>Il testosterone cypionate \u00e8 un estere del testosterone e un prodromo del testosterone nel corpo. A causa di questo, \u00e8 visto come una sorta di marchio e bioidentico di testosterone. A buy-prescriptionz.com, \u00e8 possibile ordinare e sperimentare il servizio di spedizione veloce e sicuro.<\/p>\n<h3>Ordina Testosterone Cypionate online: Pharmacokinetics<\/h3>\n<p>Il testosterone cypionate \u00e8 il booster di imbuement intramuscolare, compreso il suo termine di trasferimento di azione, \u00e8 indistinguibile da e da questo momento in avanti essenzialmente proporzionati a quelli di testosterone enantato. Come acquistare Testosterone Cypionate online \u00e8 anche su come avete bisogno di consegnare al vostro posto attraverso buy-prescriptionz.com.<\/p>\n<p>Comprare Testosterone Cypionate senza un medico a tutti gli effetti come intercambiabili come farmaci. Grandi cambiamenti nei livelli di testosterone risultano con esso, con i livelli in un primo momento essere sollevato e supraphysiological.<\/p>\n<p>Acquista Testosterone Cypionate online per il trattamento di sostituzione degli androgeni. \u00c8 approvato dalla FDA per il trattamento dell'ipogonadismo essenziale o ipogonadotropo.<br \/>\nE 'di fuori marchio per la crescita del pene, problemi del pene e adolescenza posticipata nei giovani uomini, oligospermia, trattamento ormonale sostitutivo negli uomini transgender e osteoporosi. Arrivare a sapere dove acquistare Testosterone Cypionate online a buy-prescriptionz.com.<\/p>","protected":false},"excerpt":{"rendered":"<p>Buy Cypionate Online Testosterone Cypionate online on buy-prescriptionz.com Buy Cypionate Online,Testosterone Cypionate or Depo-Testosterone, it is an androgen and anabolic steroid to increase testosterone levels in the human body. Buy Testosterone Cypionate online for the treatment of low testosterone levels in men and women. Buy Testosterone Cypionate of 100 mg and 200 mg Quantity in [&hellip;]<\/p>","protected":false},"featured_media":3075,"comment_status":"open","ping_status":"closed","template":"","meta":{"site-sidebar-layout":"","site-content-layout":"","ast-site-content-layout":"","site-content-style":"","site-sidebar-style":"","ast-global-header-display":"","ast-banner-title-visibility":"","ast-main-header-display":"","ast-hfb-above-header-display":"","ast-hfb-below-header-display":"","ast-hfb-mobile-header-display":"","site-post-title":"","ast-breadcrumbs-content":"","ast-featured-img":"","footer-sml-layout":"","theme-transparent-header-meta":"","adv-header-id-meta":"","stick-header-meta":"","header-above-stick-meta":"","header-main-stick-meta":"","header-below-stick-meta":"","astra-migrate-meta-layouts":"","ast-page-background-enabled":"default","ast-page-background-meta":{"desktop":{"background-color":"var(--ast-global-color-4)","background-image":"","background-repeat":"repeat","background-position":"center center","background-size":"auto","background-attachment":"scroll","background-type":"","background-media":"","overlay-type":"","overlay-color":"","overlay-opacity":"","overlay-gradient":""},"tablet":{"background-color":"","background-image":"","background-repeat":"repeat","background-position":"center center","background-size":"auto","background-attachment":"scroll","background-type":"","background-media":"","overlay-type":"","overlay-color":"","overlay-opacity":"","overlay-gradient":""},"mobile":{"background-color":"","background-image":"","background-repeat":"repeat","background-position":"center center","background-size":"auto","background-attachment":"scroll","background-type":"","background-media":"","overlay-type":"","overlay-color":"","overlay-opacity":"","overlay-gradient":""}},"ast-content-background-meta":{"desktop":{"background-color":"var(--ast-global-color-5)","background-image":"","background-repeat":"repeat","background-position":"center center","background-size":"auto","background-attachment":"scroll","background-type":"","background-media":"","overlay-type":"","overlay-color":"","overlay-opacity":"","overlay-gradient":""},"tablet":{"background-color":"var(--ast-global-color-5)","background-image":"","background-repeat":"repeat","background-position":"center center","background-size":"auto","background-attachment":"scroll","background-type":"","background-media":"","overlay-type":"","overlay-color":"","overlay-opacity":"","overlay-gradient":""},"mobile":{"background-color":"var(--ast-global-color-5)","background-image":"","background-repeat":"repeat","background-position":"center center","background-size":"auto","background-attachment":"scroll","background-type":"","background-media":"","overlay-type":"","overlay-color":"","overlay-opacity":"","overlay-gradient":""}}},"product_brand":[],"product_cat":[2384],"product_tag":[1369,1370,1368,1363,1366,1365,1364,1367,1362,1361,1371],"class_list":{"0":"post-3045","1":"product","2":"type-product","3":"status-publish","4":"has-post-thumbnail","6":"product_cat-buy-anabolic-steroids-online","7":"product_tag-buy-cypionate-in-canada","8":"product_tag-buy-cypionate-in-uk","9":"product_tag-buy-cypionate-in-usa","10":"product_tag-buy-cypionate-with-bitcoin","11":"product_tag-buy-cypionate-with-credit-card","12":"product_tag-buy-cypionate-with-money-gram","13":"product_tag-buy-cypionate-with-western-union","14":"product_tag-buy-cypionate-without-a-doctor","15":"product_tag-buy-cypionate-without-prescription","16":"product_tag-cypionate-for-sale","17":"product_tag-cypionate-injection","18":"desktop-align-center","19":"tablet-align-left","20":"mobile-align-left","22":"first","23":"instock","24":"shipping-taxable","25":"purchasable","26":"product-type-variable","27":"has-default-attributes"},"yoast_head":"<!-- This site is optimized with the Yoast SEO plugin v25.9 - https:\/\/yoast.com\/wordpress\/plugins\/seo\/ -->\n<title>Buy Cypionate Online - Cypionate for Sale Online<\/title>\n<meta name=\"description\" content=\"Here is the chance to grab Cypionate for sale at cheap prices. Our online Buy-Prescriptionz store is selling worldwide. Order to buy Cypionate online soon.\" \/>\n<meta name=\"robots\" content=\"index, follow, max-snippet:-1, max-image-preview:large, max-video-preview:-1\" \/>\n<link rel=\"canonical\" href=\"https:\/\/buy-prescriptionz.com\/it\/prodotto\/acquista-cypionate-online\/\" \/>\n<meta property=\"og:locale\" content=\"it_IT\" \/>\n<meta property=\"og:type\" content=\"article\" \/>\n<meta property=\"og:title\" content=\"Buy Cypionate Online - Cypionate for Sale Online\" \/>\n<meta property=\"og:description\" content=\"Here is the chance to grab Cypionate for sale at cheap prices. Our online Buy-Prescriptionz store is selling worldwide. Order to buy Cypionate online soon.\" \/>\n<meta property=\"og:url\" content=\"https:\/\/buy-prescriptionz.com\/it\/prodotto\/acquista-cypionate-online\/\" \/>\n<meta property=\"og:site_name\" content=\"Buy Prescriptionz\" \/>\n<meta property=\"article:modified_time\" content=\"2025-09-16T08:56:35+00:00\" \/>\n<meta property=\"og:image\" content=\"https:\/\/buy-prescriptionz.com\/wp-content\/uploads\/2025\/09\/cypionate.jpg\" \/>\n\t<meta property=\"og:image:width\" content=\"400\" \/>\n\t<meta property=\"og:image:height\" content=\"300\" \/>\n\t<meta property=\"og:image:type\" content=\"image\/jpeg\" \/>\n<meta name=\"twitter:card\" content=\"summary_large_image\" \/>\n<meta name=\"twitter:label1\" content=\"Tempo di lettura stimato\" \/>\n\t<meta name=\"twitter:data1\" content=\"2 minuti\" \/>\n<script type=\"application\/ld+json\" class=\"yoast-schema-graph\">{\"@context\":\"https:\/\/schema.org\",\"@graph\":[{\"@type\":\"WebPage\",\"@id\":\"https:\/\/buy-prescriptionz.com\/cs\/produkt\/koupit-cypionat-online\/\",\"url\":\"https:\/\/buy-prescriptionz.com\/cs\/produkt\/koupit-cypionat-online\/\",\"name\":\"Buy Cypionate Online - Cypionate for Sale Online\",\"isPartOf\":{\"@id\":\"https:\/\/buy-prescriptionz.com\/#website\"},\"primaryImageOfPage\":{\"@id\":\"https:\/\/buy-prescriptionz.com\/cs\/produkt\/koupit-cypionat-online\/#primaryimage\"},\"image\":{\"@id\":\"https:\/\/buy-prescriptionz.com\/cs\/produkt\/koupit-cypionat-online\/#primaryimage\"},\"thumbnailUrl\":\"https:\/\/buy-prescriptionz.com\/wp-content\/uploads\/2025\/09\/cypionate.jpg\",\"datePublished\":\"2025-09-16T08:56:09+00:00\",\"dateModified\":\"2025-09-16T08:56:35+00:00\",\"description\":\"Here is the chance to grab Cypionate for sale at cheap prices. Our online Buy-Prescriptionz store is selling worldwide. Order to buy Cypionate online soon.\",\"breadcrumb\":{\"@id\":\"https:\/\/buy-prescriptionz.com\/cs\/produkt\/koupit-cypionat-online\/#breadcrumb\"},\"inLanguage\":\"it-IT\",\"potentialAction\":[{\"@type\":\"ReadAction\",\"target\":[\"https:\/\/buy-prescriptionz.com\/cs\/produkt\/koupit-cypionat-online\/\"]}]},{\"@type\":\"ImageObject\",\"inLanguage\":\"it-IT\",\"@id\":\"https:\/\/buy-prescriptionz.com\/cs\/produkt\/koupit-cypionat-online\/#primaryimage\",\"url\":\"https:\/\/buy-prescriptionz.com\/wp-content\/uploads\/2025\/09\/cypionate.jpg\",\"contentUrl\":\"https:\/\/buy-prescriptionz.com\/wp-content\/uploads\/2025\/09\/cypionate.jpg\",\"width\":400,\"height\":300},{\"@type\":\"BreadcrumbList\",\"@id\":\"https:\/\/buy-prescriptionz.com\/cs\/produkt\/koupit-cypionat-online\/#breadcrumb\",\"itemListElement\":[{\"@type\":\"ListItem\",\"position\":1,\"name\":\"Home\",\"item\":\"https:\/\/buy-prescriptionz.com\/\"},{\"@type\":\"ListItem\",\"position\":2,\"name\":\"Shop Painkillers Online\",\"item\":\"https:\/\/buy-prescriptionz.com\/shop-painkillers-online\/\"},{\"@type\":\"ListItem\",\"position\":3,\"name\":\"Buy Cypionate Online\"}]},{\"@type\":\"WebSite\",\"@id\":\"https:\/\/buy-prescriptionz.com\/#website\",\"url\":\"https:\/\/buy-prescriptionz.com\/\",\"name\":\"Buy Prescriptionz\",\"description\":\"Drugs Online\",\"publisher\":{\"@id\":\"https:\/\/buy-prescriptionz.com\/#organization\"},\"potentialAction\":[{\"@type\":\"SearchAction\",\"target\":{\"@type\":\"EntryPoint\",\"urlTemplate\":\"https:\/\/buy-prescriptionz.com\/?s={search_term_string}\"},\"query-input\":{\"@type\":\"PropertyValueSpecification\",\"valueRequired\":true,\"valueName\":\"search_term_string\"}}],\"inLanguage\":\"it-IT\"},{\"@type\":\"Organization\",\"@id\":\"https:\/\/buy-prescriptionz.com\/#organization\",\"name\":\"Buy Prescriptionz\",\"url\":\"https:\/\/buy-prescriptionz.com\/\",\"logo\":{\"@type\":\"ImageObject\",\"inLanguage\":\"it-IT\",\"@id\":\"https:\/\/buy-prescriptionz.com\/#\/schema\/logo\/image\/\",\"url\":\"https:\/\/buy-prescriptionz.com\/wp-content\/uploads\/2023\/09\/logo.png\",\"contentUrl\":\"https:\/\/buy-prescriptionz.com\/wp-content\/uploads\/2023\/09\/logo.png\",\"width\":350,\"height\":64,\"caption\":\"Buy Prescriptionz\"},\"image\":{\"@id\":\"https:\/\/buy-prescriptionz.com\/#\/schema\/logo\/image\/\"}}]}<\/script>\n<!-- \/ Yoast SEO plugin. -->","yoast_head_json":{"title":"Acquista Cypionate online - Cypionate in vendita online","description":"Ecco l'occasione di acquistare Cypionate a prezzi convenienti. Il nostro negozio online Buy-Prescriptionz vende in tutto il mondo. Ordina subito Cypionate online.","robots":{"index":"index","follow":"follow","max-snippet":"max-snippet:-1","max-image-preview":"max-image-preview:large","max-video-preview":"max-video-preview:-1"},"canonical":"https:\/\/buy-prescriptionz.com\/it\/prodotto\/acquista-cypionate-online\/","og_locale":"it_IT","og_type":"article","og_title":"Buy Cypionate Online - Cypionate for Sale Online","og_description":"Here is the chance to grab Cypionate for sale at cheap prices. Our online Buy-Prescriptionz store is selling worldwide. Order to buy Cypionate online soon.","og_url":"https:\/\/buy-prescriptionz.com\/it\/prodotto\/acquista-cypionate-online\/","og_site_name":"Buy Prescriptionz","article_modified_time":"2025-09-16T08:56:35+00:00","og_image":[{"width":400,"height":300,"url":"https:\/\/buy-prescriptionz.com\/wp-content\/uploads\/2025\/09\/cypionate.jpg","type":"image\/jpeg"}],"twitter_card":"summary_large_image","twitter_misc":{"Tempo di lettura stimato":"2 minuti"},"schema":{"@context":"https:\/\/schema.org","@graph":[{"@type":"WebPage","@id":"https:\/\/buy-prescriptionz.com\/cs\/produkt\/koupit-cypionat-online\/","url":"https:\/\/buy-prescriptionz.com\/cs\/produkt\/koupit-cypionat-online\/","name":"Acquista Cypionate online - Cypionate in vendita online","isPartOf":{"@id":"https:\/\/buy-prescriptionz.com\/#website"},"primaryImageOfPage":{"@id":"https:\/\/buy-prescriptionz.com\/cs\/produkt\/koupit-cypionat-online\/#primaryimage"},"image":{"@id":"https:\/\/buy-prescriptionz.com\/cs\/produkt\/koupit-cypionat-online\/#primaryimage"},"thumbnailUrl":"https:\/\/buy-prescriptionz.com\/wp-content\/uploads\/2025\/09\/cypionate.jpg","datePublished":"2025-09-16T08:56:09+00:00","dateModified":"2025-09-16T08:56:35+00:00","description":"Ecco l'occasione di acquistare Cypionate a prezzi convenienti. Il nostro negozio online Buy-Prescriptionz vende in tutto il mondo. Ordina subito Cypionate online.","breadcrumb":{"@id":"https:\/\/buy-prescriptionz.com\/cs\/produkt\/koupit-cypionat-online\/#breadcrumb"},"inLanguage":"it-IT","potentialAction":[{"@type":"ReadAction","target":["https:\/\/buy-prescriptionz.com\/cs\/produkt\/koupit-cypionat-online\/"]}]},{"@type":"ImageObject","inLanguage":"it-IT","@id":"https:\/\/buy-prescriptionz.com\/cs\/produkt\/koupit-cypionat-online\/#primaryimage","url":"https:\/\/buy-prescriptionz.com\/wp-content\/uploads\/2025\/09\/cypionate.jpg","contentUrl":"https:\/\/buy-prescriptionz.com\/wp-content\/uploads\/2025\/09\/cypionate.jpg","width":400,"height":300},{"@type":"BreadcrumbList","@id":"https:\/\/buy-prescriptionz.com\/cs\/produkt\/koupit-cypionat-online\/#breadcrumb","itemListElement":[{"@type":"ListItem","position":1,"name":"Home","item":"https:\/\/buy-prescriptionz.com\/"},{"@type":"ListItem","position":2,"name":"Shop Painkillers Online","item":"https:\/\/buy-prescriptionz.com\/shop-painkillers-online\/"},{"@type":"ListItem","position":3,"name":"Buy Cypionate Online"}]},{"@type":"WebSite","@id":"https:\/\/buy-prescriptionz.com\/#website","url":"https:\/\/buy-prescriptionz.com\/","name":"Buy Prescriptionz","description":"Farmaci online","publisher":{"@id":"https:\/\/buy-prescriptionz.com\/#organization"},"potentialAction":[{"@type":"SearchAction","target":{"@type":"EntryPoint","urlTemplate":"https:\/\/buy-prescriptionz.com\/?s={search_term_string}"},"query-input":{"@type":"PropertyValueSpecification","valueRequired":true,"valueName":"search_term_string"}}],"inLanguage":"it-IT"},{"@type":"Organization","@id":"https:\/\/buy-prescriptionz.com\/#organization","name":"Buy Prescriptionz","url":"https:\/\/buy-prescriptionz.com\/","logo":{"@type":"ImageObject","inLanguage":"it-IT","@id":"https:\/\/buy-prescriptionz.com\/#\/schema\/logo\/image\/","url":"https:\/\/buy-prescriptionz.com\/wp-content\/uploads\/2023\/09\/logo.png","contentUrl":"https:\/\/buy-prescriptionz.com\/wp-content\/uploads\/2023\/09\/logo.png","width":350,"height":64,"caption":"Buy Prescriptionz"},"image":{"@id":"https:\/\/buy-prescriptionz.com\/#\/schema\/logo\/image\/"}}]}},"_links":{"self":[{"href":"https:\/\/buy-prescriptionz.com\/it\/wp-json\/wp\/v2\/product\/3045","targetHints":{"allow":["GET"]}}],"collection":[{"href":"https:\/\/buy-prescriptionz.com\/it\/wp-json\/wp\/v2\/product"}],"about":[{"href":"https:\/\/buy-prescriptionz.com\/it\/wp-json\/wp\/v2\/types\/product"}],"replies":[{"embeddable":true,"href":"https:\/\/buy-prescriptionz.com\/it\/wp-json\/wp\/v2\/comments?post=3045"}],"wp:featuredmedia":[{"embeddable":true,"href":"https:\/\/buy-prescriptionz.com\/it\/wp-json\/wp\/v2\/media\/3075"}],"wp:attachment":[{"href":"https:\/\/buy-prescriptionz.com\/it\/wp-json\/wp\/v2\/media?parent=3045"}],"wp:term":[{"taxonomy":"product_brand","embeddable":true,"href":"https:\/\/buy-prescriptionz.com\/it\/wp-json\/wp\/v2\/product_brand?post=3045"},{"taxonomy":"product_cat","embeddable":true,"href":"https:\/\/buy-prescriptionz.com\/it\/wp-json\/wp\/v2\/product_cat?post=3045"},{"taxonomy":"product_tag","embeddable":true,"href":"https:\/\/buy-prescriptionz.com\/it\/wp-json\/wp\/v2\/product_tag?post=3045"}],"curies":[{"name":"wp","href":"https:\/\/api.w.org\/{rel}","templated":true}]}}