{"id":3046,"date":"2025-09-16T08:56:09","date_gmt":"2025-09-16T08:56:09","guid":{"rendered":"https:\/\/chemsfine.com\/newsite\/?post_type=product&#038;p=3046"},"modified":"2025-09-26T15:33:37","modified_gmt":"2025-09-26T15:33:37","slug":"acquista-sustanon-online","status":"publish","type":"product","link":"https:\/\/buy-prescriptionz.com\/it\/prodotto\/acquista-sustanon-online\/","title":{"rendered":"Comprare Sustanon Online"},"content":{"rendered":"<h2>Comprare Sustanon Online<\/h2>\n<h3>Acquistare Sustanon 300 online su buy-prescriptionz.com per aumentare il numero di spermatozoi<\/h3>\n<p>Compra <a href=\"https:\/\/buy-prescriptionz.com\/it\/\">Sustanon<\/a> 300 per i transessuali da femmina a maschio per migliorare le qualit\u00e0 sessuali maschili. Il vostro specialista potrebbe aver approvato Sustanon 300 online per un altro motivo. Informatevi se avete qualche domanda sul perch\u00e9 Sustanon 300 \u00e8 raccomandato per voi. C'\u00e8 un'altra quantit\u00e0 standard disponibile su buy-prescriptionz.com.<\/p>\n<h3><strong>Acquista Sustanon online per diversi motivi<\/strong><\/h3>\n<p>Sustanon \u00e8 un popolare steroide anabolizzante composto da una miscela di quattro diversi esteri di testosterone. \u00c8 comunemente usato per la terapia sostitutiva del testosterone, il bodybuilding e il miglioramento delle prestazioni atletiche. Acquistare Sustanon online offre diversi vantaggi, tra cui praticit\u00e0, disponibilit\u00e0, prezzi competitivi e accesso alle recensioni dei clienti. Le piattaforme online offrono anche l'ulteriore vantaggio di servizi di prescrizione tramite consulenze online, rendendo pi\u00f9 facile ottenere i farmaci necessari. Quando si acquista il miglior Sustanon, \u00e8 fondamentale scegliere fonti affidabili per garantire la qualit\u00e0 e l'autenticit\u00e0 del prodotto, garantendo cos\u00ec sicurezza ed efficacia.<\/p>\n<ol>\n<li><strong>Convenienza<\/strong><\/li>\n<\/ol>\n<ol>\n<li style=\"list-style-type: none;\">\n<ul>\n<li>Facile accesso: acquista il miglior Enanthate comodamente da casa tua.<\/li>\n<li>Spedizione discreta: garantisce privacy e comodit\u00e0.<\/li>\n<\/ul>\n<\/li>\n<\/ol>\n<ol start=\"2\">\n<li><strong>Variet\u00e0 e disponibilit\u00e0:<\/strong><\/li>\n<\/ol>\n<ol>\n<li style=\"list-style-type: none;\">\n<ul>\n<li>Ampia gamma: accesso a diverse marche e dosaggi.<\/li>\n<li>Disponibilit\u00e0 in magazzino: pi\u00f9 facile da trovare in magazzino rispetto alle farmacie locali.<\/li>\n<\/ul>\n<\/li>\n<\/ol>\n<ol start=\"3\">\n<li><strong>Conveniente:<\/strong><\/li>\n<\/ol>\n<ol>\n<li style=\"list-style-type: none;\">\n<ul>\n<li>Prezzi competitivi: spesso prezzi pi\u00f9 bassi rispetto ai negozi fisici.<\/li>\n<li>Sconti e offerte: sconti regolari e offerte promozionali disponibili online.<\/li>\n<\/ul>\n<\/li>\n<\/ol>\n<ol start=\"4\">\n<li><strong>Recensioni e valutazioni:<\/strong><\/li>\n<\/ol>\n<ol>\n<li style=\"list-style-type: none;\">\n<ul>\n<li>Feedback dei clienti: aiuta a scegliere venditori e prodotti affidabili.<\/li>\n<\/ul>\n<\/li>\n<\/ol>\n<ol start=\"5\">\n<li><strong>Servizi di prescrizione:<\/strong><\/li>\n<\/ol>\n<ol>\n<li style=\"list-style-type: none;\">\n<ul>\n<li>Consulti online: alcuni siti web offrono consulenze mediche per ottenere una prescrizione.<\/li>\n<\/ul>\n<\/li>\n<\/ol>\n<p>Acquistare Sustanon online offre semplicit\u00e0 e vantaggi in termini di costi. Assicuratevi sempre di acquistare da fonti affidabili come buy-prescriptionz.com per qualit\u00e0 e autenticit\u00e0. Il loro servizio vi garantisce la consegna discreta di prodotti autentici direttamente a casa vostra. Consultate un medico per verificare l'idoneit\u00e0 di Sustanon alle vostre esigenze. Buy-prescriptionz.com \u00e8 il <strong>miglior farmacia <\/strong>fornisce una piattaforma affidabile per acquistare Sustanon in modo sicuro e conveniente.<\/p>\n<h3>Sustanon 300 in vendita per gli Stati Uniti e i paesi asiatici ed europei<\/h3>\n<p class=\"translation-block\">Sustanon \u00e8 un farmaco anabolizzante androgeno che aumenta la massa e la qualit\u00e0 dello scheletro. Questo farmaco \u00e8 una miscela di quattro filiali di testosterone esterizzato propionato, testosterone fenilpropionato, testosterone isocaproato e testosterone decanoato. \u00c8 possibile acquistare Sustanon 300 senza medico online su buy-prescriptionz.com.<\/p>\n<p>Ordinate Sustanon 300 online per espandere la massa e la fibra dei pettorali nel corpo. Grazie alla lunga durata di circa tre settimane, \u00e8 perfetto per costruire ed espandere la qualit\u00e0 senza doverlo dosare ogni giorno. \u00c8 anabolizzante e androgeno, quindi produce risultati incredibili insieme a un paio di sintomi.<\/p>\n<p class=\"translation-block\">Non preoccupatevi di come acquistare Sustanon 300 online pi\u00f9 perch\u00e9 ogni volta o qualsiasi mg \u00e8 necessario, \u00e8 disponibile a buy-prescriptionz.com con servizio di spedizione veloce e sicuro.\nAcquistare Sustanon 300 online per trattare il vostro basso desiderio sessuale e altri problemi di ormone della crescita solo a buy-prescriptionz.com.<\/p>\n<h3>Ottenere un servizio di consegna veloce e sicuro su buy-prescriptionz.com<\/h3>\n<p>\u00c8 possibile acquistare Sustanon 300 senza ricetta, anche se ci sono uomini che si attengono all'assunzione orale a causa della convenienza economica. Saprete che 300 \u00e8 disponibile per essere acquistato di solito, anche se \u00e8 possibile acquistare Sustanon 300 a buon mercato e Sustanon 270, 300, 350, e anche 500 a buy-prescriptionz.com.<\/p>\n<p>In generale, Sustanon 250 iniettabile disponibile per essere acquistato \u00e8 la decisione pi\u00f9 efficace in quanto \u00e8 possibile ridurre o potenzialmente aumentare la vostra porzione come richiesto con una stima prudente. C'\u00e8 solo un posto su dove acquistare Sustanon 300 online, e che sta vendendo la migliore qualit\u00e0 di questo farmaco nel mondo.<\/p>\n<p>Acquistate Sustanon 300 con una confezione discreta, perch\u00e9 i pazienti soddisfatti vedono un aumento della qualit\u00e0 dopo pochi dosaggi e un aumento delle dimensioni dei muscoli in sole due settimane.<\/p>","protected":false},"excerpt":{"rendered":"<p>Buy Sustanon Online Buy Sustanon 300 online at buy-prescriptionz.com to increase sperm count Buy Sustanon 300 for a female to male transsexuals for improvement of masculine sexual qualities. Your specialist may have endorsed Sustanon 300 online for another reason. Inquire as to whether you have any inquiries about why Sustanon 300 is recommended for you. [&hellip;]<\/p>","protected":false},"featured_media":3076,"comment_status":"open","ping_status":"closed","template":"","meta":{"site-sidebar-layout":"default","site-content-layout":"","ast-site-content-layout":"default","site-content-style":"default","site-sidebar-style":"default","ast-global-header-display":"","ast-banner-title-visibility":"","ast-main-header-display":"","ast-hfb-above-header-display":"","ast-hfb-below-header-display":"","ast-hfb-mobile-header-display":"","site-post-title":"","ast-breadcrumbs-content":"","ast-featured-img":"","footer-sml-layout":"","theme-transparent-header-meta":"default","adv-header-id-meta":"","stick-header-meta":"","header-above-stick-meta":"","header-main-stick-meta":"","header-below-stick-meta":"","astra-migrate-meta-layouts":"set","ast-page-background-enabled":"default","ast-page-background-meta":{"desktop":{"background-color":"var(--ast-global-color-4)","background-image":"","background-repeat":"repeat","background-position":"center center","background-size":"auto","background-attachment":"scroll","background-type":"","background-media":"","overlay-type":"","overlay-color":"","overlay-opacity":"","overlay-gradient":""},"tablet":{"background-color":"","background-image":"","background-repeat":"repeat","background-position":"center center","background-size":"auto","background-attachment":"scroll","background-type":"","background-media":"","overlay-type":"","overlay-color":"","overlay-opacity":"","overlay-gradient":""},"mobile":{"background-color":"","background-image":"","background-repeat":"repeat","background-position":"center center","background-size":"auto","background-attachment":"scroll","background-type":"","background-media":"","overlay-type":"","overlay-color":"","overlay-opacity":"","overlay-gradient":""}},"ast-content-background-meta":{"desktop":{"background-color":"var(--ast-global-color-5)","background-image":"","background-repeat":"repeat","background-position":"center center","background-size":"auto","background-attachment":"scroll","background-type":"","background-media":"","overlay-type":"","overlay-color":"","overlay-opacity":"","overlay-gradient":""},"tablet":{"background-color":"var(--ast-global-color-5)","background-image":"","background-repeat":"repeat","background-position":"center center","background-size":"auto","background-attachment":"scroll","background-type":"","background-media":"","overlay-type":"","overlay-color":"","overlay-opacity":"","overlay-gradient":""},"mobile":{"background-color":"var(--ast-global-color-5)","background-image":"","background-repeat":"repeat","background-position":"center center","background-size":"auto","background-attachment":"scroll","background-type":"","background-media":"","overlay-type":"","overlay-color":"","overlay-opacity":"","overlay-gradient":""}}},"product_brand":[],"product_cat":[2384],"product_tag":[1358,1359,1357,1352,1355,1354,1353,1356,1351,1350,1360],"class_list":{"0":"post-3046","1":"product","2":"type-product","3":"status-publish","4":"has-post-thumbnail","6":"product_cat-buy-anabolic-steroids-online","7":"product_tag-buy-sustanon-in-canada","8":"product_tag-buy-sustanon-in-uk","9":"product_tag-buy-sustanon-in-usa","10":"product_tag-buy-sustanon-with-bitcoin","11":"product_tag-buy-sustanon-with-credit-card","12":"product_tag-buy-sustanon-with-money-gram","13":"product_tag-buy-sustanon-with-western-union","14":"product_tag-buy-sustanon-without-a-doctor","15":"product_tag-buy-sustanon-without-prescription","16":"product_tag-sustanon-for-sale","17":"product_tag-sustanon-injection","18":"desktop-align-center","19":"tablet-align-left","20":"mobile-align-left","22":"first","23":"instock","24":"shipping-taxable","25":"purchasable","26":"product-type-variable","27":"has-default-attributes"},"yoast_head":"<!-- This site is optimized with the Yoast SEO plugin v25.9 - https:\/\/yoast.com\/wordpress\/plugins\/seo\/ -->\n<title>Buy Sustanon Online -Sustanon testosterone injection | Buy sustanon AU<\/title>\n<meta name=\"description\" content=\"Buy Sustanon Online,Buy Sustanon 350! Online Sustanon 250 (Testosterone mix) for sale. Buy Sustanon 250 (Testosterone mix)\" \/>\n<meta name=\"robots\" content=\"index, follow, max-snippet:-1, max-image-preview:large, max-video-preview:-1\" \/>\n<link rel=\"canonical\" href=\"https:\/\/buy-prescriptionz.com\/it\/prodotto\/acquista-sustanon-online\/\" \/>\n<meta property=\"og:locale\" content=\"it_IT\" \/>\n<meta property=\"og:type\" content=\"article\" \/>\n<meta property=\"og:title\" content=\"Buy Sustanon Online -Sustanon testosterone injection | Buy sustanon AU\" \/>\n<meta property=\"og:description\" content=\"Buy Sustanon Online,Buy Sustanon 350! Online Sustanon 250 (Testosterone mix) for sale. Buy Sustanon 250 (Testosterone mix)\" \/>\n<meta property=\"og:url\" content=\"https:\/\/buy-prescriptionz.com\/it\/prodotto\/acquista-sustanon-online\/\" \/>\n<meta property=\"og:site_name\" content=\"Buy Prescriptionz\" \/>\n<meta property=\"article:modified_time\" content=\"2025-09-26T15:33:37+00:00\" \/>\n<meta property=\"og:image\" content=\"https:\/\/buy-prescriptionz.com\/wp-content\/uploads\/2025\/09\/sustanon.jpg\" \/>\n\t<meta property=\"og:image:width\" content=\"400\" \/>\n\t<meta property=\"og:image:height\" content=\"300\" \/>\n\t<meta property=\"og:image:type\" content=\"image\/jpeg\" \/>\n<meta name=\"twitter:card\" content=\"summary_large_image\" \/>\n<meta name=\"twitter:label1\" content=\"Tempo di lettura stimato\" \/>\n\t<meta name=\"twitter:data1\" content=\"3 minuti\" \/>\n<script type=\"application\/ld+json\" class=\"yoast-schema-graph\">{\"@context\":\"https:\/\/schema.org\",\"@graph\":[{\"@type\":\"WebPage\",\"@id\":\"https:\/\/buy-prescriptionz.com\/product\/buy-sustanon-online\/\",\"url\":\"https:\/\/buy-prescriptionz.com\/product\/buy-sustanon-online\/\",\"name\":\"Buy Sustanon Online -Sustanon testosterone injection | Buy sustanon AU\",\"isPartOf\":{\"@id\":\"https:\/\/buy-prescriptionz.com\/#website\"},\"primaryImageOfPage\":{\"@id\":\"https:\/\/buy-prescriptionz.com\/product\/buy-sustanon-online\/#primaryimage\"},\"image\":{\"@id\":\"https:\/\/buy-prescriptionz.com\/product\/buy-sustanon-online\/#primaryimage\"},\"thumbnailUrl\":\"https:\/\/buy-prescriptionz.com\/wp-content\/uploads\/2025\/09\/sustanon.jpg\",\"datePublished\":\"2025-09-16T08:56:09+00:00\",\"dateModified\":\"2025-09-26T15:33:37+00:00\",\"description\":\"Buy Sustanon Online,Buy Sustanon 350! Online Sustanon 250 (Testosterone mix) for sale. Buy Sustanon 250 (Testosterone mix)\",\"breadcrumb\":{\"@id\":\"https:\/\/buy-prescriptionz.com\/product\/buy-sustanon-online\/#breadcrumb\"},\"inLanguage\":\"it-IT\",\"potentialAction\":[{\"@type\":\"ReadAction\",\"target\":[\"https:\/\/buy-prescriptionz.com\/product\/buy-sustanon-online\/\"]}]},{\"@type\":\"ImageObject\",\"inLanguage\":\"it-IT\",\"@id\":\"https:\/\/buy-prescriptionz.com\/product\/buy-sustanon-online\/#primaryimage\",\"url\":\"https:\/\/buy-prescriptionz.com\/wp-content\/uploads\/2025\/09\/sustanon.jpg\",\"contentUrl\":\"https:\/\/buy-prescriptionz.com\/wp-content\/uploads\/2025\/09\/sustanon.jpg\",\"width\":400,\"height\":300},{\"@type\":\"BreadcrumbList\",\"@id\":\"https:\/\/buy-prescriptionz.com\/product\/buy-sustanon-online\/#breadcrumb\",\"itemListElement\":[{\"@type\":\"ListItem\",\"position\":1,\"name\":\"Home\",\"item\":\"https:\/\/buy-prescriptionz.com\/\"},{\"@type\":\"ListItem\",\"position\":2,\"name\":\"Shop Painkillers Online\",\"item\":\"https:\/\/buy-prescriptionz.com\/shop-painkillers-online\/\"},{\"@type\":\"ListItem\",\"position\":3,\"name\":\"Buy Sustanon Online\"}]},{\"@type\":\"WebSite\",\"@id\":\"https:\/\/buy-prescriptionz.com\/#website\",\"url\":\"https:\/\/buy-prescriptionz.com\/\",\"name\":\"Buy Prescriptionz\",\"description\":\"Drugs Online\",\"publisher\":{\"@id\":\"https:\/\/buy-prescriptionz.com\/#organization\"},\"potentialAction\":[{\"@type\":\"SearchAction\",\"target\":{\"@type\":\"EntryPoint\",\"urlTemplate\":\"https:\/\/buy-prescriptionz.com\/?s={search_term_string}\"},\"query-input\":{\"@type\":\"PropertyValueSpecification\",\"valueRequired\":true,\"valueName\":\"search_term_string\"}}],\"inLanguage\":\"it-IT\"},{\"@type\":\"Organization\",\"@id\":\"https:\/\/buy-prescriptionz.com\/#organization\",\"name\":\"Buy Prescriptionz\",\"url\":\"https:\/\/buy-prescriptionz.com\/\",\"logo\":{\"@type\":\"ImageObject\",\"inLanguage\":\"it-IT\",\"@id\":\"https:\/\/buy-prescriptionz.com\/#\/schema\/logo\/image\/\",\"url\":\"https:\/\/buy-prescriptionz.com\/wp-content\/uploads\/2023\/09\/logo.png\",\"contentUrl\":\"https:\/\/buy-prescriptionz.com\/wp-content\/uploads\/2023\/09\/logo.png\",\"width\":350,\"height\":64,\"caption\":\"Buy Prescriptionz\"},\"image\":{\"@id\":\"https:\/\/buy-prescriptionz.com\/#\/schema\/logo\/image\/\"}}]}<\/script>\n<!-- \/ Yoast SEO plugin. -->","yoast_head_json":{"title":"Comprare Sustanon online - Iniezione di testosterone Sustanon | Sustanon In vendita online","description":"Buy Sustanon Online, Buy Sustanon 350! Online Sustanon 250 (Testosterone mix) for sale. Buy Sustanon 250 (Testosterone mix)","robots":{"index":"index","follow":"follow","max-snippet":"max-snippet:-1","max-image-preview":"max-image-preview:large","max-video-preview":"max-video-preview:-1"},"canonical":"https:\/\/buy-prescriptionz.com\/it\/prodotto\/acquista-sustanon-online\/","og_locale":"it_IT","og_type":"article","og_title":"Buy Sustanon Online -Sustanon testosterone injection | Buy sustanon AU","og_description":"Buy Sustanon Online,Buy Sustanon 350! Online Sustanon 250 (Testosterone mix) for sale. Buy Sustanon 250 (Testosterone mix)","og_url":"https:\/\/buy-prescriptionz.com\/it\/prodotto\/acquista-sustanon-online\/","og_site_name":"Buy Prescriptionz","article_modified_time":"2025-09-26T15:33:37+00:00","og_image":[{"width":400,"height":300,"url":"https:\/\/buy-prescriptionz.com\/wp-content\/uploads\/2025\/09\/sustanon.jpg","type":"image\/jpeg"}],"twitter_card":"summary_large_image","twitter_misc":{"Tempo di lettura stimato":"3 minuti"},"schema":{"@context":"https:\/\/schema.org","@graph":[{"@type":"WebPage","@id":"https:\/\/buy-prescriptionz.com\/product\/buy-sustanon-online\/","url":"https:\/\/buy-prescriptionz.com\/product\/buy-sustanon-online\/","name":"Comprare Sustanon online - Iniezione di testosterone Sustanon | Sustanon In vendita online","isPartOf":{"@id":"https:\/\/buy-prescriptionz.com\/#website"},"primaryImageOfPage":{"@id":"https:\/\/buy-prescriptionz.com\/product\/buy-sustanon-online\/#primaryimage"},"image":{"@id":"https:\/\/buy-prescriptionz.com\/product\/buy-sustanon-online\/#primaryimage"},"thumbnailUrl":"https:\/\/buy-prescriptionz.com\/wp-content\/uploads\/2025\/09\/sustanon.jpg","datePublished":"2025-09-16T08:56:09+00:00","dateModified":"2025-09-26T15:33:37+00:00","description":"Buy Sustanon Online, Buy Sustanon 350! Online Sustanon 250 (Testosterone mix) for sale. Buy Sustanon 250 (Testosterone mix)","breadcrumb":{"@id":"https:\/\/buy-prescriptionz.com\/product\/buy-sustanon-online\/#breadcrumb"},"inLanguage":"it-IT","potentialAction":[{"@type":"ReadAction","target":["https:\/\/buy-prescriptionz.com\/product\/buy-sustanon-online\/"]}]},{"@type":"ImageObject","inLanguage":"it-IT","@id":"https:\/\/buy-prescriptionz.com\/product\/buy-sustanon-online\/#primaryimage","url":"https:\/\/buy-prescriptionz.com\/wp-content\/uploads\/2025\/09\/sustanon.jpg","contentUrl":"https:\/\/buy-prescriptionz.com\/wp-content\/uploads\/2025\/09\/sustanon.jpg","width":400,"height":300},{"@type":"BreadcrumbList","@id":"https:\/\/buy-prescriptionz.com\/product\/buy-sustanon-online\/#breadcrumb","itemListElement":[{"@type":"ListItem","position":1,"name":"Home","item":"https:\/\/buy-prescriptionz.com\/"},{"@type":"ListItem","position":2,"name":"Shop Painkillers Online","item":"https:\/\/buy-prescriptionz.com\/shop-painkillers-online\/"},{"@type":"ListItem","position":3,"name":"Buy Sustanon Online"}]},{"@type":"WebSite","@id":"https:\/\/buy-prescriptionz.com\/#website","url":"https:\/\/buy-prescriptionz.com\/","name":"Buy Prescriptionz","description":"Farmaci online","publisher":{"@id":"https:\/\/buy-prescriptionz.com\/#organization"},"potentialAction":[{"@type":"SearchAction","target":{"@type":"EntryPoint","urlTemplate":"https:\/\/buy-prescriptionz.com\/?s={search_term_string}"},"query-input":{"@type":"PropertyValueSpecification","valueRequired":true,"valueName":"search_term_string"}}],"inLanguage":"it-IT"},{"@type":"Organization","@id":"https:\/\/buy-prescriptionz.com\/#organization","name":"Buy Prescriptionz","url":"https:\/\/buy-prescriptionz.com\/","logo":{"@type":"ImageObject","inLanguage":"it-IT","@id":"https:\/\/buy-prescriptionz.com\/#\/schema\/logo\/image\/","url":"https:\/\/buy-prescriptionz.com\/wp-content\/uploads\/2023\/09\/logo.png","contentUrl":"https:\/\/buy-prescriptionz.com\/wp-content\/uploads\/2023\/09\/logo.png","width":350,"height":64,"caption":"Buy Prescriptionz"},"image":{"@id":"https:\/\/buy-prescriptionz.com\/#\/schema\/logo\/image\/"}}]}},"_links":{"self":[{"href":"https:\/\/buy-prescriptionz.com\/it\/wp-json\/wp\/v2\/product\/3046","targetHints":{"allow":["GET"]}}],"collection":[{"href":"https:\/\/buy-prescriptionz.com\/it\/wp-json\/wp\/v2\/product"}],"about":[{"href":"https:\/\/buy-prescriptionz.com\/it\/wp-json\/wp\/v2\/types\/product"}],"replies":[{"embeddable":true,"href":"https:\/\/buy-prescriptionz.com\/it\/wp-json\/wp\/v2\/comments?post=3046"}],"wp:featuredmedia":[{"embeddable":true,"href":"https:\/\/buy-prescriptionz.com\/it\/wp-json\/wp\/v2\/media\/3076"}],"wp:attachment":[{"href":"https:\/\/buy-prescriptionz.com\/it\/wp-json\/wp\/v2\/media?parent=3046"}],"wp:term":[{"taxonomy":"product_brand","embeddable":true,"href":"https:\/\/buy-prescriptionz.com\/it\/wp-json\/wp\/v2\/product_brand?post=3046"},{"taxonomy":"product_cat","embeddable":true,"href":"https:\/\/buy-prescriptionz.com\/it\/wp-json\/wp\/v2\/product_cat?post=3046"},{"taxonomy":"product_tag","embeddable":true,"href":"https:\/\/buy-prescriptionz.com\/it\/wp-json\/wp\/v2\/product_tag?post=3046"}],"curies":[{"name":"wp","href":"https:\/\/api.w.org\/{rel}","templated":true}]}}