{"id":3047,"date":"2025-09-16T08:56:09","date_gmt":"2025-09-16T08:56:09","guid":{"rendered":"https:\/\/chemsfine.com\/newsite\/?post_type=product&#038;p=3047"},"modified":"2025-09-25T11:42:57","modified_gmt":"2025-09-25T11:42:57","slug":"acquista-primobolan-online","status":"publish","type":"product","link":"https:\/\/buy-prescriptionz.com\/it\/prodotto\/acquista-primobolan-online\/","title":{"rendered":"Comprare Primobolan Online"},"content":{"rendered":"<h2>Comprare Primobolan Online<\/h2>\n<h3>Comprare Primobolan 100 mg online per trattare l'anemia<\/h3>\n<p>Comprare Primobolan 100 mg online per trattare l'anemia Methenolone Enanthate o Primobolan \u00e8 un androgeno e steroide anabolizzante prescrizione da utilizzare nel trattamento di anemia a causa di insufficienza del midollo osseo. Comprare Primobolan 100 mg iniezione per iniettare nei muscoli a buy-prescriptionz.com. Methenolone enanthate \u00e8 stato presentato per uso medico in. L'uso terapeutico per Primobolan ...<\/p>\n<p>Methenolone enanthate \u00e8 stato presentato per uso medico in. L'uso terapeutico per Primobolan 100 mg online o metenolone enantato \u00e8 quello di migliorare la costruzione del corpo e le prestazioni. Il farmaco \u00e8 una sostanza controllata in alcuni paesi.<\/p>\n<h3><strong>Acquista Primobolan online dalla migliore farmacia<\/strong><\/h3>\n<p>Il Primobolan, noto anche come Methenolone, \u00e8 un popolare steroide anabolizzante utilizzato da culturisti e atleti per migliorare le prestazioni e il fisico. \u00c8 disponibile sia in forma orale che iniettabile, con Methenolone Enanthate nella versione iniettabile e Methenolone Acetato in quella orale. Questo steroide \u00e8 noto per i suoi lievi effetti anabolici e le sue scarse propriet\u00e0 androgeniche, il che lo rende la scelta preferita da chi cerca di evitare effetti collaterali significativi.<\/p>\n<h3>Benefici del Primobolan<\/h3>\n<ol>\n<li><strong>Conservazione muscolare:<\/strong><\/li>\n<\/ol>\n<ol>\n<li style=\"list-style-type: none;\">\n<ul>\n<li>Massa muscolare magra: Primobolan aiuta a preservare il tessuto muscolare magro durante le fasi di definizione, rendendolo ideale per chi desidera mantenere la massa muscolare perdendo grasso.<\/li>\n<li>Ritenzione di azoto: migliora la ritenzione di azoto nei muscoli, favorendo un bilancio positivo dell'azoto, essenziale per la crescita muscolare.<\/li>\n<\/ul>\n<\/li>\n<\/ol>\n<ol start=\"2\">\n<li><strong>Perdita di grasso:<\/strong><\/li>\n<\/ol>\n<ol>\n<li style=\"list-style-type: none;\">\n<ul>\n<li>Metabolismo dei grassi migliorato: favorisce la perdita di grasso aumentando l'attivit\u00e0 metabolica, aiutando gli utenti a raggiungere un fisico pi\u00f9 snello.<\/li>\n<li>Mantiene la forza: mantiene i livelli di forza anche durante diete ipocaloriche.<\/li>\n<\/ul>\n<\/li>\n<\/ol>\n<ol start=\"3\">\n<li><strong>Effetti collaterali lievi:<\/strong><\/li>\n<\/ol>\n<ol>\n<li style=\"list-style-type: none;\">\n<ul>\n<li>Bassa attivit\u00e0 androgena: Primobolan ha bassi effetti androgeni, riducendo il rischio di effetti collaterali come perdita di capelli e acne.<\/li>\n<li>Amico del fegato: il Primobolan orale \u00e8 meno epatotossico rispetto ad altri steroidi orali.<\/li>\n<\/ul>\n<\/li>\n<\/ol>\n<ol start=\"4\">\n<li><strong>Maggiore resistenza e recupero:<\/strong><\/li>\n<\/ol>\n<ol>\n<li style=\"list-style-type: none;\">\n<ul>\n<li>Aumento della produzione di globuli rossi: migliora l'apporto di ossigeno ai muscoli, aumentando la resistenza e le prestazioni.<\/li>\n<li>Recupero pi\u00f9 rapido: riduce l'affaticamento muscolare e accelera i tempi di recupero dopo l'allenamento.<\/li>\n<\/ul>\n<\/li>\n<\/ol>\n<ol start=\"5\">\n<li><strong>Versatilit\u00e0:<\/strong><\/li>\n<\/ol>\n<ol>\n<li style=\"list-style-type: none;\">\n<ul>\n<li>Adatto a entrambi i sessi: grazie alla sua natura delicata, Primobolan \u00e8 adatto all'uso sia da parte di uomini che di donne.<\/li>\n<li>Combinazione: pu\u00f2 essere efficacemente combinato con altri steroidi per migliorare i risultati senza aumentare significativamente il rischio di effetti collaterali.<\/li>\n<\/ul>\n<\/li>\n<\/ol>\n<p>Il Primobolan \u00e8 uno steroide anabolizzante versatile e delicato, indicato per il mantenimento della massa muscolare, la perdita di grasso e con effetti collaterali minimi. Acquistarlo online offre diversi vantaggi, tra cui praticit\u00e0, disponibilit\u00e0, prezzi competitivi e accesso alle recensioni degli utenti. Per un acquisto affidabile e sicuro, scegliete sempre la migliore farmacia, ad esempio buy-prescriptionz.com. Assicuratevi della qualit\u00e0 e dell'autenticit\u00e0 del prodotto e considerate le piattaforme online che offrono servizi di prescrizione medica per facilitarne l'uso sicuro.<\/p>\n<h3>Primobolan 100 mg in vendita a buy-prescriptionz.com<\/h3>\n<p>Acquistare Primobolan 100 mg senza ricetta come un androgeno ottenuto chimicamente e steroide anabolizzante ed \u00e8 un agonista del recettore degli androgeni, la natura organica degli androgeni come il testosterone e diidrotestosterone.<\/p>\n<p>Ha impatti anabolici moderati e fragili impatti androgeni, cos\u00ec come nessun effetto estrogenico, o pericolo di danni al fegato. Il metenolone enantato \u00e8 un estere del metenolone e un prodromo duraturo del metenolone nel corpo.<\/p>\n<p>\u00c8 possibile acquistare Primobolan 100 mg con imballaggio discreto con servizio di spedizione veloce e sicuro a buy-prescriptionz.com.<\/p>\n<h3>Come comprare Primobolan 100 mg online<\/h3>\n<p>Devi usare le dita per effettuare l'ordine a buy-prescriptionz.com per questo farmaco che \u00e8 anche lo steroide per la costruzione del muscolo e un farmaco di trattamento per anemia e problemi neurologici. \u00c8 possibile ordinare Primobolan 100 mg online con il nostro supporto online di chatbot.<\/p>\n<h3>Comprare Primobolan 100 mg senza un medico a buy-prescriptionz.com<\/h3>\n<p>Acquista Primobolan 100 mg online per tutta la tua mancanza di prestazioni in palestra o a letto. \u00c8 sia per le donne che per gli uomini. Come una filiale di DHT, methenolone, il tipo dinamico di methenolone enanthate, non \u00e8 aromatizzato e non incline a creare reazioni estrogeniche come ginecomastia. Comprare Primobolan 100 mg a prezzo economico con un servizio di consegna veloce e sicuro negli Stati Uniti o nei paesi europei selezionati.<\/p>\n<p>Come un AAS, metenolone enantato \u00e8 antigonadotropico e pu\u00f2 soffocare il mozzo ipotalamico-ipofisario-gonadico e produrre ipogonadismo reversibile e infertilit\u00e0. Buyprescriptionz.com \u00e8 il portale online dove acquistare Primobolan 100 mg online. L'esistenza naturale di metenolone enantato \u00e8 rappresentato per essere circa 10,5 giorni per iniezione intramuscolare.<\/p>","protected":false},"excerpt":{"rendered":"<p>Buy Primobolan Online Buy Primobolan 100 mg online to treat anaemia Methenolone Enanthate or Primobolan is an androgen and anabolic steroid prescription to use in the treatment of anaemia because of bone marrow failure. Buy Primobolan 100 mg injection for injecting into muscles at buy-prescriptionz.com. Methenolone enanthate was presented for medicinal use in. The therapeutic [&hellip;]<\/p>","protected":false},"featured_media":3077,"comment_status":"open","ping_status":"closed","template":"","meta":{"site-sidebar-layout":"default","site-content-layout":"","ast-site-content-layout":"default","site-content-style":"default","site-sidebar-style":"default","ast-global-header-display":"","ast-banner-title-visibility":"","ast-main-header-display":"","ast-hfb-above-header-display":"","ast-hfb-below-header-display":"","ast-hfb-mobile-header-display":"","site-post-title":"","ast-breadcrumbs-content":"","ast-featured-img":"","footer-sml-layout":"","theme-transparent-header-meta":"default","adv-header-id-meta":"","stick-header-meta":"","header-above-stick-meta":"","header-main-stick-meta":"","header-below-stick-meta":"","astra-migrate-meta-layouts":"set","ast-page-background-enabled":"default","ast-page-background-meta":{"desktop":{"background-color":"var(--ast-global-color-4)","background-image":"","background-repeat":"repeat","background-position":"center center","background-size":"auto","background-attachment":"scroll","background-type":"","background-media":"","overlay-type":"","overlay-color":"","overlay-opacity":"","overlay-gradient":""},"tablet":{"background-color":"","background-image":"","background-repeat":"repeat","background-position":"center center","background-size":"auto","background-attachment":"scroll","background-type":"","background-media":"","overlay-type":"","overlay-color":"","overlay-opacity":"","overlay-gradient":""},"mobile":{"background-color":"","background-image":"","background-repeat":"repeat","background-position":"center center","background-size":"auto","background-attachment":"scroll","background-type":"","background-media":"","overlay-type":"","overlay-color":"","overlay-opacity":"","overlay-gradient":""}},"ast-content-background-meta":{"desktop":{"background-color":"var(--ast-global-color-5)","background-image":"","background-repeat":"repeat","background-position":"center center","background-size":"auto","background-attachment":"scroll","background-type":"","background-media":"","overlay-type":"","overlay-color":"","overlay-opacity":"","overlay-gradient":""},"tablet":{"background-color":"var(--ast-global-color-5)","background-image":"","background-repeat":"repeat","background-position":"center center","background-size":"auto","background-attachment":"scroll","background-type":"","background-media":"","overlay-type":"","overlay-color":"","overlay-opacity":"","overlay-gradient":""},"mobile":{"background-color":"var(--ast-global-color-5)","background-image":"","background-repeat":"repeat","background-position":"center center","background-size":"auto","background-attachment":"scroll","background-type":"","background-media":"","overlay-type":"","overlay-color":"","overlay-opacity":"","overlay-gradient":""}}},"product_brand":[],"product_cat":[2384],"product_tag":[1347,1348,1346,1341,1344,1343,1342,1345,1340,1339,1349],"class_list":{"0":"post-3047","1":"product","2":"type-product","3":"status-publish","4":"has-post-thumbnail","6":"product_cat-buy-anabolic-steroids-online","7":"product_tag-buy-primobolan-in-canada","8":"product_tag-buy-primobolan-in-uk","9":"product_tag-buy-primobolan-in-usa","10":"product_tag-buy-primobolan-with-bitcoin","11":"product_tag-buy-primobolan-with-credit-card","12":"product_tag-buy-primobolan-with-money-gram","13":"product_tag-buy-primobolan-with-western-union","14":"product_tag-buy-primobolan-without-a-doctor","15":"product_tag-buy-primobolan-without-prescription","16":"product_tag-primobolan-for-sale","17":"product_tag-primobolan-injection","18":"desktop-align-center","19":"tablet-align-left","20":"mobile-align-left","22":"first","23":"instock","24":"shipping-taxable","25":"purchasable","26":"product-type-variable","27":"has-default-attributes"},"yoast_head":"<!-- This site is optimized with the Yoast SEO plugin v25.9 - https:\/\/yoast.com\/wordpress\/plugins\/seo\/ -->\n<title>Buy Primobolan Online - Primobolan for Sale<\/title>\n<meta name=\"description\" content=\"It is the best time to visit our online Buy-Prescriptionz store and buy Primobolan online. We have Primobolan for sale here. Meet us online and place your order today!\" \/>\n<meta name=\"robots\" content=\"index, follow, max-snippet:-1, max-image-preview:large, max-video-preview:-1\" \/>\n<link rel=\"canonical\" href=\"https:\/\/buy-prescriptionz.com\/it\/prodotto\/acquista-primobolan-online\/\" \/>\n<meta property=\"og:locale\" content=\"it_IT\" \/>\n<meta property=\"og:type\" content=\"article\" \/>\n<meta property=\"og:title\" content=\"Buy Primobolan Online - Primobolan for Sale\" \/>\n<meta property=\"og:description\" content=\"It is the best time to visit our online Buy-Prescriptionz store and buy Primobolan online. We have Primobolan for sale here. Meet us online and place your order today!\" \/>\n<meta property=\"og:url\" content=\"https:\/\/buy-prescriptionz.com\/it\/prodotto\/acquista-primobolan-online\/\" \/>\n<meta property=\"og:site_name\" content=\"Buy Prescriptionz\" \/>\n<meta property=\"article:modified_time\" content=\"2025-09-25T11:42:57+00:00\" \/>\n<meta property=\"og:image\" content=\"https:\/\/buy-prescriptionz.com\/wp-content\/uploads\/2025\/09\/primobolan.jpg\" \/>\n\t<meta property=\"og:image:width\" content=\"400\" \/>\n\t<meta property=\"og:image:height\" content=\"300\" \/>\n\t<meta property=\"og:image:type\" content=\"image\/jpeg\" \/>\n<meta name=\"twitter:card\" content=\"summary_large_image\" \/>\n<meta name=\"twitter:label1\" content=\"Tempo di lettura stimato\" \/>\n\t<meta name=\"twitter:data1\" content=\"4 minuti\" \/>\n<script type=\"application\/ld+json\" class=\"yoast-schema-graph\">{\"@context\":\"https:\/\/schema.org\",\"@graph\":[{\"@type\":\"WebPage\",\"@id\":\"https:\/\/buy-prescriptionz.com\/product\/buy-primobolan-online\/\",\"url\":\"https:\/\/buy-prescriptionz.com\/product\/buy-primobolan-online\/\",\"name\":\"Buy Primobolan Online - Primobolan for Sale\",\"isPartOf\":{\"@id\":\"https:\/\/buy-prescriptionz.com\/#website\"},\"primaryImageOfPage\":{\"@id\":\"https:\/\/buy-prescriptionz.com\/product\/buy-primobolan-online\/#primaryimage\"},\"image\":{\"@id\":\"https:\/\/buy-prescriptionz.com\/product\/buy-primobolan-online\/#primaryimage\"},\"thumbnailUrl\":\"https:\/\/buy-prescriptionz.com\/wp-content\/uploads\/2025\/09\/primobolan.jpg\",\"datePublished\":\"2025-09-16T08:56:09+00:00\",\"dateModified\":\"2025-09-25T11:42:57+00:00\",\"description\":\"It is the best time to visit our online Buy-Prescriptionz store and buy Primobolan online. We have Primobolan for sale here. Meet us online and place your order today!\",\"breadcrumb\":{\"@id\":\"https:\/\/buy-prescriptionz.com\/product\/buy-primobolan-online\/#breadcrumb\"},\"inLanguage\":\"it-IT\",\"potentialAction\":[{\"@type\":\"ReadAction\",\"target\":[\"https:\/\/buy-prescriptionz.com\/product\/buy-primobolan-online\/\"]}]},{\"@type\":\"ImageObject\",\"inLanguage\":\"it-IT\",\"@id\":\"https:\/\/buy-prescriptionz.com\/product\/buy-primobolan-online\/#primaryimage\",\"url\":\"https:\/\/buy-prescriptionz.com\/wp-content\/uploads\/2025\/09\/primobolan.jpg\",\"contentUrl\":\"https:\/\/buy-prescriptionz.com\/wp-content\/uploads\/2025\/09\/primobolan.jpg\",\"width\":400,\"height\":300},{\"@type\":\"BreadcrumbList\",\"@id\":\"https:\/\/buy-prescriptionz.com\/product\/buy-primobolan-online\/#breadcrumb\",\"itemListElement\":[{\"@type\":\"ListItem\",\"position\":1,\"name\":\"Home\",\"item\":\"https:\/\/buy-prescriptionz.com\/\"},{\"@type\":\"ListItem\",\"position\":2,\"name\":\"Shop Painkillers Online\",\"item\":\"https:\/\/buy-prescriptionz.com\/shop-painkillers-online\/\"},{\"@type\":\"ListItem\",\"position\":3,\"name\":\"Buy Primobolan Online\"}]},{\"@type\":\"WebSite\",\"@id\":\"https:\/\/buy-prescriptionz.com\/#website\",\"url\":\"https:\/\/buy-prescriptionz.com\/\",\"name\":\"Buy Prescriptionz\",\"description\":\"Drugs Online\",\"publisher\":{\"@id\":\"https:\/\/buy-prescriptionz.com\/#organization\"},\"potentialAction\":[{\"@type\":\"SearchAction\",\"target\":{\"@type\":\"EntryPoint\",\"urlTemplate\":\"https:\/\/buy-prescriptionz.com\/?s={search_term_string}\"},\"query-input\":{\"@type\":\"PropertyValueSpecification\",\"valueRequired\":true,\"valueName\":\"search_term_string\"}}],\"inLanguage\":\"it-IT\"},{\"@type\":\"Organization\",\"@id\":\"https:\/\/buy-prescriptionz.com\/#organization\",\"name\":\"Buy Prescriptionz\",\"url\":\"https:\/\/buy-prescriptionz.com\/\",\"logo\":{\"@type\":\"ImageObject\",\"inLanguage\":\"it-IT\",\"@id\":\"https:\/\/buy-prescriptionz.com\/#\/schema\/logo\/image\/\",\"url\":\"https:\/\/buy-prescriptionz.com\/wp-content\/uploads\/2023\/09\/logo.png\",\"contentUrl\":\"https:\/\/buy-prescriptionz.com\/wp-content\/uploads\/2023\/09\/logo.png\",\"width\":350,\"height\":64,\"caption\":\"Buy Prescriptionz\"},\"image\":{\"@id\":\"https:\/\/buy-prescriptionz.com\/#\/schema\/logo\/image\/\"}}]}<\/script>\n<!-- \/ Yoast SEO plugin. -->","yoast_head_json":{"title":"Acquista Primobolan online - Primobolan in vendita","description":"\u00c8 il momento migliore per visitare il nostro negozio online Buy-Prescriptionz e acquistare Primobolan online. Abbiamo Primobolan in vendita qui. Vieni a trovarci online e ordina oggi stesso!","robots":{"index":"index","follow":"follow","max-snippet":"max-snippet:-1","max-image-preview":"max-image-preview:large","max-video-preview":"max-video-preview:-1"},"canonical":"https:\/\/buy-prescriptionz.com\/it\/prodotto\/acquista-primobolan-online\/","og_locale":"it_IT","og_type":"article","og_title":"Buy Primobolan Online - Primobolan for Sale","og_description":"It is the best time to visit our online Buy-Prescriptionz store and buy Primobolan online. We have Primobolan for sale here. Meet us online and place your order today!","og_url":"https:\/\/buy-prescriptionz.com\/it\/prodotto\/acquista-primobolan-online\/","og_site_name":"Buy Prescriptionz","article_modified_time":"2025-09-25T11:42:57+00:00","og_image":[{"width":400,"height":300,"url":"https:\/\/buy-prescriptionz.com\/wp-content\/uploads\/2025\/09\/primobolan.jpg","type":"image\/jpeg"}],"twitter_card":"summary_large_image","twitter_misc":{"Tempo di lettura stimato":"4 minuti"},"schema":{"@context":"https:\/\/schema.org","@graph":[{"@type":"WebPage","@id":"https:\/\/buy-prescriptionz.com\/product\/buy-primobolan-online\/","url":"https:\/\/buy-prescriptionz.com\/product\/buy-primobolan-online\/","name":"Acquista Primobolan online - Primobolan in vendita","isPartOf":{"@id":"https:\/\/buy-prescriptionz.com\/#website"},"primaryImageOfPage":{"@id":"https:\/\/buy-prescriptionz.com\/product\/buy-primobolan-online\/#primaryimage"},"image":{"@id":"https:\/\/buy-prescriptionz.com\/product\/buy-primobolan-online\/#primaryimage"},"thumbnailUrl":"https:\/\/buy-prescriptionz.com\/wp-content\/uploads\/2025\/09\/primobolan.jpg","datePublished":"2025-09-16T08:56:09+00:00","dateModified":"2025-09-25T11:42:57+00:00","description":"\u00c8 il momento migliore per visitare il nostro negozio online Buy-Prescriptionz e acquistare Primobolan online. Abbiamo Primobolan in vendita qui. Vieni a trovarci online e ordina oggi stesso!","breadcrumb":{"@id":"https:\/\/buy-prescriptionz.com\/product\/buy-primobolan-online\/#breadcrumb"},"inLanguage":"it-IT","potentialAction":[{"@type":"ReadAction","target":["https:\/\/buy-prescriptionz.com\/product\/buy-primobolan-online\/"]}]},{"@type":"ImageObject","inLanguage":"it-IT","@id":"https:\/\/buy-prescriptionz.com\/product\/buy-primobolan-online\/#primaryimage","url":"https:\/\/buy-prescriptionz.com\/wp-content\/uploads\/2025\/09\/primobolan.jpg","contentUrl":"https:\/\/buy-prescriptionz.com\/wp-content\/uploads\/2025\/09\/primobolan.jpg","width":400,"height":300},{"@type":"BreadcrumbList","@id":"https:\/\/buy-prescriptionz.com\/product\/buy-primobolan-online\/#breadcrumb","itemListElement":[{"@type":"ListItem","position":1,"name":"Home","item":"https:\/\/buy-prescriptionz.com\/"},{"@type":"ListItem","position":2,"name":"Shop Painkillers Online","item":"https:\/\/buy-prescriptionz.com\/shop-painkillers-online\/"},{"@type":"ListItem","position":3,"name":"Buy Primobolan Online"}]},{"@type":"WebSite","@id":"https:\/\/buy-prescriptionz.com\/#website","url":"https:\/\/buy-prescriptionz.com\/","name":"Buy Prescriptionz","description":"Farmaci online","publisher":{"@id":"https:\/\/buy-prescriptionz.com\/#organization"},"potentialAction":[{"@type":"SearchAction","target":{"@type":"EntryPoint","urlTemplate":"https:\/\/buy-prescriptionz.com\/?s={search_term_string}"},"query-input":{"@type":"PropertyValueSpecification","valueRequired":true,"valueName":"search_term_string"}}],"inLanguage":"it-IT"},{"@type":"Organization","@id":"https:\/\/buy-prescriptionz.com\/#organization","name":"Buy Prescriptionz","url":"https:\/\/buy-prescriptionz.com\/","logo":{"@type":"ImageObject","inLanguage":"it-IT","@id":"https:\/\/buy-prescriptionz.com\/#\/schema\/logo\/image\/","url":"https:\/\/buy-prescriptionz.com\/wp-content\/uploads\/2023\/09\/logo.png","contentUrl":"https:\/\/buy-prescriptionz.com\/wp-content\/uploads\/2023\/09\/logo.png","width":350,"height":64,"caption":"Buy Prescriptionz"},"image":{"@id":"https:\/\/buy-prescriptionz.com\/#\/schema\/logo\/image\/"}}]}},"_links":{"self":[{"href":"https:\/\/buy-prescriptionz.com\/it\/wp-json\/wp\/v2\/product\/3047","targetHints":{"allow":["GET"]}}],"collection":[{"href":"https:\/\/buy-prescriptionz.com\/it\/wp-json\/wp\/v2\/product"}],"about":[{"href":"https:\/\/buy-prescriptionz.com\/it\/wp-json\/wp\/v2\/types\/product"}],"replies":[{"embeddable":true,"href":"https:\/\/buy-prescriptionz.com\/it\/wp-json\/wp\/v2\/comments?post=3047"}],"wp:featuredmedia":[{"embeddable":true,"href":"https:\/\/buy-prescriptionz.com\/it\/wp-json\/wp\/v2\/media\/3077"}],"wp:attachment":[{"href":"https:\/\/buy-prescriptionz.com\/it\/wp-json\/wp\/v2\/media?parent=3047"}],"wp:term":[{"taxonomy":"product_brand","embeddable":true,"href":"https:\/\/buy-prescriptionz.com\/it\/wp-json\/wp\/v2\/product_brand?post=3047"},{"taxonomy":"product_cat","embeddable":true,"href":"https:\/\/buy-prescriptionz.com\/it\/wp-json\/wp\/v2\/product_cat?post=3047"},{"taxonomy":"product_tag","embeddable":true,"href":"https:\/\/buy-prescriptionz.com\/it\/wp-json\/wp\/v2\/product_tag?post=3047"}],"curies":[{"name":"wp","href":"https:\/\/api.w.org\/{rel}","templated":true}]}}