{"id":3048,"date":"2025-09-16T08:56:09","date_gmt":"2025-09-16T08:56:09","guid":{"rendered":"https:\/\/chemsfine.com\/newsite\/?post_type=product&#038;p=3048"},"modified":"2025-09-24T11:10:48","modified_gmt":"2025-09-24T11:10:48","slug":"acquista-omnadren-online","status":"publish","type":"product","link":"https:\/\/buy-prescriptionz.com\/it\/prodotto\/acquista-omnadren-online\/","title":{"rendered":"Comprare Omnadren online"},"content":{"rendered":"<h2>Comprare Omnadren online<\/h2>\n<h3>Omnadren 250 (Sustanon) de Elfa | Amestec de testosteron<\/h3>\n<p>Omnadren 250 in vendita, Omnadren aumenta la resistenza muscolare e, una volta acquistato Omnadren online, puoi usarlo tu stesso e sperimentare la differenza. \u00c8 lo steroide perfetto per tutti gli atleti, utilizzato da loro in tutto il mondo. Omnadren 250 \u00e8 un anabolizzante iniettabile composto da 30 mg di testosterone propionato, 60 mg di testosterone fenilpropionato, 60 mg di testosterone isoesanoato e 100 mg di testosterone esanoato. Il composto possiede elevati effetti androgeni, produce una rapida crescita muscolare e un aumento della forza, oltre a un generale senso di benessere e un aumento del desiderio sessuale. Omnadren previene l'insorgenza di infortuni poich\u00e9 lubrifica le articolazioni immagazzinando liquidi nei tessuti connettivi ed \u00e8 considerato un efficace composto anticatabolico. La sua vita attiva \u00e8 di circa 18 giorni.<\/p>\n<p>Omnadren 250 viene solitamente iniettato almeno una volta a settimana con un dosaggio di 400-1200 mg a settimana per gli uomini, mentre le atlete dovrebbero usare dosi molto pi\u00f9 basse o evitarne completamente l'uso. Omnadren 250 pu\u00f2 essere associato a Equipoise o Deca-Durabolin o a steroidi orali come Anadrol o Anabol per ottenere un effetto volumizzante. L'uso di Omnadren 250 riduce la produzione naturale di testosterone e dovrebbe essere utilizzato alla fine del ciclo in combinazione con Nolvadex, HCG e Clomid per circa 3 settimane per un efficace ripristino del corpo umano. Le donne possono sperimentare i tipici effetti di virilizzazione durante l'uso di Omnadren, mentre gli atleti maschi possono sperimentare erezioni dolorose, vomito, nausea, aumento della pressione sanguigna, aumento del colesterolo sierico, sbalzi d'umore e aggressivit\u00e0.<\/p>\n<p>Usi \u2013 Terapia sostitutiva del testosterone (TRT)<\/p>\n<p>Effetti collaterali \u2013 Affaticamento cardiaco, pelle grassa, problemi al fegato, acne<\/p>\n<p>Acquista Omnadren online senza prescrizione medica e usalo per aumentare i livelli di testosterone fino a riportarli nella norma, come nella terapia sostitutiva della tiroide. Puoi anche acquistare Omnadren per testarne i benefici terapeutici. Spesso, puoi trovare Omnadren in vendita, il che semplifica ulteriormente il tuo compito.<\/p>\n<h3>Panoramica e vantaggi dell'acquisto di Omnadren online<\/h3>\n<p>Omnadren \u00e8 una miscela di quattro diversi esteri di testosterone, che offre effetti sia rapidi che duraturi, rendendolo una scelta privilegiata per la terapia sostitutiva del testosterone e il miglioramento delle prestazioni nel bodybuilding. Questo steroide anabolizzante offre diversi benefici, tra cui livelli stabili di testosterone, miglioramento dell'umore e del benessere, significativa crescita e forza muscolare, miglioramento delle prestazioni atletiche, tempi di recupero pi\u00f9 rapidi, aumento del metabolismo per la perdita di grasso e miglioramento della libido e della salute sessuale.<\/p>\n<p>La miscela garantisce livelli ormonali equilibrati, stimola la sintesi proteica muscolare, trattiene l'azoto nei muscoli, migliora la produzione di globuli rossi e supporta la ricomposizione corporea complessiva, favorendo contemporaneamente la crescita muscolare e la perdita di grasso.<\/p>\n<h3>Effetti collaterali di Omnadren<\/h3>\n<p>Sebbene Omnadren offra numerosi benefici, \u00e8 importante essere consapevoli dei potenziali effetti collaterali. Gli effetti collaterali pi\u00f9 comuni includono acne, perdita di capelli e aumento dei peli corporei a causa delle sue propriet\u00e0 androgeniche. Alcuni utilizzatori possono manifestare ritenzione idrica e gonfiore, che possono portare a ipertensione. La ginecomastia, ovvero lo sviluppo di tessuto mammario negli uomini, pu\u00f2 verificarsi a causa dell'aumento dei livelli di estrogeni. Inoltre, Omnadren pu\u00f2 influire negativamente sui livelli di colesterolo, aumentando il rischio di problemi cardiovascolari. L'uso a lungo termine o dosi elevate possono sopprimere la produzione naturale di testosterone, portando ad atrofia testicolare. La tossicit\u00e0 epatica \u00e8 generalmente bassa con le forme iniettabili, ma \u00e8 consigliabile monitorare la funzionalit\u00e0 epatica. Per mitigare questi rischi, \u00e8 essenziale utilizzare Omnadren sotto controllo medico, attenersi ai dosaggi raccomandati ed effettuare controlli sanitari regolari.<\/p>\n<p>Puoi acquistare Nolvadex da un sito web affidabile e facile da usare come la migliore farmacia online, buy-prescriptionz.com. Questa piattaforma \u00e8 nota per i suoi prodotti autentici, i metodi di spedizione discreti, i prezzi competitivi e altri vantaggi. Puoi leggere le recensioni dei clienti sul loro sito e utilizzare i servizi di prescrizione per garantire il corretto utilizzo del farmaco acquistato. Acquista Nolvadex da buy-prescriptionz.com e scopri i suoi effetti benefici, il tutto con la comodit\u00e0 e la sicurezza di acquistare online.<\/p>","protected":false},"excerpt":{"rendered":"<p>Buy Omnadren Online Omnadren 250 (Sustanon) by Jelfa | Testosterone Blend Omnadren 250 for Sale, Omnadren increases muscular endurance and once you would have bought omnadren online, you can use it for yourself and experience the difference. It is the perfect steroid for all athletes, used by them all over the world.Omnadren 250 is an [&hellip;]<\/p>","protected":false},"featured_media":3078,"comment_status":"open","ping_status":"closed","template":"","meta":{"site-sidebar-layout":"default","site-content-layout":"","ast-site-content-layout":"default","site-content-style":"default","site-sidebar-style":"default","ast-global-header-display":"","ast-banner-title-visibility":"","ast-main-header-display":"","ast-hfb-above-header-display":"","ast-hfb-below-header-display":"","ast-hfb-mobile-header-display":"","site-post-title":"","ast-breadcrumbs-content":"","ast-featured-img":"","footer-sml-layout":"","theme-transparent-header-meta":"default","adv-header-id-meta":"","stick-header-meta":"","header-above-stick-meta":"","header-main-stick-meta":"","header-below-stick-meta":"","astra-migrate-meta-layouts":"set","ast-page-background-enabled":"default","ast-page-background-meta":{"desktop":{"background-color":"var(--ast-global-color-4)","background-image":"","background-repeat":"repeat","background-position":"center center","background-size":"auto","background-attachment":"scroll","background-type":"","background-media":"","overlay-type":"","overlay-color":"","overlay-opacity":"","overlay-gradient":""},"tablet":{"background-color":"","background-image":"","background-repeat":"repeat","background-position":"center center","background-size":"auto","background-attachment":"scroll","background-type":"","background-media":"","overlay-type":"","overlay-color":"","overlay-opacity":"","overlay-gradient":""},"mobile":{"background-color":"","background-image":"","background-repeat":"repeat","background-position":"center center","background-size":"auto","background-attachment":"scroll","background-type":"","background-media":"","overlay-type":"","overlay-color":"","overlay-opacity":"","overlay-gradient":""}},"ast-content-background-meta":{"desktop":{"background-color":"var(--ast-global-color-5)","background-image":"","background-repeat":"repeat","background-position":"center center","background-size":"auto","background-attachment":"scroll","background-type":"","background-media":"","overlay-type":"","overlay-color":"","overlay-opacity":"","overlay-gradient":""},"tablet":{"background-color":"var(--ast-global-color-5)","background-image":"","background-repeat":"repeat","background-position":"center center","background-size":"auto","background-attachment":"scroll","background-type":"","background-media":"","overlay-type":"","overlay-color":"","overlay-opacity":"","overlay-gradient":""},"mobile":{"background-color":"var(--ast-global-color-5)","background-image":"","background-repeat":"repeat","background-position":"center center","background-size":"auto","background-attachment":"scroll","background-type":"","background-media":"","overlay-type":"","overlay-color":"","overlay-opacity":"","overlay-gradient":""}}},"product_brand":[],"product_cat":[2384],"product_tag":[1335,1336,1334,1329,1332,1331,1330,1333,1328,1327,1338,1337],"class_list":{"0":"post-3048","1":"product","2":"type-product","3":"status-publish","4":"has-post-thumbnail","6":"product_cat-buy-anabolic-steroids-online","7":"product_tag-buy-omnadren-in-canada","8":"product_tag-buy-omnadren-in-uk","9":"product_tag-buy-omnadren-in-usa","10":"product_tag-buy-omnadren-with-bitcoin","11":"product_tag-buy-omnadren-with-credit-card","12":"product_tag-buy-omnadren-with-money-gram","13":"product_tag-buy-omnadren-with-western-union","14":"product_tag-buy-omnadren-without-a-doctor","15":"product_tag-buy-omnadren-without-prescription","16":"product_tag-omnadren-for-sale","17":"product_tag-omnadren-pills","18":"product_tag-omnadren-tablets","19":"desktop-align-center","20":"tablet-align-left","21":"mobile-align-left","23":"first","24":"instock","25":"shipping-taxable","26":"purchasable","27":"product-type-variable","28":"has-default-attributes"},"yoast_head":"<!-- This site is optimized with the Yoast SEO plugin v25.9 - https:\/\/yoast.com\/wordpress\/plugins\/seo\/ -->\n<title>Buy Omnadren 250 Online - Omnadren 250 for Sale<\/title>\n<meta name=\"description\" content=\"If you wish to buy Omnadren 250 online so our Buy-prescriptionz store can help. We have Omnadren 250 for sale at the best rates here. Place your order now!\" \/>\n<meta name=\"robots\" content=\"index, follow, max-snippet:-1, max-image-preview:large, max-video-preview:-1\" \/>\n<link rel=\"canonical\" href=\"https:\/\/buy-prescriptionz.com\/it\/prodotto\/acquista-omnadren-online\/\" \/>\n<meta property=\"og:locale\" content=\"it_IT\" \/>\n<meta property=\"og:type\" content=\"article\" \/>\n<meta property=\"og:title\" content=\"Buy Omnadren 250 Online - Omnadren 250 for Sale\" \/>\n<meta property=\"og:description\" content=\"If you wish to buy Omnadren 250 online so our Buy-prescriptionz store can help. We have Omnadren 250 for sale at the best rates here. Place your order now!\" \/>\n<meta property=\"og:url\" content=\"https:\/\/buy-prescriptionz.com\/it\/prodotto\/acquista-omnadren-online\/\" \/>\n<meta property=\"og:site_name\" content=\"Buy Prescriptionz\" \/>\n<meta property=\"article:modified_time\" content=\"2025-09-24T11:10:48+00:00\" \/>\n<meta property=\"og:image\" content=\"https:\/\/buy-prescriptionz.com\/wp-content\/uploads\/2025\/09\/omnadren.jpg\" \/>\n\t<meta property=\"og:image:width\" content=\"400\" \/>\n\t<meta property=\"og:image:height\" content=\"300\" \/>\n\t<meta property=\"og:image:type\" content=\"image\/jpeg\" \/>\n<meta name=\"twitter:card\" content=\"summary_large_image\" \/>\n<meta name=\"twitter:label1\" content=\"Tempo di lettura stimato\" \/>\n\t<meta name=\"twitter:data1\" content=\"3 minuti\" \/>\n<script type=\"application\/ld+json\" class=\"yoast-schema-graph\">{\"@context\":\"https:\/\/schema.org\",\"@graph\":[{\"@type\":\"WebPage\",\"@id\":\"https:\/\/buy-prescriptionz.com\/product\/buy-omnadren-online\/\",\"url\":\"https:\/\/buy-prescriptionz.com\/product\/buy-omnadren-online\/\",\"name\":\"Buy Omnadren 250 Online - Omnadren 250 for Sale\",\"isPartOf\":{\"@id\":\"https:\/\/buy-prescriptionz.com\/#website\"},\"primaryImageOfPage\":{\"@id\":\"https:\/\/buy-prescriptionz.com\/product\/buy-omnadren-online\/#primaryimage\"},\"image\":{\"@id\":\"https:\/\/buy-prescriptionz.com\/product\/buy-omnadren-online\/#primaryimage\"},\"thumbnailUrl\":\"https:\/\/buy-prescriptionz.com\/wp-content\/uploads\/2025\/09\/omnadren.jpg\",\"datePublished\":\"2025-09-16T08:56:09+00:00\",\"dateModified\":\"2025-09-24T11:10:48+00:00\",\"description\":\"If you wish to buy Omnadren 250 online so our Buy-prescriptionz store can help. We have Omnadren 250 for sale at the best rates here. Place your order now!\",\"breadcrumb\":{\"@id\":\"https:\/\/buy-prescriptionz.com\/product\/buy-omnadren-online\/#breadcrumb\"},\"inLanguage\":\"it-IT\",\"potentialAction\":[{\"@type\":\"ReadAction\",\"target\":[\"https:\/\/buy-prescriptionz.com\/product\/buy-omnadren-online\/\"]}]},{\"@type\":\"ImageObject\",\"inLanguage\":\"it-IT\",\"@id\":\"https:\/\/buy-prescriptionz.com\/product\/buy-omnadren-online\/#primaryimage\",\"url\":\"https:\/\/buy-prescriptionz.com\/wp-content\/uploads\/2025\/09\/omnadren.jpg\",\"contentUrl\":\"https:\/\/buy-prescriptionz.com\/wp-content\/uploads\/2025\/09\/omnadren.jpg\",\"width\":400,\"height\":300},{\"@type\":\"BreadcrumbList\",\"@id\":\"https:\/\/buy-prescriptionz.com\/product\/buy-omnadren-online\/#breadcrumb\",\"itemListElement\":[{\"@type\":\"ListItem\",\"position\":1,\"name\":\"Home\",\"item\":\"https:\/\/buy-prescriptionz.com\/\"},{\"@type\":\"ListItem\",\"position\":2,\"name\":\"Shop Painkillers Online\",\"item\":\"https:\/\/buy-prescriptionz.com\/shop-painkillers-online\/\"},{\"@type\":\"ListItem\",\"position\":3,\"name\":\"Buy Omnadren Online\"}]},{\"@type\":\"WebSite\",\"@id\":\"https:\/\/buy-prescriptionz.com\/#website\",\"url\":\"https:\/\/buy-prescriptionz.com\/\",\"name\":\"Buy Prescriptionz\",\"description\":\"Drugs Online\",\"publisher\":{\"@id\":\"https:\/\/buy-prescriptionz.com\/#organization\"},\"potentialAction\":[{\"@type\":\"SearchAction\",\"target\":{\"@type\":\"EntryPoint\",\"urlTemplate\":\"https:\/\/buy-prescriptionz.com\/?s={search_term_string}\"},\"query-input\":{\"@type\":\"PropertyValueSpecification\",\"valueRequired\":true,\"valueName\":\"search_term_string\"}}],\"inLanguage\":\"it-IT\"},{\"@type\":\"Organization\",\"@id\":\"https:\/\/buy-prescriptionz.com\/#organization\",\"name\":\"Buy Prescriptionz\",\"url\":\"https:\/\/buy-prescriptionz.com\/\",\"logo\":{\"@type\":\"ImageObject\",\"inLanguage\":\"it-IT\",\"@id\":\"https:\/\/buy-prescriptionz.com\/#\/schema\/logo\/image\/\",\"url\":\"https:\/\/buy-prescriptionz.com\/wp-content\/uploads\/2023\/09\/logo.png\",\"contentUrl\":\"https:\/\/buy-prescriptionz.com\/wp-content\/uploads\/2023\/09\/logo.png\",\"width\":350,\"height\":64,\"caption\":\"Buy Prescriptionz\"},\"image\":{\"@id\":\"https:\/\/buy-prescriptionz.com\/#\/schema\/logo\/image\/\"}}]}<\/script>\n<!-- \/ Yoast SEO plugin. -->","yoast_head_json":{"title":"Acquista Omnadren 250 online - Omnadren 250 in vendita","description":"Se desideri acquistare Omnadren 250 online, il nostro negozio Buy-prescriptionz pu\u00f2 aiutarti. Abbiamo Omnadren 250 in vendita al miglior prezzo qui. Ordina subito!","robots":{"index":"index","follow":"follow","max-snippet":"max-snippet:-1","max-image-preview":"max-image-preview:large","max-video-preview":"max-video-preview:-1"},"canonical":"https:\/\/buy-prescriptionz.com\/it\/prodotto\/acquista-omnadren-online\/","og_locale":"it_IT","og_type":"article","og_title":"Buy Omnadren 250 Online - Omnadren 250 for Sale","og_description":"If you wish to buy Omnadren 250 online so our Buy-prescriptionz store can help. We have Omnadren 250 for sale at the best rates here. Place your order now!","og_url":"https:\/\/buy-prescriptionz.com\/it\/prodotto\/acquista-omnadren-online\/","og_site_name":"Buy Prescriptionz","article_modified_time":"2025-09-24T11:10:48+00:00","og_image":[{"width":400,"height":300,"url":"https:\/\/buy-prescriptionz.com\/wp-content\/uploads\/2025\/09\/omnadren.jpg","type":"image\/jpeg"}],"twitter_card":"summary_large_image","twitter_misc":{"Tempo di lettura stimato":"3 minuti"},"schema":{"@context":"https:\/\/schema.org","@graph":[{"@type":"WebPage","@id":"https:\/\/buy-prescriptionz.com\/product\/buy-omnadren-online\/","url":"https:\/\/buy-prescriptionz.com\/product\/buy-omnadren-online\/","name":"Acquista Omnadren 250 online - Omnadren 250 in vendita","isPartOf":{"@id":"https:\/\/buy-prescriptionz.com\/#website"},"primaryImageOfPage":{"@id":"https:\/\/buy-prescriptionz.com\/product\/buy-omnadren-online\/#primaryimage"},"image":{"@id":"https:\/\/buy-prescriptionz.com\/product\/buy-omnadren-online\/#primaryimage"},"thumbnailUrl":"https:\/\/buy-prescriptionz.com\/wp-content\/uploads\/2025\/09\/omnadren.jpg","datePublished":"2025-09-16T08:56:09+00:00","dateModified":"2025-09-24T11:10:48+00:00","description":"Se desideri acquistare Omnadren 250 online, il nostro negozio Buy-prescriptionz pu\u00f2 aiutarti. Abbiamo Omnadren 250 in vendita al miglior prezzo qui. Ordina subito!","breadcrumb":{"@id":"https:\/\/buy-prescriptionz.com\/product\/buy-omnadren-online\/#breadcrumb"},"inLanguage":"it-IT","potentialAction":[{"@type":"ReadAction","target":["https:\/\/buy-prescriptionz.com\/product\/buy-omnadren-online\/"]}]},{"@type":"ImageObject","inLanguage":"it-IT","@id":"https:\/\/buy-prescriptionz.com\/product\/buy-omnadren-online\/#primaryimage","url":"https:\/\/buy-prescriptionz.com\/wp-content\/uploads\/2025\/09\/omnadren.jpg","contentUrl":"https:\/\/buy-prescriptionz.com\/wp-content\/uploads\/2025\/09\/omnadren.jpg","width":400,"height":300},{"@type":"BreadcrumbList","@id":"https:\/\/buy-prescriptionz.com\/product\/buy-omnadren-online\/#breadcrumb","itemListElement":[{"@type":"ListItem","position":1,"name":"Home","item":"https:\/\/buy-prescriptionz.com\/"},{"@type":"ListItem","position":2,"name":"Shop Painkillers Online","item":"https:\/\/buy-prescriptionz.com\/shop-painkillers-online\/"},{"@type":"ListItem","position":3,"name":"Buy Omnadren Online"}]},{"@type":"WebSite","@id":"https:\/\/buy-prescriptionz.com\/#website","url":"https:\/\/buy-prescriptionz.com\/","name":"Buy Prescriptionz","description":"Farmaci online","publisher":{"@id":"https:\/\/buy-prescriptionz.com\/#organization"},"potentialAction":[{"@type":"SearchAction","target":{"@type":"EntryPoint","urlTemplate":"https:\/\/buy-prescriptionz.com\/?s={search_term_string}"},"query-input":{"@type":"PropertyValueSpecification","valueRequired":true,"valueName":"search_term_string"}}],"inLanguage":"it-IT"},{"@type":"Organization","@id":"https:\/\/buy-prescriptionz.com\/#organization","name":"Buy Prescriptionz","url":"https:\/\/buy-prescriptionz.com\/","logo":{"@type":"ImageObject","inLanguage":"it-IT","@id":"https:\/\/buy-prescriptionz.com\/#\/schema\/logo\/image\/","url":"https:\/\/buy-prescriptionz.com\/wp-content\/uploads\/2023\/09\/logo.png","contentUrl":"https:\/\/buy-prescriptionz.com\/wp-content\/uploads\/2023\/09\/logo.png","width":350,"height":64,"caption":"Buy Prescriptionz"},"image":{"@id":"https:\/\/buy-prescriptionz.com\/#\/schema\/logo\/image\/"}}]}},"_links":{"self":[{"href":"https:\/\/buy-prescriptionz.com\/it\/wp-json\/wp\/v2\/product\/3048","targetHints":{"allow":["GET"]}}],"collection":[{"href":"https:\/\/buy-prescriptionz.com\/it\/wp-json\/wp\/v2\/product"}],"about":[{"href":"https:\/\/buy-prescriptionz.com\/it\/wp-json\/wp\/v2\/types\/product"}],"replies":[{"embeddable":true,"href":"https:\/\/buy-prescriptionz.com\/it\/wp-json\/wp\/v2\/comments?post=3048"}],"wp:featuredmedia":[{"embeddable":true,"href":"https:\/\/buy-prescriptionz.com\/it\/wp-json\/wp\/v2\/media\/3078"}],"wp:attachment":[{"href":"https:\/\/buy-prescriptionz.com\/it\/wp-json\/wp\/v2\/media?parent=3048"}],"wp:term":[{"taxonomy":"product_brand","embeddable":true,"href":"https:\/\/buy-prescriptionz.com\/it\/wp-json\/wp\/v2\/product_brand?post=3048"},{"taxonomy":"product_cat","embeddable":true,"href":"https:\/\/buy-prescriptionz.com\/it\/wp-json\/wp\/v2\/product_cat?post=3048"},{"taxonomy":"product_tag","embeddable":true,"href":"https:\/\/buy-prescriptionz.com\/it\/wp-json\/wp\/v2\/product_tag?post=3048"}],"curies":[{"name":"wp","href":"https:\/\/api.w.org\/{rel}","templated":true}]}}