{"id":3052,"date":"2025-09-16T08:56:09","date_gmt":"2025-09-16T08:56:09","guid":{"rendered":"https:\/\/chemsfine.com\/newsite\/?post_type=product&#038;p=3052"},"modified":"2025-09-22T11:15:45","modified_gmt":"2025-09-22T11:15:45","slug":"acquistare-insulina-online","status":"publish","type":"product","link":"https:\/\/buy-prescriptionz.com\/it\/prodotto\/acquistare-insulina-online\/","title":{"rendered":"Comprare insulina online"},"content":{"rendered":"<h1>Acquista insulina online da 100 mg, 150 mg e 50 mg<\/h1>\n<p>Compra<a href=\"https:\/\/en.wikipedia.org\/wiki\/Insulin\"> Insulin<\/a> L'insulina \u00e8 un ormone peptidico prodotto dalle cellule beta delle isole pancreatiche; \u00e8 l'ormone anabolico fondamentale dell'organismo. Dove acquistare insulina online su buy-prescriptionz.com, che dirige la digestione di amidi, grassi e proteine \u200b\u200bfavorendo l'assorbimento di zuccheri e glucosio dal sangue alle cellule del fegato, del grasso e del muscolo scheletrico.<\/p>\n<p>L'insulina \u00e8 un ormone vitale per la regolazione dei livelli di zucchero nel sangue, essenziale per la gestione del diabete. Aiuta l'organismo a utilizzare il glucosio in modo efficace, prevenendo le complicazioni dovute a livelli elevati o bassi di zucchero nel sangue. Per un modo comodo e affidabile per acquistare insulina, visita la migliore farmacia online: Buy-prescriptionz.com. Offre un'ampia selezione di opzioni di insulina, garantendoti di ottenere il farmaco di cui hai bisogno in modo rapido e sicuro.<\/p>\n<h2>Acquista insulina online. Su buy-prescriptionz.com per gli Stati Uniti e gli stati europei.<\/h2>\n<p>Il glucosio assimilato viene convertito in glicogeno tramite glicogenesi o in grassi (trigliceridi) tramite lipogenesi, oppure, nel fegato, in entrambi. Glucosio L'insulina circolante influenza l'amalgama delle proteine \u200b\u200bnei diversi tessuti.<\/p>\n<p><a href=\"https:\/\/buy-prescriptionz.com\/it\/prodotto\/dormicum\/\">Insulin<\/a> In vendita su buy-prescriptionz.com per pazienti diabetici, in quanto \u00e8 un ormone anabolizzante che favorisce il rilascio e la trasformazione delle particelle nel sangue. Bassi livelli di insulina nel sangue hanno l'effetto opposto, favorendo il catabolismo su larga scala, in particolare del rapporto muscolo-grasso. Non \u00e8 difficile sapere dove acquistare insulina online, perch\u00e9 su prescriptionz.com puoi acquistarne la qualit\u00e0 desiderata in qualsiasi momento e ovunque tu voglia. Dormicum Online<\/p>\n<h3>Vantaggi<\/h3>\n<ul>\n<li>Comodit\u00e0: puoi ordinare facilmente la migliore insulina comodamente da casa tua, senza dover andare in farmacia. Questo \u00e8 particolarmente utile per chi ha problemi di mobilit\u00e0 o impegni frenetici.<\/li>\n<li>Risparmio sui costi: le farmacie online offrono spesso prezzi pi\u00f9 competitivi rispetto alle farmacie locali. \u00c8 possibile trovare anche sconti e opzioni di acquisto all'ingrosso.<\/li>\n<li>Privacy: l'acquisto di insulina online consente un processo discreto, il che pu\u00f2 essere importante per coloro che preferiscono mantenere riservate le proprie condizioni mediche.<\/li>\n<\/ul>\n<h3>Usa<\/h3>\n<ul>\n<li>Regola la glicemia: l'insulina \u00e8 essenziale per gestire sia il diabete di tipo 1 che quello di tipo 2, contribuendo a mantenere normali livelli di glicemia.<\/li>\n<li>Controllo dell'iperglicemia: abbassando i livelli di zucchero nel sangue, l'insulina previene le complicazioni associate all'iperglicemia, come danni ai nervi e problemi cardiovascolari.<\/li>\n<li>Supporta il metabolismo: l'insulina aiuta l'organismo a utilizzare efficacemente il glucosio, fondamentale per la produzione di energia e per la funzione metabolica generale.<\/li>\n<\/ul>\n<h3>Effetti collaterali<\/h3>\n<ul>\n<li>Ipoglicemia: un effetto collaterale comune dell'insulina \u00e8 un basso livello di zucchero nel sangue, caratterizzato da sintomi quali vertigini, sudorazione e confusione.<\/li>\n<li>Aumento di peso: l'uso prolungato di insulina pu\u00f2 portare ad un aumento di peso, poich\u00e9 favorisce l'accumulo di glucosio sotto forma di grasso.<\/li>\n<li>Reazioni allergiche: sebbene rare, alcune persone possono manifestare reazioni allergiche, tra cui eruzione cutanea, prurito e difficolt\u00e0 respiratorie.<\/li>\n<li>Problemi nel sito di iniezione: le iniezioni ripetute di insulina possono causare problemi localizzati come arrossamento, gonfiore o lipodistrofia (distribuzione anomala del grasso).<\/li>\n<\/ul>\n<h3>\u00a0Insulina senza ricetta e servizio di spedizione veloce e sicuro<\/h3>\n<p>Scopri come acquistare insulina online su prescriptionz.com, poich\u00e9 le cellule beta sono sensibili alla produzione di glucosio, chiamata glicemia. Se il livello di glucosio \u00e8 alto, le cellule beta rilasciano insulina nel sangue; quando i livelli di glucosio sono bassi, il rilascio di insulina viene inibito. Il glucagone, attraverso il fegato, per eliminare il glucosio tramite glicogenolisi e gluconeogenesi, ha l'effetto opposto a quello dell'insulina. Puoi acquistare insulina online e anche a un prezzo conveniente.<\/p>\n<p>Ottieni insulina senza un medico come quelle delle insuline ad azione rapida che non richiedono l'infusione per il pasto intermedio prescritto per l'insulina umana e le insuline animali. L'insulina ad azione prolungata; la prima di queste \u00e8 stata Lantus (insulina glargine). Ordina questo prodotto che ha un impatto costante per un periodo completo da 18 a 24 ore. Un'altra insulina a rilascio prolungato \u00e8 Levemir che si basa su un approccio di acilazione dei grassi insaturi. Inoltre, acquista insulina con confezione discreta su buy-prescriptionz.com con un servizio di consegna rapido e sicuro negli Stati Uniti e in alcuni stati europei.<\/p>","protected":false},"excerpt":{"rendered":"<p>Buy Insulin Online of 100 mg, 150 mg, and 50 mg Buy Insulin Online is a peptide hormone produced by beta cells of the pancreatic islets; it is the fundamental anabolic hormone of the body. Where to Buy Insulin online at buy-prescriptionz.com that directs the digestion of starches, fats, and protein by helping the ingestion [&hellip;]<\/p>","protected":false},"featured_media":3082,"comment_status":"open","ping_status":"closed","template":"","meta":{"site-sidebar-layout":"default","site-content-layout":"","ast-site-content-layout":"default","site-content-style":"default","site-sidebar-style":"default","ast-global-header-display":"","ast-banner-title-visibility":"","ast-main-header-display":"","ast-hfb-above-header-display":"","ast-hfb-below-header-display":"","ast-hfb-mobile-header-display":"","site-post-title":"","ast-breadcrumbs-content":"","ast-featured-img":"","footer-sml-layout":"","theme-transparent-header-meta":"default","adv-header-id-meta":"","stick-header-meta":"","header-above-stick-meta":"","header-main-stick-meta":"","header-below-stick-meta":"","astra-migrate-meta-layouts":"set","ast-page-background-enabled":"default","ast-page-background-meta":{"desktop":{"background-color":"var(--ast-global-color-4)","background-image":"","background-repeat":"repeat","background-position":"center center","background-size":"auto","background-attachment":"scroll","background-type":"","background-media":"","overlay-type":"","overlay-color":"","overlay-opacity":"","overlay-gradient":""},"tablet":{"background-color":"","background-image":"","background-repeat":"repeat","background-position":"center center","background-size":"auto","background-attachment":"scroll","background-type":"","background-media":"","overlay-type":"","overlay-color":"","overlay-opacity":"","overlay-gradient":""},"mobile":{"background-color":"","background-image":"","background-repeat":"repeat","background-position":"center center","background-size":"auto","background-attachment":"scroll","background-type":"","background-media":"","overlay-type":"","overlay-color":"","overlay-opacity":"","overlay-gradient":""}},"ast-content-background-meta":{"desktop":{"background-color":"var(--ast-global-color-5)","background-image":"","background-repeat":"repeat","background-position":"center center","background-size":"auto","background-attachment":"scroll","background-type":"","background-media":"","overlay-type":"","overlay-color":"","overlay-opacity":"","overlay-gradient":""},"tablet":{"background-color":"var(--ast-global-color-5)","background-image":"","background-repeat":"repeat","background-position":"center center","background-size":"auto","background-attachment":"scroll","background-type":"","background-media":"","overlay-type":"","overlay-color":"","overlay-opacity":"","overlay-gradient":""},"mobile":{"background-color":"var(--ast-global-color-5)","background-image":"","background-repeat":"repeat","background-position":"center center","background-size":"auto","background-attachment":"scroll","background-type":"","background-media":"","overlay-type":"","overlay-color":"","overlay-opacity":"","overlay-gradient":""}}},"product_brand":[],"product_cat":[2384],"product_tag":[],"class_list":{"0":"post-3052","1":"product","2":"type-product","3":"status-publish","4":"has-post-thumbnail","6":"product_cat-buy-anabolic-steroids-online","7":"desktop-align-center","8":"tablet-align-left","9":"mobile-align-left","11":"first","12":"instock","13":"shipping-taxable","14":"purchasable","15":"product-type-variable","16":"has-default-attributes"},"yoast_head":"<!-- This site is optimized with the Yoast SEO plugin v25.9 - https:\/\/yoast.com\/wordpress\/plugins\/seo\/ -->\n<title>Buy Insulin Online - buy insulin online from walmart,insulin for sale online<\/title>\n<meta name=\"description\" content=\"Buy Insulin Online.where to buy insulin cheap,Buy Lantus insulin online works by controlling blood over the counter insulin walmart\" \/>\n<meta name=\"robots\" content=\"index, follow, max-snippet:-1, max-image-preview:large, max-video-preview:-1\" \/>\n<link rel=\"canonical\" href=\"https:\/\/buy-prescriptionz.com\/it\/prodotto\/acquistare-insulina-online\/\" \/>\n<meta property=\"og:locale\" content=\"it_IT\" \/>\n<meta property=\"og:type\" content=\"article\" \/>\n<meta property=\"og:title\" content=\"Buy Insulin Online - buy insulin online from walmart,insulin for sale online\" \/>\n<meta property=\"og:description\" content=\"Buy Insulin Online.where to buy insulin cheap,Buy Lantus insulin online works by controlling blood over the counter insulin walmart\" \/>\n<meta property=\"og:url\" content=\"https:\/\/buy-prescriptionz.com\/it\/prodotto\/acquistare-insulina-online\/\" \/>\n<meta property=\"og:site_name\" content=\"Buy Prescriptionz\" \/>\n<meta property=\"article:modified_time\" content=\"2025-09-22T11:15:45+00:00\" \/>\n<meta property=\"og:image\" content=\"https:\/\/buy-prescriptionz.com\/wp-content\/uploads\/2025\/09\/insulin.jpg\" \/>\n\t<meta property=\"og:image:width\" content=\"400\" \/>\n\t<meta property=\"og:image:height\" content=\"300\" \/>\n\t<meta property=\"og:image:type\" content=\"image\/jpeg\" \/>\n<meta name=\"twitter:card\" content=\"summary_large_image\" \/>\n<meta name=\"twitter:label1\" content=\"Tempo di lettura stimato\" \/>\n\t<meta name=\"twitter:data1\" content=\"4 minuti\" \/>\n<script type=\"application\/ld+json\" class=\"yoast-schema-graph\">{\"@context\":\"https:\/\/schema.org\",\"@graph\":[{\"@type\":\"WebPage\",\"@id\":\"https:\/\/buy-prescriptionz.com\/product\/buy-insulin-online\/\",\"url\":\"https:\/\/buy-prescriptionz.com\/product\/buy-insulin-online\/\",\"name\":\"Buy Insulin Online - buy insulin online from walmart,insulin for sale online\",\"isPartOf\":{\"@id\":\"https:\/\/buy-prescriptionz.com\/#website\"},\"primaryImageOfPage\":{\"@id\":\"https:\/\/buy-prescriptionz.com\/product\/buy-insulin-online\/#primaryimage\"},\"image\":{\"@id\":\"https:\/\/buy-prescriptionz.com\/product\/buy-insulin-online\/#primaryimage\"},\"thumbnailUrl\":\"https:\/\/buy-prescriptionz.com\/wp-content\/uploads\/2025\/09\/insulin.jpg\",\"datePublished\":\"2025-09-16T08:56:09+00:00\",\"dateModified\":\"2025-09-22T11:15:45+00:00\",\"description\":\"Buy Insulin Online.where to buy insulin cheap,Buy Lantus insulin online works by controlling blood over the counter insulin walmart\",\"breadcrumb\":{\"@id\":\"https:\/\/buy-prescriptionz.com\/product\/buy-insulin-online\/#breadcrumb\"},\"inLanguage\":\"it-IT\",\"potentialAction\":[{\"@type\":\"ReadAction\",\"target\":[\"https:\/\/buy-prescriptionz.com\/product\/buy-insulin-online\/\"]}]},{\"@type\":\"ImageObject\",\"inLanguage\":\"it-IT\",\"@id\":\"https:\/\/buy-prescriptionz.com\/product\/buy-insulin-online\/#primaryimage\",\"url\":\"https:\/\/buy-prescriptionz.com\/wp-content\/uploads\/2025\/09\/insulin.jpg\",\"contentUrl\":\"https:\/\/buy-prescriptionz.com\/wp-content\/uploads\/2025\/09\/insulin.jpg\",\"width\":400,\"height\":300},{\"@type\":\"BreadcrumbList\",\"@id\":\"https:\/\/buy-prescriptionz.com\/product\/buy-insulin-online\/#breadcrumb\",\"itemListElement\":[{\"@type\":\"ListItem\",\"position\":1,\"name\":\"Home\",\"item\":\"https:\/\/buy-prescriptionz.com\/\"},{\"@type\":\"ListItem\",\"position\":2,\"name\":\"Shop Painkillers Online\",\"item\":\"https:\/\/buy-prescriptionz.com\/shop-painkillers-online\/\"},{\"@type\":\"ListItem\",\"position\":3,\"name\":\"Buy Insulin Online\"}]},{\"@type\":\"WebSite\",\"@id\":\"https:\/\/buy-prescriptionz.com\/#website\",\"url\":\"https:\/\/buy-prescriptionz.com\/\",\"name\":\"Buy Prescriptionz\",\"description\":\"Drugs Online\",\"publisher\":{\"@id\":\"https:\/\/buy-prescriptionz.com\/#organization\"},\"potentialAction\":[{\"@type\":\"SearchAction\",\"target\":{\"@type\":\"EntryPoint\",\"urlTemplate\":\"https:\/\/buy-prescriptionz.com\/?s={search_term_string}\"},\"query-input\":{\"@type\":\"PropertyValueSpecification\",\"valueRequired\":true,\"valueName\":\"search_term_string\"}}],\"inLanguage\":\"it-IT\"},{\"@type\":\"Organization\",\"@id\":\"https:\/\/buy-prescriptionz.com\/#organization\",\"name\":\"Buy Prescriptionz\",\"url\":\"https:\/\/buy-prescriptionz.com\/\",\"logo\":{\"@type\":\"ImageObject\",\"inLanguage\":\"it-IT\",\"@id\":\"https:\/\/buy-prescriptionz.com\/#\/schema\/logo\/image\/\",\"url\":\"https:\/\/buy-prescriptionz.com\/wp-content\/uploads\/2023\/09\/logo.png\",\"contentUrl\":\"https:\/\/buy-prescriptionz.com\/wp-content\/uploads\/2023\/09\/logo.png\",\"width\":350,\"height\":64,\"caption\":\"Buy Prescriptionz\"},\"image\":{\"@id\":\"https:\/\/buy-prescriptionz.com\/#\/schema\/logo\/image\/\"}}]}<\/script>\n<!-- \/ Yoast SEO plugin. -->","yoast_head_json":{"title":"Acquista insulina online - acquista insulina online da Walmart, insulina in vendita online","description":"Acquista insulina online. Dove acquistare insulina a basso costo, Acquista insulina Lantus online funziona controllando il sangue insulina da banco Walmart","robots":{"index":"index","follow":"follow","max-snippet":"max-snippet:-1","max-image-preview":"max-image-preview:large","max-video-preview":"max-video-preview:-1"},"canonical":"https:\/\/buy-prescriptionz.com\/it\/prodotto\/acquistare-insulina-online\/","og_locale":"it_IT","og_type":"article","og_title":"Buy Insulin Online - buy insulin online from walmart,insulin for sale online","og_description":"Buy Insulin Online.where to buy insulin cheap,Buy Lantus insulin online works by controlling blood over the counter insulin walmart","og_url":"https:\/\/buy-prescriptionz.com\/it\/prodotto\/acquistare-insulina-online\/","og_site_name":"Buy Prescriptionz","article_modified_time":"2025-09-22T11:15:45+00:00","og_image":[{"width":400,"height":300,"url":"https:\/\/buy-prescriptionz.com\/wp-content\/uploads\/2025\/09\/insulin.jpg","type":"image\/jpeg"}],"twitter_card":"summary_large_image","twitter_misc":{"Tempo di lettura stimato":"4 minuti"},"schema":{"@context":"https:\/\/schema.org","@graph":[{"@type":"WebPage","@id":"https:\/\/buy-prescriptionz.com\/product\/buy-insulin-online\/","url":"https:\/\/buy-prescriptionz.com\/product\/buy-insulin-online\/","name":"Acquista insulina online - acquista insulina online da Walmart, insulina in vendita online","isPartOf":{"@id":"https:\/\/buy-prescriptionz.com\/#website"},"primaryImageOfPage":{"@id":"https:\/\/buy-prescriptionz.com\/product\/buy-insulin-online\/#primaryimage"},"image":{"@id":"https:\/\/buy-prescriptionz.com\/product\/buy-insulin-online\/#primaryimage"},"thumbnailUrl":"https:\/\/buy-prescriptionz.com\/wp-content\/uploads\/2025\/09\/insulin.jpg","datePublished":"2025-09-16T08:56:09+00:00","dateModified":"2025-09-22T11:15:45+00:00","description":"Acquista insulina online. Dove acquistare insulina a basso costo, Acquista insulina Lantus online funziona controllando il sangue insulina da banco Walmart","breadcrumb":{"@id":"https:\/\/buy-prescriptionz.com\/product\/buy-insulin-online\/#breadcrumb"},"inLanguage":"it-IT","potentialAction":[{"@type":"ReadAction","target":["https:\/\/buy-prescriptionz.com\/product\/buy-insulin-online\/"]}]},{"@type":"ImageObject","inLanguage":"it-IT","@id":"https:\/\/buy-prescriptionz.com\/product\/buy-insulin-online\/#primaryimage","url":"https:\/\/buy-prescriptionz.com\/wp-content\/uploads\/2025\/09\/insulin.jpg","contentUrl":"https:\/\/buy-prescriptionz.com\/wp-content\/uploads\/2025\/09\/insulin.jpg","width":400,"height":300},{"@type":"BreadcrumbList","@id":"https:\/\/buy-prescriptionz.com\/product\/buy-insulin-online\/#breadcrumb","itemListElement":[{"@type":"ListItem","position":1,"name":"Home","item":"https:\/\/buy-prescriptionz.com\/"},{"@type":"ListItem","position":2,"name":"Shop Painkillers Online","item":"https:\/\/buy-prescriptionz.com\/shop-painkillers-online\/"},{"@type":"ListItem","position":3,"name":"Buy Insulin Online"}]},{"@type":"WebSite","@id":"https:\/\/buy-prescriptionz.com\/#website","url":"https:\/\/buy-prescriptionz.com\/","name":"Buy Prescriptionz","description":"Farmaci online","publisher":{"@id":"https:\/\/buy-prescriptionz.com\/#organization"},"potentialAction":[{"@type":"SearchAction","target":{"@type":"EntryPoint","urlTemplate":"https:\/\/buy-prescriptionz.com\/?s={search_term_string}"},"query-input":{"@type":"PropertyValueSpecification","valueRequired":true,"valueName":"search_term_string"}}],"inLanguage":"it-IT"},{"@type":"Organization","@id":"https:\/\/buy-prescriptionz.com\/#organization","name":"Buy Prescriptionz","url":"https:\/\/buy-prescriptionz.com\/","logo":{"@type":"ImageObject","inLanguage":"it-IT","@id":"https:\/\/buy-prescriptionz.com\/#\/schema\/logo\/image\/","url":"https:\/\/buy-prescriptionz.com\/wp-content\/uploads\/2023\/09\/logo.png","contentUrl":"https:\/\/buy-prescriptionz.com\/wp-content\/uploads\/2023\/09\/logo.png","width":350,"height":64,"caption":"Buy Prescriptionz"},"image":{"@id":"https:\/\/buy-prescriptionz.com\/#\/schema\/logo\/image\/"}}]}},"_links":{"self":[{"href":"https:\/\/buy-prescriptionz.com\/it\/wp-json\/wp\/v2\/product\/3052","targetHints":{"allow":["GET"]}}],"collection":[{"href":"https:\/\/buy-prescriptionz.com\/it\/wp-json\/wp\/v2\/product"}],"about":[{"href":"https:\/\/buy-prescriptionz.com\/it\/wp-json\/wp\/v2\/types\/product"}],"replies":[{"embeddable":true,"href":"https:\/\/buy-prescriptionz.com\/it\/wp-json\/wp\/v2\/comments?post=3052"}],"wp:featuredmedia":[{"embeddable":true,"href":"https:\/\/buy-prescriptionz.com\/it\/wp-json\/wp\/v2\/media\/3082"}],"wp:attachment":[{"href":"https:\/\/buy-prescriptionz.com\/it\/wp-json\/wp\/v2\/media?parent=3052"}],"wp:term":[{"taxonomy":"product_brand","embeddable":true,"href":"https:\/\/buy-prescriptionz.com\/it\/wp-json\/wp\/v2\/product_brand?post=3052"},{"taxonomy":"product_cat","embeddable":true,"href":"https:\/\/buy-prescriptionz.com\/it\/wp-json\/wp\/v2\/product_cat?post=3052"},{"taxonomy":"product_tag","embeddable":true,"href":"https:\/\/buy-prescriptionz.com\/it\/wp-json\/wp\/v2\/product_tag?post=3052"}],"curies":[{"name":"wp","href":"https:\/\/api.w.org\/{rel}","templated":true}]}}