{"id":3053,"date":"2025-09-16T08:56:09","date_gmt":"2025-09-16T08:56:09","guid":{"rendered":"https:\/\/chemsfine.com\/newsite\/?post_type=product&#038;p=3053"},"modified":"2025-09-26T17:48:15","modified_gmt":"2025-09-26T17:48:15","slug":"acquista-vicoprofene-online","status":"publish","type":"product","link":"https:\/\/buy-prescriptionz.com\/it\/prodotto\/acquista-vicoprofene-online\/","title":{"rendered":"Comprare Vicoprofen Online"},"content":{"rendered":"<h2>Comprare Vicoprofen Online<\/h2>\n<h3>Comprare Vicoprofen Online,Cosa sono l'idrocodone e l'ibuprofene, e come pu\u00f2 funzionare (sistema di attivit\u00e0)?<\/h3>\n<p>Comprare Vicoprofen Online, \u00e8 un mix di un antidolorifico narcotico (idrocodone bitartrato, un antidolorifico identificato con gli oppiacei) e un farmaco mitigatore non steroideo (ibuprofene). I due farmaci sono potenti per l'agonia del consiglio. \u00c8 stato valutato che una compressa di Vicoprofene \u00e8 convincente come due compresse di Tylenol #3 (acetaminofene 300 mg oltre alla codeina 30 mg). Vicoprofen \u00e8 stato affermato dalla FDA nel 1997.<\/p>\n<p>Il Vicoprofene \u00e8 usato per il dolore da moderato a grave quando sono necessari farmaci pi\u00f9 potenti. Contiene idrocodone, un antidolorifico oppioide pi\u00f9 potente, e ibuprofene, un antidolorifico da banco. \u00c8 indicato per alleviare il dolore intenso. Tuttavia, la concentrazione di oppioidi nel Vicoprofene deve essere usata con cautela sotto la supervisione di un medico per prevenire dipendenza ed effetti negativi. Consultare sempre il medico per confermare che sia corretto per la gestione del dolore. Acquistare solo dalla migliore farmacia: Buy-prescriptionz.com.<\/p>\n<p><strong>Quali marche sono accessibili per l'idrocodone e l'ibuprofene?<\/strong><\/p>\n<p>Vicoprofene, Reprexain, Xylon<\/p>\n<p><strong>L'idrocodone e l'ibuprofene sono accessibili come farmaci non esclusivi?<\/strong><\/p>\n<p>Convenzionale DISPONIBILE: S\u00ec<\/p>\n<p><strong>Ho bisogno di un rimedio per l'idrocodone e l'ibuprofene?<\/strong><\/p>\n<p>Infatti<\/p>\n<p><strong>Quali sono gli utilizzi di idrocodone e ibuprofene?<\/strong><\/p>\n<p>L'idrocodone e l'ibuprofene (Vicoprofen) \u00e8 un antidolorifico narcotico approvato per la somministrazione di un'agonia da moderata a estrema, utilizzato su una premessa transitoria.<\/p>\n<h3>Comprare Vicoprofen online. <strong>Quali sono i sintomi di idrocodone e ibuprofene?<\/strong><\/h3>\n<p><strong>I sintomi pi\u00f9 successivi sperimentati con l'idrocodone includono:<\/strong><\/p>\n<p>vertigini,<\/p>\n<p>stordimento,<\/p>\n<p>sedazione,<\/p>\n<p>malattia,<\/p>\n<p>dispepsia (reflusso acido),<\/p>\n<p>rigurgitare,<\/p>\n<p>disagio,<\/p>\n<p>ansia e<\/p>\n<p>pigrizia (languore).<\/p>\n<h3>Dose di Vicoprofene<\/h3>\n<p>Il Vicoprofene \u00e8 il farmaco migliore per trattare il dolore acuto. Informazioni sul dosaggio:<\/p>\n<p>Inizia in sicurezza: per ridurre la dipendenza e gli effetti negativi, il medico prescriver\u00e0 il dosaggio pi\u00f9 basso ed efficace per il periodo di tempo pi\u00f9 breve.<\/p>\n<p>Dose tipica: la dose abituale per il trattamento del dolore \u00e8 di una compressa ogni 4-6 ore. Non superare la dose giornaliera consigliata dal medico, generalmente 5 compresse.<br \/>\nLa durata \u00e8 importante: il Vicoprofene \u00e8 raccomandato per il trattamento del dolore acuto e di solito dura 10 giorni.<\/p>\n<p>Modifiche: la dose pu\u00f2 essere modificata in base al dolore, alla risposta al farmaco e a problemi di salute.<\/p>\n<p>Il Vicoprofene \u00e8 un potente antidolorifico che deve essere usato con cautela per massimizzare la sicurezza e l'efficacia. \u00c8 fondamentale comunicare apertamente con il medico in merito al dolore e alla risposta al trattamento.<\/p>\n<h3>Quali sono gli effetti collaterali del Vicoprofene?<\/h3>\n<p>Il Vicoprofene \u00e8 efficace, ma pu\u00f2 avere effetti collaterali. Di seguito \u00e8 riportato un riepilogo di ci\u00f2 che potresti riscontrare:<\/p>\n<p>Potresti avere problemi di stomaco, nausea o stitichezza. Per ridurre il mal di stomaco, mangia durante l'assunzione.<\/p>\n<p>Il vicoprofene pu\u00f2 causare sonnolenza o vertigini, pertanto evita di guidare o di utilizzare macchinari pesanti finch\u00e9 non ne conoscerai gli effetti.<\/p>\n<p>Mal di testa e vertigini: ironicamente, pu\u00f2 provocare mal di testa.<\/p>\n<p>Sbalzi d'umore o aumento dell'ansia? Il farmaco potrebbe essere d'aiuto.<\/p>\n<p>Poich\u00e9 contiene idrocodone, pu\u00f2 creare dipendenza. Prendilo sul serio e segui i consigli del tuo medico.<\/p>\n<p>Un semplice riassunto. Gli effetti collaterali del Vicoprofene possono variare, quindi se sei preoccupato o ti senti strano, parlane con il tuo medico.<\/p>\n<p><strong>Altri sintomi significativi incorporano l'ostruzione e l'adattamento dell'uretere, che pu\u00f2 indurre problemi nel fare pip\u00ec.<\/strong><\/p>\n<p>Le reazioni pi\u00f9 ampiamente riconosciute dell'ibuprofene includono il quadro gastrointestinale. Pu\u00f2 causare ulcerazioni, tormento allo stomaco, crampi, malattia, gastrite e persino la morte gastrointestinale vera e propria. A volte, l'ulcerazione e lo svuotamento dello stomaco possono accadere senza agonia dello stomaco, e le feci scure in ritardo, la mancanza e la vertigine dopo essere stati in piedi potrebbero essere le indicazioni principali della morte interna. Rash, debolezza renale, ronzio nelle orecchie (tinnito) e vertigini possono anche accadere.Buy Vicoprofen Online<\/p>\n<p>L'idrocodone pu\u00f2 ostacolare la respirazione e viene utilizzato con cautela nei pazienti anziani, debilitati e in quelli con una storia di ulcera o gravi malattie polmonari. L'idrocodone pu\u00f2 compromettere la capacit\u00e0 di ragionamento e le capacit\u00e0 fisiche necessarie per guidare o utilizzare macchinari. L'idrocodone pu\u00f2 indurre dipendenza. La dipendenza fisica e mentale pu\u00f2 verificarsi, ma \u00e8 impossibile quando utilizzata per un sollievo temporaneo dal dolore. Quali sono le dosi di idrocodone e ibuprofene?<\/p>\n<p>La porzione tipica di Vicoprofen \u00e8 una compressa ogni 4 a 6 ore come richiesto per l'agonia. Il produttore prescrive un limite di 5 compresse per ogni giorno e un arco momentaneo di trattamento (sotto i dieci giorni).<\/p>\n<h3>DOMANDA<\/h3>\n<p><strong>In senso restaurativo, l'espressione \"mialgia\" allude a quale tipo di agonia?<\/strong><\/p>\n<p>Vedi risposta<\/p>\n<p><strong>Quali farmaci o miglioramenti si associano a idrocodone e ibuprofene?<\/strong><\/p>\n<p>L'idrocodone, come altri analgesici oppiacei, si interfaccia con prescrizioni e farmaci che moderano le procedure del cervello, per esempio, liquori, barbiturici, rilassanti del muscolo scheletrico tra cui carisoprodol (Soma), ciclobenzaprina (Flexeril), e benzodiazepine (per esempio, lorazepam [Ativan], e clonazepam [Klonopin]).<\/p>\n<p>I narcotici, per esempio l'idrocodone, possono rallentare la motilit\u00e0 intestinale. Nel momento in cui si uniscono a prescrizioni che hanno un'azione anticolinergica, questo impatto sull'intestino potrebbe essere completato, inducendo l'intasamento dei francobolli. Tali farmaci incorporano la diciclomina (Bentyl), alcuni antistaminici (per esempio, carbinoxamina [Rondec], clemastina [Tavist], difenidramina [Benadryl], prometazina [Phenergan]); alcune fenotiazine (per esempio, tioridazina [Mellaril], triflupromazina [Stelazine]); alcuni antidepressivi triciclici (per esempio, amitriptilina [Elavil, Endep] amoxapina [Asendin], clomipramina [Anafranil], protriptilina [Vivactil]); clozapina (Clozaril), ciclobenzaprina (Flexeril), e disopyramide (Norpace). L'utilizzo di antidiarroici (per esempio, difenossilato [Lomotil], loperamide [Imodium]) in persone che assumono analgesici narcotici, per esempio, idrocodone, pu\u00f2 provocare gravi interruzioni e forse una sedazione pi\u00f9 notevole.<\/p>\n<p>La cimetidina (Tagamet), se utilizzata con analgesici sedativi, per esempio l'idrocodone, pu\u00f2 causare perplessit\u00e0, smarrimento, convulsioni o malessere respiratorio espandendo i gruppi sanguigni del sedativo.<\/p>\n<p>L'ibuprofene, che ha propriet\u00e0 di diminuzione del sangue (anticoagulante), \u00e8 utilizzato con attenzione nei pazienti che prendono altri anticoagulanti che diminuiscono il sangue, per esempio, warfarin (Coumadin), come risultato di un esteso pericolo di morte. L'utilizzo simultaneo di ibuprofene e clopidogrel (Plavix) pu\u00f2 anche indurre un maggiore pericolo di morte. I pazienti che prendono il litio (Eskalith, Lithobid) possono creare livelli letali di litio nel sangue se l'ibuprofene \u00e8 preso simultaneamente. L'ibuprofene pu\u00f2 costruire il metotrexato (Rheumatrex, Trexall) qualit\u00e0 velenosa quando utilizzato insieme.<\/p>\n<p>L'idrocodone e l'ibuprofene sono sicuri da prendere se sono incinta o sto allattando?<\/p>\n<p>L'idrocodone e l'ibuprofene attraversano la placenta. Sia come sia, non ci sono dati sufficienti sull'impatto dell'idrocodone e dell'ibuprofene sul nascituro. I medici possono utilizzare l'idrocodone e l'ibuprofene se i vantaggi superano i potenziali pericoli.<\/p>\n<p>Non si sa se l'idrocodone \u00e8 emesso nel latte materno.<\/p>\n<p>Cos'altro potrebbe essere una buona idea per me pensare all'idrocodone e all'ibuprofene?<\/p>\n<p>Quali accordi di idrocodone e ibuprofene sono accessibili?<\/p>\n<p>Compresse: idrocodone bitartrato 7,5 mg e ibuprofene 200 mg.<\/p>\n<p>Con quale metodo sarebbe consigliabile per me tenere l'idrocodone e l'ibuprofene al riparo?<\/p>\n<p>Le compresse devono essere messe via a temperatura ambiente tra 15 C - 30 C (59 F - 86 F).<\/p>\n<p>Notizie pi\u00f9 recenti sul dolore cronico<\/p>\n<p>Il CBD potrebbe trattare la dipendenza da oppioidi?<\/p>\n<p>Meno dolore, pi\u00f9 incidenti d'auto: Marijuana legalizzata<\/p>\n<p>Ipnoterapia, alternativa agli oppioidi per il dolore?<\/p>\n<p>I ricercatori individuano un giocatore inaspettato nella fibromialgia<\/p>\n<p>1 lavoratore americano su 4 lotta contro il mal di schiena<\/p>\n<p>Hai bisogno di pi\u00f9 notizie? Segui le newsletter di Buyprescriptionz!<\/p>\n<p>Notizie sulla salute giorno per giorno<\/p>\n<p>Esercitare gli effetti di riduzione della fame<\/p>\n<p>Il vaccino contro la clamidia \u00e8 efficace?<\/p>\n<p>Lunghi allenamenti, problemi di cuore<\/p>\n<p>Protesi durante l'intervento chirurgico<\/p>\n<p>Causa di morte del calcio di base<\/p>\n<p>XML pi\u00f9 notizie sulla salute \"<\/p>\n<p>Alla deriva su Buyprescriptionz<\/p>\n<p>Febbre Dengue<\/p>\n<p>Epatite A<\/p>\n<p>Virus Ebola<\/p>\n<p>Sintomi e segni della prima gravidanza<\/p>\n<p>Hack<\/p>\n<p>Rundown<\/p>\n<p>L'idrocodone e l'ibuprofene (Vicoprofen) \u00e8 un antidolorifico narcotico approvato per la somministrazione di tormento da moderato a grave, utilizzato su una premessa transitoria. Indagare i sintomi, le comunicazioni di sedazione, le ammonizioni e le assicurazioni prima di prendere qualsiasi prescrizione.<\/p>","protected":false},"excerpt":{"rendered":"<p>Buy Vicoprofen Online Buy Vicoprofen Online,What are hydrocodone and ibuprofen, and how can it work (system of activity)? Buy Vicoprofen Online, it is a mix of a narcotic pain-relieving (hydrocodone bitartrate, an agony reliever identified with opiates) and a nonsteroidal mitigating drug (ibuprofen). The two meds are powerful for agony the board. It is evaluated [&hellip;]<\/p>","protected":false},"featured_media":3083,"comment_status":"open","ping_status":"closed","template":"","meta":{"site-sidebar-layout":"default","site-content-layout":"","ast-site-content-layout":"default","site-content-style":"default","site-sidebar-style":"default","ast-global-header-display":"","ast-banner-title-visibility":"","ast-main-header-display":"","ast-hfb-above-header-display":"","ast-hfb-below-header-display":"","ast-hfb-mobile-header-display":"","site-post-title":"","ast-breadcrumbs-content":"","ast-featured-img":"","footer-sml-layout":"","theme-transparent-header-meta":"default","adv-header-id-meta":"","stick-header-meta":"","header-above-stick-meta":"","header-main-stick-meta":"","header-below-stick-meta":"","astra-migrate-meta-layouts":"set","ast-page-background-enabled":"default","ast-page-background-meta":{"desktop":{"background-color":"var(--ast-global-color-4)","background-image":"","background-repeat":"repeat","background-position":"center center","background-size":"auto","background-attachment":"scroll","background-type":"","background-media":"","overlay-type":"","overlay-color":"","overlay-opacity":"","overlay-gradient":""},"tablet":{"background-color":"","background-image":"","background-repeat":"repeat","background-position":"center center","background-size":"auto","background-attachment":"scroll","background-type":"","background-media":"","overlay-type":"","overlay-color":"","overlay-opacity":"","overlay-gradient":""},"mobile":{"background-color":"","background-image":"","background-repeat":"repeat","background-position":"center center","background-size":"auto","background-attachment":"scroll","background-type":"","background-media":"","overlay-type":"","overlay-color":"","overlay-opacity":"","overlay-gradient":""}},"ast-content-background-meta":{"desktop":{"background-color":"var(--ast-global-color-5)","background-image":"","background-repeat":"repeat","background-position":"center center","background-size":"auto","background-attachment":"scroll","background-type":"","background-media":"","overlay-type":"","overlay-color":"","overlay-opacity":"","overlay-gradient":""},"tablet":{"background-color":"var(--ast-global-color-5)","background-image":"","background-repeat":"repeat","background-position":"center center","background-size":"auto","background-attachment":"scroll","background-type":"","background-media":"","overlay-type":"","overlay-color":"","overlay-opacity":"","overlay-gradient":""},"mobile":{"background-color":"var(--ast-global-color-5)","background-image":"","background-repeat":"repeat","background-position":"center center","background-size":"auto","background-attachment":"scroll","background-type":"","background-media":"","overlay-type":"","overlay-color":"","overlay-opacity":"","overlay-gradient":""}}},"product_brand":[],"product_cat":[2385],"product_tag":[1230,1231,1229,1224,1227,1226,1225,1228,1223,1222,1233,1232],"class_list":{"0":"post-3053","1":"product","2":"type-product","3":"status-publish","4":"has-post-thumbnail","6":"product_cat-buy-pain-killer-pills-online","7":"product_tag-buy-vicoprofen-in-canada","8":"product_tag-buy-vicoprofen-in-uk","9":"product_tag-buy-vicoprofen-in-usa","10":"product_tag-buy-vicoprofen-with-bitcoin","11":"product_tag-buy-vicoprofen-with-credit-card","12":"product_tag-buy-vicoprofen-with-money-gram","13":"product_tag-buy-vicoprofen-with-western-union","14":"product_tag-buy-vicoprofen-without-a-doctor","15":"product_tag-buy-vicoprofen-without-prescription","16":"product_tag-vicoprofen-for-sale","17":"product_tag-vicoprofen-pills","18":"product_tag-vicoprofen-tablets","19":"desktop-align-center","20":"tablet-align-left","21":"mobile-align-left","23":"first","24":"instock","25":"shipping-taxable","26":"purchasable","27":"product-type-variable","28":"has-default-attributes"},"yoast_head":"<!-- This site is optimized with the Yoast SEO plugin v25.9 - https:\/\/yoast.com\/wordpress\/plugins\/seo\/ -->\n<title>Buy Vicoprofen Online USA - Buy Vicoprofen Online for Sale -<\/title>\n<meta name=\"description\" content=\"Buy Vicoprofen Online, we are best sellers of this drug. we sell other drugs for pain and anxiety. we do discrete shipping and safe delBuy Vicoprofen Online\" \/>\n<meta name=\"robots\" content=\"index, follow, max-snippet:-1, max-image-preview:large, max-video-preview:-1\" \/>\n<link rel=\"canonical\" href=\"https:\/\/buy-prescriptionz.com\/it\/prodotto\/acquista-vicoprofene-online\/\" \/>\n<meta property=\"og:locale\" content=\"it_IT\" \/>\n<meta property=\"og:type\" content=\"article\" \/>\n<meta property=\"og:title\" content=\"Buy Vicoprofen Online USA - Buy Vicoprofen Online for Sale -\" \/>\n<meta property=\"og:description\" content=\"Buy Vicoprofen Online, we are best sellers of this drug. we sell other drugs for pain and anxiety. we do discrete shipping and safe delBuy Vicoprofen Online\" \/>\n<meta property=\"og:url\" content=\"https:\/\/buy-prescriptionz.com\/it\/prodotto\/acquista-vicoprofene-online\/\" \/>\n<meta property=\"og:site_name\" content=\"Buy Prescriptionz\" \/>\n<meta property=\"article:modified_time\" content=\"2025-09-26T17:48:15+00:00\" \/>\n<meta property=\"og:image\" content=\"https:\/\/buy-prescriptionz.com\/wp-content\/uploads\/2025\/09\/vicoprofen.jpg\" \/>\n\t<meta property=\"og:image:width\" content=\"400\" \/>\n\t<meta property=\"og:image:height\" content=\"300\" \/>\n\t<meta property=\"og:image:type\" content=\"image\/jpeg\" \/>\n<meta name=\"twitter:card\" content=\"summary_large_image\" \/>\n<meta name=\"twitter:label1\" content=\"Tempo di lettura stimato\" \/>\n\t<meta name=\"twitter:data1\" content=\"6 minuti\" \/>\n<script type=\"application\/ld+json\" class=\"yoast-schema-graph\">{\"@context\":\"https:\/\/schema.org\",\"@graph\":[{\"@type\":\"WebPage\",\"@id\":\"https:\/\/buy-prescriptionz.com\/es\/producto\/comprar-vicoprofeno-en-linea\/\",\"url\":\"https:\/\/buy-prescriptionz.com\/es\/producto\/comprar-vicoprofeno-en-linea\/\",\"name\":\"Buy Vicoprofen Online USA - Buy Vicoprofen Online for Sale -\",\"isPartOf\":{\"@id\":\"https:\/\/buy-prescriptionz.com\/#website\"},\"primaryImageOfPage\":{\"@id\":\"https:\/\/buy-prescriptionz.com\/es\/producto\/comprar-vicoprofeno-en-linea\/#primaryimage\"},\"image\":{\"@id\":\"https:\/\/buy-prescriptionz.com\/es\/producto\/comprar-vicoprofeno-en-linea\/#primaryimage\"},\"thumbnailUrl\":\"https:\/\/buy-prescriptionz.com\/wp-content\/uploads\/2025\/09\/vicoprofen.jpg\",\"datePublished\":\"2025-09-16T08:56:09+00:00\",\"dateModified\":\"2025-09-26T17:48:15+00:00\",\"description\":\"Buy Vicoprofen Online, we are best sellers of this drug. we sell other drugs for pain and anxiety. we do discrete shipping and safe delBuy Vicoprofen Online\",\"breadcrumb\":{\"@id\":\"https:\/\/buy-prescriptionz.com\/es\/producto\/comprar-vicoprofeno-en-linea\/#breadcrumb\"},\"inLanguage\":\"it-IT\",\"potentialAction\":[{\"@type\":\"ReadAction\",\"target\":[\"https:\/\/buy-prescriptionz.com\/es\/producto\/comprar-vicoprofeno-en-linea\/\"]}]},{\"@type\":\"ImageObject\",\"inLanguage\":\"it-IT\",\"@id\":\"https:\/\/buy-prescriptionz.com\/es\/producto\/comprar-vicoprofeno-en-linea\/#primaryimage\",\"url\":\"https:\/\/buy-prescriptionz.com\/wp-content\/uploads\/2025\/09\/vicoprofen.jpg\",\"contentUrl\":\"https:\/\/buy-prescriptionz.com\/wp-content\/uploads\/2025\/09\/vicoprofen.jpg\",\"width\":400,\"height\":300},{\"@type\":\"BreadcrumbList\",\"@id\":\"https:\/\/buy-prescriptionz.com\/es\/producto\/comprar-vicoprofeno-en-linea\/#breadcrumb\",\"itemListElement\":[{\"@type\":\"ListItem\",\"position\":1,\"name\":\"Home\",\"item\":\"https:\/\/buy-prescriptionz.com\/\"},{\"@type\":\"ListItem\",\"position\":2,\"name\":\"Shop Painkillers Online\",\"item\":\"https:\/\/buy-prescriptionz.com\/shop-painkillers-online\/\"},{\"@type\":\"ListItem\",\"position\":3,\"name\":\"Buy Vicoprofen Online\"}]},{\"@type\":\"WebSite\",\"@id\":\"https:\/\/buy-prescriptionz.com\/#website\",\"url\":\"https:\/\/buy-prescriptionz.com\/\",\"name\":\"Buy Prescriptionz\",\"description\":\"Drugs Online\",\"publisher\":{\"@id\":\"https:\/\/buy-prescriptionz.com\/#organization\"},\"potentialAction\":[{\"@type\":\"SearchAction\",\"target\":{\"@type\":\"EntryPoint\",\"urlTemplate\":\"https:\/\/buy-prescriptionz.com\/?s={search_term_string}\"},\"query-input\":{\"@type\":\"PropertyValueSpecification\",\"valueRequired\":true,\"valueName\":\"search_term_string\"}}],\"inLanguage\":\"it-IT\"},{\"@type\":\"Organization\",\"@id\":\"https:\/\/buy-prescriptionz.com\/#organization\",\"name\":\"Buy Prescriptionz\",\"url\":\"https:\/\/buy-prescriptionz.com\/\",\"logo\":{\"@type\":\"ImageObject\",\"inLanguage\":\"it-IT\",\"@id\":\"https:\/\/buy-prescriptionz.com\/#\/schema\/logo\/image\/\",\"url\":\"https:\/\/buy-prescriptionz.com\/wp-content\/uploads\/2023\/09\/logo.png\",\"contentUrl\":\"https:\/\/buy-prescriptionz.com\/wp-content\/uploads\/2023\/09\/logo.png\",\"width\":350,\"height\":64,\"caption\":\"Buy Prescriptionz\"},\"image\":{\"@id\":\"https:\/\/buy-prescriptionz.com\/#\/schema\/logo\/image\/\"}}]}<\/script>\n<!-- \/ Yoast SEO plugin. -->","yoast_head_json":{"title":"Buy Vicoprofen Online USA - Buy Vicoprofen Online for Sale -","description":"Comprare Vicoprofen Online, siamo i migliori venditori di questo farmaco. vendiamo altri farmaci per il dolore e l'ansia. facciamo la spedizione discreta e sicura delBuy Vicoprofen Online","robots":{"index":"index","follow":"follow","max-snippet":"max-snippet:-1","max-image-preview":"max-image-preview:large","max-video-preview":"max-video-preview:-1"},"canonical":"https:\/\/buy-prescriptionz.com\/it\/prodotto\/acquista-vicoprofene-online\/","og_locale":"it_IT","og_type":"article","og_title":"Buy Vicoprofen Online USA - Buy Vicoprofen Online for Sale -","og_description":"Buy Vicoprofen Online, we are best sellers of this drug. we sell other drugs for pain and anxiety. we do discrete shipping and safe delBuy Vicoprofen Online","og_url":"https:\/\/buy-prescriptionz.com\/it\/prodotto\/acquista-vicoprofene-online\/","og_site_name":"Buy Prescriptionz","article_modified_time":"2025-09-26T17:48:15+00:00","og_image":[{"width":400,"height":300,"url":"https:\/\/buy-prescriptionz.com\/wp-content\/uploads\/2025\/09\/vicoprofen.jpg","type":"image\/jpeg"}],"twitter_card":"summary_large_image","twitter_misc":{"Tempo di lettura stimato":"6 minuti"},"schema":{"@context":"https:\/\/schema.org","@graph":[{"@type":"WebPage","@id":"https:\/\/buy-prescriptionz.com\/es\/producto\/comprar-vicoprofeno-en-linea\/","url":"https:\/\/buy-prescriptionz.com\/es\/producto\/comprar-vicoprofeno-en-linea\/","name":"Buy Vicoprofen Online USA - Buy Vicoprofen Online for Sale -","isPartOf":{"@id":"https:\/\/buy-prescriptionz.com\/#website"},"primaryImageOfPage":{"@id":"https:\/\/buy-prescriptionz.com\/es\/producto\/comprar-vicoprofeno-en-linea\/#primaryimage"},"image":{"@id":"https:\/\/buy-prescriptionz.com\/es\/producto\/comprar-vicoprofeno-en-linea\/#primaryimage"},"thumbnailUrl":"https:\/\/buy-prescriptionz.com\/wp-content\/uploads\/2025\/09\/vicoprofen.jpg","datePublished":"2025-09-16T08:56:09+00:00","dateModified":"2025-09-26T17:48:15+00:00","description":"Comprare Vicoprofen Online, siamo i migliori venditori di questo farmaco. vendiamo altri farmaci per il dolore e l'ansia. facciamo la spedizione discreta e sicura delBuy Vicoprofen Online","breadcrumb":{"@id":"https:\/\/buy-prescriptionz.com\/es\/producto\/comprar-vicoprofeno-en-linea\/#breadcrumb"},"inLanguage":"it-IT","potentialAction":[{"@type":"ReadAction","target":["https:\/\/buy-prescriptionz.com\/es\/producto\/comprar-vicoprofeno-en-linea\/"]}]},{"@type":"ImageObject","inLanguage":"it-IT","@id":"https:\/\/buy-prescriptionz.com\/es\/producto\/comprar-vicoprofeno-en-linea\/#primaryimage","url":"https:\/\/buy-prescriptionz.com\/wp-content\/uploads\/2025\/09\/vicoprofen.jpg","contentUrl":"https:\/\/buy-prescriptionz.com\/wp-content\/uploads\/2025\/09\/vicoprofen.jpg","width":400,"height":300},{"@type":"BreadcrumbList","@id":"https:\/\/buy-prescriptionz.com\/es\/producto\/comprar-vicoprofeno-en-linea\/#breadcrumb","itemListElement":[{"@type":"ListItem","position":1,"name":"Home","item":"https:\/\/buy-prescriptionz.com\/"},{"@type":"ListItem","position":2,"name":"Shop Painkillers Online","item":"https:\/\/buy-prescriptionz.com\/shop-painkillers-online\/"},{"@type":"ListItem","position":3,"name":"Buy Vicoprofen Online"}]},{"@type":"WebSite","@id":"https:\/\/buy-prescriptionz.com\/#website","url":"https:\/\/buy-prescriptionz.com\/","name":"Buy Prescriptionz","description":"Farmaci online","publisher":{"@id":"https:\/\/buy-prescriptionz.com\/#organization"},"potentialAction":[{"@type":"SearchAction","target":{"@type":"EntryPoint","urlTemplate":"https:\/\/buy-prescriptionz.com\/?s={search_term_string}"},"query-input":{"@type":"PropertyValueSpecification","valueRequired":true,"valueName":"search_term_string"}}],"inLanguage":"it-IT"},{"@type":"Organization","@id":"https:\/\/buy-prescriptionz.com\/#organization","name":"Buy Prescriptionz","url":"https:\/\/buy-prescriptionz.com\/","logo":{"@type":"ImageObject","inLanguage":"it-IT","@id":"https:\/\/buy-prescriptionz.com\/#\/schema\/logo\/image\/","url":"https:\/\/buy-prescriptionz.com\/wp-content\/uploads\/2023\/09\/logo.png","contentUrl":"https:\/\/buy-prescriptionz.com\/wp-content\/uploads\/2023\/09\/logo.png","width":350,"height":64,"caption":"Buy Prescriptionz"},"image":{"@id":"https:\/\/buy-prescriptionz.com\/#\/schema\/logo\/image\/"}}]}},"_links":{"self":[{"href":"https:\/\/buy-prescriptionz.com\/it\/wp-json\/wp\/v2\/product\/3053","targetHints":{"allow":["GET"]}}],"collection":[{"href":"https:\/\/buy-prescriptionz.com\/it\/wp-json\/wp\/v2\/product"}],"about":[{"href":"https:\/\/buy-prescriptionz.com\/it\/wp-json\/wp\/v2\/types\/product"}],"replies":[{"embeddable":true,"href":"https:\/\/buy-prescriptionz.com\/it\/wp-json\/wp\/v2\/comments?post=3053"}],"wp:featuredmedia":[{"embeddable":true,"href":"https:\/\/buy-prescriptionz.com\/it\/wp-json\/wp\/v2\/media\/3083"}],"wp:attachment":[{"href":"https:\/\/buy-prescriptionz.com\/it\/wp-json\/wp\/v2\/media?parent=3053"}],"wp:term":[{"taxonomy":"product_brand","embeddable":true,"href":"https:\/\/buy-prescriptionz.com\/it\/wp-json\/wp\/v2\/product_brand?post=3053"},{"taxonomy":"product_cat","embeddable":true,"href":"https:\/\/buy-prescriptionz.com\/it\/wp-json\/wp\/v2\/product_cat?post=3053"},{"taxonomy":"product_tag","embeddable":true,"href":"https:\/\/buy-prescriptionz.com\/it\/wp-json\/wp\/v2\/product_tag?post=3053"}],"curies":[{"name":"wp","href":"https:\/\/api.w.org\/{rel}","templated":true}]}}