{"id":3054,"date":"2025-09-16T08:56:09","date_gmt":"2025-09-16T08:56:09","guid":{"rendered":"https:\/\/chemsfine.com\/newsite\/?post_type=product&#038;p=3054"},"modified":"2025-09-26T17:43:17","modified_gmt":"2025-09-26T17:43:17","slug":"acquista-vicodin-es-online","status":"publish","type":"product","link":"https:\/\/buy-prescriptionz.com\/it\/prodotto\/acquista-vicodin-es-online\/","title":{"rendered":"Comprare Vicodin ES Online"},"content":{"rendered":"<h2>Acquista Vicodin online<\/h2>\n<p>Questo farmaco combinato tratta il dolore da moderato a grave. Contiene due tipi di antidolorifici: paracetamolo, un non oppioide, e idrocodone, un oppioide. Il modo in cui il corpo percepisce e reagisce al dolore \u00e8 alterato dall'azione dell'idrocodone sul cervello. La febbre pu\u00f2 anche essere abbassata con il paracetamolo.<\/p>\n<h3>Come si assume il Vicodin?<\/h3>\n<p>Assumere il Vicodin migliore, seguendo le istruzioni del medico. Seguire le istruzioni riportate sull'etichetta del farmaco. Non usare mai questo farmaco per un periodo pi\u00f9 lungo di quello raccomandato o in dosi maggiori. Il sovradosaggio pu\u00f2 causare decessi o danni al fegato. Informare il medico se il farmaco non sembra essere efficace nell'alleviare il dolore. Anche a dosaggi normali, l'idrocodone pu\u00f2 creare assuefazione. Il Vicodin non deve mai essere somministrato a nessun altro, in particolare a chi ha una storia di abuso o dipendenza da droghe. Soprattutto nei casi in cui il farmaco viene utilizzato senza prescrizione medica da bambini o altri individui, l'abuso di farmaci narcotici pu\u00f2 causare dipendenza, overdose o morte. \u00c8 illegale vendere o fornire Vicodin a chiunque.<\/p>\n<p>Informare il medico in anticipo se si assume questo farmaco in caso di intervento chirurgico o altri esami medici. Potrebbe essere necessario interrompere l'assunzione per una breve durata. Dopo aver assunto Vicodin per un lungo periodo, non interrompere bruscamente l'assunzione, poich\u00e9 ci\u00f2 potrebbe causare spiacevoli sintomi di astinenza. Consultare il medico per interrompere l'assunzione di Vicodin in modo sicuro. Conservare al riparo da fonti di calore e umidit\u00e0 a temperatura ambiente. Annotare la quantit\u00e0 di farmaco assunta da ogni flacone fresco. Poich\u00e9 l'idrocodone \u00e8 una droga d'abuso, \u00e8 necessario prestare attenzione a qualsiasi uso inappropriato o senza prescrizione medica del farmaco. Assicurarsi di assumere le stesse pillole, esattamente del tipo e della marca, prescritte dal medico, controllando sempre il flacone. Acquistare questi farmaci solo dalla farmacia migliore e affidabile chiamata Buy-prescriptionz.com.<\/p>\n<h3>Acquista Vicodin ES<\/h3>\n<p>Acquista Vicodin ES online. L'idrocodone o diidrocodeinone \u00e8 un narcotico semilavorato ottenuto da due dei sedativi pi\u00f9 comuni, la codeina e la tebaina. L'idrocodone \u00e8 un analgesico e antitussivo oppiaceo ad azione orale. \u00c8 generalmente disponibile in compresse, flaconi e sciroppo e viene spesso associato ad altre miscele analgesiche come paracetamolo o ibuprofene. \u00c8 commercializzato, nelle sue diverse formulazioni, con vari marchi, tra cui Vicodin, Anexsia, Dicodid, Hycodan (o convenzionalmente Hydromet), Hycomine, Lorcet, Lortab, Norco, Novahistex, Hydroco, Tussionex, Gentex, Vicoprofen, Xodol, Bekadid, Calmodid, Codinovo, Dunedin, Kolikodol, Orthoxycol, Mercodinone, Synkonin, Norgan e Hydrokon. L'idrocodone fu incorporato per la prima volta in Germania nel 1920 e approvato dalla FDA il 23 marzo 1943, diventando disponibile negli Stati Uniti con il marchio Hycodan. (Acquista Vicodin)<\/p>\n<h3>(Acquista VICODIN) PANORAMICA DELL'IDROCODONE<\/h3>\n<p>Come oppiaceo, l'idrocodone riduce il dolore tramite l'attivazione dei recettori narcotici nel cervello e nella colonna vertebrale. Pu\u00f2 essere assunto con o senza cibo, a seconda delle necessit\u00e0. Se assunto con l'alcol, pu\u00f2 aumentare la sonnolenza. Pu\u00f2 interagire con gli inibitori delle monoamino ossidasi, cos\u00ec come con altri farmaci che causano stanchezza. \u00c8 classificato nella classe B di sicurezza per la gravidanza dalla FDA: il suo impatto sullo sviluppo della vita o sul feto non \u00e8 chiaramente noto e le donne incinte dovrebbero consultare il proprio medico prima di assumerlo. I sintomi tipici includono confusione, stordimento, nausea, sonnolenza, congestione, rigurgito e nausea. Alcuni sintomi meno comuni includono reazione allergica, emorragia, cambiamenti di umore, annebbiamento mentale, ansia, sonnolenza, difficolt\u00e0 a urinare, congestione dell'uretere, respiro affannoso o irregolare ed eruzione cutanea. Acquista Vicodin ES online<\/p>\n<p>Acquista Vicodin: \u00e8 un farmaco che modella la propensione e pu\u00f2 indurre dipendenza fisica e mentale, tuttavia il potenziale di dipendenza varia da individuo a individuo a seconda delle condizioni cliniche specifiche. Le vendite e la produzione di questo farmaco sono aumentate notevolmente negli ultimi anni, cos\u00ec come il suo utilizzo improprio e illegale. Negli Stati Uniti, l'idrocodone puro e le formulazioni contenenti pi\u00f9 di 15 mg per unit\u00e0 di misura sono considerati farmaci di Tabella II. Quelli contenenti meno o equivalenti a 15 mg per unit\u00e0 di misura in combinazione con paracetamolo o altri farmaci non controllati sono chiamati miscele di idrocodone e sono considerati farmaci di Tabella III. L'idrocodone si trova comunemente in combinazione con altri farmaci, come il paracetamolo, l'emicrania, l'ibuprofene e l'omatropina metilbromuro. Lo scopo dei farmaci non controllati in una miscela \u00e8 spesso duplice. 1) Per aumentare l'assenza di dolore utilizzando l'azione combinata del farmaco. 2) Per limitare l'assunzione di idrocodone causando sintomi gravi e spesso pericolosi a dosi superiori a quelle raccomandate (vedi sotto). Nel Regno Unito \u00e8 registrato come farmaco di Classe A ai sensi del Misuse of Drugs Act del 1971. L'idrocodone non \u00e8 disponibile in forma pura negli Stati Uniti a causa di una diversa normativa e viene costantemente venduto con un FANS, paracetamolo o un antistaminico. La formulazione modificata Codiclear DH \u00e8 il prodotto statunitense a base di idrocodone pi\u00f9 affidabile, contenente guaifenesina e piccole quantit\u00e0 di etanolo come ingredienti attivi. In Germania e altrove, l'idrocodone \u00e8 disponibile in compresse monodose come Dicodid (in relazione agli altri prodotti del produttore originale Dilaudid e Dinarkon, tra gli altri), disponibili in dosaggi da 5 e 10 mg.<\/p>\n<p>acquistare Vicodin, richiedere idrocodone, idrocodone scadente, idrocodone sul web, idrocodone, farmaci, accessibile, contenente, impatti, languore, paracetamolo, mix, dinamico, normale, controllato, dipendenza, individuale, considerato, piano, espanso, dose, uniti insieme, incorporato, antidolorifico, oppiaceo, narcotico, miscele, ibuprofene, Germania, hycodan, decodifica, strutture, stati, reazioni, unit\u00e0 di misura, per dose, sono considerati, pensato a orario, non controllato, mescolare con, lato regolare, Stati Uniti, l'unificato, sotto il, assunto con, diversi farmaci, con altri<\/p>","protected":false},"excerpt":{"rendered":"<p>Buy Vicodin Online Moderate to severe pain is treated with this combo medicine. It has two types of painkillers: acetaminophen, a non-opioid, and hydrocodone, an opioid. The way your body perceives and reacts to pain is altered by hydrocodone&#8217;s action on the brain. Fever may also be lowered with paracetamol. How do I take Vicodin? [&hellip;]<\/p>","protected":false},"featured_media":3084,"comment_status":"open","ping_status":"closed","template":"","meta":{"site-sidebar-layout":"default","site-content-layout":"","ast-site-content-layout":"default","site-content-style":"default","site-sidebar-style":"default","ast-global-header-display":"","ast-banner-title-visibility":"","ast-main-header-display":"","ast-hfb-above-header-display":"","ast-hfb-below-header-display":"","ast-hfb-mobile-header-display":"","site-post-title":"","ast-breadcrumbs-content":"","ast-featured-img":"","footer-sml-layout":"","theme-transparent-header-meta":"default","adv-header-id-meta":"","stick-header-meta":"","header-above-stick-meta":"","header-main-stick-meta":"","header-below-stick-meta":"","astra-migrate-meta-layouts":"set","ast-page-background-enabled":"default","ast-page-background-meta":{"desktop":{"background-color":"var(--ast-global-color-4)","background-image":"","background-repeat":"repeat","background-position":"center center","background-size":"auto","background-attachment":"scroll","background-type":"","background-media":"","overlay-type":"","overlay-color":"","overlay-opacity":"","overlay-gradient":""},"tablet":{"background-color":"","background-image":"","background-repeat":"repeat","background-position":"center center","background-size":"auto","background-attachment":"scroll","background-type":"","background-media":"","overlay-type":"","overlay-color":"","overlay-opacity":"","overlay-gradient":""},"mobile":{"background-color":"","background-image":"","background-repeat":"repeat","background-position":"center center","background-size":"auto","background-attachment":"scroll","background-type":"","background-media":"","overlay-type":"","overlay-color":"","overlay-opacity":"","overlay-gradient":""}},"ast-content-background-meta":{"desktop":{"background-color":"var(--ast-global-color-5)","background-image":"","background-repeat":"repeat","background-position":"center center","background-size":"auto","background-attachment":"scroll","background-type":"","background-media":"","overlay-type":"","overlay-color":"","overlay-opacity":"","overlay-gradient":""},"tablet":{"background-color":"var(--ast-global-color-5)","background-image":"","background-repeat":"repeat","background-position":"center center","background-size":"auto","background-attachment":"scroll","background-type":"","background-media":"","overlay-type":"","overlay-color":"","overlay-opacity":"","overlay-gradient":""},"mobile":{"background-color":"var(--ast-global-color-5)","background-image":"","background-repeat":"repeat","background-position":"center center","background-size":"auto","background-attachment":"scroll","background-type":"","background-media":"","overlay-type":"","overlay-color":"","overlay-opacity":"","overlay-gradient":""}}},"product_brand":[],"product_cat":[2385],"product_tag":[1266,1267,1265,1260,1263,1262,1261,1264,1259,1258,1269,1268],"class_list":{"0":"post-3054","1":"product","2":"type-product","3":"status-publish","4":"has-post-thumbnail","6":"product_cat-buy-pain-killer-pills-online","7":"product_tag-buy-vicodin-es-in-canada","8":"product_tag-buy-vicodin-es-in-uk","9":"product_tag-buy-vicodin-es-in-usa","10":"product_tag-buy-vicodin-es-with-bitcoin","11":"product_tag-buy-vicodin-es-with-credit-card","12":"product_tag-buy-vicodin-es-with-money-gram","13":"product_tag-buy-vicodin-es-with-western-union","14":"product_tag-buy-vicodin-es-without-a-doctor","15":"product_tag-buy-vicodin-es-without-prescription","16":"product_tag-vicodin-es-for-sale","17":"product_tag-vicodin-es-pills","18":"product_tag-vicodin-es-tablets","19":"desktop-align-center","20":"tablet-align-left","21":"mobile-align-left","23":"first","24":"instock","25":"shipping-taxable","26":"purchasable","27":"product-type-variable","28":"has-default-attributes"},"yoast_head":"<!-- This site is optimized with the Yoast SEO plugin v25.9 - https:\/\/yoast.com\/wordpress\/plugins\/seo\/ -->\n<title>Buy Vicodin-ES Online - Vicodin-ES for Sale - Order Vicodin-ES<\/title>\n<meta name=\"description\" content=\"You can get in touch with our online Buy-Prescriptionz store and buy Vicodin-ES online. You can get Vicodin-ES for sale at cheap prices. Place order right away!\" \/>\n<meta name=\"robots\" content=\"index, follow, max-snippet:-1, max-image-preview:large, max-video-preview:-1\" \/>\n<link rel=\"canonical\" href=\"https:\/\/buy-prescriptionz.com\/it\/prodotto\/acquista-vicodin-es-online\/\" \/>\n<meta property=\"og:locale\" content=\"it_IT\" \/>\n<meta property=\"og:type\" content=\"article\" \/>\n<meta property=\"og:title\" content=\"Buy Vicodin-ES Online - Vicodin-ES for Sale - Order Vicodin-ES\" \/>\n<meta property=\"og:description\" content=\"You can get in touch with our online Buy-Prescriptionz store and buy Vicodin-ES online. You can get Vicodin-ES for sale at cheap prices. Place order right away!\" \/>\n<meta property=\"og:url\" content=\"https:\/\/buy-prescriptionz.com\/it\/prodotto\/acquista-vicodin-es-online\/\" \/>\n<meta property=\"og:site_name\" content=\"Buy Prescriptionz\" \/>\n<meta property=\"article:modified_time\" content=\"2025-09-26T17:43:17+00:00\" \/>\n<meta property=\"og:image\" content=\"https:\/\/buy-prescriptionz.com\/wp-content\/uploads\/2025\/09\/vicodin-es.jpg\" \/>\n\t<meta property=\"og:image:width\" content=\"400\" \/>\n\t<meta property=\"og:image:height\" content=\"300\" \/>\n\t<meta property=\"og:image:type\" content=\"image\/jpeg\" \/>\n<meta name=\"twitter:card\" content=\"summary_large_image\" \/>\n<meta name=\"twitter:label1\" content=\"Tempo di lettura stimato\" \/>\n\t<meta name=\"twitter:data1\" content=\"5 minuti\" \/>\n<script type=\"application\/ld+json\" class=\"yoast-schema-graph\">{\"@context\":\"https:\/\/schema.org\",\"@graph\":[{\"@type\":\"WebPage\",\"@id\":\"https:\/\/buy-prescriptionz.com\/product\/buy-vicodin-es-online\/\",\"url\":\"https:\/\/buy-prescriptionz.com\/product\/buy-vicodin-es-online\/\",\"name\":\"Buy Vicodin-ES Online - Vicodin-ES for Sale - Order Vicodin-ES\",\"isPartOf\":{\"@id\":\"https:\/\/buy-prescriptionz.com\/#website\"},\"primaryImageOfPage\":{\"@id\":\"https:\/\/buy-prescriptionz.com\/product\/buy-vicodin-es-online\/#primaryimage\"},\"image\":{\"@id\":\"https:\/\/buy-prescriptionz.com\/product\/buy-vicodin-es-online\/#primaryimage\"},\"thumbnailUrl\":\"https:\/\/buy-prescriptionz.com\/wp-content\/uploads\/2025\/09\/vicodin-es.jpg\",\"datePublished\":\"2025-09-16T08:56:09+00:00\",\"dateModified\":\"2025-09-26T17:43:17+00:00\",\"description\":\"You can get in touch with our online Buy-Prescriptionz store and buy Vicodin-ES online. You can get Vicodin-ES for sale at cheap prices. Place order right away!\",\"breadcrumb\":{\"@id\":\"https:\/\/buy-prescriptionz.com\/product\/buy-vicodin-es-online\/#breadcrumb\"},\"inLanguage\":\"it-IT\",\"potentialAction\":[{\"@type\":\"ReadAction\",\"target\":[\"https:\/\/buy-prescriptionz.com\/product\/buy-vicodin-es-online\/\"]}]},{\"@type\":\"ImageObject\",\"inLanguage\":\"it-IT\",\"@id\":\"https:\/\/buy-prescriptionz.com\/product\/buy-vicodin-es-online\/#primaryimage\",\"url\":\"https:\/\/buy-prescriptionz.com\/wp-content\/uploads\/2025\/09\/vicodin-es.jpg\",\"contentUrl\":\"https:\/\/buy-prescriptionz.com\/wp-content\/uploads\/2025\/09\/vicodin-es.jpg\",\"width\":400,\"height\":300},{\"@type\":\"BreadcrumbList\",\"@id\":\"https:\/\/buy-prescriptionz.com\/product\/buy-vicodin-es-online\/#breadcrumb\",\"itemListElement\":[{\"@type\":\"ListItem\",\"position\":1,\"name\":\"Home\",\"item\":\"https:\/\/buy-prescriptionz.com\/\"},{\"@type\":\"ListItem\",\"position\":2,\"name\":\"Shop Painkillers Online\",\"item\":\"https:\/\/buy-prescriptionz.com\/shop-painkillers-online\/\"},{\"@type\":\"ListItem\",\"position\":3,\"name\":\"Buy Vicodin ES Online\"}]},{\"@type\":\"WebSite\",\"@id\":\"https:\/\/buy-prescriptionz.com\/#website\",\"url\":\"https:\/\/buy-prescriptionz.com\/\",\"name\":\"Buy Prescriptionz\",\"description\":\"Drugs Online\",\"publisher\":{\"@id\":\"https:\/\/buy-prescriptionz.com\/#organization\"},\"potentialAction\":[{\"@type\":\"SearchAction\",\"target\":{\"@type\":\"EntryPoint\",\"urlTemplate\":\"https:\/\/buy-prescriptionz.com\/?s={search_term_string}\"},\"query-input\":{\"@type\":\"PropertyValueSpecification\",\"valueRequired\":true,\"valueName\":\"search_term_string\"}}],\"inLanguage\":\"it-IT\"},{\"@type\":\"Organization\",\"@id\":\"https:\/\/buy-prescriptionz.com\/#organization\",\"name\":\"Buy Prescriptionz\",\"url\":\"https:\/\/buy-prescriptionz.com\/\",\"logo\":{\"@type\":\"ImageObject\",\"inLanguage\":\"it-IT\",\"@id\":\"https:\/\/buy-prescriptionz.com\/#\/schema\/logo\/image\/\",\"url\":\"https:\/\/buy-prescriptionz.com\/wp-content\/uploads\/2023\/09\/logo.png\",\"contentUrl\":\"https:\/\/buy-prescriptionz.com\/wp-content\/uploads\/2023\/09\/logo.png\",\"width\":350,\"height\":64,\"caption\":\"Buy Prescriptionz\"},\"image\":{\"@id\":\"https:\/\/buy-prescriptionz.com\/#\/schema\/logo\/image\/\"}}]}<\/script>\n<!-- \/ Yoast SEO plugin. -->","yoast_head_json":{"title":"Acquista Vicodin-ES online - Vicodin-ES in vendita - Ordina Vicodin-ES","description":"Puoi contattare il nostro negozio online Buy-Prescriptionz e acquistare Vicodin-ES online. Puoi trovare Vicodin-ES in vendita a prezzi convenienti. Ordina subito!","robots":{"index":"index","follow":"follow","max-snippet":"max-snippet:-1","max-image-preview":"max-image-preview:large","max-video-preview":"max-video-preview:-1"},"canonical":"https:\/\/buy-prescriptionz.com\/it\/prodotto\/acquista-vicodin-es-online\/","og_locale":"it_IT","og_type":"article","og_title":"Buy Vicodin-ES Online - Vicodin-ES for Sale - Order Vicodin-ES","og_description":"You can get in touch with our online Buy-Prescriptionz store and buy Vicodin-ES online. You can get Vicodin-ES for sale at cheap prices. Place order right away!","og_url":"https:\/\/buy-prescriptionz.com\/it\/prodotto\/acquista-vicodin-es-online\/","og_site_name":"Buy Prescriptionz","article_modified_time":"2025-09-26T17:43:17+00:00","og_image":[{"width":400,"height":300,"url":"https:\/\/buy-prescriptionz.com\/wp-content\/uploads\/2025\/09\/vicodin-es.jpg","type":"image\/jpeg"}],"twitter_card":"summary_large_image","twitter_misc":{"Tempo di lettura stimato":"5 minuti"},"schema":{"@context":"https:\/\/schema.org","@graph":[{"@type":"WebPage","@id":"https:\/\/buy-prescriptionz.com\/product\/buy-vicodin-es-online\/","url":"https:\/\/buy-prescriptionz.com\/product\/buy-vicodin-es-online\/","name":"Acquista Vicodin-ES online - Vicodin-ES in vendita - Ordina Vicodin-ES","isPartOf":{"@id":"https:\/\/buy-prescriptionz.com\/#website"},"primaryImageOfPage":{"@id":"https:\/\/buy-prescriptionz.com\/product\/buy-vicodin-es-online\/#primaryimage"},"image":{"@id":"https:\/\/buy-prescriptionz.com\/product\/buy-vicodin-es-online\/#primaryimage"},"thumbnailUrl":"https:\/\/buy-prescriptionz.com\/wp-content\/uploads\/2025\/09\/vicodin-es.jpg","datePublished":"2025-09-16T08:56:09+00:00","dateModified":"2025-09-26T17:43:17+00:00","description":"Puoi contattare il nostro negozio online Buy-Prescriptionz e acquistare Vicodin-ES online. Puoi trovare Vicodin-ES in vendita a prezzi convenienti. Ordina subito!","breadcrumb":{"@id":"https:\/\/buy-prescriptionz.com\/product\/buy-vicodin-es-online\/#breadcrumb"},"inLanguage":"it-IT","potentialAction":[{"@type":"ReadAction","target":["https:\/\/buy-prescriptionz.com\/product\/buy-vicodin-es-online\/"]}]},{"@type":"ImageObject","inLanguage":"it-IT","@id":"https:\/\/buy-prescriptionz.com\/product\/buy-vicodin-es-online\/#primaryimage","url":"https:\/\/buy-prescriptionz.com\/wp-content\/uploads\/2025\/09\/vicodin-es.jpg","contentUrl":"https:\/\/buy-prescriptionz.com\/wp-content\/uploads\/2025\/09\/vicodin-es.jpg","width":400,"height":300},{"@type":"BreadcrumbList","@id":"https:\/\/buy-prescriptionz.com\/product\/buy-vicodin-es-online\/#breadcrumb","itemListElement":[{"@type":"ListItem","position":1,"name":"Home","item":"https:\/\/buy-prescriptionz.com\/"},{"@type":"ListItem","position":2,"name":"Shop Painkillers Online","item":"https:\/\/buy-prescriptionz.com\/shop-painkillers-online\/"},{"@type":"ListItem","position":3,"name":"Buy Vicodin ES Online"}]},{"@type":"WebSite","@id":"https:\/\/buy-prescriptionz.com\/#website","url":"https:\/\/buy-prescriptionz.com\/","name":"Buy Prescriptionz","description":"Farmaci online","publisher":{"@id":"https:\/\/buy-prescriptionz.com\/#organization"},"potentialAction":[{"@type":"SearchAction","target":{"@type":"EntryPoint","urlTemplate":"https:\/\/buy-prescriptionz.com\/?s={search_term_string}"},"query-input":{"@type":"PropertyValueSpecification","valueRequired":true,"valueName":"search_term_string"}}],"inLanguage":"it-IT"},{"@type":"Organization","@id":"https:\/\/buy-prescriptionz.com\/#organization","name":"Buy Prescriptionz","url":"https:\/\/buy-prescriptionz.com\/","logo":{"@type":"ImageObject","inLanguage":"it-IT","@id":"https:\/\/buy-prescriptionz.com\/#\/schema\/logo\/image\/","url":"https:\/\/buy-prescriptionz.com\/wp-content\/uploads\/2023\/09\/logo.png","contentUrl":"https:\/\/buy-prescriptionz.com\/wp-content\/uploads\/2023\/09\/logo.png","width":350,"height":64,"caption":"Buy Prescriptionz"},"image":{"@id":"https:\/\/buy-prescriptionz.com\/#\/schema\/logo\/image\/"}}]}},"_links":{"self":[{"href":"https:\/\/buy-prescriptionz.com\/it\/wp-json\/wp\/v2\/product\/3054","targetHints":{"allow":["GET"]}}],"collection":[{"href":"https:\/\/buy-prescriptionz.com\/it\/wp-json\/wp\/v2\/product"}],"about":[{"href":"https:\/\/buy-prescriptionz.com\/it\/wp-json\/wp\/v2\/types\/product"}],"replies":[{"embeddable":true,"href":"https:\/\/buy-prescriptionz.com\/it\/wp-json\/wp\/v2\/comments?post=3054"}],"wp:featuredmedia":[{"embeddable":true,"href":"https:\/\/buy-prescriptionz.com\/it\/wp-json\/wp\/v2\/media\/3084"}],"wp:attachment":[{"href":"https:\/\/buy-prescriptionz.com\/it\/wp-json\/wp\/v2\/media?parent=3054"}],"wp:term":[{"taxonomy":"product_brand","embeddable":true,"href":"https:\/\/buy-prescriptionz.com\/it\/wp-json\/wp\/v2\/product_brand?post=3054"},{"taxonomy":"product_cat","embeddable":true,"href":"https:\/\/buy-prescriptionz.com\/it\/wp-json\/wp\/v2\/product_cat?post=3054"},{"taxonomy":"product_tag","embeddable":true,"href":"https:\/\/buy-prescriptionz.com\/it\/wp-json\/wp\/v2\/product_tag?post=3054"}],"curies":[{"name":"wp","href":"https:\/\/api.w.org\/{rel}","templated":true}]}}