{"id":3055,"date":"2025-09-16T08:56:09","date_gmt":"2025-09-16T08:56:09","guid":{"rendered":"https:\/\/chemsfine.com\/newsite\/?post_type=product&#038;p=3055"},"modified":"2025-09-27T09:36:07","modified_gmt":"2025-09-27T09:36:07","slug":"soma-generico","status":"publish","type":"product","link":"https:\/\/buy-prescriptionz.com\/it\/prodotto\/soma-generico\/","title":{"rendered":"Soma Generico"},"content":{"rendered":"<h2>Acquista Soma Generico Online<\/h2>\n<p>Acquista Soma online. Soma \u00e8 un farmaco antidolorifico utilizzato nel trattamento continuo di dolori o lesioni muscolari scheletriche. I pazienti devono utilizzare questo farmaco come miorilassante insieme a riposo assoluto e fisioterapia per il trattamento delle condizioni di dolore muscolare. Questo farmaco agisce inibendo le sensazioni di dolore nel cervello e nei nervi. L'abuso di questo farmaco pu\u00f2 portare a schiavit\u00f9 e problemi di overdose; pertanto, \u00e8 consigliabile che i pazienti ne siano informati prima di acquistare Soma online. Soma \u00e8 un miorilassante che impedisce al cervello di ricevere segnali di dolore dai nervi. Soma \u00e8 usato per trattare i disturbi muscolo-scheletrici, inclusi dolori o lesioni, in combinazione con riposo e fisioterapia. Poich\u00e9 la maggior parte delle lesioni muscolo-scheletriche \u00e8 piuttosto a breve termine, Soma deve essere somministrato solo per brevi periodi di tempo, fino a due o tre settimane, poich\u00e9 vi sono poche prove della sua efficacia se utilizzato per un periodo di tempo prolungato.<\/p>\n<h3>Dettagli sul dosaggio<\/h3>\n<p>250\u2013350 mg assunti tre volte al giorno, anche prima di coricarsi. La terapia pu\u00f2 durare fino a due o tre settimane.<\/p>\n<p>Osservazioni: - Questo farmaco deve essere assunto solo per brevi periodi (fino a 2 o 3 settimane) poich\u00e9 le prove a sostegno di un uso pi\u00f9 prolungato sono insufficienti e i disturbi muscoloscheletrici acuti e dolorosi spesso si risolvono rapidamente.<\/p>\n<p>Utilizzo: Per alleviare il dolore e la sofferenza causati da gravi e strazianti disturbi muscoloscheletrici<br \/>\n<strong><br \/>\nEffetti collaterali del soma<\/strong><\/p>\n<p>Se si manifesta uno qualsiasi dei seguenti sintomi di allergia al Soma: orticaria, difficolt\u00e0 respiratorie, gonfiore di viso, labbra, lingua o gola, consultare immediatamente un medico. Se si verifica uno qualsiasi dei seguenti sintomi, interrompere l'assunzione di questo farmaco e contattare immediatamente il medico:<\/p>\n<p>convulsioni durante una crisi epilettica; oppure livelli elevati di serotonina nel corpo possono causare agitazione, deliri, febbre, sudorazione, brividi, spasmi, rigidit\u00e0 muscolare, mancanza di coordinazione, nausea, vomito e diarrea.<\/p>\n<p>Vertigini o mal di testa: Soma Generico \u00e8 una soluzione affidabile per il sollievo dal dolore muscolare. Per un modo comodo e affidabile di acquistare Soma Generico, visita oggi stesso la migliore farmacia, Buy-prescriptionz.com.<\/p>\n<h3>Sottigliezze della prescrizione:<\/h3>\n<p>Persone che soffrono gi\u00e0 di patologie come porfiria, malattie epatiche e renali, problemi respiratori come asma, BPCO, epilessia, convulsioni, foro o lacerazione dello stomaco, ostruzione degli organi digestivi, ipersensibilit\u00e0 all'ibuprofene e cos\u00ec via. Questo farmaco non deve mai essere utilizzato da donne incinte e madri che allattano, cos\u00ec come da bambini di et\u00e0 inferiore ai 16 anni, in quanto pu\u00f2 causare una grave dipendenza da farmaci o sintomi di astinenza nei bambini durante l'et\u00e0 dello sviluppo. Questo farmaco pu\u00f2 causare una serie di interazioni negative con l'alcol, causando sonnolenza prolungata e infarti mortali a causa di interazioni farmacologiche errate. Questo farmaco pu\u00f2 causare sonnolenza lieve, ed \u00e8 per questo che si consiglia alle persone che lo utilizzano di non svolgere attivit\u00e0 che richiedono concentrazione come guidare un veicolo o lavorare su macchinari.<\/p>\n<h3>Impatti e precauzioni:<\/h3>\n<p>Quando le persone acquistano Soma online e ne iniziano l'uso, possono manifestare alcuni dei sintomi tipici della maggior parte dei dilettanti, come vertigini, mal di testa, sonnolenza, nausea, rigurgito, mal di stomaco, perdita di appetito, vampate di calore o arrossamento della pelle e difficolt\u00e0 a dormire. Le reazioni avverse all'uso di questo farmaco sono reazioni di ipersensibilit\u00e0 con sintomi di orticaria, difficolt\u00e0 respiratorie e gonfiore di viso, labbra, gola o lingua; disturbi della serotonina causati dall'uso di altri oppiacei, narcotici o sedativi insieme a questo farmaco, che causano diverse associazioni farmacologiche con effetti collaterali come inquietudine, confusione mentale, confusione, perdita di coordinazione, febbre, sudorazione, brividi, tachicardia. \u00c8 necessario interrompere l'assunzione del farmaco e consultare un medico quando si verifica uno qualsiasi di questi sintomi. Questo farmaco deve essere conservato in un luogo privato, accessibile solo alla persona che lo assume e lontano dalla portata di bambini, animali domestici e persone con problemi di dipendenza da droghe o alcol.<\/p>\n<h3>Informazioni sul dosaggio:<\/h3>\n<p>Acquista Soma online. Soma \u00e8 un farmaco antidolorifico utilizzato nel trattamento continuo di dolori o lesioni muscolari scheletriche. I pazienti devono utilizzare questo farmaco come miorilassante insieme a riposo assoluto e fisioterapia per il trattamento delle condizioni di dolore muscolare. Questo farmaco agisce inibendo le sensazioni di dolore nel cervello e nei nervi. L'abuso di questo farmaco pu\u00f2 portare a schiavit\u00f9 e problemi di overdose; pertanto, \u00e8 consigliabile che i pazienti ne siano informati prima di acquistare Soma online. Soma \u00e8 un miorilassante che impedisce al cervello di ricevere segnali di dolore dai nervi. Soma \u00e8 usato per trattare i disturbi muscolo-scheletrici, inclusi dolori o lesioni, in combinazione con riposo e fisioterapia. Poich\u00e9 la maggior parte delle lesioni muscolo-scheletriche \u00e8 piuttosto a breve termine, Soma deve essere somministrato solo per brevi periodi di tempo, fino a due o tre settimane, poich\u00e9 vi sono poche prove della sua efficacia se utilizzato per un periodo di tempo prolungato.<\/p>\n<h3>Segni del Soma<\/h3>\n<p>Abbiamo gi\u00e0 esaminato in precedenza il fatto che Soma sia il nome con cui viene comunemente chiamato il farmaco Carisoprodol, generalmente raccomandato come miorilassante. Tuttavia, ci\u00f2 che potrebbe sorprendervi di pi\u00f9 \u00e8 che questo farmaco \u00e8 classificato come sostanza controllata di Tabella IV ai sensi del Controlled Substances Act del 1970. Ci\u00f2 significa che il farmaco \u00e8 meno soggetto a uso improprio e abuso, a condizione che ordiniate Soma online e che vi venga dimostrato che il farmaco viene assunto per alleviare i dolori derivanti da patologie muscoloscheletriche, insieme a un adeguato livello di riposo ed esercizio fisico. Tuttavia, il farmaco \u00e8 raccomandato per il trattamento temporaneo dei dolori derivanti da patologie muscoloscheletriche e dovrebbe essere assunto per un trattamento a lungo termine.<\/p>\n<h3>Associazioni Soma<\/h3>\n<p>Nel caso in cui tu stia pensando che se richiedi Soma online e inizi ad assumerlo con qualsiasi medicinale di cui hai bisogno, suppongo che tu sia fuori strada poich\u00e9 la combinazione del farmaco con altri farmaci aumenta il rischio di comparsa di sintomi gravi.<\/p>\n<p><strong>Alcune delle interazioni farmacologiche che possono essere dannose per la persona che assume il farmaco sono:<\/strong><\/p>\n<p>Liquore<\/p>\n<p>Difenidramina<\/p>\n<p>Alprazolam<\/p>\n<p>Codeine<\/p>\n<p>Farmaco che cura l'ipersensibilit\u00e0 o il raffreddore e la tosse<\/p>\n<p>Per dirla in parole povere, prima di acquistare il farmaco o anche prima di iniziare la sua somministrazione, assicurati di consultare un medico in merito alle comunicazioni registrate, in modo da sapere se il farmaco si riveler\u00e0 efficace se assunto con le prescrizioni sopra menzionate.<\/p>\n<h3>Impatti sfavorevoli<\/h3>\n<p>Generalmente, quando si acquista un farmaco, si viene informati in anticipo sul suo utilizzo e su come potrebbe essere dannoso se assunto per periodi prolungati. Tuttavia, alcune persone fanno proprio questo, fondamentalmente per subire ripetutamente gli effetti del farmaco. In questo modo, diventano dipendenti dal farmaco e iniziano a sentire di non poterne fare a meno per molto tempo. Lo stesso vale per le persone che acquistano Soma generico online per trattare disturbi muscoloscheletrici e iniziano ad assumere il farmaco in modo continuativo. In questo modo, non solo aumentano il rischio di effetti collaterali, ma diventano anche profondamente sensibili agli effetti del farmaco. Alcuni degli effetti collaterali che possono danneggiare la persona che assume il farmaco sono:<\/p>\n<p>Sonnolenza<\/p>\n<p>stordimento,<\/p>\n<p>visione annebbiata<\/p>\n<p>dolore cerebrale; o<\/p>\n<p>Perdita di equilibrio o coordinazione<\/p>\n<p>Seizures<\/p>\n<h3>Come Soma influenza il tuo framework<\/h3>\n<p>Le persone richiedono Soma online perch\u00e9 agisce principalmente come miorilassante e aiuta anche a controllare il dolore. Pertanto, il farmaco \u00e8 disponibile in compresse ed \u00e8 anche disponibile in prodotti combinati che includono ibuprofene o codeina e antiemicranici. Si consiglia di assumerlo pi\u00f9 volte al giorno. Il farmaco agisce influenzando la comunicazione tra i nervi nel sistema nervoso centrale (SNC) e produce rilassamento muscolare e allevia il dolore. Il farmaco viene solitamente espulso con le urine e pu\u00f2 essere rilevato per alcuni giorni dopo l'assunzione. Acquista Soma online<\/p>\n<h3>Tutele con Soma<\/h3>\n<p>Prima di ordinare Soma online negli Stati Uniti, dovresti sapere tutto ci\u00f2 che puoi sapere sul farmaco. Per evitare sintomi e interazioni, assicurati di parlare con il tuo medico curante di tutti i farmaci che stai assumendo o che intendi assumere. L'assunzione di Soma pu\u00f2 essere influenzata da malattie epatiche o renali. Se sei incinta, stai allattando o stai pianificando di diventare madre, consulta il tuo medico curante sulle conseguenze dell'assunzione del farmaco nelle condizioni sopra menzionate. Il farmaco pu\u00f2 causare stanchezza, quindi \u00e8 importante evitare potenziali rischi per la guida o l'uso di macchinari. Gli effetti collaterali del farmaco includono mal di testa, tachicardia, sonnolenza, perplessit\u00e0, difficolt\u00e0 a respirare, mal di stomaco, eruzioni cutanee e movimenti involontari.<\/p>\n<p><strong>Mantenere una distanza strategica dai sintomi estremi con Soma<\/strong><\/p>\n<p>Quando si acquista Soma online, \u00e8 necessario assumerlo esattamente come raccomandato. Per evitare la comparsa di sintomi, non assumerlo pi\u00f9 del dovuto o con una frequenza maggiore di quella indicata nella soluzione. Alcuni dei sintomi pi\u00f9 gravi del farmaco includono:<\/p>\n<p>Nel caso improbabile in cui si acquisti Soma generico online e si interrompa improvvisamente l'assunzione di Soma dopo averlo assunto per un lungo periodo, si potrebbero verificare lievi effetti collaterali da astinenza, che possono persistere per altre 12-48 ore. In ogni caso, se si sta assumendo un prodotto combinato che include codeina, il farmaco verr\u00e0 identificato. Assicuratevi di comunicare i farmaci che state assumendo al laboratorio in cui vi sottoporrete al test per verificare la presenza del farmaco nel vostro organismo, in modo che possano interpretare pi\u00f9 efficacemente i risultati dei test. Acquista Soma online<\/p>","protected":false},"excerpt":{"rendered":"<p>Buy Soma Generic Online Buy Soma online, Soma is a painkiller medication utilized in the nonstop treatment of agony or damage in skeletal muscle. Patients need to utilize this medication as a muscle relaxant alongside complete rest and physiotherapy for treatment of torment conditions in the muscles. This medication works by hindering the torment sensations [&hellip;]<\/p>","protected":false},"featured_media":3085,"comment_status":"open","ping_status":"closed","template":"","meta":{"site-sidebar-layout":"default","site-content-layout":"","ast-site-content-layout":"default","site-content-style":"default","site-sidebar-style":"default","ast-global-header-display":"","ast-banner-title-visibility":"","ast-main-header-display":"","ast-hfb-above-header-display":"","ast-hfb-below-header-display":"","ast-hfb-mobile-header-display":"","site-post-title":"","ast-breadcrumbs-content":"","ast-featured-img":"","footer-sml-layout":"","theme-transparent-header-meta":"default","adv-header-id-meta":"","stick-header-meta":"","header-above-stick-meta":"","header-main-stick-meta":"","header-below-stick-meta":"","astra-migrate-meta-layouts":"set","ast-page-background-enabled":"default","ast-page-background-meta":{"desktop":{"background-color":"var(--ast-global-color-4)","background-image":"","background-repeat":"repeat","background-position":"center center","background-size":"auto","background-attachment":"scroll","background-type":"","background-media":"","overlay-type":"","overlay-color":"","overlay-opacity":"","overlay-gradient":""},"tablet":{"background-color":"","background-image":"","background-repeat":"repeat","background-position":"center center","background-size":"auto","background-attachment":"scroll","background-type":"","background-media":"","overlay-type":"","overlay-color":"","overlay-opacity":"","overlay-gradient":""},"mobile":{"background-color":"","background-image":"","background-repeat":"repeat","background-position":"center center","background-size":"auto","background-attachment":"scroll","background-type":"","background-media":"","overlay-type":"","overlay-color":"","overlay-opacity":"","overlay-gradient":""}},"ast-content-background-meta":{"desktop":{"background-color":"var(--ast-global-color-5)","background-image":"","background-repeat":"repeat","background-position":"center center","background-size":"auto","background-attachment":"scroll","background-type":"","background-media":"","overlay-type":"","overlay-color":"","overlay-opacity":"","overlay-gradient":""},"tablet":{"background-color":"var(--ast-global-color-5)","background-image":"","background-repeat":"repeat","background-position":"center center","background-size":"auto","background-attachment":"scroll","background-type":"","background-media":"","overlay-type":"","overlay-color":"","overlay-opacity":"","overlay-gradient":""},"mobile":{"background-color":"var(--ast-global-color-5)","background-image":"","background-repeat":"repeat","background-position":"center center","background-size":"auto","background-attachment":"scroll","background-type":"","background-media":"","overlay-type":"","overlay-color":"","overlay-opacity":"","overlay-gradient":""}}},"product_brand":[],"product_cat":[2385],"product_tag":[1254,1255,1253,1248,1251,1250,1249,1252,1247,1246,1257,1256],"class_list":{"0":"post-3055","1":"product","2":"type-product","3":"status-publish","4":"has-post-thumbnail","6":"product_cat-buy-pain-killer-pills-online","7":"product_tag-buy-soma-generic-in-canada","8":"product_tag-buy-soma-generic-in-uk","9":"product_tag-buy-soma-generic-in-usa","10":"product_tag-buy-soma-generic-with-bitcoin","11":"product_tag-buy-soma-generic-with-credit-card","12":"product_tag-buy-soma-generic-with-money-gram","13":"product_tag-buy-soma-generic-with-western-union","14":"product_tag-buy-soma-generic-without-a-doctor","15":"product_tag-buy-soma-generic-without-prescription","16":"product_tag-soma-generic-for-sale","17":"product_tag-soma-generic-pills","18":"product_tag-soma-generic-tablets","19":"desktop-align-center","20":"tablet-align-left","21":"mobile-align-left","23":"first","24":"instock","25":"shipping-taxable","26":"purchasable","27":"product-type-variable","28":"has-default-attributes"},"yoast_head":"<!-- This site is optimized with the Yoast SEO plugin v25.9 - https:\/\/yoast.com\/wordpress\/plugins\/seo\/ -->\n<title>Buy Soma online - Cheapest generic soma 350mg - Carisoprodol Online<\/title>\n<meta name=\"description\" content=\"Buy Soma online,- Buy Soma, Online P h a r m a c y Information on Soma. Click here to buy Soma online! Buy Soma online Buy Cheap Soma\" \/>\n<meta name=\"robots\" content=\"index, follow, max-snippet:-1, max-image-preview:large, max-video-preview:-1\" \/>\n<link rel=\"canonical\" href=\"https:\/\/buy-prescriptionz.com\/it\/prodotto\/soma-generico\/\" \/>\n<meta property=\"og:locale\" content=\"it_IT\" \/>\n<meta property=\"og:type\" content=\"article\" \/>\n<meta property=\"og:title\" content=\"Buy Soma online - Cheapest generic soma 350mg - Carisoprodol Online\" \/>\n<meta property=\"og:description\" content=\"Buy Soma online,- Buy Soma, Online P h a r m a c y Information on Soma. Click here to buy Soma online! Buy Soma online Buy Cheap Soma\" \/>\n<meta property=\"og:url\" content=\"https:\/\/buy-prescriptionz.com\/it\/prodotto\/soma-generico\/\" \/>\n<meta property=\"og:site_name\" content=\"Buy Prescriptionz\" \/>\n<meta property=\"article:modified_time\" content=\"2025-09-27T09:36:07+00:00\" \/>\n<meta property=\"og:image\" content=\"https:\/\/buy-prescriptionz.com\/wp-content\/uploads\/2025\/09\/soma-generic.jpg\" \/>\n\t<meta property=\"og:image:width\" content=\"400\" \/>\n\t<meta property=\"og:image:height\" content=\"300\" \/>\n\t<meta property=\"og:image:type\" content=\"image\/jpeg\" \/>\n<meta name=\"twitter:card\" content=\"summary_large_image\" \/>\n<meta name=\"twitter:label1\" content=\"Tempo di lettura stimato\" \/>\n\t<meta name=\"twitter:data1\" content=\"8 minuti\" \/>\n<script type=\"application\/ld+json\" class=\"yoast-schema-graph\">{\"@context\":\"https:\/\/schema.org\",\"@graph\":[{\"@type\":\"WebPage\",\"@id\":\"https:\/\/buy-prescriptionz.com\/product\/soma-generic\/\",\"url\":\"https:\/\/buy-prescriptionz.com\/product\/soma-generic\/\",\"name\":\"Buy Soma online - Cheapest generic soma 350mg - Carisoprodol Online\",\"isPartOf\":{\"@id\":\"https:\/\/buy-prescriptionz.com\/#website\"},\"primaryImageOfPage\":{\"@id\":\"https:\/\/buy-prescriptionz.com\/product\/soma-generic\/#primaryimage\"},\"image\":{\"@id\":\"https:\/\/buy-prescriptionz.com\/product\/soma-generic\/#primaryimage\"},\"thumbnailUrl\":\"https:\/\/buy-prescriptionz.com\/wp-content\/uploads\/2025\/09\/soma-generic.jpg\",\"datePublished\":\"2025-09-16T08:56:09+00:00\",\"dateModified\":\"2025-09-27T09:36:07+00:00\",\"description\":\"Buy Soma online,- Buy Soma, Online P h a r m a c y Information on Soma. Click here to buy Soma online! Buy Soma online Buy Cheap Soma\",\"breadcrumb\":{\"@id\":\"https:\/\/buy-prescriptionz.com\/product\/soma-generic\/#breadcrumb\"},\"inLanguage\":\"it-IT\",\"potentialAction\":[{\"@type\":\"ReadAction\",\"target\":[\"https:\/\/buy-prescriptionz.com\/product\/soma-generic\/\"]}]},{\"@type\":\"ImageObject\",\"inLanguage\":\"it-IT\",\"@id\":\"https:\/\/buy-prescriptionz.com\/product\/soma-generic\/#primaryimage\",\"url\":\"https:\/\/buy-prescriptionz.com\/wp-content\/uploads\/2025\/09\/soma-generic.jpg\",\"contentUrl\":\"https:\/\/buy-prescriptionz.com\/wp-content\/uploads\/2025\/09\/soma-generic.jpg\",\"width\":400,\"height\":300},{\"@type\":\"BreadcrumbList\",\"@id\":\"https:\/\/buy-prescriptionz.com\/product\/soma-generic\/#breadcrumb\",\"itemListElement\":[{\"@type\":\"ListItem\",\"position\":1,\"name\":\"Home\",\"item\":\"https:\/\/buy-prescriptionz.com\/\"},{\"@type\":\"ListItem\",\"position\":2,\"name\":\"Shop Painkillers Online\",\"item\":\"https:\/\/buy-prescriptionz.com\/shop-painkillers-online\/\"},{\"@type\":\"ListItem\",\"position\":3,\"name\":\"Soma Generic\"}]},{\"@type\":\"WebSite\",\"@id\":\"https:\/\/buy-prescriptionz.com\/#website\",\"url\":\"https:\/\/buy-prescriptionz.com\/\",\"name\":\"Buy Prescriptionz\",\"description\":\"Drugs Online\",\"publisher\":{\"@id\":\"https:\/\/buy-prescriptionz.com\/#organization\"},\"potentialAction\":[{\"@type\":\"SearchAction\",\"target\":{\"@type\":\"EntryPoint\",\"urlTemplate\":\"https:\/\/buy-prescriptionz.com\/?s={search_term_string}\"},\"query-input\":{\"@type\":\"PropertyValueSpecification\",\"valueRequired\":true,\"valueName\":\"search_term_string\"}}],\"inLanguage\":\"it-IT\"},{\"@type\":\"Organization\",\"@id\":\"https:\/\/buy-prescriptionz.com\/#organization\",\"name\":\"Buy Prescriptionz\",\"url\":\"https:\/\/buy-prescriptionz.com\/\",\"logo\":{\"@type\":\"ImageObject\",\"inLanguage\":\"it-IT\",\"@id\":\"https:\/\/buy-prescriptionz.com\/#\/schema\/logo\/image\/\",\"url\":\"https:\/\/buy-prescriptionz.com\/wp-content\/uploads\/2023\/09\/logo.png\",\"contentUrl\":\"https:\/\/buy-prescriptionz.com\/wp-content\/uploads\/2023\/09\/logo.png\",\"width\":350,\"height\":64,\"caption\":\"Buy Prescriptionz\"},\"image\":{\"@id\":\"https:\/\/buy-prescriptionz.com\/#\/schema\/logo\/image\/\"}}]}<\/script>\n<!-- \/ Yoast SEO plugin. -->","yoast_head_json":{"title":"Acquista Soma online - Soma generico 350 mg pi\u00f9 economico - Carisoprodol online","description":"Acquista Soma online, Acquista Soma, Informazioni sulla farmacia online su Soma. Clicca qui per acquistare Soma online! Acquista Soma online Acquista Soma a basso costo","robots":{"index":"index","follow":"follow","max-snippet":"max-snippet:-1","max-image-preview":"max-image-preview:large","max-video-preview":"max-video-preview:-1"},"canonical":"https:\/\/buy-prescriptionz.com\/it\/prodotto\/soma-generico\/","og_locale":"it_IT","og_type":"article","og_title":"Buy Soma online - Cheapest generic soma 350mg - Carisoprodol Online","og_description":"Buy Soma online,- Buy Soma, Online P h a r m a c y Information on Soma. Click here to buy Soma online! Buy Soma online Buy Cheap Soma","og_url":"https:\/\/buy-prescriptionz.com\/it\/prodotto\/soma-generico\/","og_site_name":"Buy Prescriptionz","article_modified_time":"2025-09-27T09:36:07+00:00","og_image":[{"width":400,"height":300,"url":"https:\/\/buy-prescriptionz.com\/wp-content\/uploads\/2025\/09\/soma-generic.jpg","type":"image\/jpeg"}],"twitter_card":"summary_large_image","twitter_misc":{"Tempo di lettura stimato":"8 minuti"},"schema":{"@context":"https:\/\/schema.org","@graph":[{"@type":"WebPage","@id":"https:\/\/buy-prescriptionz.com\/product\/soma-generic\/","url":"https:\/\/buy-prescriptionz.com\/product\/soma-generic\/","name":"Acquista Soma online - Soma generico 350 mg pi\u00f9 economico - Carisoprodol online","isPartOf":{"@id":"https:\/\/buy-prescriptionz.com\/#website"},"primaryImageOfPage":{"@id":"https:\/\/buy-prescriptionz.com\/product\/soma-generic\/#primaryimage"},"image":{"@id":"https:\/\/buy-prescriptionz.com\/product\/soma-generic\/#primaryimage"},"thumbnailUrl":"https:\/\/buy-prescriptionz.com\/wp-content\/uploads\/2025\/09\/soma-generic.jpg","datePublished":"2025-09-16T08:56:09+00:00","dateModified":"2025-09-27T09:36:07+00:00","description":"Acquista Soma online, Acquista Soma, Informazioni sulla farmacia online su Soma. Clicca qui per acquistare Soma online! Acquista Soma online Acquista Soma a basso costo","breadcrumb":{"@id":"https:\/\/buy-prescriptionz.com\/product\/soma-generic\/#breadcrumb"},"inLanguage":"it-IT","potentialAction":[{"@type":"ReadAction","target":["https:\/\/buy-prescriptionz.com\/product\/soma-generic\/"]}]},{"@type":"ImageObject","inLanguage":"it-IT","@id":"https:\/\/buy-prescriptionz.com\/product\/soma-generic\/#primaryimage","url":"https:\/\/buy-prescriptionz.com\/wp-content\/uploads\/2025\/09\/soma-generic.jpg","contentUrl":"https:\/\/buy-prescriptionz.com\/wp-content\/uploads\/2025\/09\/soma-generic.jpg","width":400,"height":300},{"@type":"BreadcrumbList","@id":"https:\/\/buy-prescriptionz.com\/product\/soma-generic\/#breadcrumb","itemListElement":[{"@type":"ListItem","position":1,"name":"Home","item":"https:\/\/buy-prescriptionz.com\/"},{"@type":"ListItem","position":2,"name":"Shop Painkillers Online","item":"https:\/\/buy-prescriptionz.com\/shop-painkillers-online\/"},{"@type":"ListItem","position":3,"name":"Soma Generic"}]},{"@type":"WebSite","@id":"https:\/\/buy-prescriptionz.com\/#website","url":"https:\/\/buy-prescriptionz.com\/","name":"Buy Prescriptionz","description":"Farmaci online","publisher":{"@id":"https:\/\/buy-prescriptionz.com\/#organization"},"potentialAction":[{"@type":"SearchAction","target":{"@type":"EntryPoint","urlTemplate":"https:\/\/buy-prescriptionz.com\/?s={search_term_string}"},"query-input":{"@type":"PropertyValueSpecification","valueRequired":true,"valueName":"search_term_string"}}],"inLanguage":"it-IT"},{"@type":"Organization","@id":"https:\/\/buy-prescriptionz.com\/#organization","name":"Buy Prescriptionz","url":"https:\/\/buy-prescriptionz.com\/","logo":{"@type":"ImageObject","inLanguage":"it-IT","@id":"https:\/\/buy-prescriptionz.com\/#\/schema\/logo\/image\/","url":"https:\/\/buy-prescriptionz.com\/wp-content\/uploads\/2023\/09\/logo.png","contentUrl":"https:\/\/buy-prescriptionz.com\/wp-content\/uploads\/2023\/09\/logo.png","width":350,"height":64,"caption":"Buy Prescriptionz"},"image":{"@id":"https:\/\/buy-prescriptionz.com\/#\/schema\/logo\/image\/"}}]}},"_links":{"self":[{"href":"https:\/\/buy-prescriptionz.com\/it\/wp-json\/wp\/v2\/product\/3055","targetHints":{"allow":["GET"]}}],"collection":[{"href":"https:\/\/buy-prescriptionz.com\/it\/wp-json\/wp\/v2\/product"}],"about":[{"href":"https:\/\/buy-prescriptionz.com\/it\/wp-json\/wp\/v2\/types\/product"}],"replies":[{"embeddable":true,"href":"https:\/\/buy-prescriptionz.com\/it\/wp-json\/wp\/v2\/comments?post=3055"}],"wp:featuredmedia":[{"embeddable":true,"href":"https:\/\/buy-prescriptionz.com\/it\/wp-json\/wp\/v2\/media\/3085"}],"wp:attachment":[{"href":"https:\/\/buy-prescriptionz.com\/it\/wp-json\/wp\/v2\/media?parent=3055"}],"wp:term":[{"taxonomy":"product_brand","embeddable":true,"href":"https:\/\/buy-prescriptionz.com\/it\/wp-json\/wp\/v2\/product_brand?post=3055"},{"taxonomy":"product_cat","embeddable":true,"href":"https:\/\/buy-prescriptionz.com\/it\/wp-json\/wp\/v2\/product_cat?post=3055"},{"taxonomy":"product_tag","embeddable":true,"href":"https:\/\/buy-prescriptionz.com\/it\/wp-json\/wp\/v2\/product_tag?post=3055"}],"curies":[{"name":"wp","href":"https:\/\/api.w.org\/{rel}","templated":true}]}}