{"id":3058,"date":"2025-09-16T08:56:10","date_gmt":"2025-09-16T08:56:10","guid":{"rendered":"https:\/\/chemsfine.com\/newsite\/?post_type=product&#038;p=3058"},"modified":"2025-09-25T12:45:43","modified_gmt":"2025-09-25T12:45:43","slug":"acquistare-ritalin-online","status":"publish","type":"product","link":"https:\/\/buy-prescriptionz.com\/it\/prodotto\/acquistare-ritalin-online\/","title":{"rendered":"Comprare Ritalin online"},"content":{"rendered":"<h2>Comprare Ritalin online<\/h2>\n<h3>Acquisto Ritalin Online Senza Prescrizione<\/h3>\n<p>Acquisto<a href=\"https:\/\/buy-prescriptionz.com\/it\/\"> Ritalin<\/a> Online senza prescrizione. Per iniziare, il Ritalin (metilfenidato) \u00e8 uno stimolante del sistema sensoriale focale. Inoltre, influenza i sintetici nella mente e nei nervi che aggiungono all'iperattivit\u00e0 e al controllo dell'unit\u00e0. Inoltre, crea impatti come l'espansione o guardare dopo la nitidezza, la lotta contro la stanchezza, e migliorare l'attenzione. Allo stesso modo, Meta-esami e verifiche metodiche di studi di imaging attraente riverbero proporre che il trattamento a lungo raggio con stimolanti ADHD (esplicitamente, anfetamina e metilfenidato) diminuisce le variazioni dalla norma nella struttura della mente e capacit\u00e0 trovato in individui con ADHD. Inoltre, le verifiche della ricerca clinica sugli stimolanti hanno stabilito la sicurezza e l'adeguatezza dell'utilizzo a lungo termine degli stimolanti ADHD per le persone con ADHD. Nonostante ci\u00f2, la grandezza esatta di aggiornamenti nelle indicazioni ADHD e la soddisfazione personale che sono consegnati dal trattamento metilfenidato rimane incerto. Alla fine, acquistare Ritalin online senza soluzione da Butterfly Medication Shop.<\/p>\n<h3>Impieghi<\/h3>\n<p>Il Ritalin \u00e8 utilizzato per trattare una mancanza di capacit\u00e0 di concentrarsi in modo coerente problema (ADD), la considerazione mancanza di iperattivit\u00e0 problema (ADHD), e narcolessia.<\/p>\n<h3>Dove prendere il Ritalin online<\/h3>\n<p>Dove ottenere il Ritalin Online; \u00c8 possibile ottenere il Ritalin Online da Buyprescriptionz. Richiedi Ritalin online da Buyprescriptionz semplicemente entrando nel nostro negozio online sul nostro sito e tra cui Ritalin nel tuo carrello. In ogni caso, quando si include nel vostro camion di consegna, e dopo di che, si pu\u00f2 continuare a guardare e inoltre assicurarsi di compilare i dati di trasporto senza errori. Inoltre, abbiamo anche tecniche di installazione semplice per rendere pi\u00f9 semplice per i nostri pazienti. Inoltre, acquistare il Ritalin online dal nostro negozio online e utilizzare le tecniche di installazione pi\u00f9 semplice e, inoltre, il trasporto rapido e discreto. L'argomento di Dove ottenere il Ritalin \u00e8 stato appena affrontato.<\/p>\n<h3>Acquistare Ritalin online: benefici ed effetti collaterali<\/h3>\n<ol>\n<li>Maggiore concentrazione: il Ritalin aiuta ad aumentare la concentrazione e l'attenzione, risultando particolarmente utile per chi soffre di ADHD.<\/li>\n<li>Funzione cognitiva migliorata: pu\u00f2 migliorare le funzioni cognitive come la memoria e la capacit\u00e0 di apprendimento.<\/li>\n<li>Stabilizzazione dell'umore: il Ritalin pu\u00f2 aiutare a stabilizzare gli sbalzi d'umore, rendendo pi\u00f9 gestibili le attivit\u00e0 quotidiane.<\/li>\n<li>Aumento della produttivit\u00e0: riducendo i sintomi dell'ADHD, il Ritalin aiuta gli utenti a diventare pi\u00f9 produttivi nel lavoro o nello studio.<\/li>\n<li>Comodit\u00e0: acquistare Ritalin online pu\u00f2 essere comodo, perch\u00e9 consente di risparmiare tempo e offre la consegna a domicilio.<\/li>\n<\/ol>\n<p>Acquistare Ritalin online pu\u00f2 offrire comodit\u00e0 e privacy. Permette alle persone di accedere ai propri farmaci senza dover recarsi fisicamente in farmacia. Le farmacie online spesso forniscono informazioni dettagliate sul farmaco, aiutando gli utenti a prendere decisioni consapevoli. Tuttavia, \u00e8 fondamentale assicurarsi che il fornitore online sia affidabile e richieda la prescrizione medica, poich\u00e9 ci\u00f2 contribuisce a garantire l'autenticit\u00e0 e la sicurezza del farmaco.<\/p>\n<h4>Effetti collaterali del Ritalin<\/h4>\n<ol>\n<li>Insonnia: un effetto collaterale comune \u00e8 la difficolt\u00e0 ad addormentarsi o a rimanere addormentati.<\/li>\n<li>Perdita di appetito: il Ritalin pu\u00f2 ridurre l'appetito, portando alla perdita di peso.<\/li>\n<\/ol>\n<p>Il Ritalin offre benefici significativi per chi soffre di ADHD, migliorando la concentrazione e la produttivit\u00e0. Tuttavia, pu\u00f2 causare effetti collaterali come insonnia e perdita di appetito. Acquistate sempre da fonti affidabili. Per maggiori informazioni, visitate la farmacia pi\u00f9 vicina buy-prescriptionz.com.<\/p>\n<h3>Acquisto Ritalin (EFFETTI COLLATERALI)<\/h3>\n<p>Acquista Ritalin da Buyprescriptionz per il trattamento di Attention Deficit Hyperactivity Disorder il vostro CNS: iperattivit\u00e0, un disturbo del sonno, entusiasmo, tremore, inquietanti influenze sociali, discombussolamento, fantasie, dolore cerebrale, crabbiness, follia, problema pensiero.<\/p>\n<h3>Misurazione e amministrazione<\/h3>\n<p>Acquisto Ritalin Online dal nostro negozio online medico e perseguire la nostra misura e l'organizzazione dato qui. Organizzazione della dose Ritalin LA\u00ae (metilfenidato cloridrato) casi di scarico ampliato \u00e8 per l'organizzazione orale una volta al giorno nella prima parte della giornata.<\/p>\n<p>Il Ritalin LA e la sua sostanza non devono essere schiacciati, mordere o separati. Inoltre, i contenitori potrebbero essere cautamente aperti e i globuli cosparsi su un cucchiaio di purea di frutta.<\/p>\n<p>Inoltre, la purea di frutta non dovrebbe essere calda perch\u00e9 potrebbe influenzare le propriet\u00e0 di scarico regolate di questo piano. La miscela di farmaci e purea di frutta deve essere consumata immediatamente e completamente. La miscela di farmaci e purea di frutta non dovrebbe essere conservata per qualche tempo dopo. I pazienti devono essere incoraggiati a mantenere una distanza strategica da<\/p>\n<h3>CONTROINDICAZIONI<\/h3>\n<p>Sconvolgente: Ritalin LA (metilfenidato cloridrato) espandere contenitori di scarico \u00e8 controindicato in timbrato disagio, pressione e disturbo, poich\u00e9 il farmaco pu\u00f2 esasperare queste indicazioni.<\/p>\n<p>Glaucoma: \u00c8 controindicato nei pazienti con glaucoma.<\/p>\n<p>Tic: \u00e8 controindicato nei pazienti con tic motori o con un'ascendenza familiare o una conclusione di disturbo di Tourette.<\/p>","protected":false},"excerpt":{"rendered":"<p>Buy Ritalin Online Purchase Ritalin Online Without Prescription Purchase Ritalin Online Without Prescription. To start, Ritalin (methylphenidate) is a focal sensory system stimulant. Also, It influences synthetics in mind and nerves that add to hyperactivity and drive control. Further, It creates such impacts as expanding or looking after sharpness, battling exhaustion, and improving attention.\u200c Likewise, [&hellip;]<\/p>","protected":false},"featured_media":3088,"comment_status":"open","ping_status":"closed","template":"","meta":{"site-sidebar-layout":"default","site-content-layout":"","ast-site-content-layout":"default","site-content-style":"default","site-sidebar-style":"default","ast-global-header-display":"","ast-banner-title-visibility":"","ast-main-header-display":"","ast-hfb-above-header-display":"","ast-hfb-below-header-display":"","ast-hfb-mobile-header-display":"","site-post-title":"","ast-breadcrumbs-content":"","ast-featured-img":"","footer-sml-layout":"","theme-transparent-header-meta":"default","adv-header-id-meta":"","stick-header-meta":"","header-above-stick-meta":"","header-main-stick-meta":"","header-below-stick-meta":"","astra-migrate-meta-layouts":"set","ast-page-background-enabled":"default","ast-page-background-meta":{"desktop":{"background-color":"var(--ast-global-color-4)","background-image":"","background-repeat":"repeat","background-position":"center center","background-size":"auto","background-attachment":"scroll","background-type":"","background-media":"","overlay-type":"","overlay-color":"","overlay-opacity":"","overlay-gradient":""},"tablet":{"background-color":"","background-image":"","background-repeat":"repeat","background-position":"center center","background-size":"auto","background-attachment":"scroll","background-type":"","background-media":"","overlay-type":"","overlay-color":"","overlay-opacity":"","overlay-gradient":""},"mobile":{"background-color":"","background-image":"","background-repeat":"repeat","background-position":"center center","background-size":"auto","background-attachment":"scroll","background-type":"","background-media":"","overlay-type":"","overlay-color":"","overlay-opacity":"","overlay-gradient":""}},"ast-content-background-meta":{"desktop":{"background-color":"var(--ast-global-color-5)","background-image":"","background-repeat":"repeat","background-position":"center center","background-size":"auto","background-attachment":"scroll","background-type":"","background-media":"","overlay-type":"","overlay-color":"","overlay-opacity":"","overlay-gradient":""},"tablet":{"background-color":"var(--ast-global-color-5)","background-image":"","background-repeat":"repeat","background-position":"center center","background-size":"auto","background-attachment":"scroll","background-type":"","background-media":"","overlay-type":"","overlay-color":"","overlay-opacity":"","overlay-gradient":""},"mobile":{"background-color":"var(--ast-global-color-5)","background-image":"","background-repeat":"repeat","background-position":"center center","background-size":"auto","background-attachment":"scroll","background-type":"","background-media":"","overlay-type":"","overlay-color":"","overlay-opacity":"","overlay-gradient":""}}},"product_brand":[],"product_cat":[2385],"product_tag":[1242,1243,1241,1236,1239,1238,1237,1240,1235,1234,1245,1244],"class_list":{"0":"post-3058","1":"product","2":"type-product","3":"status-publish","4":"has-post-thumbnail","6":"product_cat-buy-pain-killer-pills-online","7":"product_tag-buy-ritalin-in-canada","8":"product_tag-buy-ritalin-in-uk","9":"product_tag-buy-ritalin-in-usa","10":"product_tag-buy-ritalin-with-bitcoin","11":"product_tag-buy-ritalin-with-credit-card","12":"product_tag-buy-ritalin-with-money-gram","13":"product_tag-buy-ritalin-with-western-union","14":"product_tag-buy-ritalin-without-a-doctor","15":"product_tag-buy-ritalin-without-prescription","16":"product_tag-ritalin-for-sale","17":"product_tag-ritalin-pills","18":"product_tag-ritalin-tablets","19":"desktop-align-center","20":"tablet-align-left","21":"mobile-align-left","23":"first","24":"instock","25":"shipping-taxable","26":"purchasable","27":"product-type-variable","28":"has-default-attributes"},"yoast_head":"<!-- This site is optimized with the Yoast SEO plugin v25.9 - https:\/\/yoast.com\/wordpress\/plugins\/seo\/ -->\n<title>Buy Ritalin Online for Sale @ Best Price - Buy Ritalin 10mg Online<\/title>\n<meta name=\"description\" content=\"Buy Ritalin Online, buy Ritalin (Methylphenidate) 10mg online without any prescription, If this is the question where to buy Ritalin online\" \/>\n<meta name=\"robots\" content=\"index, follow, max-snippet:-1, max-image-preview:large, max-video-preview:-1\" \/>\n<link rel=\"canonical\" href=\"https:\/\/buy-prescriptionz.com\/it\/prodotto\/acquistare-ritalin-online\/\" \/>\n<meta property=\"og:locale\" content=\"it_IT\" \/>\n<meta property=\"og:type\" content=\"article\" \/>\n<meta property=\"og:title\" content=\"Buy Ritalin Online for Sale @ Best Price - Buy Ritalin 10mg Online\" \/>\n<meta property=\"og:description\" content=\"Buy Ritalin Online, buy Ritalin (Methylphenidate) 10mg online without any prescription, If this is the question where to buy Ritalin online\" \/>\n<meta property=\"og:url\" content=\"https:\/\/buy-prescriptionz.com\/it\/prodotto\/acquistare-ritalin-online\/\" \/>\n<meta property=\"og:site_name\" content=\"Buy Prescriptionz\" \/>\n<meta property=\"article:modified_time\" content=\"2025-09-25T12:45:43+00:00\" \/>\n<meta property=\"og:image\" content=\"https:\/\/buy-prescriptionz.com\/wp-content\/uploads\/2025\/09\/ritalin.jpg\" \/>\n\t<meta property=\"og:image:width\" content=\"400\" \/>\n\t<meta property=\"og:image:height\" content=\"300\" \/>\n\t<meta property=\"og:image:type\" content=\"image\/jpeg\" \/>\n<meta name=\"twitter:card\" content=\"summary_large_image\" \/>\n<meta name=\"twitter:label1\" content=\"Tempo di lettura stimato\" \/>\n\t<meta name=\"twitter:data1\" content=\"4 minuti\" \/>\n<script type=\"application\/ld+json\" class=\"yoast-schema-graph\">{\"@context\":\"https:\/\/schema.org\",\"@graph\":[{\"@type\":\"WebPage\",\"@id\":\"https:\/\/buy-prescriptionz.com\/product\/buy-ritalin-online\/\",\"url\":\"https:\/\/buy-prescriptionz.com\/product\/buy-ritalin-online\/\",\"name\":\"Buy Ritalin Online for Sale @ Best Price - Buy Ritalin 10mg Online\",\"isPartOf\":{\"@id\":\"https:\/\/buy-prescriptionz.com\/#website\"},\"primaryImageOfPage\":{\"@id\":\"https:\/\/buy-prescriptionz.com\/product\/buy-ritalin-online\/#primaryimage\"},\"image\":{\"@id\":\"https:\/\/buy-prescriptionz.com\/product\/buy-ritalin-online\/#primaryimage\"},\"thumbnailUrl\":\"https:\/\/buy-prescriptionz.com\/wp-content\/uploads\/2025\/09\/ritalin.jpg\",\"datePublished\":\"2025-09-16T08:56:10+00:00\",\"dateModified\":\"2025-09-25T12:45:43+00:00\",\"description\":\"Buy Ritalin Online, buy Ritalin (Methylphenidate) 10mg online without any prescription, If this is the question where to buy Ritalin online\",\"breadcrumb\":{\"@id\":\"https:\/\/buy-prescriptionz.com\/product\/buy-ritalin-online\/#breadcrumb\"},\"inLanguage\":\"it-IT\",\"potentialAction\":[{\"@type\":\"ReadAction\",\"target\":[\"https:\/\/buy-prescriptionz.com\/product\/buy-ritalin-online\/\"]}]},{\"@type\":\"ImageObject\",\"inLanguage\":\"it-IT\",\"@id\":\"https:\/\/buy-prescriptionz.com\/product\/buy-ritalin-online\/#primaryimage\",\"url\":\"https:\/\/buy-prescriptionz.com\/wp-content\/uploads\/2025\/09\/ritalin.jpg\",\"contentUrl\":\"https:\/\/buy-prescriptionz.com\/wp-content\/uploads\/2025\/09\/ritalin.jpg\",\"width\":400,\"height\":300},{\"@type\":\"BreadcrumbList\",\"@id\":\"https:\/\/buy-prescriptionz.com\/product\/buy-ritalin-online\/#breadcrumb\",\"itemListElement\":[{\"@type\":\"ListItem\",\"position\":1,\"name\":\"Home\",\"item\":\"https:\/\/buy-prescriptionz.com\/\"},{\"@type\":\"ListItem\",\"position\":2,\"name\":\"Shop Painkillers Online\",\"item\":\"https:\/\/buy-prescriptionz.com\/shop-painkillers-online\/\"},{\"@type\":\"ListItem\",\"position\":3,\"name\":\"Buy Ritalin Online\"}]},{\"@type\":\"WebSite\",\"@id\":\"https:\/\/buy-prescriptionz.com\/#website\",\"url\":\"https:\/\/buy-prescriptionz.com\/\",\"name\":\"Buy Prescriptionz\",\"description\":\"Drugs Online\",\"publisher\":{\"@id\":\"https:\/\/buy-prescriptionz.com\/#organization\"},\"potentialAction\":[{\"@type\":\"SearchAction\",\"target\":{\"@type\":\"EntryPoint\",\"urlTemplate\":\"https:\/\/buy-prescriptionz.com\/?s={search_term_string}\"},\"query-input\":{\"@type\":\"PropertyValueSpecification\",\"valueRequired\":true,\"valueName\":\"search_term_string\"}}],\"inLanguage\":\"it-IT\"},{\"@type\":\"Organization\",\"@id\":\"https:\/\/buy-prescriptionz.com\/#organization\",\"name\":\"Buy Prescriptionz\",\"url\":\"https:\/\/buy-prescriptionz.com\/\",\"logo\":{\"@type\":\"ImageObject\",\"inLanguage\":\"it-IT\",\"@id\":\"https:\/\/buy-prescriptionz.com\/#\/schema\/logo\/image\/\",\"url\":\"https:\/\/buy-prescriptionz.com\/wp-content\/uploads\/2023\/09\/logo.png\",\"contentUrl\":\"https:\/\/buy-prescriptionz.com\/wp-content\/uploads\/2023\/09\/logo.png\",\"width\":350,\"height\":64,\"caption\":\"Buy Prescriptionz\"},\"image\":{\"@id\":\"https:\/\/buy-prescriptionz.com\/#\/schema\/logo\/image\/\"}}]}<\/script>\n<!-- \/ Yoast SEO plugin. -->","yoast_head_json":{"title":"Comprare Ritalin online in vendita @ Miglior prezzo - Comprare Ritalin 10mg Online","description":"Comprare Ritalin online, comprare Ritalin (Methylphenidate) 10mg online senza alcuna prescrizione, Se questa \u00e8 la domanda dove acquistare Ritalin online","robots":{"index":"index","follow":"follow","max-snippet":"max-snippet:-1","max-image-preview":"max-image-preview:large","max-video-preview":"max-video-preview:-1"},"canonical":"https:\/\/buy-prescriptionz.com\/it\/prodotto\/acquistare-ritalin-online\/","og_locale":"it_IT","og_type":"article","og_title":"Buy Ritalin Online for Sale @ Best Price - Buy Ritalin 10mg Online","og_description":"Buy Ritalin Online, buy Ritalin (Methylphenidate) 10mg online without any prescription, If this is the question where to buy Ritalin online","og_url":"https:\/\/buy-prescriptionz.com\/it\/prodotto\/acquistare-ritalin-online\/","og_site_name":"Buy Prescriptionz","article_modified_time":"2025-09-25T12:45:43+00:00","og_image":[{"width":400,"height":300,"url":"https:\/\/buy-prescriptionz.com\/wp-content\/uploads\/2025\/09\/ritalin.jpg","type":"image\/jpeg"}],"twitter_card":"summary_large_image","twitter_misc":{"Tempo di lettura stimato":"4 minuti"},"schema":{"@context":"https:\/\/schema.org","@graph":[{"@type":"WebPage","@id":"https:\/\/buy-prescriptionz.com\/product\/buy-ritalin-online\/","url":"https:\/\/buy-prescriptionz.com\/product\/buy-ritalin-online\/","name":"Comprare Ritalin online in vendita @ Miglior prezzo - Comprare Ritalin 10mg Online","isPartOf":{"@id":"https:\/\/buy-prescriptionz.com\/#website"},"primaryImageOfPage":{"@id":"https:\/\/buy-prescriptionz.com\/product\/buy-ritalin-online\/#primaryimage"},"image":{"@id":"https:\/\/buy-prescriptionz.com\/product\/buy-ritalin-online\/#primaryimage"},"thumbnailUrl":"https:\/\/buy-prescriptionz.com\/wp-content\/uploads\/2025\/09\/ritalin.jpg","datePublished":"2025-09-16T08:56:10+00:00","dateModified":"2025-09-25T12:45:43+00:00","description":"Comprare Ritalin online, comprare Ritalin (Methylphenidate) 10mg online senza alcuna prescrizione, Se questa \u00e8 la domanda dove acquistare Ritalin online","breadcrumb":{"@id":"https:\/\/buy-prescriptionz.com\/product\/buy-ritalin-online\/#breadcrumb"},"inLanguage":"it-IT","potentialAction":[{"@type":"ReadAction","target":["https:\/\/buy-prescriptionz.com\/product\/buy-ritalin-online\/"]}]},{"@type":"ImageObject","inLanguage":"it-IT","@id":"https:\/\/buy-prescriptionz.com\/product\/buy-ritalin-online\/#primaryimage","url":"https:\/\/buy-prescriptionz.com\/wp-content\/uploads\/2025\/09\/ritalin.jpg","contentUrl":"https:\/\/buy-prescriptionz.com\/wp-content\/uploads\/2025\/09\/ritalin.jpg","width":400,"height":300},{"@type":"BreadcrumbList","@id":"https:\/\/buy-prescriptionz.com\/product\/buy-ritalin-online\/#breadcrumb","itemListElement":[{"@type":"ListItem","position":1,"name":"Home","item":"https:\/\/buy-prescriptionz.com\/"},{"@type":"ListItem","position":2,"name":"Shop Painkillers Online","item":"https:\/\/buy-prescriptionz.com\/shop-painkillers-online\/"},{"@type":"ListItem","position":3,"name":"Buy Ritalin Online"}]},{"@type":"WebSite","@id":"https:\/\/buy-prescriptionz.com\/#website","url":"https:\/\/buy-prescriptionz.com\/","name":"Buy Prescriptionz","description":"Farmaci online","publisher":{"@id":"https:\/\/buy-prescriptionz.com\/#organization"},"potentialAction":[{"@type":"SearchAction","target":{"@type":"EntryPoint","urlTemplate":"https:\/\/buy-prescriptionz.com\/?s={search_term_string}"},"query-input":{"@type":"PropertyValueSpecification","valueRequired":true,"valueName":"search_term_string"}}],"inLanguage":"it-IT"},{"@type":"Organization","@id":"https:\/\/buy-prescriptionz.com\/#organization","name":"Buy Prescriptionz","url":"https:\/\/buy-prescriptionz.com\/","logo":{"@type":"ImageObject","inLanguage":"it-IT","@id":"https:\/\/buy-prescriptionz.com\/#\/schema\/logo\/image\/","url":"https:\/\/buy-prescriptionz.com\/wp-content\/uploads\/2023\/09\/logo.png","contentUrl":"https:\/\/buy-prescriptionz.com\/wp-content\/uploads\/2023\/09\/logo.png","width":350,"height":64,"caption":"Buy Prescriptionz"},"image":{"@id":"https:\/\/buy-prescriptionz.com\/#\/schema\/logo\/image\/"}}]}},"_links":{"self":[{"href":"https:\/\/buy-prescriptionz.com\/it\/wp-json\/wp\/v2\/product\/3058","targetHints":{"allow":["GET"]}}],"collection":[{"href":"https:\/\/buy-prescriptionz.com\/it\/wp-json\/wp\/v2\/product"}],"about":[{"href":"https:\/\/buy-prescriptionz.com\/it\/wp-json\/wp\/v2\/types\/product"}],"replies":[{"embeddable":true,"href":"https:\/\/buy-prescriptionz.com\/it\/wp-json\/wp\/v2\/comments?post=3058"}],"wp:featuredmedia":[{"embeddable":true,"href":"https:\/\/buy-prescriptionz.com\/it\/wp-json\/wp\/v2\/media\/3088"}],"wp:attachment":[{"href":"https:\/\/buy-prescriptionz.com\/it\/wp-json\/wp\/v2\/media?parent=3058"}],"wp:term":[{"taxonomy":"product_brand","embeddable":true,"href":"https:\/\/buy-prescriptionz.com\/it\/wp-json\/wp\/v2\/product_brand?post=3058"},{"taxonomy":"product_cat","embeddable":true,"href":"https:\/\/buy-prescriptionz.com\/it\/wp-json\/wp\/v2\/product_cat?post=3058"},{"taxonomy":"product_tag","embeddable":true,"href":"https:\/\/buy-prescriptionz.com\/it\/wp-json\/wp\/v2\/product_tag?post=3058"}],"curies":[{"name":"wp","href":"https:\/\/api.w.org\/{rel}","templated":true}]}}