{"id":3059,"date":"2025-09-16T08:56:10","date_gmt":"2025-09-16T08:56:10","guid":{"rendered":"https:\/\/chemsfine.com\/newsite\/?post_type=product&#038;p=3059"},"modified":"2025-09-26T14:10:43","modified_gmt":"2025-09-26T14:10:43","slug":"cianuro-di-potassio-1g","status":"publish","type":"product","link":"https:\/\/buy-prescriptionz.com\/it\/prodotto\/cianuro-di-potassio-1g\/","title":{"rendered":"Potassium Cyanide (1g)"},"content":{"rendered":"<h2>Acquista cianuro di potassio (1 g) online<\/h2>\n<h3><span lang=\"EN-IN\" style=\"font-size: 11.0pt; line-height: 107%;\">Che cos'\u00e8 il cianuro di potassio?<\/span><\/h3>\n<p><span lang=\"EN-IN\" style=\"font-size: 11.0pt;\">cianuro di potassio<\/span><span lang=\"EN-IN\" style=\"font-size: 11.0pt;\"> \u00e8 un sale cristallino bianco dal sapore amaro, talvolta paragonato a quello delle mandorle. \u00c8 altamente solubile in acqua e rilascia gas di cianuro di idrogeno a contatto con acidi o umidit\u00e0. <\/span><span lang=\"EN-IN\" style=\"font-size: 11.0pt;\">Il cianuro di potassio (KCN) \u00e8 un composto altamente tossico. Anche una piccola quantit\u00e0, come 1 grammo, pu\u00f2 essere letale. Ecco alcune informazioni importanti sul cianuro di potassio:<\/span><\/p>\n<h3>Usi del cianuro di potassio<\/h3>\n<ul>\n<li>Estrazione dell'oro: il cianuro di potassio viene utilizzato per estrarre oro e argento dai minerali nell'industria mineraria.<\/li>\n<li>Galvanotecnica: viene utilizzata nei processi di galvanica per rivestire i metalli con oro o argento.<\/li>\n<li>Sintesi organica: viene utilizzata nei laboratori per varie reazioni chimiche e processi di sintesi.<\/li>\n<\/ul>\n<h3>Tossicit\u00e0 e sicurezza<\/h3>\n<ul>\n<li>Dose letale: la dose letale stimata per l'uomo \u00e8 compresa tra 200 e 300 milligrammi. Un singolo grammo \u00e8 pi\u00f9 che sufficiente per essere fatale.<\/li>\n<li>Meccanismo d\u2019azione: inibisce la capacit\u00e0 dell\u2019organismo di utilizzare l\u2019ossigeno, portando alla morte cellulare e, in ultima analisi, all\u2019insufficienza d\u2019organo.<\/li>\n<li>Sintomi di avvelenamento: includono mal di testa, vertigini e mancanza di respiro, nausea e perdita di coscienza. L'esposizione immediata pu\u00f2 causare una morte rapida se non trattata tempestivamente.<\/li>\n<\/ul>\n<p>Acquistare cianuro di potassio online, soprattutto da fonti come buy-prescriptionz.com, \u00e8 estremamente pericoloso e illegale nella maggior parte delle giurisdizioni a causa della sua elevata tossicit\u00e0 e del potenziale di abuso. Il cianuro di potassio \u00e8 una sostanza controllata e l'acquisto senza la dovuta autorizzazione \u00e8 vietato. Intraprendere tali attivit\u00e0 pu\u00f2 comportare gravi conseguenze legali e comporta rischi significativi per la salute. Per qualsiasi esigenza legittima, consultare canali professionali e legali per garantire la sicurezza e il rispetto delle normative. Dare priorit\u00e0 alla sicurezza e alla legalit\u00e0 rispetto alla comodit\u00e0 o all'accesso non autorizzato a sostanze pericolose.<\/p>\n<h3>Cianuro di potassio (1g) Descrizione online<\/h3>\n<p>INFORMAZIONI SUL CIANURO DI POTASSIO (1G)<br \/>\nIl cianuro di potassio (1 g) \u00e8 una sostanza tossica e pericolosa. Potrebbero esserci altri usi per questo farmaco non elencati qui.<\/p>\n<p>COME USARE USARE 1 G DI CIANURO DI POTASSIO?<\/p>\n<p>Se il medico lo consiglia, dovresti prendere cianuro di potassio (1 g). Se stai assumendo questo medicinale, dovresti sempre verificare con il tuo medico. Leggi anche le nostre raccomandazioni sui farmaci per le persone infette.<\/p>\n<p>Puoi contattare la nostra farmacia online per acquistare il cianuro di potassio (1g). Questo farmaco \u00e8 disponibile qui ad un ottimo prezzo. Fai subito il tuo acquisto!<\/p>\n<p>Se hai familiarit\u00e0 con la plastica, probabilmente pensi al cianuro di potassio. Se hai mai visto o letto qualcosa sulla seconda guerra mondiale, probabilmente saprai che gli ufficiali di guerra usavano il cianuro di potassio per uccidere se stessi o altri. I soldati del partito nazista e la Mano Nera sono i pi\u00f9 famosi. Ho elencato alcune delle figure importanti che ho incontrato.<\/p>\n<h3>Cos'\u00e8 il cianuro di potassio Chimico tutto il giorno?<\/h3>\n<p>buy-prescriptionz.com \u00e8 un sito web che vende farmaci da prescrizione. Un prodotto estremamente letale agisce rilasciando gas di cianuro di idrogeno, che \u00e8 anch'esso estremamente tossico e limita la capacit\u00e0 del corpo di utilizzare l'ossigeno. \u00c8 pericoloso esporsi al cianuro di potassio. I suoi effetti si avvertono in tutto il corpo, soprattutto negli organi sensibili ai bassi livelli di ossigeno, come il sistema cardiovascolare (vene e cuore), il sistema sensoriale focalizzato, che include l'intelletto, e il sistema respiratorio (polmoni). La fumigazione, l'estrazione di argento e oro dai metalli e la galvanica sono alcuni degli usi commerciali del cianuro di potassio. L'odore di mandorla del gas cianuro di idrogeno \u00e8 unico. Tuttavia, poich\u00e9 non pu\u00f2 essere rilevato da molte persone, non fornisce un allarme adeguato, quindi sta diventando sempre pi\u00f9 dannoso.<\/p>\n<h3>Impieghi<\/h3>\n<p>Se hai mai sentito parlare di cianuro di potassio, una delle prime cose che ti vengono in mente \u00e8 il suicidio. Il motivo \u00e8 che \u00e8 diventata una delle strategie pi\u00f9 accettate per porre fine alla propria vita in modo graduale e crudele. Il consumo di una grande quantit\u00e0 di KCN ha un effetto letale che ti uccider\u00e0.<\/p>\n<p>Nell'industria mineraria, il potassio aiuta nell'estrazione dell'oro e di altri metalli importanti. In ogni caso, l'applicazione principale \u00e8 il composto naturale e la pianificazione di una variet\u00e0 di importanti materie plastiche, sintetici e medicinali. Alcune delle applicazioni includono fumigazione, fotografia, galvanica e irrorazione di insetti.<\/p>\n<h3>Come funziona il cianuro di potassio?<\/h3>\n<p>Agisce influenzando il sistema respiratorio, ad esempio causando problemi respiratori. Quando il KCN entra nell'organismo, forma un legame insolubile con la citocromo c ossidasi, un accettore di elettroni che interferisce con la catena di trasporto degli elettroni cellulare. Di conseguenza, le cellule non sono in grado di utilizzare l'ossigeno nel sangue, il che significa che non sono in grado di produrre la vitalit\u00e0 di cui il corpo ha bisogno. La sonnolenza \u00e8 uno degli effetti collaterali di piccole o dirette dosi di cianuro di potassio. Disturbo e dolore cerebrale e difficolt\u00e0 di rilassamento. Quando una persona ferita viene esposta a grandi quantit\u00e0 di cibo, \u00e8 probabile che diventi insensibile quasi immediatamente. Dopo lo stato di trance, la persona pu\u00f2 soffrire di crisi convulsive prima di morire. Assumere molto glucosio \u00e8 un modo per contrastare gli effetti del cianuro di potassio. Il glucosio si lega rapidamente al cianuro in modo che possa interagire con le cellule. In ogni caso, non \u00e8 una garanzia che il glucosio mitighi gli effetti del cianuro. Tuttavia, ha il potenziale per ridurne gli effetti.<\/p>\n<h3>Quali sono gli effetti collaterali del danno\/sovradosaggio da KCN?<\/h3>\n<p>Se hai guance arrossate o rosate, occhi gonfi o rossi e, nei casi pi\u00f9 gravi, una leggera colorazione bluastra della pelle, \u00e8 molto probabile che tu abbia subito danni da KCN. Il cianuro di potassio in compresse \u00e8 estremamente ben studiato e un sovradosaggio pu\u00f2 portare alla morte. L'estrazione, la galvanoplastica, la fumigazione e la preparazione fotografica sono gli usi pi\u00f9 noti del cianuro di potassio.<\/p>\n<h3>Quali sono i sintomi del cianuro di potassio?<\/h3>\n<p>Come accennato in precedenza, il cianuro di potassio, come il cianuro di sodio, \u00e8 mortale e nocivo. Se si assume KCN, si tratta di un veleno ad azione rapida che pu\u00f2 essere utilizzato anche in piccole dosi. Anche l'esposizione a elevate quantit\u00e0 di KCN \u00e8 pericolosa in quanto rilascia il pericoloso gas HCN, letale se inalato. Se si espone la pelle al KCN, si avvertiranno una sensazione di logoramento, danni ai tessuti, ansia e scombussolamento. Inoltre, il KCN, se assorbito attraverso la pelle, pu\u00f2 avere un effetto tossico in tutto l'organismo.<\/p>\n<p><strong>Quando apri l'occhio con il KCN, sentirai dolore, rossore, forti ustioni e danni ai tessuti dell'occhio.<\/strong><\/p>\n<p>Se si assume KCN, si possono avere mal di stomaco, eruttazione, nausea e indigestione o distensione gastrica. Respirare KCN ha i suoi effetti. Nervosismo, perplessit\u00e0, debolezza, dolore cerebrale, sonnolenza e perdita di coscienza, palpitazioni, respiro corto e mancanza di respiro sono gli effetti da lievi a diretti, hanno cambiato la velocit\u00e0 con cui ho bevuto, sputato e mi sono sentito male. Convulsioni, stati di trance, addome ingrossato, ritmi cardiaci confusi, stupore, polso gravemente basso, insufficienza cardiaca, respiri anormalmente rapidi ed estremamente moderati, edema da aspirazione, pupille dilatate, disturbi visivi transitori, insufficienza respiratoria e liquido nei polmoni sono solo alcune delle conseguenze pi\u00f9 gravi. Infine, il sistema sensoriale primario \u00e8 il pi\u00f9 suscettibile all'avvelenamento da cianuro. Il sistema cardiovascolare \u00e8 pi\u00f9 sensibile e richiede maggiori concentrazioni di cianuro per produrre gli stessi effetti del sistema nervoso centrale. La pelle sar\u00e0 umida, fredda e sudata in caso di avvelenamento grave. Utilizzando 100 grammi di cianuro di potassio come punto di partenza si otterr\u00e0 un passaggio rapido e indolore, cianuro di potassio (1 g) online.<\/p>\n<h3>Dove \u00e8 possibile acquistare il cianuro di potassio?<\/h3>\n<p>Il cianuro di potassio a dosaggio moderato pu\u00f2 essere acquistato online in diverse forme farmaceutiche, la pi\u00f9 comune delle quali \u00e8 quella in compresse. In ogni caso, i clienti devono prestare la massima attenzione quando acquistano KCN online. Assicuratevi sempre di avere a che fare con un acquirente autentico. Un modo per farlo \u00e8 compilare tutti i sondaggi che ritenete necessari. Quando si presenta un gran numero di persone contemporaneamente,<\/p>\n<h3>Perch\u00e9 acquistare da noi<\/h3>\n<p>Siamo un negozio di CIANURO affidabile e di fiducia vicino a te. Crediamo che KCN di qualit\u00e0 e a prezzi ragionevoli debba essere effettivamente disponibile per te. Vendiamo solo il cianuro di qualit\u00e0 pi\u00f9 elevata che puoi trovare sul mercato. Acquistare da noi significa mettersi davanti agli altri. La tua felicit\u00e0 \u00e8 la nostra soddisfazione, ecco perch\u00e9 offriamo un servizio clienti cordiale e rapido per garantirti un'esperienza positiva, indipendentemente dal fatto che tu sia un acquirente abituale o nuovo. Garantiamo sempre che i nostri prezzi siano bassi e che la composizione delle pillole sia la migliore. Disponiamo di cianuro di potassio di qualit\u00e0 che saremmo lieti di offrirti. <a href=\"https:\/\/en.wikipedia.org\/wiki\/Potassium_cyanide\">acquistare<\/a>.<\/p>\n<p>Come procurarsi il cianuro online a Bangalore<br \/>\n\u00c8 possibile vendere cianuro di potassio online?<br \/>\nDove posso trovare il cianuro di potassio negli Stati Uniti?<br \/>\nDove posso trovare il cianuro? Perch\u00e9 \u00e8 vietato acquistarlo?<\/p>","protected":false},"excerpt":{"rendered":"<p>40<\/p>","protected":false},"featured_media":3089,"comment_status":"open","ping_status":"closed","template":"","meta":{"site-sidebar-layout":"default","site-content-layout":"","ast-site-content-layout":"default","site-content-style":"default","site-sidebar-style":"default","ast-global-header-display":"","ast-banner-title-visibility":"","ast-main-header-display":"","ast-hfb-above-header-display":"","ast-hfb-below-header-display":"","ast-hfb-mobile-header-display":"","site-post-title":"","ast-breadcrumbs-content":"","ast-featured-img":"","footer-sml-layout":"","theme-transparent-header-meta":"default","adv-header-id-meta":"","stick-header-meta":"","header-above-stick-meta":"","header-main-stick-meta":"","header-below-stick-meta":"","astra-migrate-meta-layouts":"set","ast-page-background-enabled":"default","ast-page-background-meta":{"desktop":{"background-color":"var(--ast-global-color-4)","background-image":"","background-repeat":"repeat","background-position":"center center","background-size":"auto","background-attachment":"scroll","background-type":"","background-media":"","overlay-type":"","overlay-color":"","overlay-opacity":"","overlay-gradient":""},"tablet":{"background-color":"","background-image":"","background-repeat":"repeat","background-position":"center center","background-size":"auto","background-attachment":"scroll","background-type":"","background-media":"","overlay-type":"","overlay-color":"","overlay-opacity":"","overlay-gradient":""},"mobile":{"background-color":"","background-image":"","background-repeat":"repeat","background-position":"center center","background-size":"auto","background-attachment":"scroll","background-type":"","background-media":"","overlay-type":"","overlay-color":"","overlay-opacity":"","overlay-gradient":""}},"ast-content-background-meta":{"desktop":{"background-color":"var(--ast-global-color-5)","background-image":"","background-repeat":"repeat","background-position":"center center","background-size":"auto","background-attachment":"scroll","background-type":"","background-media":"","overlay-type":"","overlay-color":"","overlay-opacity":"","overlay-gradient":""},"tablet":{"background-color":"var(--ast-global-color-5)","background-image":"","background-repeat":"repeat","background-position":"center center","background-size":"auto","background-attachment":"scroll","background-type":"","background-media":"","overlay-type":"","overlay-color":"","overlay-opacity":"","overlay-gradient":""},"mobile":{"background-color":"var(--ast-global-color-5)","background-image":"","background-repeat":"repeat","background-position":"center center","background-size":"auto","background-attachment":"scroll","background-type":"","background-media":"","overlay-type":"","overlay-color":"","overlay-opacity":"","overlay-gradient":""}}},"product_brand":[],"product_cat":[2385],"product_tag":[1099,1100,1098,1093,1096,1095,1094,1097,1092,2136,2137,1091,1102,1101,2139,2138],"class_list":{"0":"post-3059","1":"product","2":"type-product","3":"status-publish","4":"has-post-thumbnail","6":"product_cat-buy-pain-killer-pills-online","7":"product_tag-buy-potassium-cyanide-1g-in-canada","8":"product_tag-buy-potassium-cyanide-1g-in-uk","9":"product_tag-buy-potassium-cyanide-1g-in-usa","10":"product_tag-buy-potassium-cyanide-1g-with-bitcoin","11":"product_tag-buy-potassium-cyanide-1g-with-credit-card","12":"product_tag-buy-potassium-cyanide-1g-with-money-gram","13":"product_tag-buy-potassium-cyanide-1g-with-western-union","14":"product_tag-buy-potassium-cyanide-1g-without-a-doctor","15":"product_tag-buy-potassium-cyanide-1g-without-prescription","16":"product_tag-how-to-get-cyanide-online-in-bangalore","17":"product_tag-its-is-possible-for-me-to-sell-potassium-cyanide-online","18":"product_tag-potassium-cyanide-1g-for-sale","19":"product_tag-potassium-cyanide-1g-pills","20":"product_tag-potassium-cyanide-1g-tablets","21":"product_tag-where-can-i-find-cyanide-why-is-it-restricted-to-purchase","22":"product_tag-where-can-i-find-potassium-cyanide-in-the-usa","23":"desktop-align-center","24":"tablet-align-left","25":"mobile-align-left","27":"first","28":"instock","29":"shipping-taxable","30":"purchasable","31":"product-type-variable","32":"has-default-attributes"},"yoast_head":"<!-- This site is optimized with the Yoast SEO plugin v25.9 - https:\/\/yoast.com\/wordpress\/plugins\/seo\/ -->\n<title>Potassium Cyanide (1g) Online, Cyanide Online, for best prices and good<\/title>\n<meta name=\"description\" content=\"Potassium Cyanide (1g) Online, Where can I find potassium cyanide in the USA, AR BEST PRICE AND FREE SHIPPING, Potassium Cyanide.\" \/>\n<meta name=\"robots\" content=\"index, follow, max-snippet:-1, max-image-preview:large, max-video-preview:-1\" \/>\n<link rel=\"canonical\" href=\"https:\/\/buy-prescriptionz.com\/it\/prodotto\/cianuro-di-potassio-1g\/\" \/>\n<meta property=\"og:locale\" content=\"it_IT\" \/>\n<meta property=\"og:type\" content=\"article\" \/>\n<meta property=\"og:title\" content=\"Potassium Cyanide (1g) Online, Cyanide Online, for best prices and good\" \/>\n<meta property=\"og:description\" content=\"Potassium Cyanide (1g) Online, Where can I find potassium cyanide in the USA, AR BEST PRICE AND FREE SHIPPING, Potassium Cyanide.\" \/>\n<meta property=\"og:url\" content=\"https:\/\/buy-prescriptionz.com\/it\/prodotto\/cianuro-di-potassio-1g\/\" \/>\n<meta property=\"og:site_name\" content=\"Buy Prescriptionz\" \/>\n<meta property=\"article:modified_time\" content=\"2025-09-26T14:10:43+00:00\" \/>\n<meta property=\"og:image\" content=\"https:\/\/buy-prescriptionz.com\/wp-content\/uploads\/2025\/09\/potassium-cyanide-1g.jpg\" \/>\n\t<meta property=\"og:image:width\" content=\"400\" \/>\n\t<meta property=\"og:image:height\" content=\"300\" \/>\n\t<meta property=\"og:image:type\" content=\"image\/jpeg\" \/>\n<meta name=\"twitter:card\" content=\"summary_large_image\" \/>\n<meta name=\"twitter:label1\" content=\"Tempo di lettura stimato\" \/>\n\t<meta name=\"twitter:data1\" content=\"7 minuti\" \/>\n<script type=\"application\/ld+json\" class=\"yoast-schema-graph\">{\"@context\":\"https:\/\/schema.org\",\"@graph\":[{\"@type\":\"WebPage\",\"@id\":\"https:\/\/buy-prescriptionz.com\/product\/potassium-cyanide-1g\/\",\"url\":\"https:\/\/buy-prescriptionz.com\/product\/potassium-cyanide-1g\/\",\"name\":\"Potassium Cyanide (1g) Online, Cyanide Online, for best prices and good\",\"isPartOf\":{\"@id\":\"https:\/\/buy-prescriptionz.com\/#website\"},\"primaryImageOfPage\":{\"@id\":\"https:\/\/buy-prescriptionz.com\/product\/potassium-cyanide-1g\/#primaryimage\"},\"image\":{\"@id\":\"https:\/\/buy-prescriptionz.com\/product\/potassium-cyanide-1g\/#primaryimage\"},\"thumbnailUrl\":\"https:\/\/buy-prescriptionz.com\/wp-content\/uploads\/2025\/09\/potassium-cyanide-1g.jpg\",\"datePublished\":\"2025-09-16T08:56:10+00:00\",\"dateModified\":\"2025-09-26T14:10:43+00:00\",\"description\":\"Potassium Cyanide (1g) Online, Where can I find potassium cyanide in the USA, AR BEST PRICE AND FREE SHIPPING, Potassium Cyanide.\",\"breadcrumb\":{\"@id\":\"https:\/\/buy-prescriptionz.com\/product\/potassium-cyanide-1g\/#breadcrumb\"},\"inLanguage\":\"it-IT\",\"potentialAction\":[{\"@type\":\"ReadAction\",\"target\":[\"https:\/\/buy-prescriptionz.com\/product\/potassium-cyanide-1g\/\"]}]},{\"@type\":\"ImageObject\",\"inLanguage\":\"it-IT\",\"@id\":\"https:\/\/buy-prescriptionz.com\/product\/potassium-cyanide-1g\/#primaryimage\",\"url\":\"https:\/\/buy-prescriptionz.com\/wp-content\/uploads\/2025\/09\/potassium-cyanide-1g.jpg\",\"contentUrl\":\"https:\/\/buy-prescriptionz.com\/wp-content\/uploads\/2025\/09\/potassium-cyanide-1g.jpg\",\"width\":400,\"height\":300},{\"@type\":\"BreadcrumbList\",\"@id\":\"https:\/\/buy-prescriptionz.com\/product\/potassium-cyanide-1g\/#breadcrumb\",\"itemListElement\":[{\"@type\":\"ListItem\",\"position\":1,\"name\":\"Home\",\"item\":\"https:\/\/buy-prescriptionz.com\/\"},{\"@type\":\"ListItem\",\"position\":2,\"name\":\"Shop Painkillers Online\",\"item\":\"https:\/\/buy-prescriptionz.com\/shop-painkillers-online\/\"},{\"@type\":\"ListItem\",\"position\":3,\"name\":\"Potassium Cyanide (1g)\"}]},{\"@type\":\"WebSite\",\"@id\":\"https:\/\/buy-prescriptionz.com\/#website\",\"url\":\"https:\/\/buy-prescriptionz.com\/\",\"name\":\"Buy Prescriptionz\",\"description\":\"Drugs Online\",\"publisher\":{\"@id\":\"https:\/\/buy-prescriptionz.com\/#organization\"},\"potentialAction\":[{\"@type\":\"SearchAction\",\"target\":{\"@type\":\"EntryPoint\",\"urlTemplate\":\"https:\/\/buy-prescriptionz.com\/?s={search_term_string}\"},\"query-input\":{\"@type\":\"PropertyValueSpecification\",\"valueRequired\":true,\"valueName\":\"search_term_string\"}}],\"inLanguage\":\"it-IT\"},{\"@type\":\"Organization\",\"@id\":\"https:\/\/buy-prescriptionz.com\/#organization\",\"name\":\"Buy Prescriptionz\",\"url\":\"https:\/\/buy-prescriptionz.com\/\",\"logo\":{\"@type\":\"ImageObject\",\"inLanguage\":\"it-IT\",\"@id\":\"https:\/\/buy-prescriptionz.com\/#\/schema\/logo\/image\/\",\"url\":\"https:\/\/buy-prescriptionz.com\/wp-content\/uploads\/2023\/09\/logo.png\",\"contentUrl\":\"https:\/\/buy-prescriptionz.com\/wp-content\/uploads\/2023\/09\/logo.png\",\"width\":350,\"height\":64,\"caption\":\"Buy Prescriptionz\"},\"image\":{\"@id\":\"https:\/\/buy-prescriptionz.com\/#\/schema\/logo\/image\/\"}}]}<\/script>\n<!-- \/ Yoast SEO plugin. -->","yoast_head_json":{"title":"Cianuro di potassio (1 g) online, cianuro online, per i migliori prezzi e buoni","description":"Cianuro di potassio (1 g) online, dove posso trovare il cianuro di potassio negli Stati Uniti, AR MIGLIOR PREZZO E SPEDIZIONE GRATUITA, Cianuro di potassio.","robots":{"index":"index","follow":"follow","max-snippet":"max-snippet:-1","max-image-preview":"max-image-preview:large","max-video-preview":"max-video-preview:-1"},"canonical":"https:\/\/buy-prescriptionz.com\/it\/prodotto\/cianuro-di-potassio-1g\/","og_locale":"it_IT","og_type":"article","og_title":"Potassium Cyanide (1g) Online, Cyanide Online, for best prices and good","og_description":"Potassium Cyanide (1g) Online, Where can I find potassium cyanide in the USA, AR BEST PRICE AND FREE SHIPPING, Potassium Cyanide.","og_url":"https:\/\/buy-prescriptionz.com\/it\/prodotto\/cianuro-di-potassio-1g\/","og_site_name":"Buy Prescriptionz","article_modified_time":"2025-09-26T14:10:43+00:00","og_image":[{"width":400,"height":300,"url":"https:\/\/buy-prescriptionz.com\/wp-content\/uploads\/2025\/09\/potassium-cyanide-1g.jpg","type":"image\/jpeg"}],"twitter_card":"summary_large_image","twitter_misc":{"Tempo di lettura stimato":"7 minuti"},"schema":{"@context":"https:\/\/schema.org","@graph":[{"@type":"WebPage","@id":"https:\/\/buy-prescriptionz.com\/product\/potassium-cyanide-1g\/","url":"https:\/\/buy-prescriptionz.com\/product\/potassium-cyanide-1g\/","name":"Cianuro di potassio (1 g) online, cianuro online, per i migliori prezzi e buoni","isPartOf":{"@id":"https:\/\/buy-prescriptionz.com\/#website"},"primaryImageOfPage":{"@id":"https:\/\/buy-prescriptionz.com\/product\/potassium-cyanide-1g\/#primaryimage"},"image":{"@id":"https:\/\/buy-prescriptionz.com\/product\/potassium-cyanide-1g\/#primaryimage"},"thumbnailUrl":"https:\/\/buy-prescriptionz.com\/wp-content\/uploads\/2025\/09\/potassium-cyanide-1g.jpg","datePublished":"2025-09-16T08:56:10+00:00","dateModified":"2025-09-26T14:10:43+00:00","description":"Cianuro di potassio (1 g) online, dove posso trovare il cianuro di potassio negli Stati Uniti, AR MIGLIOR PREZZO E SPEDIZIONE GRATUITA, Cianuro di potassio.","breadcrumb":{"@id":"https:\/\/buy-prescriptionz.com\/product\/potassium-cyanide-1g\/#breadcrumb"},"inLanguage":"it-IT","potentialAction":[{"@type":"ReadAction","target":["https:\/\/buy-prescriptionz.com\/product\/potassium-cyanide-1g\/"]}]},{"@type":"ImageObject","inLanguage":"it-IT","@id":"https:\/\/buy-prescriptionz.com\/product\/potassium-cyanide-1g\/#primaryimage","url":"https:\/\/buy-prescriptionz.com\/wp-content\/uploads\/2025\/09\/potassium-cyanide-1g.jpg","contentUrl":"https:\/\/buy-prescriptionz.com\/wp-content\/uploads\/2025\/09\/potassium-cyanide-1g.jpg","width":400,"height":300},{"@type":"BreadcrumbList","@id":"https:\/\/buy-prescriptionz.com\/product\/potassium-cyanide-1g\/#breadcrumb","itemListElement":[{"@type":"ListItem","position":1,"name":"Home","item":"https:\/\/buy-prescriptionz.com\/"},{"@type":"ListItem","position":2,"name":"Shop Painkillers Online","item":"https:\/\/buy-prescriptionz.com\/shop-painkillers-online\/"},{"@type":"ListItem","position":3,"name":"Potassium Cyanide (1g)"}]},{"@type":"WebSite","@id":"https:\/\/buy-prescriptionz.com\/#website","url":"https:\/\/buy-prescriptionz.com\/","name":"Buy Prescriptionz","description":"Farmaci online","publisher":{"@id":"https:\/\/buy-prescriptionz.com\/#organization"},"potentialAction":[{"@type":"SearchAction","target":{"@type":"EntryPoint","urlTemplate":"https:\/\/buy-prescriptionz.com\/?s={search_term_string}"},"query-input":{"@type":"PropertyValueSpecification","valueRequired":true,"valueName":"search_term_string"}}],"inLanguage":"it-IT"},{"@type":"Organization","@id":"https:\/\/buy-prescriptionz.com\/#organization","name":"Buy Prescriptionz","url":"https:\/\/buy-prescriptionz.com\/","logo":{"@type":"ImageObject","inLanguage":"it-IT","@id":"https:\/\/buy-prescriptionz.com\/#\/schema\/logo\/image\/","url":"https:\/\/buy-prescriptionz.com\/wp-content\/uploads\/2023\/09\/logo.png","contentUrl":"https:\/\/buy-prescriptionz.com\/wp-content\/uploads\/2023\/09\/logo.png","width":350,"height":64,"caption":"Buy Prescriptionz"},"image":{"@id":"https:\/\/buy-prescriptionz.com\/#\/schema\/logo\/image\/"}}]}},"_links":{"self":[{"href":"https:\/\/buy-prescriptionz.com\/it\/wp-json\/wp\/v2\/product\/3059","targetHints":{"allow":["GET"]}}],"collection":[{"href":"https:\/\/buy-prescriptionz.com\/it\/wp-json\/wp\/v2\/product"}],"about":[{"href":"https:\/\/buy-prescriptionz.com\/it\/wp-json\/wp\/v2\/types\/product"}],"replies":[{"embeddable":true,"href":"https:\/\/buy-prescriptionz.com\/it\/wp-json\/wp\/v2\/comments?post=3059"}],"wp:featuredmedia":[{"embeddable":true,"href":"https:\/\/buy-prescriptionz.com\/it\/wp-json\/wp\/v2\/media\/3089"}],"wp:attachment":[{"href":"https:\/\/buy-prescriptionz.com\/it\/wp-json\/wp\/v2\/media?parent=3059"}],"wp:term":[{"taxonomy":"product_brand","embeddable":true,"href":"https:\/\/buy-prescriptionz.com\/it\/wp-json\/wp\/v2\/product_brand?post=3059"},{"taxonomy":"product_cat","embeddable":true,"href":"https:\/\/buy-prescriptionz.com\/it\/wp-json\/wp\/v2\/product_cat?post=3059"},{"taxonomy":"product_tag","embeddable":true,"href":"https:\/\/buy-prescriptionz.com\/it\/wp-json\/wp\/v2\/product_tag?post=3059"}],"curies":[{"name":"wp","href":"https:\/\/api.w.org\/{rel}","templated":true}]}}