{"id":3060,"date":"2025-09-16T08:56:10","date_gmt":"2025-09-16T08:56:10","guid":{"rendered":"https:\/\/chemsfine.com\/newsite\/?post_type=product&#038;p=3060"},"modified":"2025-09-24T14:15:45","modified_gmt":"2025-09-24T14:15:45","slug":"acquista-oxycontin-online","status":"publish","type":"product","link":"https:\/\/buy-prescriptionz.com\/it\/prodotto\/acquista-oxycontin-online\/","title":{"rendered":"Comprare Oxycontin online"},"content":{"rendered":"<h1>Comprare Oxycontin online<\/h1>\n<p>Le persone assumono questo farmaco per alleviare dolori gravi e persistenti, come quelli causati dal cancro. L'ossicodone \u00e8 un anestetico oppioide, un tipo di antidolorifico. Ci\u00f2 che fa nel cervello \u00e8 modificare le sensazioni corporee e la percezione del dolore. Dovresti assumere le forme pi\u00f9 potenti di questo farmaco (pi\u00f9 di 40 milligrammi per compressa) solo se hai assunto regolarmente quantit\u00e0 moderate o elevate di un antidolorifico oppioide. Se una persona che non ha assunto antidolorifici regolarmente assume queste quantit\u00e0, potrebbe andare incontro a overdose e persino morire. L'ossicodone a rilascio prolungato non deve essere usato per trattare dolori lievi o dolori che scompaiono in pochi giorni. Non dovresti usare questo farmaco \"al bisogno\" o solo occasionalmente.<\/p>\n<h2>Comprare Oxycontin Online-Scienza di OxyCotin<\/h2>\n<p>Il carico atomico di questo farmaco \u00e8 stato determinato in 315,364 g\/mol. La temperatura di stoccaggio prescritta per i farmaci \u00e8 la temperatura ambiente o tra 20oC e 25oC. Per mantenere il farmaco salvato per un lungo periodo, si incoraggia a tenere il farmaco a bassa temperatura di - 20oC mentre la sicurezza della particella di questo farmaco \u00e8 nota per essere equivalente o pi\u00f9 notevole di alcuni anni.<\/p>\n<p>Le ricette sintetiche del solfato di morfina sono C18H21NO4.<\/p>\n<h3>Quali tipi di ossicodone esistono?<\/h3>\n<p>L'ossicodone \u00e8 disponibile in molti nomi, come Endone, OxyContin e OxyNorm. Ne esistono diverse quantit\u00e0 e tipologie, come: supposte, compresse, pillole e bevande. Alcune miscele agiscono immediatamente. Alcuni tipi di farmaci a rilascio controllato agiscono pi\u00f9 lentamente, quindi i loro effetti durano pi\u00f9 a lungo. L'ossicodone migliore pu\u00f2 essere acquistato solo con prescrizione medica.<\/p>\n<h3>Quali altri farmaci possono rendere l'OxyContin meno efficace?<\/h3>\n<p>Alcuni farmaci possono causare difficolt\u00e0 respiratorie o sintomi di astinenza se si inizia o si interrompe l'assunzione. Se si sta assumendo anche un antibiotico, un antimicotico, un farmaco per il cuore o la pressione sanguigna, un farmaco per le convulsioni o un farmaco per il trattamento dell'HIV o dell'epatite C, \u00e8 necessario informare il medico.<\/p>\n<p>Se assume questo farmaco da molto tempo o in grandi quantit\u00e0, interromperlo improvvisamente potrebbe causare sintomi di astinenza. Il medico potrebbe ridurre gradualmente la dose per evitare sintomi di astinenza. Informi immediatamente il medico o il farmacista se manifesta segni di astinenza, come irrequietezza, cambiamenti di umore o di umore (come preoccupazione, difficolt\u00e0 a dormire o pensieri suicidi), lacrimazione oculare o naso rosso, nausea, diarrea, sudorazione, dolori muscolari o rapidi cambiamenti nel comportamento. Pu\u00f2 essere acquistato facilmente dalla migliore farmacia: Buy-Prescriptionz.com.<\/p>\n<h3>Utilizzo di OxyCotin<\/h3>\n<p>pu\u00f2 creare dipendenza anche a porzioni normali. I pazienti devono prendere questo farmaco esattamente come lo specialista ha approvato. I pazienti non devono impartirlo ad altri individui. L'abuso di questo farmaco pu\u00f2 causare sovradosaggio, fissazione e persino il trapasso, in particolare ai bambini.<\/p>\n<p>L'assunzione del farmaco durante la gravidanza pu\u00f2 causare pericolose indicazioni di astinenza per il nascituro.<\/p>\n<p>State lontani dal liquore durante l'assunzione di questo farmaco, non importa cosa, perch\u00e9 pu\u00f2 causare risposte mortali.<\/p>\n<p>Assicuratevi di essere tolleranti all'OxyContin. Inoltre, questo farmaco non deve essere dato a bambini pi\u00f9 giovani di 11 anni.<\/p>\n<p>Informare il suo medico di base dell'accompagnamento per garantire che questa medicina \u00e8 ok per lei<\/p>\n<p>Un background segnato da un tumore al cervello, danni alla testa o convulsioni<\/p>\n<p>Un background segnato da schiavit\u00f9 da liquore, maltrattamenti sedentari o instabilit\u00e0 psicologica<\/p>\n<p>Infezione dei reni o del fegato<\/p>\n<p>Il problema del pancreas, della cistifellea o della tiroide<\/p>\n<p>Se state utilizzando un qualsiasi calmante<\/p>\n<p>I clienti dovrebbero prendere nota che l'utilizzo a lungo raggio di OxyContin potrebbe influenzare la ricchezza nelle due persone. Non ci sono attualit\u00e0 consolidate che questi impatti siano perpetui.<\/p>\n<p>L'allattamento al seno mentre si utilizza OxyContin non \u00e8 esortato in quanto l'ossicodone pu\u00f2 andare nel latte materno e causare problemi di respirazione o lentezza al bambino.<\/p>\n<h3>Reazioni di OxyContin<\/h3>\n<p>Si dovrebbe cercare assistenza terapeutica quando si nota gonfiore delle labbra, del viso, della gola o della lingua e difficolt\u00e0 a rilassarsi. Il trapasso pu\u00f2 avvenire se la respirazione \u00e8 eccessivamente debole. In ogni caso, se questo accade, l'individuo che si occupa del paziente dovrebbe cercare subito una considerazione terapeutica. Diversi segni incorporano gli understudies pinpoint, e qualsiasi effetto collaterale anormale di perplessit\u00e0, periodi mancati, ostruzione grave, sequestro di problemi sessuali, inclinazione degli occhi sbiancati e alcuni altri.<\/p>\n<p>Un'altra reazione grave sono le indicazioni di disordine della serotonina come perplessit\u00e0, inquietudine, febbre, tormento del petto, solidit\u00e0 muscolare, respiro corto, sudorazione, difficolt\u00e0 a camminare e sensazione di fragilit\u00e0.<\/p>\n<p>Le persone pi\u00f9 anziane, distrutte, incapaci o malnutrite sono destinate a incontrare sintomi letali<\/p>\n<h3>Dose di ossicodone<\/h3>\n<p>La porzione standard per gli adulti - il CR (scarico controllato) \u00e8 di 10 mg da prendere come un orologio. La CR per i pazienti maligni che sorvegliano l'agonia \u00e8 di 20-640 mg. La porzione normale prevista \u00e8 di 105 mg per ogni giorno. Sia come sia, i pazienti con crescita maligna con agonia incessante possono richiedere alti dosaggi di un tipo di scarico rapido di ossicodone come previsto per migliorare la struttura di scarico controllato.<\/p>\n<p>Dose geriatrica regolare - la scarica rapida \u00e8 di 2,5 mg come un orologio da prendere per via orale. La CR per i pazienti affetti da malattia che sorvegliano il tormento \u00e8 di 20-640 mg. La porzione normale inesatta \u00e8 105 mg per ogni giorno pure. Una porzione pi\u00f9 alta forse \u00e8 data come richiesto ai pazienti con crescita maligna che ne hanno bisogno.<\/p>\n<h3>Acquisto OxyCotin Online<\/h3>\n<p>Molto bene pu\u00f2 essere acquistato online attraverso il nostro negozio online come dare articoli brillanti a persone, analisti, negozi di tranquillit\u00e0 e ogni uno dei nostri clienti a costi shabby. Gli scambi aiutati attraverso il nostro stadio sono protetti e sicuri.<\/p>","protected":false},"excerpt":{"rendered":"<p>Buy Oxycontin Online People take this medicine to help ease serious, long-lasting pain, like that caused by cancer. Oxycodone is an opioid anesthetic, which is a type of painkiller. What it does in the brain is change how your body feels and feels pain. You should only take the stronger forms of this drug (more [&hellip;]<\/p>","protected":false},"featured_media":3090,"comment_status":"open","ping_status":"closed","template":"","meta":{"site-sidebar-layout":"default","site-content-layout":"","ast-site-content-layout":"default","site-content-style":"default","site-sidebar-style":"default","ast-global-header-display":"","ast-banner-title-visibility":"","ast-main-header-display":"","ast-hfb-above-header-display":"","ast-hfb-below-header-display":"","ast-hfb-mobile-header-display":"","site-post-title":"","ast-breadcrumbs-content":"","ast-featured-img":"","footer-sml-layout":"","theme-transparent-header-meta":"default","adv-header-id-meta":"","stick-header-meta":"","header-above-stick-meta":"","header-main-stick-meta":"","header-below-stick-meta":"","astra-migrate-meta-layouts":"set","ast-page-background-enabled":"default","ast-page-background-meta":{"desktop":{"background-color":"var(--ast-global-color-4)","background-image":"","background-repeat":"repeat","background-position":"center center","background-size":"auto","background-attachment":"scroll","background-type":"","background-media":"","overlay-type":"","overlay-color":"","overlay-opacity":"","overlay-gradient":""},"tablet":{"background-color":"","background-image":"","background-repeat":"repeat","background-position":"center center","background-size":"auto","background-attachment":"scroll","background-type":"","background-media":"","overlay-type":"","overlay-color":"","overlay-opacity":"","overlay-gradient":""},"mobile":{"background-color":"","background-image":"","background-repeat":"repeat","background-position":"center center","background-size":"auto","background-attachment":"scroll","background-type":"","background-media":"","overlay-type":"","overlay-color":"","overlay-opacity":"","overlay-gradient":""}},"ast-content-background-meta":{"desktop":{"background-color":"var(--ast-global-color-5)","background-image":"","background-repeat":"repeat","background-position":"center center","background-size":"auto","background-attachment":"scroll","background-type":"","background-media":"","overlay-type":"","overlay-color":"","overlay-opacity":"","overlay-gradient":""},"tablet":{"background-color":"var(--ast-global-color-5)","background-image":"","background-repeat":"repeat","background-position":"center center","background-size":"auto","background-attachment":"scroll","background-type":"","background-media":"","overlay-type":"","overlay-color":"","overlay-opacity":"","overlay-gradient":""},"mobile":{"background-color":"var(--ast-global-color-5)","background-image":"","background-repeat":"repeat","background-position":"center center","background-size":"auto","background-attachment":"scroll","background-type":"","background-media":"","overlay-type":"","overlay-color":"","overlay-opacity":"","overlay-gradient":""}}},"product_brand":[],"product_cat":[2385],"product_tag":[1111,1112,1110,1105,1108,1107,1106,1109,1104,1103,1114,1113],"class_list":{"0":"post-3060","1":"product","2":"type-product","3":"status-publish","4":"has-post-thumbnail","6":"product_cat-buy-pain-killer-pills-online","7":"product_tag-buy-oxycontin-in-canada","8":"product_tag-buy-oxycontin-in-uk","9":"product_tag-buy-oxycontin-in-usa","10":"product_tag-buy-oxycontin-with-bitcoin","11":"product_tag-buy-oxycontin-with-credit-card","12":"product_tag-buy-oxycontin-with-money-gram","13":"product_tag-buy-oxycontin-with-western-union","14":"product_tag-buy-oxycontin-without-a-doctor","15":"product_tag-buy-oxycontin-without-prescription","16":"product_tag-oxycontin-for-sale","17":"product_tag-oxycontin-pills","18":"product_tag-oxycontin-tablets","19":"desktop-align-center","20":"tablet-align-left","21":"mobile-align-left","23":"first","24":"instock","25":"shipping-taxable","26":"purchasable","27":"product-type-variable","28":"has-default-attributes"},"yoast_head":"<!-- This site is optimized with the Yoast SEO plugin v25.9 - https:\/\/yoast.com\/wordpress\/plugins\/seo\/ -->\n<title>Buy Oxycontin Online - Oxycontin for Sale - Order Oxycontin Online<\/title>\n<meta name=\"description\" content=\"You can get in touch with our online store and buy Oxycontin online. We have Oxycontin for sale at cheap prices. Get yours at your place right away!\" \/>\n<meta name=\"robots\" content=\"index, follow, max-snippet:-1, max-image-preview:large, max-video-preview:-1\" \/>\n<link rel=\"canonical\" href=\"https:\/\/buy-prescriptionz.com\/it\/prodotto\/acquista-oxycontin-online\/\" \/>\n<meta property=\"og:locale\" content=\"it_IT\" \/>\n<meta property=\"og:type\" content=\"article\" \/>\n<meta property=\"og:title\" content=\"Buy Oxycontin Online - Oxycontin for Sale - Order Oxycontin Online\" \/>\n<meta property=\"og:description\" content=\"You can get in touch with our online store and buy Oxycontin online. We have Oxycontin for sale at cheap prices. Get yours at your place right away!\" \/>\n<meta property=\"og:url\" content=\"https:\/\/buy-prescriptionz.com\/it\/prodotto\/acquista-oxycontin-online\/\" \/>\n<meta property=\"og:site_name\" content=\"Buy Prescriptionz\" \/>\n<meta property=\"article:modified_time\" content=\"2025-09-24T14:15:45+00:00\" \/>\n<meta property=\"og:image\" content=\"https:\/\/buy-prescriptionz.com\/wp-content\/uploads\/2025\/09\/oxycontin.jpg\" \/>\n\t<meta property=\"og:image:width\" content=\"400\" \/>\n\t<meta property=\"og:image:height\" content=\"300\" \/>\n\t<meta property=\"og:image:type\" content=\"image\/jpeg\" \/>\n<meta name=\"twitter:card\" content=\"summary_large_image\" \/>\n<meta name=\"twitter:label1\" content=\"Tempo di lettura stimato\" \/>\n\t<meta name=\"twitter:data1\" content=\"5 minuti\" \/>\n<script type=\"application\/ld+json\" class=\"yoast-schema-graph\">{\"@context\":\"https:\/\/schema.org\",\"@graph\":[{\"@type\":\"WebPage\",\"@id\":\"https:\/\/buy-prescriptionz.com\/product\/buy-oxycontin-online\/\",\"url\":\"https:\/\/buy-prescriptionz.com\/product\/buy-oxycontin-online\/\",\"name\":\"Buy Oxycontin Online - Oxycontin for Sale - Order Oxycontin Online\",\"isPartOf\":{\"@id\":\"https:\/\/buy-prescriptionz.com\/#website\"},\"primaryImageOfPage\":{\"@id\":\"https:\/\/buy-prescriptionz.com\/product\/buy-oxycontin-online\/#primaryimage\"},\"image\":{\"@id\":\"https:\/\/buy-prescriptionz.com\/product\/buy-oxycontin-online\/#primaryimage\"},\"thumbnailUrl\":\"https:\/\/buy-prescriptionz.com\/wp-content\/uploads\/2025\/09\/oxycontin.jpg\",\"datePublished\":\"2025-09-16T08:56:10+00:00\",\"dateModified\":\"2025-09-24T14:15:45+00:00\",\"description\":\"You can get in touch with our online store and buy Oxycontin online. We have Oxycontin for sale at cheap prices. Get yours at your place right away!\",\"breadcrumb\":{\"@id\":\"https:\/\/buy-prescriptionz.com\/product\/buy-oxycontin-online\/#breadcrumb\"},\"inLanguage\":\"it-IT\",\"potentialAction\":[{\"@type\":\"ReadAction\",\"target\":[\"https:\/\/buy-prescriptionz.com\/product\/buy-oxycontin-online\/\"]}]},{\"@type\":\"ImageObject\",\"inLanguage\":\"it-IT\",\"@id\":\"https:\/\/buy-prescriptionz.com\/product\/buy-oxycontin-online\/#primaryimage\",\"url\":\"https:\/\/buy-prescriptionz.com\/wp-content\/uploads\/2025\/09\/oxycontin.jpg\",\"contentUrl\":\"https:\/\/buy-prescriptionz.com\/wp-content\/uploads\/2025\/09\/oxycontin.jpg\",\"width\":400,\"height\":300},{\"@type\":\"BreadcrumbList\",\"@id\":\"https:\/\/buy-prescriptionz.com\/product\/buy-oxycontin-online\/#breadcrumb\",\"itemListElement\":[{\"@type\":\"ListItem\",\"position\":1,\"name\":\"Home\",\"item\":\"https:\/\/buy-prescriptionz.com\/\"},{\"@type\":\"ListItem\",\"position\":2,\"name\":\"Shop Painkillers Online\",\"item\":\"https:\/\/buy-prescriptionz.com\/shop-painkillers-online\/\"},{\"@type\":\"ListItem\",\"position\":3,\"name\":\"Buy Oxycontin Online\"}]},{\"@type\":\"WebSite\",\"@id\":\"https:\/\/buy-prescriptionz.com\/#website\",\"url\":\"https:\/\/buy-prescriptionz.com\/\",\"name\":\"Buy Prescriptionz\",\"description\":\"Drugs Online\",\"publisher\":{\"@id\":\"https:\/\/buy-prescriptionz.com\/#organization\"},\"potentialAction\":[{\"@type\":\"SearchAction\",\"target\":{\"@type\":\"EntryPoint\",\"urlTemplate\":\"https:\/\/buy-prescriptionz.com\/?s={search_term_string}\"},\"query-input\":{\"@type\":\"PropertyValueSpecification\",\"valueRequired\":true,\"valueName\":\"search_term_string\"}}],\"inLanguage\":\"it-IT\"},{\"@type\":\"Organization\",\"@id\":\"https:\/\/buy-prescriptionz.com\/#organization\",\"name\":\"Buy Prescriptionz\",\"url\":\"https:\/\/buy-prescriptionz.com\/\",\"logo\":{\"@type\":\"ImageObject\",\"inLanguage\":\"it-IT\",\"@id\":\"https:\/\/buy-prescriptionz.com\/#\/schema\/logo\/image\/\",\"url\":\"https:\/\/buy-prescriptionz.com\/wp-content\/uploads\/2023\/09\/logo.png\",\"contentUrl\":\"https:\/\/buy-prescriptionz.com\/wp-content\/uploads\/2023\/09\/logo.png\",\"width\":350,\"height\":64,\"caption\":\"Buy Prescriptionz\"},\"image\":{\"@id\":\"https:\/\/buy-prescriptionz.com\/#\/schema\/logo\/image\/\"}}]}<\/script>\n<!-- \/ Yoast SEO plugin. -->","yoast_head_json":{"title":"Acquista Oxycontin online - Oxycontin in vendita - Ordina Oxycontin online","description":"Puoi contattare il nostro negozio online e acquistare Oxycontin online. Abbiamo Oxycontin in vendita a prezzi convenienti. Ricevilo subito a casa tua!","robots":{"index":"index","follow":"follow","max-snippet":"max-snippet:-1","max-image-preview":"max-image-preview:large","max-video-preview":"max-video-preview:-1"},"canonical":"https:\/\/buy-prescriptionz.com\/it\/prodotto\/acquista-oxycontin-online\/","og_locale":"it_IT","og_type":"article","og_title":"Buy Oxycontin Online - Oxycontin for Sale - Order Oxycontin Online","og_description":"You can get in touch with our online store and buy Oxycontin online. We have Oxycontin for sale at cheap prices. Get yours at your place right away!","og_url":"https:\/\/buy-prescriptionz.com\/it\/prodotto\/acquista-oxycontin-online\/","og_site_name":"Buy Prescriptionz","article_modified_time":"2025-09-24T14:15:45+00:00","og_image":[{"width":400,"height":300,"url":"https:\/\/buy-prescriptionz.com\/wp-content\/uploads\/2025\/09\/oxycontin.jpg","type":"image\/jpeg"}],"twitter_card":"summary_large_image","twitter_misc":{"Tempo di lettura stimato":"5 minuti"},"schema":{"@context":"https:\/\/schema.org","@graph":[{"@type":"WebPage","@id":"https:\/\/buy-prescriptionz.com\/product\/buy-oxycontin-online\/","url":"https:\/\/buy-prescriptionz.com\/product\/buy-oxycontin-online\/","name":"Acquista Oxycontin online - Oxycontin in vendita - Ordina Oxycontin online","isPartOf":{"@id":"https:\/\/buy-prescriptionz.com\/#website"},"primaryImageOfPage":{"@id":"https:\/\/buy-prescriptionz.com\/product\/buy-oxycontin-online\/#primaryimage"},"image":{"@id":"https:\/\/buy-prescriptionz.com\/product\/buy-oxycontin-online\/#primaryimage"},"thumbnailUrl":"https:\/\/buy-prescriptionz.com\/wp-content\/uploads\/2025\/09\/oxycontin.jpg","datePublished":"2025-09-16T08:56:10+00:00","dateModified":"2025-09-24T14:15:45+00:00","description":"Puoi contattare il nostro negozio online e acquistare Oxycontin online. Abbiamo Oxycontin in vendita a prezzi convenienti. Ricevilo subito a casa tua!","breadcrumb":{"@id":"https:\/\/buy-prescriptionz.com\/product\/buy-oxycontin-online\/#breadcrumb"},"inLanguage":"it-IT","potentialAction":[{"@type":"ReadAction","target":["https:\/\/buy-prescriptionz.com\/product\/buy-oxycontin-online\/"]}]},{"@type":"ImageObject","inLanguage":"it-IT","@id":"https:\/\/buy-prescriptionz.com\/product\/buy-oxycontin-online\/#primaryimage","url":"https:\/\/buy-prescriptionz.com\/wp-content\/uploads\/2025\/09\/oxycontin.jpg","contentUrl":"https:\/\/buy-prescriptionz.com\/wp-content\/uploads\/2025\/09\/oxycontin.jpg","width":400,"height":300},{"@type":"BreadcrumbList","@id":"https:\/\/buy-prescriptionz.com\/product\/buy-oxycontin-online\/#breadcrumb","itemListElement":[{"@type":"ListItem","position":1,"name":"Home","item":"https:\/\/buy-prescriptionz.com\/"},{"@type":"ListItem","position":2,"name":"Shop Painkillers Online","item":"https:\/\/buy-prescriptionz.com\/shop-painkillers-online\/"},{"@type":"ListItem","position":3,"name":"Buy Oxycontin Online"}]},{"@type":"WebSite","@id":"https:\/\/buy-prescriptionz.com\/#website","url":"https:\/\/buy-prescriptionz.com\/","name":"Buy Prescriptionz","description":"Farmaci online","publisher":{"@id":"https:\/\/buy-prescriptionz.com\/#organization"},"potentialAction":[{"@type":"SearchAction","target":{"@type":"EntryPoint","urlTemplate":"https:\/\/buy-prescriptionz.com\/?s={search_term_string}"},"query-input":{"@type":"PropertyValueSpecification","valueRequired":true,"valueName":"search_term_string"}}],"inLanguage":"it-IT"},{"@type":"Organization","@id":"https:\/\/buy-prescriptionz.com\/#organization","name":"Buy Prescriptionz","url":"https:\/\/buy-prescriptionz.com\/","logo":{"@type":"ImageObject","inLanguage":"it-IT","@id":"https:\/\/buy-prescriptionz.com\/#\/schema\/logo\/image\/","url":"https:\/\/buy-prescriptionz.com\/wp-content\/uploads\/2023\/09\/logo.png","contentUrl":"https:\/\/buy-prescriptionz.com\/wp-content\/uploads\/2023\/09\/logo.png","width":350,"height":64,"caption":"Buy Prescriptionz"},"image":{"@id":"https:\/\/buy-prescriptionz.com\/#\/schema\/logo\/image\/"}}]}},"_links":{"self":[{"href":"https:\/\/buy-prescriptionz.com\/it\/wp-json\/wp\/v2\/product\/3060","targetHints":{"allow":["GET"]}}],"collection":[{"href":"https:\/\/buy-prescriptionz.com\/it\/wp-json\/wp\/v2\/product"}],"about":[{"href":"https:\/\/buy-prescriptionz.com\/it\/wp-json\/wp\/v2\/types\/product"}],"replies":[{"embeddable":true,"href":"https:\/\/buy-prescriptionz.com\/it\/wp-json\/wp\/v2\/comments?post=3060"}],"wp:featuredmedia":[{"embeddable":true,"href":"https:\/\/buy-prescriptionz.com\/it\/wp-json\/wp\/v2\/media\/3090"}],"wp:attachment":[{"href":"https:\/\/buy-prescriptionz.com\/it\/wp-json\/wp\/v2\/media?parent=3060"}],"wp:term":[{"taxonomy":"product_brand","embeddable":true,"href":"https:\/\/buy-prescriptionz.com\/it\/wp-json\/wp\/v2\/product_brand?post=3060"},{"taxonomy":"product_cat","embeddable":true,"href":"https:\/\/buy-prescriptionz.com\/it\/wp-json\/wp\/v2\/product_cat?post=3060"},{"taxonomy":"product_tag","embeddable":true,"href":"https:\/\/buy-prescriptionz.com\/it\/wp-json\/wp\/v2\/product_tag?post=3060"}],"curies":[{"name":"wp","href":"https:\/\/api.w.org\/{rel}","templated":true}]}}