{"id":3061,"date":"2025-09-16T08:56:10","date_gmt":"2025-09-16T08:56:10","guid":{"rendered":"https:\/\/chemsfine.com\/newsite\/?post_type=product&#038;p=3061"},"modified":"2025-09-24T14:12:05","modified_gmt":"2025-09-24T14:12:05","slug":"acquista-ossicodone-apap-wattson-labs-online","status":"publish","type":"product","link":"https:\/\/buy-prescriptionz.com\/it\/prodotto\/acquista-ossicodone-apap-wattson-labs-online\/","title":{"rendered":"Comprare Oxycodone - Apap (Wattson Labs) Online"},"content":{"rendered":"<h2>Comprare Oxycodone - Apap (Wattson Labs) Online<\/h2>\n<h3>Acquisto Oxycodone Online-Acquista Oxycodone - Apap (Wattson Labs) Online<\/h3>\n<p>Acquista Ossicodone - Apap (Wattson Labs) online, acquista Ossicodone online QUI dalla migliore farmacia online. Altruism Pharmacy \u00e8 la migliore farmacia online per ordinare Ossicodone online. L'ossicodone \u00e8 un narcotico semisintetico derivato dalla tebaina, un alcaloide narcotico presente nel papavero persiano e uno dei numerosi alcaloidi presenti nel papavero da oppio. \u00c8 un farmaco narcotico relativamente potente (per via orale, generalmente 1,5 volte pi\u00f9 intenso della morfina), principalmente indicato per il sollievo dal dolore moderato a grave. L'ossicodone \u00e8 un narcotico agonista puro la cui principale attivit\u00e0 terapeutica \u00e8 l'assenza di dolore. Altri farmaci appartenenti alla classe degli agonisti narcotici includono sostanze come morfina, idromorfone, fentanil, codeina e idrocodone. Gli effetti farmacologici degli agonisti narcotici includono ansiolisi, euforia, sensazione di rilassamento, difficolt\u00e0 respiratorie, ostruzione, miosi e cefalea, nonch\u00e9 assenza di dolore. Come tutti gli analgesici agonisti narcotici puri, con l'aumento delle dosi, si verifica un aumento. Acquista Oxycodone - Apap (Wattson Labs) online \u00a0 assenza di dolore, a differenza di agonisti\/rivali misti o analgesici non narcotici, dove si verifica un punto di rottura nell'effetto analgesico con dosi crescenti: acquista Oxycodone online per alleviare il tuo dolore moderato o grave.<\/p>\n<h3>Acquistare Oxycodone online legalmente<\/h3>\n<p>Acquista Ossicodone - Apap (Wattson Labs) online. Acquistare Ossicodone online legalmente \u00e8 possibile qui su Buy-prescriptionz Online Store. Acquista Ossicodone online da Buy-prescriptionz e la dose deve essere bilanciata in base alla gravit\u00e0 del dolore e alla reazione del paziente. A volte potrebbe essere necessario superare la dose standard prescritta di seguito.<\/p>\n<h3>Come assumere l'ossicodone:<\/h3>\n<p>Ogni volta che si riceve una nuova dose o si inizia ad assumere ossicodone\/paracetamolo, leggere attentamente la Guida ai Farmaci fornita dal farmacista. Consultare il medico o il farmacista per qualsiasi domanda.<\/p>\n<p>Assumere questo farmaco per via orale come prescritto dal medico. Questo farmaco pu\u00f2 essere assunto con o senza pasti. Assumere questo farmaco durante i pasti pu\u00f2 aiutare in caso di nausea. Chiedere al medico o al farmacista ulteriori informazioni su ulteriori strategie per ridurre la nausea (ad esempio, sdraiarsi per un'ora o due, con il minor movimento possibile della testa). \u00c8 possibile mangiare o bere succo di pompelmo durante l'assunzione di questo farmaco, ma evitarlo. Il potenziale di effetti avversi di questo farmaco pu\u00f2 essere aumentato dal pompelmo. Se il medico o il farmacista ritiene che queste informazioni siano infondate, parlarne con il proprio medico o farmacista.<\/p>\n<p>Se stai assumendo ossicodone in forma liquida, misura con precisione la dose raccomandata utilizzando un misurino farmaceutico. Un cucchiaio da cucina potrebbe non fornirti la dose corretta, quindi evita di usarlo. La dose dipender\u00e0 dalle tue condizioni mediche e dalla tua reazione alla terapia. Non assumere mai una dose di farmaco superiore a quella raccomandata, non assumerla mai pi\u00f9 spesso e non assumerla mai per un periodo pi\u00f9 lungo di quanto consigliato. Quando indicato, interrompi l'assunzione del farmaco come indicato.<\/p>\n<h3>(MISURAZIONE E AMMINISTRAZIONE)<\/h3>\n<p>In casi di tormento progressivamente grave o in quei pazienti che sono diventati tolleranti all'impatto antidolorifico dei narcotici. Nel caso in cui l'agonia sia costante, l'antidolorifico narcotico deve essere somministrato a intervalli abituali in un calendario continuo.<\/p>\n<h3>Acquisto Oxycodone Pills Online (POSSIBILI EFFETTI COLLATERALI)<\/h3>\n<p>Purchase Oxycodone Pills Online from Buy-prescriptionz Online store. This is the Best spot you can Buy Oxycodone Pills Online and have it conveyed to you in a couple of hours. Purchase Oxycodone Online from Our Pharmacy and furthermore know that it accompanies some symptoms, for example, ;<\/p>\n<p>Brividi<\/p>\n<p>sudori freddi<\/p>\n<p>perplessit\u00e0<\/p>\n<p>fastidioso o faticoso rilassamento<\/p>\n<p>stanchezza, svenimento o discombussolamento quando ci si alza all'improvviso da una posizione sdraiata o seduta<\/p>\n<p>febbre<\/p>\n<p>sensazione di calore nel petto<\/p>\n<p>a scatti<\/p>\n<h3>Effetti collaterali dell'ossicodone<\/h3>\n<p>L'assunzione di ossicodone pu\u00f2 causare sintomi come stordimento, vertigini, stitichezza, nausea o sonnolenza. Dopo un certo periodo di assunzione, alcuni di questi effetti collaterali possono scomparire. Informare immediatamente il farmacista o il medico se uno qualsiasi di questi effetti collaterali persiste o peggiora. Assumere fibre alimentari, bere acqua a sufficienza e fare esercizio fisico per evitare la stitichezza. Inoltre, potrebbe essere necessario assumere un lassativo. Scopri quale tipo di lassativo \u00e8 pi\u00f9 adatto a te chiedendo al tuo farmacista.<\/p>\n<p>Quando si esce dalla posizione seduta o sdraiata, farlo delicatamente per ridurre il rischio di capogiri e vertigini. Ricorda che il tuo medico ti ha consigliato questo medicinale perch\u00e9 ritiene che ti aiuter\u00e0 pi\u00f9 di quanto non causer\u00e0 effetti collaterali negativi. Molti utilizzatori di questo medicinale non segnalano effetti avversi significativi.<\/p>\n<p>Puoi acquistare il miglior ossicodone - APAP online su buy-prescriptionz.com. Questo farmaco potenzia gli effetti dell'ossicodone, un potente analgesico, con il paracetamolo (APAP). A causa del suo potenziale di dipendenza e delle sue conseguenze negative, \u00e8 fondamentale che questo farmaco venga utilizzato sotto stretto controllo medico. Acquistare dalla migliore farmacia garantisce l'autenticit\u00e0 del prodotto. Consulta sempre un medico per assicurarti che questo farmaco sia adatto a te, nonch\u00e9 per conoscere il dosaggio corretto e i possibili rischi.<\/p>\n<h3>CONTROINDICAZIONI<\/h3>\n<p>Acquisto Oxycodone Online, tuttavia, seguire le controindicazioni di accompagnamento. Le compresse non dovrebbero essere dirette a pazienti con nota estrema suscettibilit\u00e0 all'ossicodone, all'acetaminofene o ad altri segmenti di questo articolo. L'ossicodone \u00e8 controindicato in qualsiasi circostanza in cui i narcotici sono controindicati, compresi i pazienti con notevole sconforto respiratorio (in ambienti non monitorati o in assenza di attrezzature di rianimazione) e pazienti con asma bronchiale intensa o estrema o ipercarbia. Oxycodone \u00e8 controindicato nell'impostazione di sospetto o noto ileo disabile.  Comprare Oxycodone - Apap (Wattson Labs) Online<\/p>","protected":false},"excerpt":{"rendered":"<p>Buy Oxycodone &#8211; Apap (Wattson Labs) Online Purchase Oxycodone Online-Buy Oxycodone &#8211; Apap (Wattson Labs) Online Buy Oxycodone &#8211; Apap (Wattson Labs) Online, Purchase Oxycodone Online HERE from the Best Online Pharmacy. Altruism Pharmacy is the Best Online Pharmacy to Order Oxycodone Online. Oxycodone is a semisynthetic narcotic blended from thebaine, a narcotic alkaloid found [&hellip;]<\/p>","protected":false},"featured_media":3091,"comment_status":"open","ping_status":"closed","template":"","meta":{"site-sidebar-layout":"default","site-content-layout":"","ast-site-content-layout":"default","site-content-style":"default","site-sidebar-style":"default","ast-global-header-display":"","ast-banner-title-visibility":"","ast-main-header-display":"","ast-hfb-above-header-display":"","ast-hfb-below-header-display":"","ast-hfb-mobile-header-display":"","site-post-title":"","ast-breadcrumbs-content":"","ast-featured-img":"","footer-sml-layout":"","theme-transparent-header-meta":"default","adv-header-id-meta":"","stick-header-meta":"","header-above-stick-meta":"","header-main-stick-meta":"","header-below-stick-meta":"","astra-migrate-meta-layouts":"set","ast-page-background-enabled":"default","ast-page-background-meta":{"desktop":{"background-color":"var(--ast-global-color-4)","background-image":"","background-repeat":"repeat","background-position":"center center","background-size":"auto","background-attachment":"scroll","background-type":"","background-media":"","overlay-type":"","overlay-color":"","overlay-opacity":"","overlay-gradient":""},"tablet":{"background-color":"","background-image":"","background-repeat":"repeat","background-position":"center center","background-size":"auto","background-attachment":"scroll","background-type":"","background-media":"","overlay-type":"","overlay-color":"","overlay-opacity":"","overlay-gradient":""},"mobile":{"background-color":"","background-image":"","background-repeat":"repeat","background-position":"center center","background-size":"auto","background-attachment":"scroll","background-type":"","background-media":"","overlay-type":"","overlay-color":"","overlay-opacity":"","overlay-gradient":""}},"ast-content-background-meta":{"desktop":{"background-color":"var(--ast-global-color-5)","background-image":"","background-repeat":"repeat","background-position":"center center","background-size":"auto","background-attachment":"scroll","background-type":"","background-media":"","overlay-type":"","overlay-color":"","overlay-opacity":"","overlay-gradient":""},"tablet":{"background-color":"var(--ast-global-color-5)","background-image":"","background-repeat":"repeat","background-position":"center center","background-size":"auto","background-attachment":"scroll","background-type":"","background-media":"","overlay-type":"","overlay-color":"","overlay-opacity":"","overlay-gradient":""},"mobile":{"background-color":"var(--ast-global-color-5)","background-image":"","background-repeat":"repeat","background-position":"center center","background-size":"auto","background-attachment":"scroll","background-type":"","background-media":"","overlay-type":"","overlay-color":"","overlay-opacity":"","overlay-gradient":""}}},"product_brand":[],"product_cat":[2385],"product_tag":[1123,1124,1122,1117,1120,1119,1118,1121,1116,1115,1126,1125],"class_list":{"0":"post-3061","1":"product","2":"type-product","3":"status-publish","4":"has-post-thumbnail","6":"product_cat-buy-pain-killer-pills-online","7":"product_tag-buy-oxycodone-apap-wattson-labs-in-canada","8":"product_tag-buy-oxycodone-apap-wattson-labs-in-uk","9":"product_tag-buy-oxycodone-apap-wattson-labs-in-usa","10":"product_tag-buy-oxycodone-apap-wattson-labs-with-bitcoin","11":"product_tag-buy-oxycodone-apap-wattson-labs-with-credit-card","12":"product_tag-buy-oxycodone-apap-wattson-labs-with-money-gram","13":"product_tag-buy-oxycodone-apap-wattson-labs-with-western-union","14":"product_tag-buy-oxycodone-apap-wattson-labs-without-a-doctor","15":"product_tag-buy-oxycodone-apap-wattson-labs-without-prescription","16":"product_tag-oxycodone-apap-wattson-labs-for-sale","17":"product_tag-oxycodone-apap-wattson-labs-pills","18":"product_tag-oxycodone-apap-wattson-labs-tablets","19":"desktop-align-center","20":"tablet-align-left","21":"mobile-align-left","23":"first","24":"instock","25":"shipping-taxable","26":"purchasable","27":"product-type-variable","28":"has-default-attributes"},"yoast_head":"<!-- This site is optimized with the Yoast SEO plugin v25.9 - https:\/\/yoast.com\/wordpress\/plugins\/seo\/ -->\n<title>Buy Oxycodone Apap (Physicians Tc.) Online - Oxycodone Apap (Physicians Tc.) for Sale<\/title>\n<meta name=\"description\" content=\"We are the leading store available with Oxycodone for sale. If you wish to buy Oxycodone Apap (Physicians Tc.), contact us right away and get the order delivered. Order Now!\" \/>\n<meta name=\"robots\" content=\"index, follow, max-snippet:-1, max-image-preview:large, max-video-preview:-1\" \/>\n<link rel=\"canonical\" href=\"https:\/\/buy-prescriptionz.com\/it\/prodotto\/acquista-ossicodone-apap-wattson-labs-online\/\" \/>\n<meta property=\"og:locale\" content=\"it_IT\" \/>\n<meta property=\"og:type\" content=\"article\" \/>\n<meta property=\"og:title\" content=\"Buy Oxycodone Apap (Physicians Tc.) Online - Oxycodone Apap (Physicians Tc.) for Sale\" \/>\n<meta property=\"og:description\" content=\"We are the leading store available with Oxycodone for sale. If you wish to buy Oxycodone Apap (Physicians Tc.), contact us right away and get the order delivered. Order Now!\" \/>\n<meta property=\"og:url\" content=\"https:\/\/buy-prescriptionz.com\/it\/prodotto\/acquista-ossicodone-apap-wattson-labs-online\/\" \/>\n<meta property=\"og:site_name\" content=\"Buy Prescriptionz\" \/>\n<meta property=\"article:modified_time\" content=\"2025-09-24T14:12:05+00:00\" \/>\n<meta property=\"og:image\" content=\"https:\/\/buy-prescriptionz.com\/wp-content\/uploads\/2025\/09\/oxycodone-apap-wattson-labs.jpg\" \/>\n\t<meta property=\"og:image:width\" content=\"400\" \/>\n\t<meta property=\"og:image:height\" content=\"300\" \/>\n\t<meta property=\"og:image:type\" content=\"image\/jpeg\" \/>\n<meta name=\"twitter:card\" content=\"summary_large_image\" \/>\n<meta name=\"twitter:label1\" content=\"Tempo di lettura stimato\" \/>\n\t<meta name=\"twitter:data1\" content=\"5 minuti\" \/>\n<script type=\"application\/ld+json\" class=\"yoast-schema-graph\">{\"@context\":\"https:\/\/schema.org\",\"@graph\":[{\"@type\":\"WebPage\",\"@id\":\"https:\/\/buy-prescriptionz.com\/product\/buy-oxycodone-apap-wattson-labs-online\/\",\"url\":\"https:\/\/buy-prescriptionz.com\/product\/buy-oxycodone-apap-wattson-labs-online\/\",\"name\":\"Buy Oxycodone Apap (Physicians Tc.) Online - Oxycodone Apap (Physicians Tc.) for Sale\",\"isPartOf\":{\"@id\":\"https:\/\/buy-prescriptionz.com\/#website\"},\"primaryImageOfPage\":{\"@id\":\"https:\/\/buy-prescriptionz.com\/product\/buy-oxycodone-apap-wattson-labs-online\/#primaryimage\"},\"image\":{\"@id\":\"https:\/\/buy-prescriptionz.com\/product\/buy-oxycodone-apap-wattson-labs-online\/#primaryimage\"},\"thumbnailUrl\":\"https:\/\/buy-prescriptionz.com\/wp-content\/uploads\/2025\/09\/oxycodone-apap-wattson-labs.jpg\",\"datePublished\":\"2025-09-16T08:56:10+00:00\",\"dateModified\":\"2025-09-24T14:12:05+00:00\",\"description\":\"We are the leading store available with Oxycodone for sale. If you wish to buy Oxycodone Apap (Physicians Tc.), contact us right away and get the order delivered. Order Now!\",\"breadcrumb\":{\"@id\":\"https:\/\/buy-prescriptionz.com\/product\/buy-oxycodone-apap-wattson-labs-online\/#breadcrumb\"},\"inLanguage\":\"it-IT\",\"potentialAction\":[{\"@type\":\"ReadAction\",\"target\":[\"https:\/\/buy-prescriptionz.com\/product\/buy-oxycodone-apap-wattson-labs-online\/\"]}]},{\"@type\":\"ImageObject\",\"inLanguage\":\"it-IT\",\"@id\":\"https:\/\/buy-prescriptionz.com\/product\/buy-oxycodone-apap-wattson-labs-online\/#primaryimage\",\"url\":\"https:\/\/buy-prescriptionz.com\/wp-content\/uploads\/2025\/09\/oxycodone-apap-wattson-labs.jpg\",\"contentUrl\":\"https:\/\/buy-prescriptionz.com\/wp-content\/uploads\/2025\/09\/oxycodone-apap-wattson-labs.jpg\",\"width\":400,\"height\":300},{\"@type\":\"BreadcrumbList\",\"@id\":\"https:\/\/buy-prescriptionz.com\/product\/buy-oxycodone-apap-wattson-labs-online\/#breadcrumb\",\"itemListElement\":[{\"@type\":\"ListItem\",\"position\":1,\"name\":\"Home\",\"item\":\"https:\/\/buy-prescriptionz.com\/\"},{\"@type\":\"ListItem\",\"position\":2,\"name\":\"Shop Painkillers Online\",\"item\":\"https:\/\/buy-prescriptionz.com\/shop-painkillers-online\/\"},{\"@type\":\"ListItem\",\"position\":3,\"name\":\"Buy Oxycodone &#8211; Apap (Wattson Labs) Online\"}]},{\"@type\":\"WebSite\",\"@id\":\"https:\/\/buy-prescriptionz.com\/#website\",\"url\":\"https:\/\/buy-prescriptionz.com\/\",\"name\":\"Buy Prescriptionz\",\"description\":\"Drugs Online\",\"publisher\":{\"@id\":\"https:\/\/buy-prescriptionz.com\/#organization\"},\"potentialAction\":[{\"@type\":\"SearchAction\",\"target\":{\"@type\":\"EntryPoint\",\"urlTemplate\":\"https:\/\/buy-prescriptionz.com\/?s={search_term_string}\"},\"query-input\":{\"@type\":\"PropertyValueSpecification\",\"valueRequired\":true,\"valueName\":\"search_term_string\"}}],\"inLanguage\":\"it-IT\"},{\"@type\":\"Organization\",\"@id\":\"https:\/\/buy-prescriptionz.com\/#organization\",\"name\":\"Buy Prescriptionz\",\"url\":\"https:\/\/buy-prescriptionz.com\/\",\"logo\":{\"@type\":\"ImageObject\",\"inLanguage\":\"it-IT\",\"@id\":\"https:\/\/buy-prescriptionz.com\/#\/schema\/logo\/image\/\",\"url\":\"https:\/\/buy-prescriptionz.com\/wp-content\/uploads\/2023\/09\/logo.png\",\"contentUrl\":\"https:\/\/buy-prescriptionz.com\/wp-content\/uploads\/2023\/09\/logo.png\",\"width\":350,\"height\":64,\"caption\":\"Buy Prescriptionz\"},\"image\":{\"@id\":\"https:\/\/buy-prescriptionz.com\/#\/schema\/logo\/image\/\"}}]}<\/script>\n<!-- \/ Yoast SEO plugin. -->","yoast_head_json":{"title":"Acquista Oxycodone Apap (Physicians Tc.) online - Oxycodone Apap (Physicians Tc.) in vendita","description":"Siamo il negozio leader per la vendita di ossicodone. Se desideri acquistare Oxycodone Apap (Physicians Tc.), contattaci subito e riceverai l'ordine a domicilio. Ordina ora!","robots":{"index":"index","follow":"follow","max-snippet":"max-snippet:-1","max-image-preview":"max-image-preview:large","max-video-preview":"max-video-preview:-1"},"canonical":"https:\/\/buy-prescriptionz.com\/it\/prodotto\/acquista-ossicodone-apap-wattson-labs-online\/","og_locale":"it_IT","og_type":"article","og_title":"Buy Oxycodone Apap (Physicians Tc.) Online - Oxycodone Apap (Physicians Tc.) for Sale","og_description":"We are the leading store available with Oxycodone for sale. If you wish to buy Oxycodone Apap (Physicians Tc.), contact us right away and get the order delivered. Order Now!","og_url":"https:\/\/buy-prescriptionz.com\/it\/prodotto\/acquista-ossicodone-apap-wattson-labs-online\/","og_site_name":"Buy Prescriptionz","article_modified_time":"2025-09-24T14:12:05+00:00","og_image":[{"width":400,"height":300,"url":"https:\/\/buy-prescriptionz.com\/wp-content\/uploads\/2025\/09\/oxycodone-apap-wattson-labs.jpg","type":"image\/jpeg"}],"twitter_card":"summary_large_image","twitter_misc":{"Tempo di lettura stimato":"5 minuti"},"schema":{"@context":"https:\/\/schema.org","@graph":[{"@type":"WebPage","@id":"https:\/\/buy-prescriptionz.com\/product\/buy-oxycodone-apap-wattson-labs-online\/","url":"https:\/\/buy-prescriptionz.com\/product\/buy-oxycodone-apap-wattson-labs-online\/","name":"Acquista Oxycodone Apap (Physicians Tc.) online - Oxycodone Apap (Physicians Tc.) in vendita","isPartOf":{"@id":"https:\/\/buy-prescriptionz.com\/#website"},"primaryImageOfPage":{"@id":"https:\/\/buy-prescriptionz.com\/product\/buy-oxycodone-apap-wattson-labs-online\/#primaryimage"},"image":{"@id":"https:\/\/buy-prescriptionz.com\/product\/buy-oxycodone-apap-wattson-labs-online\/#primaryimage"},"thumbnailUrl":"https:\/\/buy-prescriptionz.com\/wp-content\/uploads\/2025\/09\/oxycodone-apap-wattson-labs.jpg","datePublished":"2025-09-16T08:56:10+00:00","dateModified":"2025-09-24T14:12:05+00:00","description":"Siamo il negozio leader per la vendita di ossicodone. Se desideri acquistare Oxycodone Apap (Physicians Tc.), contattaci subito e riceverai l'ordine a domicilio. Ordina ora!","breadcrumb":{"@id":"https:\/\/buy-prescriptionz.com\/product\/buy-oxycodone-apap-wattson-labs-online\/#breadcrumb"},"inLanguage":"it-IT","potentialAction":[{"@type":"ReadAction","target":["https:\/\/buy-prescriptionz.com\/product\/buy-oxycodone-apap-wattson-labs-online\/"]}]},{"@type":"ImageObject","inLanguage":"it-IT","@id":"https:\/\/buy-prescriptionz.com\/product\/buy-oxycodone-apap-wattson-labs-online\/#primaryimage","url":"https:\/\/buy-prescriptionz.com\/wp-content\/uploads\/2025\/09\/oxycodone-apap-wattson-labs.jpg","contentUrl":"https:\/\/buy-prescriptionz.com\/wp-content\/uploads\/2025\/09\/oxycodone-apap-wattson-labs.jpg","width":400,"height":300},{"@type":"BreadcrumbList","@id":"https:\/\/buy-prescriptionz.com\/product\/buy-oxycodone-apap-wattson-labs-online\/#breadcrumb","itemListElement":[{"@type":"ListItem","position":1,"name":"Home","item":"https:\/\/buy-prescriptionz.com\/"},{"@type":"ListItem","position":2,"name":"Shop Painkillers Online","item":"https:\/\/buy-prescriptionz.com\/shop-painkillers-online\/"},{"@type":"ListItem","position":3,"name":"Buy Oxycodone &#8211; Apap (Wattson Labs) Online"}]},{"@type":"WebSite","@id":"https:\/\/buy-prescriptionz.com\/#website","url":"https:\/\/buy-prescriptionz.com\/","name":"Buy Prescriptionz","description":"Farmaci online","publisher":{"@id":"https:\/\/buy-prescriptionz.com\/#organization"},"potentialAction":[{"@type":"SearchAction","target":{"@type":"EntryPoint","urlTemplate":"https:\/\/buy-prescriptionz.com\/?s={search_term_string}"},"query-input":{"@type":"PropertyValueSpecification","valueRequired":true,"valueName":"search_term_string"}}],"inLanguage":"it-IT"},{"@type":"Organization","@id":"https:\/\/buy-prescriptionz.com\/#organization","name":"Buy Prescriptionz","url":"https:\/\/buy-prescriptionz.com\/","logo":{"@type":"ImageObject","inLanguage":"it-IT","@id":"https:\/\/buy-prescriptionz.com\/#\/schema\/logo\/image\/","url":"https:\/\/buy-prescriptionz.com\/wp-content\/uploads\/2023\/09\/logo.png","contentUrl":"https:\/\/buy-prescriptionz.com\/wp-content\/uploads\/2023\/09\/logo.png","width":350,"height":64,"caption":"Buy Prescriptionz"},"image":{"@id":"https:\/\/buy-prescriptionz.com\/#\/schema\/logo\/image\/"}}]}},"_links":{"self":[{"href":"https:\/\/buy-prescriptionz.com\/it\/wp-json\/wp\/v2\/product\/3061","targetHints":{"allow":["GET"]}}],"collection":[{"href":"https:\/\/buy-prescriptionz.com\/it\/wp-json\/wp\/v2\/product"}],"about":[{"href":"https:\/\/buy-prescriptionz.com\/it\/wp-json\/wp\/v2\/types\/product"}],"replies":[{"embeddable":true,"href":"https:\/\/buy-prescriptionz.com\/it\/wp-json\/wp\/v2\/comments?post=3061"}],"wp:featuredmedia":[{"embeddable":true,"href":"https:\/\/buy-prescriptionz.com\/it\/wp-json\/wp\/v2\/media\/3091"}],"wp:attachment":[{"href":"https:\/\/buy-prescriptionz.com\/it\/wp-json\/wp\/v2\/media?parent=3061"}],"wp:term":[{"taxonomy":"product_brand","embeddable":true,"href":"https:\/\/buy-prescriptionz.com\/it\/wp-json\/wp\/v2\/product_brand?post=3061"},{"taxonomy":"product_cat","embeddable":true,"href":"https:\/\/buy-prescriptionz.com\/it\/wp-json\/wp\/v2\/product_cat?post=3061"},{"taxonomy":"product_tag","embeddable":true,"href":"https:\/\/buy-prescriptionz.com\/it\/wp-json\/wp\/v2\/product_tag?post=3061"}],"curies":[{"name":"wp","href":"https:\/\/api.w.org\/{rel}","templated":true}]}}