{"id":3064,"date":"2025-09-16T08:56:10","date_gmt":"2025-09-16T08:56:10","guid":{"rendered":"https:\/\/chemsfine.com\/newsite\/?post_type=product&#038;p=3064"},"modified":"2025-09-24T10:04:29","modified_gmt":"2025-09-24T10:04:29","slug":"acquista-norco-tabs-online","status":"publish","type":"product","link":"https:\/\/buy-prescriptionz.com\/it\/prodotto\/acquista-norco-tabs-online\/","title":{"rendered":"Comprare Norco Tabs online"},"content":{"rendered":"<h2>Comprare Norco Tabs online<\/h2>\n<h3>Che cos'\u00e8 Norco?<\/h3>\n<p>Paracetamolo e idrocodone sono combinati nelle compresse Norco. Un tipo di antidolorifico oppioide \u00e8 l'idrocodone. Un altro termine per indicare un oppioide \u00e8 \"narcotico\". Il paracetamolo, un analgesico meno efficace, intensifica gli effetti dell'idrocodone.<\/p>\n<h3>Acquista NORCO (COMPRESSE GIALLE) ONLINE<\/h3>\n<p>Acquistare NORCO (YELLOW TABS) ONLINE Comprare Norco Tabs Online, Norco (Yellow Tabs) \u00e8 una medicina miscela di acetaminofene e idrocodone, avendo un posto con il raggruppamento degli analgesici narcotici (oppiacei). Le compresse gialle sono abbastanza forti per ridurre la grave agonia in corso nei pazienti a causa della crescita maligna come Buy Norco Tabs Online circostanze e ...<\/p>\n<h3>Come dovrei consumare Norco?<\/h3>\n<p>Seguire scrupolosamente le istruzioni di Norco. Osservare le istruzioni riportate sull'etichetta del farmaco. Non usare mai questo farmaco per un periodo superiore a quello raccomandato o in dosi maggiori. Il sovradosaggio pu\u00f2 causare decessi o danni al fegato. Informare il medico se il farmaco non sembra essere efficace nell'alleviare il dolore. Anche a dosaggi normali, l'idrocodone pu\u00f2 creare assuefazione. Non somministrare mai questo farmaco a terzi, in particolare se si ha una storia di tossicodipendenza o abuso. Soprattutto nei casi in cui il farmaco viene utilizzato senza prescrizione medica da bambini o altri individui, l'abuso di farmaci narcotici pu\u00f2 causare dipendenza, overdose o morte. \u00c8 illegale regalare o vendere Norco.<\/p>\n<p>Informare il medico in anticipo se si assume questo farmaco in caso di intervento chirurgico o altri esami medici. Potrebbe essere necessario interrompere brevemente l'assunzione del farmaco. Dopo aver assunto questo farmaco per un lungo periodo, non interromperne l'uso bruscamente, poich\u00e9 ci\u00f2 potrebbe causare spiacevoli sintomi di astinenza. Chiedere al medico come interrompere l'assunzione di Norco in modo sicuro.<\/p>\n<p>Il Norco migliore deve essere conservato a temperatura ambiente, lontano da fonti di calore e umidit\u00e0. Annotare la quantit\u00e0 di farmaco assunta da ogni flacone fresco. Poich\u00e9 l'idrocodone \u00e8 una droga d'abuso, \u00e8 necessario prestare attenzione a qualsiasi uso inappropriato o non soggetto a prescrizione medica del farmaco. Assicurarsi di acquistare le stesse pillole, esattamente del tipo e della marca, prescritte dal medico, controllando sempre il flacone. Per un negozio affidabile e conveniente per acquistare Norco online, scegliere Buy-prescriptionz.com. Con un'ampia selezione di farmaci originali, prezzi competitivi, transazioni sicure e un eccellente servizio clienti, Buy-prescriptionz.com, una delle migliori farmacie, garantisce un'esperienza di acquisto impeccabile. Visita Buy-prescriptionz.com oggi stesso per soddisfare le tue esigenze di prescrizione in tutta sicurezza.<\/p>\n<h3>Norco viene prescritto a soggetti che soffrono di:<\/h3>\n<p>\u2022 Convulsioni muscolari<\/p>\n<p>\u2022 Tormenti da infortunio.<\/p>\n<h3>Misure precauzionali<\/h3>\n<p>\u2022 Norco non \u00e8 protetto durante la gravidanza, in quanto potrebbe causare deformazioni nel feto.<\/p>\n<p>\u2022 L'uso di alcol o marijuana con questo farmaco deve essere attentamente evitato.<\/p>\n<p>\u2022 Norco non \u00e8 indicato per i pazienti affetti da malattie cardiache e polmonari.<\/p>\n<h3>Reazioni<\/h3>\n<p>\u2022 Vertigini<\/p>\n<p>- Mal di testa<\/p>\n<p>\u2022 Convulsioni<\/p>\n<p>\u2022 Rigonfiamento.<\/p>\n<h3>Avvertenze<\/h3>\n<p>L'idrocodone pu\u00f2 rallentare o bloccare la respirazione. Non usare mai Norco per un periodo pi\u00f9 lungo di quanto raccomandato o a dosaggi maggiori. Anche a dosaggi normali, gli antidolorifici oppioidi possono creare dipendenza. Non somministrare mai Norco a terzi, in particolare se si ha una storia di tossicodipendenza o abuso di droghe. Assicurarsi che il farmaco sia tenuto fuori dalla portata di altre persone. Soprattutto nei casi in cui il farmaco viene utilizzato senza prescrizione medica da bambini o altre persone, l'abuso di farmaci narcotici pu\u00f2 causare dipendenza, overdose o morte.<\/p>\n<p>Se nei 14 giorni precedenti \u00e8 stato utilizzato un inibitore delle MAO, come isocarbossazide, linezolid, iniezione di blu di metilene, fenelzina, rasagilina, selegilina o tranilcipromina, evitare di usare Norco.<\/p>","protected":false},"excerpt":{"rendered":"<p>Buy Norco Tabs Online What is Norco? Acetaminophen and hydrocodone are combined in Norco tabs. One kind of opioid painkiller is hydrocodone. A narcotic is another term for an opioid. The less effective analgesic acetaminophen intensifies the effects of hydrocodone. Purchase NORCO (YELLOW TABS) ONLINE Buy Norco Tabs Online, Norco (Yellow Tabs) is a blend [&hellip;]<\/p>","protected":false},"featured_media":3094,"comment_status":"open","ping_status":"closed","template":"","meta":{"site-sidebar-layout":"default","site-content-layout":"","ast-site-content-layout":"default","site-content-style":"default","site-sidebar-style":"default","ast-global-header-display":"","ast-banner-title-visibility":"","ast-main-header-display":"","ast-hfb-above-header-display":"","ast-hfb-below-header-display":"","ast-hfb-mobile-header-display":"","site-post-title":"","ast-breadcrumbs-content":"","ast-featured-img":"","footer-sml-layout":"","theme-transparent-header-meta":"default","adv-header-id-meta":"","stick-header-meta":"","header-above-stick-meta":"","header-main-stick-meta":"","header-below-stick-meta":"","astra-migrate-meta-layouts":"set","ast-page-background-enabled":"default","ast-page-background-meta":{"desktop":{"background-color":"var(--ast-global-color-4)","background-image":"","background-repeat":"repeat","background-position":"center center","background-size":"auto","background-attachment":"scroll","background-type":"","background-media":"","overlay-type":"","overlay-color":"","overlay-opacity":"","overlay-gradient":""},"tablet":{"background-color":"","background-image":"","background-repeat":"repeat","background-position":"center center","background-size":"auto","background-attachment":"scroll","background-type":"","background-media":"","overlay-type":"","overlay-color":"","overlay-opacity":"","overlay-gradient":""},"mobile":{"background-color":"","background-image":"","background-repeat":"repeat","background-position":"center center","background-size":"auto","background-attachment":"scroll","background-type":"","background-media":"","overlay-type":"","overlay-color":"","overlay-opacity":"","overlay-gradient":""}},"ast-content-background-meta":{"desktop":{"background-color":"var(--ast-global-color-5)","background-image":"","background-repeat":"repeat","background-position":"center center","background-size":"auto","background-attachment":"scroll","background-type":"","background-media":"","overlay-type":"","overlay-color":"","overlay-opacity":"","overlay-gradient":""},"tablet":{"background-color":"var(--ast-global-color-5)","background-image":"","background-repeat":"repeat","background-position":"center center","background-size":"auto","background-attachment":"scroll","background-type":"","background-media":"","overlay-type":"","overlay-color":"","overlay-opacity":"","overlay-gradient":""},"mobile":{"background-color":"var(--ast-global-color-5)","background-image":"","background-repeat":"repeat","background-position":"center center","background-size":"auto","background-attachment":"scroll","background-type":"","background-media":"","overlay-type":"","overlay-color":"","overlay-opacity":"","overlay-gradient":""}}},"product_brand":[],"product_cat":[2385],"product_tag":[1159,1160,1158,1153,1156,1155,1154,1157,1152,1151,1162,1161],"class_list":{"0":"post-3064","1":"product","2":"type-product","3":"status-publish","4":"has-post-thumbnail","6":"product_cat-buy-pain-killer-pills-online","7":"product_tag-buy-norco-yellow-tabs-in-canada","8":"product_tag-buy-norco-yellow-tabs-in-uk","9":"product_tag-buy-norco-yellow-tabs-in-usa","10":"product_tag-buy-norco-yellow-tabs-with-bitcoin","11":"product_tag-buy-norco-yellow-tabs-with-credit-card","12":"product_tag-buy-norco-yellow-tabs-with-money-gram","13":"product_tag-buy-norco-yellow-tabs-with-western-union","14":"product_tag-buy-norco-yellow-tabs-without-a-doctor","15":"product_tag-buy-norco-yellow-tabs-without-prescription","16":"product_tag-norco-yellow-tabs-for-sale","17":"product_tag-norco-yellow-tabs-pills","18":"product_tag-norco-yellow-tabs-tablets","19":"desktop-align-center","20":"tablet-align-left","21":"mobile-align-left","23":"first","24":"instock","25":"shipping-taxable","26":"purchasable","27":"product-type-variable","28":"has-default-attributes"},"yoast_head":"<!-- This site is optimized with the Yoast SEO plugin v25.9 - https:\/\/yoast.com\/wordpress\/plugins\/seo\/ -->\n<title>Buy Norco Tabs Online - Norco Tabs for Sale - Order Norco Tabs<\/title>\n<meta name=\"description\" content=\"Your requirement to buy Norco Tabs online can be fulfilled at our online store as we have Norco Tabs for sale here. Place your order and get affordable deals every day. Order Now!\" \/>\n<meta name=\"robots\" content=\"index, follow, max-snippet:-1, max-image-preview:large, max-video-preview:-1\" \/>\n<link rel=\"canonical\" href=\"https:\/\/buy-prescriptionz.com\/it\/prodotto\/acquista-norco-tabs-online\/\" \/>\n<meta property=\"og:locale\" content=\"it_IT\" \/>\n<meta property=\"og:type\" content=\"article\" \/>\n<meta property=\"og:title\" content=\"Buy Norco Tabs Online - Norco Tabs for Sale - Order Norco Tabs\" \/>\n<meta property=\"og:description\" content=\"Your requirement to buy Norco Tabs online can be fulfilled at our online store as we have Norco Tabs for sale here. Place your order and get affordable deals every day. Order Now!\" \/>\n<meta property=\"og:url\" content=\"https:\/\/buy-prescriptionz.com\/it\/prodotto\/acquista-norco-tabs-online\/\" \/>\n<meta property=\"og:site_name\" content=\"Buy Prescriptionz\" \/>\n<meta property=\"article:modified_time\" content=\"2025-09-24T10:04:29+00:00\" \/>\n<meta property=\"og:image\" content=\"https:\/\/buy-prescriptionz.com\/wp-content\/uploads\/2025\/09\/norco-yellow-tabs.jpg\" \/>\n\t<meta property=\"og:image:width\" content=\"400\" \/>\n\t<meta property=\"og:image:height\" content=\"300\" \/>\n\t<meta property=\"og:image:type\" content=\"image\/jpeg\" \/>\n<meta name=\"twitter:card\" content=\"summary_large_image\" \/>\n<meta name=\"twitter:label1\" content=\"Tempo di lettura stimato\" \/>\n\t<meta name=\"twitter:data1\" content=\"3 minuti\" \/>\n<script type=\"application\/ld+json\" class=\"yoast-schema-graph\">{\"@context\":\"https:\/\/schema.org\",\"@graph\":[{\"@type\":\"WebPage\",\"@id\":\"https:\/\/buy-prescriptionz.com\/product\/buy-norco-tabs-online\/\",\"url\":\"https:\/\/buy-prescriptionz.com\/product\/buy-norco-tabs-online\/\",\"name\":\"Buy Norco Tabs Online - Norco Tabs for Sale - Order Norco Tabs\",\"isPartOf\":{\"@id\":\"https:\/\/buy-prescriptionz.com\/#website\"},\"primaryImageOfPage\":{\"@id\":\"https:\/\/buy-prescriptionz.com\/product\/buy-norco-tabs-online\/#primaryimage\"},\"image\":{\"@id\":\"https:\/\/buy-prescriptionz.com\/product\/buy-norco-tabs-online\/#primaryimage\"},\"thumbnailUrl\":\"https:\/\/buy-prescriptionz.com\/wp-content\/uploads\/2025\/09\/norco-yellow-tabs.jpg\",\"datePublished\":\"2025-09-16T08:56:10+00:00\",\"dateModified\":\"2025-09-24T10:04:29+00:00\",\"description\":\"Your requirement to buy Norco Tabs online can be fulfilled at our online store as we have Norco Tabs for sale here. Place your order and get affordable deals every day. Order Now!\",\"breadcrumb\":{\"@id\":\"https:\/\/buy-prescriptionz.com\/product\/buy-norco-tabs-online\/#breadcrumb\"},\"inLanguage\":\"it-IT\",\"potentialAction\":[{\"@type\":\"ReadAction\",\"target\":[\"https:\/\/buy-prescriptionz.com\/product\/buy-norco-tabs-online\/\"]}]},{\"@type\":\"ImageObject\",\"inLanguage\":\"it-IT\",\"@id\":\"https:\/\/buy-prescriptionz.com\/product\/buy-norco-tabs-online\/#primaryimage\",\"url\":\"https:\/\/buy-prescriptionz.com\/wp-content\/uploads\/2025\/09\/norco-yellow-tabs.jpg\",\"contentUrl\":\"https:\/\/buy-prescriptionz.com\/wp-content\/uploads\/2025\/09\/norco-yellow-tabs.jpg\",\"width\":400,\"height\":300},{\"@type\":\"BreadcrumbList\",\"@id\":\"https:\/\/buy-prescriptionz.com\/product\/buy-norco-tabs-online\/#breadcrumb\",\"itemListElement\":[{\"@type\":\"ListItem\",\"position\":1,\"name\":\"Home\",\"item\":\"https:\/\/buy-prescriptionz.com\/\"},{\"@type\":\"ListItem\",\"position\":2,\"name\":\"Shop Painkillers Online\",\"item\":\"https:\/\/buy-prescriptionz.com\/shop-painkillers-online\/\"},{\"@type\":\"ListItem\",\"position\":3,\"name\":\"Buy Norco Tabs Online\"}]},{\"@type\":\"WebSite\",\"@id\":\"https:\/\/buy-prescriptionz.com\/#website\",\"url\":\"https:\/\/buy-prescriptionz.com\/\",\"name\":\"Buy Prescriptionz\",\"description\":\"Drugs Online\",\"publisher\":{\"@id\":\"https:\/\/buy-prescriptionz.com\/#organization\"},\"potentialAction\":[{\"@type\":\"SearchAction\",\"target\":{\"@type\":\"EntryPoint\",\"urlTemplate\":\"https:\/\/buy-prescriptionz.com\/?s={search_term_string}\"},\"query-input\":{\"@type\":\"PropertyValueSpecification\",\"valueRequired\":true,\"valueName\":\"search_term_string\"}}],\"inLanguage\":\"it-IT\"},{\"@type\":\"Organization\",\"@id\":\"https:\/\/buy-prescriptionz.com\/#organization\",\"name\":\"Buy Prescriptionz\",\"url\":\"https:\/\/buy-prescriptionz.com\/\",\"logo\":{\"@type\":\"ImageObject\",\"inLanguage\":\"it-IT\",\"@id\":\"https:\/\/buy-prescriptionz.com\/#\/schema\/logo\/image\/\",\"url\":\"https:\/\/buy-prescriptionz.com\/wp-content\/uploads\/2023\/09\/logo.png\",\"contentUrl\":\"https:\/\/buy-prescriptionz.com\/wp-content\/uploads\/2023\/09\/logo.png\",\"width\":350,\"height\":64,\"caption\":\"Buy Prescriptionz\"},\"image\":{\"@id\":\"https:\/\/buy-prescriptionz.com\/#\/schema\/logo\/image\/\"}}]}<\/script>\n<!-- \/ Yoast SEO plugin. -->","yoast_head_json":{"title":"Acquista Norco Tabs online - Norco Tabs in vendita - Ordina Norco Tabs","description":"La tua esigenza di acquistare Norco Tabs online pu\u00f2 essere soddisfatta nel nostro negozio online, dove potrai trovare Norco Tabs in vendita. Effettua il tuo ordine e approfitta di offerte convenienti ogni giorno. Ordina ora!","robots":{"index":"index","follow":"follow","max-snippet":"max-snippet:-1","max-image-preview":"max-image-preview:large","max-video-preview":"max-video-preview:-1"},"canonical":"https:\/\/buy-prescriptionz.com\/it\/prodotto\/acquista-norco-tabs-online\/","og_locale":"it_IT","og_type":"article","og_title":"Buy Norco Tabs Online - Norco Tabs for Sale - Order Norco Tabs","og_description":"Your requirement to buy Norco Tabs online can be fulfilled at our online store as we have Norco Tabs for sale here. Place your order and get affordable deals every day. Order Now!","og_url":"https:\/\/buy-prescriptionz.com\/it\/prodotto\/acquista-norco-tabs-online\/","og_site_name":"Buy Prescriptionz","article_modified_time":"2025-09-24T10:04:29+00:00","og_image":[{"width":400,"height":300,"url":"https:\/\/buy-prescriptionz.com\/wp-content\/uploads\/2025\/09\/norco-yellow-tabs.jpg","type":"image\/jpeg"}],"twitter_card":"summary_large_image","twitter_misc":{"Tempo di lettura stimato":"3 minuti"},"schema":{"@context":"https:\/\/schema.org","@graph":[{"@type":"WebPage","@id":"https:\/\/buy-prescriptionz.com\/product\/buy-norco-tabs-online\/","url":"https:\/\/buy-prescriptionz.com\/product\/buy-norco-tabs-online\/","name":"Acquista Norco Tabs online - Norco Tabs in vendita - Ordina Norco Tabs","isPartOf":{"@id":"https:\/\/buy-prescriptionz.com\/#website"},"primaryImageOfPage":{"@id":"https:\/\/buy-prescriptionz.com\/product\/buy-norco-tabs-online\/#primaryimage"},"image":{"@id":"https:\/\/buy-prescriptionz.com\/product\/buy-norco-tabs-online\/#primaryimage"},"thumbnailUrl":"https:\/\/buy-prescriptionz.com\/wp-content\/uploads\/2025\/09\/norco-yellow-tabs.jpg","datePublished":"2025-09-16T08:56:10+00:00","dateModified":"2025-09-24T10:04:29+00:00","description":"La tua esigenza di acquistare Norco Tabs online pu\u00f2 essere soddisfatta nel nostro negozio online, dove potrai trovare Norco Tabs in vendita. Effettua il tuo ordine e approfitta di offerte convenienti ogni giorno. Ordina ora!","breadcrumb":{"@id":"https:\/\/buy-prescriptionz.com\/product\/buy-norco-tabs-online\/#breadcrumb"},"inLanguage":"it-IT","potentialAction":[{"@type":"ReadAction","target":["https:\/\/buy-prescriptionz.com\/product\/buy-norco-tabs-online\/"]}]},{"@type":"ImageObject","inLanguage":"it-IT","@id":"https:\/\/buy-prescriptionz.com\/product\/buy-norco-tabs-online\/#primaryimage","url":"https:\/\/buy-prescriptionz.com\/wp-content\/uploads\/2025\/09\/norco-yellow-tabs.jpg","contentUrl":"https:\/\/buy-prescriptionz.com\/wp-content\/uploads\/2025\/09\/norco-yellow-tabs.jpg","width":400,"height":300},{"@type":"BreadcrumbList","@id":"https:\/\/buy-prescriptionz.com\/product\/buy-norco-tabs-online\/#breadcrumb","itemListElement":[{"@type":"ListItem","position":1,"name":"Home","item":"https:\/\/buy-prescriptionz.com\/"},{"@type":"ListItem","position":2,"name":"Shop Painkillers Online","item":"https:\/\/buy-prescriptionz.com\/shop-painkillers-online\/"},{"@type":"ListItem","position":3,"name":"Buy Norco Tabs Online"}]},{"@type":"WebSite","@id":"https:\/\/buy-prescriptionz.com\/#website","url":"https:\/\/buy-prescriptionz.com\/","name":"Buy Prescriptionz","description":"Farmaci online","publisher":{"@id":"https:\/\/buy-prescriptionz.com\/#organization"},"potentialAction":[{"@type":"SearchAction","target":{"@type":"EntryPoint","urlTemplate":"https:\/\/buy-prescriptionz.com\/?s={search_term_string}"},"query-input":{"@type":"PropertyValueSpecification","valueRequired":true,"valueName":"search_term_string"}}],"inLanguage":"it-IT"},{"@type":"Organization","@id":"https:\/\/buy-prescriptionz.com\/#organization","name":"Buy Prescriptionz","url":"https:\/\/buy-prescriptionz.com\/","logo":{"@type":"ImageObject","inLanguage":"it-IT","@id":"https:\/\/buy-prescriptionz.com\/#\/schema\/logo\/image\/","url":"https:\/\/buy-prescriptionz.com\/wp-content\/uploads\/2023\/09\/logo.png","contentUrl":"https:\/\/buy-prescriptionz.com\/wp-content\/uploads\/2023\/09\/logo.png","width":350,"height":64,"caption":"Buy Prescriptionz"},"image":{"@id":"https:\/\/buy-prescriptionz.com\/#\/schema\/logo\/image\/"}}]}},"_links":{"self":[{"href":"https:\/\/buy-prescriptionz.com\/it\/wp-json\/wp\/v2\/product\/3064","targetHints":{"allow":["GET"]}}],"collection":[{"href":"https:\/\/buy-prescriptionz.com\/it\/wp-json\/wp\/v2\/product"}],"about":[{"href":"https:\/\/buy-prescriptionz.com\/it\/wp-json\/wp\/v2\/types\/product"}],"replies":[{"embeddable":true,"href":"https:\/\/buy-prescriptionz.com\/it\/wp-json\/wp\/v2\/comments?post=3064"}],"wp:featuredmedia":[{"embeddable":true,"href":"https:\/\/buy-prescriptionz.com\/it\/wp-json\/wp\/v2\/media\/3094"}],"wp:attachment":[{"href":"https:\/\/buy-prescriptionz.com\/it\/wp-json\/wp\/v2\/media?parent=3064"}],"wp:term":[{"taxonomy":"product_brand","embeddable":true,"href":"https:\/\/buy-prescriptionz.com\/it\/wp-json\/wp\/v2\/product_brand?post=3064"},{"taxonomy":"product_cat","embeddable":true,"href":"https:\/\/buy-prescriptionz.com\/it\/wp-json\/wp\/v2\/product_cat?post=3064"},{"taxonomy":"product_tag","embeddable":true,"href":"https:\/\/buy-prescriptionz.com\/it\/wp-json\/wp\/v2\/product_tag?post=3064"}],"curies":[{"name":"wp","href":"https:\/\/api.w.org\/{rel}","templated":true}]}}