{"id":3065,"date":"2025-09-16T08:56:10","date_gmt":"2025-09-16T08:56:10","guid":{"rendered":"https:\/\/chemsfine.com\/newsite\/?post_type=product&#038;p=3065"},"modified":"2025-09-24T06:50:48","modified_gmt":"2025-09-24T06:50:48","slug":"acquista-nitrazepam-nipam-online","status":"publish","type":"product","link":"https:\/\/buy-prescriptionz.com\/it\/prodotto\/acquista-nitrazepam-nipam-online\/","title":{"rendered":"Comprare Nitrazepam (Nipam) Online"},"content":{"rendered":"<h2>Comprare Nitrazepam (Nipam) Online<\/h2>\n<h3>Comprare Nitrazepam (Nipam) online Informazioni generali:<\/h3>\n<p>Acquista nitrazepam online. Il nitrazepam \u00e8 un farmaco sedativo utilizzato a breve termine per favorire il sonno. Appartiene a un gruppo di farmaci chiamati benzodiazepine. Viene utilizzato principalmente in casi gravi, invalidanti o che causano estremo disagio.<\/p>\n<p>Il costo del farmaco per l'acquisto di Nitrazepam 5 mg \u00e8 molto inferiore al prezzo al dettaglio. Richiedi prescrizioni mediche che richiedono poco o nessun sforzo da parte di farmacisti legali e affidabili negli Stati Uniti. Il Nitrazepam pu\u00f2 causare instabilit\u00e0, pigrizia o alterazioni della vista. Questi effetti potrebbero essere pi\u00f9 gravi se assunto con alcol o determinati farmaci. Usa il Nitrazepam con attenzione. Cerca di non guidare o svolgere altre attivit\u00e0 potenzialmente pericolose finch\u00e9 non sai come reagisci. Continua a usare il Nitrazepam con attenzione la mattina dopo aver assunto il Nitrazepam. Cerca di non bere alcolici o assumere farmaci che possono causare pigrizia (ad esempio, tranquillanti, miorilassanti) durante l'assunzione di Nitrazepam; potrebbero aumentare i loro effetti. Chiedi al tuo farmacista se hai domande su quali farmaci possono causare sonnolenza. Sintomi comuni, come confusione, instabilit\u00e0, problemi di coordinazione e problemi di memoria, si verificano spesso entro 1 ora dall'assunzione di Nitrazepam. Assicuratevi di assumere Nitrazepam subito prima di andare a dormire o appena coricati. Questo allevier\u00e0 questi sintomi. Il Nitrazepam pu\u00f2 causare scottature solari in modo pi\u00f9 efficace. Tenetevi lontani dal sole, dalle lampade abbronzanti o dalle zone abbronzanti finch\u00e9 non conoscete la vostra risposta al Nitrazepam. Utilizzate una protezione solare o indossate indumenti protettivi se dovete rimanere all'aperto per pi\u00f9 di un breve periodo. Informate il vostro medico di base o il dentista che state assumendo Nitrazepam prima di sottoporvi a qualsiasi visita medica o odontoiatrica, assistenza di emergenza o procedura medica. Questo prodotto pu\u00f2 contenere colorante tartrazina. Ci\u00f2 pu\u00f2 causare una reazione allergica in alcuni pazienti. Se avete mai avuto una reazione allergica alla tartrazina, informatevi se il prodotto contiene tartrazina. Non assumete pi\u00f9 della dose raccomandata o usatela per un periodo pi\u00f9 lungo di quello raccomandato senza consultare il vostro medico di base. Potresti avvertire un fastidioso senso di appisolamento per 1 o 2 sere dopo aver smesso di assumere Nitrazepam. Se ci\u00f2 dovesse persistere, contatta il tuo medico di base.<\/p>\n<h3>Acquisto Nitrazepam (Nipam) 5mg<\/h3>\n<p>Comprare Nitrazepam (Nipam) Online, \u00c8 possibile acquistare Nitrazepam sul web (Nipam) 5mg sollecitazione qui, abbiamo eccellente Nitrazepam (Mogadon) 5mg pillole. acquisto Nitrazepam (Nipam) 5mg Online senza medicine.<\/p>\n<p><strong>Acquista Nitrazepam (Nipam) 5mg Online dal Miglior Sito Online Senza Prescrizione.<\/strong><\/p>\n<p>Nitrazepam (Nipam) 5mg<\/p>\n<p>Nitrazepam (Nipam) 5mg in pillole<\/p>\n<p>Consegna complessiva<\/p>\n<p>Imballaggio prudente<\/p>\n<p>Supporto in diretta<\/p>\n<p>100% Garanzia di soddisfazione<\/p>\n<p><strong>Acquista Nitrazepam sul web (Nipam) 5mg dal miglior sito online senza ricetta.<\/strong><\/p>\n<p>OFFRIAMO SERVIZI ALL'ESTERO SPEDIZIONE SICURA ALLA TUA PORTA!<\/p>\n<p>\u00c8 possibile effettuare il pagamento tramite carta di credito e di debito.<\/p>\n<p>EMS\/USPS Express Discreet TrackAble Delivery gamma globale.<\/p>\n<p>Nitrazepam (Nipam) 5mg \u00e8 utilizzato per l'amministrazione del problema di tensione, l'aiuto transitorio degli effetti collaterali di nervosismo o disagio legati alla miseria.buy-nitrazepam-nipam-online<\/p>\n<h3>Informazioni sulla compressa di Nipam 5 MG<\/h3>\n<p>La compressa di Nipam da 5 mg \u00e8 un tipo di benzodiazepam ipnotico utilizzato per trattare gli spasmi infantili e l'insonnia. Si sconsiglia vivamente di assumere la compressa di Nipam da 5 mg in caso di BPCO, allergie, pressione oculare elevata o gravi danni al fegato. Questo farmaco pu\u00f2 anche aiutare con disturbi dell'umore, effetti dell'astinenza da alcol, miorilassanti scheletrici e disturbi che causano convulsioni.<br \/>\n<strong><br \/>\n<\/strong>La compressa di Nipam da 5 mg viene comunque somministrata alle donne in gravidanza, nonostante esista la possibilit\u00e0 che possa danneggiare il feto se assunta durante la gravidanza. Questo perch\u00e9 i possibili benefici superano nettamente i rischi.<\/p>\n<h3><strong>Come deve essere prelevato l'importo?<\/strong><\/h3>\n<p>Se dimentica di assumere la compressa di Nipam 5 mg, la prenda il prima possibile. Se \u00e8 quasi ora della dose successiva, non prenda quella dimenticata. Non prenda due dosi contemporaneamente per compensare quella dimenticata.<\/p>\n<p><strong>Ci sono delle indicazioni in caso di sovradosaggio?<\/strong><\/p>\n<p>Se pensi che qualcuno abbia assunto una dose eccessiva, rivolgiti al pronto soccorso o chiama il tuo medico. Le informazioni qui riportate si basano sulla quantit\u00e0 di sale presente nel medicinale. Il medicinale pu\u00f2 essere utilizzato e avere effetti diversi su persone diverse. Prima di assumere questo medicinale, dovresti consultare uno psichiatra.<\/p>\n<p><strong>Informazioni importanti sulla compressa Nipam 5 MG <\/strong><\/p>\n<p>Quanto dura l'effetto?<\/p>\n<p>In genere, l\u2019effetto di questo medicinale dura dalle 6 alle 8 ore.<\/p>\n<p>Quando inizia il combattimento?<\/p>\n<p>Sarai in grado di capire se il medicinale sta facendo effetto dopo 30-60 minuti.<\/p>\n<p>Ci sono segnali di gravidanza?<\/p>\n<p>Le donne in gravidanza non devono assumere questo medicinale. La compressa di Nipam da 5 mg attraversa la placenta. Sono state segnalate labiopalatoschisi, ma dati pi\u00f9 recenti non supportano un'associazione tra l'uso del farmaco e labiopalatoschisi. Altri difetti congeniti segnalati includono ernie inguinali, difetti cardiaci, spina bifida, dismorfismi facciali, difetti scheletrici e molti altri. Sono stati segnalati anche ipotonia e sintomi di astinenza dopo l'uso in prossimit\u00e0 del parto.<\/p>\n<p>Diventa un'abitudine?<\/p>\n<p>\u00c8 stata descritta una tendenza a formare abitudini.<\/p>\n<p>Ci sono consigli sull'allattamento al seno?<\/p>\n<p>Le donne che allattano non devono assumere questo medicinale. La compressa da 5 mg di Nipam pu\u00f2 passare nel latte materno.<\/p>\n<p>\u00c8 sicuro bere?<\/p>\n<p>Le benzodiazepine sono state collegate a una tristezza additiva a carico del sistema nervoso centrale; evitare o ridurre il consumo di alcol.<\/p>\n<p>\u00c8 possibile guidare dopo aver assunto questo medicinale?<\/p>\n<p>Questo farmaco ha effetti collaterali che possono causare perdita di coscienza. Pertanto, il paziente non deve guidare se si sente male, ad esempio se ha sonnolenza, vertigini o problemi di vista.<\/p>\n<p>Questo altera il funzionamento dei reni?<\/p>\n<p>Non dializzabile (dallo 0% al 5%); non \u00e8 necessaria una quantit\u00e0 extra.<\/p>\n<p>Questo cambia il funzionamento del fegato?<\/p>\n<p>Non assumerlo se si soffre di cirrosi o di una malattia epatica grave o acuta; ridurre la quantit\u00e0 della met\u00e0.<\/p>\n<p>Se pensi che qualcuno abbia assunto una dose eccessiva, rivolgiti al pronto soccorso o chiama il tuo medico. Le informazioni qui riportate si basano sulla quantit\u00e0 di sale presente nel medicinale. Il medicinale pu\u00f2 essere utilizzato e avere effetti diversi su persone diverse. Prima di assumere questo medicinale, dovresti consultare uno psichiatra.<\/p>\n<h3>Come possiamo spedire i pacchi?<\/h3>\n<p>Imballiamo i pacchi con cautela con carte di tungsteno e di carbonio per evitare di passare attraverso le macchine a raggi x tradizionali nei terminal degli aerei. I pacchi sono perfettamente imbottiti con carte di benedizione dall'esterno.<\/p>\n<h3>Come pu\u00f2 funzionare?<\/h3>\n<p>Comprare Nitrazepam (Nipam) Online, Nitrazepam ha un posto con un gruppo di farmaci chiamati benzodiazepine. Segue i recettori nel cervello (recettori GABA) causando l'arrivo di un composto chiamato GABA (gamma amino butirrico corrosivo). GABA \u00e8 una sostanza inibitoria degna di nota nel cervello associata alla letargia e al controllo dell'inquietudine e delle crisi.<\/p>\n<p>Il Nitrazepam agisce espandendo il movimento del GABA, in questo modo, diminuendo il funzionamento di zone specifiche della mente. Questo risultato \u00e8 il languore, la riduzione della tensione e lo scioglimento dei muscoli.<\/p>\n<p>Il Nitrazepam \u00e8 di solito usato per trattare un disturbo del sonno. Diminuisce il tempo impiegato per appisolarsi e i risvegli notturni, cos\u00ec come l'espansione della somma complessiva del tempo trascorso a riposare. Poich\u00e9 il nitrazepam rimane dinamico nel corpo per molto tempo, la stanchezza pu\u00f2 verificarsi il giorno seguente.buy-nitrazepam-nipam-online<\/p>\n<h3>Perch\u00e9 la compressa di Nipam 5 MG viene utilizzata per l'insonnia?<\/h3>\n<p>Se pensi che qualcuno abbia assunto una dose eccessiva, rivolgiti al pronto soccorso o chiama il tuo medico. Le informazioni qui riportate si basano sulla quantit\u00e0 di sale presente nel medicinale. Il medicinale pu\u00f2 essere utilizzato e avere effetti diversi su persone diverse. Prima di assumere questo medicinale, dovresti consultare uno psichiatra.<\/p>","protected":false},"excerpt":{"rendered":"<p>Buy Nitrazepam (Nipam) Online Buy Nitrazepam (Nipam) Online\u00a0General Information: buy-nitrazepam-nipam-online, Nitrazepam is a sedative medication which is used in the short-term to help people sleep. It belongs to a group of drugs called benzodiazepines. It is mostly used in cases which are severe, disabling or causing extreme distress The medicine cost on Buy Nitrazepam 5mg [&hellip;]<\/p>","protected":false},"featured_media":3095,"comment_status":"open","ping_status":"closed","template":"","meta":{"site-sidebar-layout":"default","site-content-layout":"","ast-site-content-layout":"default","site-content-style":"default","site-sidebar-style":"default","ast-global-header-display":"","ast-banner-title-visibility":"","ast-main-header-display":"","ast-hfb-above-header-display":"","ast-hfb-below-header-display":"","ast-hfb-mobile-header-display":"","site-post-title":"","ast-breadcrumbs-content":"","ast-featured-img":"","footer-sml-layout":"","theme-transparent-header-meta":"default","adv-header-id-meta":"","stick-header-meta":"","header-above-stick-meta":"","header-main-stick-meta":"","header-below-stick-meta":"","astra-migrate-meta-layouts":"set","ast-page-background-enabled":"default","ast-page-background-meta":{"desktop":{"background-color":"var(--ast-global-color-4)","background-image":"","background-repeat":"repeat","background-position":"center center","background-size":"auto","background-attachment":"scroll","background-type":"","background-media":"","overlay-type":"","overlay-color":"","overlay-opacity":"","overlay-gradient":""},"tablet":{"background-color":"","background-image":"","background-repeat":"repeat","background-position":"center center","background-size":"auto","background-attachment":"scroll","background-type":"","background-media":"","overlay-type":"","overlay-color":"","overlay-opacity":"","overlay-gradient":""},"mobile":{"background-color":"","background-image":"","background-repeat":"repeat","background-position":"center center","background-size":"auto","background-attachment":"scroll","background-type":"","background-media":"","overlay-type":"","overlay-color":"","overlay-opacity":"","overlay-gradient":""}},"ast-content-background-meta":{"desktop":{"background-color":"var(--ast-global-color-5)","background-image":"","background-repeat":"repeat","background-position":"center center","background-size":"auto","background-attachment":"scroll","background-type":"","background-media":"","overlay-type":"","overlay-color":"","overlay-opacity":"","overlay-gradient":""},"tablet":{"background-color":"var(--ast-global-color-5)","background-image":"","background-repeat":"repeat","background-position":"center center","background-size":"auto","background-attachment":"scroll","background-type":"","background-media":"","overlay-type":"","overlay-color":"","overlay-opacity":"","overlay-gradient":""},"mobile":{"background-color":"var(--ast-global-color-5)","background-image":"","background-repeat":"repeat","background-position":"center center","background-size":"auto","background-attachment":"scroll","background-type":"","background-media":"","overlay-type":"","overlay-color":"","overlay-opacity":"","overlay-gradient":""}}},"product_brand":[],"product_cat":[2385],"product_tag":[1087,1088,1086,1081,1084,1083,1082,1085,1080,1079,1090,1089],"class_list":{"0":"post-3065","1":"product","2":"type-product","3":"status-publish","4":"has-post-thumbnail","6":"product_cat-buy-pain-killer-pills-online","7":"product_tag-buy-nitrazeoam-nipam-in-canada","8":"product_tag-buy-nitrazeoam-nipam-in-uk","9":"product_tag-buy-nitrazeoam-nipam-in-usa","10":"product_tag-buy-nitrazeoam-nipam-with-bitcoin","11":"product_tag-buy-nitrazeoam-nipam-with-credit-card","12":"product_tag-buy-nitrazeoam-nipam-with-money-gram","13":"product_tag-buy-nitrazeoam-nipam-with-western-union","14":"product_tag-buy-nitrazeoam-nipam-without-a-doctor","15":"product_tag-buy-nitrazeoam-nipam-without-prescription","16":"product_tag-nitrazeoam-nipam-for-sale","17":"product_tag-nitrazeoam-nipam-pills","18":"product_tag-nitrazeoam-nipam-tablets","19":"desktop-align-center","20":"tablet-align-left","21":"mobile-align-left","23":"first","24":"instock","25":"shipping-taxable","26":"purchasable","27":"product-type-variable","28":"has-default-attributes"},"yoast_head":"<!-- This site is optimized with the Yoast SEO plugin v25.9 - https:\/\/yoast.com\/wordpress\/plugins\/seo\/ -->\n<title>Buy Nitrazepam (Nipam) Online - Sleeping Pills Vendor<\/title>\n<meta name=\"description\" content=\"Buy Nitrazepam (Nipam) Online, Nitrazepam-5-MG and there variants. Check for ... Nitrazepam 5 MG This composition has 44 Products ... NIPAM 5MG TAB\" \/>\n<meta name=\"robots\" content=\"index, follow, max-snippet:-1, max-image-preview:large, max-video-preview:-1\" \/>\n<link rel=\"canonical\" href=\"https:\/\/buy-prescriptionz.com\/it\/prodotto\/acquista-nitrazepam-nipam-online\/\" \/>\n<meta property=\"og:locale\" content=\"it_IT\" \/>\n<meta property=\"og:type\" content=\"article\" \/>\n<meta property=\"og:title\" content=\"Buy Nitrazepam (Nipam) Online - Sleeping Pills Vendor\" \/>\n<meta property=\"og:description\" content=\"Buy Nitrazepam (Nipam) Online, Nitrazepam-5-MG and there variants. Check for ... Nitrazepam 5 MG This composition has 44 Products ... NIPAM 5MG TAB\" \/>\n<meta property=\"og:url\" content=\"https:\/\/buy-prescriptionz.com\/it\/prodotto\/acquista-nitrazepam-nipam-online\/\" \/>\n<meta property=\"og:site_name\" content=\"Buy Prescriptionz\" \/>\n<meta property=\"article:modified_time\" content=\"2025-09-24T06:50:48+00:00\" \/>\n<meta property=\"og:image\" content=\"https:\/\/buy-prescriptionz.com\/wp-content\/uploads\/2025\/09\/nitrazeoam-nipam.jpg\" \/>\n\t<meta property=\"og:image:width\" content=\"400\" \/>\n\t<meta property=\"og:image:height\" content=\"300\" \/>\n\t<meta property=\"og:image:type\" content=\"image\/jpeg\" \/>\n<meta name=\"twitter:card\" content=\"summary_large_image\" \/>\n<meta name=\"twitter:label1\" content=\"Tempo di lettura stimato\" \/>\n\t<meta name=\"twitter:data1\" content=\"6 minuti\" \/>\n<script type=\"application\/ld+json\" class=\"yoast-schema-graph\">{\"@context\":\"https:\/\/schema.org\",\"@graph\":[{\"@type\":\"WebPage\",\"@id\":\"https:\/\/buy-prescriptionz.com\/product\/buy-nitrazepam-nipam-online\/\",\"url\":\"https:\/\/buy-prescriptionz.com\/product\/buy-nitrazepam-nipam-online\/\",\"name\":\"Buy Nitrazepam (Nipam) Online - Sleeping Pills Vendor\",\"isPartOf\":{\"@id\":\"https:\/\/buy-prescriptionz.com\/#website\"},\"primaryImageOfPage\":{\"@id\":\"https:\/\/buy-prescriptionz.com\/product\/buy-nitrazepam-nipam-online\/#primaryimage\"},\"image\":{\"@id\":\"https:\/\/buy-prescriptionz.com\/product\/buy-nitrazepam-nipam-online\/#primaryimage\"},\"thumbnailUrl\":\"https:\/\/buy-prescriptionz.com\/wp-content\/uploads\/2025\/09\/nitrazeoam-nipam.jpg\",\"datePublished\":\"2025-09-16T08:56:10+00:00\",\"dateModified\":\"2025-09-24T06:50:48+00:00\",\"description\":\"Buy Nitrazepam (Nipam) Online, Nitrazepam-5-MG and there variants. Check for ... Nitrazepam 5 MG This composition has 44 Products ... NIPAM 5MG TAB\",\"breadcrumb\":{\"@id\":\"https:\/\/buy-prescriptionz.com\/product\/buy-nitrazepam-nipam-online\/#breadcrumb\"},\"inLanguage\":\"it-IT\",\"potentialAction\":[{\"@type\":\"ReadAction\",\"target\":[\"https:\/\/buy-prescriptionz.com\/product\/buy-nitrazepam-nipam-online\/\"]}]},{\"@type\":\"ImageObject\",\"inLanguage\":\"it-IT\",\"@id\":\"https:\/\/buy-prescriptionz.com\/product\/buy-nitrazepam-nipam-online\/#primaryimage\",\"url\":\"https:\/\/buy-prescriptionz.com\/wp-content\/uploads\/2025\/09\/nitrazeoam-nipam.jpg\",\"contentUrl\":\"https:\/\/buy-prescriptionz.com\/wp-content\/uploads\/2025\/09\/nitrazeoam-nipam.jpg\",\"width\":400,\"height\":300},{\"@type\":\"BreadcrumbList\",\"@id\":\"https:\/\/buy-prescriptionz.com\/product\/buy-nitrazepam-nipam-online\/#breadcrumb\",\"itemListElement\":[{\"@type\":\"ListItem\",\"position\":1,\"name\":\"Home\",\"item\":\"https:\/\/buy-prescriptionz.com\/\"},{\"@type\":\"ListItem\",\"position\":2,\"name\":\"Shop Painkillers Online\",\"item\":\"https:\/\/buy-prescriptionz.com\/shop-painkillers-online\/\"},{\"@type\":\"ListItem\",\"position\":3,\"name\":\"Buy Nitrazepam (Nipam) Online\"}]},{\"@type\":\"WebSite\",\"@id\":\"https:\/\/buy-prescriptionz.com\/#website\",\"url\":\"https:\/\/buy-prescriptionz.com\/\",\"name\":\"Buy Prescriptionz\",\"description\":\"Drugs Online\",\"publisher\":{\"@id\":\"https:\/\/buy-prescriptionz.com\/#organization\"},\"potentialAction\":[{\"@type\":\"SearchAction\",\"target\":{\"@type\":\"EntryPoint\",\"urlTemplate\":\"https:\/\/buy-prescriptionz.com\/?s={search_term_string}\"},\"query-input\":{\"@type\":\"PropertyValueSpecification\",\"valueRequired\":true,\"valueName\":\"search_term_string\"}}],\"inLanguage\":\"it-IT\"},{\"@type\":\"Organization\",\"@id\":\"https:\/\/buy-prescriptionz.com\/#organization\",\"name\":\"Buy Prescriptionz\",\"url\":\"https:\/\/buy-prescriptionz.com\/\",\"logo\":{\"@type\":\"ImageObject\",\"inLanguage\":\"it-IT\",\"@id\":\"https:\/\/buy-prescriptionz.com\/#\/schema\/logo\/image\/\",\"url\":\"https:\/\/buy-prescriptionz.com\/wp-content\/uploads\/2023\/09\/logo.png\",\"contentUrl\":\"https:\/\/buy-prescriptionz.com\/wp-content\/uploads\/2023\/09\/logo.png\",\"width\":350,\"height\":64,\"caption\":\"Buy Prescriptionz\"},\"image\":{\"@id\":\"https:\/\/buy-prescriptionz.com\/#\/schema\/logo\/image\/\"}}]}<\/script>\n<!-- \/ Yoast SEO plugin. -->","yoast_head_json":{"title":"Comprare Nitrazepam (Nipam) Online - Venditore di pillole per dormire","description":"Comprare Nitrazepam (Nipam) Online, Nitrazepam-5-MG e ci varianti. Controllare per ... Nitrazepam 5 MG Questa composizione ha 44 Prodotti ... NIPAM 5MG TAB","robots":{"index":"index","follow":"follow","max-snippet":"max-snippet:-1","max-image-preview":"max-image-preview:large","max-video-preview":"max-video-preview:-1"},"canonical":"https:\/\/buy-prescriptionz.com\/it\/prodotto\/acquista-nitrazepam-nipam-online\/","og_locale":"it_IT","og_type":"article","og_title":"Buy Nitrazepam (Nipam) Online - Sleeping Pills Vendor","og_description":"Buy Nitrazepam (Nipam) Online, Nitrazepam-5-MG and there variants. Check for ... Nitrazepam 5 MG This composition has 44 Products ... NIPAM 5MG TAB","og_url":"https:\/\/buy-prescriptionz.com\/it\/prodotto\/acquista-nitrazepam-nipam-online\/","og_site_name":"Buy Prescriptionz","article_modified_time":"2025-09-24T06:50:48+00:00","og_image":[{"width":400,"height":300,"url":"https:\/\/buy-prescriptionz.com\/wp-content\/uploads\/2025\/09\/nitrazeoam-nipam.jpg","type":"image\/jpeg"}],"twitter_card":"summary_large_image","twitter_misc":{"Tempo di lettura stimato":"6 minuti"},"schema":{"@context":"https:\/\/schema.org","@graph":[{"@type":"WebPage","@id":"https:\/\/buy-prescriptionz.com\/product\/buy-nitrazepam-nipam-online\/","url":"https:\/\/buy-prescriptionz.com\/product\/buy-nitrazepam-nipam-online\/","name":"Comprare Nitrazepam (Nipam) Online - Venditore di pillole per dormire","isPartOf":{"@id":"https:\/\/buy-prescriptionz.com\/#website"},"primaryImageOfPage":{"@id":"https:\/\/buy-prescriptionz.com\/product\/buy-nitrazepam-nipam-online\/#primaryimage"},"image":{"@id":"https:\/\/buy-prescriptionz.com\/product\/buy-nitrazepam-nipam-online\/#primaryimage"},"thumbnailUrl":"https:\/\/buy-prescriptionz.com\/wp-content\/uploads\/2025\/09\/nitrazeoam-nipam.jpg","datePublished":"2025-09-16T08:56:10+00:00","dateModified":"2025-09-24T06:50:48+00:00","description":"Comprare Nitrazepam (Nipam) Online, Nitrazepam-5-MG e ci varianti. Controllare per ... Nitrazepam 5 MG Questa composizione ha 44 Prodotti ... NIPAM 5MG TAB","breadcrumb":{"@id":"https:\/\/buy-prescriptionz.com\/product\/buy-nitrazepam-nipam-online\/#breadcrumb"},"inLanguage":"it-IT","potentialAction":[{"@type":"ReadAction","target":["https:\/\/buy-prescriptionz.com\/product\/buy-nitrazepam-nipam-online\/"]}]},{"@type":"ImageObject","inLanguage":"it-IT","@id":"https:\/\/buy-prescriptionz.com\/product\/buy-nitrazepam-nipam-online\/#primaryimage","url":"https:\/\/buy-prescriptionz.com\/wp-content\/uploads\/2025\/09\/nitrazeoam-nipam.jpg","contentUrl":"https:\/\/buy-prescriptionz.com\/wp-content\/uploads\/2025\/09\/nitrazeoam-nipam.jpg","width":400,"height":300},{"@type":"BreadcrumbList","@id":"https:\/\/buy-prescriptionz.com\/product\/buy-nitrazepam-nipam-online\/#breadcrumb","itemListElement":[{"@type":"ListItem","position":1,"name":"Home","item":"https:\/\/buy-prescriptionz.com\/"},{"@type":"ListItem","position":2,"name":"Shop Painkillers Online","item":"https:\/\/buy-prescriptionz.com\/shop-painkillers-online\/"},{"@type":"ListItem","position":3,"name":"Buy Nitrazepam (Nipam) Online"}]},{"@type":"WebSite","@id":"https:\/\/buy-prescriptionz.com\/#website","url":"https:\/\/buy-prescriptionz.com\/","name":"Buy Prescriptionz","description":"Farmaci online","publisher":{"@id":"https:\/\/buy-prescriptionz.com\/#organization"},"potentialAction":[{"@type":"SearchAction","target":{"@type":"EntryPoint","urlTemplate":"https:\/\/buy-prescriptionz.com\/?s={search_term_string}"},"query-input":{"@type":"PropertyValueSpecification","valueRequired":true,"valueName":"search_term_string"}}],"inLanguage":"it-IT"},{"@type":"Organization","@id":"https:\/\/buy-prescriptionz.com\/#organization","name":"Buy Prescriptionz","url":"https:\/\/buy-prescriptionz.com\/","logo":{"@type":"ImageObject","inLanguage":"it-IT","@id":"https:\/\/buy-prescriptionz.com\/#\/schema\/logo\/image\/","url":"https:\/\/buy-prescriptionz.com\/wp-content\/uploads\/2023\/09\/logo.png","contentUrl":"https:\/\/buy-prescriptionz.com\/wp-content\/uploads\/2023\/09\/logo.png","width":350,"height":64,"caption":"Buy Prescriptionz"},"image":{"@id":"https:\/\/buy-prescriptionz.com\/#\/schema\/logo\/image\/"}}]}},"_links":{"self":[{"href":"https:\/\/buy-prescriptionz.com\/it\/wp-json\/wp\/v2\/product\/3065","targetHints":{"allow":["GET"]}}],"collection":[{"href":"https:\/\/buy-prescriptionz.com\/it\/wp-json\/wp\/v2\/product"}],"about":[{"href":"https:\/\/buy-prescriptionz.com\/it\/wp-json\/wp\/v2\/types\/product"}],"replies":[{"embeddable":true,"href":"https:\/\/buy-prescriptionz.com\/it\/wp-json\/wp\/v2\/comments?post=3065"}],"wp:featuredmedia":[{"embeddable":true,"href":"https:\/\/buy-prescriptionz.com\/it\/wp-json\/wp\/v2\/media\/3095"}],"wp:attachment":[{"href":"https:\/\/buy-prescriptionz.com\/it\/wp-json\/wp\/v2\/media?parent=3065"}],"wp:term":[{"taxonomy":"product_brand","embeddable":true,"href":"https:\/\/buy-prescriptionz.com\/it\/wp-json\/wp\/v2\/product_brand?post=3065"},{"taxonomy":"product_cat","embeddable":true,"href":"https:\/\/buy-prescriptionz.com\/it\/wp-json\/wp\/v2\/product_cat?post=3065"},{"taxonomy":"product_tag","embeddable":true,"href":"https:\/\/buy-prescriptionz.com\/it\/wp-json\/wp\/v2\/product_tag?post=3065"}],"curies":[{"name":"wp","href":"https:\/\/api.w.org\/{rel}","templated":true}]}}