{"id":3066,"date":"2025-09-16T08:56:11","date_gmt":"2025-09-16T08:56:11","guid":{"rendered":"https:\/\/chemsfine.com\/newsite\/?post_type=product&#038;p=3066"},"modified":"2025-09-29T11:01:19","modified_gmt":"2025-09-29T11:01:19","slug":"acquista-mepron-chimico-online","status":"publish","type":"product","link":"https:\/\/buy-prescriptionz.com\/it\/prodotto\/acquista-mepron-chimico-online\/","title":{"rendered":"Comprare Mepron Chemical Online"},"content":{"rendered":"<h2>Comprare Mepron Chemical Online<\/h2>\n<h3>Cosa fa mepron?<\/h3>\n<p>Sebbene alcune persone non possano assumere trimetoprim-sulfametossazolo (TMP-SMX), il mepron (atovaquone) \u00e8 un farmaco antiprotozoario utilizzato per trattare la polmonite da Pneumocystis carinii da lieve a moderata; viene anche utilizzato per prevenire questa infezione nelle persone che possono farlo.<\/p>\n<h3>Come ti fa sentire Mepron?<\/h3>\n<p>Mal di stomaco o malessere, diarrea, stitichezza, mal di testa, stanchezza, vertigini, dolori muscolari, eruzioni cutanee, sudorazione o difficolt\u00e0 a dormire e incapacit\u00e0 di addormentarsi o rimanere addormentati. Se si verifica uno qualsiasi dei seguenti effetti collaterali pericolosi, consultare immediatamente un medico o chiamare il 112. Segnali di avvertimento negli occhi come rapida perdita della vista, visione offuscata, visione a tunnel, dolore o gonfiore agli occhi o visione di anelli intorno alle luci. Gravi problemi cardiaci come battiti cardiaci rapidi, irregolari o martellanti, tremori al petto, mancanza di respiro e rapida sensazione di vertigini, stordimento o svenimento. Forte mal di testa, confusione, difficolt\u00e0 di parola, debolezza di braccia o gambe, difficolt\u00e0 a camminare, perdita di equilibrio, sensazione di tremore, muscoli molto rigidi, febbre alta, sudorazione eccessiva o tremori. Potrebbero esserci altri effetti collaterali non elencati in questo testo. Consultare il medico se si desidera saperne di pi\u00f9 sugli effetti collaterali.<\/p>\n<h3>Quanto Mepron assumere?<\/h3>\n<p>Mepron (atovaquone) \u00e8 disponibile in un dosaggio di 750 mg di atovaquone per cucchiaino (5 ml). La dose \u00e8 diversa per adulti e bambini e viene stabilita dal medico che lo prescrive. Si tenga presente che non assumere Mepron Sospensione con il cibo pu\u00f2 rendere pi\u00f9 difficile l'efficacia del trattamento. Le persone allergiche all'atovaquone non devono assumere questo medicinale.<\/p>\n<p>Quali altri medicinali, sostanze o integratori sono efficaci con il mepron? Il mepron potrebbe non essere efficace con alcuni farmaci, come la rifabutina, la rifampicina, gli anticoagulanti o i farmaci usati per trattare le convulsioni.<\/p>\n<p>Mepron durante la gravidanza o l'allattamento Non ci sono abbastanza segnalazioni sull'uso di Mepron da parte di donne in gravidanza. Mepron deve essere usato durante la gravidanza solo se il possibile beneficio \u00e8 superiore al possibile rischio per il nascituro. Non sappiamo se Mepron passi nel latte materno. Consultare il medico prima di iniziare l'allattamento.<\/p>\n<p>Per un'opzione affidabile e conveniente per acquistare Mepron, scegli la migliore farmacia online: Buy-prescriptionz.com. Con un'ampia selezione di farmaci originali, prezzi competitivi, transazioni sicure e un eccellente servizio clienti, Buy-prescriptionz.com garantisce un'esperienza di acquisto fluida e affidabile. Visita Buy-prescriptionz.com oggi stesso per soddisfare le tue esigenze di prescrizione in tutta sicurezza.<\/p>\n<h3>Informazioni essenziali su Mepron<\/h3>\n<p>Acquista Mepron Chemical online. La polmonite da Pneumocystis jiroveci \u00e8 un tipo di polmonite che colpisce i polmoni. La proliferazione di Pneumocystis jiroveci causa l'infezione. Il Mepron, sia di marca che convenzionale, contiene Atovaquone in uno stato finemente polverizzato. Questo favorisce una migliore assimilazione del farmaco rispetto ad altre compresse. \u00c8 utilizzato sia per prevenire che per trattare la polmonite da Pneumocystis jiroveci. Il Mepron, sia di marca che convenzionale, agisce inibendo la proliferazione di Pneumocystis jiroveci nei pazienti affetti da HIV. Pu\u00f2 essere consigliato a qualsiasi fascia d'et\u00e0 a un dosaggio ragionevole. Il farmaco \u00e8 inoltre prescritto per prevenire la polmonite da Pneumocystis carinii nei pazienti che non possono tollerare il trattamento con trimetoprim-sulfametossazolo.<\/p>\n<h3>Protezione\/Effetti collaterali per gli uomini<\/h3>\n<p>Assumere Mepron\/Atovaquone, di marca o non esclusivo, insieme al cibo. Migliora la biodisponibilit\u00e0, il che significa che la concentrazione del farmaco nell'organismo \u00e8 notevolmente maggiore se assunto con il cibo. Il medico di base valuter\u00e0 la possibilit\u00e0 di somministrare il farmaco in forma di infusione, se non si \u00e8 in grado di assumerlo insieme al cibo. Questo \u00e8 fondamentale per aumentare la velocit\u00e0 di progressione e la sopravvivenza. Quando sono presenti altre infezioni batteriche o virali, non \u00e8 consigliabile utilizzare questo farmaco contemporaneamente. Consultare il medico di base in caso di gravidanza. \u00c8 necessario un giudizio professionale per valutare i benefici del trattamento con Mepron rispetto al rischio di polmonite da Pneumocystis jiroveci. Consultare il medico di base se il farmaco deve essere assunto durante la gravidanza. Informare il medico di base in caso di infezioni al fegato, ai reni o se si stanno assumendo determinati farmaci come rifabutina, rifampicina, farmaci per le convulsioni e altri. Le reazioni che potrebbero verificarsi durante il trattamento con Mepron\/Atovaquone, sia di marca che convenzionale, sono: irritazione, nausea, instabilit\u00e0, malessere anomalo e formazione di placche bianche in gola o in bocca. Il Mepron, sia di marca che convenzionale, pu\u00f2 anche causare reazioni minori come congestione nasale, diarrea, insonnia, sudorazione e lievi eruzioni cutanee.<\/p>\n<h3>Dosaggio di Mepron<\/h3>\n<p>La sospensione di Mepron, di marca o convenzionale, \u00e8 disponibile in flaconi. Per un'azione contraccettiva, la dose consigliata \u00e8 di 10 ml una volta al giorno, insieme ai pasti. Per il trattamento, si consigliano 5 ml di sospensione due volte al giorno, per 21 giorni. Le dosi sono le stesse per adulti e ragazzi di et\u00e0 superiore ai 13 anni. Mantenere un intervallo di tempo equivalente tra le due dosi durante il giorno per mantenere una convergenza costante del farmaco nell'organismo. Rimuovere la linguetta dall'apertura e strapparla dove si vede una rientranza per aprire la tasca. Agitare delicatamente il flacone prima dell'uso. Non interrompere l'assunzione del farmaco a met\u00e0 del periodo di tempo raccomandato. Disponiamo di sospensione orale di Mepron in dosi da 750 mg\/5 ml. Sto risparmiando molto durante la malattia ritardata. Acquista Mepron da Buyprescriptionz e approfitta dei prezzi pi\u00f9 bassi.<\/p>","protected":false},"excerpt":{"rendered":"<p>Buy Mepron Chemical Online What does mepron do? While some people can&#8217;t take trimethoprim-sulfamethoxazole (TMP-SMX), mepron (atovaquone) is an antiprotozoal drug that is used to treat mild to moderate Pneumocystis carinii pneumonia, it is also used to avoid this infection in people who can. How does Mepron make you feel? stomach pain or upset, diarrhoea, [&hellip;]<\/p>","protected":false},"featured_media":3096,"comment_status":"open","ping_status":"closed","template":"","meta":{"site-sidebar-layout":"default","site-content-layout":"","ast-site-content-layout":"default","site-content-style":"default","site-sidebar-style":"default","ast-global-header-display":"","ast-banner-title-visibility":"","ast-main-header-display":"","ast-hfb-above-header-display":"","ast-hfb-below-header-display":"","ast-hfb-mobile-header-display":"","site-post-title":"","ast-breadcrumbs-content":"","ast-featured-img":"","footer-sml-layout":"","theme-transparent-header-meta":"default","adv-header-id-meta":"","stick-header-meta":"","header-above-stick-meta":"","header-main-stick-meta":"","header-below-stick-meta":"","astra-migrate-meta-layouts":"set","ast-page-background-enabled":"default","ast-page-background-meta":{"desktop":{"background-color":"var(--ast-global-color-4)","background-image":"","background-repeat":"repeat","background-position":"center center","background-size":"auto","background-attachment":"scroll","background-type":"","background-media":"","overlay-type":"","overlay-color":"","overlay-opacity":"","overlay-gradient":""},"tablet":{"background-color":"","background-image":"","background-repeat":"repeat","background-position":"center center","background-size":"auto","background-attachment":"scroll","background-type":"","background-media":"","overlay-type":"","overlay-color":"","overlay-opacity":"","overlay-gradient":""},"mobile":{"background-color":"","background-image":"","background-repeat":"repeat","background-position":"center center","background-size":"auto","background-attachment":"scroll","background-type":"","background-media":"","overlay-type":"","overlay-color":"","overlay-opacity":"","overlay-gradient":""}},"ast-content-background-meta":{"desktop":{"background-color":"var(--ast-global-color-5)","background-image":"","background-repeat":"repeat","background-position":"center center","background-size":"auto","background-attachment":"scroll","background-type":"","background-media":"","overlay-type":"","overlay-color":"","overlay-opacity":"","overlay-gradient":""},"tablet":{"background-color":"var(--ast-global-color-5)","background-image":"","background-repeat":"repeat","background-position":"center center","background-size":"auto","background-attachment":"scroll","background-type":"","background-media":"","overlay-type":"","overlay-color":"","overlay-opacity":"","overlay-gradient":""},"mobile":{"background-color":"var(--ast-global-color-5)","background-image":"","background-repeat":"repeat","background-position":"center center","background-size":"auto","background-attachment":"scroll","background-type":"","background-media":"","overlay-type":"","overlay-color":"","overlay-opacity":"","overlay-gradient":""}}},"product_brand":[],"product_cat":[2385],"product_tag":[1170,1171,1165,1168,1167,1166,1169,1164,1163,1173,1172],"class_list":{"0":"post-3066","1":"product","2":"type-product","3":"status-publish","4":"has-post-thumbnail","6":"product_cat-buy-pain-killer-pills-online","7":"product_tag-buy-mepron-chemical-name-atovaquone-in-canada","8":"product_tag-buy-mepron-chemical-name-atovaquone-in-uk","9":"product_tag-buy-mepron-chemical-name-atovaquone-with-bitcoin","10":"product_tag-buy-mepron-chemical-name-atovaquone-with-credit-card","11":"product_tag-buy-mepron-chemical-name-atovaquone-with-money-gram","12":"product_tag-buy-mepron-chemical-name-atovaquone-with-western-union","13":"product_tag-buy-mepron-chemical-name-atovaquone-without-a-doctor","14":"product_tag-buy-mepron-chemical-name-atovaquone-without-prescription","15":"product_tag-mepron-chemical-name-atovaquone-for-sale","16":"product_tag-mepron-chemical-name-atovaquone-pills","17":"product_tag-mepron-chemical-name-atovaquone-tablets","18":"desktop-align-center","19":"tablet-align-left","20":"mobile-align-left","22":"first","23":"instock","24":"shipping-taxable","25":"purchasable","26":"product-type-variable","27":"has-default-attributes"},"yoast_head":"<!-- This site is optimized with the Yoast SEO plugin v25.9 - https:\/\/yoast.com\/wordpress\/plugins\/seo\/ -->\n<title>Buy Mepron Chemical Online Buy Mepron Chemical Online-<\/title>\n<meta name=\"description\" content=\"Buy Mepron Chemical Online where you can buy Buy Mepron Chemical Online Online name-atovaquone at best prices with free shipping and home delivery\" \/>\n<meta name=\"robots\" content=\"index, follow, max-snippet:-1, max-image-preview:large, max-video-preview:-1\" \/>\n<link rel=\"canonical\" href=\"https:\/\/buy-prescriptionz.com\/it\/prodotto\/acquista-mepron-chimico-online\/\" \/>\n<meta property=\"og:locale\" content=\"it_IT\" \/>\n<meta property=\"og:type\" content=\"article\" \/>\n<meta property=\"og:title\" content=\"Buy Mepron Chemical Online Buy Mepron Chemical Online-\" \/>\n<meta property=\"og:description\" content=\"Buy Mepron Chemical Online where you can buy Buy Mepron Chemical Online Online name-atovaquone at best prices with free shipping and home delivery\" \/>\n<meta property=\"og:url\" content=\"https:\/\/buy-prescriptionz.com\/it\/prodotto\/acquista-mepron-chimico-online\/\" \/>\n<meta property=\"og:site_name\" content=\"Buy Prescriptionz\" \/>\n<meta property=\"article:modified_time\" content=\"2025-09-29T11:01:19+00:00\" \/>\n<meta property=\"og:image\" content=\"https:\/\/buy-prescriptionz.com\/wp-content\/uploads\/2025\/09\/mepron-chemical-name-atovaquone.jpg\" \/>\n\t<meta property=\"og:image:width\" content=\"400\" \/>\n\t<meta property=\"og:image:height\" content=\"300\" \/>\n\t<meta property=\"og:image:type\" content=\"image\/jpeg\" \/>\n<meta name=\"twitter:card\" content=\"summary_large_image\" \/>\n<meta name=\"twitter:label1\" content=\"Tempo di lettura stimato\" \/>\n\t<meta name=\"twitter:data1\" content=\"4 minuti\" \/>\n<script type=\"application\/ld+json\" class=\"yoast-schema-graph\">{\"@context\":\"https:\/\/schema.org\",\"@graph\":[{\"@type\":\"WebPage\",\"@id\":\"https:\/\/buy-prescriptionz.com\/product\/buy-mepron-chemical-online\/\",\"url\":\"https:\/\/buy-prescriptionz.com\/product\/buy-mepron-chemical-online\/\",\"name\":\"Buy Mepron Chemical Online Buy Mepron Chemical Online-\",\"isPartOf\":{\"@id\":\"https:\/\/buy-prescriptionz.com\/#website\"},\"primaryImageOfPage\":{\"@id\":\"https:\/\/buy-prescriptionz.com\/product\/buy-mepron-chemical-online\/#primaryimage\"},\"image\":{\"@id\":\"https:\/\/buy-prescriptionz.com\/product\/buy-mepron-chemical-online\/#primaryimage\"},\"thumbnailUrl\":\"https:\/\/buy-prescriptionz.com\/wp-content\/uploads\/2025\/09\/mepron-chemical-name-atovaquone.jpg\",\"datePublished\":\"2025-09-16T08:56:11+00:00\",\"dateModified\":\"2025-09-29T11:01:19+00:00\",\"description\":\"Buy Mepron Chemical Online where you can buy Buy Mepron Chemical Online Online name-atovaquone at best prices with free shipping and home delivery\",\"breadcrumb\":{\"@id\":\"https:\/\/buy-prescriptionz.com\/product\/buy-mepron-chemical-online\/#breadcrumb\"},\"inLanguage\":\"it-IT\",\"potentialAction\":[{\"@type\":\"ReadAction\",\"target\":[\"https:\/\/buy-prescriptionz.com\/product\/buy-mepron-chemical-online\/\"]}]},{\"@type\":\"ImageObject\",\"inLanguage\":\"it-IT\",\"@id\":\"https:\/\/buy-prescriptionz.com\/product\/buy-mepron-chemical-online\/#primaryimage\",\"url\":\"https:\/\/buy-prescriptionz.com\/wp-content\/uploads\/2025\/09\/mepron-chemical-name-atovaquone.jpg\",\"contentUrl\":\"https:\/\/buy-prescriptionz.com\/wp-content\/uploads\/2025\/09\/mepron-chemical-name-atovaquone.jpg\",\"width\":400,\"height\":300},{\"@type\":\"BreadcrumbList\",\"@id\":\"https:\/\/buy-prescriptionz.com\/product\/buy-mepron-chemical-online\/#breadcrumb\",\"itemListElement\":[{\"@type\":\"ListItem\",\"position\":1,\"name\":\"Home\",\"item\":\"https:\/\/buy-prescriptionz.com\/\"},{\"@type\":\"ListItem\",\"position\":2,\"name\":\"Shop Painkillers Online\",\"item\":\"https:\/\/buy-prescriptionz.com\/shop-painkillers-online\/\"},{\"@type\":\"ListItem\",\"position\":3,\"name\":\"Buy Mepron Chemical Online\"}]},{\"@type\":\"WebSite\",\"@id\":\"https:\/\/buy-prescriptionz.com\/#website\",\"url\":\"https:\/\/buy-prescriptionz.com\/\",\"name\":\"Buy Prescriptionz\",\"description\":\"Drugs Online\",\"publisher\":{\"@id\":\"https:\/\/buy-prescriptionz.com\/#organization\"},\"potentialAction\":[{\"@type\":\"SearchAction\",\"target\":{\"@type\":\"EntryPoint\",\"urlTemplate\":\"https:\/\/buy-prescriptionz.com\/?s={search_term_string}\"},\"query-input\":{\"@type\":\"PropertyValueSpecification\",\"valueRequired\":true,\"valueName\":\"search_term_string\"}}],\"inLanguage\":\"it-IT\"},{\"@type\":\"Organization\",\"@id\":\"https:\/\/buy-prescriptionz.com\/#organization\",\"name\":\"Buy Prescriptionz\",\"url\":\"https:\/\/buy-prescriptionz.com\/\",\"logo\":{\"@type\":\"ImageObject\",\"inLanguage\":\"it-IT\",\"@id\":\"https:\/\/buy-prescriptionz.com\/#\/schema\/logo\/image\/\",\"url\":\"https:\/\/buy-prescriptionz.com\/wp-content\/uploads\/2023\/09\/logo.png\",\"contentUrl\":\"https:\/\/buy-prescriptionz.com\/wp-content\/uploads\/2023\/09\/logo.png\",\"width\":350,\"height\":64,\"caption\":\"Buy Prescriptionz\"},\"image\":{\"@id\":\"https:\/\/buy-prescriptionz.com\/#\/schema\/logo\/image\/\"}}]}<\/script>\n<!-- \/ Yoast SEO plugin. -->","yoast_head_json":{"title":"Acquista Mepron Chemical online Acquista Mepron Chemical online-","description":"Acquista Mepron Chemical Online dove puoi acquistare Acquista Mepron Chemical Online Nome online-atovaquone ai migliori prezzi con spedizione gratuita e consegna a domicilio","robots":{"index":"index","follow":"follow","max-snippet":"max-snippet:-1","max-image-preview":"max-image-preview:large","max-video-preview":"max-video-preview:-1"},"canonical":"https:\/\/buy-prescriptionz.com\/it\/prodotto\/acquista-mepron-chimico-online\/","og_locale":"it_IT","og_type":"article","og_title":"Buy Mepron Chemical Online Buy Mepron Chemical Online-","og_description":"Buy Mepron Chemical Online where you can buy Buy Mepron Chemical Online Online name-atovaquone at best prices with free shipping and home delivery","og_url":"https:\/\/buy-prescriptionz.com\/it\/prodotto\/acquista-mepron-chimico-online\/","og_site_name":"Buy Prescriptionz","article_modified_time":"2025-09-29T11:01:19+00:00","og_image":[{"width":400,"height":300,"url":"https:\/\/buy-prescriptionz.com\/wp-content\/uploads\/2025\/09\/mepron-chemical-name-atovaquone.jpg","type":"image\/jpeg"}],"twitter_card":"summary_large_image","twitter_misc":{"Tempo di lettura stimato":"4 minuti"},"schema":{"@context":"https:\/\/schema.org","@graph":[{"@type":"WebPage","@id":"https:\/\/buy-prescriptionz.com\/product\/buy-mepron-chemical-online\/","url":"https:\/\/buy-prescriptionz.com\/product\/buy-mepron-chemical-online\/","name":"Acquista Mepron Chemical online Acquista Mepron Chemical online-","isPartOf":{"@id":"https:\/\/buy-prescriptionz.com\/#website"},"primaryImageOfPage":{"@id":"https:\/\/buy-prescriptionz.com\/product\/buy-mepron-chemical-online\/#primaryimage"},"image":{"@id":"https:\/\/buy-prescriptionz.com\/product\/buy-mepron-chemical-online\/#primaryimage"},"thumbnailUrl":"https:\/\/buy-prescriptionz.com\/wp-content\/uploads\/2025\/09\/mepron-chemical-name-atovaquone.jpg","datePublished":"2025-09-16T08:56:11+00:00","dateModified":"2025-09-29T11:01:19+00:00","description":"Acquista Mepron Chemical Online dove puoi acquistare Acquista Mepron Chemical Online Nome online-atovaquone ai migliori prezzi con spedizione gratuita e consegna a domicilio","breadcrumb":{"@id":"https:\/\/buy-prescriptionz.com\/product\/buy-mepron-chemical-online\/#breadcrumb"},"inLanguage":"it-IT","potentialAction":[{"@type":"ReadAction","target":["https:\/\/buy-prescriptionz.com\/product\/buy-mepron-chemical-online\/"]}]},{"@type":"ImageObject","inLanguage":"it-IT","@id":"https:\/\/buy-prescriptionz.com\/product\/buy-mepron-chemical-online\/#primaryimage","url":"https:\/\/buy-prescriptionz.com\/wp-content\/uploads\/2025\/09\/mepron-chemical-name-atovaquone.jpg","contentUrl":"https:\/\/buy-prescriptionz.com\/wp-content\/uploads\/2025\/09\/mepron-chemical-name-atovaquone.jpg","width":400,"height":300},{"@type":"BreadcrumbList","@id":"https:\/\/buy-prescriptionz.com\/product\/buy-mepron-chemical-online\/#breadcrumb","itemListElement":[{"@type":"ListItem","position":1,"name":"Home","item":"https:\/\/buy-prescriptionz.com\/"},{"@type":"ListItem","position":2,"name":"Shop Painkillers Online","item":"https:\/\/buy-prescriptionz.com\/shop-painkillers-online\/"},{"@type":"ListItem","position":3,"name":"Buy Mepron Chemical Online"}]},{"@type":"WebSite","@id":"https:\/\/buy-prescriptionz.com\/#website","url":"https:\/\/buy-prescriptionz.com\/","name":"Buy Prescriptionz","description":"Farmaci online","publisher":{"@id":"https:\/\/buy-prescriptionz.com\/#organization"},"potentialAction":[{"@type":"SearchAction","target":{"@type":"EntryPoint","urlTemplate":"https:\/\/buy-prescriptionz.com\/?s={search_term_string}"},"query-input":{"@type":"PropertyValueSpecification","valueRequired":true,"valueName":"search_term_string"}}],"inLanguage":"it-IT"},{"@type":"Organization","@id":"https:\/\/buy-prescriptionz.com\/#organization","name":"Buy Prescriptionz","url":"https:\/\/buy-prescriptionz.com\/","logo":{"@type":"ImageObject","inLanguage":"it-IT","@id":"https:\/\/buy-prescriptionz.com\/#\/schema\/logo\/image\/","url":"https:\/\/buy-prescriptionz.com\/wp-content\/uploads\/2023\/09\/logo.png","contentUrl":"https:\/\/buy-prescriptionz.com\/wp-content\/uploads\/2023\/09\/logo.png","width":350,"height":64,"caption":"Buy Prescriptionz"},"image":{"@id":"https:\/\/buy-prescriptionz.com\/#\/schema\/logo\/image\/"}}]}},"_links":{"self":[{"href":"https:\/\/buy-prescriptionz.com\/it\/wp-json\/wp\/v2\/product\/3066","targetHints":{"allow":["GET"]}}],"collection":[{"href":"https:\/\/buy-prescriptionz.com\/it\/wp-json\/wp\/v2\/product"}],"about":[{"href":"https:\/\/buy-prescriptionz.com\/it\/wp-json\/wp\/v2\/types\/product"}],"replies":[{"embeddable":true,"href":"https:\/\/buy-prescriptionz.com\/it\/wp-json\/wp\/v2\/comments?post=3066"}],"wp:featuredmedia":[{"embeddable":true,"href":"https:\/\/buy-prescriptionz.com\/it\/wp-json\/wp\/v2\/media\/3096"}],"wp:attachment":[{"href":"https:\/\/buy-prescriptionz.com\/it\/wp-json\/wp\/v2\/media?parent=3066"}],"wp:term":[{"taxonomy":"product_brand","embeddable":true,"href":"https:\/\/buy-prescriptionz.com\/it\/wp-json\/wp\/v2\/product_brand?post=3066"},{"taxonomy":"product_cat","embeddable":true,"href":"https:\/\/buy-prescriptionz.com\/it\/wp-json\/wp\/v2\/product_cat?post=3066"},{"taxonomy":"product_tag","embeddable":true,"href":"https:\/\/buy-prescriptionz.com\/it\/wp-json\/wp\/v2\/product_tag?post=3066"}],"curies":[{"name":"wp","href":"https:\/\/api.w.org\/{rel}","templated":true}]}}