{"id":3067,"date":"2025-09-16T08:56:11","date_gmt":"2025-09-16T08:56:11","guid":{"rendered":"https:\/\/chemsfine.com\/newsite\/?post_type=product&#038;p=3067"},"modified":"2025-09-29T10:42:33","modified_gmt":"2025-09-29T10:42:33","slug":"acquista-lorazepam-ativan-online","status":"publish","type":"product","link":"https:\/\/buy-prescriptionz.com\/it\/prodotto\/acquista-lorazepam-ativan-online\/","title":{"rendered":"Acquista Lorazepam (Ativan) online"},"content":{"rendered":"<h2>Acquista Lorazepam (Ativan) online<\/h2>\n<p>Il Lorazepam appartiene alla classe di farmaci nota come benzodiazepine. Il Lorazepam pu\u00f2 essere utilizzato per un sollievo temporaneo, in particolare in caso di forte tensione. Inibisce la comunicazione tra i nervi del cervello. Alcune persone hanno riscontrato un miglioramento graduale dell'ansia, che dura circa 30 minuti dopo l'assunzione del farmaco Lorazepam. Per le crisi epilettiche tardive, il Lorazepam iniettabile pu\u00f2 essere utilizzato come trattamento di base. Con il farmaco Lorazepam, la lentezza, l'ansia e le convulsioni possono essere trattate rapidamente. Questo farmaco \u00e8 facilmente disponibile per l'acquisto online. L'effetto si manifesta anche poco dopo l'assunzione; questo pu\u00f2 causare un rilassamento dello stato di salute.<\/p>\n<h3>QUALI PRECAUZIONI SI DEVONO PRENDERE DURANTE L'ASSUNZIONE DI LORAZEPAM?<\/h3>\n<p>Acquista Lorazepam (Ativan) online, Acquista Lorazepam (Ativan) online, Se si verificano problemi respiratori, danni ai polmoni o ai reni, malattie coronariche, sonnolenza o impotenza, a quel punto Lorazepam pu\u00f2 rispondere a queste condizioni. Le donne che desiderano una gravidanza o le donne incinte non devono assumere questa compressa o altrimenti dovrebbero consultare un consulente sanitario prima di assumere Lorazepam.<\/p>\n<p>Il farmaco su prescrizione medica Lorazepam Compresse \u00e8 utilizzato per trattare i disturbi d'ansia, tra cui attacchi di panico, fobie sociali, disturbo ossessivo-compulsivo (DOC) e disturbo d'ansia generalizzato (caratterizzato da eccessiva preoccupazione o irrequietezza). Inoltre, viene utilizzato per alleviare temporaneamente i sintomi dell'ansia.<\/p>\n<p>I sintomi d'ansia, tra cui trepidazione, respiro accelerato, tachicardia, sudorazione profusa, tremori, debolezza e perdita di concentrazione, sono alleviati dall'assunzione di un milligrammo del miglior Lorazepam. \u00c8 possibile assumere cibo insieme o meno. Per aiutare l'organismo a mantenere una dose costante di farmaco, assumerlo alla stessa ora ogni giorno. Poich\u00e9 questo farmaco ha un potenziale significativo di creare assuefazione, assumerlo secondo il dosaggio e la durata raccomandati dal medico.<\/p>\n<h3>Si consideri la possibilit\u00e0 che UN individuo soffra di sovradosaggio O DIMENTICHI DI ASSUMERE LORAZEPAM.<\/h3>\n<p>Acquista Lorazepam (Ativan) online, nel caso in cui si perdano le dosi di Lorazepam, si pu\u00f2 prendere la compressa in quel momento, ma non si dovrebbe prendere la dose doppia, Acquista Lorazepam (Ativan) online, se c'\u00e8 la stagione della dose successiva. Il Lorazepam pu\u00f2 probabilmente essere gestito male ed \u00e8 per questo che c'\u00e8 molta possibilit\u00e0 di sovradosaggio. \u00c8 per questo che si dovrebbe prendere un aiuto di emergenza in modo tempestivo.<\/p>\n<p><strong>BENEFICI DELLE COMPRESSE ATIVAN NEL TRATTAMENTO DI BREVE TERMINE<\/strong><\/p>\n<p>I sentimenti di eccessiva preoccupazione e ansia che potrebbero emergere durante situazioni stressanti come un colloquio di lavoro o un esame vengono attenuati assumendo la migliore compressa di Lorazepam. Inoltre, pu\u00f2 ridurre agitazione, affaticamento, difficolt\u00e0 di concentrazione e irrequietezza. Di conseguenza, sarai in grado di svolgere le tue attivit\u00e0 quotidiane in modo pi\u00f9 agevole e produttivo. Nonostante ti senta bene, continua ad assumere questo farmaco. Interruzioni improvvise potrebbero causare problemi gravi.<\/p>\n<p>Aumentando la quantit\u00e0 di GABA nel cervello, il Lorazepam Compresse riduce i sintomi di una variet\u00e0 di disturbi d'ansia, come il disturbo d'ansia generalizzato e il disturbo ossessivo-compulsivo. Questo blocca sintomi d'ansia anomali come affaticamento, irritabilit\u00e0, irrequietezza, difficolt\u00e0 di concentrazione e disturbi del sonno. Calma e migliora le capacit\u00e0 di problem-solving. Una dieta equilibrata e l'esercizio fisico possono aiutare a risollevare il morale. Continuate ad assumere il farmaco fino a quando il vostro medico non vi dar\u00e0 il via libera.<\/p>\n<p><strong>EFFETTI COLLATERALI DELLA COMPRESSA DURANTE L'USO<\/strong><\/p>\n<p>La maggior parte degli effetti collaterali scompare quando l'organismo si abitua al farmaco e non necessita di cure mediche. Consultare il medico se persistono o se si hanno dubbi al riguardo.<\/p>\n<p><strong>Effetti collaterali comuni del Lorazepam<\/strong><\/p>\n<p>Vertigini\/sedazione<\/p>\n<p>Dolore\/Stanco<\/p>\n<p>muscoli indeboliti\/sensazione di sonnolenza<\/p>\n<p>Il Lorazepam, comunemente noto come Ativan, \u00e8 un farmaco efficace per la gestione dell'ansia e di altri disturbi correlati. Chi ne avesse bisogno pu\u00f2 acquistarlo comodamente online presso la migliore farmacia, Buy-prescriptionz.com. Questa piattaforma affidabile garantisce l'acquisto rapido e sicuro del farmaco di cui ha bisogno.<\/p>","protected":false},"excerpt":{"rendered":"<p>Buy Lorazepam (Ativan) Online Lorazepam is from the class of meds which is called as benzodiazepines. Lorazepam can be utilized for transient alleviation, which is for the indications of a great deal of tension. It hinders the correspondence between the nerves of the cerebrum. A few people have encountered accommodating measure of progress in the [&hellip;]<\/p>","protected":false},"featured_media":3097,"comment_status":"open","ping_status":"closed","template":"","meta":{"site-sidebar-layout":"default","site-content-layout":"","ast-site-content-layout":"default","site-content-style":"default","site-sidebar-style":"default","ast-global-header-display":"","ast-banner-title-visibility":"","ast-main-header-display":"","ast-hfb-above-header-display":"","ast-hfb-below-header-display":"","ast-hfb-mobile-header-display":"","site-post-title":"","ast-breadcrumbs-content":"","ast-featured-img":"","footer-sml-layout":"","theme-transparent-header-meta":"default","adv-header-id-meta":"","stick-header-meta":"","header-above-stick-meta":"","header-main-stick-meta":"","header-below-stick-meta":"","astra-migrate-meta-layouts":"set","ast-page-background-enabled":"default","ast-page-background-meta":{"desktop":{"background-color":"var(--ast-global-color-4)","background-image":"","background-repeat":"repeat","background-position":"center center","background-size":"auto","background-attachment":"scroll","background-type":"","background-media":"","overlay-type":"","overlay-color":"","overlay-opacity":"","overlay-gradient":""},"tablet":{"background-color":"","background-image":"","background-repeat":"repeat","background-position":"center center","background-size":"auto","background-attachment":"scroll","background-type":"","background-media":"","overlay-type":"","overlay-color":"","overlay-opacity":"","overlay-gradient":""},"mobile":{"background-color":"","background-image":"","background-repeat":"repeat","background-position":"center center","background-size":"auto","background-attachment":"scroll","background-type":"","background-media":"","overlay-type":"","overlay-color":"","overlay-opacity":"","overlay-gradient":""}},"ast-content-background-meta":{"desktop":{"background-color":"var(--ast-global-color-5)","background-image":"","background-repeat":"repeat","background-position":"center center","background-size":"auto","background-attachment":"scroll","background-type":"","background-media":"","overlay-type":"","overlay-color":"","overlay-opacity":"","overlay-gradient":""},"tablet":{"background-color":"var(--ast-global-color-5)","background-image":"","background-repeat":"repeat","background-position":"center center","background-size":"auto","background-attachment":"scroll","background-type":"","background-media":"","overlay-type":"","overlay-color":"","overlay-opacity":"","overlay-gradient":""},"mobile":{"background-color":"var(--ast-global-color-5)","background-image":"","background-repeat":"repeat","background-position":"center center","background-size":"auto","background-attachment":"scroll","background-type":"","background-media":"","overlay-type":"","overlay-color":"","overlay-opacity":"","overlay-gradient":""}}},"product_brand":[],"product_cat":[2385],"product_tag":[1182,1183,1181,1176,1179,1178,1177,1180,1175,1174,1185,1184],"class_list":{"0":"post-3067","1":"product","2":"type-product","3":"status-publish","4":"has-post-thumbnail","6":"product_cat-buy-pain-killer-pills-online","7":"product_tag-buy-lorazepam-ativan-in-canada","8":"product_tag-buy-lorazepam-ativan-in-uk","9":"product_tag-buy-lorazepam-ativan-in-usa","10":"product_tag-buy-lorazepam-ativan-with-bitcoin","11":"product_tag-buy-lorazepam-ativan-with-credit-card","12":"product_tag-buy-lorazepam-ativan-with-money-gram","13":"product_tag-buy-lorazepam-ativan-with-western-union","14":"product_tag-buy-lorazepam-ativan-without-a-doctor","15":"product_tag-buy-lorazepam-ativan-without-prescription","16":"product_tag-lorazepam-ativan-for-sale","17":"product_tag-lorazepam-ativan-pills","18":"product_tag-lorazepam-ativan-tablets","19":"desktop-align-center","20":"tablet-align-left","21":"mobile-align-left","23":"first","24":"instock","25":"shipping-taxable","26":"purchasable","27":"product-type-variable","28":"has-default-attributes"},"yoast_head":"<!-- This site is optimized with the Yoast SEO plugin v25.9 - https:\/\/yoast.com\/wordpress\/plugins\/seo\/ -->\n<title>Buy Lorazepam (Ativan) Online - Buy Prescriptionz<\/title>\n<meta name=\"description\" content=\"Buy Lorazepam (Ativan) OnlineBuy Lorazepam (Ativan) Online at best price without doctor&#039;s prescription. Buy Lorazepam (Ativan) Online lorazepam-ativan\" \/>\n<meta name=\"robots\" content=\"index, follow, max-snippet:-1, max-image-preview:large, max-video-preview:-1\" \/>\n<link rel=\"canonical\" href=\"https:\/\/buy-prescriptionz.com\/it\/prodotto\/acquista-lorazepam-ativan-online\/\" \/>\n<meta property=\"og:locale\" content=\"it_IT\" \/>\n<meta property=\"og:type\" content=\"article\" \/>\n<meta property=\"og:title\" content=\"Buy Lorazepam (Ativan) Online - Buy Prescriptionz\" \/>\n<meta property=\"og:description\" content=\"Buy Lorazepam (Ativan) OnlineBuy Lorazepam (Ativan) Online at best price without doctor&#039;s prescription. Buy Lorazepam (Ativan) Online lorazepam-ativan\" \/>\n<meta property=\"og:url\" content=\"https:\/\/buy-prescriptionz.com\/it\/prodotto\/acquista-lorazepam-ativan-online\/\" \/>\n<meta property=\"og:site_name\" content=\"Buy Prescriptionz\" \/>\n<meta property=\"article:modified_time\" content=\"2025-09-29T10:42:33+00:00\" \/>\n<meta property=\"og:image\" content=\"https:\/\/buy-prescriptionz.com\/wp-content\/uploads\/2025\/09\/lorazepam-ativan.jpg\" \/>\n\t<meta property=\"og:image:width\" content=\"400\" \/>\n\t<meta property=\"og:image:height\" content=\"300\" \/>\n\t<meta property=\"og:image:type\" content=\"image\/jpeg\" \/>\n<meta name=\"twitter:card\" content=\"summary_large_image\" \/>\n<meta name=\"twitter:label1\" content=\"Tempo di lettura stimato\" \/>\n\t<meta name=\"twitter:data1\" content=\"3 minuti\" \/>\n<script type=\"application\/ld+json\" class=\"yoast-schema-graph\">{\"@context\":\"https:\/\/schema.org\",\"@graph\":[{\"@type\":\"WebPage\",\"@id\":\"https:\/\/buy-prescriptionz.com\/product\/buy-lorazepam-ativan-online\/\",\"url\":\"https:\/\/buy-prescriptionz.com\/product\/buy-lorazepam-ativan-online\/\",\"name\":\"Buy Lorazepam (Ativan) Online - Buy Prescriptionz\",\"isPartOf\":{\"@id\":\"https:\/\/buy-prescriptionz.com\/#website\"},\"primaryImageOfPage\":{\"@id\":\"https:\/\/buy-prescriptionz.com\/product\/buy-lorazepam-ativan-online\/#primaryimage\"},\"image\":{\"@id\":\"https:\/\/buy-prescriptionz.com\/product\/buy-lorazepam-ativan-online\/#primaryimage\"},\"thumbnailUrl\":\"https:\/\/buy-prescriptionz.com\/wp-content\/uploads\/2025\/09\/lorazepam-ativan.jpg\",\"datePublished\":\"2025-09-16T08:56:11+00:00\",\"dateModified\":\"2025-09-29T10:42:33+00:00\",\"description\":\"Buy Lorazepam (Ativan) OnlineBuy Lorazepam (Ativan) Online at best price without doctor's prescription. Buy Lorazepam (Ativan) Online lorazepam-ativan\",\"breadcrumb\":{\"@id\":\"https:\/\/buy-prescriptionz.com\/product\/buy-lorazepam-ativan-online\/#breadcrumb\"},\"inLanguage\":\"it-IT\",\"potentialAction\":[{\"@type\":\"ReadAction\",\"target\":[\"https:\/\/buy-prescriptionz.com\/product\/buy-lorazepam-ativan-online\/\"]}]},{\"@type\":\"ImageObject\",\"inLanguage\":\"it-IT\",\"@id\":\"https:\/\/buy-prescriptionz.com\/product\/buy-lorazepam-ativan-online\/#primaryimage\",\"url\":\"https:\/\/buy-prescriptionz.com\/wp-content\/uploads\/2025\/09\/lorazepam-ativan.jpg\",\"contentUrl\":\"https:\/\/buy-prescriptionz.com\/wp-content\/uploads\/2025\/09\/lorazepam-ativan.jpg\",\"width\":400,\"height\":300},{\"@type\":\"BreadcrumbList\",\"@id\":\"https:\/\/buy-prescriptionz.com\/product\/buy-lorazepam-ativan-online\/#breadcrumb\",\"itemListElement\":[{\"@type\":\"ListItem\",\"position\":1,\"name\":\"Home\",\"item\":\"https:\/\/buy-prescriptionz.com\/\"},{\"@type\":\"ListItem\",\"position\":2,\"name\":\"Shop Painkillers Online\",\"item\":\"https:\/\/buy-prescriptionz.com\/shop-painkillers-online\/\"},{\"@type\":\"ListItem\",\"position\":3,\"name\":\"Buy Lorazepam (Ativan) Online\"}]},{\"@type\":\"WebSite\",\"@id\":\"https:\/\/buy-prescriptionz.com\/#website\",\"url\":\"https:\/\/buy-prescriptionz.com\/\",\"name\":\"Buy Prescriptionz\",\"description\":\"Drugs Online\",\"publisher\":{\"@id\":\"https:\/\/buy-prescriptionz.com\/#organization\"},\"potentialAction\":[{\"@type\":\"SearchAction\",\"target\":{\"@type\":\"EntryPoint\",\"urlTemplate\":\"https:\/\/buy-prescriptionz.com\/?s={search_term_string}\"},\"query-input\":{\"@type\":\"PropertyValueSpecification\",\"valueRequired\":true,\"valueName\":\"search_term_string\"}}],\"inLanguage\":\"it-IT\"},{\"@type\":\"Organization\",\"@id\":\"https:\/\/buy-prescriptionz.com\/#organization\",\"name\":\"Buy Prescriptionz\",\"url\":\"https:\/\/buy-prescriptionz.com\/\",\"logo\":{\"@type\":\"ImageObject\",\"inLanguage\":\"it-IT\",\"@id\":\"https:\/\/buy-prescriptionz.com\/#\/schema\/logo\/image\/\",\"url\":\"https:\/\/buy-prescriptionz.com\/wp-content\/uploads\/2023\/09\/logo.png\",\"contentUrl\":\"https:\/\/buy-prescriptionz.com\/wp-content\/uploads\/2023\/09\/logo.png\",\"width\":350,\"height\":64,\"caption\":\"Buy Prescriptionz\"},\"image\":{\"@id\":\"https:\/\/buy-prescriptionz.com\/#\/schema\/logo\/image\/\"}}]}<\/script>\n<!-- \/ Yoast SEO plugin. -->","yoast_head_json":{"title":"Acquista Lorazepam (Ativan) online - Acquista prescrizioni","description":"Buy Lorazepam (Ativan) OnlineBuy Lorazepam (Ativan) Online at best price without doctor's prescription. Buy Lorazepam (Ativan) Online lorazepam-ativan","robots":{"index":"index","follow":"follow","max-snippet":"max-snippet:-1","max-image-preview":"max-image-preview:large","max-video-preview":"max-video-preview:-1"},"canonical":"https:\/\/buy-prescriptionz.com\/it\/prodotto\/acquista-lorazepam-ativan-online\/","og_locale":"it_IT","og_type":"article","og_title":"Buy Lorazepam (Ativan) Online - Buy Prescriptionz","og_description":"Buy Lorazepam (Ativan) OnlineBuy Lorazepam (Ativan) Online at best price without doctor's prescription. Buy Lorazepam (Ativan) Online lorazepam-ativan","og_url":"https:\/\/buy-prescriptionz.com\/it\/prodotto\/acquista-lorazepam-ativan-online\/","og_site_name":"Buy Prescriptionz","article_modified_time":"2025-09-29T10:42:33+00:00","og_image":[{"width":400,"height":300,"url":"https:\/\/buy-prescriptionz.com\/wp-content\/uploads\/2025\/09\/lorazepam-ativan.jpg","type":"image\/jpeg"}],"twitter_card":"summary_large_image","twitter_misc":{"Tempo di lettura stimato":"3 minuti"},"schema":{"@context":"https:\/\/schema.org","@graph":[{"@type":"WebPage","@id":"https:\/\/buy-prescriptionz.com\/product\/buy-lorazepam-ativan-online\/","url":"https:\/\/buy-prescriptionz.com\/product\/buy-lorazepam-ativan-online\/","name":"Acquista Lorazepam (Ativan) online - Acquista prescrizioni","isPartOf":{"@id":"https:\/\/buy-prescriptionz.com\/#website"},"primaryImageOfPage":{"@id":"https:\/\/buy-prescriptionz.com\/product\/buy-lorazepam-ativan-online\/#primaryimage"},"image":{"@id":"https:\/\/buy-prescriptionz.com\/product\/buy-lorazepam-ativan-online\/#primaryimage"},"thumbnailUrl":"https:\/\/buy-prescriptionz.com\/wp-content\/uploads\/2025\/09\/lorazepam-ativan.jpg","datePublished":"2025-09-16T08:56:11+00:00","dateModified":"2025-09-29T10:42:33+00:00","description":"Buy Lorazepam (Ativan) OnlineBuy Lorazepam (Ativan) Online at best price without doctor's prescription. Buy Lorazepam (Ativan) Online lorazepam-ativan","breadcrumb":{"@id":"https:\/\/buy-prescriptionz.com\/product\/buy-lorazepam-ativan-online\/#breadcrumb"},"inLanguage":"it-IT","potentialAction":[{"@type":"ReadAction","target":["https:\/\/buy-prescriptionz.com\/product\/buy-lorazepam-ativan-online\/"]}]},{"@type":"ImageObject","inLanguage":"it-IT","@id":"https:\/\/buy-prescriptionz.com\/product\/buy-lorazepam-ativan-online\/#primaryimage","url":"https:\/\/buy-prescriptionz.com\/wp-content\/uploads\/2025\/09\/lorazepam-ativan.jpg","contentUrl":"https:\/\/buy-prescriptionz.com\/wp-content\/uploads\/2025\/09\/lorazepam-ativan.jpg","width":400,"height":300},{"@type":"BreadcrumbList","@id":"https:\/\/buy-prescriptionz.com\/product\/buy-lorazepam-ativan-online\/#breadcrumb","itemListElement":[{"@type":"ListItem","position":1,"name":"Home","item":"https:\/\/buy-prescriptionz.com\/"},{"@type":"ListItem","position":2,"name":"Shop Painkillers Online","item":"https:\/\/buy-prescriptionz.com\/shop-painkillers-online\/"},{"@type":"ListItem","position":3,"name":"Buy Lorazepam (Ativan) Online"}]},{"@type":"WebSite","@id":"https:\/\/buy-prescriptionz.com\/#website","url":"https:\/\/buy-prescriptionz.com\/","name":"Buy Prescriptionz","description":"Farmaci online","publisher":{"@id":"https:\/\/buy-prescriptionz.com\/#organization"},"potentialAction":[{"@type":"SearchAction","target":{"@type":"EntryPoint","urlTemplate":"https:\/\/buy-prescriptionz.com\/?s={search_term_string}"},"query-input":{"@type":"PropertyValueSpecification","valueRequired":true,"valueName":"search_term_string"}}],"inLanguage":"it-IT"},{"@type":"Organization","@id":"https:\/\/buy-prescriptionz.com\/#organization","name":"Buy Prescriptionz","url":"https:\/\/buy-prescriptionz.com\/","logo":{"@type":"ImageObject","inLanguage":"it-IT","@id":"https:\/\/buy-prescriptionz.com\/#\/schema\/logo\/image\/","url":"https:\/\/buy-prescriptionz.com\/wp-content\/uploads\/2023\/09\/logo.png","contentUrl":"https:\/\/buy-prescriptionz.com\/wp-content\/uploads\/2023\/09\/logo.png","width":350,"height":64,"caption":"Buy Prescriptionz"},"image":{"@id":"https:\/\/buy-prescriptionz.com\/#\/schema\/logo\/image\/"}}]}},"_links":{"self":[{"href":"https:\/\/buy-prescriptionz.com\/it\/wp-json\/wp\/v2\/product\/3067","targetHints":{"allow":["GET"]}}],"collection":[{"href":"https:\/\/buy-prescriptionz.com\/it\/wp-json\/wp\/v2\/product"}],"about":[{"href":"https:\/\/buy-prescriptionz.com\/it\/wp-json\/wp\/v2\/types\/product"}],"replies":[{"embeddable":true,"href":"https:\/\/buy-prescriptionz.com\/it\/wp-json\/wp\/v2\/comments?post=3067"}],"wp:featuredmedia":[{"embeddable":true,"href":"https:\/\/buy-prescriptionz.com\/it\/wp-json\/wp\/v2\/media\/3097"}],"wp:attachment":[{"href":"https:\/\/buy-prescriptionz.com\/it\/wp-json\/wp\/v2\/media?parent=3067"}],"wp:term":[{"taxonomy":"product_brand","embeddable":true,"href":"https:\/\/buy-prescriptionz.com\/it\/wp-json\/wp\/v2\/product_brand?post=3067"},{"taxonomy":"product_cat","embeddable":true,"href":"https:\/\/buy-prescriptionz.com\/it\/wp-json\/wp\/v2\/product_cat?post=3067"},{"taxonomy":"product_tag","embeddable":true,"href":"https:\/\/buy-prescriptionz.com\/it\/wp-json\/wp\/v2\/product_tag?post=3067"}],"curies":[{"name":"wp","href":"https:\/\/api.w.org\/{rel}","templated":true}]}}