{"id":3068,"date":"2025-09-16T08:56:11","date_gmt":"2025-09-16T08:56:11","guid":{"rendered":"https:\/\/chemsfine.com\/newsite\/?post_type=product&#038;p=3068"},"modified":"2025-09-22T05:24:47","modified_gmt":"2025-09-22T05:24:47","slug":"acquista-ketaset-online","status":"publish","type":"product","link":"https:\/\/buy-prescriptionz.com\/it\/prodotto\/acquista-ketaset-online\/","title":{"rendered":"Comprare Ketaset Online"},"content":{"rendered":"<h2>Comprare Ketaset Online<\/h2>\n<p>Acquista Ketaset online. Ketaset \u00e8 un farmaco straordinario per indurre l'anestesia. Questo prodotto viene utilizzato prima di qualsiasi metodo terapeutico o procedura medica. Potrebbero esserci anche altri utilizzi di questo prodotto che non sono trattati qui.<\/p>\n<h3>Come usare Ketaset?<\/h3>\n<p>Ketaset \u00e8 un articolo iniettabile, quindi porta questo nei tuoi muscoli attraverso un'iniezione. Questo \u00e8 normalmente utilizzato dagli specialisti nel rendere i pazienti letargici per non fargli sentire dolore durante una procedura medica.<\/p>\n<p>Acquista Ketaset ai migliori prezzi accessibili dalla nostra farmacia online oggi. Il vostro ordine vi raggiunger\u00e0 in un breve lasso di tempo. Offrite le vostre richieste ora!<\/p>\n<h3>Comprare Ketaset Online<\/h3>\n<p>Ketaset \u00e8 una sostanza controllata in tutto il mondo a causa della quale non \u00e8 possibile acquistarla apertamente senza una prescrizione adeguata da parte di un medico, quindi \u00e8 meglio consigliare di acquistare ketaset online attraverso i negozi online standard invece di acquistarlo da strade, in quanto \u00e8 pi\u00f9 sicuro e tutti gli ordini effettuati sono discreti e protetti sotto forti misure di privacy.<br \/>\n\u00c8 possibile avvalersi della possibilit\u00e0 di acquistare dai nostri negozi online come gli ordini Ketaset sono gestiti discretamente dal nostro negozio e la segretezza di questi ordini non \u00e8 mai compromessa in nessun caso.<\/p>\n<h3>Cos'\u00e8 Ketaset?<\/h3>\n<p>Ketaset \u00e8 uno dei molti nomi di marca per la ketamina che \u00e8 un farmaco anestetico ed \u00e8 classificato sotto varie categorie come antagonisti dei recettori NDMA, antidepressivi, anestetici e allucinogeni. L'ampio elenco di categorie di Ketaset mostra che \u00e8 ampiamente utilizzato per vari scopi anche se \u00e8 principalmente usato per indurre l'anestesia.<br \/>\nChimica di Ketaset<br \/>\nIl nome IUPAC del farmaco \u00e8 \"(RS)-2-(2-Chlorophenyl)-2-(methyl amino) cyclohexanone\" mentre il numero CAS del farmaco \u00e8 6740-88-1. La formula molecolare del farmaco \u00e8 C13H16ClNO mentre il peso molecolare del ketaset \u00e8 237,725 g\/mol.<br \/>\nLa responsabilit\u00e0 di dipendenza della droga \u00e8 moderata.<\/p>\n<h3>Usi di Ketaset<\/h3>\n<p>Gli usi del ketaset sono ampi in quanto \u00e8 usato per il trattamento sia degli esseri umani che degli animali. Negli esseri umani Ketaset \u00e8 usato per vari scopi come per indurre l'anestesia, antidepressivo e come antidolorifico. Al momento della somministrazione, il ketaset provoca sedazione e l'anestesia \u00e8 indotta nei pazienti se \u00e8 stata somministrata una quantit\u00e0 sostanziale di farmaco.<br \/>\nKetaset ha propriet\u00e0 antidepressive ed \u00e8 usato per causare effetti ansiolitici e di rilassamento muscolare nei pazienti tenuti in unit\u00e0 di terapia intensiva. L'effetto del farmaco \u00e8 tale che non influisce sulla funzione cerebrale e cardiaca durante la somministrazione.<br \/>\nQuesto farmaco \u00e8 anche noto per essere usato per la riduzione dello stress e per il trasferimento della memoria. Ketaset \u00e8 anche noto per essere usato dalle persone per scopi ricreativi in quanto pu\u00f2 produrre effetti come l'inflazione dell'ego, la soppressione emotiva e il senso di sobriet\u00e0.<br \/>\nClicca qui per acquistare ketamina online<\/p>\n<h3>Effetti di Ketaset<\/h3>\n<p>Gli effetti del ketaset vanno da quelli fisici, psicologici e soggettivi. Ketaset causa agitazione e allucinazioni quando il farmaco si esaurisce. L'alta pressione sanguigna \u00e8 stata anche associata all'uso di ketaset.<br \/>\nAlcuni degli altri effetti causati dal ketaset sono di natura cardiovascolare, gastrointestinale e respiratoria. Gli effetti cardiovascolari includono cambiamenti nel sistema nervoso. Gli effetti gastrointestinali includono vomito e nausea e questi effetti sono solitamente osservati in circa 25% dei pazienti a cui \u00e8 stato somministrato ketaset per scopi anestetici. Gli effetti respiratori includono broncodilatatore in cui la via respiratoria perde l'attrito e la resistenza al flusso d'aria attraverso la via aerea \u00e8 diminuita. Questo si traduce in un aumento del flusso d'aria nei polmoni che pu\u00f2 essere dannoso nelle cause gravi.<br \/>\nL'uso della droga per scopi ricreativi \u00e8 stato anche scoraggiato poich\u00e9 sono state registrate morti di persone che hanno usato il ketaset senza un adeguato consiglio in tutto il mondo.<\/p>\n<h3>Ketaset iniezione<\/h3>\n<p>L'iniezione di ketamina o ketaset pu\u00f2 essere usata per indurre l'anestesia nei pazienti. Il vantaggio dell'iniezione di ketaset \u00e8 che ha un maggiore margine di sicurezza e un effetto ad azione rapida.<br \/>\nClicca qui per comprare Focalin XR<\/p>\n<h3><strong>KETASET brief<\/strong><\/h3>\n<p>Nei gatti, KETASET pu\u00f2 essere utilizzato per tenerli immobili o come unico anestetico per interventi chirurgici brevi, esplorativi o di piccole dimensioni che non richiedono il rilassamento muscolare. Nelle scimmie subumane, pu\u00f2 essere utilizzato per tenerle ferme.<\/p>\n<h3>Ketaset in vendita<\/h3>\n<p>Il nostro negozio online \u00e8 una delle principali fonti di droga ketamina e le spediamo in tutto il mondo attraverso il nostro servizio di spedizione standard. Tutte le forme di ketamina pura come Ketaset, ketalar, polvere ecc. sono disponibili nel nostro negozio online.<\/p>\n<h3><strong>Dosaggio e somministrazione<\/strong><\/h3>\n<p>Una volta iniettato nel muscolo, KETASET \u00e8 ben tollerato dai gatti e dagli animali non umani. Prima di iniziare la sedazione o la restrizione con KETASET, non \u00e8 necessario digiunare. Tuttavia, se ci si sta preparando per un intervento chirurgico facoltativo, \u00e8 necessario astenersi dal mangiare per almeno sei ore prima della somministrazione di KETASET.<\/p>\n<p>L'anestesia potrebbe non durare a lungo nei gatti non ancora completamente cresciuti. Per i neonati di scimmie subumane (con meno di 24 ore di vita), \u00e8 difficile trattenerli. Come con altri anestetici, KETASET ha un effetto alquanto variabile su ogni persona, in base alla quantit\u00e0, allo stato di salute generale e all'et\u00e0. Per questo motivo, non \u00e8 possibile fornire consigli esatti sul dosaggio.<\/p>\n<p><strong>Dettagli sul dosaggio<\/strong><\/p>\n<p>Per i gatti, si consiglia una quantit\u00e0 di 11 mg\/kg (5 mg\/lb) per tenerli sotto controllo.<\/p>\n<p>Un buon intervallo di dosaggio per l'anestesia \u00e8 compreso tra 22 e 33 mg\/kg (da 10 a 15 mg\/lb), ideale per interventi chirurgici di piccola entit\u00e0 o diagnostici che non richiedono il rilassamento dei muscoli.<\/p>","protected":false},"excerpt":{"rendered":"<p>Buy Ketaset Online Buy Ketaset Online ,Ketaset is an extraordinary medicine for inducing anaesthesia. This item is utilized just before any therapeutic methodology or medical procedure. There might likewise be different employments of this item that are not talked here. How To Use Ketaset? Ketaset is an injectable item, so bring this into your muscles [&hellip;]<\/p>","protected":false},"featured_media":3098,"comment_status":"open","ping_status":"closed","template":"","meta":{"site-sidebar-layout":"default","site-content-layout":"","ast-site-content-layout":"default","site-content-style":"default","site-sidebar-style":"default","ast-global-header-display":"","ast-banner-title-visibility":"","ast-main-header-display":"","ast-hfb-above-header-display":"","ast-hfb-below-header-display":"","ast-hfb-mobile-header-display":"","site-post-title":"","ast-breadcrumbs-content":"","ast-featured-img":"","footer-sml-layout":"","theme-transparent-header-meta":"default","adv-header-id-meta":"","stick-header-meta":"","header-above-stick-meta":"","header-main-stick-meta":"","header-below-stick-meta":"","astra-migrate-meta-layouts":"set","ast-page-background-enabled":"default","ast-page-background-meta":{"desktop":{"background-color":"var(--ast-global-color-4)","background-image":"","background-repeat":"repeat","background-position":"center center","background-size":"auto","background-attachment":"scroll","background-type":"","background-media":"","overlay-type":"","overlay-color":"","overlay-opacity":"","overlay-gradient":""},"tablet":{"background-color":"","background-image":"","background-repeat":"repeat","background-position":"center center","background-size":"auto","background-attachment":"scroll","background-type":"","background-media":"","overlay-type":"","overlay-color":"","overlay-opacity":"","overlay-gradient":""},"mobile":{"background-color":"","background-image":"","background-repeat":"repeat","background-position":"center center","background-size":"auto","background-attachment":"scroll","background-type":"","background-media":"","overlay-type":"","overlay-color":"","overlay-opacity":"","overlay-gradient":""}},"ast-content-background-meta":{"desktop":{"background-color":"var(--ast-global-color-5)","background-image":"","background-repeat":"repeat","background-position":"center center","background-size":"auto","background-attachment":"scroll","background-type":"","background-media":"","overlay-type":"","overlay-color":"","overlay-opacity":"","overlay-gradient":""},"tablet":{"background-color":"var(--ast-global-color-5)","background-image":"","background-repeat":"repeat","background-position":"center center","background-size":"auto","background-attachment":"scroll","background-type":"","background-media":"","overlay-type":"","overlay-color":"","overlay-opacity":"","overlay-gradient":""},"mobile":{"background-color":"var(--ast-global-color-5)","background-image":"","background-repeat":"repeat","background-position":"center center","background-size":"auto","background-attachment":"scroll","background-type":"","background-media":"","overlay-type":"","overlay-color":"","overlay-opacity":"","overlay-gradient":""}}},"product_brand":[],"product_cat":[2385],"product_tag":[1075,1076,1074,1069,1072,1071,1070,1073,1068,1067,1078,1077],"class_list":{"0":"post-3068","1":"product","2":"type-product","3":"status-publish","4":"has-post-thumbnail","6":"product_cat-buy-pain-killer-pills-online","7":"product_tag-buy-ketaset-in-canada","8":"product_tag-buy-ketaset-in-uk","9":"product_tag-buy-ketaset-in-usa","10":"product_tag-buy-ketaset-with-bitcoin","11":"product_tag-buy-ketaset-with-credit-card","12":"product_tag-buy-ketaset-with-money-gram","13":"product_tag-buy-ketaset-with-western-union","14":"product_tag-buy-ketaset-without-a-doctor","15":"product_tag-buy-ketaset-without-prescription","16":"product_tag-ketaset-for-sale","17":"product_tag-ketaset-pills","18":"product_tag-ketaset-tablets","19":"desktop-align-center","20":"tablet-align-left","21":"mobile-align-left","23":"first","24":"instock","25":"featured","26":"shipping-taxable","27":"purchasable","28":"product-type-variable","29":"has-default-attributes"},"yoast_head":"<!-- This site is optimized with the Yoast SEO plugin v25.9 - https:\/\/yoast.com\/wordpress\/plugins\/seo\/ -->\n<title>Buy Ketaset Online - Ketaset for Sale | Buy-Prescriptionz<\/title>\n<meta name=\"description\" content=\"Looking to buy Ketaset online at a reasonable price? Visit our reputable online chemical store and get Ketaset for sale today. Place an order now and get the best rate in our store.\" \/>\n<meta name=\"robots\" content=\"index, follow, max-snippet:-1, max-image-preview:large, max-video-preview:-1\" \/>\n<link rel=\"canonical\" href=\"https:\/\/buy-prescriptionz.com\/it\/prodotto\/acquista-ketaset-online\/\" \/>\n<meta property=\"og:locale\" content=\"it_IT\" \/>\n<meta property=\"og:type\" content=\"article\" \/>\n<meta property=\"og:title\" content=\"Buy Ketaset Online - Ketaset for Sale | Buy-Prescriptionz\" \/>\n<meta property=\"og:description\" content=\"Looking to buy Ketaset online at a reasonable price? Visit our reputable online chemical store and get Ketaset for sale today. Place an order now and get the best rate in our store.\" \/>\n<meta property=\"og:url\" content=\"https:\/\/buy-prescriptionz.com\/it\/prodotto\/acquista-ketaset-online\/\" \/>\n<meta property=\"og:site_name\" content=\"Buy Prescriptionz\" \/>\n<meta property=\"article:modified_time\" content=\"2025-09-22T05:24:47+00:00\" \/>\n<meta property=\"og:image\" content=\"https:\/\/buy-prescriptionz.com\/wp-content\/uploads\/2025\/09\/ketaset.jpeg\" \/>\n\t<meta property=\"og:image:width\" content=\"400\" \/>\n\t<meta property=\"og:image:height\" content=\"300\" \/>\n\t<meta property=\"og:image:type\" content=\"image\/jpeg\" \/>\n<meta name=\"twitter:card\" content=\"summary_large_image\" \/>\n<meta name=\"twitter:label1\" content=\"Tempo di lettura stimato\" \/>\n\t<meta name=\"twitter:data1\" content=\"5 minuti\" \/>\n<script type=\"application\/ld+json\" class=\"yoast-schema-graph\">{\"@context\":\"https:\/\/schema.org\",\"@graph\":[{\"@type\":\"WebPage\",\"@id\":\"https:\/\/buy-prescriptionz.com\/product\/buy-ketaset-online\/\",\"url\":\"https:\/\/buy-prescriptionz.com\/product\/buy-ketaset-online\/\",\"name\":\"Buy Ketaset Online - Ketaset for Sale | Buy-Prescriptionz\",\"isPartOf\":{\"@id\":\"https:\/\/buy-prescriptionz.com\/#website\"},\"primaryImageOfPage\":{\"@id\":\"https:\/\/buy-prescriptionz.com\/product\/buy-ketaset-online\/#primaryimage\"},\"image\":{\"@id\":\"https:\/\/buy-prescriptionz.com\/product\/buy-ketaset-online\/#primaryimage\"},\"thumbnailUrl\":\"https:\/\/buy-prescriptionz.com\/wp-content\/uploads\/2025\/09\/ketaset.jpeg\",\"datePublished\":\"2025-09-16T08:56:11+00:00\",\"dateModified\":\"2025-09-22T05:24:47+00:00\",\"description\":\"Looking to buy Ketaset online at a reasonable price? Visit our reputable online chemical store and get Ketaset for sale today. Place an order now and get the best rate in our store.\",\"breadcrumb\":{\"@id\":\"https:\/\/buy-prescriptionz.com\/product\/buy-ketaset-online\/#breadcrumb\"},\"inLanguage\":\"it-IT\",\"potentialAction\":[{\"@type\":\"ReadAction\",\"target\":[\"https:\/\/buy-prescriptionz.com\/product\/buy-ketaset-online\/\"]}]},{\"@type\":\"ImageObject\",\"inLanguage\":\"it-IT\",\"@id\":\"https:\/\/buy-prescriptionz.com\/product\/buy-ketaset-online\/#primaryimage\",\"url\":\"https:\/\/buy-prescriptionz.com\/wp-content\/uploads\/2025\/09\/ketaset.jpeg\",\"contentUrl\":\"https:\/\/buy-prescriptionz.com\/wp-content\/uploads\/2025\/09\/ketaset.jpeg\",\"width\":400,\"height\":300},{\"@type\":\"BreadcrumbList\",\"@id\":\"https:\/\/buy-prescriptionz.com\/product\/buy-ketaset-online\/#breadcrumb\",\"itemListElement\":[{\"@type\":\"ListItem\",\"position\":1,\"name\":\"Home\",\"item\":\"https:\/\/buy-prescriptionz.com\/\"},{\"@type\":\"ListItem\",\"position\":2,\"name\":\"Shop Painkillers Online\",\"item\":\"https:\/\/buy-prescriptionz.com\/shop-painkillers-online\/\"},{\"@type\":\"ListItem\",\"position\":3,\"name\":\"Buy Ketaset Online\"}]},{\"@type\":\"WebSite\",\"@id\":\"https:\/\/buy-prescriptionz.com\/#website\",\"url\":\"https:\/\/buy-prescriptionz.com\/\",\"name\":\"Buy Prescriptionz\",\"description\":\"Drugs Online\",\"publisher\":{\"@id\":\"https:\/\/buy-prescriptionz.com\/#organization\"},\"potentialAction\":[{\"@type\":\"SearchAction\",\"target\":{\"@type\":\"EntryPoint\",\"urlTemplate\":\"https:\/\/buy-prescriptionz.com\/?s={search_term_string}\"},\"query-input\":{\"@type\":\"PropertyValueSpecification\",\"valueRequired\":true,\"valueName\":\"search_term_string\"}}],\"inLanguage\":\"it-IT\"},{\"@type\":\"Organization\",\"@id\":\"https:\/\/buy-prescriptionz.com\/#organization\",\"name\":\"Buy Prescriptionz\",\"url\":\"https:\/\/buy-prescriptionz.com\/\",\"logo\":{\"@type\":\"ImageObject\",\"inLanguage\":\"it-IT\",\"@id\":\"https:\/\/buy-prescriptionz.com\/#\/schema\/logo\/image\/\",\"url\":\"https:\/\/buy-prescriptionz.com\/wp-content\/uploads\/2023\/09\/logo.png\",\"contentUrl\":\"https:\/\/buy-prescriptionz.com\/wp-content\/uploads\/2023\/09\/logo.png\",\"width\":350,\"height\":64,\"caption\":\"Buy Prescriptionz\"},\"image\":{\"@id\":\"https:\/\/buy-prescriptionz.com\/#\/schema\/logo\/image\/\"}}]}<\/script>\n<!-- \/ Yoast SEO plugin. -->","yoast_head_json":{"title":"Acquista Ketaset online - Ketaset in vendita | Buy-Prescriptionz","description":"Vuoi acquistare Ketaset online a un prezzo ragionevole? Visita il nostro rinomato negozio di prodotti chimici online e acquista subito Ketaset in offerta. Ordina subito e ottieni il miglior prezzo nel nostro negozio.","robots":{"index":"index","follow":"follow","max-snippet":"max-snippet:-1","max-image-preview":"max-image-preview:large","max-video-preview":"max-video-preview:-1"},"canonical":"https:\/\/buy-prescriptionz.com\/it\/prodotto\/acquista-ketaset-online\/","og_locale":"it_IT","og_type":"article","og_title":"Buy Ketaset Online - Ketaset for Sale | Buy-Prescriptionz","og_description":"Looking to buy Ketaset online at a reasonable price? Visit our reputable online chemical store and get Ketaset for sale today. Place an order now and get the best rate in our store.","og_url":"https:\/\/buy-prescriptionz.com\/it\/prodotto\/acquista-ketaset-online\/","og_site_name":"Buy Prescriptionz","article_modified_time":"2025-09-22T05:24:47+00:00","og_image":[{"width":400,"height":300,"url":"https:\/\/buy-prescriptionz.com\/wp-content\/uploads\/2025\/09\/ketaset.jpeg","type":"image\/jpeg"}],"twitter_card":"summary_large_image","twitter_misc":{"Tempo di lettura stimato":"5 minuti"},"schema":{"@context":"https:\/\/schema.org","@graph":[{"@type":"WebPage","@id":"https:\/\/buy-prescriptionz.com\/product\/buy-ketaset-online\/","url":"https:\/\/buy-prescriptionz.com\/product\/buy-ketaset-online\/","name":"Acquista Ketaset online - Ketaset in vendita | Buy-Prescriptionz","isPartOf":{"@id":"https:\/\/buy-prescriptionz.com\/#website"},"primaryImageOfPage":{"@id":"https:\/\/buy-prescriptionz.com\/product\/buy-ketaset-online\/#primaryimage"},"image":{"@id":"https:\/\/buy-prescriptionz.com\/product\/buy-ketaset-online\/#primaryimage"},"thumbnailUrl":"https:\/\/buy-prescriptionz.com\/wp-content\/uploads\/2025\/09\/ketaset.jpeg","datePublished":"2025-09-16T08:56:11+00:00","dateModified":"2025-09-22T05:24:47+00:00","description":"Vuoi acquistare Ketaset online a un prezzo ragionevole? Visita il nostro rinomato negozio di prodotti chimici online e acquista subito Ketaset in offerta. Ordina subito e ottieni il miglior prezzo nel nostro negozio.","breadcrumb":{"@id":"https:\/\/buy-prescriptionz.com\/product\/buy-ketaset-online\/#breadcrumb"},"inLanguage":"it-IT","potentialAction":[{"@type":"ReadAction","target":["https:\/\/buy-prescriptionz.com\/product\/buy-ketaset-online\/"]}]},{"@type":"ImageObject","inLanguage":"it-IT","@id":"https:\/\/buy-prescriptionz.com\/product\/buy-ketaset-online\/#primaryimage","url":"https:\/\/buy-prescriptionz.com\/wp-content\/uploads\/2025\/09\/ketaset.jpeg","contentUrl":"https:\/\/buy-prescriptionz.com\/wp-content\/uploads\/2025\/09\/ketaset.jpeg","width":400,"height":300},{"@type":"BreadcrumbList","@id":"https:\/\/buy-prescriptionz.com\/product\/buy-ketaset-online\/#breadcrumb","itemListElement":[{"@type":"ListItem","position":1,"name":"Home","item":"https:\/\/buy-prescriptionz.com\/"},{"@type":"ListItem","position":2,"name":"Shop Painkillers Online","item":"https:\/\/buy-prescriptionz.com\/shop-painkillers-online\/"},{"@type":"ListItem","position":3,"name":"Buy Ketaset Online"}]},{"@type":"WebSite","@id":"https:\/\/buy-prescriptionz.com\/#website","url":"https:\/\/buy-prescriptionz.com\/","name":"Buy Prescriptionz","description":"Farmaci online","publisher":{"@id":"https:\/\/buy-prescriptionz.com\/#organization"},"potentialAction":[{"@type":"SearchAction","target":{"@type":"EntryPoint","urlTemplate":"https:\/\/buy-prescriptionz.com\/?s={search_term_string}"},"query-input":{"@type":"PropertyValueSpecification","valueRequired":true,"valueName":"search_term_string"}}],"inLanguage":"it-IT"},{"@type":"Organization","@id":"https:\/\/buy-prescriptionz.com\/#organization","name":"Buy Prescriptionz","url":"https:\/\/buy-prescriptionz.com\/","logo":{"@type":"ImageObject","inLanguage":"it-IT","@id":"https:\/\/buy-prescriptionz.com\/#\/schema\/logo\/image\/","url":"https:\/\/buy-prescriptionz.com\/wp-content\/uploads\/2023\/09\/logo.png","contentUrl":"https:\/\/buy-prescriptionz.com\/wp-content\/uploads\/2023\/09\/logo.png","width":350,"height":64,"caption":"Buy Prescriptionz"},"image":{"@id":"https:\/\/buy-prescriptionz.com\/#\/schema\/logo\/image\/"}}]}},"_links":{"self":[{"href":"https:\/\/buy-prescriptionz.com\/it\/wp-json\/wp\/v2\/product\/3068","targetHints":{"allow":["GET"]}}],"collection":[{"href":"https:\/\/buy-prescriptionz.com\/it\/wp-json\/wp\/v2\/product"}],"about":[{"href":"https:\/\/buy-prescriptionz.com\/it\/wp-json\/wp\/v2\/types\/product"}],"replies":[{"embeddable":true,"href":"https:\/\/buy-prescriptionz.com\/it\/wp-json\/wp\/v2\/comments?post=3068"}],"wp:featuredmedia":[{"embeddable":true,"href":"https:\/\/buy-prescriptionz.com\/it\/wp-json\/wp\/v2\/media\/3098"}],"wp:attachment":[{"href":"https:\/\/buy-prescriptionz.com\/it\/wp-json\/wp\/v2\/media?parent=3068"}],"wp:term":[{"taxonomy":"product_brand","embeddable":true,"href":"https:\/\/buy-prescriptionz.com\/it\/wp-json\/wp\/v2\/product_brand?post=3068"},{"taxonomy":"product_cat","embeddable":true,"href":"https:\/\/buy-prescriptionz.com\/it\/wp-json\/wp\/v2\/product_cat?post=3068"},{"taxonomy":"product_tag","embeddable":true,"href":"https:\/\/buy-prescriptionz.com\/it\/wp-json\/wp\/v2\/product_tag?post=3068"}],"curies":[{"name":"wp","href":"https:\/\/api.w.org\/{rel}","templated":true}]}}