{"id":3070,"date":"2025-09-16T08:56:11","date_gmt":"2025-09-16T08:56:11","guid":{"rendered":"https:\/\/chemsfine.com\/newsite\/?post_type=product&#038;p=3070"},"modified":"2025-09-22T08:46:34","modified_gmt":"2025-09-22T08:46:34","slug":"acquista-flexeril-online-ciclobenzaprina","status":"publish","type":"product","link":"https:\/\/buy-prescriptionz.com\/it\/prodotto\/acquista-flexeril-online-ciclobenzaprina\/","title":{"rendered":"Comprare Flexeril Online(Cyclobenzaprine)"},"content":{"rendered":"<h2>Comprare Flexeril (Cyclobenzaprine) Online<\/h2>\n<h3>Cos'\u00e8 Flexeril? Perch\u00e9 si usa?<\/h3>\n<p>Cos'\u00e8 il Flexeril? Perch\u00e9 \u00e8 usato? Compra Flexeril online (Cyclobenzaprine), Flexeril \u00e8 un farmaco, comunemente conosciuto con il suo nome commerciale Cyclobenzaprine. Questo farmaco (Flexeril) \u00e8 un calmante muscolare CNS (sistema nervoso centrale) che significa che aiuta a rilassare i muscoli. Flexiril utilizzato per alcuni fisioterapia cos\u00ec come prescritto dal medico e ...<\/p>\n<p>Flexeril, noto genericamente come Ciclobenzaprina, \u00e8 un miorilassante spesso prescritto per trattare gli spasmi muscolari. Viene comunemente utilizzato in combinazione con riposo e fisioterapia per alleviare il disagio causato da patologie muscoloscheletriche acute. Una volta che si inizia a usare Flexeril come parte di un trattamento farmacologico per il rilassamento muscolare, si noteranno alcuni cambiamenti nel corpo. I muscoli estremamente tesi si rilasseranno, il che contribuir\u00e0 a una pi\u00f9 rapida progressione dell'attivit\u00e0 fisica. \u00c8 possibile acquistare Flexeril online dal nostro sito web a prezzi ragionevoli.<\/p>\n<h3>Quali altre cose non si dovrebbero usare con Flexeril?<\/h3>\n<p>Acquista Flexeril online (ciclobenzaprina). Ci sono alcuni prodotti e farmaci che non dovrebbero essere assunti insieme a Flexeril. Questo perch\u00e9 alcuni deprimenti del SNC possono avere effetti avversi se assunti insieme a Flexeril. Se una persona desidera acquistare Flexeril online, dovrebbe conoscere questi termini che potrebbero causare problemi. Questi deprimenti sono farmaci come benzodiazepine e barbiturici e alcol.<\/p>\n<p>Abbiamo gi\u00e0 detto che assumere Flexeril secondo il dosaggio prescritto non \u00e8 dannoso. Tuttavia, assumerlo in dosi eccessive e senza consultare un medico pu\u00f2 avere effetti dannosi.<\/p>\n<h3>Come usare Flexeril<strong><br \/>\n<\/strong><\/h3>\n<p>Dosaggio: seguire attentamente la prescrizione del medico. La dose iniziale tipica \u00e8 di 5 mg tre volte al giorno, che pu\u00f2 essere modificata in base alla risposta del paziente e alle sue condizioni mediche.<\/p>\n<p>Somministrazione: Flexeril viene solitamente assunto per via orale, con o senza cibo. \u00c8 utile assumere il farmaco sempre alla stessa ora ogni giorno.<\/p>\n<p>Durata: generalmente prescritto per un uso a breve termine, fino a 2-3 settimane, salvo diversa indicazione del medico.<\/p>\n<p>Flexeril (ciclobenzaprina) \u00e8 un efficace miorilassante utilizzato per alleviare gli spasmi muscolari e il dolore associato. Quando si valuta l'acquisto di Flexeril online, \u00e8 fondamentale dare priorit\u00e0 alla sicurezza consultando un medico, rivolgendosi a farmacie online affidabili e verificate, come buy-prescriptionz.com, e attenendosi alle linee guida prescritte. Siate sempre consapevoli dei potenziali effetti collaterali e delle interazioni farmacologiche e usate il farmaco in modo responsabile per un sollievo a breve termine.<\/p>\n<h3>Usi di Flexeril<\/h3>\n<p>Spasmi muscolari: Flexeril viene utilizzato principalmente per trattare gli spasmi muscolari derivanti da patologie muscoloscheletriche acute, come stiramenti e distorsioni.<\/p>\n<p>Sollievo dal dolore: viene spesso utilizzato in combinazione con riposo e terapia fisica per alleviare il dolore muscolare e migliorare la mobilit\u00e0.<\/p>\n<p>Usi off-label: sebbene non sia comune, a volte pu\u00f2 essere utilizzato off-label per condizioni quali fibromialgia o sindromi da dolore cronico, sotto la supervisione di un medico.<\/p>\n<h3>Considerazioni importanti<\/h3>\n<p>Dosaggio e modalit\u00e0 d'uso: seguire le istruzioni di dosaggio fornite dal medico. Non automedicarsi n\u00e9 modificare il dosaggio senza il parere del medico.<\/p>\n<p>Potenziali effetti collaterali: prestare attenzione ai possibili effetti collaterali come sonnolenza, secchezza delle fauci o vertigini. Contattare il medico in caso di reazioni avverse.<\/p>\n<p>Conservazione: Conservare il miglior Flexeril a temperatura ambiente, lontano da umidit\u00e0 e calore. Conservazione: Conservare il miglior Flexeril a temperatura ambiente, lontano da umidit\u00e0 e calore.<\/p>\n<h3>Effetti collaterali di Flexeril<\/h3>\n<p>Acquistando Flexeril online, si ottiene un farmaco da prescrizione che viene assunto per il trattamento a breve termine di casi critici di lesioni muscolari, con esercizio fisico e riposo. Tuttavia, \u00e8 importante sapere che, indipendentemente dalla dose prescritta, un farmaco da prescrizione non \u00e8 mai esente da uno dei suoi aspetti, ovvero gli effetti collaterali. Questi possono verificarsi o meno a seconda dell'assunzione e possono avere effetti collaterali o meno a seconda del livello di immunit\u00e0.<\/p>\n<p><strong>Pertanto, \u00e8 meglio conoscere gli effetti collaterali di Flexeril prima di acquistarlo e di iniziare ad assumerlo:<\/strong><\/p>\n<p>Aumento della frequenza cardiaca.<br \/>\nNausea<br \/>\nDizziness<br \/>\nLa bocca inizia ad asciugarsi ripetutamente<br \/>\nHeadache<br \/>\nConfusione<\/p>\n<p>Se si assume il farmaco mentre si continua a consumare alcol o altre droghe, anche se si acquista Flexeril online e si inizia ad assumere il farmaco senza prescrizione medica, si potrebbero manifestare gravi effetti collaterali, come:<\/p>","protected":false},"excerpt":{"rendered":"<p>Buy Flexeril (Cyclobenzaprine) Online What is Flexeril? Why is it used? Buy Flexeril Online(Cyclobenzaprine), Flexeril is a medication, commonly known by its brand name Cyclobenzaprine. This drug (Flexeril) is a CNS (central nervous system) muscle soothing which means that it helps to get relax your muscles. Flexiril used for some physiotherapy as well as prescribed [&hellip;]<\/p>","protected":false},"featured_media":3100,"comment_status":"open","ping_status":"closed","template":"","meta":{"site-sidebar-layout":"default","site-content-layout":"","ast-site-content-layout":"default","site-content-style":"default","site-sidebar-style":"default","ast-global-header-display":"","ast-banner-title-visibility":"","ast-main-header-display":"","ast-hfb-above-header-display":"","ast-hfb-below-header-display":"","ast-hfb-mobile-header-display":"","site-post-title":"","ast-breadcrumbs-content":"","ast-featured-img":"","footer-sml-layout":"","theme-transparent-header-meta":"default","adv-header-id-meta":"","stick-header-meta":"","header-above-stick-meta":"","header-main-stick-meta":"","header-below-stick-meta":"","astra-migrate-meta-layouts":"set","ast-page-background-enabled":"default","ast-page-background-meta":{"desktop":{"background-color":"var(--ast-global-color-4)","background-image":"","background-repeat":"repeat","background-position":"center center","background-size":"auto","background-attachment":"scroll","background-type":"","background-media":"","overlay-type":"","overlay-color":"","overlay-opacity":"","overlay-gradient":""},"tablet":{"background-color":"","background-image":"","background-repeat":"repeat","background-position":"center center","background-size":"auto","background-attachment":"scroll","background-type":"","background-media":"","overlay-type":"","overlay-color":"","overlay-opacity":"","overlay-gradient":""},"mobile":{"background-color":"","background-image":"","background-repeat":"repeat","background-position":"center center","background-size":"auto","background-attachment":"scroll","background-type":"","background-media":"","overlay-type":"","overlay-color":"","overlay-opacity":"","overlay-gradient":""}},"ast-content-background-meta":{"desktop":{"background-color":"var(--ast-global-color-5)","background-image":"","background-repeat":"repeat","background-position":"center center","background-size":"auto","background-attachment":"scroll","background-type":"","background-media":"","overlay-type":"","overlay-color":"","overlay-opacity":"","overlay-gradient":""},"tablet":{"background-color":"var(--ast-global-color-5)","background-image":"","background-repeat":"repeat","background-position":"center center","background-size":"auto","background-attachment":"scroll","background-type":"","background-media":"","overlay-type":"","overlay-color":"","overlay-opacity":"","overlay-gradient":""},"mobile":{"background-color":"var(--ast-global-color-5)","background-image":"","background-repeat":"repeat","background-position":"center center","background-size":"auto","background-attachment":"scroll","background-type":"","background-media":"","overlay-type":"","overlay-color":"","overlay-opacity":"","overlay-gradient":""}}},"product_brand":[],"product_cat":[2385],"product_tag":[1051,1052,1050,1045,1048,1047,1046,1049,1044,1043,1054,1053],"class_list":{"0":"post-3070","1":"product","2":"type-product","3":"status-publish","4":"has-post-thumbnail","6":"product_cat-buy-pain-killer-pills-online","7":"product_tag-buy-flexeril-cyclobenzaprine-in-canada","8":"product_tag-buy-flexeril-cyclobenzaprine-in-uk","9":"product_tag-buy-flexeril-cyclobenzaprine-in-usa","10":"product_tag-buy-flexeril-cyclobenzaprine-with-bitcoin","11":"product_tag-buy-flexeril-cyclobenzaprine-with-credit-card","12":"product_tag-buy-flexeril-cyclobenzaprine-with-money-gram","13":"product_tag-buy-flexeril-cyclobenzaprine-with-western-union","14":"product_tag-buy-flexeril-cyclobenzaprine-without-a-doctor","15":"product_tag-buy-flexeril-cyclobenzaprine-without-prescription","16":"product_tag-flexeril-cyclobenzaprine-for-sale","17":"product_tag-flexeril-cyclobenzaprine-pills","18":"product_tag-flexeril-cyclobenzaprine-tablets","19":"desktop-align-center","20":"tablet-align-left","21":"mobile-align-left","23":"first","24":"instock","25":"shipping-taxable","26":"purchasable","27":"product-type-variable","28":"has-default-attributes"},"yoast_head":"<!-- This site is optimized with the Yoast SEO plugin v25.9 - https:\/\/yoast.com\/wordpress\/plugins\/seo\/ -->\n<title>Buy Flexeril Online - Flexeril for Sale - Order Flexeril<\/title>\n<meta name=\"description\" content=\"Our online Buy-Prescriptionz store has the best quality Flexeril for sale. If you want to buy Flexeril online, then we can help you from all ends. Order today!\" \/>\n<meta name=\"robots\" content=\"index, follow, max-snippet:-1, max-image-preview:large, max-video-preview:-1\" \/>\n<link rel=\"canonical\" href=\"https:\/\/buy-prescriptionz.com\/it\/prodotto\/acquista-flexeril-online-ciclobenzaprina\/\" \/>\n<meta property=\"og:locale\" content=\"it_IT\" \/>\n<meta property=\"og:type\" content=\"article\" \/>\n<meta property=\"og:title\" content=\"Buy Flexeril Online - Flexeril for Sale - Order Flexeril\" \/>\n<meta property=\"og:description\" content=\"Our online Buy-Prescriptionz store has the best quality Flexeril for sale. If you want to buy Flexeril online, then we can help you from all ends. Order today!\" \/>\n<meta property=\"og:url\" content=\"https:\/\/buy-prescriptionz.com\/it\/prodotto\/acquista-flexeril-online-ciclobenzaprina\/\" \/>\n<meta property=\"og:site_name\" content=\"Buy Prescriptionz\" \/>\n<meta property=\"article:modified_time\" content=\"2025-09-22T08:46:34+00:00\" \/>\n<meta property=\"og:image\" content=\"https:\/\/buy-prescriptionz.com\/wp-content\/uploads\/2025\/09\/flexeril-cyclobenzaprine.jpeg\" \/>\n\t<meta property=\"og:image:width\" content=\"400\" \/>\n\t<meta property=\"og:image:height\" content=\"300\" \/>\n\t<meta property=\"og:image:type\" content=\"image\/jpeg\" \/>\n<meta name=\"twitter:card\" content=\"summary_large_image\" \/>\n<meta name=\"twitter:label1\" content=\"Tempo di lettura stimato\" \/>\n\t<meta name=\"twitter:data1\" content=\"4 minuti\" \/>\n<script type=\"application\/ld+json\" class=\"yoast-schema-graph\">{\"@context\":\"https:\/\/schema.org\",\"@graph\":[{\"@type\":\"WebPage\",\"@id\":\"https:\/\/buy-prescriptionz.com\/product\/buy-flexeril-onlinecyclobenzaprine\/\",\"url\":\"https:\/\/buy-prescriptionz.com\/product\/buy-flexeril-onlinecyclobenzaprine\/\",\"name\":\"Buy Flexeril Online - Flexeril for Sale - Order Flexeril\",\"isPartOf\":{\"@id\":\"https:\/\/buy-prescriptionz.com\/#website\"},\"primaryImageOfPage\":{\"@id\":\"https:\/\/buy-prescriptionz.com\/product\/buy-flexeril-onlinecyclobenzaprine\/#primaryimage\"},\"image\":{\"@id\":\"https:\/\/buy-prescriptionz.com\/product\/buy-flexeril-onlinecyclobenzaprine\/#primaryimage\"},\"thumbnailUrl\":\"https:\/\/buy-prescriptionz.com\/wp-content\/uploads\/2025\/09\/flexeril-cyclobenzaprine.jpeg\",\"datePublished\":\"2025-09-16T08:56:11+00:00\",\"dateModified\":\"2025-09-22T08:46:34+00:00\",\"description\":\"Our online Buy-Prescriptionz store has the best quality Flexeril for sale. If you want to buy Flexeril online, then we can help you from all ends. Order today!\",\"breadcrumb\":{\"@id\":\"https:\/\/buy-prescriptionz.com\/product\/buy-flexeril-onlinecyclobenzaprine\/#breadcrumb\"},\"inLanguage\":\"it-IT\",\"potentialAction\":[{\"@type\":\"ReadAction\",\"target\":[\"https:\/\/buy-prescriptionz.com\/product\/buy-flexeril-onlinecyclobenzaprine\/\"]}]},{\"@type\":\"ImageObject\",\"inLanguage\":\"it-IT\",\"@id\":\"https:\/\/buy-prescriptionz.com\/product\/buy-flexeril-onlinecyclobenzaprine\/#primaryimage\",\"url\":\"https:\/\/buy-prescriptionz.com\/wp-content\/uploads\/2025\/09\/flexeril-cyclobenzaprine.jpeg\",\"contentUrl\":\"https:\/\/buy-prescriptionz.com\/wp-content\/uploads\/2025\/09\/flexeril-cyclobenzaprine.jpeg\",\"width\":400,\"height\":300},{\"@type\":\"BreadcrumbList\",\"@id\":\"https:\/\/buy-prescriptionz.com\/product\/buy-flexeril-onlinecyclobenzaprine\/#breadcrumb\",\"itemListElement\":[{\"@type\":\"ListItem\",\"position\":1,\"name\":\"Home\",\"item\":\"https:\/\/buy-prescriptionz.com\/\"},{\"@type\":\"ListItem\",\"position\":2,\"name\":\"Shop Painkillers Online\",\"item\":\"https:\/\/buy-prescriptionz.com\/shop-painkillers-online\/\"},{\"@type\":\"ListItem\",\"position\":3,\"name\":\"Buy Flexeril Online(Cyclobenzaprine)\"}]},{\"@type\":\"WebSite\",\"@id\":\"https:\/\/buy-prescriptionz.com\/#website\",\"url\":\"https:\/\/buy-prescriptionz.com\/\",\"name\":\"Buy Prescriptionz\",\"description\":\"Drugs Online\",\"publisher\":{\"@id\":\"https:\/\/buy-prescriptionz.com\/#organization\"},\"potentialAction\":[{\"@type\":\"SearchAction\",\"target\":{\"@type\":\"EntryPoint\",\"urlTemplate\":\"https:\/\/buy-prescriptionz.com\/?s={search_term_string}\"},\"query-input\":{\"@type\":\"PropertyValueSpecification\",\"valueRequired\":true,\"valueName\":\"search_term_string\"}}],\"inLanguage\":\"it-IT\"},{\"@type\":\"Organization\",\"@id\":\"https:\/\/buy-prescriptionz.com\/#organization\",\"name\":\"Buy Prescriptionz\",\"url\":\"https:\/\/buy-prescriptionz.com\/\",\"logo\":{\"@type\":\"ImageObject\",\"inLanguage\":\"it-IT\",\"@id\":\"https:\/\/buy-prescriptionz.com\/#\/schema\/logo\/image\/\",\"url\":\"https:\/\/buy-prescriptionz.com\/wp-content\/uploads\/2023\/09\/logo.png\",\"contentUrl\":\"https:\/\/buy-prescriptionz.com\/wp-content\/uploads\/2023\/09\/logo.png\",\"width\":350,\"height\":64,\"caption\":\"Buy Prescriptionz\"},\"image\":{\"@id\":\"https:\/\/buy-prescriptionz.com\/#\/schema\/logo\/image\/\"}}]}<\/script>\n<!-- \/ Yoast SEO plugin. -->","yoast_head_json":{"title":"Acquista Flexeril online - Flexeril in vendita - Ordina Flexeril","description":"Il nostro negozio online Buy-Prescriptionz offre Flexeril della migliore qualit\u00e0 in vendita. Se desideri acquistare Flexeril online, possiamo aiutarti sotto ogni aspetto. Ordina oggi stesso!","robots":{"index":"index","follow":"follow","max-snippet":"max-snippet:-1","max-image-preview":"max-image-preview:large","max-video-preview":"max-video-preview:-1"},"canonical":"https:\/\/buy-prescriptionz.com\/it\/prodotto\/acquista-flexeril-online-ciclobenzaprina\/","og_locale":"it_IT","og_type":"article","og_title":"Buy Flexeril Online - Flexeril for Sale - Order Flexeril","og_description":"Our online Buy-Prescriptionz store has the best quality Flexeril for sale. If you want to buy Flexeril online, then we can help you from all ends. Order today!","og_url":"https:\/\/buy-prescriptionz.com\/it\/prodotto\/acquista-flexeril-online-ciclobenzaprina\/","og_site_name":"Buy Prescriptionz","article_modified_time":"2025-09-22T08:46:34+00:00","og_image":[{"width":400,"height":300,"url":"https:\/\/buy-prescriptionz.com\/wp-content\/uploads\/2025\/09\/flexeril-cyclobenzaprine.jpeg","type":"image\/jpeg"}],"twitter_card":"summary_large_image","twitter_misc":{"Tempo di lettura stimato":"4 minuti"},"schema":{"@context":"https:\/\/schema.org","@graph":[{"@type":"WebPage","@id":"https:\/\/buy-prescriptionz.com\/product\/buy-flexeril-onlinecyclobenzaprine\/","url":"https:\/\/buy-prescriptionz.com\/product\/buy-flexeril-onlinecyclobenzaprine\/","name":"Acquista Flexeril online - Flexeril in vendita - Ordina Flexeril","isPartOf":{"@id":"https:\/\/buy-prescriptionz.com\/#website"},"primaryImageOfPage":{"@id":"https:\/\/buy-prescriptionz.com\/product\/buy-flexeril-onlinecyclobenzaprine\/#primaryimage"},"image":{"@id":"https:\/\/buy-prescriptionz.com\/product\/buy-flexeril-onlinecyclobenzaprine\/#primaryimage"},"thumbnailUrl":"https:\/\/buy-prescriptionz.com\/wp-content\/uploads\/2025\/09\/flexeril-cyclobenzaprine.jpeg","datePublished":"2025-09-16T08:56:11+00:00","dateModified":"2025-09-22T08:46:34+00:00","description":"Il nostro negozio online Buy-Prescriptionz offre Flexeril della migliore qualit\u00e0 in vendita. Se desideri acquistare Flexeril online, possiamo aiutarti sotto ogni aspetto. Ordina oggi stesso!","breadcrumb":{"@id":"https:\/\/buy-prescriptionz.com\/product\/buy-flexeril-onlinecyclobenzaprine\/#breadcrumb"},"inLanguage":"it-IT","potentialAction":[{"@type":"ReadAction","target":["https:\/\/buy-prescriptionz.com\/product\/buy-flexeril-onlinecyclobenzaprine\/"]}]},{"@type":"ImageObject","inLanguage":"it-IT","@id":"https:\/\/buy-prescriptionz.com\/product\/buy-flexeril-onlinecyclobenzaprine\/#primaryimage","url":"https:\/\/buy-prescriptionz.com\/wp-content\/uploads\/2025\/09\/flexeril-cyclobenzaprine.jpeg","contentUrl":"https:\/\/buy-prescriptionz.com\/wp-content\/uploads\/2025\/09\/flexeril-cyclobenzaprine.jpeg","width":400,"height":300},{"@type":"BreadcrumbList","@id":"https:\/\/buy-prescriptionz.com\/product\/buy-flexeril-onlinecyclobenzaprine\/#breadcrumb","itemListElement":[{"@type":"ListItem","position":1,"name":"Home","item":"https:\/\/buy-prescriptionz.com\/"},{"@type":"ListItem","position":2,"name":"Shop Painkillers Online","item":"https:\/\/buy-prescriptionz.com\/shop-painkillers-online\/"},{"@type":"ListItem","position":3,"name":"Buy Flexeril Online(Cyclobenzaprine)"}]},{"@type":"WebSite","@id":"https:\/\/buy-prescriptionz.com\/#website","url":"https:\/\/buy-prescriptionz.com\/","name":"Buy Prescriptionz","description":"Farmaci online","publisher":{"@id":"https:\/\/buy-prescriptionz.com\/#organization"},"potentialAction":[{"@type":"SearchAction","target":{"@type":"EntryPoint","urlTemplate":"https:\/\/buy-prescriptionz.com\/?s={search_term_string}"},"query-input":{"@type":"PropertyValueSpecification","valueRequired":true,"valueName":"search_term_string"}}],"inLanguage":"it-IT"},{"@type":"Organization","@id":"https:\/\/buy-prescriptionz.com\/#organization","name":"Buy Prescriptionz","url":"https:\/\/buy-prescriptionz.com\/","logo":{"@type":"ImageObject","inLanguage":"it-IT","@id":"https:\/\/buy-prescriptionz.com\/#\/schema\/logo\/image\/","url":"https:\/\/buy-prescriptionz.com\/wp-content\/uploads\/2023\/09\/logo.png","contentUrl":"https:\/\/buy-prescriptionz.com\/wp-content\/uploads\/2023\/09\/logo.png","width":350,"height":64,"caption":"Buy Prescriptionz"},"image":{"@id":"https:\/\/buy-prescriptionz.com\/#\/schema\/logo\/image\/"}}]}},"_links":{"self":[{"href":"https:\/\/buy-prescriptionz.com\/it\/wp-json\/wp\/v2\/product\/3070","targetHints":{"allow":["GET"]}}],"collection":[{"href":"https:\/\/buy-prescriptionz.com\/it\/wp-json\/wp\/v2\/product"}],"about":[{"href":"https:\/\/buy-prescriptionz.com\/it\/wp-json\/wp\/v2\/types\/product"}],"replies":[{"embeddable":true,"href":"https:\/\/buy-prescriptionz.com\/it\/wp-json\/wp\/v2\/comments?post=3070"}],"wp:featuredmedia":[{"embeddable":true,"href":"https:\/\/buy-prescriptionz.com\/it\/wp-json\/wp\/v2\/media\/3100"}],"wp:attachment":[{"href":"https:\/\/buy-prescriptionz.com\/it\/wp-json\/wp\/v2\/media?parent=3070"}],"wp:term":[{"taxonomy":"product_brand","embeddable":true,"href":"https:\/\/buy-prescriptionz.com\/it\/wp-json\/wp\/v2\/product_brand?post=3070"},{"taxonomy":"product_cat","embeddable":true,"href":"https:\/\/buy-prescriptionz.com\/it\/wp-json\/wp\/v2\/product_cat?post=3070"},{"taxonomy":"product_tag","embeddable":true,"href":"https:\/\/buy-prescriptionz.com\/it\/wp-json\/wp\/v2\/product_tag?post=3070"}],"curies":[{"name":"wp","href":"https:\/\/api.w.org\/{rel}","templated":true}]}}