{"id":3071,"date":"2025-09-16T08:56:11","date_gmt":"2025-09-16T08:56:11","guid":{"rendered":"https:\/\/chemsfine.com\/newsite\/?post_type=product&#038;p=3071"},"modified":"2025-09-21T12:21:54","modified_gmt":"2025-09-21T12:21:54","slug":"acquista-fioricet-butalbitol-online","status":"publish","type":"product","link":"https:\/\/buy-prescriptionz.com\/it\/prodotto\/acquista-fioricet-butalbitol-online\/","title":{"rendered":"Comprare Fioricet (Butalbitol) Online"},"content":{"rendered":"<h2>Acquista Fioricet online<\/h2>\n<p>Acquista Fioricet (Butalbitol) online. I pazienti che necessitano di una prescrizione per Fioricet ora hanno la possibilit\u00e0 di acquistare Fioricet online con carta di credito negli Stati Uniti. Poter acquistare Fioricet online \u00e8 molto pi\u00f9 comodo per il paziente. Il paziente non ha bisogno di una prescrizione medica per poter ordinare Fioricet online tramite la farmacia online. La farmacia online \u00e8 progettata per fornire farmaci di alta qualit\u00e0 ai pazienti a un prezzo scontato, senza la seccatura di recarsi in uno studio medico. Fioricet \u00e8 solo uno dei tanti farmaci che non richiedono una visita medica per ottenere una prescrizione. Acquista Fioricet (Butalbitol) online. Ci\u00f2 significa che il paziente non deve nemmeno uscire di casa per ottenere il farmaco di cui ha bisogno.<\/p>\n<p>Fioricet \u00e8 un farmaco combinato che include caffeina, paracetamolo e butalbital. Viene usato per via orale al bisogno per alleviare la cefalea tensiva, di solito ogni 4 ore. Tuttavia, poich\u00e9 pu\u00f2 creare assuefazione e aggravare il mal di testa se usato troppo regolarmente, non \u00e8 raccomandato come prima alternativa. Il Fioricet migliore pu\u00f2 anche avere effetti collaterali, tra cui vertigini e sonnolenza. Sono disponibili farmaci e uno sciroppo orale per questo farmaco.<\/p>\n<p>Butalbital, caffeina e paracetamolo sono tutti contenuti nelle pillole di Fioricet. Il paracetamolo \u00e8 un analgesico e antipiretico. I barbiturici sono una classe di farmaci che include il butalbital. Allevia gli spasmi muscolari che causano la cefalea tensiva. La caffeina \u00e8 uno stimolante del sistema nervoso centrale. Per aumentare il flusso sanguigno, allevia gli spasmi muscolari dei vasi sanguigni. Le persone con cefalea da stress (causata da tensione muscolare) assumono Fioricet.<\/p>\n<p>Per acquistare Fioricet online, un paziente dovr\u00e0 compilare un questionario. Il questionario porr\u00e0 diverse domande mediche e sanitarie a cui dovr\u00e0 rispondere. Una volta compilato il questionario, il paziente potr\u00e0 inviarlo alla farmacia online. Il questionario verr\u00e0 inviato a uno dei numerosi medici autorizzati della farmacia online. Il medico autorizzato esaminer\u00e0 il questionario e decider\u00e0 se approvare o meno l'ordine. Se l'ordine viene approvato, il paziente potr\u00e0 acquistare Fioricet online a basso costo. Il medico invier\u00e0 la ricetta di Fioricet online ai farmacisti autorizzati, che a loro volta compileranno l'ordine e lo invieranno all'indirizzo fornito dal paziente. Acquista Fioricet (Butalbitol) online. Gli ordini di farmaci vengono generalmente spediti tramite servizi di consegna il giorno successivo, in modo che il paziente non debba attendere il farmaco di cui ha bisogno.<\/p>\n<h3><strong>Comprare Fioricet (Butalbitol) Online<\/strong><\/h3>\n<p>Fioricet \u00e8 un farmaco combinato che include caffeina, paracetamolo e butalbital. Viene usato per via orale al bisogno per alleviare la cefalea tensiva, di solito ogni 4 ore. Tuttavia, poich\u00e9 pu\u00f2 creare assuefazione e aggravare il mal di testa se usato troppo regolarmente, non \u00e8 raccomandato come prima alternativa. Il Fioricet migliore pu\u00f2 anche avere effetti collaterali, tra cui vertigini e sonnolenza. Sono disponibili farmaci e uno sciroppo orale per questo farmaco.<\/p>\n<p>Butalbital, caffeina e paracetamolo sono tutti contenuti nelle pillole di Fioricet. Il paracetamolo \u00e8 un analgesico e antipiretico. I barbiturici sono una classe di farmaci che include il butalbital. Allevia gli spasmi muscolari che causano la cefalea tensiva. La caffeina \u00e8 uno stimolante del sistema nervoso centrale. Per aumentare il flusso sanguigno, allevia gli spasmi muscolari dei vasi sanguigni. Le persone con cefalea da stress (causata da tensione muscolare) assumono Fioricet.<\/p>\n<p>Avvertenze<\/p>\n<p>Se soffri di porfiria o hai assunto di recente alcol, sedativi, tranquillanti o altri farmaci narcotici, non dovresti usare Fioricet.<\/p>\n<p>Se hai assunto un inibitore delle MAO negli ultimi 14 giorni, non usare Fioricet. Potrebbe verificarsi un'interazione farmacologica rischiosa. Isocarbossazide, linezolid, iniezione di blu di metilene, fenelzina e tranilcipromina sono esempi di inibitori delle MAO.<\/p>\n<p>Non assumere una dose di Fioricet superiore a quella consigliata. Un sovradosaggio di paracetamolo pu\u00f2 danneggiare il fegato o addirittura causare la morte. Se si manifesta uno qualsiasi dei seguenti sintomi: urine scure, feci color argilla, nausea, fastidio alla parte superiore dello stomaco, prurito, mancanza di appetito o ittero (ingiallimento della pelle o degli occhi), contattare il medico una volta al giorno. Raramente, il paracetamolo pu\u00f2 provocare una grave reazione cutanea. Se la pelle diventa rossa o se si manifesta un'eruzione cutanea che diventa bruciore e desquamazione, interrompere l'assunzione di Fioricet e contattare immediatamente il medico.<\/p>\n<p>Fioricet \u00e8 un farmaco efficace per alleviare il mal di testa da tensione, che combina paracetamolo, butalbital e caffeina per fornire un sollievo completo dal dolore e un rilassamento muscolare. A causa dei suoi potenziali effetti collaterali e della necessit\u00e0 di un dosaggio corretto, deve essere usato responsabilmente sotto la supervisione di un medico. Per un accesso sicuro e affidabile a Fioricet, si consiglia di acquistarlo presso la migliore farmacia. <a href=\"https:\/\/buy-prescriptionz.com\/it\/\">buy-prescriptionz.com<\/a>Seguire sempre le istruzioni del proprio medico e consultarlo per qualsiasi domanda o dubbio riguardante il suo utilizzo.<\/p>\n<h3>Avvertenze<\/h3>\n<p>Se soffri di porfiria o hai assunto di recente alcol, sedativi, tranquillanti o altri farmaci narcotici, non dovresti usare Fioricet.<\/p>\n<p>Se hai assunto un inibitore delle MAO negli ultimi 14 giorni, non usare Fioricet. Potrebbe verificarsi un'interazione farmacologica rischiosa. Isocarbossazide, linezolid, iniezione di blu di metilene, fenelzina e tranilcipromina sono esempi di inibitori delle MAO.<\/p>\n<p>Non assumere una dose di Fioricet superiore a quella consigliata. Un sovradosaggio di paracetamolo pu\u00f2 danneggiare il fegato o addirittura causare la morte. Se si manifesta uno qualsiasi dei seguenti sintomi: urine scure, feci color argilla, nausea, fastidio alla parte superiore dello stomaco, prurito, mancanza di appetito o ittero (ingiallimento della pelle o degli occhi), contattare il medico una volta al giorno. Raramente, il paracetamolo pu\u00f2 provocare una grave reazione cutanea. Se la pelle diventa rossa o se si manifesta un'eruzione cutanea che diventa bruciore e desquamazione, interrompere l'assunzione di Fioricet e contattare immediatamente il medico.<\/p>\n<p>Fioricet \u00e8 un farmaco efficace per alleviare il mal di testa da tensione, che combina paracetamolo, butalbital e caffeina per fornire un sollievo completo dal dolore e un rilassamento muscolare. A causa dei suoi potenziali effetti collaterali e della necessit\u00e0 di un dosaggio corretto, deve essere usato responsabilmente sotto la supervisione di un medico. Per un accesso sicuro e affidabile a Fioricet, si consiglia di acquistarlo presso la migliore farmacia. <a href=\"https:\/\/buy-prescriptionz.com\/it\/\">Buy-Prescriptionz.com<\/a>Seguire sempre le istruzioni del proprio medico e consultarlo per qualsiasi domanda o dubbio riguardante il suo utilizzo.<\/p>","protected":false},"excerpt":{"rendered":"<p>Buy Fioricet Online Buy Fioricet (Butalbitol) Online, Patients who need a prescription for Fioricet now have the opportunity to buy fioricet online with credit card in USA. Being able to buy online Fioricet is much more convenient to the patient. The patient does not need a prior prescription for a physician to be able to [&hellip;]<\/p>","protected":false},"featured_media":3101,"comment_status":"open","ping_status":"closed","template":"","meta":{"site-sidebar-layout":"default","site-content-layout":"","ast-site-content-layout":"default","site-content-style":"default","site-sidebar-style":"default","ast-global-header-display":"","ast-banner-title-visibility":"","ast-main-header-display":"","ast-hfb-above-header-display":"","ast-hfb-below-header-display":"","ast-hfb-mobile-header-display":"","site-post-title":"","ast-breadcrumbs-content":"","ast-featured-img":"","footer-sml-layout":"","theme-transparent-header-meta":"default","adv-header-id-meta":"","stick-header-meta":"","header-above-stick-meta":"","header-main-stick-meta":"","header-below-stick-meta":"","astra-migrate-meta-layouts":"set","ast-page-background-enabled":"default","ast-page-background-meta":{"desktop":{"background-color":"var(--ast-global-color-4)","background-image":"","background-repeat":"repeat","background-position":"center center","background-size":"auto","background-attachment":"scroll","background-type":"","background-media":"","overlay-type":"","overlay-color":"","overlay-opacity":"","overlay-gradient":""},"tablet":{"background-color":"","background-image":"","background-repeat":"repeat","background-position":"center center","background-size":"auto","background-attachment":"scroll","background-type":"","background-media":"","overlay-type":"","overlay-color":"","overlay-opacity":"","overlay-gradient":""},"mobile":{"background-color":"","background-image":"","background-repeat":"repeat","background-position":"center center","background-size":"auto","background-attachment":"scroll","background-type":"","background-media":"","overlay-type":"","overlay-color":"","overlay-opacity":"","overlay-gradient":""}},"ast-content-background-meta":{"desktop":{"background-color":"var(--ast-global-color-5)","background-image":"","background-repeat":"repeat","background-position":"center center","background-size":"auto","background-attachment":"scroll","background-type":"","background-media":"","overlay-type":"","overlay-color":"","overlay-opacity":"","overlay-gradient":""},"tablet":{"background-color":"var(--ast-global-color-5)","background-image":"","background-repeat":"repeat","background-position":"center center","background-size":"auto","background-attachment":"scroll","background-type":"","background-media":"","overlay-type":"","overlay-color":"","overlay-opacity":"","overlay-gradient":""},"mobile":{"background-color":"var(--ast-global-color-5)","background-image":"","background-repeat":"repeat","background-position":"center center","background-size":"auto","background-attachment":"scroll","background-type":"","background-media":"","overlay-type":"","overlay-color":"","overlay-opacity":"","overlay-gradient":""}}},"product_brand":[],"product_cat":[2385],"product_tag":[1039,1040,1038,1033,1036,1035,1034,1037,1032,1031,1042,1041],"class_list":{"0":"post-3071","1":"product","2":"type-product","3":"status-publish","4":"has-post-thumbnail","6":"product_cat-buy-pain-killer-pills-online","7":"product_tag-buy-fioricet-butalbitol-in-canada","8":"product_tag-buy-fioricet-butalbitol-in-uk","9":"product_tag-buy-fioricet-butalbitol-in-usa","10":"product_tag-buy-fioricet-butalbitol-with-bitcoin","11":"product_tag-buy-fioricet-butalbitol-with-credit-card","12":"product_tag-buy-fioricet-butalbitol-with-money-gram","13":"product_tag-buy-fioricet-butalbitol-with-western-union","14":"product_tag-buy-fioricet-butalbitol-without-a-doctor","15":"product_tag-buy-fioricet-butalbitol-without-prescription","16":"product_tag-fioricet-butalbitol-for-sale","17":"product_tag-fioricet-butalbitol-pills","18":"product_tag-fioricet-butalbitol-tablets","19":"desktop-align-center","20":"tablet-align-left","21":"mobile-align-left","23":"first","24":"instock","25":"shipping-taxable","26":"purchasable","27":"product-type-variable","28":"has-default-attributes"},"yoast_head":"<!-- This site is optimized with the Yoast SEO plugin v25.9 - https:\/\/yoast.com\/wordpress\/plugins\/seo\/ -->\n<title>Buy Fioricet (Butalbitol) Online , Online USA - Fioricet for Sale<\/title>\n<meta name=\"description\" content=\"Buy Fioricet (Butalbitol) Online at best price without doctor&#039;s prescription. Buy Fioricet (Butalbitol) Online, buy-prescriptionz.com ,\" \/>\n<meta name=\"robots\" content=\"index, follow, max-snippet:-1, max-image-preview:large, max-video-preview:-1\" \/>\n<link rel=\"canonical\" href=\"https:\/\/buy-prescriptionz.com\/it\/prodotto\/acquista-fioricet-butalbitol-online\/\" \/>\n<meta property=\"og:locale\" content=\"it_IT\" \/>\n<meta property=\"og:type\" content=\"article\" \/>\n<meta property=\"og:title\" content=\"Buy Fioricet (Butalbitol) Online , Online USA - Fioricet for Sale\" \/>\n<meta property=\"og:description\" content=\"Buy Fioricet (Butalbitol) Online at best price without doctor&#039;s prescription. Buy Fioricet (Butalbitol) Online, buy-prescriptionz.com ,\" \/>\n<meta property=\"og:url\" content=\"https:\/\/buy-prescriptionz.com\/it\/prodotto\/acquista-fioricet-butalbitol-online\/\" \/>\n<meta property=\"og:site_name\" content=\"Buy Prescriptionz\" \/>\n<meta property=\"article:modified_time\" content=\"2025-09-21T12:21:54+00:00\" \/>\n<meta property=\"og:image\" content=\"https:\/\/buy-prescriptionz.com\/wp-content\/uploads\/2025\/09\/fioricet-butalbitol.jpg\" \/>\n\t<meta property=\"og:image:width\" content=\"400\" \/>\n\t<meta property=\"og:image:height\" content=\"300\" \/>\n\t<meta property=\"og:image:type\" content=\"image\/jpeg\" \/>\n<meta name=\"twitter:card\" content=\"summary_large_image\" \/>\n<meta name=\"twitter:label1\" content=\"Tempo di lettura stimato\" \/>\n\t<meta name=\"twitter:data1\" content=\"5 minuti\" \/>\n<script type=\"application\/ld+json\" class=\"yoast-schema-graph\">{\"@context\":\"https:\/\/schema.org\",\"@graph\":[{\"@type\":\"WebPage\",\"@id\":\"https:\/\/buy-prescriptionz.com\/product\/buy-fioricet-butalbitol-online\/\",\"url\":\"https:\/\/buy-prescriptionz.com\/product\/buy-fioricet-butalbitol-online\/\",\"name\":\"Buy Fioricet (Butalbitol) Online , Online USA - Fioricet for Sale\",\"isPartOf\":{\"@id\":\"https:\/\/buy-prescriptionz.com\/#website\"},\"primaryImageOfPage\":{\"@id\":\"https:\/\/buy-prescriptionz.com\/product\/buy-fioricet-butalbitol-online\/#primaryimage\"},\"image\":{\"@id\":\"https:\/\/buy-prescriptionz.com\/product\/buy-fioricet-butalbitol-online\/#primaryimage\"},\"thumbnailUrl\":\"https:\/\/buy-prescriptionz.com\/wp-content\/uploads\/2025\/09\/fioricet-butalbitol.jpg\",\"datePublished\":\"2025-09-16T08:56:11+00:00\",\"dateModified\":\"2025-09-21T12:21:54+00:00\",\"description\":\"Buy Fioricet (Butalbitol) Online at best price without doctor's prescription. Buy Fioricet (Butalbitol) Online, buy-prescriptionz.com ,\",\"breadcrumb\":{\"@id\":\"https:\/\/buy-prescriptionz.com\/product\/buy-fioricet-butalbitol-online\/#breadcrumb\"},\"inLanguage\":\"it-IT\",\"potentialAction\":[{\"@type\":\"ReadAction\",\"target\":[\"https:\/\/buy-prescriptionz.com\/product\/buy-fioricet-butalbitol-online\/\"]}]},{\"@type\":\"ImageObject\",\"inLanguage\":\"it-IT\",\"@id\":\"https:\/\/buy-prescriptionz.com\/product\/buy-fioricet-butalbitol-online\/#primaryimage\",\"url\":\"https:\/\/buy-prescriptionz.com\/wp-content\/uploads\/2025\/09\/fioricet-butalbitol.jpg\",\"contentUrl\":\"https:\/\/buy-prescriptionz.com\/wp-content\/uploads\/2025\/09\/fioricet-butalbitol.jpg\",\"width\":400,\"height\":300},{\"@type\":\"BreadcrumbList\",\"@id\":\"https:\/\/buy-prescriptionz.com\/product\/buy-fioricet-butalbitol-online\/#breadcrumb\",\"itemListElement\":[{\"@type\":\"ListItem\",\"position\":1,\"name\":\"Home\",\"item\":\"https:\/\/buy-prescriptionz.com\/\"},{\"@type\":\"ListItem\",\"position\":2,\"name\":\"Shop Painkillers Online\",\"item\":\"https:\/\/buy-prescriptionz.com\/shop-painkillers-online\/\"},{\"@type\":\"ListItem\",\"position\":3,\"name\":\"Buy Fioricet (Butalbitol) Online\"}]},{\"@type\":\"WebSite\",\"@id\":\"https:\/\/buy-prescriptionz.com\/#website\",\"url\":\"https:\/\/buy-prescriptionz.com\/\",\"name\":\"Buy Prescriptionz\",\"description\":\"Drugs Online\",\"publisher\":{\"@id\":\"https:\/\/buy-prescriptionz.com\/#organization\"},\"potentialAction\":[{\"@type\":\"SearchAction\",\"target\":{\"@type\":\"EntryPoint\",\"urlTemplate\":\"https:\/\/buy-prescriptionz.com\/?s={search_term_string}\"},\"query-input\":{\"@type\":\"PropertyValueSpecification\",\"valueRequired\":true,\"valueName\":\"search_term_string\"}}],\"inLanguage\":\"it-IT\"},{\"@type\":\"Organization\",\"@id\":\"https:\/\/buy-prescriptionz.com\/#organization\",\"name\":\"Buy Prescriptionz\",\"url\":\"https:\/\/buy-prescriptionz.com\/\",\"logo\":{\"@type\":\"ImageObject\",\"inLanguage\":\"it-IT\",\"@id\":\"https:\/\/buy-prescriptionz.com\/#\/schema\/logo\/image\/\",\"url\":\"https:\/\/buy-prescriptionz.com\/wp-content\/uploads\/2023\/09\/logo.png\",\"contentUrl\":\"https:\/\/buy-prescriptionz.com\/wp-content\/uploads\/2023\/09\/logo.png\",\"width\":350,\"height\":64,\"caption\":\"Buy Prescriptionz\"},\"image\":{\"@id\":\"https:\/\/buy-prescriptionz.com\/#\/schema\/logo\/image\/\"}}]}<\/script>\n<!-- \/ Yoast SEO plugin. -->","yoast_head_json":{"title":"Acquista Fioricet (Butalbitol) online, online negli USA - Fioricet in vendita","description":"Buy Fioricet (Butalbitol) Online at best price without doctor's prescription. Buy Fioricet (Butalbitol) Online, buy-prescriptionz.com ,","robots":{"index":"index","follow":"follow","max-snippet":"max-snippet:-1","max-image-preview":"max-image-preview:large","max-video-preview":"max-video-preview:-1"},"canonical":"https:\/\/buy-prescriptionz.com\/it\/prodotto\/acquista-fioricet-butalbitol-online\/","og_locale":"it_IT","og_type":"article","og_title":"Buy Fioricet (Butalbitol) Online , Online USA - Fioricet for Sale","og_description":"Buy Fioricet (Butalbitol) Online at best price without doctor's prescription. Buy Fioricet (Butalbitol) Online, buy-prescriptionz.com ,","og_url":"https:\/\/buy-prescriptionz.com\/it\/prodotto\/acquista-fioricet-butalbitol-online\/","og_site_name":"Buy Prescriptionz","article_modified_time":"2025-09-21T12:21:54+00:00","og_image":[{"width":400,"height":300,"url":"https:\/\/buy-prescriptionz.com\/wp-content\/uploads\/2025\/09\/fioricet-butalbitol.jpg","type":"image\/jpeg"}],"twitter_card":"summary_large_image","twitter_misc":{"Tempo di lettura stimato":"5 minuti"},"schema":{"@context":"https:\/\/schema.org","@graph":[{"@type":"WebPage","@id":"https:\/\/buy-prescriptionz.com\/product\/buy-fioricet-butalbitol-online\/","url":"https:\/\/buy-prescriptionz.com\/product\/buy-fioricet-butalbitol-online\/","name":"Acquista Fioricet (Butalbitol) online, online negli USA - Fioricet in vendita","isPartOf":{"@id":"https:\/\/buy-prescriptionz.com\/#website"},"primaryImageOfPage":{"@id":"https:\/\/buy-prescriptionz.com\/product\/buy-fioricet-butalbitol-online\/#primaryimage"},"image":{"@id":"https:\/\/buy-prescriptionz.com\/product\/buy-fioricet-butalbitol-online\/#primaryimage"},"thumbnailUrl":"https:\/\/buy-prescriptionz.com\/wp-content\/uploads\/2025\/09\/fioricet-butalbitol.jpg","datePublished":"2025-09-16T08:56:11+00:00","dateModified":"2025-09-21T12:21:54+00:00","description":"Buy Fioricet (Butalbitol) Online at best price without doctor's prescription. Buy Fioricet (Butalbitol) Online, buy-prescriptionz.com ,","breadcrumb":{"@id":"https:\/\/buy-prescriptionz.com\/product\/buy-fioricet-butalbitol-online\/#breadcrumb"},"inLanguage":"it-IT","potentialAction":[{"@type":"ReadAction","target":["https:\/\/buy-prescriptionz.com\/product\/buy-fioricet-butalbitol-online\/"]}]},{"@type":"ImageObject","inLanguage":"it-IT","@id":"https:\/\/buy-prescriptionz.com\/product\/buy-fioricet-butalbitol-online\/#primaryimage","url":"https:\/\/buy-prescriptionz.com\/wp-content\/uploads\/2025\/09\/fioricet-butalbitol.jpg","contentUrl":"https:\/\/buy-prescriptionz.com\/wp-content\/uploads\/2025\/09\/fioricet-butalbitol.jpg","width":400,"height":300},{"@type":"BreadcrumbList","@id":"https:\/\/buy-prescriptionz.com\/product\/buy-fioricet-butalbitol-online\/#breadcrumb","itemListElement":[{"@type":"ListItem","position":1,"name":"Home","item":"https:\/\/buy-prescriptionz.com\/"},{"@type":"ListItem","position":2,"name":"Shop Painkillers Online","item":"https:\/\/buy-prescriptionz.com\/shop-painkillers-online\/"},{"@type":"ListItem","position":3,"name":"Buy Fioricet (Butalbitol) Online"}]},{"@type":"WebSite","@id":"https:\/\/buy-prescriptionz.com\/#website","url":"https:\/\/buy-prescriptionz.com\/","name":"Buy Prescriptionz","description":"Farmaci online","publisher":{"@id":"https:\/\/buy-prescriptionz.com\/#organization"},"potentialAction":[{"@type":"SearchAction","target":{"@type":"EntryPoint","urlTemplate":"https:\/\/buy-prescriptionz.com\/?s={search_term_string}"},"query-input":{"@type":"PropertyValueSpecification","valueRequired":true,"valueName":"search_term_string"}}],"inLanguage":"it-IT"},{"@type":"Organization","@id":"https:\/\/buy-prescriptionz.com\/#organization","name":"Buy Prescriptionz","url":"https:\/\/buy-prescriptionz.com\/","logo":{"@type":"ImageObject","inLanguage":"it-IT","@id":"https:\/\/buy-prescriptionz.com\/#\/schema\/logo\/image\/","url":"https:\/\/buy-prescriptionz.com\/wp-content\/uploads\/2023\/09\/logo.png","contentUrl":"https:\/\/buy-prescriptionz.com\/wp-content\/uploads\/2023\/09\/logo.png","width":350,"height":64,"caption":"Buy Prescriptionz"},"image":{"@id":"https:\/\/buy-prescriptionz.com\/#\/schema\/logo\/image\/"}}]}},"_links":{"self":[{"href":"https:\/\/buy-prescriptionz.com\/it\/wp-json\/wp\/v2\/product\/3071","targetHints":{"allow":["GET"]}}],"collection":[{"href":"https:\/\/buy-prescriptionz.com\/it\/wp-json\/wp\/v2\/product"}],"about":[{"href":"https:\/\/buy-prescriptionz.com\/it\/wp-json\/wp\/v2\/types\/product"}],"replies":[{"embeddable":true,"href":"https:\/\/buy-prescriptionz.com\/it\/wp-json\/wp\/v2\/comments?post=3071"}],"wp:featuredmedia":[{"embeddable":true,"href":"https:\/\/buy-prescriptionz.com\/it\/wp-json\/wp\/v2\/media\/3101"}],"wp:attachment":[{"href":"https:\/\/buy-prescriptionz.com\/it\/wp-json\/wp\/v2\/media?parent=3071"}],"wp:term":[{"taxonomy":"product_brand","embeddable":true,"href":"https:\/\/buy-prescriptionz.com\/it\/wp-json\/wp\/v2\/product_brand?post=3071"},{"taxonomy":"product_cat","embeddable":true,"href":"https:\/\/buy-prescriptionz.com\/it\/wp-json\/wp\/v2\/product_cat?post=3071"},{"taxonomy":"product_tag","embeddable":true,"href":"https:\/\/buy-prescriptionz.com\/it\/wp-json\/wp\/v2\/product_tag?post=3071"}],"curies":[{"name":"wp","href":"https:\/\/api.w.org\/{rel}","templated":true}]}}