{"id":3102,"date":"2025-09-16T08:56:24","date_gmt":"2025-09-16T08:56:24","guid":{"rendered":"https:\/\/chemsfine.com\/newsite\/?post_type=product&#038;p=3102"},"modified":"2025-09-16T08:58:25","modified_gmt":"2025-09-16T08:58:25","slug":"acquista-dormicum-online","status":"publish","type":"product","link":"https:\/\/buy-prescriptionz.com\/it\/prodotto\/acquista-dormicum-online\/","title":{"rendered":"Comprare Dormicum online"},"content":{"rendered":"<h2>Acquista ghiri online | ghiro in vendita<\/h2>\n<p>Dormicum \u00e8 un farmaco che contiene il principio attivo midazolam. Fa parte di una classe di farmaci noti come benzodiazepine. \u00c8 usato per trattare l'insonnia e per aiutare i pazienti a prepararsi per un intervento chirurgico. \u00c8 un ipnotico ad azione rapida con una breve emivita biologica, ed \u00e8 disponibile in due dosaggi (Dormicum 15mg e Dormicum 7.5mg). Le compresse hanno ridotto con successo il tempo di insorgenza del sonno in molti studi controllati e nel laboratorio del sonno. Ci\u00f2 significa che prendendo il giusto dosaggio di Dormicum per il sonno, \u00e8 possibile estendere il tempo di sonno senza compromettere il sonno REM. Di conseguenza, l'efficienza del sonno migliora.<\/p>\n<p>Puoi addormentarti entro 20 minuti dall'assunzione di Dormicum, e la durata del tuo sonno si regoler\u00e0 automaticamente per adattarsi ai tuoi modelli di sonno legati all'et\u00e0. Poich\u00e9 il Midazolam, il principio attivo di Dormicum, ha caratteristiche ansiolitiche, anticonvulsive, miorilassanti e sedative, non noterai alcun calo di prestazioni quando ti sveglierai.<\/p>\n<h3>Dormicum online<\/h3>\n<p>Comprare dormicum online |dormicum in vendita | dormicum , Midazolam \u00e8 un aiuto per il sonno con un rapido inizio di azione, una breve emivita nel corpo, e una somministrazione efficace, coerente e semplice. DORMICUM \u00e8 stato anche trovato in studi clinici e test di laboratorio per abbreviare l'inizio del sonno e prolungare la durata del sonno senza causare alterazioni quantitative nel sonno paradossale (REM). In genere, il tempo tra l'assunzione di Dormicum e l'addormentamento \u00e8 inferiore a 20 minuti, dopo di che il sonno ritorna normale. Il paziente si sente rinfrescato e riposato quando si sveglia.<br \/>\nIn secondo luogo, potete ordinare Midazolam (Dormicum) 15mg pillole online da noi; abbiamo Midazolam (Dormicum) 15mg pillole di alta qualit\u00e0. Senza prescrizione medica, compra Midazolam (Dormicum) 15mg online.<br \/>\nIl miglior sito online senza prescrizione vende Midazolam (Lorazepam) 15mg.<br \/>\n15mg Midazolam (Dormicum)<br \/>\nMidazolam (Dormicum) 15mg pillole di qualit\u00e0 superiore<br \/>\nConsegna in qualsiasi paese del mondo<br \/>\nImballaggio discreto<br \/>\nIl supporto \u00e8 disponibile 24\/7.<br \/>\nSoddisfazione del cliente 100% garantita<br \/>\nAcquista Midazolam online (Dormicum) 15 mg dal miglior sito online senza prescrizione medica.<\/p>\n<div>\n<div class=\"b_factrow\">Propofol<\/div>\n<\/div>\n<div>\n<div class=\"b_factrow\">Lorazepam<\/div>\n<\/div>\n<div>\n<div class=\"b_factrow\">Fentanyl<\/div>\n<\/div>\n<div>\n<div class=\"b_factrow\">Diazepam<\/div>\n<\/div>\n<div>\n<div class=\"b_factrow\">Ketamina<\/div>\n<div>\n<h3>Panoramica<\/h3>\n<p>Dormicum 15 mg \u00e8 un farmaco efficace per il trattamento a breve termine dell'insonnia grave e dell'ansia prima di interventi chirurgici. Deve essere usato sotto controllo medico a causa della sua potenza e dei potenziali effetti collaterali.<\/p>\n<p>Il maleato di midazolam si trova nelle compresse di Dormicum, mentre il midazolam HCl si trova nelle fiale.<br \/>\nCome eccipienti, ogni fiala contiene anche idrossido di sodio, acido cloridrico, cloruro di sodio e acqua per iniezione.<br \/>\nIl midazolam \u00e8 8-cloro-6-(2-fluorofenil)-1-metil-4H-imidazo[1,5-a][1,4] benzodiazepina.<\/p>\n<h3><strong>Segnali e usi <\/strong><\/h3>\n<p>Compressa: come aiuto temporaneo per dormire. Solo i disturbi gravi che rendono una persona disabile o in grave sofferenza dovrebbero essere trattati con benzodiazepine. Prima di un intervento chirurgico o di trattamenti diagnostici, la sedazione viene utilizzata come premedicazione.<br \/>\nAmpoule: Inducing conscious sedation, either with or without local anesthetic (IV injection), prior to diagnostic or therapeutic treatments.<br \/>\nPremedication prior to anesthetic induction (intranasal or rectal in youngsters).<br \/>\nInduzione e mantenimento dell'anestesia: come sedativo nell'anestesia mista, come l'anestesia endovenosa completa (iniezione endovenosa, infusione endovenosa), oppure come farmaco di induzione nell'anestesia inalatoria.<br \/>\nNei giovani, ataralgesia associata a ketamina (somministrazione IM).<br \/>\ntrattamento sedato prolungato in unit\u00e0 di terapia intensiva (somministrazione endovenosa come infusione continua o come iniezione in bolo).<\/p>\n<p>Per una fonte affidabile, valuta l'acquisto di Dormicum 15 mg su Buy-Prescriptionz.com. Offrono farmaci autentici con consegna rapida e un eccellente servizio clienti. Assicurati un trattamento sicuro ed efficace scegliendo la migliore farmacia come Buy-Prescriptionz.com.<\/p>\n<\/div>\n<\/div>\n<h2>Impieghi<\/h2>\n<p>Questo medicinale \u00e8 utilizzato come parte dei bambini prima di una metodologia o anestesia per causare sonnolenza, diminuire la tensione, e la distrazione motivo della chirurgia o metodo. Dovrebbe essere utilizzato mentre il bambino \u00e8 sotto la considerazione di un professionista del benessere. Il midazolam ha un posto con una classe di farmaci chiamati benzodiazepine, che elaborano un impatto calmante sul cervello e sui nervi (sistema sensoriale focale). Si pensa che funzioni espandendo l'impatto di un certo intruglio regolare (GABA) nel cervello. Questa pillola potrebbe anche essere utilizzata fugacemente per i problemi di sonno (ad esempio, difficolt\u00e0 di riposo, \"paura della notte\")<\/p>\n<p><strong>OFFRIAMO SERVIZI ALL'ESTERO SPEDIZIONE SICURA ALLA TUA PORTA!<\/strong><\/p>\n<p>Inoltre, \u00e8 possibile effettuare il pagamento tramite carta di credito e di debito.<br \/>\nEMS\/USPS Express Discreet Trackable Delivery in tutto il mondo Range.<br \/>\nCome si inviano i pacchi?<br \/>\nInoltre, imballiamo i pacchetti con cura con tungsteno e carte di carbonio per saltare attraverso le macchine a raggi X della dogana negli aeroporti.<br \/>\nInfine, \u00e8 possibile<\/p>\n<p>Acquistare Dormicum Online, \u00e8 possibile acquistare Dormicum 15mg online qui senza ritratto a tasso scadente. Siamo la migliore farmacia online USA solido.<\/p>\n<p>posso comprare midazolam<br \/>\ndormicum dove comprare<\/p>\n<h3>Per rilassarsi prima dell'operazione, prendere 15mg di Domicum Midazolam.<\/h3>\n<p><strong>Introduzione<\/strong>:<\/p>\n<p>Dormicum Midazolam 15mg \u00e8 un farmaco miorilassante e calmante usato nei bambini prima di una procedura o anestesia per promuovere la sonnolenza, ridurre l'ansia e rendere l'operazione o la procedura dimenticabile. \u00c8 un farmaco narcotico con caratteristiche amnesiche. Questo farmaco \u00e8 unico in questo gruppo perch\u00e9 i suoi effetti sono brevi e immediati. Questo farmaco unico pu\u00f2 essere usato in una variet\u00e0 di impostazioni biomediche, comprese le procedure mediche cardiovascolari, l'odontoiatria e i sistemi endoscopici. Deve essere usato mentre il giovane \u00e8 sotto la supervisione di un medico. Non \u00e8 destinato all'uso a casa o per un lungo periodo di tempo. Il midazolam appartiene alla classe dei farmaci benzodiazepinici, che hanno un effetto calmante sul cervello e sui nervi, noti anche come sistema nervoso centrale. Si ritiene che funzioni potenziando gli effetti di una sostanza chimica naturale nel cervello.<\/p>\n<p>&nbsp;<\/p>","protected":false},"excerpt":{"rendered":"<p><strong>Dormicum<\/strong>\u00a0(Midazolam) 7.5mg pillole\/tablet:\u00a0<strong>Dormicum<\/strong>\u00a0(Midazolam) Viene utilizzato prima di un intervento chirurgico o di alcune\u00a0<strong>medico<\/strong>\u00a0test per rendere sonnolenti, assonnati o rilassati. Appartiene a una classe di farmaci chiamati benzodiazepine. PREZZO\/TABELLA.\u00a0<strong>Dormicum<\/strong>\u00a0(Midazolam) 15 mg di quantit\u00e0.<\/p>","protected":false},"featured_media":3132,"comment_status":"open","ping_status":"closed","template":"","meta":{"site-sidebar-layout":"default","site-content-layout":"","ast-site-content-layout":"default","site-content-style":"default","site-sidebar-style":"default","ast-global-header-display":"","ast-banner-title-visibility":"","ast-main-header-display":"","ast-hfb-above-header-display":"","ast-hfb-below-header-display":"","ast-hfb-mobile-header-display":"","site-post-title":"","ast-breadcrumbs-content":"","ast-featured-img":"","footer-sml-layout":"","theme-transparent-header-meta":"default","adv-header-id-meta":"","stick-header-meta":"","header-above-stick-meta":"","header-main-stick-meta":"","header-below-stick-meta":"","astra-migrate-meta-layouts":"","ast-page-background-enabled":"default","ast-page-background-meta":{"desktop":{"background-color":"var(--ast-global-color-4)","background-image":"","background-repeat":"repeat","background-position":"center center","background-size":"auto","background-attachment":"scroll","background-type":"","background-media":"","overlay-type":"","overlay-color":"","overlay-opacity":"","overlay-gradient":""},"tablet":{"background-color":"","background-image":"","background-repeat":"repeat","background-position":"center center","background-size":"auto","background-attachment":"scroll","background-type":"","background-media":"","overlay-type":"","overlay-color":"","overlay-opacity":"","overlay-gradient":""},"mobile":{"background-color":"","background-image":"","background-repeat":"repeat","background-position":"center center","background-size":"auto","background-attachment":"scroll","background-type":"","background-media":"","overlay-type":"","overlay-color":"","overlay-opacity":"","overlay-gradient":""}},"ast-content-background-meta":{"desktop":{"background-color":"var(--ast-global-color-5)","background-image":"","background-repeat":"repeat","background-position":"center center","background-size":"auto","background-attachment":"scroll","background-type":"","background-media":"","overlay-type":"","overlay-color":"","overlay-opacity":"","overlay-gradient":""},"tablet":{"background-color":"var(--ast-global-color-5)","background-image":"","background-repeat":"repeat","background-position":"center center","background-size":"auto","background-attachment":"scroll","background-type":"","background-media":"","overlay-type":"","overlay-color":"","overlay-opacity":"","overlay-gradient":""},"mobile":{"background-color":"var(--ast-global-color-5)","background-image":"","background-repeat":"repeat","background-position":"center center","background-size":"auto","background-attachment":"scroll","background-type":"","background-media":"","overlay-type":"","overlay-color":"","overlay-opacity":"","overlay-gradient":""}}},"product_brand":[],"product_cat":[2385],"product_tag":[2313,1015,1016,1014,1009,1012,1011,1010,1013,1008,2314,2312,1007,1018,1017],"class_list":{"0":"post-3102","1":"product","2":"type-product","3":"status-publish","4":"has-post-thumbnail","6":"product_cat-buy-pain-killer-pills-online","7":"product_tag-buy-dormicum","8":"product_tag-buy-dormicum-in-canada","9":"product_tag-buy-dormicum-in-uk","10":"product_tag-buy-dormicum-in-usa","11":"product_tag-buy-dormicum-with-bitcoin","12":"product_tag-buy-dormicum-with-credit-card","13":"product_tag-buy-dormicum-with-money-gram","14":"product_tag-buy-dormicum-with-western-union","15":"product_tag-buy-dormicum-without-a-doctor","16":"product_tag-buy-dormicum-without-prescription","17":"product_tag-dormicum-15mg-price","18":"product_tag-dormicum-15mg-sleeping-tablets","19":"product_tag-dormicum-for-sale","20":"product_tag-dormicum-pills","21":"product_tag-dormicum-tablets","22":"desktop-align-center","23":"tablet-align-left","24":"mobile-align-left","26":"first","27":"instock","28":"shipping-taxable","29":"purchasable","30":"product-type-variable","31":"has-default-attributes"},"yoast_head":"<!-- This site is optimized with the Yoast SEO plugin v25.9 - https:\/\/yoast.com\/wordpress\/plugins\/seo\/ -->\n<title>Buy Dormicum Online - Dormicum for Sale<\/title>\n<meta name=\"description\" content=\"If you want to buy Dormicum online, then visit our online store buy-prescriptionz. We have high-quality products like Dormicum for sale. Place your order now!\" \/>\n<meta name=\"robots\" content=\"index, follow, max-snippet:-1, max-image-preview:large, max-video-preview:-1\" \/>\n<link rel=\"canonical\" href=\"https:\/\/buy-prescriptionz.com\/it\/prodotto\/acquista-dormicum-online\/\" \/>\n<meta property=\"og:locale\" content=\"it_IT\" \/>\n<meta property=\"og:type\" content=\"article\" \/>\n<meta property=\"og:title\" content=\"Buy Dormicum Online - Dormicum for Sale\" \/>\n<meta property=\"og:description\" content=\"If you want to buy Dormicum online, then visit our online store buy-prescriptionz. We have high-quality products like Dormicum for sale. Place your order now!\" \/>\n<meta property=\"og:url\" content=\"https:\/\/buy-prescriptionz.com\/it\/prodotto\/acquista-dormicum-online\/\" \/>\n<meta property=\"og:site_name\" content=\"Buy Prescriptionz\" \/>\n<meta property=\"article:modified_time\" content=\"2025-09-16T08:58:25+00:00\" \/>\n<meta property=\"og:image\" content=\"https:\/\/buy-prescriptionz.com\/wp-content\/uploads\/2025\/09\/dormicum.jpg\" \/>\n\t<meta property=\"og:image:width\" content=\"400\" \/>\n\t<meta property=\"og:image:height\" content=\"300\" \/>\n\t<meta property=\"og:image:type\" content=\"image\/jpeg\" \/>\n<meta name=\"twitter:card\" content=\"summary_large_image\" \/>\n<meta name=\"twitter:label1\" content=\"Tempo di lettura stimato\" \/>\n\t<meta name=\"twitter:data1\" content=\"5 minuti\" \/>\n<script type=\"application\/ld+json\" class=\"yoast-schema-graph\">{\"@context\":\"https:\/\/schema.org\",\"@graph\":[{\"@type\":\"WebPage\",\"@id\":\"https:\/\/buy-prescriptionz.com\/product\/buy-dormicum-online\/\",\"url\":\"https:\/\/buy-prescriptionz.com\/product\/buy-dormicum-online\/\",\"name\":\"Buy Dormicum Online - Dormicum for Sale\",\"isPartOf\":{\"@id\":\"https:\/\/buy-prescriptionz.com\/#website\"},\"primaryImageOfPage\":{\"@id\":\"https:\/\/buy-prescriptionz.com\/product\/buy-dormicum-online\/#primaryimage\"},\"image\":{\"@id\":\"https:\/\/buy-prescriptionz.com\/product\/buy-dormicum-online\/#primaryimage\"},\"thumbnailUrl\":\"https:\/\/buy-prescriptionz.com\/wp-content\/uploads\/2025\/09\/dormicum.jpg\",\"datePublished\":\"2025-09-16T08:56:24+00:00\",\"dateModified\":\"2025-09-16T08:58:25+00:00\",\"description\":\"If you want to buy Dormicum online, then visit our online store buy-prescriptionz. We have high-quality products like Dormicum for sale. Place your order now!\",\"breadcrumb\":{\"@id\":\"https:\/\/buy-prescriptionz.com\/product\/buy-dormicum-online\/#breadcrumb\"},\"inLanguage\":\"it-IT\",\"potentialAction\":[{\"@type\":\"ReadAction\",\"target\":[\"https:\/\/buy-prescriptionz.com\/product\/buy-dormicum-online\/\"]}]},{\"@type\":\"ImageObject\",\"inLanguage\":\"it-IT\",\"@id\":\"https:\/\/buy-prescriptionz.com\/product\/buy-dormicum-online\/#primaryimage\",\"url\":\"https:\/\/buy-prescriptionz.com\/wp-content\/uploads\/2025\/09\/dormicum.jpg\",\"contentUrl\":\"https:\/\/buy-prescriptionz.com\/wp-content\/uploads\/2025\/09\/dormicum.jpg\",\"width\":400,\"height\":300},{\"@type\":\"BreadcrumbList\",\"@id\":\"https:\/\/buy-prescriptionz.com\/product\/buy-dormicum-online\/#breadcrumb\",\"itemListElement\":[{\"@type\":\"ListItem\",\"position\":1,\"name\":\"Home\",\"item\":\"https:\/\/buy-prescriptionz.com\/\"},{\"@type\":\"ListItem\",\"position\":2,\"name\":\"Shop Painkillers Online\",\"item\":\"https:\/\/buy-prescriptionz.com\/shop-painkillers-online\/\"},{\"@type\":\"ListItem\",\"position\":3,\"name\":\"Buy Dormicum Online\"}]},{\"@type\":\"WebSite\",\"@id\":\"https:\/\/buy-prescriptionz.com\/#website\",\"url\":\"https:\/\/buy-prescriptionz.com\/\",\"name\":\"Buy Prescriptionz\",\"description\":\"Drugs Online\",\"publisher\":{\"@id\":\"https:\/\/buy-prescriptionz.com\/#organization\"},\"potentialAction\":[{\"@type\":\"SearchAction\",\"target\":{\"@type\":\"EntryPoint\",\"urlTemplate\":\"https:\/\/buy-prescriptionz.com\/?s={search_term_string}\"},\"query-input\":{\"@type\":\"PropertyValueSpecification\",\"valueRequired\":true,\"valueName\":\"search_term_string\"}}],\"inLanguage\":\"it-IT\"},{\"@type\":\"Organization\",\"@id\":\"https:\/\/buy-prescriptionz.com\/#organization\",\"name\":\"Buy Prescriptionz\",\"url\":\"https:\/\/buy-prescriptionz.com\/\",\"logo\":{\"@type\":\"ImageObject\",\"inLanguage\":\"it-IT\",\"@id\":\"https:\/\/buy-prescriptionz.com\/#\/schema\/logo\/image\/\",\"url\":\"https:\/\/buy-prescriptionz.com\/wp-content\/uploads\/2023\/09\/logo.png\",\"contentUrl\":\"https:\/\/buy-prescriptionz.com\/wp-content\/uploads\/2023\/09\/logo.png\",\"width\":350,\"height\":64,\"caption\":\"Buy Prescriptionz\"},\"image\":{\"@id\":\"https:\/\/buy-prescriptionz.com\/#\/schema\/logo\/image\/\"}}]}<\/script>\n<!-- \/ Yoast SEO plugin. -->","yoast_head_json":{"title":"Acquista Dormicum online - Dormicum in vendita","description":"Se desideri acquistare Dormicum online, visita il nostro negozio online buy-prescriptionz. Abbiamo prodotti di alta qualit\u00e0 come Dormicum in vendita. Effettua subito il tuo ordine!","robots":{"index":"index","follow":"follow","max-snippet":"max-snippet:-1","max-image-preview":"max-image-preview:large","max-video-preview":"max-video-preview:-1"},"canonical":"https:\/\/buy-prescriptionz.com\/it\/prodotto\/acquista-dormicum-online\/","og_locale":"it_IT","og_type":"article","og_title":"Buy Dormicum Online - Dormicum for Sale","og_description":"If you want to buy Dormicum online, then visit our online store buy-prescriptionz. We have high-quality products like Dormicum for sale. Place your order now!","og_url":"https:\/\/buy-prescriptionz.com\/it\/prodotto\/acquista-dormicum-online\/","og_site_name":"Buy Prescriptionz","article_modified_time":"2025-09-16T08:58:25+00:00","og_image":[{"width":400,"height":300,"url":"https:\/\/buy-prescriptionz.com\/wp-content\/uploads\/2025\/09\/dormicum.jpg","type":"image\/jpeg"}],"twitter_card":"summary_large_image","twitter_misc":{"Tempo di lettura stimato":"5 minuti"},"schema":{"@context":"https:\/\/schema.org","@graph":[{"@type":"WebPage","@id":"https:\/\/buy-prescriptionz.com\/product\/buy-dormicum-online\/","url":"https:\/\/buy-prescriptionz.com\/product\/buy-dormicum-online\/","name":"Acquista Dormicum online - Dormicum in vendita","isPartOf":{"@id":"https:\/\/buy-prescriptionz.com\/#website"},"primaryImageOfPage":{"@id":"https:\/\/buy-prescriptionz.com\/product\/buy-dormicum-online\/#primaryimage"},"image":{"@id":"https:\/\/buy-prescriptionz.com\/product\/buy-dormicum-online\/#primaryimage"},"thumbnailUrl":"https:\/\/buy-prescriptionz.com\/wp-content\/uploads\/2025\/09\/dormicum.jpg","datePublished":"2025-09-16T08:56:24+00:00","dateModified":"2025-09-16T08:58:25+00:00","description":"Se desideri acquistare Dormicum online, visita il nostro negozio online buy-prescriptionz. Abbiamo prodotti di alta qualit\u00e0 come Dormicum in vendita. Effettua subito il tuo ordine!","breadcrumb":{"@id":"https:\/\/buy-prescriptionz.com\/product\/buy-dormicum-online\/#breadcrumb"},"inLanguage":"it-IT","potentialAction":[{"@type":"ReadAction","target":["https:\/\/buy-prescriptionz.com\/product\/buy-dormicum-online\/"]}]},{"@type":"ImageObject","inLanguage":"it-IT","@id":"https:\/\/buy-prescriptionz.com\/product\/buy-dormicum-online\/#primaryimage","url":"https:\/\/buy-prescriptionz.com\/wp-content\/uploads\/2025\/09\/dormicum.jpg","contentUrl":"https:\/\/buy-prescriptionz.com\/wp-content\/uploads\/2025\/09\/dormicum.jpg","width":400,"height":300},{"@type":"BreadcrumbList","@id":"https:\/\/buy-prescriptionz.com\/product\/buy-dormicum-online\/#breadcrumb","itemListElement":[{"@type":"ListItem","position":1,"name":"Home","item":"https:\/\/buy-prescriptionz.com\/"},{"@type":"ListItem","position":2,"name":"Shop Painkillers Online","item":"https:\/\/buy-prescriptionz.com\/shop-painkillers-online\/"},{"@type":"ListItem","position":3,"name":"Buy Dormicum Online"}]},{"@type":"WebSite","@id":"https:\/\/buy-prescriptionz.com\/#website","url":"https:\/\/buy-prescriptionz.com\/","name":"Buy Prescriptionz","description":"Farmaci online","publisher":{"@id":"https:\/\/buy-prescriptionz.com\/#organization"},"potentialAction":[{"@type":"SearchAction","target":{"@type":"EntryPoint","urlTemplate":"https:\/\/buy-prescriptionz.com\/?s={search_term_string}"},"query-input":{"@type":"PropertyValueSpecification","valueRequired":true,"valueName":"search_term_string"}}],"inLanguage":"it-IT"},{"@type":"Organization","@id":"https:\/\/buy-prescriptionz.com\/#organization","name":"Buy Prescriptionz","url":"https:\/\/buy-prescriptionz.com\/","logo":{"@type":"ImageObject","inLanguage":"it-IT","@id":"https:\/\/buy-prescriptionz.com\/#\/schema\/logo\/image\/","url":"https:\/\/buy-prescriptionz.com\/wp-content\/uploads\/2023\/09\/logo.png","contentUrl":"https:\/\/buy-prescriptionz.com\/wp-content\/uploads\/2023\/09\/logo.png","width":350,"height":64,"caption":"Buy Prescriptionz"},"image":{"@id":"https:\/\/buy-prescriptionz.com\/#\/schema\/logo\/image\/"}}]}},"_links":{"self":[{"href":"https:\/\/buy-prescriptionz.com\/it\/wp-json\/wp\/v2\/product\/3102","targetHints":{"allow":["GET"]}}],"collection":[{"href":"https:\/\/buy-prescriptionz.com\/it\/wp-json\/wp\/v2\/product"}],"about":[{"href":"https:\/\/buy-prescriptionz.com\/it\/wp-json\/wp\/v2\/types\/product"}],"replies":[{"embeddable":true,"href":"https:\/\/buy-prescriptionz.com\/it\/wp-json\/wp\/v2\/comments?post=3102"}],"wp:featuredmedia":[{"embeddable":true,"href":"https:\/\/buy-prescriptionz.com\/it\/wp-json\/wp\/v2\/media\/3132"}],"wp:attachment":[{"href":"https:\/\/buy-prescriptionz.com\/it\/wp-json\/wp\/v2\/media?parent=3102"}],"wp:term":[{"taxonomy":"product_brand","embeddable":true,"href":"https:\/\/buy-prescriptionz.com\/it\/wp-json\/wp\/v2\/product_brand?post=3102"},{"taxonomy":"product_cat","embeddable":true,"href":"https:\/\/buy-prescriptionz.com\/it\/wp-json\/wp\/v2\/product_cat?post=3102"},{"taxonomy":"product_tag","embeddable":true,"href":"https:\/\/buy-prescriptionz.com\/it\/wp-json\/wp\/v2\/product_tag?post=3102"}],"curies":[{"name":"wp","href":"https:\/\/api.w.org\/{rel}","templated":true}]}}