{"id":3103,"date":"2025-09-16T08:56:25","date_gmt":"2025-09-16T08:56:25","guid":{"rendered":"https:\/\/chemsfine.com\/newsite\/?post_type=product&#038;p=3103"},"modified":"2025-09-21T07:00:54","modified_gmt":"2025-09-21T07:00:54","slug":"acquista-demerol-online","status":"publish","type":"product","link":"https:\/\/buy-prescriptionz.com\/it\/prodotto\/acquista-demerol-online\/","title":{"rendered":"Comprare Demerol online"},"content":{"rendered":"<h2>Acquistare Demerol online<\/h2>\n<p>Comprare Demerol online Comprare Demerol online La petidina, conosciuta anche come meperidina e venduta con il marchio Demerol tra gli altri, \u00e8 un farmaco sintetico oppioide del dolore della classe fenilpiperidina. Sintetizzato nel 1939 come un potenziale agente anticolinergico dal chimico tedesco Otto Eisleb, le sue propriet\u00e0 analgesiche sono state riconosciute per la prima volta da Otto Schaumann mentre lavorava ...<\/p>\n<h3><strong>Comprendere i benefici del Demerol per il sollievo dal dolore<\/strong><\/h3>\n<p>Il Demerol, noto anche con il nome generico di meperidina, \u00e8 un farmaco da prescrizione utilizzato per alleviare il dolore da moderato a grave. Fa parte di una classe di farmaci chiamati oppioidi, che agiscono alterando il modo in cui il cervello e il sistema nervoso rispondono al dolore. Sebbene il Demerol migliore sia pi\u00f9 efficace rispetto ad altri antidolorifici, offre comunque alcuni notevoli benefici se usato in modo appropriato.<\/p>\n<h3><strong>Benefici del Demerol<\/strong><\/h3>\n<p>Il Demerol, noto anche come meperidina, \u00e8 un potente antidolorifico spesso utilizzato per trattare il dolore da moderato a grave. Ecco alcuni dei suoi principali benefici:<\/p>\n<h4>Sollievo rapido dal dolore<\/h4>\n<ul>\n<li>Azione rapida: Demerol agisce rapidamente per ridurre il dolore, rendendolo utile in caso di emergenza o dopo un intervento chirurgico.<\/li>\n<li>Efficace: \u00e8 potente e riesce a gestire il dolore che altri farmaci non riescono ad alleviare.<\/li>\n<\/ul>\n<h4>Utilizzo versatile<\/h4>\n<ul>\n<li>Diverse forme: puoi assumere Demerol sotto forma di pillola, liquido o iniezione, a seconda di ci\u00f2 che ti prescrive il medico e di ci\u00f2 che funziona meglio per te.<\/li>\n<li>Uso ospedaliero: la forma iniettabile \u00e8 particolarmente utile negli ospedali in cui \u00e8 necessario un rapido sollievo dal dolore.<\/li>\n<\/ul>\n<h4>Adatto ad alcuni pazienti<\/h4>\n<ul>\n<li>Opzione alternativa: se sei allergico ad altri antidolorifici, Demerol potrebbe essere una buona alternativa.<\/li>\n<li>Uso a breve termine: poich\u00e9 agisce rapidamente e non dura a lungo, viene spesso utilizzato per la gestione del dolore a breve termine, riducendo il rischio di dipendenza.<\/li>\n<\/ul>\n<h4>Aiuta in chirurgia<\/h4>\n<ul>\n<li>Ausilio per l'anestesia: Demerol pu\u00f2 essere utilizzato durante l'intervento chirurgico per aiutare a gestire il dolore e a far sentire a proprio agio i pazienti.<\/li>\n<\/ul>\n<p>Demerol rimane un'opzione preziosa per la gestione del dolore acuto grazie alla sua efficacia e alla rapida insorgenza. La sua versatilit\u00e0 di somministrazione e l'idoneit\u00e0 per alcune popolazioni di pazienti ne evidenziano i benefici. Tuttavia, deve essere usato con cautela a causa del suo potenziale di effetti collaterali, dipendenza e interazioni. Consultare sempre un medico prima di utilizzare Demerol per assicurarsi che sia la scelta giusta per le proprie esigenze di gestione del dolore.<\/p>\n<p>Fidati di buy-prescriptionz.com<\/p>\n<p>Per una fonte affidabile da cui acquistare Demerol online, visita la migliore farmacia <a href=\"https:\/\/buy-prescriptionz.com\/it\/\">buy-prescriptionz.com<\/a>Offrono farmaci autentici, transazioni sicure e spedizioni rapide per garantirti di ottenere rapidamente il sollievo dal dolore di cui hai bisogno.<\/p>\n<h3>INFORMAZIONI ESSENZIALI SUL DEMEROL<\/h3>\n<p>Il demerol crea una forte dipendenza ed \u00e8 assolutamente vietato assumerlo in caso di asma o respirazione estrema. Inoltre, non si deve utilizzare la meperidina quando si \u00e8 fatto uso di inibitori MAO nei 14 giorni precedenti, come iscarboxazide, blu di metilene, tranilcipromina e cos\u00ec via. Il farmaco pu\u00f2 rallentare o interrompere la procedura di respirazione. Non utilizzare mai questa prescrizione con gli alcolici perch\u00e9 pu\u00f2 bloccare completamente il processo di respirazione interna ed esterna. Esistono alcuni farmaci che possono interfacciarsi con la prescrizione e causare una vera e propria condizione di benessere nota come disturbo della serotonina. Assicuratevi che il vostro specialista sappia se durante l'assunzione di questo farmaco state sperimentando malattie psicologiche, dolori cerebrali da cefalea, disturbi del Parkinson e cos\u00ec via.<\/p>\n<p>Alcune prescrizioni possono collegarsi alla meperidina e causare un vero e proprio disturbo della serotonina. Assicuratevi che il vostro specialista o medico sia a conoscenza di qualsiasi assunzione aggiuntiva di farmaci stimolanti, articoli naturali o farmaci per la malinconia, l'instabilit\u00e0 psicologica, il Parkinson, i dolori cerebrali da cefalea, le malattie vere e proprie o l'azione controproducente della malattia e della depressione. Chiedete al vostro specialista prima di modificare le modalit\u00e0 o i tempi di assunzione delle vostre prescrizioni.<\/p>\n<h3><strong>Comprendere i benefici del Demerol per il sollievo dal dolore<\/strong><\/h3>\n<p>Il Demerol, noto anche con il nome generico di meperidina, \u00e8 un farmaco da prescrizione utilizzato per alleviare il dolore da moderato a grave. Fa parte di una classe di farmaci chiamati oppioidi, che agiscono alterando il modo in cui il cervello e il sistema nervoso rispondono al dolore. Sebbene il Demerol migliore sia pi\u00f9 efficace rispetto ad altri antidolorifici, offre comunque alcuni notevoli benefici se usato in modo appropriato.<\/p>\n<h3>COME USARE IL DEMEROL<\/h3>\n<p>Assumere il farmaco esattamente come indicato dal medico. Attenersi a tutte le indicazioni fornite dal medico o leggere frequentemente la guida al farmaco fornita dal medico prima dell'uso. La meperidina \u00e8 nota per provocare respiro corto o difficoltoso e talvolta crisi respiratorie complete. Cercate di non assumere Demerol per un periodo di tempo superiore a quello raccomandato e, in particolare, evitate di assumere una dose superiore a quella prescritta. Informare tempestivamente lo specialista se il farmaco smette di funzionare o di alleviare il dolore. Si tratta di un farmaco che modella la propensione e quindi va assunto soprattutto sotto la guida di uno specialista terapeutico riconosciuto.<\/p>\n<p>F\u00fcggetlen\u00fcl att\u00f3l, hogy megv\u00e1s\u00e1rolja online hagyom\u00e1nyos Demerol eladott neve Meperidin vagy v\u00e1s\u00e1rl\u00e1s jel\u00f6lt Demerol kapsz megk\u00fcl\u00f6nb\u00f6ztethetetlen eredm\u00e9nyeket t\u0151l\u00fck k\u00e9t tartalmaznak hasonl\u00f3 dinamikus r\u00f6gz\u00edt\u0151anyagok. Mint aj\u00e1nlott, nagyon tan\u00e1csos, hogy csak a megfelel\u0151 receptet, hogy elker\u00fclj\u00e9k a nem biztons\u00e1gos hat\u00e1sait a gy\u00f3gyszert. Nagyon tan\u00e1csos elker\u00fclni a vezet\u00e9st a Demerol szed\u00e9se ut\u00e1n, mert gyakori sz\u00e9d\u00fcl\u00e9s, h\u00e1nyinger \u00e9s m\u00e1s kapcsol\u00f3d\u00f3 mell\u00e9khat\u00e1sok, amelyek megakad\u00e1lyozhatj\u00e1k a z\u00f6kken\u0151mentes vagy teljes akt\u00edv vezet\u00e9st.<\/p>\n<h3>Benefici del Demerol<\/h3>\n<p>Il Demerol, noto anche come meperidina, \u00e8 un potente antidolorifico spesso utilizzato per trattare il dolore da moderato a grave. Ecco alcuni dei suoi principali benefici:<\/p>\n<h4>Sollievo rapido dal dolore<\/h4>\n<ul>\n<li>Azione rapida: Demerol agisce rapidamente per ridurre il dolore, rendendolo utile in caso di emergenza o dopo un intervento chirurgico.<\/li>\n<li>Efficace: \u00e8 potente e riesce a gestire il dolore che altri farmaci non riescono ad alleviare.<\/li>\n<\/ul>\n<h4>Utilizzo versatile<\/h4>\n<ul>\n<li>Diverse forme: puoi assumere Demerol sotto forma di pillola, liquido o iniezione, a seconda di ci\u00f2 che ti prescrive il medico e di ci\u00f2 che funziona meglio per te.<\/li>\n<li>Uso ospedaliero: la forma iniettabile \u00e8 particolarmente utile negli ospedali in cui \u00e8 necessario un rapido sollievo dal dolore.<\/li>\n<\/ul>\n<h4>Adatto ad alcuni pazienti<\/h4>\n<ul>\n<li>Opzione alternativa: se sei allergico ad altri antidolorifici, Demerol potrebbe essere una buona alternativa.<\/li>\n<li>Uso a breve termine: poich\u00e9 agisce rapidamente e non dura a lungo, viene spesso utilizzato per la gestione del dolore a breve termine, riducendo il rischio di dipendenza.<\/li>\n<\/ul>\n<h4>Aiuta in chirurgia<\/h4>\n<ul>\n<li>Ausilio per l'anestesia: Demerol pu\u00f2 essere utilizzato durante l'intervento chirurgico per aiutare a gestire il dolore e a far sentire a proprio agio i pazienti.<\/li>\n<\/ul>\n<p>Demerol rimane un'opzione preziosa per la gestione del dolore acuto grazie alla sua efficacia e alla rapida insorgenza. La sua versatilit\u00e0 di somministrazione e l'idoneit\u00e0 per alcune popolazioni di pazienti ne evidenziano i benefici. Tuttavia, deve essere usato con cautela a causa del suo potenziale di effetti collaterali, dipendenza e interazioni. Consultare sempre un medico prima di utilizzare Demerol per assicurarsi che sia la scelta giusta per le proprie esigenze di gestione del dolore.<\/p>\n<p>Trust Buy-Prescriptionz.com<\/p>\n<p>Per una fonte affidabile da cui acquistare Demerol online, visita la migliore farmacia <a href=\"https:\/\/buy-prescriptionz.com\/it\/\">Buy-Prescriptionz.com<\/a>Offrono farmaci autentici, transazioni sicure e spedizioni rapide per garantirti di ottenere rapidamente il sollievo dal dolore di cui hai bisogno.<\/p>\n<p>&nbsp;<\/p>\n<p>&nbsp;<\/p>","protected":false},"excerpt":{"rendered":"<p>Buy Demerol online Buy Demerol Online Pethidine, also known as meperidine and sold under the brand name Demerol among others, is a synthetic opioid pain medication of the phenylpiperidine class. Synthesized in 1939 as a potential anticholinergic agent by the German chemist Otto Eisleb, its analgesic properties were first recognized by Otto Schaumann while working [&hellip;]<\/p>","protected":false},"featured_media":3133,"comment_status":"open","ping_status":"closed","template":"","meta":{"site-sidebar-layout":"default","site-content-layout":"","ast-site-content-layout":"default","site-content-style":"default","site-sidebar-style":"default","ast-global-header-display":"","ast-banner-title-visibility":"","ast-main-header-display":"","ast-hfb-above-header-display":"","ast-hfb-below-header-display":"","ast-hfb-mobile-header-display":"","site-post-title":"","ast-breadcrumbs-content":"","ast-featured-img":"","footer-sml-layout":"","theme-transparent-header-meta":"default","adv-header-id-meta":"","stick-header-meta":"","header-above-stick-meta":"","header-main-stick-meta":"","header-below-stick-meta":"","astra-migrate-meta-layouts":"set","ast-page-background-enabled":"default","ast-page-background-meta":{"desktop":{"background-color":"var(--ast-global-color-4)","background-image":"","background-repeat":"repeat","background-position":"center center","background-size":"auto","background-attachment":"scroll","background-type":"","background-media":"","overlay-type":"","overlay-color":"","overlay-opacity":"","overlay-gradient":""},"tablet":{"background-color":"","background-image":"","background-repeat":"repeat","background-position":"center center","background-size":"auto","background-attachment":"scroll","background-type":"","background-media":"","overlay-type":"","overlay-color":"","overlay-opacity":"","overlay-gradient":""},"mobile":{"background-color":"","background-image":"","background-repeat":"repeat","background-position":"center center","background-size":"auto","background-attachment":"scroll","background-type":"","background-media":"","overlay-type":"","overlay-color":"","overlay-opacity":"","overlay-gradient":""}},"ast-content-background-meta":{"desktop":{"background-color":"var(--ast-global-color-5)","background-image":"","background-repeat":"repeat","background-position":"center center","background-size":"auto","background-attachment":"scroll","background-type":"","background-media":"","overlay-type":"","overlay-color":"","overlay-opacity":"","overlay-gradient":""},"tablet":{"background-color":"var(--ast-global-color-5)","background-image":"","background-repeat":"repeat","background-position":"center center","background-size":"auto","background-attachment":"scroll","background-type":"","background-media":"","overlay-type":"","overlay-color":"","overlay-opacity":"","overlay-gradient":""},"mobile":{"background-color":"var(--ast-global-color-5)","background-image":"","background-repeat":"repeat","background-position":"center center","background-size":"auto","background-attachment":"scroll","background-type":"","background-media":"","overlay-type":"","overlay-color":"","overlay-opacity":"","overlay-gradient":""}}},"product_brand":[],"product_cat":[2385],"product_tag":[1004,1005,1003,998,1001,1000,999,1002,997,996,1006],"class_list":{"0":"post-3103","1":"product","2":"type-product","3":"status-publish","4":"has-post-thumbnail","6":"product_cat-buy-pain-killer-pills-online","7":"product_tag-buy-demerol-in-canada","8":"product_tag-buy-demerol-in-uk","9":"product_tag-buy-demerol-in-usa","10":"product_tag-buy-demerol-with-bitcoin","11":"product_tag-buy-demerol-with-credit-card","12":"product_tag-buy-demerol-with-money-gram","13":"product_tag-buy-demerol-with-western-union","14":"product_tag-buy-demerol-without-a-doctor","15":"product_tag-buy-demerol-without-prescription","16":"product_tag-demerol-for-sale","17":"product_tag-demerol-injection","18":"desktop-align-center","19":"tablet-align-left","20":"mobile-align-left","22":"first","23":"instock","24":"shipping-taxable","25":"purchasable","26":"product-type-variable","27":"has-default-attributes"},"yoast_head":"<!-- This site is optimized with the Yoast SEO plugin v25.9 - https:\/\/yoast.com\/wordpress\/plugins\/seo\/ -->\n<title>Buy Demerol Online USA - Buy Demerol Online for Sale - Buy Prescriptionz<\/title>\n<meta name=\"description\" content=\"Buyprescriptionz.com is an online pharmacy store where you can Buy Demerol Online at best price without doctor&#039;s prescription. Buy Demerol Online Now with Free &amp; Secure Shipping!\" \/>\n<meta name=\"robots\" content=\"index, follow, max-snippet:-1, max-image-preview:large, max-video-preview:-1\" \/>\n<link rel=\"canonical\" href=\"https:\/\/buy-prescriptionz.com\/it\/prodotto\/acquista-demerol-online\/\" \/>\n<meta property=\"og:locale\" content=\"it_IT\" \/>\n<meta property=\"og:type\" content=\"article\" \/>\n<meta property=\"og:title\" content=\"Buy Demerol Online USA - Buy Demerol Online for Sale - Buy Prescriptionz\" \/>\n<meta property=\"og:description\" content=\"Buyprescriptionz.com is an online pharmacy store where you can Buy Demerol Online at best price without doctor&#039;s prescription. Buy Demerol Online Now with Free &amp; Secure Shipping!\" \/>\n<meta property=\"og:url\" content=\"https:\/\/buy-prescriptionz.com\/it\/prodotto\/acquista-demerol-online\/\" \/>\n<meta property=\"og:site_name\" content=\"Buy Prescriptionz\" \/>\n<meta property=\"article:modified_time\" content=\"2025-09-21T07:00:54+00:00\" \/>\n<meta property=\"og:image\" content=\"https:\/\/buy-prescriptionz.com\/wp-content\/uploads\/2025\/09\/demerol.jpg\" \/>\n\t<meta property=\"og:image:width\" content=\"400\" \/>\n\t<meta property=\"og:image:height\" content=\"300\" \/>\n\t<meta property=\"og:image:type\" content=\"image\/jpeg\" \/>\n<meta name=\"twitter:card\" content=\"summary_large_image\" \/>\n<meta name=\"twitter:label1\" content=\"Tempo di lettura stimato\" \/>\n\t<meta name=\"twitter:data1\" content=\"6 minuti\" \/>\n<script type=\"application\/ld+json\" class=\"yoast-schema-graph\">{\"@context\":\"https:\/\/schema.org\",\"@graph\":[{\"@type\":\"WebPage\",\"@id\":\"https:\/\/buy-prescriptionz.com\/cs\/produkt\/koupit-demerol-online\/\",\"url\":\"https:\/\/buy-prescriptionz.com\/cs\/produkt\/koupit-demerol-online\/\",\"name\":\"Buy Demerol Online USA - Buy Demerol Online for Sale - Buy Prescriptionz\",\"isPartOf\":{\"@id\":\"https:\/\/buy-prescriptionz.com\/#website\"},\"primaryImageOfPage\":{\"@id\":\"https:\/\/buy-prescriptionz.com\/cs\/produkt\/koupit-demerol-online\/#primaryimage\"},\"image\":{\"@id\":\"https:\/\/buy-prescriptionz.com\/cs\/produkt\/koupit-demerol-online\/#primaryimage\"},\"thumbnailUrl\":\"https:\/\/buy-prescriptionz.com\/wp-content\/uploads\/2025\/09\/demerol.jpg\",\"datePublished\":\"2025-09-16T08:56:25+00:00\",\"dateModified\":\"2025-09-21T07:00:54+00:00\",\"description\":\"Buyprescriptionz.com is an online pharmacy store where you can Buy Demerol Online at best price without doctor's prescription. Buy Demerol Online Now with Free & Secure Shipping!\",\"breadcrumb\":{\"@id\":\"https:\/\/buy-prescriptionz.com\/cs\/produkt\/koupit-demerol-online\/#breadcrumb\"},\"inLanguage\":\"it-IT\",\"potentialAction\":[{\"@type\":\"ReadAction\",\"target\":[\"https:\/\/buy-prescriptionz.com\/cs\/produkt\/koupit-demerol-online\/\"]}]},{\"@type\":\"ImageObject\",\"inLanguage\":\"it-IT\",\"@id\":\"https:\/\/buy-prescriptionz.com\/cs\/produkt\/koupit-demerol-online\/#primaryimage\",\"url\":\"https:\/\/buy-prescriptionz.com\/wp-content\/uploads\/2025\/09\/demerol.jpg\",\"contentUrl\":\"https:\/\/buy-prescriptionz.com\/wp-content\/uploads\/2025\/09\/demerol.jpg\",\"width\":400,\"height\":300},{\"@type\":\"BreadcrumbList\",\"@id\":\"https:\/\/buy-prescriptionz.com\/cs\/produkt\/koupit-demerol-online\/#breadcrumb\",\"itemListElement\":[{\"@type\":\"ListItem\",\"position\":1,\"name\":\"Home\",\"item\":\"https:\/\/buy-prescriptionz.com\/\"},{\"@type\":\"ListItem\",\"position\":2,\"name\":\"Shop Painkillers Online\",\"item\":\"https:\/\/buy-prescriptionz.com\/shop-painkillers-online\/\"},{\"@type\":\"ListItem\",\"position\":3,\"name\":\"Buy Demerol Online\"}]},{\"@type\":\"WebSite\",\"@id\":\"https:\/\/buy-prescriptionz.com\/#website\",\"url\":\"https:\/\/buy-prescriptionz.com\/\",\"name\":\"Buy Prescriptionz\",\"description\":\"Drugs Online\",\"publisher\":{\"@id\":\"https:\/\/buy-prescriptionz.com\/#organization\"},\"potentialAction\":[{\"@type\":\"SearchAction\",\"target\":{\"@type\":\"EntryPoint\",\"urlTemplate\":\"https:\/\/buy-prescriptionz.com\/?s={search_term_string}\"},\"query-input\":{\"@type\":\"PropertyValueSpecification\",\"valueRequired\":true,\"valueName\":\"search_term_string\"}}],\"inLanguage\":\"it-IT\"},{\"@type\":\"Organization\",\"@id\":\"https:\/\/buy-prescriptionz.com\/#organization\",\"name\":\"Buy Prescriptionz\",\"url\":\"https:\/\/buy-prescriptionz.com\/\",\"logo\":{\"@type\":\"ImageObject\",\"inLanguage\":\"it-IT\",\"@id\":\"https:\/\/buy-prescriptionz.com\/#\/schema\/logo\/image\/\",\"url\":\"https:\/\/buy-prescriptionz.com\/wp-content\/uploads\/2023\/09\/logo.png\",\"contentUrl\":\"https:\/\/buy-prescriptionz.com\/wp-content\/uploads\/2023\/09\/logo.png\",\"width\":350,\"height\":64,\"caption\":\"Buy Prescriptionz\"},\"image\":{\"@id\":\"https:\/\/buy-prescriptionz.com\/#\/schema\/logo\/image\/\"}}]}<\/script>\n<!-- \/ Yoast SEO plugin. -->","yoast_head_json":{"title":"Acquista Demerol online negli Stati Uniti - Acquista Demerol online in vendita - Acquista prescrizioni","description":"Buyprescriptionz.com is an online pharmacy store where you can Buy Demerol Online at best price without doctor's prescription. Buy Demerol Online Now with Free & Secure Shipping!","robots":{"index":"index","follow":"follow","max-snippet":"max-snippet:-1","max-image-preview":"max-image-preview:large","max-video-preview":"max-video-preview:-1"},"canonical":"https:\/\/buy-prescriptionz.com\/it\/prodotto\/acquista-demerol-online\/","og_locale":"it_IT","og_type":"article","og_title":"Buy Demerol Online USA - Buy Demerol Online for Sale - Buy Prescriptionz","og_description":"Buyprescriptionz.com is an online pharmacy store where you can Buy Demerol Online at best price without doctor's prescription. Buy Demerol Online Now with Free & Secure Shipping!","og_url":"https:\/\/buy-prescriptionz.com\/it\/prodotto\/acquista-demerol-online\/","og_site_name":"Buy Prescriptionz","article_modified_time":"2025-09-21T07:00:54+00:00","og_image":[{"width":400,"height":300,"url":"https:\/\/buy-prescriptionz.com\/wp-content\/uploads\/2025\/09\/demerol.jpg","type":"image\/jpeg"}],"twitter_card":"summary_large_image","twitter_misc":{"Tempo di lettura stimato":"6 minuti"},"schema":{"@context":"https:\/\/schema.org","@graph":[{"@type":"WebPage","@id":"https:\/\/buy-prescriptionz.com\/cs\/produkt\/koupit-demerol-online\/","url":"https:\/\/buy-prescriptionz.com\/cs\/produkt\/koupit-demerol-online\/","name":"Acquista Demerol online negli Stati Uniti - Acquista Demerol online in vendita - Acquista prescrizioni","isPartOf":{"@id":"https:\/\/buy-prescriptionz.com\/#website"},"primaryImageOfPage":{"@id":"https:\/\/buy-prescriptionz.com\/cs\/produkt\/koupit-demerol-online\/#primaryimage"},"image":{"@id":"https:\/\/buy-prescriptionz.com\/cs\/produkt\/koupit-demerol-online\/#primaryimage"},"thumbnailUrl":"https:\/\/buy-prescriptionz.com\/wp-content\/uploads\/2025\/09\/demerol.jpg","datePublished":"2025-09-16T08:56:25+00:00","dateModified":"2025-09-21T07:00:54+00:00","description":"Buyprescriptionz.com is an online pharmacy store where you can Buy Demerol Online at best price without doctor's prescription. Buy Demerol Online Now with Free & Secure Shipping!","breadcrumb":{"@id":"https:\/\/buy-prescriptionz.com\/cs\/produkt\/koupit-demerol-online\/#breadcrumb"},"inLanguage":"it-IT","potentialAction":[{"@type":"ReadAction","target":["https:\/\/buy-prescriptionz.com\/cs\/produkt\/koupit-demerol-online\/"]}]},{"@type":"ImageObject","inLanguage":"it-IT","@id":"https:\/\/buy-prescriptionz.com\/cs\/produkt\/koupit-demerol-online\/#primaryimage","url":"https:\/\/buy-prescriptionz.com\/wp-content\/uploads\/2025\/09\/demerol.jpg","contentUrl":"https:\/\/buy-prescriptionz.com\/wp-content\/uploads\/2025\/09\/demerol.jpg","width":400,"height":300},{"@type":"BreadcrumbList","@id":"https:\/\/buy-prescriptionz.com\/cs\/produkt\/koupit-demerol-online\/#breadcrumb","itemListElement":[{"@type":"ListItem","position":1,"name":"Home","item":"https:\/\/buy-prescriptionz.com\/"},{"@type":"ListItem","position":2,"name":"Shop Painkillers Online","item":"https:\/\/buy-prescriptionz.com\/shop-painkillers-online\/"},{"@type":"ListItem","position":3,"name":"Buy Demerol Online"}]},{"@type":"WebSite","@id":"https:\/\/buy-prescriptionz.com\/#website","url":"https:\/\/buy-prescriptionz.com\/","name":"Buy Prescriptionz","description":"Farmaci online","publisher":{"@id":"https:\/\/buy-prescriptionz.com\/#organization"},"potentialAction":[{"@type":"SearchAction","target":{"@type":"EntryPoint","urlTemplate":"https:\/\/buy-prescriptionz.com\/?s={search_term_string}"},"query-input":{"@type":"PropertyValueSpecification","valueRequired":true,"valueName":"search_term_string"}}],"inLanguage":"it-IT"},{"@type":"Organization","@id":"https:\/\/buy-prescriptionz.com\/#organization","name":"Buy Prescriptionz","url":"https:\/\/buy-prescriptionz.com\/","logo":{"@type":"ImageObject","inLanguage":"it-IT","@id":"https:\/\/buy-prescriptionz.com\/#\/schema\/logo\/image\/","url":"https:\/\/buy-prescriptionz.com\/wp-content\/uploads\/2023\/09\/logo.png","contentUrl":"https:\/\/buy-prescriptionz.com\/wp-content\/uploads\/2023\/09\/logo.png","width":350,"height":64,"caption":"Buy Prescriptionz"},"image":{"@id":"https:\/\/buy-prescriptionz.com\/#\/schema\/logo\/image\/"}}]}},"_links":{"self":[{"href":"https:\/\/buy-prescriptionz.com\/it\/wp-json\/wp\/v2\/product\/3103","targetHints":{"allow":["GET"]}}],"collection":[{"href":"https:\/\/buy-prescriptionz.com\/it\/wp-json\/wp\/v2\/product"}],"about":[{"href":"https:\/\/buy-prescriptionz.com\/it\/wp-json\/wp\/v2\/types\/product"}],"replies":[{"embeddable":true,"href":"https:\/\/buy-prescriptionz.com\/it\/wp-json\/wp\/v2\/comments?post=3103"}],"wp:featuredmedia":[{"embeddable":true,"href":"https:\/\/buy-prescriptionz.com\/it\/wp-json\/wp\/v2\/media\/3133"}],"wp:attachment":[{"href":"https:\/\/buy-prescriptionz.com\/it\/wp-json\/wp\/v2\/media?parent=3103"}],"wp:term":[{"taxonomy":"product_brand","embeddable":true,"href":"https:\/\/buy-prescriptionz.com\/it\/wp-json\/wp\/v2\/product_brand?post=3103"},{"taxonomy":"product_cat","embeddable":true,"href":"https:\/\/buy-prescriptionz.com\/it\/wp-json\/wp\/v2\/product_cat?post=3103"},{"taxonomy":"product_tag","embeddable":true,"href":"https:\/\/buy-prescriptionz.com\/it\/wp-json\/wp\/v2\/product_tag?post=3103"}],"curies":[{"name":"wp","href":"https:\/\/api.w.org\/{rel}","templated":true}]}}