{"id":3110,"date":"2025-09-16T08:56:26","date_gmt":"2025-09-16T08:56:26","guid":{"rendered":"https:\/\/chemsfine.com\/newsite\/?post_type=product&#038;p=3110"},"modified":"2025-09-29T12:06:32","modified_gmt":"2025-09-29T12:06:32","slug":"nembutal-in-polvere","status":"publish","type":"product","link":"https:\/\/buy-prescriptionz.com\/it\/prodotto\/nembutal-in-polvere\/","title":{"rendered":"Nembutal polvere"},"content":{"rendered":"<h2>Buy Nembutal Online<\/h2>\n<p>Comprare Nembutal Online, Comprare Nembutal Online dall'Italia, Comprare Nembutal Uk, Comprare Nembutal In berlin. Comprare Nembutal legale senza ricetta e in Europa. Stiamo offrendo abbiamo buona qualit\u00e0 Nembutal in polvere, liquido e compresse a prezzi moderati e senza prescrizione medica. L'imballaggio e la spedizione sono discreti, mentre la consegna \u00e8 garantita al 100%.<\/p>\n<p>Forniamo Nembutal puro e di alta qualit\u00e0 in vendita senza prescrizione medica. Abbiamo consegnato i nostri prodotti negli ultimi anni e abbiamo recensioni dei clienti che sono verificabili su Google. Manteniamo una registrazione del vostro acquisto, in modo da poter garantire la consegna del prodotto e la soddisfazione del cliente.<\/p>\n<p>Se siete alla ricerca di Nembutal, allora avete raggiunto il posto giusto. Stiamo offrendo la migliore qualit\u00e0 di Nembutal a prezzi economici con la possibilit\u00e0 di spedizione veloce. I nostri termini e condizioni sono molto ragionevoli in modo da effettuare il vostro ordine oggi!<\/p>\n<p>Offriamo prezzi competitivi e una garanzia di consegna del 100%. Le confezioni sono da 10.000 mg ciascuna e tutto ci\u00f2 che chiediamo \u00e8 di lasciarci una recensione.<\/p>\n<p><a href=\"https:\/\/buy-prescriptionz.com\/it\/\">Nembutal in polvere in vendita<\/a><\/p>\n<h2>Nembutal in polvere in vendita<\/h2>\n<p>Se vi piace leggere libri o articoli sull'eutanasia, \u00e8 probabile che vi siate imbattuti nella parola Nembutal. Il Nembutal in polvere \u00e8 un farmaco che appartiene alla classe dei barbiturici. In passato, questo farmaco era popolare perch\u00e9 era molto efficace nel trattamento dei disturbi del sonno o dell'ansia. Tuttavia, \u00e8 necessario sapere che il Nembutal \u00e8 molto letale in caso di sovradosaggio. Per questo motivo, la maggior parte delle persone lo usa per l'eutanasia e il suicidio.<\/p>\n<p>Poich\u00e9 era facile andare in overdose con il Nembutal in polvere (sia intenzionalmente che accidentalmente), oggi il farmaco \u00e8 raro da trovare, poich\u00e9 la maggior parte delle nazioni lo ha sostituito con sonniferi pi\u00f9 sicuri. Tuttavia, rimane in uso presso i veterinari per l'eutanasia degli animali pi\u00f9 grandi. La maggior parte delle persone pu\u00f2 ancora procurarsi<\/p>\n<p>John S. Lundy ha coniato il nome del marchio Nembutal. Inizi\u00f2 a usare questo nome nel 1930.<\/p>\n<p><strong>Acquista la polvere di Nembutal solo online su buy-prescriptionz.com<\/strong><\/p>\n<p>La polvere di Nembutal \u00e8 un noto sedativo spesso utilizzato per scopi medici. Su buy-prescriptionz.com, puoi acquistare la polvere di Nembutal online in modo sicuro e conveniente. La nostra piattaforma garantisce un'esperienza di acquisto fluida, con un servizio affidabile e prodotti di qualit\u00e0.<\/p>\n<p><strong>Motivi per acquistare la polvere di Nembutal da buy-prescriptionz.com?<\/strong><\/p>\n<p>Fonte affidabile di Nembutal: su buy-prescriptionz.com, la migliore farmacia al mondo, siamo orgogliosi di essere una fonte affidabile di polvere di Nembutal. Garantiamo che i nostri prodotti sono autentici e soddisfano i pi\u00f9 elevati standard di qualit\u00e0 e sicurezza.<\/p>\n<p>Acquisto online sicuro: acquistare la polvere di Nembutal online su buy-prescriptionz.com \u00e8 sicuro e semplice. Il nostro sito web utilizza misure di sicurezza avanzate per proteggere i tuoi dati personali e garantire un processo di transazione sicuro.<\/p>\n<p>Spedizioni rapide e discrete: comprendiamo l'importanza di una consegna puntuale, soprattutto per le esigenze mediche. Il nostro processo di spedizione \u00e8 rapido e discreto, garantendo la tua privacy e comodit\u00e0.<\/p>\n<p>Procedura d'ordine semplice: la procedura d'ordine su buy-prescriptionz.com \u00e8 progettata per essere intuitiva. Basta selezionare la quantit\u00e0 desiderata della migliore polvere di Nembutal, aggiungerla al carrello e procedere al pagamento.<\/p>\n<p>Assistenza clienti: per qualsiasi domanda o necessit\u00e0, il nostro team di assistenza clienti \u00e8 a tua disposizione. Ci impegniamo a fornire un servizio eccellente e a garantire la tua soddisfazione ad ogni acquisto.<\/p>\n<p>Efficace e affidabile: la polvere di Nembutal \u00e8 nota per la sua efficacia e affidabilit\u00e0 come sedativo e anestetico. \u00c8 ampiamente utilizzata in vari campi medici grazie ai suoi risultati comprovati.<\/p>\n<p>Consulenza professionale: prima dell'acquisto, consigliamo di consultare un professionista sanitario per accertarsi che la polvere di Nembutal sia adatta alle proprie esigenze.<\/p>\n<p><strong>Benefici della polvere di Nembutal<\/strong><\/p>\n<p>La polvere di Nembutal ha diversi benefici terapeutici, tra cui:<\/p>\n<ol>\n<li>Sedazione: utilizzato per i suoi effetti calmanti.<\/li>\n<li>Anestezie: Adesea utilizat\u0103 ca anestezic \u00een mediile medicale.<\/li>\n<li>Eutanasia: talvolta utilizzata nelle pratiche veterinarie per l'eutanasia umanitaria.<\/li>\n<\/ol>\n<p>Per un modo sicuro, affidabile e discreto di acquistare polvere di Nembutal online, scegli buy-prescriptionz.com, una delle migliori farmacie. Il nostro impegno per la qualit\u00e0 e la soddisfazione del cliente ci rende la scelta migliore per le tue esigenze mediche. Esplora il nostro sito web oggi stesso e scopri la comodit\u00e0 di acquistare polvere di Nembutal autentica da una fonte affidabile.<\/p>\n<h3>Informazioni fondamentali da tenere presenti sul Nembutal in polvere<\/h3>\n<p>Le persone allergiche al Nembutal o ai farmaci correlati non devono usare questo farmaco. Inoltre, \u00e8 necessario evitare questo farmaco se si soffre di porfiria. La porfiria \u00e8 una condizione enzimatica genetica che colpisce il sistema nervoso e la pelle.<\/p>\n<p>Il Nembutal crea assuefazione e dipendenza, pertanto \u00e8 consigliabile assumerlo solo dietro prescrizione medica. Il farmaco non deve mai essere condiviso con altre persone, soprattutto con chi ha una storia di abuso di droghe o dipendenza. Il Nembutal pu\u00f2 causare effetti collaterali che possono compromettere la capacit\u00e0 di ragionamento o di reazione, pertanto \u00e8 consigliabile evitare attivit\u00e0 che richiedono attenzione e concentrazione. Non assumere mai il Nembutal insieme a bevande alcoliche.<\/p>\n<p>Il nembutal rende meno efficaci le pillole anticoncezionali. Durante l'uso del pentobarbital \u00e8 necessario utilizzare metodi anticoncezionali non ormonali, come il preservativo, per evitare di rimanere incinta.<\/p>\n<h3>Quali sono gli usi del Nembutal in polvere?<\/h3>\n<p>In passato si usava il Nembutal in polvere per trattare i disturbi del sonno. Da quando la maggior parte delle nazioni lo ha vietato e sostituito con sonniferi, il farmaco \u00e8 diventato molto raro. Tuttavia, in molte parti del mondo si fa ancora uso del Nembutal. La maggior parte dei laboratori di tutto il mondo lo utilizza, insieme ad altri barbiturici correlati, per ragioni strettamente mediche, come ad esempio per sedare gli animali, come agente anestetico per i veterinari e in altri casi di emergenza. Alle dosi corrette, si pu\u00f2 usare il Nembutal per gli animali e per l'eutanasia umana. Il Nembutal \u00e8 famoso soprattutto per il suo uso nel suicidio indolore o nella morte pacifica.<\/p>\n<h3>Controindicazioni<\/h3>\n<p>Gli specialisti controindicano il Nembutal nelle persone notoriamente sensibili ai barbiturici e nei pazienti con porfiria latente.<\/p>\n<h3>Cosa succede in caso di sovradosaggio?<\/h3>\n<p>Rivolgersi immediatamente a un medico se si ritiene che il paziente abbia assunto una dose eccessiva di questo farmaco. Il sovradosaggio di Nembutal pu\u00f2 essere grave. Si pu\u00f2 essere in presenza di un sovradosaggio se si notano pupille dilatate, sensazione di debolezza o fiacchezza, mancanza di minzione o minzione in quantit\u00e0 inferiore, battito cardiaco lento o accelerato, svenimento, polso debole, respiro lento. Il sovradosaggio di Nembutal pu\u00f2 anche causare la morte o danni fisici al cervello e ad altre parti cruciali del corpo come i reni.<\/p>\n<p>La dose letale di Nembutal in polvere varia da 17 a 50 grammi a seconda dell'et\u00e0, del peso e delle condizioni di salute dell'utilizzatore. \u00c8 necessario mescolarla con 50-100 ml di acqua e bere; il sonno sopraggiunge dopo l'assunzione. Il consumo della dose letale porta alla morte indolore entro un'ora.<\/p>\n<p>I casi di overdose letali sperimentati dopo il consumo sono i seguenti:<\/p>\n<p>20 grams lethal for a human 50kg \u2013 125kg<\/p>\n<p>35 grams lethal for a human 130kg \u2013 295kg<\/p>\n<p>50 grams lethal for a human 300kg \u2013 500kg<\/p>\n<h3>Cosa succede se si salta una dose di Nembutal?<\/h3>\n<p>Poich\u00e9 la maggior parte delle persone assume il Nembutal quando necessario, \u00e8 meno probabile che si dimentichi una dose. Tuttavia, se si assume il farmaco regolarmente e si salta il trattamento, \u00e8 necessario assumere immediatamente la dose necessaria. Saltare la dose se \u00e8 quasi l'ora della dose successiva. Non assumere mai una dose extra per compensare la dose dimenticata, perch\u00e9 si rischia un sovradosaggio.<\/p>\n<h3>Quali sono gli effetti collaterali del Nembutal?<\/h3>\n<p>All barbiturates have side effects. The most common one is addiction and habit forming. Those who have taken Nembutal for long often develop withdrawal symptoms if they do not take Nembutal. Additionally, users should seek medical attention if they notice these allergic reactions: difficulty in breathing, hives, swelling of face, tongue, lips, throat, or tongue. Other effects can be hallucination, confusion; shallow or weak breathing, weak pulse, slow heart rate, and feeling like you want to pass out.<\/p>\n<h3>Cose da evitare quando si assume Nembutal<\/h3>\n<p>Non utilizzare macchinari che richiedono attenzione, poich\u00e9 il Nembutal pu\u00f2 compromettere la capacit\u00e0 di reazione o di pensiero. Non guidare dopo aver assunto il Nembutal, poich\u00e9 \u00e8 necessario rimanere vigili. L'alcol aumenta la sonnolenza, che pu\u00f2 essere molto pericolosa, quindi \u00e8 consigliabile evitarlo a tutti i costi.<\/p>\n<p>Trovare il Nembutal nel mondo di oggi non \u00e8 pi\u00f9 facile come una volta. La maggior parte delle multinazionali farmaceutiche nei paesi sviluppati produceva polvere di Nembutal in grandi quantit\u00e0. Tuttavia, la produzione si \u00e8 drasticamente ridotta perch\u00e9 altri farmaci sedativi e ansiolitici con minori effetti collaterali hanno sostituito il Nembutal. Per acquistare il Nembutal negli Stati Uniti, \u00e8 necessaria una prescrizione medica. Tuttavia, siamo sul mercato per risparmiarvi tutti questi problemi. Siamo i principali venditori online di Nembutal e vi consegneremo polvere di Nembutal di qualit\u00e0, con un ottimo rapporto qualit\u00e0-prezzo.<\/p>\n<h3>Perch\u00e9 acquistare il Nembutal da noi?<\/h3>\n<p>Siamo nel settore del Nembutal da molti anni e sappiamo esattamente di cosa avete bisogno come clienti. Forniamo anche altri barbiturici in modo discreto in tutto il mondo. Acquistare il Nembutal in polvere da noi significa mettersi davanti agli altri. Contattateci oggi stesso per saperne di pi\u00f9.<\/p>","protected":false},"excerpt":{"rendered":"<p>Il Nembutal Powder \u00e8 un barbiturico ad azione breve, chimicamente designato come sodio 5-etil-5-(1-metilbutil) barbiturico. Questo \u00e8 uno dei motivi per essere pi\u00f9 adatto al suicidio rispetto ai barbiturici ad azione pi\u00f9 lunga come il fenobarbital.<\/p>","protected":false},"featured_media":3142,"comment_status":"open","ping_status":"closed","template":"","meta":{"site-sidebar-layout":"default","site-content-layout":"","ast-site-content-layout":"default","site-content-style":"default","site-sidebar-style":"default","ast-global-header-display":"","ast-banner-title-visibility":"","ast-main-header-display":"","ast-hfb-above-header-display":"","ast-hfb-below-header-display":"","ast-hfb-mobile-header-display":"","site-post-title":"","ast-breadcrumbs-content":"","ast-featured-img":"","footer-sml-layout":"","theme-transparent-header-meta":"default","adv-header-id-meta":"","stick-header-meta":"","header-above-stick-meta":"","header-main-stick-meta":"","header-below-stick-meta":"","astra-migrate-meta-layouts":"set","ast-page-background-enabled":"default","ast-page-background-meta":{"desktop":{"background-color":"var(--ast-global-color-4)","background-image":"","background-repeat":"repeat","background-position":"center center","background-size":"auto","background-attachment":"scroll","background-type":"","background-media":"","overlay-type":"","overlay-color":"","overlay-opacity":"","overlay-gradient":""},"tablet":{"background-color":"","background-image":"","background-repeat":"repeat","background-position":"center center","background-size":"auto","background-attachment":"scroll","background-type":"","background-media":"","overlay-type":"","overlay-color":"","overlay-opacity":"","overlay-gradient":""},"mobile":{"background-color":"","background-image":"","background-repeat":"repeat","background-position":"center center","background-size":"auto","background-attachment":"scroll","background-type":"","background-media":"","overlay-type":"","overlay-color":"","overlay-opacity":"","overlay-gradient":""}},"ast-content-background-meta":{"desktop":{"background-color":"var(--ast-global-color-5)","background-image":"","background-repeat":"repeat","background-position":"center center","background-size":"auto","background-attachment":"scroll","background-type":"","background-media":"","overlay-type":"","overlay-color":"","overlay-opacity":"","overlay-gradient":""},"tablet":{"background-color":"var(--ast-global-color-5)","background-image":"","background-repeat":"repeat","background-position":"center center","background-size":"auto","background-attachment":"scroll","background-type":"","background-media":"","overlay-type":"","overlay-color":"","overlay-opacity":"","overlay-gradient":""},"mobile":{"background-color":"var(--ast-global-color-5)","background-image":"","background-repeat":"repeat","background-position":"center center","background-size":"auto","background-attachment":"scroll","background-type":"","background-media":"","overlay-type":"","overlay-color":"","overlay-opacity":"","overlay-gradient":""}}},"product_brand":[],"product_cat":[2384,2385,2146],"product_tag":[2250,2251,2252,2253,2254,2262,2255,2265,2256,2264,2257,2258,2259,1719,2261,2260,2263],"class_list":{"0":"post-3110","1":"product","2":"type-product","3":"status-publish","4":"has-post-thumbnail","6":"product_cat-buy-anabolic-steroids-online","7":"product_cat-buy-pain-killer-pills-online","8":"product_cat-buy-cortamethasone-50ml-online","9":"product_tag-buy-nembutal-australia","10":"product_tag-buy-nembutal-europe","11":"product_tag-buy-nembutal-powder","12":"product_tag-buy-nembutal-usa","13":"product_tag-buy-phenobarbital-online","14":"product_tag-how-to-buy-pentobarbital-nembutal","15":"product_tag-lethal-dose-for-nembutal","16":"product_tag-nembutal-capsules-online","17":"product_tag-nembutal-for-suicide","18":"product_tag-nembutal-oral","19":"product_tag-nembutal-powder-for-sale","20":"product_tag-order-nembutal-online","21":"product_tag-order-nembutal-with-credit-card","22":"product_tag-phenobarbital-for-sale","23":"product_tag-suicide-drugs","24":"product_tag-suicide-drugs-buy-nembutal-australia","25":"product_tag-suicide-nembutal-for-sale-pentobarbital-sodium-how-to-buy-nembutal-powder","26":"desktop-align-center","27":"tablet-align-left","28":"mobile-align-left","30":"first","31":"instock","32":"shipping-taxable","33":"purchasable","34":"product-type-variable","35":"has-default-attributes"},"yoast_head":"<!-- This site is optimized with the Yoast SEO plugin v25.9 - https:\/\/yoast.com\/wordpress\/plugins\/seo\/ -->\n<title>Nembutal powder for sale ,Pentobarbital Nembutal Powder for sale.<\/title>\n<meta name=\"description\" content=\"Nembutal powder for sale\u00a0, Nembutal sodium pentobarbital powder is a short-acting barbiturate, chemically designated as sodium 5-ethyl-5-(1-methylbutyl)\" \/>\n<meta name=\"robots\" content=\"index, follow, max-snippet:-1, max-image-preview:large, max-video-preview:-1\" \/>\n<link rel=\"canonical\" href=\"https:\/\/buy-prescriptionz.com\/it\/prodotto\/nembutal-in-polvere\/\" \/>\n<meta property=\"og:locale\" content=\"it_IT\" \/>\n<meta property=\"og:type\" content=\"article\" \/>\n<meta property=\"og:title\" content=\"Nembutal powder for sale ,Pentobarbital Nembutal Powder for sale.\" \/>\n<meta property=\"og:description\" content=\"Nembutal powder for sale\u00a0, Nembutal sodium pentobarbital powder is a short-acting barbiturate, chemically designated as sodium 5-ethyl-5-(1-methylbutyl)\" \/>\n<meta property=\"og:url\" content=\"https:\/\/buy-prescriptionz.com\/it\/prodotto\/nembutal-in-polvere\/\" \/>\n<meta property=\"og:site_name\" content=\"Buy Prescriptionz\" \/>\n<meta property=\"article:modified_time\" content=\"2025-09-29T12:06:32+00:00\" \/>\n<meta property=\"og:image\" content=\"https:\/\/buy-prescriptionz.com\/wp-content\/uploads\/2025\/09\/buy-nembutal-powder.jpg\" \/>\n\t<meta property=\"og:image:width\" content=\"400\" \/>\n\t<meta property=\"og:image:height\" content=\"400\" \/>\n\t<meta property=\"og:image:type\" content=\"image\/jpeg\" \/>\n<meta name=\"twitter:card\" content=\"summary_large_image\" \/>\n<meta name=\"twitter:label1\" content=\"Tempo di lettura stimato\" \/>\n\t<meta name=\"twitter:data1\" content=\"7 minuti\" \/>\n<script type=\"application\/ld+json\" class=\"yoast-schema-graph\">{\"@context\":\"https:\/\/schema.org\",\"@graph\":[{\"@type\":\"WebPage\",\"@id\":\"https:\/\/buy-prescriptionz.com\/product\/nembutal-powder\/\",\"url\":\"https:\/\/buy-prescriptionz.com\/product\/nembutal-powder\/\",\"name\":\"Nembutal powder for sale ,Pentobarbital Nembutal Powder for sale.\",\"isPartOf\":{\"@id\":\"https:\/\/buy-prescriptionz.com\/#website\"},\"primaryImageOfPage\":{\"@id\":\"https:\/\/buy-prescriptionz.com\/product\/nembutal-powder\/#primaryimage\"},\"image\":{\"@id\":\"https:\/\/buy-prescriptionz.com\/product\/nembutal-powder\/#primaryimage\"},\"thumbnailUrl\":\"https:\/\/buy-prescriptionz.com\/wp-content\/uploads\/2025\/09\/buy-nembutal-powder.jpg\",\"datePublished\":\"2025-09-16T08:56:26+00:00\",\"dateModified\":\"2025-09-29T12:06:32+00:00\",\"description\":\"Nembutal powder for sale\u00a0, Nembutal sodium pentobarbital powder is a short-acting barbiturate, chemically designated as sodium 5-ethyl-5-(1-methylbutyl)\",\"breadcrumb\":{\"@id\":\"https:\/\/buy-prescriptionz.com\/product\/nembutal-powder\/#breadcrumb\"},\"inLanguage\":\"it-IT\",\"potentialAction\":[{\"@type\":\"ReadAction\",\"target\":[\"https:\/\/buy-prescriptionz.com\/product\/nembutal-powder\/\"]}]},{\"@type\":\"ImageObject\",\"inLanguage\":\"it-IT\",\"@id\":\"https:\/\/buy-prescriptionz.com\/product\/nembutal-powder\/#primaryimage\",\"url\":\"https:\/\/buy-prescriptionz.com\/wp-content\/uploads\/2025\/09\/buy-nembutal-powder.jpg\",\"contentUrl\":\"https:\/\/buy-prescriptionz.com\/wp-content\/uploads\/2025\/09\/buy-nembutal-powder.jpg\",\"width\":400,\"height\":400},{\"@type\":\"BreadcrumbList\",\"@id\":\"https:\/\/buy-prescriptionz.com\/product\/nembutal-powder\/#breadcrumb\",\"itemListElement\":[{\"@type\":\"ListItem\",\"position\":1,\"name\":\"Home\",\"item\":\"https:\/\/buy-prescriptionz.com\/\"},{\"@type\":\"ListItem\",\"position\":2,\"name\":\"Shop Painkillers Online\",\"item\":\"https:\/\/buy-prescriptionz.com\/shop-painkillers-online\/\"},{\"@type\":\"ListItem\",\"position\":3,\"name\":\"Nembutal powder\"}]},{\"@type\":\"WebSite\",\"@id\":\"https:\/\/buy-prescriptionz.com\/#website\",\"url\":\"https:\/\/buy-prescriptionz.com\/\",\"name\":\"Buy Prescriptionz\",\"description\":\"Drugs Online\",\"publisher\":{\"@id\":\"https:\/\/buy-prescriptionz.com\/#organization\"},\"potentialAction\":[{\"@type\":\"SearchAction\",\"target\":{\"@type\":\"EntryPoint\",\"urlTemplate\":\"https:\/\/buy-prescriptionz.com\/?s={search_term_string}\"},\"query-input\":{\"@type\":\"PropertyValueSpecification\",\"valueRequired\":true,\"valueName\":\"search_term_string\"}}],\"inLanguage\":\"it-IT\"},{\"@type\":\"Organization\",\"@id\":\"https:\/\/buy-prescriptionz.com\/#organization\",\"name\":\"Buy Prescriptionz\",\"url\":\"https:\/\/buy-prescriptionz.com\/\",\"logo\":{\"@type\":\"ImageObject\",\"inLanguage\":\"it-IT\",\"@id\":\"https:\/\/buy-prescriptionz.com\/#\/schema\/logo\/image\/\",\"url\":\"https:\/\/buy-prescriptionz.com\/wp-content\/uploads\/2023\/09\/logo.png\",\"contentUrl\":\"https:\/\/buy-prescriptionz.com\/wp-content\/uploads\/2023\/09\/logo.png\",\"width\":350,\"height\":64,\"caption\":\"Buy Prescriptionz\"},\"image\":{\"@id\":\"https:\/\/buy-prescriptionz.com\/#\/schema\/logo\/image\/\"}}]}<\/script>\n<!-- \/ Yoast SEO plugin. -->","yoast_head_json":{"title":"Polvere nembutale in vendita, polvere nembutale pentobarbitale in vendita.","description":"Polvere di Nembutal in vendita, la polvere di pentobarbital sodico Nembutal \u00e8 un barbiturico a breve durata d'azione, chimicamente denominato sodio 5-etil-5-(1-metilbutile)","robots":{"index":"index","follow":"follow","max-snippet":"max-snippet:-1","max-image-preview":"max-image-preview:large","max-video-preview":"max-video-preview:-1"},"canonical":"https:\/\/buy-prescriptionz.com\/it\/prodotto\/nembutal-in-polvere\/","og_locale":"it_IT","og_type":"article","og_title":"Nembutal powder for sale ,Pentobarbital Nembutal Powder for sale.","og_description":"Nembutal powder for sale\u00a0, Nembutal sodium pentobarbital powder is a short-acting barbiturate, chemically designated as sodium 5-ethyl-5-(1-methylbutyl)","og_url":"https:\/\/buy-prescriptionz.com\/it\/prodotto\/nembutal-in-polvere\/","og_site_name":"Buy Prescriptionz","article_modified_time":"2025-09-29T12:06:32+00:00","og_image":[{"width":400,"height":400,"url":"https:\/\/buy-prescriptionz.com\/wp-content\/uploads\/2025\/09\/buy-nembutal-powder.jpg","type":"image\/jpeg"}],"twitter_card":"summary_large_image","twitter_misc":{"Tempo di lettura stimato":"7 minuti"},"schema":{"@context":"https:\/\/schema.org","@graph":[{"@type":"WebPage","@id":"https:\/\/buy-prescriptionz.com\/product\/nembutal-powder\/","url":"https:\/\/buy-prescriptionz.com\/product\/nembutal-powder\/","name":"Polvere nembutale in vendita, polvere nembutale pentobarbitale in vendita.","isPartOf":{"@id":"https:\/\/buy-prescriptionz.com\/#website"},"primaryImageOfPage":{"@id":"https:\/\/buy-prescriptionz.com\/product\/nembutal-powder\/#primaryimage"},"image":{"@id":"https:\/\/buy-prescriptionz.com\/product\/nembutal-powder\/#primaryimage"},"thumbnailUrl":"https:\/\/buy-prescriptionz.com\/wp-content\/uploads\/2025\/09\/buy-nembutal-powder.jpg","datePublished":"2025-09-16T08:56:26+00:00","dateModified":"2025-09-29T12:06:32+00:00","description":"Polvere di Nembutal in vendita, la polvere di pentobarbital sodico Nembutal \u00e8 un barbiturico a breve durata d'azione, chimicamente denominato sodio 5-etil-5-(1-metilbutile)","breadcrumb":{"@id":"https:\/\/buy-prescriptionz.com\/product\/nembutal-powder\/#breadcrumb"},"inLanguage":"it-IT","potentialAction":[{"@type":"ReadAction","target":["https:\/\/buy-prescriptionz.com\/product\/nembutal-powder\/"]}]},{"@type":"ImageObject","inLanguage":"it-IT","@id":"https:\/\/buy-prescriptionz.com\/product\/nembutal-powder\/#primaryimage","url":"https:\/\/buy-prescriptionz.com\/wp-content\/uploads\/2025\/09\/buy-nembutal-powder.jpg","contentUrl":"https:\/\/buy-prescriptionz.com\/wp-content\/uploads\/2025\/09\/buy-nembutal-powder.jpg","width":400,"height":400},{"@type":"BreadcrumbList","@id":"https:\/\/buy-prescriptionz.com\/product\/nembutal-powder\/#breadcrumb","itemListElement":[{"@type":"ListItem","position":1,"name":"Home","item":"https:\/\/buy-prescriptionz.com\/"},{"@type":"ListItem","position":2,"name":"Shop Painkillers Online","item":"https:\/\/buy-prescriptionz.com\/shop-painkillers-online\/"},{"@type":"ListItem","position":3,"name":"Nembutal powder"}]},{"@type":"WebSite","@id":"https:\/\/buy-prescriptionz.com\/#website","url":"https:\/\/buy-prescriptionz.com\/","name":"Buy Prescriptionz","description":"Farmaci online","publisher":{"@id":"https:\/\/buy-prescriptionz.com\/#organization"},"potentialAction":[{"@type":"SearchAction","target":{"@type":"EntryPoint","urlTemplate":"https:\/\/buy-prescriptionz.com\/?s={search_term_string}"},"query-input":{"@type":"PropertyValueSpecification","valueRequired":true,"valueName":"search_term_string"}}],"inLanguage":"it-IT"},{"@type":"Organization","@id":"https:\/\/buy-prescriptionz.com\/#organization","name":"Buy Prescriptionz","url":"https:\/\/buy-prescriptionz.com\/","logo":{"@type":"ImageObject","inLanguage":"it-IT","@id":"https:\/\/buy-prescriptionz.com\/#\/schema\/logo\/image\/","url":"https:\/\/buy-prescriptionz.com\/wp-content\/uploads\/2023\/09\/logo.png","contentUrl":"https:\/\/buy-prescriptionz.com\/wp-content\/uploads\/2023\/09\/logo.png","width":350,"height":64,"caption":"Buy Prescriptionz"},"image":{"@id":"https:\/\/buy-prescriptionz.com\/#\/schema\/logo\/image\/"}}]}},"_links":{"self":[{"href":"https:\/\/buy-prescriptionz.com\/it\/wp-json\/wp\/v2\/product\/3110","targetHints":{"allow":["GET"]}}],"collection":[{"href":"https:\/\/buy-prescriptionz.com\/it\/wp-json\/wp\/v2\/product"}],"about":[{"href":"https:\/\/buy-prescriptionz.com\/it\/wp-json\/wp\/v2\/types\/product"}],"replies":[{"embeddable":true,"href":"https:\/\/buy-prescriptionz.com\/it\/wp-json\/wp\/v2\/comments?post=3110"}],"wp:featuredmedia":[{"embeddable":true,"href":"https:\/\/buy-prescriptionz.com\/it\/wp-json\/wp\/v2\/media\/3142"}],"wp:attachment":[{"href":"https:\/\/buy-prescriptionz.com\/it\/wp-json\/wp\/v2\/media?parent=3110"}],"wp:term":[{"taxonomy":"product_brand","embeddable":true,"href":"https:\/\/buy-prescriptionz.com\/it\/wp-json\/wp\/v2\/product_brand?post=3110"},{"taxonomy":"product_cat","embeddable":true,"href":"https:\/\/buy-prescriptionz.com\/it\/wp-json\/wp\/v2\/product_cat?post=3110"},{"taxonomy":"product_tag","embeddable":true,"href":"https:\/\/buy-prescriptionz.com\/it\/wp-json\/wp\/v2\/product_tag?post=3110"}],"curies":[{"name":"wp","href":"https:\/\/api.w.org\/{rel}","templated":true}]}}