{"id":965,"date":"2019-04-12T17:48:19","date_gmt":"2019-04-12T17:48:19","guid":{"rendered":"https:\/\/buyprescriptionz.com\/?page_id=965"},"modified":"2019-04-12T17:52:15","modified_gmt":"2019-04-12T17:52:15","slug":"about-us","status":"publish","type":"page","link":"https:\/\/buy-prescriptionz.com\/nb\/about-us\/","title":{"rendered":"About us"},"content":{"rendered":"<p style=\"text-align: justify;\">Buy Prescriptionz: En kjent farmas\u00f8ytisk organisasjon som er etablert i Albany, NY 12223 (USA). Vi er grossist, produsent, distribut\u00f8r, forhandler, forhandler og eksport\u00f8r. Vi styrer grunnleggende forretnings\u00f8velsene v\u00e5re i USA, Australia, Storbritannia og Europa.<\/p>\n<p style=\"text-align: justify;\">P\u00e5 denne m\u00e5ten, n\u00e5r vi snakker om disse medisinene eller farmas\u00f8ytiske gjenstandene, er de like verdifulle som usikre.<\/p>\n<p style=\"text-align: justify;\">Det p\u00e5litelige forholdet som vi har oppn\u00e5dd fra v\u00e5re kunder gjennom v\u00e5re forretnings\u00f8velser tar oss stadig mer fremover mot ditt velv\u00e6re. P\u00e5 denne m\u00e5ten vil vi tilfredsstille dine \u00f8nsker.<\/p>\n<p style=\"text-align: justify;\">Buy Prescriptionz produserer et hjertelig nabolag som formidler et bredt spekter av terapeutiske medisiner med fulle forholdsregler. Vi er alle rundt forberedt p\u00e5 deg, og som et resultat av deg er vi her. Vi lover deg for alle varene v\u00e5re er beskyttet og kvaliteten er bra.<\/p>\n<p style=\"text-align: justify;\"><strong>Hovedsakelig handler vi med produkter nedenfor:<\/strong><\/p>\n<ul style=\"text-align: justify;\">\n<li>anabole steroider<\/li>\n<li>Medisin p\u00e5 resept<\/li>\n<li>Depressants and Anxiety<\/li>\n<li>Hallucinogens<\/li>\n<li>Marijuana and Hashish<\/li>\n<li>Opioids<\/li>\n<li>Pills<\/li>\n<li>Stimulants<\/li>\n<\/ul>\n<p style=\"text-align: justify;\">V\u00e5r administrasjon ledere forverre, transport administrasjon, og narkotika spesialist konferansen. Som er for din velferd.<\/p>\n<p style=\"text-align: justify;\">V\u00e5r organisasjon Buy Prescriptionz tilsvarer alle \u00e5pne d\u00f8rer uavhengig av hva som er status, kj\u00f8nn, velv\u00e6retilstand, spr\u00e5k, religion, alder og seksuell introduksjon. Vi presenterer med deg og for deg generelt.<\/p>\n<p style=\"text-align: justify;\">V\u00e5re ansatte setter lager i den beste administrasjonen og kvaliteten for deg. P\u00e5 denne m\u00e5ten f\u00e5r vi arbeidsstyrken som indikert av ditt behov. Vi forberedte v\u00e5re ansatte generelt fordelaktig og oppdaterer for deg med m\u00e5l om at vi kan gi deg det beste. Vi tar for oss din tid og velv\u00e6re, det er v\u00e5r intensjon.<\/p>\n<p style=\"text-align: justify;\">V\u00e5r intensjon er \u00e5 formidle administrasjon av apotek i beste klasse og sikker medisinering med dine gode velv\u00e6rem\u00e5l. Vi er dyktige.<\/p>\n<p style=\"text-align: justify;\">Vi s\u00f8rger for at administrasjonen v\u00e5r skal v\u00e6re moderat og du kan handle n\u00e5r som helst og hvor som helst. Vi forhandler ikke med din velv\u00e6re.<\/p>\n<p style=\"text-align: justify;\">N\u00e5r det gjelder v\u00e5rt n\u00e6rliggende nettverk Buy Prescriptionz, forst\u00e5 kravet ditt om forbl\u00f8ffende vurdering fra oss. Langs disse linjene, at du ikke trenger \u00e5 reise eller sp\u00f8rre mer.<\/p>\n<p style=\"text-align: justify;\">Faktisk, selv vi tror for det n\u00e6rliggende nettverket, produserte vi v\u00e5r beryktethet og navn i apoteket.<\/p>\n<p style=\"text-align: justify;\">Vi gj\u00f8r v\u00e5r administrasjon best for deg med v\u00e5re utrolige bestrebelser.<\/p>\n<p style=\"text-align: justify;\">Din tillit, v\u00e5r innsats.<\/p>\n<p style=\"text-align: justify;\"><strong>FOR YTTERLIGERE SP\u00d8RSM\u00c5L ELLER DETALJER, KAN DU OGS\u00c5 KONTAKTE OSS P\u00c5:<\/strong><\/p>\n<p style=\"text-align: justify;\"><strong>Adresse:<\/strong> 115 Fire Access Road, Albany, NY 12223 (USA)<\/p>\n<p style=\"text-align: justify;\"><strong>E-post:<\/strong> info@buy-prescriptionz.com<\/p>\n<p style=\"text-align: justify;\"><strong>Ring\/WhatsApp:<\/strong> +1 (510) 972-3097<\/p>","protected":false},"excerpt":{"rendered":"<p>Buy Prescriptionz: A notable pharmaceutical organization that is set up in Albany, NY 12223 (USA). We are Wholesaler, Manufacturer, Distributor, Trader, Retailer, and Exporter. We fundamentally direct our business exercises in the USA, Australia, United Kingdom, and Europe. In this way, as we talk about these medications or pharmaceutical item they are valuable just as [&hellip;]<\/p>","protected":false},"author":1,"featured_media":0,"parent":0,"menu_order":0,"comment_status":"open","ping_status":"open","template":"","meta":{"site-sidebar-layout":"default","site-content-layout":"","ast-site-content-layout":"default","site-content-style":"default","site-sidebar-style":"default","ast-global-header-display":"","ast-banner-title-visibility":"","ast-main-header-display":"","ast-hfb-above-header-display":"","ast-hfb-below-header-display":"","ast-hfb-mobile-header-display":"","site-post-title":"","ast-breadcrumbs-content":"","ast-featured-img":"","footer-sml-layout":"","theme-transparent-header-meta":"","adv-header-id-meta":"","stick-header-meta":"","header-above-stick-meta":"","header-main-stick-meta":"","header-below-stick-meta":"","astra-migrate-meta-layouts":"default","ast-page-background-enabled":"default","ast-page-background-meta":{"desktop":{"background-color":"var(--ast-global-color-4)","background-image":"","background-repeat":"repeat","background-position":"center center","background-size":"auto","background-attachment":"scroll","background-type":"","background-media":"","overlay-type":"","overlay-color":"","overlay-opacity":"","overlay-gradient":""},"tablet":{"background-color":"","background-image":"","background-repeat":"repeat","background-position":"center center","background-size":"auto","background-attachment":"scroll","background-type":"","background-media":"","overlay-type":"","overlay-color":"","overlay-opacity":"","overlay-gradient":""},"mobile":{"background-color":"","background-image":"","background-repeat":"repeat","background-position":"center center","background-size":"auto","background-attachment":"scroll","background-type":"","background-media":"","overlay-type":"","overlay-color":"","overlay-opacity":"","overlay-gradient":""}},"ast-content-background-meta":{"desktop":{"background-color":"var(--ast-global-color-5)","background-image":"","background-repeat":"repeat","background-position":"center center","background-size":"auto","background-attachment":"scroll","background-type":"","background-media":"","overlay-type":"","overlay-color":"","overlay-opacity":"","overlay-gradient":""},"tablet":{"background-color":"var(--ast-global-color-5)","background-image":"","background-repeat":"repeat","background-position":"center center","background-size":"auto","background-attachment":"scroll","background-type":"","background-media":"","overlay-type":"","overlay-color":"","overlay-opacity":"","overlay-gradient":""},"mobile":{"background-color":"var(--ast-global-color-5)","background-image":"","background-repeat":"repeat","background-position":"center center","background-size":"auto","background-attachment":"scroll","background-type":"","background-media":"","overlay-type":"","overlay-color":"","overlay-opacity":"","overlay-gradient":""}},"footnotes":""},"class_list":["post-965","page","type-page","status-publish","hentry"],"yoast_head":"<!-- This site is optimized with the Yoast SEO plugin v25.9 - https:\/\/yoast.com\/wordpress\/plugins\/seo\/ -->\n<title>About us - Buy Prescriptionz<\/title>\n<meta name=\"robots\" content=\"index, follow, max-snippet:-1, max-image-preview:large, max-video-preview:-1\" \/>\n<link rel=\"canonical\" href=\"https:\/\/buy-prescriptionz.com\/nb\/about-us\/\" \/>\n<meta property=\"og:locale\" content=\"nb_NO\" \/>\n<meta property=\"og:type\" content=\"article\" \/>\n<meta property=\"og:title\" content=\"About us - Buy Prescriptionz\" \/>\n<meta property=\"og:description\" content=\"Buy Prescriptionz: A notable pharmaceutical organization that is set up in Albany, NY 12223 (USA). We are Wholesaler, Manufacturer, Distributor, Trader, Retailer, and Exporter. We fundamentally direct our business exercises in the USA, Australia, United Kingdom, and Europe. In this way, as we talk about these medications or pharmaceutical item they are valuable just as [&hellip;]\" \/>\n<meta property=\"og:url\" content=\"https:\/\/buy-prescriptionz.com\/nb\/about-us\/\" \/>\n<meta property=\"og:site_name\" content=\"Buy Prescriptionz\" \/>\n<meta property=\"article:modified_time\" content=\"2019-04-12T17:52:15+00:00\" \/>\n<meta name=\"twitter:card\" content=\"summary_large_image\" \/>\n<meta name=\"twitter:label1\" content=\"Ansl. lesetid\" \/>\n\t<meta name=\"twitter:data1\" content=\"2 minutter\" \/>\n<script type=\"application\/ld+json\" class=\"yoast-schema-graph\">{\"@context\":\"https:\/\/schema.org\",\"@graph\":[{\"@type\":\"WebPage\",\"@id\":\"https:\/\/buy-prescriptionz.com\/about-us\/\",\"url\":\"https:\/\/buy-prescriptionz.com\/about-us\/\",\"name\":\"About us - Buy Prescriptionz\",\"isPartOf\":{\"@id\":\"https:\/\/buy-prescriptionz.com\/#website\"},\"datePublished\":\"2019-04-12T17:48:19+00:00\",\"dateModified\":\"2019-04-12T17:52:15+00:00\",\"breadcrumb\":{\"@id\":\"https:\/\/buy-prescriptionz.com\/about-us\/#breadcrumb\"},\"inLanguage\":\"nb-NO\",\"potentialAction\":[{\"@type\":\"ReadAction\",\"target\":[\"https:\/\/buy-prescriptionz.com\/about-us\/\"]}]},{\"@type\":\"BreadcrumbList\",\"@id\":\"https:\/\/buy-prescriptionz.com\/about-us\/#breadcrumb\",\"itemListElement\":[{\"@type\":\"ListItem\",\"position\":1,\"name\":\"Home\",\"item\":\"https:\/\/buy-prescriptionz.com\/\"},{\"@type\":\"ListItem\",\"position\":2,\"name\":\"About us\"}]},{\"@type\":\"WebSite\",\"@id\":\"https:\/\/buy-prescriptionz.com\/#website\",\"url\":\"https:\/\/buy-prescriptionz.com\/\",\"name\":\"Buy Prescriptionz\",\"description\":\"Drugs Online\",\"publisher\":{\"@id\":\"https:\/\/buy-prescriptionz.com\/#organization\"},\"potentialAction\":[{\"@type\":\"SearchAction\",\"target\":{\"@type\":\"EntryPoint\",\"urlTemplate\":\"https:\/\/buy-prescriptionz.com\/?s={search_term_string}\"},\"query-input\":{\"@type\":\"PropertyValueSpecification\",\"valueRequired\":true,\"valueName\":\"search_term_string\"}}],\"inLanguage\":\"nb-NO\"},{\"@type\":\"Organization\",\"@id\":\"https:\/\/buy-prescriptionz.com\/#organization\",\"name\":\"Buy Prescriptionz\",\"url\":\"https:\/\/buy-prescriptionz.com\/\",\"logo\":{\"@type\":\"ImageObject\",\"inLanguage\":\"nb-NO\",\"@id\":\"https:\/\/buy-prescriptionz.com\/#\/schema\/logo\/image\/\",\"url\":\"https:\/\/buy-prescriptionz.com\/wp-content\/uploads\/2023\/09\/logo.png\",\"contentUrl\":\"https:\/\/buy-prescriptionz.com\/wp-content\/uploads\/2023\/09\/logo.png\",\"width\":350,\"height\":64,\"caption\":\"Buy Prescriptionz\"},\"image\":{\"@id\":\"https:\/\/buy-prescriptionz.com\/#\/schema\/logo\/image\/\"}}]}<\/script>\n<!-- \/ Yoast SEO plugin. -->","yoast_head_json":{"title":"About us - Buy Prescriptionz","robots":{"index":"index","follow":"follow","max-snippet":"max-snippet:-1","max-image-preview":"max-image-preview:large","max-video-preview":"max-video-preview:-1"},"canonical":"https:\/\/buy-prescriptionz.com\/nb\/about-us\/","og_locale":"nb_NO","og_type":"article","og_title":"About us - Buy Prescriptionz","og_description":"Buy Prescriptionz: A notable pharmaceutical organization that is set up in Albany, NY 12223 (USA). We are Wholesaler, Manufacturer, Distributor, Trader, Retailer, and Exporter. We fundamentally direct our business exercises in the USA, Australia, United Kingdom, and Europe. In this way, as we talk about these medications or pharmaceutical item they are valuable just as [&hellip;]","og_url":"https:\/\/buy-prescriptionz.com\/nb\/about-us\/","og_site_name":"Buy Prescriptionz","article_modified_time":"2019-04-12T17:52:15+00:00","twitter_card":"summary_large_image","twitter_misc":{"Ansl. lesetid":"2 minutter"},"schema":{"@context":"https:\/\/schema.org","@graph":[{"@type":"WebPage","@id":"https:\/\/buy-prescriptionz.com\/about-us\/","url":"https:\/\/buy-prescriptionz.com\/about-us\/","name":"About us - Buy Prescriptionz","isPartOf":{"@id":"https:\/\/buy-prescriptionz.com\/#website"},"datePublished":"2019-04-12T17:48:19+00:00","dateModified":"2019-04-12T17:52:15+00:00","breadcrumb":{"@id":"https:\/\/buy-prescriptionz.com\/about-us\/#breadcrumb"},"inLanguage":"nb-NO","potentialAction":[{"@type":"ReadAction","target":["https:\/\/buy-prescriptionz.com\/about-us\/"]}]},{"@type":"BreadcrumbList","@id":"https:\/\/buy-prescriptionz.com\/about-us\/#breadcrumb","itemListElement":[{"@type":"ListItem","position":1,"name":"Home","item":"https:\/\/buy-prescriptionz.com\/"},{"@type":"ListItem","position":2,"name":"About us"}]},{"@type":"WebSite","@id":"https:\/\/buy-prescriptionz.com\/#website","url":"https:\/\/buy-prescriptionz.com\/","name":"Buy Prescriptionz","description":"Drugs Online","publisher":{"@id":"https:\/\/buy-prescriptionz.com\/#organization"},"potentialAction":[{"@type":"SearchAction","target":{"@type":"EntryPoint","urlTemplate":"https:\/\/buy-prescriptionz.com\/?s={search_term_string}"},"query-input":{"@type":"PropertyValueSpecification","valueRequired":true,"valueName":"search_term_string"}}],"inLanguage":"nb-NO"},{"@type":"Organization","@id":"https:\/\/buy-prescriptionz.com\/#organization","name":"Buy Prescriptionz","url":"https:\/\/buy-prescriptionz.com\/","logo":{"@type":"ImageObject","inLanguage":"nb-NO","@id":"https:\/\/buy-prescriptionz.com\/#\/schema\/logo\/image\/","url":"https:\/\/buy-prescriptionz.com\/wp-content\/uploads\/2023\/09\/logo.png","contentUrl":"https:\/\/buy-prescriptionz.com\/wp-content\/uploads\/2023\/09\/logo.png","width":350,"height":64,"caption":"Buy Prescriptionz"},"image":{"@id":"https:\/\/buy-prescriptionz.com\/#\/schema\/logo\/image\/"}}]}},"_links":{"self":[{"href":"https:\/\/buy-prescriptionz.com\/nb\/wp-json\/wp\/v2\/pages\/965","targetHints":{"allow":["GET"]}}],"collection":[{"href":"https:\/\/buy-prescriptionz.com\/nb\/wp-json\/wp\/v2\/pages"}],"about":[{"href":"https:\/\/buy-prescriptionz.com\/nb\/wp-json\/wp\/v2\/types\/page"}],"author":[{"embeddable":true,"href":"https:\/\/buy-prescriptionz.com\/nb\/wp-json\/wp\/v2\/users\/1"}],"replies":[{"embeddable":true,"href":"https:\/\/buy-prescriptionz.com\/nb\/wp-json\/wp\/v2\/comments?post=965"}],"version-history":[{"count":0,"href":"https:\/\/buy-prescriptionz.com\/nb\/wp-json\/wp\/v2\/pages\/965\/revisions"}],"wp:attachment":[{"href":"https:\/\/buy-prescriptionz.com\/nb\/wp-json\/wp\/v2\/media?parent=965"}],"curies":[{"name":"wp","href":"https:\/\/api.w.org\/{rel}","templated":true}]}}