{"id":2933,"date":"2025-09-16T08:55:28","date_gmt":"2025-09-16T08:55:28","guid":{"rendered":"https:\/\/chemsfine.com\/newsite\/?post_type=product&#038;p=2933"},"modified":"2025-09-22T05:15:15","modified_gmt":"2025-09-22T05:15:15","slug":"kjop-hydromorfon-pa-nett","status":"publish","type":"product","link":"https:\/\/buy-prescriptionz.com\/nb\/produkt\/kjop-hydromorfon-pa-nett\/","title":{"rendered":"Buy Hydromorphone Online"},"content":{"rendered":"<h1>Kj\u00f8p Dilaudid p\u00e5 nett \u2013 Kj\u00f8p hydromorfon p\u00e5 nett<\/h1>\n<p>Kj\u00f8p Hydromorfon p\u00e5 nett. Det mest kjente merkenavnet for hydromorfon, denne medisinen kan enten v\u00e6re i tablettform eller flytende form. Som andre opioidresepter er Dilaudid et Schedule II-stoff p\u00e5 grunn av dets store potensial for avhengighet. Dette potente smertestillende midlet ble utviklet for \u00e5 behandle alvorlig, ofte kronisk, smerte som ikke kunne behandles med andre opioider.<\/p>\n<p><a href=\"https:\/\/buy-prescriptionz.com\/nb\/produkt\/anabolic-steroids\/\">Hydromorphone<\/a>, ogs\u00e5 kjent som dihydromorfinon, og solgt under merkenavnet Dilaudid, er blant annet en sentraltvirkende smertestillende medisin i opioidklassen. Den er laget av morfin. Til sammenligning er hydromorfon det samme som hydrokodon er det som kodein \u2013 det er et hydrogenert keton derav. I medisinske termer er det et opioid smertestillende middel, og i juridiske termer et narkotisk middel. Hydromorfon brukes ofte p\u00e5 sykehus, hovedsakelig intraven\u00f8st \u200b\u200b(IV) fordi biotilgjengeligheten er sv\u00e6rt lav oralt, rektalt og intranasalt. Sublingual administrering (under tungen) er vanligvis bedre enn svelging n\u00e5r det gjelder biotilgjengelighet og effekter. Hydromorfon er imidlertid bittert og hydrofilt som de fleste opiater, ikke lipofilt, s\u00e5 det absorberes d\u00e5rlig og sakte gjennom munnmembranene.<\/p>\n<p>Hydromorfon er mye mer l\u00f8selig i vann enn morfin, og derfor<a href=\"https:\/\/de.wikipedia.org\/w\/index.php?sort=relevance&amp;search=Herb&amp;title=Spezial%3ASuche&amp;profile=advanced&amp;fulltext=1&amp;advancedSearch-current=%7B%7D&amp;ns0=1\"> solutions<\/a> kan produseres for \u00e5 levere stoffet i et mindre volum vann. Hydrokloridsaltet er l\u00f8selig i tre deler vann, mens et gram morfinhydroklorid l\u00f8ses opp i 16 ml vann. Til alle vanlige form\u00e5l kan det rene pulveret til sykehusbruk brukes til \u00e5 produsere l\u00f8sninger med tiln\u00e6rmet vilk\u00e5rlig konsentrasjon. N\u00e5r pulveret har dukket opp p\u00e5 gaten, betyr dette sv\u00e6rt lille volumet av pulver som trengs for en dose at overdoser er sannsynlige for de som forveksler det med heroin eller andre narkotika i pulverform, spesielt de som har blitt kuttet (fortynnet) f\u00f8r konsum. Kj\u00f8p Dilaudid p\u00e5 nett<\/p>\n<h1>L\u00e5se opp fordelene med bruk av hydromorfon<\/h1>\n<p>Innen smertebehandling skiller Hydromorfon seg ut som et kraftig opioidmedisin som gir lindring til de som lider av sterke smerter. Her er en omfattende guide til alt du trenger \u00e5 vite om Hydromorfon, fra bruk til anbefalt dose.<\/p>\n<h2>Forst\u00e5 hydromorfon<\/h2>\n<p>Hydromorfon, ogs\u00e5 kjent som Dilaudid, er en potent opioid smertestillende medisin som brukes til \u00e5 behandle moderat til alvorlig smerte. Den virker ved \u00e5 binde seg til hjernens og nervesystemets opioidreseptorer, som deretter blokkerer smertef\u00f8lelsen. Denne medisinen foreskrives vanligvis til pasienter som trenger smertelindring d\u00f8gnet rundt.<\/p>\n<h3>Fordeler med hydromorfon<\/h3>\n<ol>\n<li>Effektiv smertelindring: Den beste hydromorfonen er kjent for sine hurtigvirkende smertelindrende egenskaper, noe som gj\u00f8r den sv\u00e6rt effektiv for personer som opplever intens smerte.<\/li>\n<li>Forbedret livskvalitet: Ved \u00e5 h\u00e5ndtere smerte effektivt kan Hydromorfon hjelpe enkeltpersoner med \u00e5 gjenvinne kontroll over livene sine og utf\u00f8re daglige aktiviteter med letthet.<\/li>\n<li>Redusert angst: Personer som lider av kroniske smerter opplever ofte h\u00f8ye niv\u00e5er av stress og angst. Hydromorfon kan bidra til \u00e5 lindre disse symptomene, og fremme en f\u00f8lelse av ro og avslapning.<\/li>\n<li>Bedre s\u00f8vn: Smerter kan p\u00e5virke ens evne til \u00e5 sove betydelig. Ved \u00e5 lindre smerte kan Hydromorfon hjelpe enkeltpersoner med \u00e5 oppn\u00e5 bedre s\u00f8vnkvalitet, noe som f\u00f8rer til forbedret generell velv\u00e6re.<\/li>\n<\/ol>\n<h2>Bruk av hydromorfon<\/h2>\n<p>Hydromorfon er tilgjengelig i ulike former, inkludert tabletter, kapsler og orale v\u00e6sker. Doseringen av dette legemidlet bestemmes basert p\u00e5 individets medisinske tilstand, respons p\u00e5 behandling og andre medisiner de tar. Det er viktig \u00e5 f\u00f8lge helsepersonells instruksjoner n\u00f8ye for \u00e5 sikre trygg og effektiv bruk av Hydromorfon.<\/p>\n<h3>Anbefalt dose<\/h3>\n<p>Hydromorfonin tyypillinen aloitusannos aikuisille on 2\u20134 mg 4\u20136 tunnin v\u00e4lein tarpeen mukaan kivunlievitykseen. Annos voi kuitenkin vaihdella kivun voimakkuudesta ja yksil\u00f6llisest\u00e4 opioidien sietokyvyst\u00e4 riippuen. On t\u00e4rke\u00e4\u00e4 keskustella l\u00e4\u00e4k\u00e4risi kanssa oikean annostuksen m\u00e4\u00e4ritt\u00e4miseksi juuri sinun tilasi mukaan.<\/p>\n<p>Hydromorfon er en verdifull medisin for personer som sliter med sterke smerter. Dens hurtigvirkende egenskaper, sammen med dens evne til \u00e5 forbedre livskvaliteten og fremme avslapning, gj\u00f8r det til et popul\u00e6rt valg blant helsepersonell. Husk \u00e5 alltid f\u00f8lge legens anbefalinger n\u00e5r du bruker Hydromorfon for \u00e5 sikre trygg og effektiv smertebehandling. For \u00e5 f\u00e5 tilgang til denne medisinen, bes\u00f8k det beste apoteket buy-prescriptionz.com\/ for en praktisk og problemfri kj\u00f8psopplevelse. Ikke la smerte styre livet ditt \u2013 ta de n\u00f8dvendige skrittene for \u00e5 h\u00e5ndtere den effektivt med Hydromorfon. L\u00e5s opp fordelene med Hydromorfon i dag og opplev lindring som aldri f\u00f8r!<\/p>","protected":false},"excerpt":{"rendered":"<p>Hydromorphone, also known as dihydromorphinone, and sold under the brand name Dilaudid, among others, is a centrally acting pain medication of the opioid class. It is made from morphine.<\/p>","protected":false},"featured_media":2963,"comment_status":"open","ping_status":"closed","template":"","meta":{"site-sidebar-layout":"default","site-content-layout":"","ast-site-content-layout":"default","site-content-style":"default","site-sidebar-style":"default","ast-global-header-display":"","ast-banner-title-visibility":"","ast-main-header-display":"","ast-hfb-above-header-display":"","ast-hfb-below-header-display":"","ast-hfb-mobile-header-display":"","site-post-title":"","ast-breadcrumbs-content":"","ast-featured-img":"","footer-sml-layout":"","theme-transparent-header-meta":"default","adv-header-id-meta":"","stick-header-meta":"","header-above-stick-meta":"","header-main-stick-meta":"","header-below-stick-meta":"","astra-migrate-meta-layouts":"set","ast-page-background-enabled":"default","ast-page-background-meta":{"desktop":{"background-color":"var(--ast-global-color-4)","background-image":"","background-repeat":"repeat","background-position":"center center","background-size":"auto","background-attachment":"scroll","background-type":"","background-media":"","overlay-type":"","overlay-color":"","overlay-opacity":"","overlay-gradient":""},"tablet":{"background-color":"","background-image":"","background-repeat":"repeat","background-position":"center center","background-size":"auto","background-attachment":"scroll","background-type":"","background-media":"","overlay-type":"","overlay-color":"","overlay-opacity":"","overlay-gradient":""},"mobile":{"background-color":"","background-image":"","background-repeat":"repeat","background-position":"center center","background-size":"auto","background-attachment":"scroll","background-type":"","background-media":"","overlay-type":"","overlay-color":"","overlay-opacity":"","overlay-gradient":""}},"ast-content-background-meta":{"desktop":{"background-color":"var(--ast-global-color-5)","background-image":"","background-repeat":"repeat","background-position":"center center","background-size":"auto","background-attachment":"scroll","background-type":"","background-media":"","overlay-type":"","overlay-color":"","overlay-opacity":"","overlay-gradient":""},"tablet":{"background-color":"var(--ast-global-color-5)","background-image":"","background-repeat":"repeat","background-position":"center center","background-size":"auto","background-attachment":"scroll","background-type":"","background-media":"","overlay-type":"","overlay-color":"","overlay-opacity":"","overlay-gradient":""},"mobile":{"background-color":"var(--ast-global-color-5)","background-image":"","background-repeat":"repeat","background-position":"center center","background-size":"auto","background-attachment":"scroll","background-type":"","background-media":"","overlay-type":"","overlay-color":"","overlay-opacity":"","overlay-gradient":""}}},"product_brand":[],"product_cat":[15],"product_tag":[2024,2025,2023,2018,2021,2020,2019,2022,2017,2026,2016],"class_list":{"0":"post-2933","1":"product","2":"type-product","3":"status-publish","4":"has-post-thumbnail","6":"product_cat-buy-prescription-drugs","7":"product_tag-buy-hydromorphone-in-canada","8":"product_tag-buy-hydromorphone-in-uk","9":"product_tag-buy-hydromorphone-in-usa","10":"product_tag-buy-hydromorphone-with-bitcoin","11":"product_tag-buy-hydromorphone-with-credit-card","12":"product_tag-buy-hydromorphone-with-money-gram","13":"product_tag-buy-hydromorphone-with-western-union","14":"product_tag-buy-hydromorphone-without-a-doctor","15":"product_tag-buy-hydromorphone-without-prescription","16":"product_tag-hydromorphone","17":"product_tag-hydromorphone-for-sale","18":"desktop-align-center","19":"tablet-align-left","20":"mobile-align-left","22":"first","23":"instock","24":"shipping-taxable","25":"purchasable","26":"product-type-variable","27":"has-default-attributes"},"yoast_head":"<!-- This site is optimized with the Yoast SEO plugin v25.9 - https:\/\/yoast.com\/wordpress\/plugins\/seo\/ -->\n<title>Buy Hydromorphone Online | order hydromorphone online<\/title>\n<meta name=\"description\" content=\"Buy Hydromorphone Online \u2013 Buy Hydromorphone Online. The most famous brand name for hydromorphone, this medication can either be in tablet or liquid.\" \/>\n<meta name=\"robots\" content=\"index, follow, max-snippet:-1, max-image-preview:large, max-video-preview:-1\" \/>\n<link rel=\"canonical\" href=\"https:\/\/buy-prescriptionz.com\/nb\/produkt\/kjop-hydromorfon-pa-nett\/\" \/>\n<meta property=\"og:locale\" content=\"nb_NO\" \/>\n<meta property=\"og:type\" content=\"article\" \/>\n<meta property=\"og:title\" content=\"Buy Hydromorphone Online | order hydromorphone online\" \/>\n<meta property=\"og:description\" content=\"Buy Hydromorphone Online \u2013 Buy Hydromorphone Online. The most famous brand name for hydromorphone, this medication can either be in tablet or liquid.\" \/>\n<meta property=\"og:url\" content=\"https:\/\/buy-prescriptionz.com\/nb\/produkt\/kjop-hydromorfon-pa-nett\/\" \/>\n<meta property=\"og:site_name\" content=\"Buy Prescriptionz\" \/>\n<meta property=\"article:modified_time\" content=\"2025-09-22T05:15:15+00:00\" \/>\n<meta property=\"og:image\" content=\"https:\/\/buy-prescriptionz.com\/wp-content\/uploads\/2025\/09\/Hydromorphone.png\" \/>\n\t<meta property=\"og:image:width\" content=\"960\" \/>\n\t<meta property=\"og:image:height\" content=\"1200\" \/>\n\t<meta property=\"og:image:type\" content=\"image\/png\" \/>\n<meta name=\"twitter:card\" content=\"summary_large_image\" \/>\n<meta name=\"twitter:label1\" content=\"Ansl. lesetid\" \/>\n\t<meta name=\"twitter:data1\" content=\"4 minutter\" \/>\n<script type=\"application\/ld+json\" class=\"yoast-schema-graph\">{\"@context\":\"https:\/\/schema.org\",\"@graph\":[{\"@type\":\"WebPage\",\"@id\":\"https:\/\/buy-prescriptionz.com\/product\/buy-hydromorphone-online\/\",\"url\":\"https:\/\/buy-prescriptionz.com\/product\/buy-hydromorphone-online\/\",\"name\":\"Buy Hydromorphone Online | order hydromorphone online\",\"isPartOf\":{\"@id\":\"https:\/\/buy-prescriptionz.com\/#website\"},\"primaryImageOfPage\":{\"@id\":\"https:\/\/buy-prescriptionz.com\/product\/buy-hydromorphone-online\/#primaryimage\"},\"image\":{\"@id\":\"https:\/\/buy-prescriptionz.com\/product\/buy-hydromorphone-online\/#primaryimage\"},\"thumbnailUrl\":\"https:\/\/buy-prescriptionz.com\/wp-content\/uploads\/2025\/09\/Hydromorphone.png\",\"datePublished\":\"2025-09-16T08:55:28+00:00\",\"dateModified\":\"2025-09-22T05:15:15+00:00\",\"description\":\"Buy Hydromorphone Online \u2013 Buy Hydromorphone Online. The most famous brand name for hydromorphone, this medication can either be in tablet or liquid.\",\"breadcrumb\":{\"@id\":\"https:\/\/buy-prescriptionz.com\/product\/buy-hydromorphone-online\/#breadcrumb\"},\"inLanguage\":\"nb-NO\",\"potentialAction\":[{\"@type\":\"ReadAction\",\"target\":[\"https:\/\/buy-prescriptionz.com\/product\/buy-hydromorphone-online\/\"]}]},{\"@type\":\"ImageObject\",\"inLanguage\":\"nb-NO\",\"@id\":\"https:\/\/buy-prescriptionz.com\/product\/buy-hydromorphone-online\/#primaryimage\",\"url\":\"https:\/\/buy-prescriptionz.com\/wp-content\/uploads\/2025\/09\/Hydromorphone.png\",\"contentUrl\":\"https:\/\/buy-prescriptionz.com\/wp-content\/uploads\/2025\/09\/Hydromorphone.png\",\"width\":960,\"height\":1200},{\"@type\":\"BreadcrumbList\",\"@id\":\"https:\/\/buy-prescriptionz.com\/product\/buy-hydromorphone-online\/#breadcrumb\",\"itemListElement\":[{\"@type\":\"ListItem\",\"position\":1,\"name\":\"Home\",\"item\":\"https:\/\/buy-prescriptionz.com\/\"},{\"@type\":\"ListItem\",\"position\":2,\"name\":\"Shop Painkillers Online\",\"item\":\"https:\/\/buy-prescriptionz.com\/shop-painkillers-online\/\"},{\"@type\":\"ListItem\",\"position\":3,\"name\":\"Buy Hydromorphone Online\"}]},{\"@type\":\"WebSite\",\"@id\":\"https:\/\/buy-prescriptionz.com\/#website\",\"url\":\"https:\/\/buy-prescriptionz.com\/\",\"name\":\"Buy Prescriptionz\",\"description\":\"Drugs Online\",\"publisher\":{\"@id\":\"https:\/\/buy-prescriptionz.com\/#organization\"},\"potentialAction\":[{\"@type\":\"SearchAction\",\"target\":{\"@type\":\"EntryPoint\",\"urlTemplate\":\"https:\/\/buy-prescriptionz.com\/?s={search_term_string}\"},\"query-input\":{\"@type\":\"PropertyValueSpecification\",\"valueRequired\":true,\"valueName\":\"search_term_string\"}}],\"inLanguage\":\"nb-NO\"},{\"@type\":\"Organization\",\"@id\":\"https:\/\/buy-prescriptionz.com\/#organization\",\"name\":\"Buy Prescriptionz\",\"url\":\"https:\/\/buy-prescriptionz.com\/\",\"logo\":{\"@type\":\"ImageObject\",\"inLanguage\":\"nb-NO\",\"@id\":\"https:\/\/buy-prescriptionz.com\/#\/schema\/logo\/image\/\",\"url\":\"https:\/\/buy-prescriptionz.com\/wp-content\/uploads\/2023\/09\/logo.png\",\"contentUrl\":\"https:\/\/buy-prescriptionz.com\/wp-content\/uploads\/2023\/09\/logo.png\",\"width\":350,\"height\":64,\"caption\":\"Buy Prescriptionz\"},\"image\":{\"@id\":\"https:\/\/buy-prescriptionz.com\/#\/schema\/logo\/image\/\"}}]}<\/script>\n<!-- \/ Yoast SEO plugin. -->","yoast_head_json":{"title":"Kj\u00f8p hydromorfon p\u00e5 nett | bestill hydromorfon p\u00e5 nett","description":"Kj\u00f8p hydromorfon p\u00e5 nett \u2013 Kj\u00f8p hydromorfon p\u00e5 nett. Det mest kjente merkenavnet for hydromorfon, denne medisinen kan enten v\u00e6re i tablettform eller flytende form.","robots":{"index":"index","follow":"follow","max-snippet":"max-snippet:-1","max-image-preview":"max-image-preview:large","max-video-preview":"max-video-preview:-1"},"canonical":"https:\/\/buy-prescriptionz.com\/nb\/produkt\/kjop-hydromorfon-pa-nett\/","og_locale":"nb_NO","og_type":"article","og_title":"Buy Hydromorphone Online | order hydromorphone online","og_description":"Buy Hydromorphone Online \u2013 Buy Hydromorphone Online. The most famous brand name for hydromorphone, this medication can either be in tablet or liquid.","og_url":"https:\/\/buy-prescriptionz.com\/nb\/produkt\/kjop-hydromorfon-pa-nett\/","og_site_name":"Buy Prescriptionz","article_modified_time":"2025-09-22T05:15:15+00:00","og_image":[{"width":960,"height":1200,"url":"https:\/\/buy-prescriptionz.com\/wp-content\/uploads\/2025\/09\/Hydromorphone.png","type":"image\/png"}],"twitter_card":"summary_large_image","twitter_misc":{"Ansl. lesetid":"4 minutter"},"schema":{"@context":"https:\/\/schema.org","@graph":[{"@type":"WebPage","@id":"https:\/\/buy-prescriptionz.com\/product\/buy-hydromorphone-online\/","url":"https:\/\/buy-prescriptionz.com\/product\/buy-hydromorphone-online\/","name":"Kj\u00f8p hydromorfon p\u00e5 nett | bestill hydromorfon p\u00e5 nett","isPartOf":{"@id":"https:\/\/buy-prescriptionz.com\/#website"},"primaryImageOfPage":{"@id":"https:\/\/buy-prescriptionz.com\/product\/buy-hydromorphone-online\/#primaryimage"},"image":{"@id":"https:\/\/buy-prescriptionz.com\/product\/buy-hydromorphone-online\/#primaryimage"},"thumbnailUrl":"https:\/\/buy-prescriptionz.com\/wp-content\/uploads\/2025\/09\/Hydromorphone.png","datePublished":"2025-09-16T08:55:28+00:00","dateModified":"2025-09-22T05:15:15+00:00","description":"Kj\u00f8p hydromorfon p\u00e5 nett \u2013 Kj\u00f8p hydromorfon p\u00e5 nett. Det mest kjente merkenavnet for hydromorfon, denne medisinen kan enten v\u00e6re i tablettform eller flytende form.","breadcrumb":{"@id":"https:\/\/buy-prescriptionz.com\/product\/buy-hydromorphone-online\/#breadcrumb"},"inLanguage":"nb-NO","potentialAction":[{"@type":"ReadAction","target":["https:\/\/buy-prescriptionz.com\/product\/buy-hydromorphone-online\/"]}]},{"@type":"ImageObject","inLanguage":"nb-NO","@id":"https:\/\/buy-prescriptionz.com\/product\/buy-hydromorphone-online\/#primaryimage","url":"https:\/\/buy-prescriptionz.com\/wp-content\/uploads\/2025\/09\/Hydromorphone.png","contentUrl":"https:\/\/buy-prescriptionz.com\/wp-content\/uploads\/2025\/09\/Hydromorphone.png","width":960,"height":1200},{"@type":"BreadcrumbList","@id":"https:\/\/buy-prescriptionz.com\/product\/buy-hydromorphone-online\/#breadcrumb","itemListElement":[{"@type":"ListItem","position":1,"name":"Home","item":"https:\/\/buy-prescriptionz.com\/"},{"@type":"ListItem","position":2,"name":"Shop Painkillers Online","item":"https:\/\/buy-prescriptionz.com\/shop-painkillers-online\/"},{"@type":"ListItem","position":3,"name":"Buy Hydromorphone Online"}]},{"@type":"WebSite","@id":"https:\/\/buy-prescriptionz.com\/#website","url":"https:\/\/buy-prescriptionz.com\/","name":"Buy Prescriptionz","description":"Drugs Online","publisher":{"@id":"https:\/\/buy-prescriptionz.com\/#organization"},"potentialAction":[{"@type":"SearchAction","target":{"@type":"EntryPoint","urlTemplate":"https:\/\/buy-prescriptionz.com\/?s={search_term_string}"},"query-input":{"@type":"PropertyValueSpecification","valueRequired":true,"valueName":"search_term_string"}}],"inLanguage":"nb-NO"},{"@type":"Organization","@id":"https:\/\/buy-prescriptionz.com\/#organization","name":"Buy Prescriptionz","url":"https:\/\/buy-prescriptionz.com\/","logo":{"@type":"ImageObject","inLanguage":"nb-NO","@id":"https:\/\/buy-prescriptionz.com\/#\/schema\/logo\/image\/","url":"https:\/\/buy-prescriptionz.com\/wp-content\/uploads\/2023\/09\/logo.png","contentUrl":"https:\/\/buy-prescriptionz.com\/wp-content\/uploads\/2023\/09\/logo.png","width":350,"height":64,"caption":"Buy Prescriptionz"},"image":{"@id":"https:\/\/buy-prescriptionz.com\/#\/schema\/logo\/image\/"}}]}},"_links":{"self":[{"href":"https:\/\/buy-prescriptionz.com\/nb\/wp-json\/wp\/v2\/product\/2933","targetHints":{"allow":["GET"]}}],"collection":[{"href":"https:\/\/buy-prescriptionz.com\/nb\/wp-json\/wp\/v2\/product"}],"about":[{"href":"https:\/\/buy-prescriptionz.com\/nb\/wp-json\/wp\/v2\/types\/product"}],"replies":[{"embeddable":true,"href":"https:\/\/buy-prescriptionz.com\/nb\/wp-json\/wp\/v2\/comments?post=2933"}],"wp:featuredmedia":[{"embeddable":true,"href":"https:\/\/buy-prescriptionz.com\/nb\/wp-json\/wp\/v2\/media\/2963"}],"wp:attachment":[{"href":"https:\/\/buy-prescriptionz.com\/nb\/wp-json\/wp\/v2\/media?parent=2933"}],"wp:term":[{"taxonomy":"product_brand","embeddable":true,"href":"https:\/\/buy-prescriptionz.com\/nb\/wp-json\/wp\/v2\/product_brand?post=2933"},{"taxonomy":"product_cat","embeddable":true,"href":"https:\/\/buy-prescriptionz.com\/nb\/wp-json\/wp\/v2\/product_cat?post=2933"},{"taxonomy":"product_tag","embeddable":true,"href":"https:\/\/buy-prescriptionz.com\/nb\/wp-json\/wp\/v2\/product_tag?post=2933"}],"curies":[{"name":"wp","href":"https:\/\/api.w.org\/{rel}","templated":true}]}}