{"id":2939,"date":"2025-09-16T08:55:29","date_gmt":"2025-09-16T08:55:29","guid":{"rendered":"https:\/\/chemsfine.com\/newsite\/?post_type=product&#038;p=2939"},"modified":"2025-09-27T11:52:07","modified_gmt":"2025-09-27T11:52:07","slug":"kjop-salvia-pa-nett","status":"publish","type":"product","link":"https:\/\/buy-prescriptionz.com\/nb\/produkt\/kjop-salvia-pa-nett\/","title":{"rendered":"Kj\u00f8p Salvia p\u00e5 nett"},"content":{"rendered":"<h2>Kj\u00f8p Salvia p\u00e5 nett<\/h2>\n<p>Kj\u00f8p Salvia p\u00e5 nett, hva er egentlig Salvia Divinorum, hva gj\u00f8r brukeropplevelsen s\u00e5 god, og hvor kan du kj\u00f8pe Salvia Divinorum som b\u00e5de er av god kvalitet og n\u00f8yaktig dosert?<\/p>\n<h3>What Is Salvia Divinorum?<\/h3>\n<p>Slekten Salvia er en salvie som finnes i omtrent 1000 forskjellige arter fra hele verden, inkludert den mest kjente varianten, mynte. Men det er bare Salvia Divinorum-varianten som har psykedeliske egenskaper. Du f\u00e5r ikke mynte som tygger kraftig, bare god \u00e5nde! Produsert p\u00e5 riktig m\u00e5te og tatt p\u00e5 bestemte m\u00e5ter, kan Salvia Divinorum produsere intense psykoaktive reaksjoner. Det er denne rusen, og den medf\u00f8lgende \u00e5penbaringsreisen folk ofte g\u00e5r p\u00e5, som gj\u00f8r den popul\u00e6r for mange emosjonelle form\u00e5l. Kj\u00f8p Salvia p\u00e5 nett Den aktive ingrediensen som skaper den psykedeliske kanten er salvinorin A. Selv f\u00f8r den fikk et vitenskapelig navn, ble den brukt av indianerne i Mexico i religi\u00f8se og helbredende seremonier. Salvinorin A er et utrolig potent psykedelisk stoff, og b\u00f8r aldri tas alene. Det er derfor det finnes forskjellige styrker av Salvia Divinorum-konsentrasjon tilgjengelig, utvunnet fra bladene, ikke bare det psykoaktive elementet, som vi skal snakke om senere. Salvia, kjent vitenskapelig som Salvia divinorum, er en psykoaktiv plante som er hjemmeh\u00f8rende i Mexico. Den er kjent for sine sterke hallusinogene egenskaper og har tradisjonelt blitt brukt i spirituelle seremonier av innf\u00f8dte mazatek-sjamaner. Her er en kort oversikt over fordelene, bruken og doseringen:<\/p>\n<h3>Fordeler med salvie:<\/h3>\n<p>Den beste salvie verdsettes f\u00f8rst og fremst for sine hallusinogene effekter, som inkluderer levende visjoner og endrede oppfatninger av virkeligheten. Den er ofte ettertraktet for sitt potensial til \u00e5 fremkalle introspeksjon og \u00e5ndelige opplevelser. Noen brukere rapporterer om \u00f8kt kreativitet og innsikt, noe som gj\u00f8r den til et verkt\u00f8y for personlig vekst og utforskning.<\/p>\n<h3>Bruk<\/h3>\n<p>Salvia konsumeres vanligvis ved \u00e5 tygge friske blader, drikke ekstrahert juice, eller mer vanlig, ved \u00e5 r\u00f8yke t\u00f8rkede blader eller ekstrakter. R\u00f8ykemetoden gir rask effekt, vanligvis innen sekunder til minutter, noe som gj\u00f8r den popul\u00e6r blant rekreasjonsbrukere som s\u00f8ker intense opplevelser.<\/p>\n<h3>Dosering:<\/h3>\n<p>Doseringen kan variere betydelig basert p\u00e5 produktets styrke og individuell f\u00f8lsomhet. For t\u00f8rkede blader er en typisk startdose rundt 200\u2013500 mikrogram salvinorin A, den aktive forbindelsen. Ekstrakter kan v\u00e6re mye mer potente og krever doser s\u00e5 lave som 100 mikrogram for nybegynnere. Salvia divinorum tilbyr en unik opplevelse for de som er interessert i \u00e5 utforske endrede bevissthetstilstander og \u00e5ndelige verdener. Effektene kan v\u00e6re dyptg\u00e5ende, men b\u00f8r behandles med forsiktighet p\u00e5 grunn av intensiteten. For de som \u00f8nsker \u00e5 oppleve Salvia, bes\u00f8k det beste apoteket.\u00a0 <a href=\"http:\/\/buy-prescriptionz.com\/nb\/\">buy-prescriptionz.com<\/a> for en rekke produkter, inkludert Salvia-ekstrakter og t\u00f8rkede blader, slik at du finner det rette alternativet for din utforskningsreise. Denne planten fortsetter \u00e5 fascinere b\u00e5de forskere og brukere, og gir et glimt inn i den komplekse naturen til menneskelig bevissthet og de potensielle fordelene med gammel botanisk visdom.<\/p>\n<h3>What Are The Effects Of Using Salvia DivinorumBuy Salvia Online?Salvia is available for sale online at various extract strengths including:<\/h3>\n<p>Salvia 10X, Salvia 20x, Salvia 40X, Salvia 60X og Salvia divinorum tinktur. Vi selger salviaekstrakt i f\u00f8lgende styrker: 10x salvia, 20x salvia, 40x salvia og 60x salvia. Salvia Divinorum endrer bevisstheten. Ved lave doser gir det sm\u00e5 endringer, mens det ved h\u00f8yere doser kan fremkalle visjoner og en dramatisk endret sinnstilstand. I noen tilfeller kan dette v\u00e6re euforisk, men i andre tilfeller kan det fremkalle marerittvisjoner. Derfor anbefales det at du alltid har en venn eller en som passer p\u00e5 deg hvis du eksperimenterer med h\u00f8ye doser. Det er viktig \u00e5 forst\u00e5 fra starten av at salviaekstrakt ikke er et partydrug. Det er ikke noe du tar for moro skyld, for \u00e5 bli h\u00f8y og bli gal. Det er mer nyttig for meditasjon, for \u00e5 etablere fred og opprettholde rolige forhold. Brukt alene, eller med venner med lignende tankesett, gj\u00f8res det best stille, eller med beroligende musikk, og i et m\u00f8rkt rom.<\/p>\n<p>Selv om brukeropplevelsen varierer mellom individer og dose, er det <a href=\"https:\/\/de.wikipedia.org\/w\/index.php?search=Buy+Salvia+Online&amp;title=Spezial%3ASuche&amp;go=Artikel&amp;ns0=1\">important<\/a> \u00e5 huske litt viktig informasjon om Salvia Divinorum som gj\u00f8r det attraktivt \u00e5 eksperimentere med:<\/p>\n<ul>\n<li>Det er ingen registrerte d\u00f8delige overdoser ved bruk av Salvia Divinorum<\/li>\n<li>Dens vanedannende potensial er registrert som ekstremt usannsynlig.<\/li>\n<li>Det er lovlig i mange land<\/li>\n<\/ul>\n<p>Kj\u00f8p Salvia divinorum (ogs\u00e5 kjent som Diviner\u2019s Sage, Ska Mar\u00eda Pastora eller Seer\u2019s Sage) er en unik plante brukt av aztekiske sjamaner som rapporterte \u00e5 f\u00f8le effekter som en fullverdig dr\u00f8mmelignende tilstand som f\u00e5r deg til \u00e5 f\u00f8le at du er i en annen tid eller et annet sted, f\u00f8lelsen av at kroppen din smelter sammen med omgivelsene dine og opplever en dyp \u00e5ndelig og psykologisk foryngelse. Alt som trengs er en liten bolle for at virkelighetssansen din skal bli fullstendig snudd p\u00e5 hodet. Salvia er tilgjengelig for salg p\u00e5 nett i forskjellige ekstraktstyrker, inkludert Salvia 10X, Salvia 20x, Salvia 40X, Salvia 60X og Salvia divinorum tinktur. Salvia divinorum regnes som det kraftigste naturlig forekommende psykoaktive stoffet i verden.<\/p>\n<p>V\u00e5re salvietyper til salgs er en helt unik opplevelse, og vi garanterer at ingen Salvia-opplevelser noen gang vil v\u00e6re like, og hver gang vil du oppleve noe helt annerledes! P\u00e5 \u00e9n tur kan du tro at du er i et romskip som reiser gjennom universet, mens du p\u00e5 en annen tur kan v\u00e6re p\u00e5 et piratskip som seiler over havet! Med Salvia slippes ditt kreative sinn l\u00f8s, og de mulige opplevelsene er uendelige. Kj\u00f8p salvia p\u00e5 nett i dag, mens det fortsatt er lovlig! Hvis du kj\u00f8per salvia, kan du v\u00e6re trygg p\u00e5 at det er helt lovlig i de fleste amerikanske stater. Vi oppfordrer kunder p\u00e5 det sterkeste til \u00e5 sjekke sine respektive lokale statlige lover f\u00f8r de kj\u00f8per salvia. God tur!<\/p>\n<div id=\"outbrain_widget_0\" class=\"OUTBRAIN\" data-src=\"http:\/\/www.marketwatch.com\/story\/sell-the-almighty-dollar-even-if-retail-sales-shine-2016-05-13\" data-dynload=\"\" data-os=\"macintel\" data-browser=\"chrome\" data-ob-mark=\"true\" data-ob-template=\"marketwatch\" data-widget-id=\"AR_1\">\n<div class=\"ob_box_cont AR_1\"><span style=\"font-size: 16px;\">V\u00e5r 100 % \u00f8kologiske salvie til salgs er n\u00f8ye tilberedt med en blanding av ferske, t\u00f8rkede, knuste blader som er ekstrahert ved hjelp av v\u00e5r egenutviklede ekstraksjonsprosess. Vi selger salvieekstrakt i f\u00f8lgende styrker: 10x salvia, 20x salvia, 40x salvia og 60x salvia. Hvis du er f\u00f8rstegangsbruker, b\u00f8r du pr\u00f8ve \u00e5 bruke Salvia 10X eller Salvia 20X, og deretter gradvis \u00f8ke til sterkere konsentrasjoner som Salvia 40x eller Salvia 60X, slik at du kan bestemme riktig styrke for dine behov og toleranseniv\u00e5. Explorer Pack er en flott startpakke for b\u00e5de nybegynnere og veteraner, den inneholder Salvia 10X og Salvia 20X.<\/span><\/div>\n<\/div>\n<h2>POTENT SALVIA DIVINORUM EXTRACTS<\/h2>\n<p>Salvia Extract tilbyr standardiserte salviaekstrakter. Et standardisert ekstrakt inneholder rent krystallinsk salvinorin A, en sv\u00e6rt sjelden forbindelse som f\u00e5 mennesker noen gang har sett og enda f\u00e6rre mennesker noen gang har produsert. Det krever en god del kjemikunnskap og ferdigheter for \u00e5 produsere rent salvinorin A, s\u00e5 et standardisert ekstrakt kan koste litt mer, men det er vel verdt det.<\/p>\n<h2>How To Use Salvia Divinorum<\/h2>\n<p>Salvia Divinorum kan konsumeres gjennom r\u00f8yking, tygging eller som en renset tinktur. \u00c5 r\u00f8yke ekstraktet varmt gjennom en pipe eller bong er en av de vanligste metodene. Avhengig av metoden starter effektene ganske raskt, med r\u00f8yking p\u00e5 under ett minutt. De mest forh\u00f8yede effektene oppn\u00e5s i l\u00f8pet av 15 minutter og begynner \u00e5 avta etter en halvtime.<\/p>\n<p><strong>De viktigste effektene du vil oppleve er:<\/strong><\/p>\n<ul>\n<li>En prikkende f\u00f8lelse<\/li>\n<li>En h\u00f8yere selvf\u00f8lelse<\/li>\n<li>En bedre bevissthet om kroppen din<\/li>\n<li>En sterk sinnsn\u00e6rv\u00e6r<\/li>\n<\/ul>\n<p><strong>At higher doses these effects will be enhanced, and also include the rapid onset of:<\/strong><\/p>\n<ul>\n<li>A loss of self-awareness<\/li>\n<li>Physical impairment<\/li>\n<li>dramatically changing visuals<\/li>\n<li>Tunnel vision<\/li>\n<li>Seeing objects and entities moving<\/li>\n<li>A completely altered sense of consciousness<\/li>\n<\/ul>","protected":false},"excerpt":{"rendered":"<p>Salvia divinorum is a plant species with transient psychoactive properties when its leaves are consumed by chewing, smoking or as a tea. The leaves contain opioid-like compounds that induce hallucinations.<br \/>\nStreet names: Salvia, Shepherdess\u2019s Herb, Maria Pastora, magic mint, Sally-D<\/p>","protected":false},"featured_media":2969,"comment_status":"open","ping_status":"closed","template":"","meta":{"site-sidebar-layout":"default","site-content-layout":"","ast-site-content-layout":"default","site-content-style":"default","site-sidebar-style":"default","ast-global-header-display":"","ast-banner-title-visibility":"","ast-main-header-display":"","ast-hfb-above-header-display":"","ast-hfb-below-header-display":"","ast-hfb-mobile-header-display":"","site-post-title":"","ast-breadcrumbs-content":"","ast-featured-img":"","footer-sml-layout":"","theme-transparent-header-meta":"default","adv-header-id-meta":"","stick-header-meta":"","header-above-stick-meta":"","header-main-stick-meta":"","header-below-stick-meta":"","astra-migrate-meta-layouts":"set","ast-page-background-enabled":"default","ast-page-background-meta":{"desktop":{"background-color":"var(--ast-global-color-4)","background-image":"","background-repeat":"repeat","background-position":"center center","background-size":"auto","background-attachment":"scroll","background-type":"","background-media":"","overlay-type":"","overlay-color":"","overlay-opacity":"","overlay-gradient":""},"tablet":{"background-color":"","background-image":"","background-repeat":"repeat","background-position":"center center","background-size":"auto","background-attachment":"scroll","background-type":"","background-media":"","overlay-type":"","overlay-color":"","overlay-opacity":"","overlay-gradient":""},"mobile":{"background-color":"","background-image":"","background-repeat":"repeat","background-position":"center center","background-size":"auto","background-attachment":"scroll","background-type":"","background-media":"","overlay-type":"","overlay-color":"","overlay-opacity":"","overlay-gradient":""}},"ast-content-background-meta":{"desktop":{"background-color":"var(--ast-global-color-5)","background-image":"","background-repeat":"repeat","background-position":"center center","background-size":"auto","background-attachment":"scroll","background-type":"","background-media":"","overlay-type":"","overlay-color":"","overlay-opacity":"","overlay-gradient":""},"tablet":{"background-color":"var(--ast-global-color-5)","background-image":"","background-repeat":"repeat","background-position":"center center","background-size":"auto","background-attachment":"scroll","background-type":"","background-media":"","overlay-type":"","overlay-color":"","overlay-opacity":"","overlay-gradient":""},"mobile":{"background-color":"var(--ast-global-color-5)","background-image":"","background-repeat":"repeat","background-position":"center center","background-size":"auto","background-attachment":"scroll","background-type":"","background-media":"","overlay-type":"","overlay-color":"","overlay-opacity":"","overlay-gradient":""}}},"product_brand":[],"product_cat":[15],"product_tag":[1958,1959,1957,1952,1955,1954,1953,1956,1951,1960,1950],"class_list":{"0":"post-2939","1":"product","2":"type-product","3":"status-publish","4":"has-post-thumbnail","6":"product_cat-buy-prescription-drugs","7":"product_tag-buy-salvia-in-canada","8":"product_tag-buy-salvia-in-uk","9":"product_tag-buy-salvia-in-usa","10":"product_tag-buy-salvia-with-bitcoin","11":"product_tag-buy-salvia-with-credit-card","12":"product_tag-buy-salvia-with-money-gram","13":"product_tag-buy-salvia-with-western-union","14":"product_tag-buy-salvia-without-a-doctor","15":"product_tag-buy-salvia-without-prescription","16":"product_tag-salvia","17":"product_tag-salvia-for-sale","18":"desktop-align-center","19":"tablet-align-left","20":"mobile-align-left","22":"first","23":"instock","24":"shipping-taxable","25":"purchasable","26":"product-type-variable","27":"has-default-attributes"},"yoast_head":"<!-- This site is optimized with the Yoast SEO plugin v25.9 - https:\/\/yoast.com\/wordpress\/plugins\/seo\/ -->\n<title>Buy Salvia Online Without Prescription,Salvia is available for sale online<\/title>\n<meta name=\"description\" content=\"Buy exclusive Salvia Divinorum strain from us. It has special psychedelic properties. Where To Buy Salvia Divinorum,Salvia is available for sale online\" \/>\n<meta name=\"robots\" content=\"index, follow, max-snippet:-1, max-image-preview:large, max-video-preview:-1\" \/>\n<link rel=\"canonical\" href=\"https:\/\/buy-prescriptionz.com\/nb\/produkt\/kjop-salvia-pa-nett\/\" \/>\n<meta property=\"og:locale\" content=\"nb_NO\" \/>\n<meta property=\"og:type\" content=\"article\" \/>\n<meta property=\"og:title\" content=\"Buy Salvia Online Without Prescription,Salvia is available for sale online\" \/>\n<meta property=\"og:description\" content=\"Buy exclusive Salvia Divinorum strain from us. It has special psychedelic properties. Where To Buy Salvia Divinorum,Salvia is available for sale online\" \/>\n<meta property=\"og:url\" content=\"https:\/\/buy-prescriptionz.com\/nb\/produkt\/kjop-salvia-pa-nett\/\" \/>\n<meta property=\"og:site_name\" content=\"Buy Prescriptionz\" \/>\n<meta property=\"article:modified_time\" content=\"2025-09-27T11:52:07+00:00\" \/>\n<meta property=\"og:image\" content=\"https:\/\/buy-prescriptionz.com\/wp-content\/uploads\/2025\/09\/Salvia.jpg\" \/>\n\t<meta property=\"og:image:width\" content=\"1000\" \/>\n\t<meta property=\"og:image:height\" content=\"700\" \/>\n\t<meta property=\"og:image:type\" content=\"image\/jpeg\" \/>\n<meta name=\"twitter:card\" content=\"summary_large_image\" \/>\n<meta name=\"twitter:label1\" content=\"Ansl. lesetid\" \/>\n\t<meta name=\"twitter:data1\" content=\"6 minutter\" \/>\n<script type=\"application\/ld+json\" class=\"yoast-schema-graph\">{\"@context\":\"https:\/\/schema.org\",\"@graph\":[{\"@type\":\"WebPage\",\"@id\":\"https:\/\/buy-prescriptionz.com\/product\/buy-salvia-online\/\",\"url\":\"https:\/\/buy-prescriptionz.com\/product\/buy-salvia-online\/\",\"name\":\"Buy Salvia Online Without Prescription,Salvia is available for sale online\",\"isPartOf\":{\"@id\":\"https:\/\/buy-prescriptionz.com\/#website\"},\"primaryImageOfPage\":{\"@id\":\"https:\/\/buy-prescriptionz.com\/product\/buy-salvia-online\/#primaryimage\"},\"image\":{\"@id\":\"https:\/\/buy-prescriptionz.com\/product\/buy-salvia-online\/#primaryimage\"},\"thumbnailUrl\":\"https:\/\/buy-prescriptionz.com\/wp-content\/uploads\/2025\/09\/Salvia.jpg\",\"datePublished\":\"2025-09-16T08:55:29+00:00\",\"dateModified\":\"2025-09-27T11:52:07+00:00\",\"description\":\"Buy exclusive Salvia Divinorum strain from us. It has special psychedelic properties. Where To Buy Salvia Divinorum,Salvia is available for sale online\",\"breadcrumb\":{\"@id\":\"https:\/\/buy-prescriptionz.com\/product\/buy-salvia-online\/#breadcrumb\"},\"inLanguage\":\"nb-NO\",\"potentialAction\":[{\"@type\":\"ReadAction\",\"target\":[\"https:\/\/buy-prescriptionz.com\/product\/buy-salvia-online\/\"]}]},{\"@type\":\"ImageObject\",\"inLanguage\":\"nb-NO\",\"@id\":\"https:\/\/buy-prescriptionz.com\/product\/buy-salvia-online\/#primaryimage\",\"url\":\"https:\/\/buy-prescriptionz.com\/wp-content\/uploads\/2025\/09\/Salvia.jpg\",\"contentUrl\":\"https:\/\/buy-prescriptionz.com\/wp-content\/uploads\/2025\/09\/Salvia.jpg\",\"width\":1000,\"height\":700},{\"@type\":\"BreadcrumbList\",\"@id\":\"https:\/\/buy-prescriptionz.com\/product\/buy-salvia-online\/#breadcrumb\",\"itemListElement\":[{\"@type\":\"ListItem\",\"position\":1,\"name\":\"Home\",\"item\":\"https:\/\/buy-prescriptionz.com\/\"},{\"@type\":\"ListItem\",\"position\":2,\"name\":\"Shop Painkillers Online\",\"item\":\"https:\/\/buy-prescriptionz.com\/shop-painkillers-online\/\"},{\"@type\":\"ListItem\",\"position\":3,\"name\":\"Buy Salvia Online\"}]},{\"@type\":\"WebSite\",\"@id\":\"https:\/\/buy-prescriptionz.com\/#website\",\"url\":\"https:\/\/buy-prescriptionz.com\/\",\"name\":\"Buy Prescriptionz\",\"description\":\"Drugs Online\",\"publisher\":{\"@id\":\"https:\/\/buy-prescriptionz.com\/#organization\"},\"potentialAction\":[{\"@type\":\"SearchAction\",\"target\":{\"@type\":\"EntryPoint\",\"urlTemplate\":\"https:\/\/buy-prescriptionz.com\/?s={search_term_string}\"},\"query-input\":{\"@type\":\"PropertyValueSpecification\",\"valueRequired\":true,\"valueName\":\"search_term_string\"}}],\"inLanguage\":\"nb-NO\"},{\"@type\":\"Organization\",\"@id\":\"https:\/\/buy-prescriptionz.com\/#organization\",\"name\":\"Buy Prescriptionz\",\"url\":\"https:\/\/buy-prescriptionz.com\/\",\"logo\":{\"@type\":\"ImageObject\",\"inLanguage\":\"nb-NO\",\"@id\":\"https:\/\/buy-prescriptionz.com\/#\/schema\/logo\/image\/\",\"url\":\"https:\/\/buy-prescriptionz.com\/wp-content\/uploads\/2023\/09\/logo.png\",\"contentUrl\":\"https:\/\/buy-prescriptionz.com\/wp-content\/uploads\/2023\/09\/logo.png\",\"width\":350,\"height\":64,\"caption\":\"Buy Prescriptionz\"},\"image\":{\"@id\":\"https:\/\/buy-prescriptionz.com\/#\/schema\/logo\/image\/\"}}]}<\/script>\n<!-- \/ Yoast SEO plugin. -->","yoast_head_json":{"title":"Kj\u00f8p Salvia p\u00e5 nett uten resept, Salvia er tilgjengelig for salg p\u00e5 nett","description":"Kj\u00f8p den eksklusive Salvia Divinorum-varianten fra oss. Den har spesielle psykedeliske egenskaper. Hvor kan man kj\u00f8pe Salvia Divinorum? Salvia er tilgjengelig for salg p\u00e5 nett.","robots":{"index":"index","follow":"follow","max-snippet":"max-snippet:-1","max-image-preview":"max-image-preview:large","max-video-preview":"max-video-preview:-1"},"canonical":"https:\/\/buy-prescriptionz.com\/nb\/produkt\/kjop-salvia-pa-nett\/","og_locale":"nb_NO","og_type":"article","og_title":"Buy Salvia Online Without Prescription,Salvia is available for sale online","og_description":"Buy exclusive Salvia Divinorum strain from us. It has special psychedelic properties. Where To Buy Salvia Divinorum,Salvia is available for sale online","og_url":"https:\/\/buy-prescriptionz.com\/nb\/produkt\/kjop-salvia-pa-nett\/","og_site_name":"Buy Prescriptionz","article_modified_time":"2025-09-27T11:52:07+00:00","og_image":[{"width":1000,"height":700,"url":"https:\/\/buy-prescriptionz.com\/wp-content\/uploads\/2025\/09\/Salvia.jpg","type":"image\/jpeg"}],"twitter_card":"summary_large_image","twitter_misc":{"Ansl. lesetid":"6 minutter"},"schema":{"@context":"https:\/\/schema.org","@graph":[{"@type":"WebPage","@id":"https:\/\/buy-prescriptionz.com\/product\/buy-salvia-online\/","url":"https:\/\/buy-prescriptionz.com\/product\/buy-salvia-online\/","name":"Kj\u00f8p Salvia p\u00e5 nett uten resept, Salvia er tilgjengelig for salg p\u00e5 nett","isPartOf":{"@id":"https:\/\/buy-prescriptionz.com\/#website"},"primaryImageOfPage":{"@id":"https:\/\/buy-prescriptionz.com\/product\/buy-salvia-online\/#primaryimage"},"image":{"@id":"https:\/\/buy-prescriptionz.com\/product\/buy-salvia-online\/#primaryimage"},"thumbnailUrl":"https:\/\/buy-prescriptionz.com\/wp-content\/uploads\/2025\/09\/Salvia.jpg","datePublished":"2025-09-16T08:55:29+00:00","dateModified":"2025-09-27T11:52:07+00:00","description":"Kj\u00f8p den eksklusive Salvia Divinorum-varianten fra oss. Den har spesielle psykedeliske egenskaper. Hvor kan man kj\u00f8pe Salvia Divinorum? Salvia er tilgjengelig for salg p\u00e5 nett.","breadcrumb":{"@id":"https:\/\/buy-prescriptionz.com\/product\/buy-salvia-online\/#breadcrumb"},"inLanguage":"nb-NO","potentialAction":[{"@type":"ReadAction","target":["https:\/\/buy-prescriptionz.com\/product\/buy-salvia-online\/"]}]},{"@type":"ImageObject","inLanguage":"nb-NO","@id":"https:\/\/buy-prescriptionz.com\/product\/buy-salvia-online\/#primaryimage","url":"https:\/\/buy-prescriptionz.com\/wp-content\/uploads\/2025\/09\/Salvia.jpg","contentUrl":"https:\/\/buy-prescriptionz.com\/wp-content\/uploads\/2025\/09\/Salvia.jpg","width":1000,"height":700},{"@type":"BreadcrumbList","@id":"https:\/\/buy-prescriptionz.com\/product\/buy-salvia-online\/#breadcrumb","itemListElement":[{"@type":"ListItem","position":1,"name":"Home","item":"https:\/\/buy-prescriptionz.com\/"},{"@type":"ListItem","position":2,"name":"Shop Painkillers Online","item":"https:\/\/buy-prescriptionz.com\/shop-painkillers-online\/"},{"@type":"ListItem","position":3,"name":"Buy Salvia Online"}]},{"@type":"WebSite","@id":"https:\/\/buy-prescriptionz.com\/#website","url":"https:\/\/buy-prescriptionz.com\/","name":"Buy Prescriptionz","description":"Drugs Online","publisher":{"@id":"https:\/\/buy-prescriptionz.com\/#organization"},"potentialAction":[{"@type":"SearchAction","target":{"@type":"EntryPoint","urlTemplate":"https:\/\/buy-prescriptionz.com\/?s={search_term_string}"},"query-input":{"@type":"PropertyValueSpecification","valueRequired":true,"valueName":"search_term_string"}}],"inLanguage":"nb-NO"},{"@type":"Organization","@id":"https:\/\/buy-prescriptionz.com\/#organization","name":"Buy Prescriptionz","url":"https:\/\/buy-prescriptionz.com\/","logo":{"@type":"ImageObject","inLanguage":"nb-NO","@id":"https:\/\/buy-prescriptionz.com\/#\/schema\/logo\/image\/","url":"https:\/\/buy-prescriptionz.com\/wp-content\/uploads\/2023\/09\/logo.png","contentUrl":"https:\/\/buy-prescriptionz.com\/wp-content\/uploads\/2023\/09\/logo.png","width":350,"height":64,"caption":"Buy Prescriptionz"},"image":{"@id":"https:\/\/buy-prescriptionz.com\/#\/schema\/logo\/image\/"}}]}},"_links":{"self":[{"href":"https:\/\/buy-prescriptionz.com\/nb\/wp-json\/wp\/v2\/product\/2939","targetHints":{"allow":["GET"]}}],"collection":[{"href":"https:\/\/buy-prescriptionz.com\/nb\/wp-json\/wp\/v2\/product"}],"about":[{"href":"https:\/\/buy-prescriptionz.com\/nb\/wp-json\/wp\/v2\/types\/product"}],"replies":[{"embeddable":true,"href":"https:\/\/buy-prescriptionz.com\/nb\/wp-json\/wp\/v2\/comments?post=2939"}],"wp:featuredmedia":[{"embeddable":true,"href":"https:\/\/buy-prescriptionz.com\/nb\/wp-json\/wp\/v2\/media\/2969"}],"wp:attachment":[{"href":"https:\/\/buy-prescriptionz.com\/nb\/wp-json\/wp\/v2\/media?parent=2939"}],"wp:term":[{"taxonomy":"product_brand","embeddable":true,"href":"https:\/\/buy-prescriptionz.com\/nb\/wp-json\/wp\/v2\/product_brand?post=2939"},{"taxonomy":"product_cat","embeddable":true,"href":"https:\/\/buy-prescriptionz.com\/nb\/wp-json\/wp\/v2\/product_cat?post=2939"},{"taxonomy":"product_tag","embeddable":true,"href":"https:\/\/buy-prescriptionz.com\/nb\/wp-json\/wp\/v2\/product_tag?post=2939"}],"curies":[{"name":"wp","href":"https:\/\/api.w.org\/{rel}","templated":true}]}}